{"id":2986,"date":"2024-07-19T17:43:48","date_gmt":"2024-07-19T17:43:48","guid":{"rendered":"https:\/\/aiartfree.online\/?page_id=2986"},"modified":"2025-03-07T08:22:52","modified_gmt":"2025-03-07T08:22:52","slug":"video-to-gif","status":"publish","type":"page","link":"https:\/\/aiartfree.online\/sv\/video-till-gif\/","title":{"rendered":"Gratis video till GIF"},"content":{"rendered":"<h2 class=\"wp-block-heading\">Hur man anv\u00e4nder Video till GIF<\/h2>\n\n\n\n<ol class=\"wp-block-list\">\n<li class=\"\">Sl\u00e4pp eller ladda upp din favoritvideo<\/li>\n\n\n\n<li class=\"\">Bl\u00e4ddra ner och klicka p\u00e5 \"Generera animerad GIF\"<\/li>\n\n\n\n<li class=\"\">V\u00e4nta cirka 9-14 sekunder, s\u00e5 \u00e4r det klart!<\/li>\n\n\n\n<li class=\"\">Ladda ner den f\u00f6r att dela den med v\u00e4nner<\/li>\n<\/ol>\n\n\n\n<figure class=\"gb-block-image gb-block-image-4dfafe81\"><a href=\"https:\/\/fas.st\/t\/XmtmoHSk\" target=\"_blank\" rel=\"noopener noreferrer\"><img data-recalc-dims=\"1\" decoding=\"async\" loading=\"lazy\" width=\"1200\" height=\"368\" class=\"gb-image gb-image-4dfafe81\" src=\"https:\/\/i0.wp.com\/aiartfree.online\/wp-content\/uploads\/2025\/03\/WX20250307-114300%402x.webp?resize=1200%2C368&#038;ssl=1\" alt=\"\" title=\"WX20250307-114300@2x\" srcset=\"https:\/\/i0.wp.com\/aiartfree.online\/wp-content\/uploads\/2025\/03\/WX20250307-114300%402x.webp?w=1900&amp;ssl=1 1900w, https:\/\/i0.wp.com\/aiartfree.online\/wp-content\/uploads\/2025\/03\/WX20250307-114300%402x.webp?resize=300%2C92&amp;ssl=1 300w, https:\/\/i0.wp.com\/aiartfree.online\/wp-content\/uploads\/2025\/03\/WX20250307-114300%402x.webp?resize=1024%2C314&amp;ssl=1 1024w, https:\/\/i0.wp.com\/aiartfree.online\/wp-content\/uploads\/2025\/03\/WX20250307-114300%402x.webp?resize=768%2C235&amp;ssl=1 768w, https:\/\/i0.wp.com\/aiartfree.online\/wp-content\/uploads\/2025\/03\/WX20250307-114300%402x.webp?resize=1536%2C471&amp;ssl=1 1536w, https:\/\/i0.wp.com\/aiartfree.online\/wp-content\/uploads\/2025\/03\/WX20250307-114300%402x.webp?resize=18%2C6&amp;ssl=1 18w, https:\/\/i0.wp.com\/aiartfree.online\/wp-content\/uploads\/2025\/03\/WX20250307-114300%402x.webp?resize=600%2C184&amp;ssl=1 600w\" sizes=\"auto, (max-width: 1200px) 100vw, 1200px\" \/><\/a><\/figure>\n\n\n\n<p class=\"\"><em>* Beroende p\u00e5 din internethastighet kan det ta n\u00e5gra sekunder att ladda modellen.<br>* Under den kontinuerliga genereringen sker en cachning och den nya bilden visas efter ca 3 sekunder.<\/em><\/p>\n\n\n\n<div style=\"text-align: center;\">\n  <iframe loading=\"lazy\"\n    src=\"https:\/\/fariyan-gif-studio.hf.space\"\n    frameborder=\"0\"\n    width=\"1200\"\n    height=\"2500\"\n    style=\"display: inline-block; margin: 0 auto;\"\n  ><\/iframe>\n<\/div>\n\n\n\n<div style=\"height:50px\" aria-hidden=\"true\" class=\"wp-block-spacer\"><\/div>\n\n\n\n<h2 class=\"wp-block-heading\">Introduktion av video till GIF<\/h2>\n\n\n\n<p class=\"\">I en tid av digitalt inneh\u00e5llsskapande har omvandling av videor till GIF blivit ett popul\u00e4rt s\u00e4tt att dela med sig av \u00f6gonblick i ett dynamiskt men kompakt format. Den h\u00e4r guiden kommer att utforska konceptet att konvertera videor till GIF, vikten av denna process, de b\u00e4sta tillg\u00e4ngliga verktygen och svara p\u00e5 n\u00e5gra vanliga fr\u00e5gor.<\/p>\n\n\n\n<h3 class=\"wp-block-heading\">Inneh\u00e5llsf\u00f6rteckning<\/h3>\n\n\n\n<ol class=\"wp-block-list\">\n<li class=\"\">Vad \u00e4r Video till GIF?<\/li>\n\n\n\n<li class=\"\">Varf\u00f6r anv\u00e4nda video till GIF?<\/li>\n\n\n\n<li class=\"\">L\u00e4mpliga anv\u00e4ndare eller branscher<\/li>\n\n\n\n<li class=\"\">Topp 10 verktyg och information<\/li>\n\n\n\n<li class=\"\">Vanliga fr\u00e5gor och svar<\/li>\n<\/ol>\n\n\n\n<h3 class=\"wp-block-heading\">Vad \u00e4r Video till GIF?<\/h3>\n\n\n\n<p class=\"\">Konvertering av video till GIF inneb\u00e4r att en videofil omvandlas till en GIF-bild. GIF-bilder, eller Graphics Interchange Format-bilder, anv\u00e4nds ofta p\u00e5 sociala medier och webbplatser p\u00e5 grund av deras f\u00f6rm\u00e5ga att loopa animationer och deras relativt lilla filstorlek. Den h\u00e4r processen g\u00f6r det m\u00f6jligt f\u00f6r anv\u00e4ndare att ta ett segment av en video och konvertera det till en animerad bild, som enkelt kan delas och visas p\u00e5 olika plattformar.<\/p>\n\n\n\n<h3 class=\"wp-block-heading\">Varf\u00f6r anv\u00e4nda video till GIF?<\/h3>\n\n\n\n<p class=\"\">Att anv\u00e4nda Video till GIF-konvertering ger flera f\u00f6rdelar:<\/p>\n\n\n\n<ul class=\"wp-block-list\">\n<li class=\"\"><strong>Engagemang<\/strong>: GIF-filer \u00e4r i\u00f6gonfallande och kan snabbt f\u00e5nga tittarnas uppm\u00e4rksamhet.<\/li>\n\n\n\n<li class=\"\"><strong>Kompatibilitet<\/strong>: GIF st\u00f6ds av de flesta sociala medieplattformar och meddelandeappar.<\/li>\n\n\n\n<li class=\"\"><strong>Filstorlek<\/strong>: J\u00e4mf\u00f6rt med videor \u00e4r GIF-filer mindre i storlek, vilket g\u00f6r dem enklare att ladda upp och dela.<\/li>\n\n\n\n<li class=\"\"><strong>Kreativitet<\/strong>: GIF:ar m\u00f6jligg\u00f6r kreativa uttryck genom att lyfta fram specifika \u00f6gonblick eller tillf\u00f6ra humor genom loopande animationer.<\/li>\n<\/ul>\n\n\n\n<h3 class=\"wp-block-heading\">L\u00e4mpliga anv\u00e4ndare eller branscher<\/h3>\n\n\n\n<p class=\"\">Omvandlingen fr\u00e5n video till GIF \u00e4r till nytta f\u00f6r olika anv\u00e4ndare och branscher, inklusive:<\/p>\n\n\n\n<ul class=\"wp-block-list\">\n<li class=\"\"><strong>Influencers f\u00f6r sociala medier<\/strong>: Att skapa engagerande inneh\u00e5ll som sticker ut.<\/li>\n\n\n\n<li class=\"\"><strong>Marknadsf\u00f6rare<\/strong>: F\u00f6r att f\u00f6rb\u00e4ttra annonser och reklammaterial.<\/li>\n\n\n\n<li class=\"\"><strong>Utbildare<\/strong>: F\u00f6r att skapa enkla, loopande instruktionsanimationer.<\/li>\n\n\n\n<li class=\"\"><strong>Skapare av inneh\u00e5ll<\/strong>: F\u00f6r att dela h\u00f6jdpunkter eller roliga \u00f6gonblick fr\u00e5n l\u00e4ngre videor.<\/li>\n\n\n\n<li class=\"\"><strong>F\u00f6retag<\/strong>: Att skapa engagerande bilder f\u00f6r webbplatser och presentationer.<\/li>\n<\/ul>\n\n\n\n<h3 class=\"wp-block-heading\">Topp 10 verktyg och information<\/h3>\n\n\n\n<p class=\"\">Nedan f\u00f6ljer en tabell som sammanfattar de 10 b\u00e4sta verktygen f\u00f6r att konvertera videor till GIF, inklusive deras webbadresser, f\u00f6rdelar, nackdelar, f\u00f6rdelar, utmaningar och rekommendationer.<\/p>\n\n\n\n<figure class=\"wp-block-table\"><table class=\"has-fixed-layout\"><thead><tr><th>Verktygets namn<\/th><th>URL<\/th><th>Proffs<\/th><th>Nackdelar<\/th><th>F\u00f6rdelar<\/th><th>Utmaningar<\/th><th>Rekommendationer<\/th><\/tr><\/thead><tbody><tr><td><strong>Gratis video till GIF<\/strong><\/td><td><a href=\"https:\/\/aiartfree.online\/sv\/video-till-gif\/\" data-type=\"link\" data-id=\"https:\/\/aiartfree.online\/video-to-gif\/\">aiartfree.online<\/a><\/td><td>Enkel att anv\u00e4nda, h\u00f6g kvalitet p\u00e5 utdata<\/td><td>Begr\u00e4nsade avancerade funktioner<\/td><td>B\u00e4st f\u00f6r snabba konverteringar<\/td><td>Passar kanske inte professionella redakt\u00f6rer<\/td><td>B\u00e4sta verktyget f\u00f6r vanliga anv\u00e4ndare<\/td><\/tr><tr><td><strong>Giphy<\/strong><\/td><td><a href=\"https:\/\/giphy.com\" rel=\"nofollow noopener\" target=\"_blank\">giphy.com<\/a><\/td><td>Omfattande bibliotek, enkel delning<\/td><td>Vattenst\u00e4mpel p\u00e5 gratisversionen<\/td><td>Perfekt f\u00f6r sociala medier<\/td><td>Kr\u00e4ver registrering<\/td><td>Idealisk f\u00f6r anv\u00e4ndning i sociala medier<\/td><\/tr><tr><td><strong>Imgur<\/strong><\/td><td><a href=\"https:\/\/imgur.com\" rel=\"nofollow noopener\" target=\"_blank\">imgur.com<\/a><\/td><td>Gratis, enkelt gr\u00e4nssnitt<\/td><td>Begr\u00e4nsade redigeringsm\u00f6jligheter<\/td><td>Bra f\u00f6r snabba redigeringar<\/td><td>Inga avancerade funktioner<\/td><td>Bra f\u00f6r tillf\u00e4lliga anv\u00e4ndare<\/td><\/tr><tr><td><strong>EZGIF<\/strong><\/td><td><a href=\"https:\/\/ezgif.com\" rel=\"nofollow noopener\" target=\"_blank\">ezgif.com<\/a><\/td><td>Omfattande funktioner, gratis<\/td><td>Gr\u00e4nssnittet kan vara \u00f6verv\u00e4ldigande<\/td><td>L\u00e4mplig f\u00f6r detaljerade redigeringar<\/td><td>Kan vara komplicerat f\u00f6r nyb\u00f6rjare<\/td><td>Rekommenderas f\u00f6r detaljerad redigering<\/td><\/tr><tr><td><strong>Convertio<\/strong><\/td><td><a href=\"https:\/\/convertio.co\" rel=\"nofollow noopener\" target=\"_blank\">konvertio.c<\/a><a href=\"https:\/\/convertio.co\" target=\"_blank\" rel=\"noopener\">o<\/a><\/td><td>St\u00f6d f\u00f6r flera format<\/td><td>Gratisversionen har begr\u00e4nsningar<\/td><td>M\u00e5ngsidig och flexibel<\/td><td>Storleksbegr\u00e4nsningar p\u00e5 gratisversionen<\/td><td>Bra f\u00f6r olika filtyper<\/td><\/tr><tr><td><strong>Online-konvertera<\/strong><\/td><td><a href=\"https:\/\/online-convert.com\" rel=\"nofollow noopener\" target=\"_blank\">online-konvertera.com<\/a><\/td><td>Ingen installation av programvara<\/td><td>Annonser i gratisversionen<\/td><td>Bekv\u00e4mt och snabbt<\/td><td>Internetanslutning kr\u00e4vs<\/td><td>B\u00e4st f\u00f6r snabb konvertering online<\/td><\/tr><tr><td><strong>MakeAGIF<\/strong><\/td><td><a href=\"https:\/\/makeagif.com\" rel=\"nofollow noopener\" target=\"_blank\">makeagif.com<\/a><\/td><td>L\u00e4tt att anv\u00e4nda, social integration<\/td><td>Vattenst\u00e4mpel p\u00e5 gratisversionen<\/td><td>Anv\u00e4ndarv\u00e4nligt gr\u00e4nssnitt<\/td><td>Begr\u00e4nsade redigeringsm\u00f6jligheter<\/td><td>Perfekt f\u00f6r snabba inl\u00e4gg i sociala medier<\/td><\/tr><tr><td><strong>GIFMaker<\/strong><\/td><td><a href=\"https:\/\/gifmaker.me\" rel=\"nofollow noopener\" target=\"_blank\">gifmaker.me<\/a><\/td><td>Ingen registrering kr\u00e4vs, gratis<\/td><td>Begr\u00e4nsade funktioner<\/td><td>Snabbt och enkelt<\/td><td>Inte l\u00e4mplig f\u00f6r komplexa redigeringar<\/td><td>Idealisk f\u00f6r vardagligt bruk<\/td><\/tr><tr><td><strong>CloudConvert<\/strong><\/td><td><a href=\"https:\/\/cloudconvert.com\" rel=\"nofollow noopener\" target=\"_blank\">cloudconvert.com<\/a><\/td><td>Konverteringar av h\u00f6g kvalitet<\/td><td>Gratisversionens begr\u00e4nsningar<\/td><td>H\u00f6g anpassningsbarhet<\/td><td>Kr\u00e4ver registrering f\u00f6r fullst\u00e4ndiga funktioner<\/td><td>B\u00e4st f\u00f6r h\u00f6gkvalitativa utdata<\/td><\/tr><tr><td><strong>Kapwing<\/strong><\/td><td><a href=\"https:\/\/kapwing.com\" rel=\"nofollow noopener\" target=\"_blank\">kapwing.com<\/a><\/td><td>Modernt gr\u00e4nssnitt, samarbetsv\u00e4nligt<\/td><td>Kr\u00e4ver konto<\/td><td>Bra f\u00f6r lagarbete<\/td><td>Vissa funktioner bakom betalv\u00e4gg<\/td><td>Utm\u00e4rkt f\u00f6r grupprojekt<\/td><\/tr><\/tbody><\/table><\/figure>\n\n\n\n<h3 class=\"wp-block-heading\">Vanliga fr\u00e5gor och svar<\/h3>\n\n\n\n<ol class=\"wp-block-list\">\n<li class=\"\"><strong>Vad \u00e4r det b\u00e4sta verktyget f\u00f6r att konvertera video till GIF?<\/strong>\n<ul class=\"wp-block-list\">\n<li class=\"\">Det b\u00e4sta verktyget \u00e4r Free Online Auto Draft. Det \u00e4r anv\u00e4ndarv\u00e4nligt och producerar GIF-filer av h\u00f6g kvalitet.<\/li>\n<\/ul>\n<\/li>\n\n\n\n<li class=\"\"><strong>Hur konverterar jag MP4 till GIF?<\/strong>\n<ul class=\"wp-block-list\">\n<li class=\"\">Du kan anv\u00e4nda online-omvandlare som EZGIF eller Giphy. Ladda bara upp din MP4-fil och f\u00f6lj instruktionerna f\u00f6r att konvertera den till GIF.<\/li>\n<\/ul>\n<\/li>\n\n\n\n<li class=\"\"><strong>Kan jag skapa GIF:ar av h\u00f6g kvalitet fr\u00e5n videor?<\/strong>\n<ul class=\"wp-block-list\">\n<li class=\"\">Ja, verktyg som Free Online Auto Draft och CloudConvert erbjuder konverteringar av h\u00f6g kvalitet.<\/li>\n<\/ul>\n<\/li>\n\n\n\n<li class=\"\"><strong>Vad \u00e4r animerade GIF-skapare?<\/strong>\n<ul class=\"wp-block-list\">\n<li class=\"\">Det h\u00e4r \u00e4r verktyg som g\u00f6r att du kan skapa GIF-filer fr\u00e5n videor eller en serie bilder, ofta med ytterligare redigeringsfunktioner.<\/li>\n<\/ul>\n<\/li>\n\n\n\n<li class=\"\"><strong>Finns det en gratis GIF-tillverkare f\u00f6r att skapa GIF-filer av h\u00f6g kvalitet?<\/strong>\n<ul class=\"wp-block-list\">\n<li class=\"\">Ja, verktyg som Giphy och EZGIF erbjuder gratisversioner som kan skapa GIF-filer av h\u00f6g kvalitet.<\/li>\n<\/ul>\n<\/li>\n\n\n\n<li class=\"\"><strong>Hur kan jag skapa en GIF fr\u00e5n ett videoklipp?<\/strong>\n<ul class=\"wp-block-list\">\n<li class=\"\">Anv\u00e4nd ett verktyg som Free Online Auto Draft, ladda upp ditt videoklipp, v\u00e4lj \u00f6nskat segment och konvertera det till GIF.<\/li>\n<\/ul>\n<\/li>\n\n\n\n<li class=\"\"><strong>Vilka videofilformat kan konverteras till GIF?<\/strong>\n<ul class=\"wp-block-list\">\n<li class=\"\">De flesta verktyg st\u00f6der format som MP4, AVI och MOV f\u00f6r konvertering till GIF.<\/li>\n<\/ul>\n<\/li>\n\n\n\n<li class=\"\"><strong>Kan jag redigera GIF:en efter konverteringen?<\/strong>\n<ul class=\"wp-block-list\">\n<li class=\"\">Ja, m\u00e5nga verktyg som EZGIF erbjuder redigeringsfunktioner f\u00f6r att justera GIF efter konvertering.<\/li>\n<\/ul>\n<\/li>\n\n\n\n<li class=\"\"><strong>Vad \u00e4r den maximala l\u00e4ngden p\u00e5 video som jag kan konvertera till GIF?<\/strong>\n<ul class=\"wp-block-list\">\n<li class=\"\">Detta beror p\u00e5 verktyget. Free Online Auto Draft st\u00f6der standardvideol\u00e4ngder som passar f\u00f6r de flesta anv\u00e4ndningsomr\u00e5den.<\/li>\n<\/ul>\n<\/li>\n\n\n\n<li class=\"\"><strong>Beh\u00f6ver jag ett konto f\u00f6r att konvertera videor till GIF:ar?<\/strong>\n<ul class=\"wp-block-list\">\n<li class=\"\">Vissa verktyg kr\u00e4ver ett konto f\u00f6r alla funktioner, men m\u00e5nga, som Free Online Auto Draft och GIFMaker, kr\u00e4ver inte ett konto f\u00f6r grundl\u00e4ggande anv\u00e4ndning.<\/li>\n<\/ul>\n<\/li>\n<\/ol>\n\n\n\n<p class=\"\">Genom att anv\u00e4nda den information som tillhandah\u00e5lls kan du effektivt konvertera videor till GIF, vilket f\u00f6rb\u00e4ttrar ditt inneh\u00e5ll och engagemang p\u00e5 olika plattformar.<\/p>\n\n\n\n<p class=\"\"><\/p>","protected":false},"excerpt":{"rendered":"<p>How to use Video to GIF *&nbsp;Depending on your internet speed, loading the model may take a few seconds.* There will be caching during continuous generation, and the new image will appear after about 3 seconds. Introduction of Video to GIF In the age of digital content creation, transforming videos into GIFs has become a &#8230; <a title=\"Gratis video till GIF\" class=\"read-more\" href=\"https:\/\/aiartfree.online\/sv\/video-till-gif\/\" aria-label=\"L\u00e4s mer om Free Video to GIF\">L\u00e4s mer<\/a><\/p>","protected":false},"author":1,"featured_media":0,"parent":0,"menu_order":0,"comment_status":"open","ping_status":"closed","template":"","meta":{"nf_dc_page":"","footnotes":""},"class_list":["post-2986","page","type-page","status-publish"],"jetpack_sharing_enabled":true,"_links":{"self":[{"href":"https:\/\/aiartfree.online\/sv\/wp-json\/wp\/v2\/pages\/2986","targetHints":{"allow":["GET"]}}],"collection":[{"href":"https:\/\/aiartfree.online\/sv\/wp-json\/wp\/v2\/pages"}],"about":[{"href":"https:\/\/aiartfree.online\/sv\/wp-json\/wp\/v2\/types\/page"}],"author":[{"embeddable":true,"href":"https:\/\/aiartfree.online\/sv\/wp-json\/wp\/v2\/users\/1"}],"replies":[{"embeddable":true,"href":"https:\/\/aiartfree.online\/sv\/wp-json\/wp\/v2\/comments?post=2986"}],"version-history":[{"count":1,"href":"https:\/\/aiartfree.online\/sv\/wp-json\/wp\/v2\/pages\/2986\/revisions"}],"predecessor-version":[{"id":3600,"href":"https:\/\/aiartfree.online\/sv\/wp-json\/wp\/v2\/pages\/2986\/revisions\/3600"}],"wp:attachment":[{"href":"https:\/\/aiartfree.online\/sv\/wp-json\/wp\/v2\/media?parent=2986"}],"curies":[{"name":"wp","href":"https:\/\/api.w.org\/{rel}","templated":true}]}}