{"id":2983,"date":"2024-07-19T13:17:41","date_gmt":"2024-07-19T13:17:41","guid":{"rendered":"https:\/\/aiartfree.online\/?page_id=2983"},"modified":"2025-03-07T08:28:23","modified_gmt":"2025-03-07T08:28:23","slug":"free-ai-logo-generator","status":"publish","type":"page","link":"https:\/\/aiartfree.online\/sv\/gratis-ai-logotypgenerator\/","title":{"rendered":"Gratis AI-logotypgenerator"},"content":{"rendered":"<h2 class=\"wp-block-heading\">Hur man anv\u00e4nder Free AI Logo Generator<\/h2>\n\n\n\n<ol class=\"wp-block-list\">\n<li class=\"\">Sl\u00e4pp eller ladda upp din bild<\/li>\n\n\n\n<li class=\"\">Klicka p\u00e5 \"Skicka\"<\/li>\n\n\n\n<li class=\"\">V\u00e4nta, det var det! <\/li>\n<\/ol>\n\n\n\n<figure class=\"gb-block-image gb-block-image-032aac41\"><a href=\"https:\/\/fas.st\/t\/9U4PYbm7\" target=\"_blank\" rel=\"noopener noreferrer\"><img data-recalc-dims=\"1\" decoding=\"async\" loading=\"lazy\" width=\"1200\" height=\"365\" class=\"gb-image gb-image-032aac41\" src=\"https:\/\/i0.wp.com\/aiartfree.online\/wp-content\/uploads\/2025\/03\/WX20250307-115412%402x.webp?resize=1200%2C365&#038;ssl=1\" alt=\"\" title=\"WX20250307-115412@2x\" srcset=\"https:\/\/i0.wp.com\/aiartfree.online\/wp-content\/uploads\/2025\/03\/WX20250307-115412%402x.webp?w=1942&amp;ssl=1 1942w, https:\/\/i0.wp.com\/aiartfree.online\/wp-content\/uploads\/2025\/03\/WX20250307-115412%402x.webp?resize=300%2C91&amp;ssl=1 300w, https:\/\/i0.wp.com\/aiartfree.online\/wp-content\/uploads\/2025\/03\/WX20250307-115412%402x.webp?resize=1024%2C312&amp;ssl=1 1024w, https:\/\/i0.wp.com\/aiartfree.online\/wp-content\/uploads\/2025\/03\/WX20250307-115412%402x.webp?resize=768%2C234&amp;ssl=1 768w, https:\/\/i0.wp.com\/aiartfree.online\/wp-content\/uploads\/2025\/03\/WX20250307-115412%402x.webp?resize=1536%2C467&amp;ssl=1 1536w, https:\/\/i0.wp.com\/aiartfree.online\/wp-content\/uploads\/2025\/03\/WX20250307-115412%402x.webp?resize=18%2C5&amp;ssl=1 18w, https:\/\/i0.wp.com\/aiartfree.online\/wp-content\/uploads\/2025\/03\/WX20250307-115412%402x.webp?resize=600%2C183&amp;ssl=1 600w\" sizes=\"auto, (max-width: 1200px) 100vw, 1200px\" \/><\/a><\/figure>\n\n\n\n<p class=\"\"><em>* Beroende p\u00e5 din internethastighet kan det ta n\u00e5gra sekunder att ladda modellen.<br>* Under den kontinuerliga genereringen sker en cachning och den nya bilden visas efter ca 3 sekunder.<\/em><\/p>\n\n\n\n<div style=\"text-align: center; border: 2px solid; border-image-source: linear-gradient(to right, #16b86c, #912899); border-image-slice: 1; box-shadow: 0 0 10px rgba(0, 0, 0, 0.1); border-radius: 15px;\">\n  <iframe loading=\"lazy\"\n    src=\"https:\/\/artificialguybr-logo-sdxl-lora-free-demo.hf.space\"\n    frameborder=\"0\"\n    width=\"1100\"\n    height=\"800\"\n    style=\"display: inline-block; margin: 0 auto;\"\n  ><\/iframe>\n<\/div>\n\n\n\n<div style=\"height:49px\" aria-hidden=\"true\" class=\"wp-block-spacer\"><\/div>\n\n\n\n<h2 class=\"wp-block-heading\" id=\"introduction-of-free-ai-logo-generator\">Introduktion av gratis AI-logotypgenerator<\/h2>\n\n\n\n<p class=\"\">Som f\u00f6retagare \u00e4r det viktigt att skapa en professionell logotyp f\u00f6r att etablera din varum\u00e4rkesidentitet. Med \u00f6kningen av artificiell intelligens har det blivit mer tillg\u00e4ngligt och effektivt att skapa en logotyp. I den h\u00e4r artikeln kommer vi att utforska underverken i en gratis AI-logotypgenerator och hur det kan gynna ditt f\u00f6retag.<\/p>\n\n\n\n<figure class=\"wp-block-image size-large is-resized\"><img data-recalc-dims=\"1\" decoding=\"async\" width=\"1024\" height=\"562\"   loading=\"lazy\" src=\"https:\/\/i0.wp.com\/aiartfree.online\/wp-content\/uploads\/2024\/07\/1_mL5ZQFtjfXkQdHh6qz_13w.jpg?resize=1024%2C562&#038;ssl=1\" alt=\"Gratis AI-logotypgenerator\" class=\"wp-image-2987\" style=\"width:585px;height:auto\" srcset=\"https:\/\/i0.wp.com\/aiartfree.online\/wp-content\/uploads\/2024\/07\/1_mL5ZQFtjfXkQdHh6qz_13w.jpg?resize=1024%2C562&amp;ssl=1 1024w, https:\/\/i0.wp.com\/aiartfree.online\/wp-content\/uploads\/2024\/07\/1_mL5ZQFtjfXkQdHh6qz_13w.jpg?resize=300%2C165&amp;ssl=1 300w, https:\/\/i0.wp.com\/aiartfree.online\/wp-content\/uploads\/2024\/07\/1_mL5ZQFtjfXkQdHh6qz_13w.jpg?resize=768%2C421&amp;ssl=1 768w, https:\/\/i0.wp.com\/aiartfree.online\/wp-content\/uploads\/2024\/07\/1_mL5ZQFtjfXkQdHh6qz_13w.jpg?resize=18%2C10&amp;ssl=1 18w, https:\/\/i0.wp.com\/aiartfree.online\/wp-content\/uploads\/2024\/07\/1_mL5ZQFtjfXkQdHh6qz_13w.jpg?resize=600%2C329&amp;ssl=1 600w, https:\/\/i0.wp.com\/aiartfree.online\/wp-content\/uploads\/2024\/07\/1_mL5ZQFtjfXkQdHh6qz_13w.jpg?w=1400&amp;ssl=1 1400w\" sizes=\"auto, (max-width: 1024px) 100vw, 1024px\" \/><\/figure>\n\n\n\n<p class=\"\"><strong>Inneh\u00e5llsf\u00f6rteckning<\/strong><\/p>\n\n\n\n<ul class=\"wp-block-list\">\n<li class=\"\">Introduktion av gratis AI-logotypgenerator<\/li>\n\n\n\n<li class=\"\">Varf\u00f6r anv\u00e4nda en gratis AI-logotypgenerator?<\/li>\n\n\n\n<li class=\"\">F\u00f6rdelar med att anv\u00e4nda en gratis AI-logotypgenerator<\/li>\n\n\n\n<li class=\"\">N\u00e4r ska man anv\u00e4nda en gratis AI-logotypgenerator?<\/li>\n\n\n\n<li class=\"\">Vem kan anv\u00e4nda en gratis AI-logotypgenerator?<\/li>\n\n\n\n<li class=\"\">J\u00e4mf\u00f6relse av gratis AI-logotypgeneratorer<\/li>\n\n\n\n<li class=\"\">VANLIGA FR\u00c5GOR<\/li>\n<\/ul>\n\n\n\n<h3 class=\"wp-block-heading\" id=\"what-is-a-free-ai-logo-generator\"><a href=\"https:\/\/dromerosm-groq-llama3.hf.space\/#what-is-a-free-ai-logo-generator\" target=\"_blank\" rel=\"noopener\"><\/a>Vad \u00e4r en gratis AI-logotypgenerator?<\/h3>\n\n\n\n<p class=\"\">En gratis AI-logotypgenerator \u00e4r ett onlineverktyg som anv\u00e4nder artificiell intelligens f\u00f6r att skapa en anpassad logotyp f\u00f6r ditt f\u00f6retag. Dessa verktyg anv\u00e4nder maskininl\u00e4rningsalgoritmer f\u00f6r att generera unika logotyper baserat p\u00e5 din inmatning, till exempel f\u00f6retagsnamn, tagline och f\u00f6redragna f\u00e4rger och teckensnitt. Med bara n\u00e5gra f\u00e5 klick kan du skapa en professionell logotyp p\u00e5 n\u00e5gra minuter.<\/p>\n\n\n\n<h3 class=\"wp-block-heading\" id=\"why-use-a-free-ai-logo-generator\"><a href=\"https:\/\/dromerosm-groq-llama3.hf.space\/#why-use-a-free-ai-logo-generator\" target=\"_blank\" rel=\"noopener\"><\/a>Varf\u00f6r anv\u00e4nda en gratis AI-logotypgenerator?<\/h3>\n\n\n\n<p class=\"\">Att anv\u00e4nda en gratis AI-logotypgenerator kan spara tid och pengar j\u00e4mf\u00f6rt med att anst\u00e4lla en professionell logotypdesigner. Med AI-driven logotypdesign kan du helt enkelt ange din aff\u00e4rsinformation och dina preferenser, och verktyget kommer att generera en logotyp som uppfyller dina behov.<\/p>\n\n\n\n<h3 class=\"wp-block-heading\" id=\"benefits-of-using-a-free-ai-logo-generator\"><a href=\"https:\/\/dromerosm-groq-llama3.hf.space\/#benefits-of-using-a-free-ai-logo-generator\" target=\"_blank\" rel=\"noopener\"><\/a>F\u00f6rdelar med att anv\u00e4nda en gratis AI-logotypgenerator<\/h3>\n\n\n\n<p class=\"\">H\u00e4r \u00e4r n\u00e5gra f\u00f6rdelar med att anv\u00e4nda en gratis AI-logotypgenerator:<\/p>\n\n\n\n<p class=\"\">Snabb och effektiv Skapa en logotyp p\u00e5 n\u00e5gra minuter med v\u00e5r AI-logotypgenerator.<\/p>\n\n\n\n<p class=\"\">Kostnadseffektiv Spara pengar genom att inte anlita en professionell logotypdesigner.<\/p>\n\n\n\n<p class=\"\">Unik design F\u00e5 unika logotyper som genereras av artificiell intelligens.<\/p>\n\n\n\n<p class=\"\">H\u00f6guppl\u00f6st Ladda ner h\u00f6guppl\u00f6sta logofiler f\u00f6r olika anv\u00e4ndningsomr\u00e5den.<\/p>\n\n\n\n<p class=\"\">L\u00e4tt att anv\u00e4nda Ange helt enkelt din f\u00f6retagsinformation och dina preferenser, s\u00e5 sk\u00f6ter verktyget resten.<\/p>\n\n\n\n<h3 class=\"wp-block-heading\" id=\"when-to-use-a-free-ai-logo-generator\"><a href=\"https:\/\/dromerosm-groq-llama3.hf.space\/#when-to-use-a-free-ai-logo-generator\" target=\"_blank\" rel=\"noopener\"><\/a>N\u00e4r ska man anv\u00e4nda en gratis AI-logotypgenerator?<\/h3>\n\n\n\n<p class=\"\">En gratis AI-logotypgenerator \u00e4r perfekt f\u00f6r:<\/p>\n\n\n\n<p class=\"\">Nystartade f\u00f6retag eller sm\u00e5f\u00f6retag med en begr\u00e4nsad budget Entrepren\u00f6rer som snabbt vill skapa en professionell logotyp F\u00f6retag som vill byta varum\u00e4rke eller uppdatera sin logotyp<\/p>\n\n\n\n<h3 class=\"wp-block-heading\" id=\"who-can-use-a-free-ai-logo-generator\"><a href=\"https:\/\/dromerosm-groq-llama3.hf.space\/#who-can-use-a-free-ai-logo-generator\" target=\"_blank\" rel=\"noopener\"><\/a>Vem kan anv\u00e4nda en gratis AI-logotypgenerator?<\/h3>\n\n\n\n<p class=\"\">Vem som helst kan anv\u00e4nda en gratis AI-logotypgenerator, inklusive:<\/p>\n\n\n\n<p class=\"\">Entrepren\u00f6rer Sm\u00e5f\u00f6retagare Marknadsf\u00f6rare Grafiska formgivare<\/p>\n\n\n\n<h3 class=\"wp-block-heading\" id=\"comparison-of-free-ai-logo-generators\"><a href=\"https:\/\/dromerosm-groq-llama3.hf.space\/#comparison-of-free-ai-logo-generators\" target=\"_blank\" rel=\"noopener\"><\/a>J\u00e4mf\u00f6relse av gratis AI-logotypgeneratorer<\/h3>\n\n\n\n<p class=\"\">H\u00e4r \u00e4r n\u00e5gra popul\u00e4ra gratis AI-logotypgeneratorer, tillsammans med deras funktioner och f\u00f6rdelar:<\/p>\n\n\n\n<figure class=\"wp-block-table\"><table class=\"has-fixed-layout\"><thead><tr><th>Verktyg<\/th><th>Funktioner<\/th><th>F\u00f6rdelar<\/th><th>Webbplats<\/th><\/tr><\/thead><tbody><tr><td>AI-konst gratis online<\/td><td>AI-driven logotypdesign, 100+ mallar, livfulla f\u00e4rger<\/td><td>Snabbt och effektivt, kostnadseffektivt<\/td><td><a href=\"https:\/\/aiartfree.online\/sv\/gratis-ai-logotypgenerator\/\" target=\"_blank\" rel=\"noreferrer noopener\">https:\/\/aiartfree.online\/free-ai-logo-generator<\/a><\/td><\/tr><tr><td>Logojoy<\/td><td>AI-driven logotypdesign, 10 000+ mallar, f\u00e4rgpalettgenerator<\/td><td>Unik design, h\u00f6guppl\u00f6sta filer<\/td><td><a href=\"https:\/\/logojoy.com\/\" target=\"_blank\" rel=\"noreferrer noopener\">https:\/\/logojoy.com<\/a><\/td><\/tr><tr><td>Skr\u00e4ddarsydda varum\u00e4rken<\/td><td>AI-driven logotypdesign, 10 000+ mallar, kit f\u00f6r sociala medier<\/td><td>Professionell design, enkel att anv\u00e4nda<\/td><td><a href=\"https:\/\/tailorbrands.com\/\" target=\"_blank\" rel=\"noreferrer noopener\">https:\/\/tailorbrands.com<\/a><\/td><\/tr><\/tbody><\/table><\/figure>\n\n\n\n<h3 class=\"wp-block-heading\" id=\"advantages-and-disadvantages-of-free-ai-logo-generators\"><a href=\"https:\/\/dromerosm-groq-llama3.hf.space\/#advantages-and-disadvantages-of-free-ai-logo-generators\" target=\"_blank\" rel=\"noopener\"><\/a>F\u00f6rdelar och nackdelar med gratis AI-logotypgeneratorer<\/h3>\n\n\n\n<p class=\"\">H\u00e4r \u00e4r n\u00e5gra f\u00f6rdelar och nackdelar med att anv\u00e4nda gratis AI-logotypgeneratorer:<\/p>\n\n\n\n<p class=\"\"><strong>F\u00f6rdelar<\/strong>:<\/p>\n\n\n\n<p class=\"\">Snabbt och effektivt Kostnadseffektivt Unik design H\u00f6guppl\u00f6sta filer<\/p>\n\n\n\n<p class=\"\"><strong>Nackdelar<\/strong>:<\/p>\n\n\n\n<p class=\"\">Begr\u00e4nsade anpassningsm\u00f6jligheter Begr\u00e4nsade designmallar Uppfyller kanske inte komplexa designkrav<\/p>\n\n\n\n<h3 class=\"wp-block-heading\" id=\"best-free-ai-logo-generator\"><a href=\"https:\/\/dromerosm-groq-llama3.hf.space\/#best-free-ai-logo-generator\" target=\"_blank\" rel=\"noopener\"><\/a>B\u00e4sta gratis AI-logotypgenerator<\/h3>\n\n\n\n<p class=\"\">Efter att ha unders\u00f6kt och j\u00e4mf\u00f6rt olika gratis AI-logotypgeneratorer rekommenderar vi starkt AI Art Free Online. Med sin AI-drivna logotypdesign, 100+ mallar och livfulla f\u00e4rger \u00e4r det det perfekta verktyget f\u00f6r att skapa en professionell logotyp snabbt och effektivt.<\/p>\n\n\n\n<h3 class=\"wp-block-heading\" id=\"faq\"><a href=\"https:\/\/dromerosm-groq-llama3.hf.space\/#faq\" target=\"_blank\" rel=\"noopener\"><\/a>VANLIGA FR\u00c5GOR<\/h3>\n\n\n<div id=\"rank-math-faq\" class=\"rank-math-block\">\n<div class=\"rank-math-list\">\n<div id=\"faq-question-1721394932020\" class=\"rank-math-list-item\">\n<h3 class=\"rank-math-question\">Kan jag anv\u00e4nda en gratis AI-logotypgenerator f\u00f6r kommersiellt bruk?<\/h3>\n<div class=\"rank-math-answer\">\n\n<p>Ja, de flesta gratis AI-logotypgeneratorer till\u00e5ter kommersiell anv\u00e4ndning av de genererade logotyperna.<\/p>\n\n<\/div>\n<\/div>\n<div id=\"faq-question-1721394940919\" class=\"rank-math-list-item\">\n<h3 class=\"rank-math-question\">\u00c4r de logotyper som genereras av AI unika?<\/h3>\n<div class=\"rank-math-answer\">\n\n<p>Ja, de logotyper som genereras av AI \u00e4r unika och anpassade utifr\u00e5n dina uppgifter.<\/p>\n\n<\/div>\n<\/div>\n<div id=\"faq-question-1721394949679\" class=\"rank-math-list-item\">\n<h3 class=\"rank-math-question\">Kan jag redigera den genererade logotypen?<\/h3>\n<div class=\"rank-math-answer\">\n\n<p>Ja, de flesta gratis AI-logotypgeneratorer g\u00f6r att du kan redigera den genererade logotypen.<\/p>\n\n<\/div>\n<\/div>\n<div id=\"faq-question-1721394962503\" class=\"rank-math-list-item\">\n<h3 class=\"rank-math-question\">\u00c4r logofilerna h\u00f6guppl\u00f6sta?<\/h3>\n<div class=\"rank-math-answer\">\n\n<p>Ja, de flesta gratis AI-logotypgeneratorer tillhandah\u00e5ller h\u00f6guppl\u00f6sta logofiler f\u00f6r olika anv\u00e4ndningsomr\u00e5den.<\/p>\n\n<\/div>\n<\/div>\n<\/div>\n<\/div>","protected":false},"excerpt":{"rendered":"<p>How to use Free AI Logo Generator *&nbsp;Depending on your internet speed, loading the model may take a few seconds.* There will be caching during continuous generation, and the new image will appear after about 3 seconds. Introduction of Free AI Logo Generator As a business owner, creating a professional logo is essential to establish &#8230; <a title=\"Gratis AI-logotypgenerator\" class=\"read-more\" href=\"https:\/\/aiartfree.online\/sv\/gratis-ai-logotypgenerator\/\" aria-label=\"L\u00e4s mer om Free AI Logo Generator\">L\u00e4s mer<\/a><\/p>","protected":false},"author":1,"featured_media":0,"parent":0,"menu_order":0,"comment_status":"open","ping_status":"closed","template":"","meta":{"nf_dc_page":"","footnotes":""},"class_list":["post-2983","page","type-page","status-publish"],"jetpack_sharing_enabled":true,"_links":{"self":[{"href":"https:\/\/aiartfree.online\/sv\/wp-json\/wp\/v2\/pages\/2983","targetHints":{"allow":["GET"]}}],"collection":[{"href":"https:\/\/aiartfree.online\/sv\/wp-json\/wp\/v2\/pages"}],"about":[{"href":"https:\/\/aiartfree.online\/sv\/wp-json\/wp\/v2\/types\/page"}],"author":[{"embeddable":true,"href":"https:\/\/aiartfree.online\/sv\/wp-json\/wp\/v2\/users\/1"}],"replies":[{"embeddable":true,"href":"https:\/\/aiartfree.online\/sv\/wp-json\/wp\/v2\/comments?post=2983"}],"version-history":[{"count":1,"href":"https:\/\/aiartfree.online\/sv\/wp-json\/wp\/v2\/pages\/2983\/revisions"}],"predecessor-version":[{"id":3605,"href":"https:\/\/aiartfree.online\/sv\/wp-json\/wp\/v2\/pages\/2983\/revisions\/3605"}],"wp:attachment":[{"href":"https:\/\/aiartfree.online\/sv\/wp-json\/wp\/v2\/media?parent=2983"}],"curies":[{"name":"wp","href":"https:\/\/api.w.org\/{rel}","templated":true}]}}