{"id":2974,"date":"2024-07-19T12:49:16","date_gmt":"2024-07-19T12:49:16","guid":{"rendered":"https:\/\/aiartfree.online\/?page_id=2974"},"modified":"2025-03-07T08:02:23","modified_gmt":"2025-03-07T08:02:23","slug":"bing-ai-image-generator","status":"publish","type":"page","link":"https:\/\/aiartfree.online\/sv\/bing-ai-bildgenerator\/","title":{"rendered":"Bing AI bildgenerator"},"content":{"rendered":"<h2 class=\"wp-block-heading\">Hur man anv\u00e4nder Bing AI Image Generator<\/h2>\n\n\n\n<ol class=\"wp-block-list\">\n<li class=\"\">Ange din prompt<\/li>\n\n\n\n<li class=\"\">Klicka p\u00e5 \"K\u00f6r\"<\/li>\n\n\n\n<li class=\"\">V\u00e4nta, det var det! <\/li>\n<\/ol>\n\n\n\n<figure class=\"gb-block-image gb-block-image-032aac41\"><a href=\"https:\/\/fas.st\/t\/9U4PYbm7\" target=\"_blank\" rel=\"noopener noreferrer\"><img data-recalc-dims=\"1\" decoding=\"async\" loading=\"lazy\" width=\"1200\" height=\"365\" class=\"gb-image gb-image-032aac41\" src=\"https:\/\/i0.wp.com\/aiartfree.online\/wp-content\/uploads\/2025\/03\/WX20250307-115412%402x.webp?resize=1200%2C365&#038;ssl=1\" alt=\"\" title=\"WX20250307-115412@2x\" srcset=\"https:\/\/i0.wp.com\/aiartfree.online\/wp-content\/uploads\/2025\/03\/WX20250307-115412%402x.webp?w=1942&amp;ssl=1 1942w, https:\/\/i0.wp.com\/aiartfree.online\/wp-content\/uploads\/2025\/03\/WX20250307-115412%402x.webp?resize=300%2C91&amp;ssl=1 300w, https:\/\/i0.wp.com\/aiartfree.online\/wp-content\/uploads\/2025\/03\/WX20250307-115412%402x.webp?resize=1024%2C312&amp;ssl=1 1024w, https:\/\/i0.wp.com\/aiartfree.online\/wp-content\/uploads\/2025\/03\/WX20250307-115412%402x.webp?resize=768%2C234&amp;ssl=1 768w, https:\/\/i0.wp.com\/aiartfree.online\/wp-content\/uploads\/2025\/03\/WX20250307-115412%402x.webp?resize=1536%2C467&amp;ssl=1 1536w, https:\/\/i0.wp.com\/aiartfree.online\/wp-content\/uploads\/2025\/03\/WX20250307-115412%402x.webp?resize=18%2C5&amp;ssl=1 18w, https:\/\/i0.wp.com\/aiartfree.online\/wp-content\/uploads\/2025\/03\/WX20250307-115412%402x.webp?resize=600%2C183&amp;ssl=1 600w\" sizes=\"auto, (max-width: 1200px) 100vw, 1200px\" \/><\/a><\/figure>\n\n\n\n<p class=\"\"><em>* Beroende p\u00e5 din internethastighet kan det ta n\u00e5gra sekunder att ladda modellen.<br>* Under den kontinuerliga genereringen sker en cachning och den nya bilden visas efter ca 3 sekunder.<\/em><\/p>\n\n\n\n<div style=\"text-align: center; border: 2px solid; border-image-source: linear-gradient(to right, #16b86c, #912899); border-image-slice: 1; box-shadow: 0 0 10px rgba(0, 0, 0, 0.1); border-radius: 15px;\">\n  <iframe loading=\"lazy\"\n    src=\"https:\/\/mexicanamerican-dalle-3-xl-lora-v2.hf.space\"\n    frameborder=\"0\"\n    width=\"800\"\n    height=\"1050\"\n    style=\"display: inline-block; margin: 0 auto;\"\n  ><\/iframe>\n<\/div>\n\n\n\n<div style=\"height:50px\" aria-hidden=\"true\" class=\"wp-block-spacer\"><\/div>\n\n\n\n<h1 class=\"wp-block-heading\">Introduktion av Bing AI Image Generator<\/h1>\n\n\n\n<p class=\"\">I dagens digitala tids\u00e5lder \u00e4r det viktigare \u00e4n n\u00e5gonsin att skapa visuellt h\u00e4pnadsv\u00e4ckande bilder. Oavsett om du \u00e4r en inneh\u00e5llsskapare, marknadsf\u00f6rare eller bara n\u00e5gon som \u00e4lskar konst, kan Bing AI Image Generator hj\u00e4lpa dig att producera h\u00f6gkvalitativa bilder utan anstr\u00e4ngning. Den h\u00e4r artikeln kommer att presentera Bing AI Image Generator, utforska dess f\u00f6rdelar och v\u00e4gleda dig om hur du f\u00e5r ut det mesta av detta kraftfulla verktyg.<\/p>\n\n\n\n<figure class=\"wp-block-image size-full is-resized\"><img data-recalc-dims=\"1\" decoding=\"async\" width=\"1024\" height=\"1024\"   loading=\"lazy\" src=\"https:\/\/i0.wp.com\/aiartfree.online\/wp-content\/uploads\/2024\/07\/b9cb406d-bffd-446e-9f65-c20776dc6cda.jpg?resize=1024%2C1024&#038;ssl=1\" alt=\"Bing AI bildgenerator\" class=\"wp-image-2980\" style=\"width:359px;height:auto\" srcset=\"https:\/\/i0.wp.com\/aiartfree.online\/wp-content\/uploads\/2024\/07\/b9cb406d-bffd-446e-9f65-c20776dc6cda.jpg?w=1024&amp;ssl=1 1024w, https:\/\/i0.wp.com\/aiartfree.online\/wp-content\/uploads\/2024\/07\/b9cb406d-bffd-446e-9f65-c20776dc6cda.jpg?resize=300%2C300&amp;ssl=1 300w, https:\/\/i0.wp.com\/aiartfree.online\/wp-content\/uploads\/2024\/07\/b9cb406d-bffd-446e-9f65-c20776dc6cda.jpg?resize=150%2C150&amp;ssl=1 150w, https:\/\/i0.wp.com\/aiartfree.online\/wp-content\/uploads\/2024\/07\/b9cb406d-bffd-446e-9f65-c20776dc6cda.jpg?resize=768%2C768&amp;ssl=1 768w, https:\/\/i0.wp.com\/aiartfree.online\/wp-content\/uploads\/2024\/07\/b9cb406d-bffd-446e-9f65-c20776dc6cda.jpg?resize=12%2C12&amp;ssl=1 12w, https:\/\/i0.wp.com\/aiartfree.online\/wp-content\/uploads\/2024\/07\/b9cb406d-bffd-446e-9f65-c20776dc6cda.jpg?resize=600%2C600&amp;ssl=1 600w, https:\/\/i0.wp.com\/aiartfree.online\/wp-content\/uploads\/2024\/07\/b9cb406d-bffd-446e-9f65-c20776dc6cda.jpg?resize=100%2C100&amp;ssl=1 100w\" sizes=\"auto, (max-width: 1024px) 100vw, 1024px\" \/><\/figure>\n\n\n\n<h2 class=\"wp-block-heading\">Inneh\u00e5llsf\u00f6rteckning<\/h2>\n\n\n\n<ol class=\"wp-block-list\">\n<li class=\"\"><a href=\"#what-is-bing-ai-image-generator\">Vad \u00e4r Bing AI Image Generator?<\/a><\/li>\n\n\n\n<li class=\"\"><a href=\"#why-use-bing-ai-image-generator\">Varf\u00f6r anv\u00e4nda Bing AI Image Generator?<\/a><\/li>\n\n\n\n<li class=\"\"><a href=\"#benefits-of-using-bing-ai-image-generator\">F\u00f6rdelar med att anv\u00e4nda Bing AI Image Generator<\/a><\/li>\n\n\n\n<li class=\"\"><a href=\"#when-to-use-bing-ai-image-generator\">N\u00e4r ska man anv\u00e4nda Bing AI:s bildgenerator?<\/a><\/li>\n\n\n\n<li class=\"\"><a href=\"#who-should-use-bing-ai-image-generator\">Vem ska anv\u00e4nda Bing AI Image Generator?<\/a><\/li>\n\n\n\n<li class=\"\"><a href=\"#comparison-of-bing-ai-image-generator-with-other-tools\">J\u00e4mf\u00f6relse av Bing AI Image Generator med andra verktyg<\/a><\/li>\n\n\n\n<li class=\"\"><a href=\"#frequently-asked-questions\">Vanliga fr\u00e5gor och svar<\/a><\/li>\n<\/ol>\n\n\n\n<h2 class=\"wp-block-heading\">Vad \u00e4r Bing AI Image Generator?<\/h2>\n\n\n\n<p class=\"\">Bing AI Image Generator \u00e4r ett innovativt verktyg som utvecklats av Microsoft och som anv\u00e4nder generativ AI-teknik f\u00f6r att skapa bilder fr\u00e5n textmeddelanden. Med denna AI-bildgenerator kan anv\u00e4ndare mata in beskrivande text och f\u00e5 h\u00f6gkvalitativa, unika bilder i retur. Den bakomliggande tekniken utnyttjar avancerade AI-algoritmer f\u00f6r att f\u00f6rst\u00e5 och visualisera inmatningstexten och producera bilder som exakt matchar anv\u00e4ndarens beskrivning.<\/p>\n\n\n\n<h2 class=\"wp-block-heading\">Varf\u00f6r<\/h2>\n\n\n\n<p class=\"\">Att anv\u00e4nda Bing AI Image Generator kan f\u00f6rb\u00e4ttra dina kreativa projekt avsev\u00e4rt. Oavsett om du utformar en marknadsf\u00f6ringskampanj, skapar inneh\u00e5ll f\u00f6r sociala medier eller utvecklar en webbplats, \u00e4r det ov\u00e4rderligt att ha tillg\u00e5ng till ett verktyg som kan generera bilder baserat p\u00e5 dina specifika behov. M\u00f6jligheten att snabbt skapa bilder utan att beh\u00f6va omfattande f\u00e4rdigheter i grafisk design sparar tid och resurser, s\u00e5 att du kan fokusera p\u00e5 andra viktiga aspekter av ditt projekt.<\/p>\n\n\n\n<h2 class=\"wp-block-heading\">F\u00f6rdelar<\/h2>\n\n\n\n<ol class=\"wp-block-list\">\n<li class=\"\"><strong>H\u00f6gkvalitativa bilder<\/strong>: Bing AI Image Generator producerar h\u00f6guppl\u00f6sta bilder som kan anv\u00e4ndas f\u00f6r olika professionella \u00e4ndam\u00e5l.<\/li>\n\n\n\n<li class=\"\"><strong>Anpassningsbarhet<\/strong>: Genom att tillhandah\u00e5lla detaljerade textmeddelanden kan du generera bilder som \u00e4r skr\u00e4ddarsydda efter dina specifika krav.<\/li>\n\n\n\n<li class=\"\"><strong>Tidseffektivitet<\/strong>: Generera snabbt bilder utan att beh\u00f6va arbeta manuellt med grafisk design.<\/li>\n\n\n\n<li class=\"\"><strong>Kostnadseffektivt<\/strong>: Minska behovet av dyra program f\u00f6r grafisk design eller att anlita professionella designers.<\/li>\n\n\n\n<li class=\"\"><strong>Tillg\u00e4nglighet<\/strong>: L\u00e4tt att anv\u00e4nda, \u00e4ven f\u00f6r dem som inte har tekniska kunskaper.<\/li>\n<\/ol>\n\n\n\n<h2 class=\"wp-block-heading\">N\u00e4r ska du anv\u00e4nda<\/h2>\n\n\n\n<p class=\"\">Bing AI Image Generator \u00e4r idealisk f\u00f6r anv\u00e4ndning i en m\u00e4ngd olika scenarier, inklusive:<\/p>\n\n\n\n<ul class=\"wp-block-list\">\n<li class=\"\"><strong>Marknadsf\u00f6ringskampanjer<\/strong>: Skapa visuellt tilltalande bilder f\u00f6r annonser och inl\u00e4gg i sociala medier.<\/li>\n\n\n\n<li class=\"\"><strong>Skapande av inneh\u00e5ll<\/strong>: Skapa unika bilder f\u00f6r att f\u00f6rb\u00e4ttra blogginl\u00e4gg, artiklar och webbplatsinneh\u00e5ll.<\/li>\n\n\n\n<li class=\"\"><strong>Utbildningsmaterial<\/strong>: Ta fram illustrativa bilder f\u00f6r presentationer, rapporter och undervisningsmaterial.<\/li>\n\n\n\n<li class=\"\"><strong>Konst- och designprojekt<\/strong>: Experimentera med kreativa koncept och visuella stilar.<\/li>\n<\/ul>\n\n\n\n<h2 class=\"wp-block-heading\">Vem ska anv\u00e4nda?<\/h2>\n\n\n\n<p class=\"\">Bing AI Image Generator \u00e4r l\u00e4mplig f\u00f6r ett brett spektrum av anv\u00e4ndare, inklusive:<\/p>\n\n\n\n<ul class=\"wp-block-list\">\n<li class=\"\"><strong>Skapare av inneh\u00e5ll<\/strong>: Bloggare, vloggare och influencers i sociala medier.<\/li>\n\n\n\n<li class=\"\"><strong>Marknadsf\u00f6rare<\/strong>: Digitala marknadsf\u00f6rare, annons\u00f6rer och varum\u00e4rkesansvariga.<\/li>\n\n\n\n<li class=\"\"><strong>Utbildare<\/strong>: L\u00e4rare, utbildare och instruktionsdesigners.<\/li>\n\n\n\n<li class=\"\"><strong>Konstn\u00e4rer och formgivare<\/strong>: Grafiska formgivare, illustrat\u00f6rer och bildkonstn\u00e4rer.<\/li>\n\n\n\n<li class=\"\"><strong>F\u00f6retag<\/strong>: Sm\u00e5f\u00f6retagare, nystartade f\u00f6retag och stora f\u00f6retag.<\/li>\n<\/ul>\n\n\n\n<h2 class=\"wp-block-heading\">J\u00e4mf\u00f6relse av Bing AI Image Generator med andra verktyg<\/h2>\n\n\n\n<p class=\"\">N\u00e4r det g\u00e4ller AI-bildgenerering finns det flera verktyg tillg\u00e4ngliga p\u00e5 marknaden. H\u00e4r j\u00e4mf\u00f6r vi Bing AI Image Generator med andra popul\u00e4ra alternativ:<\/p>\n\n\n\n<figure class=\"wp-block-table\"><table class=\"has-fixed-layout\"><thead><tr><th>Verktyg<\/th><th>Proffs<\/th><th>Nackdelar<\/th><th>F\u00f6rdelar<\/th><th>Utmaningar<\/th><th>Rekommendation<\/th><\/tr><\/thead><tbody><tr><td><a href=\"https:\/\/aiartfree.online\/sv\/\" data-type=\"link\" data-id=\"https:\/\/aiartfree.online\/\">Gratis AI-konstgenerator<\/a><\/td><td>Anv\u00e4ndarv\u00e4nlig, gratis att anv\u00e4nda<\/td><td>Begr\u00e4nsade avancerade funktioner<\/td><td>L\u00e4tt f\u00f6r nyb\u00f6rjare<\/td><td>Grundl\u00e4ggande utdata<\/td><td>Perfekt f\u00f6r vardagligt bruk<\/td><\/tr><tr><td><a href=\"https:\/\/midjourney.com\" rel=\"nofollow noopener\" target=\"_blank\">Midjourney<\/a><\/td><td>H\u00f6gkvalitativ produktion, kreativa stilar<\/td><td>Prenumeration kr\u00e4vs<\/td><td>Bilder i professionell kvalitet<\/td><td>Dyrt<\/td><td>Idealisk f\u00f6r professionellt bruk<\/td><\/tr><tr><td><a href=\"https:\/\/stablediffusion.com\" rel=\"nofollow noopener\" target=\"_blank\">Stabil diffusion<\/a><\/td><td>Detaljerade bilder, anpassningsbara<\/td><td>Kr\u00e4ver teknisk kunskap<\/td><td>M\u00e5ngsidiga utg\u00e5ngar<\/td><td>Brant inl\u00e4rningskurva<\/td><td>B\u00e4st f\u00f6r tekniskt kunniga anv\u00e4ndare<\/td><\/tr><tr><td><a href=\"https:\/\/aiartfree.online\/sv\/free-online-dall\u00b7e-3\/\" data-type=\"link\" data-id=\"https:\/\/aiartfree.online\/free-online-dall%c2%b7e-3\/\">DALL-E 3<\/a><\/td><td>Innovativ, banbrytande<\/td><td>Begr\u00e4nsad \u00e5tkomst<\/td><td>Toppmodern AI<\/td><td>Begr\u00e4nsad tillg\u00e4nglighet<\/td><td>Perfekt f\u00f6r tidiga anv\u00e4ndare<\/td><\/tr><tr><td><a href=\"https:\/\/deepart.io\" rel=\"nofollow noopener\" target=\"_blank\">DeepArt.io<\/a><\/td><td>Konstn\u00e4rliga stilar, enkla att anv\u00e4nda<\/td><td>Handl\u00e4ggningstiden kan vara l\u00e5ng<\/td><td>Unik konstn\u00e4rlig produktion<\/td><td>L\u00e5ngsam generationstid<\/td><td>L\u00e4mplig f\u00f6r konstprojekt<\/td><\/tr><tr><td><a href=\"https:\/\/artbreeder.com\" rel=\"nofollow noopener\" target=\"_blank\">Konstuppf\u00f6dare<\/a><\/td><td>Samarbete, olika stilar<\/td><td>Vissa funktioner bakom betalv\u00e4gg<\/td><td>Kreativ frihet<\/td><td>Kan vara komplicerat<\/td><td>Perfekt f\u00f6r samarbetsprojekt<\/td><\/tr><tr><td><a href=\"https:\/\/runwayml.com\" rel=\"nofollow noopener\" target=\"_blank\">Landningsbana ML<\/a><\/td><td>Brett utbud av AI-verktyg<\/td><td>Dyrt f\u00f6r full tillg\u00e5ng<\/td><td>Multifunktionell<\/td><td>H\u00f6g kostnad<\/td><td>Utm\u00e4rkt f\u00f6r omfattande AI-anv\u00e4ndning<\/td><\/tr><tr><td><a href=\"https:\/\/deepdreamgenerator.com\" rel=\"nofollow noopener\" target=\"_blank\">Generator f\u00f6r djupa dr\u00f6mmar<\/a><\/td><td>Surrealistiska och unika utg\u00e5ngar<\/td><td>Mindre kontroll \u00f6ver resultaten<\/td><td>Roligt och experimentellt<\/td><td>Of\u00f6ruts\u00e4gbara resultat<\/td><td>Idealisk f\u00f6r experimentell konst<\/td><\/tr><tr><td><a href=\"https:\/\/nightcafe.studio\" rel=\"nofollow noopener\" target=\"_blank\">NattCaf\u00e9<\/a><\/td><td>Olika stilar, samh\u00e4llsdrivet<\/td><td>Begr\u00e4nsad fri anv\u00e4ndning<\/td><td>Gemenskapens funktioner<\/td><td>Anv\u00e4ndningsgr\u00e4nser<\/td><td>Bra f\u00f6r interaktion med samh\u00e4llet<\/td><\/tr><tr><td><a href=\"https:\/\/artisto.com\" rel=\"nofollow noopener\" target=\"_blank\">Artisto<\/a><\/td><td>Mobilv\u00e4nlig, enkel att anv\u00e4nda<\/td><td>Begr\u00e4nsad till mobil plattform<\/td><td>Bekv\u00e4mt<\/td><td>Begr\u00e4nsningar f\u00f6r plattformar<\/td><td>B\u00e4st f\u00f6r mobila anv\u00e4ndare<\/td><\/tr><\/tbody><\/table><\/figure>\n\n\n\n<p class=\"\">Efter att ha j\u00e4mf\u00f6rt dessa verktyg rekommenderar vi <a href=\"https:\/\/aiartfree.online\/sv\/bing-ai-bildgenerator\/\"><strong>Bing AI bildgenerator<\/strong><\/a> som det b\u00e4sta alternativet f\u00f6r sin balans mellan kvalitet, anv\u00e4ndarv\u00e4nlighet och tillg\u00e4nglighet. F\u00f6r mer information, bes\u00f6k <a href=\"https:\/\/aiartfree.online\/sv\/bing-ai-bildgenerator\/\">Bing AI bildgenerator<\/a>.<\/p>\n\n\n\n<h2 class=\"wp-block-heading\">Vanliga fr\u00e5gor och svar<\/h2>\n\n\n\n<ol class=\"wp-block-list\">\n<li class=\"\"><strong>Vad \u00e4r Bing AI Image Generator?<\/strong> Bing AI Image Generator \u00e4r ett verktyg som anv\u00e4nder AI f\u00f6r att skapa bilder baserat p\u00e5 textbeskrivningar.<\/li>\n\n\n\n<li class=\"\"><strong>Hur fungerar Bing AI Image Generator?<\/strong> Den anv\u00e4nder generativa AI-algoritmer f\u00f6r att tolka textmeddelanden och generera motsvarande bilder.<\/li>\n\n\n\n<li class=\"\"><strong>\u00c4r Bing AI Image Generator gratis att anv\u00e4nda?<\/strong> Ja, den \u00e4r tillg\u00e4nglig gratis med vissa begr\u00e4nsningar.<\/li>\n\n\n\n<li class=\"\"><strong>Kan jag anv\u00e4nda Bing AI Image Generator f\u00f6r kommersiella \u00e4ndam\u00e5l?<\/strong> Ja, de bilder som genereras kan anv\u00e4ndas f\u00f6r kommersiella projekt.<\/li>\n\n\n\n<li class=\"\"><strong>Vilka \u00e4r f\u00f6rdelarna med att anv\u00e4nda Bing AI Image Generator?<\/strong> Det ger h\u00f6gkvalitativa bilder, \u00e4r anpassningsbart, tidseffektivt, kostnadseffektivt och tillg\u00e4ngligt.<\/li>\n\n\n\n<li class=\"\"><strong>Beh\u00f6ver jag tekniska kunskaper f\u00f6r att anv\u00e4nda Bing AI Image Generator?<\/strong> Nej, den \u00e4r utformad f\u00f6r att vara anv\u00e4ndarv\u00e4nlig \u00e4ven f\u00f6r dem som inte har teknisk kompetens.<\/li>\n\n\n\n<li class=\"\"><strong>Vilka typer av projekt kan dra nytta av Bing AI Image Generator?<\/strong> Marknadsf\u00f6ringskampanjer, skapande av inneh\u00e5ll, utbildningsmaterial, konst och designprojekt.<\/li>\n\n\n\n<li class=\"\"><strong>Hur kan jag ge feedback p\u00e5 de genererade bilderna?<\/strong> Du kan vanligtvis hitta ett feedbackalternativ i verktygets gr\u00e4nssnitt.<\/li>\n\n\n\n<li class=\"\"><strong>Finns det n\u00e5gra begr\u00e4nsningar f\u00f6r Bing AI Image Generator?<\/strong> \u00c4ven om den \u00e4r kraftfull kanske den \u00e4nnu inte kan m\u00e4ta sig med en professionell designers kreativitet.<\/li>\n\n\n\n<li class=\"\"><strong>Var kan jag f\u00e5 tillg\u00e5ng till Bing AI Image Generator?<\/strong> Du kan komma \u00e5t den p\u00e5 <a href=\"https:\/\/aiartfree.online\/sv\/bing-ai-bildgenerator\/\">Bing AI bildgenerator<\/a>.<\/li>\n<\/ol>\n\n\n\n<p class=\"\">Sammanfattningsvis \u00e4r Bing AI Image Generator ett m\u00e5ngsidigt och kraftfullt verktyg som kan f\u00f6rb\u00e4ttra dina kreativa projekt genom att tillhandah\u00e5lla h\u00f6gkvalitativa bilder som genereras fr\u00e5n textbeskrivningar. Oavsett om du \u00e4r inneh\u00e5llsskapare, marknadsf\u00f6rare, utbildare eller konstn\u00e4r kan det h\u00e4r verktyget spara tid och resurser samtidigt som du levererar imponerande resultat.<\/p>","protected":false},"excerpt":{"rendered":"<p>How to use Bing AI Image Generator *&nbsp;Depending on your internet speed, loading the model may take a few seconds.* There will be caching during continuous generation, and the new image will appear after about 3 seconds. Introduction of Bing AI Image Generator In today&#8217;s digital age, creating visually stunning images is more important than &#8230; <a title=\"Bing AI bildgenerator\" class=\"read-more\" href=\"https:\/\/aiartfree.online\/sv\/bing-ai-bildgenerator\/\" aria-label=\"L\u00e4s mer om Bing AI Image Generator\">L\u00e4s mer<\/a><\/p>","protected":false},"author":1,"featured_media":0,"parent":0,"menu_order":0,"comment_status":"open","ping_status":"closed","template":"","meta":{"nf_dc_page":"","footnotes":""},"class_list":["post-2974","page","type-page","status-publish"],"jetpack_sharing_enabled":true,"_links":{"self":[{"href":"https:\/\/aiartfree.online\/sv\/wp-json\/wp\/v2\/pages\/2974","targetHints":{"allow":["GET"]}}],"collection":[{"href":"https:\/\/aiartfree.online\/sv\/wp-json\/wp\/v2\/pages"}],"about":[{"href":"https:\/\/aiartfree.online\/sv\/wp-json\/wp\/v2\/types\/page"}],"author":[{"embeddable":true,"href":"https:\/\/aiartfree.online\/sv\/wp-json\/wp\/v2\/users\/1"}],"replies":[{"embeddable":true,"href":"https:\/\/aiartfree.online\/sv\/wp-json\/wp\/v2\/comments?post=2974"}],"version-history":[{"count":1,"href":"https:\/\/aiartfree.online\/sv\/wp-json\/wp\/v2\/pages\/2974\/revisions"}],"predecessor-version":[{"id":3593,"href":"https:\/\/aiartfree.online\/sv\/wp-json\/wp\/v2\/pages\/2974\/revisions\/3593"}],"wp:attachment":[{"href":"https:\/\/aiartfree.online\/sv\/wp-json\/wp\/v2\/media?parent=2974"}],"curies":[{"name":"wp","href":"https:\/\/api.w.org\/{rel}","templated":true}]}}