{"id":2958,"date":"2024-07-19T10:33:37","date_gmt":"2024-07-19T10:33:37","guid":{"rendered":"https:\/\/aiartfree.online\/?page_id=2958"},"modified":"2025-03-07T08:07:42","modified_gmt":"2025-03-07T08:07:42","slug":"ai-character-generator","status":"publish","type":"page","link":"https:\/\/aiartfree.online\/sv\/ai-karaktarsgenerator\/","title":{"rendered":"AI-karakt\u00e4rsgenerator"},"content":{"rendered":"<h2 class=\"wp-block-heading has-text-align-center\" id=\"what-our-users-made\">Vad v\u00e5ra anv\u00e4ndare tyckte<\/h2>\n\n\n\n<figure class=\"gb-block-image gb-block-image-1822da1f\"><img data-recalc-dims=\"1\" decoding=\"async\" loading=\"lazy\" width=\"1200\" height=\"1190\" class=\"gb-image gb-image-1822da1f\" src=\"https:\/\/i0.wp.com\/aiartfree.online\/wp-content\/uploads\/2024\/07\/WX20240719-144752%402x.jpg?resize=1200%2C1190&#038;ssl=1\" alt=\"AI Character Generators anv\u00e4nder avancerade algoritmer f\u00f6r att v\u00e4cka din fantasi till liv, vilket ger o\u00e4ndliga m\u00f6jligheter att skapa karakt\u00e4rer.\" title=\"WX20240719-144752@2x\" srcset=\"https:\/\/i0.wp.com\/aiartfree.online\/wp-content\/uploads\/2024\/07\/WX20240719-144752%402x.jpg?w=1632&amp;ssl=1 1632w, https:\/\/i0.wp.com\/aiartfree.online\/wp-content\/uploads\/2024\/07\/WX20240719-144752%402x.jpg?resize=300%2C297&amp;ssl=1 300w, https:\/\/i0.wp.com\/aiartfree.online\/wp-content\/uploads\/2024\/07\/WX20240719-144752%402x.jpg?resize=1024%2C1015&amp;ssl=1 1024w, https:\/\/i0.wp.com\/aiartfree.online\/wp-content\/uploads\/2024\/07\/WX20240719-144752%402x.jpg?resize=150%2C150&amp;ssl=1 150w, https:\/\/i0.wp.com\/aiartfree.online\/wp-content\/uploads\/2024\/07\/WX20240719-144752%402x.jpg?resize=768%2C761&amp;ssl=1 768w, https:\/\/i0.wp.com\/aiartfree.online\/wp-content\/uploads\/2024\/07\/WX20240719-144752%402x.jpg?resize=1536%2C1523&amp;ssl=1 1536w, https:\/\/i0.wp.com\/aiartfree.online\/wp-content\/uploads\/2024\/07\/WX20240719-144752%402x.jpg?resize=12%2C12&amp;ssl=1 12w, https:\/\/i0.wp.com\/aiartfree.online\/wp-content\/uploads\/2024\/07\/WX20240719-144752%402x.jpg?resize=600%2C595&amp;ssl=1 600w, https:\/\/i0.wp.com\/aiartfree.online\/wp-content\/uploads\/2024\/07\/WX20240719-144752%402x.jpg?resize=100%2C100&amp;ssl=1 100w\" sizes=\"auto, (max-width: 1200px) 100vw, 1200px\" \/><\/figure>\n\n\n\n<h2 class=\"wp-block-heading\" id=\"3-steps-to-use\">3 steg f\u00f6r att anv\u00e4nda AI Character Generator<\/h2>\n\n\n\n<ol class=\"wp-block-list\">\n<li class=\"\">Ange din prompt<\/li>\n\n\n\n<li class=\"\">Klicka p\u00e5 \"Generera\"<\/li>\n\n\n\n<li class=\"\">V\u00e4nta, det var det!<\/li>\n<\/ol>\n\n\n\n<figure class=\"gb-block-image gb-block-image-032aac41\"><a href=\"https:\/\/fas.st\/t\/9U4PYbm7\" target=\"_blank\" rel=\"noopener noreferrer\"><img data-recalc-dims=\"1\" decoding=\"async\" loading=\"lazy\" width=\"1200\" height=\"365\" class=\"gb-image gb-image-032aac41\" src=\"https:\/\/i0.wp.com\/aiartfree.online\/wp-content\/uploads\/2025\/03\/WX20250307-115412%402x.webp?resize=1200%2C365&#038;ssl=1\" alt=\"\" title=\"WX20250307-115412@2x\" srcset=\"https:\/\/i0.wp.com\/aiartfree.online\/wp-content\/uploads\/2025\/03\/WX20250307-115412%402x.webp?w=1942&amp;ssl=1 1942w, https:\/\/i0.wp.com\/aiartfree.online\/wp-content\/uploads\/2025\/03\/WX20250307-115412%402x.webp?resize=300%2C91&amp;ssl=1 300w, https:\/\/i0.wp.com\/aiartfree.online\/wp-content\/uploads\/2025\/03\/WX20250307-115412%402x.webp?resize=1024%2C312&amp;ssl=1 1024w, https:\/\/i0.wp.com\/aiartfree.online\/wp-content\/uploads\/2025\/03\/WX20250307-115412%402x.webp?resize=768%2C234&amp;ssl=1 768w, https:\/\/i0.wp.com\/aiartfree.online\/wp-content\/uploads\/2025\/03\/WX20250307-115412%402x.webp?resize=1536%2C467&amp;ssl=1 1536w, https:\/\/i0.wp.com\/aiartfree.online\/wp-content\/uploads\/2025\/03\/WX20250307-115412%402x.webp?resize=18%2C5&amp;ssl=1 18w, https:\/\/i0.wp.com\/aiartfree.online\/wp-content\/uploads\/2025\/03\/WX20250307-115412%402x.webp?resize=600%2C183&amp;ssl=1 600w\" sizes=\"auto, (max-width: 1200px) 100vw, 1200px\" \/><\/a><\/figure>\n\n\n\n<p class=\"\"><em>* Beroende p\u00e5 din internethastighet kan det ta n\u00e5gra sekunder att ladda modellen.<br>* Under den kontinuerliga genereringen sker en cachning och den nya bilden visas efter ca 3 sekunder.<\/em><\/p>\n\n\n\n<div style=\"text-align: center; border: 2px solid; border-image-source: linear-gradient(to right, #16b86c, #912899); border-image-slice: 1; box-shadow: 0 0 10px rgba(0, 0, 0, 0.1); border-radius: 15px; position: relative;\">\n  <div id=\"loading\" style=\"position: absolute; top: 100px; left: 50%; transform: translate(-50%, -50%); z-index: 1000;\">\n    <div style=\"width: 50px; height: 50px; border: 5px solid #f3f3f3; border-top: 5px solid #16b86c; border-radius: 50%; animation: spin 1s linear infinite;\"><\/div>\n  <\/div>\n  <iframe loading=\"lazy\"\n    src=\"https:\/\/cagliostrolab-animagine-xl-3-1.hf.space\"\n    frameborder=\"0\"\n    width=\"100%\"\n    height=\"1600\"\n    style=\"display: inline-block; margin: 0 auto;\"\n    onload=\"document.getElementById('loading').style.display='none';\"\n  ><\/iframe>\n<\/div>\n\n<style>\n  @keyframes spin {\n    0% { transform: rotate(0deg); }\n    100% { transform: rotate(360deg); }\n  }\n<\/style>\n\n\n\n<div style=\"height:50px\" aria-hidden=\"true\" class=\"wp-block-spacer\"><\/div>\n\n\n\n<h2 class=\"wp-block-heading\">Exempel p\u00e5 uppmaningar<\/h2>\n\n\n\n<ol style=\"font-size:16px\" class=\"wp-block-list\">\n<li class=\"\">hisnande mycket detaljerad grafisk romanillustration av morgan freeman som k\u00f6r en harley davidson motorcykel , m\u00f6rk och grusig<\/li>\n\n\n\n<li class=\"\">hisnande grafisk romanillustration Mitt i den vidstr\u00e4ckta nebulosan flyter en ensam astronaut, fastbunden vid ett lysande rymdskepp. Nebulosans str\u00e5lande gaser dansar runt och reflekterar livfulla f\u00e4rger p\u00e5 dr\u00e4kten, vilket skapar en balett av ljus och r\u00f6relse.<\/li>\n\n\n\n<li class=\"\">hisnande grafisk illustration av Vid ett v\u00e4gsk\u00e4l i en postapokalyptisk \u00f6demark sjunger en vandrare med en gitarr gjord av metallskrot ber\u00e4ttelser om den gamla v\u00e4rlden. Mutanta varelser samlas runt l\u00e4gerelden, deras \u00f6gon fyllda av l\u00e4ngtan.<\/li>\n\n\n\n<li class=\"\">hisnande grafisk romanillustration av ett barn som jagar f\u00e4rgglada fj\u00e4rilar p\u00e5 en livfull \u00e4ng.<\/li>\n\n\n\n<li class=\"\">hisnande grafisk romanillustration P\u00e5 en strand d\u00e4r v\u00e5gorna \u00e4r v\u00e4vda av ber\u00e4ttelser, skapar en sagober\u00e4ttare med en v\u00e4vstol av m\u00e5nsken ber\u00e4ttelser fr\u00e5n tidvattnet. Sn\u00e4ckor viskar legender och horisonten \u00e4r en v\u00e4v av \u00e4ventyr som \u00e4nnu inte har ber\u00e4ttats.<\/li>\n\n\n\n<li class=\"\">hisnande grafisk romanillustration av en falk som sv\u00e4var \u00f6ver en \u00f6ken och letar efter byte.<\/li>\n\n\n\n<li class=\"\">hisnande grafisk romanillustration Djupt inne i polcirkeln m\u00e5lar ett norrsken himlen med livfulla nyanser av gr\u00f6nt, rosa och lila. Sn\u00f6n nedanf\u00f6r reflekterar denna ljusdans och v\u00e4rlden omsluts av en fascinerande f\u00e4rgsymfoni.<\/li>\n\n\n\n<li class=\"\">hisnande grafisk romanillustration av en tatuerare som utf\u00f6r en invecklad design p\u00e5 en kunds rygg.<\/li>\n\n\n\n<li class=\"\">hisnande grafisk romanillustration av en kvinna, draperad i f\u00e4rgglatt siden, som l\u00e4ser tarotkort i ett t\u00e4lt upplyst av levande ljus.<\/li>\n\n\n\n<li class=\"\">hisnande grafisk romanillustration av tv\u00e5 speleologer som kartl\u00e4gger en djup grotta med facklor som lyser upp v\u00e4gen.<\/li>\n<\/ol>\n\n\n\n<div style=\"height:50px\" aria-hidden=\"true\" class=\"wp-block-spacer\"><\/div>\n\n\n\n<h2 class=\"wp-block-heading\" id=\"introduction-to-ai-character-generator\">Introduktion till AI Character Generator<\/h2>\n\n\n\n<p class=\"\">I den digitala tids\u00e5ldern har det blivit l\u00e4ttare att skapa unika och engagerande karakt\u00e4rer f\u00f6r ber\u00e4ttelser, spel eller personliga projekt tack vare AI-karakt\u00e4rsgeneratorer. Dessa verktyg anv\u00e4nder avancerade algoritmer f\u00f6r att v\u00e4cka din fantasi till liv, vilket ger o\u00e4ndliga m\u00f6jligheter f\u00f6r karakt\u00e4rsskapande. Den h\u00e4r artikeln utforskar v\u00e4rlden av AI-karakt\u00e4rsgeneratorer, deras f\u00f6rdelar och hur man f\u00e5r ut det mesta av dem.<\/p>\n\n\n\n<div class=\"wp-block-rank-math-toc-block\" id=\"rank-math-toc\"><h3>Inneh\u00e5llsf\u00f6rteckning<\/h3><nav><ul><li><a href=\"#what-is-an-ai-character-generator\">Vad \u00e4r en AI-karakt\u00e4rsgenerator?<\/a><\/li><li><a href=\"#why-use-an-ai-character-generator\">Varf\u00f6r anv\u00e4nda en AI-karakt\u00e4rsgenerator?<\/a><\/li><li><a href=\"#benefits-of-using-ai-character-generators\">F\u00f6rdelar med att anv\u00e4nda AI-teckengeneratorer<\/a><\/li><li><a href=\"#when-to-use-it\">N\u00e4r ska du anv\u00e4nda den?<\/a><\/li><li><a href=\"#who-should-use-it\">Vem ska anv\u00e4nda det?<\/a><\/li><li><a href=\"#comparison-of-ai-character-generators\">J\u00e4mf\u00f6relse av AI-teckengeneratorer<\/a><\/li><li><a href=\"#faq\">VANLIGA FR\u00c5GOR<\/a><\/li><\/ul><\/nav><\/div>\n\n\n\n<h3 class=\"wp-block-heading\" id=\"what-is-an-ai-character-generator\">Vad \u00e4r en AI-karakt\u00e4rsgenerator?<\/h3>\n\n\n\n<p class=\"\">En AI-karakt\u00e4rsgenerator \u00e4r ett digitalt verktyg som anv\u00e4nder artificiell intelligens f\u00f6r att skapa karakt\u00e4rer baserat p\u00e5 anv\u00e4ndarens inmatningar. Dessa generatorer kan producera detaljerade karakt\u00e4rsdesigner, bakgrundshistorier och personlighetsdrag, vilket g\u00f6r dem v\u00e4rdefulla f\u00f6r f\u00f6rfattare, spelutvecklare och konstn\u00e4rer.<\/p>\n\n\n\n<h3 class=\"wp-block-heading\" id=\"why-use-an-ai-character-generator\">Varf\u00f6r anv\u00e4nda en AI-karakt\u00e4rsgenerator?<\/h3>\n\n\n\n<p class=\"\">AI-teckengeneratorer erbjuder flera f\u00f6rdelar, bland annat:<\/p>\n\n\n\n<ul class=\"wp-block-list\">\n<li class=\"\"><strong>Effektivitet<\/strong>: Generera snabbt tecken utan omfattande manuellt arbete.<\/li>\n\n\n\n<li class=\"\"><strong>Boost f\u00f6r kreativiteten<\/strong>: Utforska nya karakt\u00e4rsid\u00e9er och m\u00f6nster som du kanske inte har t\u00e4nkt p\u00e5 tidigare.<\/li>\n\n\n\n<li class=\"\"><strong>Samst\u00e4mmighet<\/strong>: Uppr\u00e4tth\u00e5lla konsekvens i karakt\u00e4rsdrag och bakgrundshistorier i olika projekt.<\/li>\n\n\n\n<li class=\"\"><strong>Inspiration<\/strong>: \u00d6vervinn kreativa blockeringar med nya id\u00e9er fr\u00e5n AI-f\u00f6rslag.<\/li>\n<\/ul>\n\n\n\n<h3 class=\"wp-block-heading\" id=\"benefits-of-using-ai-character-generators\">F\u00f6rdelar med att anv\u00e4nda AI-teckengeneratorer<\/h3>\n\n\n\n<p class=\"\">Att anv\u00e4nda AI-teckengeneratorer ger m\u00e5nga f\u00f6rdelar:<\/p>\n\n\n\n<ul class=\"wp-block-list\">\n<li class=\"\"><strong>Karakt\u00e4rsskapare gratis<\/strong>: M\u00e5nga AI-karakt\u00e4rsgeneratorer \u00e4r tillg\u00e4ngliga gratis, vilket g\u00f6r dem tillg\u00e4ngliga f\u00f6r alla.<\/li>\n\n\n\n<li class=\"\"><strong>AI-generator f\u00f6r karakt\u00e4rer<\/strong>: Dessa verktyg anv\u00e4nder sofistikerade AI-algoritmer f\u00f6r att skapa realistiska och m\u00e5ngsidiga karakt\u00e4rer.<\/li>\n\n\n\n<li class=\"\"><strong>Skapa en karakt\u00e4r<\/strong>: Skapa enkelt karakt\u00e4rer f\u00f6r olika medier, t.ex. ber\u00e4ttelser, spel och konstverk.<\/li>\n\n\n\n<li class=\"\"><strong>Generator f\u00f6r karakt\u00e4rernas bakgrundshistoria<\/strong>: Skapa \u00f6vertygande bakgrundshistorier som ger dina karakt\u00e4rer djup.<\/li>\n\n\n\n<li class=\"\"><strong>Generator f\u00f6r slumpm\u00e4ssig karakt\u00e4rsdesign<\/strong>: F\u00e5 slumpm\u00e4ssiga karakt\u00e4rsdesigner f\u00f6r att stimulera kreativiteten och uppt\u00e4cka nya m\u00f6jligheter.<\/li>\n<\/ul>\n\n\n\n<h3 class=\"wp-block-heading\" id=\"when-to-use-it\">N\u00e4r ska du anv\u00e4nda den?<\/h3>\n\n\n\n<p class=\"\">AI-karakt\u00e4rsgeneratorer \u00e4r idealiska i f\u00f6ljande scenarier:<\/p>\n\n\n\n<ul class=\"wp-block-list\">\n<li class=\"\"><strong>Spelutveckling<\/strong>: Skapa snabbt NPC:er eller huvudpersoner med unika egenskaper.<\/li>\n\n\n\n<li class=\"\"><strong>Skriva ber\u00e4ttelser<\/strong>: Utveckla detaljerade karakt\u00e4rer med rika bakgrundshistorier f\u00f6r dina ber\u00e4ttelser.<\/li>\n\n\n\n<li class=\"\"><strong>Konstprojekt<\/strong>: Skapa karakt\u00e4rsdesign f\u00f6r illustrationer eller serier.<\/li>\n\n\n\n<li class=\"\"><strong>Rollspel<\/strong>: Skapa karakt\u00e4rer med invecklade personligheter f\u00f6r RPG-spel p\u00e5 bord eller online.<\/li>\n<\/ul>\n\n\n\n<h3 class=\"wp-block-heading\" id=\"who-should-use-it\">Vem ska anv\u00e4nda det?<\/h3>\n\n\n\n<p class=\"\">AI-teckengeneratorer \u00e4r l\u00e4mpliga f\u00f6r ett brett spektrum av anv\u00e4ndare, inklusive:<\/p>\n\n\n\n<ul class=\"wp-block-list\">\n<li class=\"\"><strong>F\u00f6rfattarna<\/strong>: F\u00f6rb\u00e4ttra dina ber\u00e4ttelser med v\u00e4lutvecklade karakt\u00e4rer.<\/li>\n\n\n\n<li class=\"\"><strong>Spelutvecklare<\/strong>: Spara tid p\u00e5 att skapa karakt\u00e4rer f\u00f6r dina spel.<\/li>\n\n\n\n<li class=\"\"><strong>Artister<\/strong>: Utforska nya karakt\u00e4rsdesigner och stilar.<\/li>\n\n\n\n<li class=\"\"><strong>RPG-entusiaster<\/strong>: Utveckla komplexa karakt\u00e4rer f\u00f6r dina spel.<\/li>\n\n\n\n<li class=\"\"><strong>Utbildare<\/strong>: Anv\u00e4nd karakt\u00e4rsgeneratorer som ett verktyg f\u00f6r kreativa skriv\u00f6vningar.<\/li>\n<\/ul>\n\n\n\n<h3 class=\"wp-block-heading\" id=\"comparison-of-ai-character-generators\">J\u00e4mf\u00f6relse av AI-teckengeneratorer<\/h3>\n\n\n\n<p class=\"\">Nedan f\u00f6ljer en j\u00e4mf\u00f6relse av olika AI-karakt\u00e4rsgeneratorer, deras f\u00f6r- och nackdelar, f\u00f6rdelar, utmaningar och rekommendationer.<\/p>\n\n\n\n<figure class=\"wp-block-table\"><table class=\"has-fixed-layout\"><thead><tr><th>Verktygets namn<\/th><th>Proffs<\/th><th>Nackdelar<\/th><th>F\u00f6rdelar<\/th><th>Utmaningar<\/th><th>Rekommendationer<\/th><\/tr><\/thead><tbody><tr><td><a href=\"https:\/\/aiartfree.online\/sv\/ai-karaktarsgenerator\/\" data-type=\"link\" data-id=\"https:\/\/aiartfree.online\/ai-character-generator\">AI-karakt\u00e4rsgenerator<\/a><\/td><td>L\u00e4tt att anv\u00e4nda, gratis<\/td><td>Begr\u00e4nsad anpassning<\/td><td>Snabbt skapande av karakt\u00e4rer<\/td><td>Kan kr\u00e4va internetanslutning<\/td><td>B\u00e4st f\u00f6r nyb\u00f6rjare<\/td><\/tr><tr><td>Skapare av karakt\u00e4rer<\/td><td>Mycket anpassningsbar<\/td><td>Brantare inl\u00e4rningskurva<\/td><td>Detaljerad design<\/td><td>Kan vara tidskr\u00e4vande<\/td><td>Idealisk f\u00f6r erfarna anv\u00e4ndare<\/td><\/tr><tr><td>Generator f\u00f6r slumpm\u00e4ssiga tecken<\/td><td>Roligt och kreativt<\/td><td>Slumpm\u00e4ssighet kanske inte passar alla<\/td><td>Perfekt f\u00f6r inspiration<\/td><td>Mindre kontroll \u00f6ver produktionen<\/td><td>Anv\u00e4nd f\u00f6r brainstorming<\/td><\/tr><tr><td>Generator f\u00f6r bakgrundshistoria<\/td><td>Rika bakgrundshistorier<\/td><td>Begr\u00e4nsad visuell design<\/td><td>F\u00f6rb\u00e4ttrar karakt\u00e4rsdjupet<\/td><td>Kan sakna visuella element<\/td><td>Kombinera med visuella verktyg<\/td><\/tr><tr><td>Stabil diffusion<\/td><td>H\u00f6gkvalitativa bilder<\/td><td>Kr\u00e4ver tekniska f\u00e4rdigheter<\/td><td>Toppmodern AI<\/td><td>Kan vara komplicerat<\/td><td>B\u00e4st f\u00f6r avancerade anv\u00e4ndare<\/td><\/tr><tr><td>Konstverktyg online<\/td><td>M\u00e5ngsidiga verktyg<\/td><td>Kan vara \u00f6verv\u00e4ldigande<\/td><td>Brett utbud av funktioner<\/td><td>Kan kr\u00e4va inl\u00e4rning<\/td><td>B\u00e4st f\u00f6r omfattande projekt<\/td><\/tr><tr><td>AI-driven karakt\u00e4rsdesign<\/td><td>Snabbt och effektivt<\/td><td>Kan sakna unikhet<\/td><td>Idealisk f\u00f6r snabba projekt<\/td><td>Begr\u00e4nsad personalisering<\/td><td>Anv\u00e4nd f\u00f6r snabb prototyptillverkning<\/td><\/tr><tr><td>Skapa AI-genererad konst<\/td><td>Kreativa resultat<\/td><td>Kr\u00e4ver anvisningar<\/td><td>Engagerande och interaktiv<\/td><td>Kan kr\u00e4va f\u00f6rs\u00f6k och misstag<\/td><td>B\u00e4st f\u00f6r kreativ utforskning<\/td><\/tr><tr><td>AI-genererade konstverk<\/td><td>H\u00f6g realism<\/td><td>Kan vara resurskr\u00e4vande<\/td><td>Fotorealistiska karakt\u00e4rer<\/td><td>Kr\u00e4ver kraftfull h\u00e5rdvara<\/td><td>B\u00e4st f\u00f6r avancerade projekt<\/td><\/tr><tr><td>AI Art Generator<\/td><td>Enkel \u00e5tkomst<\/td><td>Begr\u00e4nsade fria valm\u00f6jligheter<\/td><td>Bra f\u00f6r nyb\u00f6rjare<\/td><td>Kan beh\u00f6va abonnemang<\/td><td>B\u00e4st f\u00f6r nyb\u00f6rjare<\/td><\/tr><\/tbody><\/table><\/figure>\n\n\n\n<p class=\"\">Den b\u00e4sta AI-karakt\u00e4rsgeneratorn \u00e4r <a href=\"https:\/\/aiartfree.online\/sv\/ai-karaktarsgenerator\/\">AI-karakt\u00e4rsgenerator<\/a>som erbjuder ett anv\u00e4ndarv\u00e4nligt gr\u00e4nssnitt och robusta funktioner f\u00f6r att skapa detaljerade och unika karakt\u00e4rer.<\/p>\n\n\n\n<h3 class=\"wp-block-heading\" id=\"faq\">VANLIGA FR\u00c5GOR<\/h3>\n\n\n\n<p class=\"\"><strong>F1: Vad \u00e4r en AI-karakt\u00e4rsgenerator?<\/strong> En AI-karakt\u00e4rsgenerator \u00e4r ett verktyg som anv\u00e4nder artificiell intelligens f\u00f6r att skapa karakt\u00e4rer baserat p\u00e5 anv\u00e4ndarens inmatningar, inklusive design, egenskaper och bakgrundshistorier.<\/p>\n\n\n\n<p class=\"\"><strong>F2: Hur fungerar AI-karakt\u00e4rsgeneratorer?<\/strong> Dessa generatorer anv\u00e4nder maskininl\u00e4rningsalgoritmer f\u00f6r att analysera anv\u00e4ndarens inmatningar och generera karakt\u00e4rer med specifika egenskaper och m\u00f6nster.<\/p>\n\n\n\n<p class=\"\"><strong>F3: \u00c4r AI-karakt\u00e4rsgeneratorer gratis?<\/strong> M\u00e5nga AI-karakt\u00e4rsgeneratorer erbjuder gratisversioner, \u00e4ven om vissa kan ha premiumfunktioner som kr\u00e4ver betalning.<\/p>\n\n\n\n<p class=\"\"><strong>Q4: Kan jag skr\u00e4ddarsy karakt\u00e4rer i AI-karakt\u00e4rsgeneratorer?<\/strong> Ja, de flesta AI-karakt\u00e4rsgeneratorer m\u00f6jligg\u00f6r olika anpassningsniv\u00e5er f\u00f6r att passa dina behov.<\/p>\n\n\n\n<p class=\"\"><strong>F5: Vilka \u00e4r de b\u00e4sta AI-karakt\u00e4rsgeneratorerna?<\/strong> N\u00e5gra av de b\u00e4sta AI-karakt\u00e4rsgeneratorerna inkluderar <a href=\"https:\/\/aiartfree.online\/sv\/ai-karaktarsgenerator\/\">AI-karakt\u00e4rsgenerator<\/a>, karakt\u00e4rsskapare och slumpm\u00e4ssig karakt\u00e4rsgenerator.<\/p>\n\n\n\n<p class=\"\"><strong>F6: Hur kan jag anv\u00e4nda AI-teckengeneratorer i skrift?<\/strong> F\u00f6rfattarna kan anv\u00e4nda dessa verktyg f\u00f6r att utveckla detaljerade karakt\u00e4rer och bakgrundshistorier, vilket f\u00f6rb\u00e4ttrar deras ber\u00e4ttande.<\/p>\n\n\n\n<p class=\"\"><strong>F7: \u00c4r AI-karakt\u00e4rsgeneratorer anv\u00e4ndbara f\u00f6r spelutveckling?<\/strong> Ja, absolut. Med de h\u00e4r verktygen kan du snabbt skapa olika och komplexa karakt\u00e4rer f\u00f6r spel, vilket sparar tid och resurser.<\/p>\n\n\n\n<p class=\"\"><strong>Fr\u00e5ga 8: Kan AI-karakt\u00e4rsgeneratorer skapa realistiska karakt\u00e4rer?<\/strong> Ja, vissa avancerade generatorer som Stable Diffusion och AI Generated Artwork producerar mycket realistiska karakt\u00e4rer.<\/p>\n\n\n\n<p class=\"\"><strong>F9: Vad b\u00f6r jag t\u00e4nka p\u00e5 n\u00e4r jag v\u00e4ljer en AI-karakt\u00e4rsgenerator?<\/strong> T\u00e4nk p\u00e5 faktorer som anv\u00e4ndarv\u00e4nlighet, anpassningsm\u00f6jligheter, utskriftskvalitet och om den uppfyller dina specifika behov.<\/p>\n\n\n\n<p class=\"\"><strong>Q10: Var kan jag hitta den b\u00e4sta AI-karakt\u00e4rsgeneratorn?<\/strong> Den b\u00e4sta AI-karakt\u00e4rsgeneratorn finns p\u00e5 <a href=\"https:\/\/aiartfree.online\/sv\/ai-karaktarsgenerator\/\">AI-karakt\u00e4rsgenerator<\/a>och erbjuder en omfattande upps\u00e4ttning funktioner f\u00f6r karakt\u00e4rsskapande.<\/p>\n\n\n\n<p class=\"\">Genom att utnyttja kraften i AI-karakt\u00e4rsgeneratorer kan du effektivisera karakt\u00e4rsskapandeprocessen, \u00f6ka kreativiteten och enkelt ge liv \u00e5t dina karakt\u00e4rer.<\/p>\n\n\n\n<p class=\"\">Om du har n\u00e5gra ytterligare fr\u00e5gor, v\u00e4nligen kontakta <a href=\"https:\/\/chatgpt4o.space\/\" target=\"_blank\" data-type=\"link\" data-id=\"https:\/\/chatgpt4o.space\/\" rel=\"noreferrer noopener\">gratis online ChatGPT 4o mini<\/a><\/p>","protected":false},"excerpt":{"rendered":"<p>What our users made 3 Steps to Use AI Character Generator *&nbsp;Depending on your internet speed, loading the model may take a few seconds.* There will be caching during continuous generation, and the new image will appear after about 3 seconds. Prompt Examples Introduction to AI Character Generator In the digital age, creating unique and &#8230; <a title=\"AI-karakt\u00e4rsgenerator\" class=\"read-more\" href=\"https:\/\/aiartfree.online\/sv\/ai-karaktarsgenerator\/\" aria-label=\"L\u00e4s mer om AI Character Generator\">L\u00e4s mer<\/a><\/p>","protected":false},"author":1,"featured_media":2961,"parent":0,"menu_order":0,"comment_status":"open","ping_status":"closed","template":"","meta":{"nf_dc_page":"","footnotes":""},"class_list":["post-2958","page","type-page","status-publish","has-post-thumbnail"],"jetpack_sharing_enabled":true,"_links":{"self":[{"href":"https:\/\/aiartfree.online\/sv\/wp-json\/wp\/v2\/pages\/2958","targetHints":{"allow":["GET"]}}],"collection":[{"href":"https:\/\/aiartfree.online\/sv\/wp-json\/wp\/v2\/pages"}],"about":[{"href":"https:\/\/aiartfree.online\/sv\/wp-json\/wp\/v2\/types\/page"}],"author":[{"embeddable":true,"href":"https:\/\/aiartfree.online\/sv\/wp-json\/wp\/v2\/users\/1"}],"replies":[{"embeddable":true,"href":"https:\/\/aiartfree.online\/sv\/wp-json\/wp\/v2\/comments?post=2958"}],"version-history":[{"count":1,"href":"https:\/\/aiartfree.online\/sv\/wp-json\/wp\/v2\/pages\/2958\/revisions"}],"predecessor-version":[{"id":3596,"href":"https:\/\/aiartfree.online\/sv\/wp-json\/wp\/v2\/pages\/2958\/revisions\/3596"}],"wp:featuredmedia":[{"embeddable":true,"href":"https:\/\/aiartfree.online\/sv\/wp-json\/wp\/v2\/media\/2961"}],"wp:attachment":[{"href":"https:\/\/aiartfree.online\/sv\/wp-json\/wp\/v2\/media?parent=2958"}],"curies":[{"name":"wp","href":"https:\/\/api.w.org\/{rel}","templated":true}]}}