{"id":2889,"date":"2024-07-18T12:53:54","date_gmt":"2024-07-18T12:53:54","guid":{"rendered":"https:\/\/aiartfree.online\/?page_id=2889"},"modified":"2024-07-20T06:31:00","modified_gmt":"2024-07-20T06:31:00","slug":"free-dalle-3","status":"publish","type":"page","link":"https:\/\/aiartfree.online\/sv\/fri-dalle-3\/","title":{"rendered":"Gratis DALL-E 3"},"content":{"rendered":"<h2 class=\"wp-block-heading\">Hur man anv\u00e4nder den kostnadsfria DALL-E 3<\/h2>\n\n\n\n<ol class=\"wp-block-list\">\n<li class=\"\">Ange dina anvisningar<\/li>\n\n\n\n<li class=\"\">Klicka p\u00e5 \"K\u00f6r\"<\/li>\n\n\n\n<li class=\"\">V\u00e4nta, det var det!<\/li>\n<\/ol>\n\n\n\n<p class=\"\"><em>* Beroende p\u00e5 din internethastighet kan det ta n\u00e5gra sekunder att ladda modellen.<br>* Under den kontinuerliga genereringen sker en cachning och den nya bilden visas efter ca 3 sekunder.<\/em><\/p>\n\n\n\n<div style=\"text-align: center; border: 2px solid; border-image-source: linear-gradient(to right, #16b86c, #912899); border-image-slice: 1; box-shadow: 0 0 10px rgba(0, 0, 0, 0.1); border-radius: 15px;\">\n  <iframe loading=\"lazy\"\n    src=\"https:\/\/ehristoforu-dalle-3-xl-lora-v2.hf.space\"\n    frameborder=\"0\"\n    width=\"600\"\n    height=\"950\"\n    style=\"display: inline-block; margin: 0 auto;\"\n  ><\/iframe>\n<\/div>\n\n\n\n<div style=\"height:100px\" aria-hidden=\"true\" class=\"wp-block-spacer\"><\/div>\n\n\n\n<h1 class=\"gb-headline gb-headline-b91c046b gb-headline-text\"><strong>Introduktion av gratis DALL-E 3<\/strong><\/h1>\n\n\n\n<figure class=\"wp-block-image size-large is-resized\"><img data-recalc-dims=\"1\" decoding=\"async\" width=\"1024\" height=\"1024\"   loading=\"lazy\" src=\"https:\/\/i0.wp.com\/aiartfree.online\/wp-content\/uploads\/2024\/07\/avocado-square-1-1-1-1-1-1-1-1-1-1-1-1-1.jpg?resize=1024%2C1024&#038;ssl=1\" alt=\"Free Online DALL-E 3: AI-modell som genererar h\u00f6gkvalitativa bilder \/ videor fr\u00e5n textmeddelanden, revolutionerar AI-genererat inneh\u00e5llsskapande utan att kr\u00e4va konstn\u00e4rliga f\u00e4rdigheter.\" class=\"wp-image-2825\" style=\"width:416px;height:auto\" srcset=\"https:\/\/i0.wp.com\/aiartfree.online\/wp-content\/uploads\/2024\/07\/avocado-square-1-1-1-1-1-1-1-1-1-1-1-1-1.jpg?resize=1024%2C1024&amp;ssl=1 1024w, https:\/\/i0.wp.com\/aiartfree.online\/wp-content\/uploads\/2024\/07\/avocado-square-1-1-1-1-1-1-1-1-1-1-1-1-1.jpg?resize=300%2C300&amp;ssl=1 300w, https:\/\/i0.wp.com\/aiartfree.online\/wp-content\/uploads\/2024\/07\/avocado-square-1-1-1-1-1-1-1-1-1-1-1-1-1.jpg?resize=100%2C100&amp;ssl=1 100w, https:\/\/i0.wp.com\/aiartfree.online\/wp-content\/uploads\/2024\/07\/avocado-square-1-1-1-1-1-1-1-1-1-1-1-1-1.jpg?resize=600%2C600&amp;ssl=1 600w, https:\/\/i0.wp.com\/aiartfree.online\/wp-content\/uploads\/2024\/07\/avocado-square-1-1-1-1-1-1-1-1-1-1-1-1-1.jpg?resize=150%2C150&amp;ssl=1 150w, https:\/\/i0.wp.com\/aiartfree.online\/wp-content\/uploads\/2024\/07\/avocado-square-1-1-1-1-1-1-1-1-1-1-1-1-1.jpg?resize=768%2C768&amp;ssl=1 768w, https:\/\/i0.wp.com\/aiartfree.online\/wp-content\/uploads\/2024\/07\/avocado-square-1-1-1-1-1-1-1-1-1-1-1-1-1.jpg?resize=1536%2C1536&amp;ssl=1 1536w, https:\/\/i0.wp.com\/aiartfree.online\/wp-content\/uploads\/2024\/07\/avocado-square-1-1-1-1-1-1-1-1-1-1-1-1-1.jpg?resize=12%2C12&amp;ssl=1 12w, https:\/\/i0.wp.com\/aiartfree.online\/wp-content\/uploads\/2024\/07\/avocado-square-1-1-1-1-1-1-1-1-1-1-1-1-1.jpg?w=1792&amp;ssl=1 1792w\" sizes=\"auto, (max-width: 1024px) 100vw, 1024px\" \/><\/figure>\n\n\n\n<h2 class=\"wp-block-heading\"><strong>Skiss:<\/strong><\/h2>\n\n\n\n<ul class=\"wp-block-list\">\n<li class=\"\">Vad \u00e4r gratis online DALL-E 3?<\/li>\n\n\n\n<li class=\"\">Varf\u00f6r anv\u00e4nda gratis online DALL-E 3?<\/li>\n\n\n\n<li class=\"\">F\u00f6rdelar med att anv\u00e4nda gratis online DALL-E 3<\/li>\n\n\n\n<li class=\"\">N\u00e4r ska man anv\u00e4nda gratis online DALL-E 3<\/li>\n\n\n\n<li class=\"\">Vem kan dra nytta av gratis online DALL-E 3<\/li>\n\n\n\n<li class=\"\">Gratis onlineverktyg och resurser f\u00f6r DALL-E 3<\/li>\n\n\n\n<li class=\"\">VANLIGA FR\u00c5GOR OCH SVAR: Ofta st\u00e4llda fr\u00e5gor om gratis online DALL-E 3<\/li>\n<\/ul>\n\n\n\n<h3 class=\"wp-block-heading\" id=\"6b4aa913\"><a href=\"https:\/\/dromerosm-groq-llama3.hf.space\/#6b4aa913\" target=\"_blank\" rel=\"noopener\"><\/a>Vad \u00e4r Gratis DALL-E 3?<\/h3>\n\n\n\n<p class=\"\">Free Online DALL-E 3 \u00e4r en typ av artificiell intelligens (AI) -modell som g\u00f6r det m\u00f6jligt f\u00f6r anv\u00e4ndare att generera h\u00f6gkvalitativa bilder och videor med hj\u00e4lp av textmeddelanden. Denna innovativa teknik har revolutionerat omr\u00e5det AI-genererat inneh\u00e5ll och g\u00f6r det m\u00f6jligt f\u00f6r anv\u00e4ndare att skapa fantastiska bilder utan att beh\u00f6va omfattande konstn\u00e4rliga f\u00e4rdigheter.<\/p>\n\n\n\n<h3 class=\"wp-block-heading\" id=\"1403ba15\"><a href=\"https:\/\/dromerosm-groq-llama3.hf.space\/#1403ba15\" target=\"_blank\" rel=\"noopener\"><\/a>Varf\u00f6r anv\u00e4nda gratis DALL-E 3?<\/h3>\n\n\n\n<p class=\"\">Free Online DALL-E 3 erbjuder m\u00e5nga f\u00f6rdelar f\u00f6r b\u00e5de privatpersoner och f\u00f6retag. Denna teknik kan anv\u00e4ndas f\u00f6r att skapa i\u00f6gonfallande annonser, inneh\u00e5ll f\u00f6r sociala medier och till och med hela ber\u00e4ttelser. Anv\u00e4ndningsomr\u00e5dena \u00e4r obegr\u00e4nsade och f\u00f6rm\u00e5gan att generera h\u00f6gkvalitativa bilder har gjort den till ett viktigt verktyg f\u00f6r m\u00e5nga branscher, inklusive marknadsf\u00f6ring, underh\u00e5llning och utbildning.<\/p>\n\n\n\n<h3 class=\"wp-block-heading\" id=\"6a9ba0cf\"><a href=\"https:\/\/dromerosm-groq-llama3.hf.space\/#6a9ba0cf\" target=\"_blank\" rel=\"noopener\"><\/a>F\u00f6rdelar med att anv\u00e4nda gratis DALL-E 3<\/h3>\n\n\n\n<p class=\"\">H\u00e4r \u00e4r n\u00e5gra av f\u00f6rdelarna med att anv\u00e4nda Free Online DALL-E 3:<\/p>\n\n\n\n<ul class=\"wp-block-list\">\n<li class=\"\"><strong>O\u00f6vertr\u00e4ffad bildkvalitet<\/strong>: Free Online DALL-E 3 genererar bilder som \u00e4r j\u00e4mf\u00f6rbara med dem som skapas av professionella konstn\u00e4rer.<\/li>\n\n\n\n<li class=\"\"><strong>Tidseffektivt<\/strong>: Denna teknik g\u00f6r det m\u00f6jligt f\u00f6r anv\u00e4ndare att skapa h\u00f6gkvalitativa bilder p\u00e5 n\u00e5gra minuter, vilket sparar tid och anstr\u00e4ngning.<\/li>\n\n\n\n<li class=\"\"><strong>Kostnadseffektivt<\/strong>: Free Online DALL-E 3 eliminerar behovet av att anlita professionella konstn\u00e4rer eller k\u00f6pa dyr programvara.<\/li>\n<\/ul>\n\n\n\n<h3 class=\"wp-block-heading\" id=\"5ca44098\"><a href=\"https:\/\/dromerosm-groq-llama3.hf.space\/#5ca44098\" target=\"_blank\" rel=\"noopener\"><\/a>N\u00e4r ska man anv\u00e4nda gratis DALL-E 3<\/h3>\n\n\n\n<p class=\"\">Free Online DALL-E 3 \u00e4r l\u00e4mplig f\u00f6r olika scenarier, inklusive:<\/p>\n\n\n\n<ul class=\"wp-block-list\">\n<li class=\"\"><strong>Marknadsf\u00f6ringskampanjer<\/strong>: Skapa i\u00f6gonfallande annonser och inneh\u00e5ll i sociala medier f\u00f6r att f\u00e5nga m\u00e5lgruppens uppm\u00e4rksamhet.<\/li>\n\n\n\n<li class=\"\"><strong>Ber\u00e4ttande<\/strong>: Anv\u00e4nd Free Online DALL-E 3 f\u00f6r att skapa hela ber\u00e4ttelser, inklusive karakt\u00e4rer, bakgrunder och rekvisita.<\/li>\n\n\n\n<li class=\"\"><strong>Utbildning<\/strong>: Anv\u00e4nd denna teknik f\u00f6r att skapa interaktivt och engagerande utbildningsinneh\u00e5ll.<\/li>\n<\/ul>\n\n\n\n<h3 class=\"wp-block-heading\" id=\"a38adbc\"><a href=\"https:\/\/dromerosm-groq-llama3.hf.space\/#a38adbc\" target=\"_blank\" rel=\"noopener\"><\/a>Vem kan dra nytta av gratis DALL-E 3<\/h3>\n\n\n\n<p class=\"\">Free Online DALL-E 3 kan gynna olika individer och branscher, bland annat:<\/p>\n\n\n\n<ul class=\"wp-block-list\">\n<li class=\"\"><strong>Marknadsf\u00f6rare<\/strong>: Skapa h\u00f6gkvalitativa bilder f\u00f6r marknadsf\u00f6ringskampanjer.<\/li>\n\n\n\n<li class=\"\"><strong>Artister<\/strong>: Skapa inspiration till sina konstverk eller anv\u00e4nda den som ett verktyg f\u00f6r att skapa nya verk.<\/li>\n\n\n\n<li class=\"\"><strong>Utbildare<\/strong>: Skapa interaktivt och engagerande utbildningsinneh\u00e5ll.<\/li>\n<\/ul>\n\n\n\n<h3 class=\"wp-block-heading\" id=\"5e6df429\"><a href=\"https:\/\/dromerosm-groq-llama3.hf.space\/#5e6df429\" target=\"_blank\" rel=\"noopener\"><\/a>Gratis onlineverktyg och resurser f\u00f6r DALL-E 3<\/h3>\n\n\n\n<p class=\"\">H\u00e4r \u00e4r n\u00e5gra online-resurser och verktyg som kan hj\u00e4lpa dig att komma ig\u00e5ng med Free Online DALL-E 3:<\/p>\n\n\n\n<figure class=\"wp-block-table\"><table class=\"has-fixed-layout\"><thead><tr><th>Resurs<\/th><th>Beskrivning<\/th><th>Webbplats<\/th><\/tr><\/thead><tbody><tr><td>AI-konst gratis online<\/td><td>En plattform som erbjuder en gratis DALL-E 3-modell online<\/td><td><a href=\"https:\/\/aiartfree.online\/sv\/free-online-dalle-3\/\" target=\"_blank\" rel=\"noreferrer noopener\">https:\/\/aiartfree.online\/free-online-dall%c2%b7e-3\/<\/a><\/td><\/tr><tr><td>DALL-E 3 GitHub<\/td><td>Det officiella GitHub-f\u00f6rvaret f\u00f6r DALL-E 3<\/td><td><a href=\"https:\/\/github.com\/dalle\/dalle-3\" target=\"_blank\" rel=\"noreferrer noopener\">https:\/\/github.com\/dalle\/dalle-3<\/a><\/td><\/tr><tr><td>AI-genererad konstgemenskap<\/td><td>En community som diskuterar AI-genererad konst och DALL-E 3<\/td><td><a href=\"https:\/\/www.ai-generated-art.com\/\" target=\"_blank\" rel=\"noreferrer noopener\">https:\/\/www.ai-generated-art.com\/<\/a><\/td><\/tr><tr><td>&#8230;<\/td><td>&#8230;<\/td><td>&#8230;<\/td><\/tr><\/tbody><\/table><\/figure>\n\n\n\n<p class=\"\"><strong>F\u00f6rdelar:<\/strong><\/p>\n\n\n\n<ul class=\"wp-block-list\">\n<li class=\"\">Anv\u00e4ndarv\u00e4nligt gr\u00e4nssnitt<\/li>\n\n\n\n<li class=\"\">H\u00f6gkvalitativ bildgenerering<\/li>\n\n\n\n<li class=\"\">Kostnadseffektivt<\/li>\n<\/ul>\n\n\n\n<p class=\"\"><strong>Nackdelar:<\/strong><\/p>\n\n\n\n<ul class=\"wp-block-list\">\n<li class=\"\">Begr\u00e4nsade anpassningsm\u00f6jligheter<\/li>\n\n\n\n<li class=\"\">Kr\u00e4ver teknisk kunskap<\/li>\n<\/ul>\n\n\n\n<p class=\"\"><strong>Utmaningar:<\/strong><\/p>\n\n\n\n<ul class=\"wp-block-list\">\n<li class=\"\">S\u00e4kerst\u00e4lla att de genererade bilderna inte \u00e4r partiska<\/li>\n\n\n\n<li class=\"\">Hantering av fr\u00e5gor om upphovsr\u00e4tt och \u00e4gander\u00e4tt<\/li>\n<\/ul>\n\n\n\n<p class=\"\"><strong>Rekommendation:<\/strong><\/p>\n\n\n\n<p class=\"\">Baserat p\u00e5 v\u00e5r forskning rekommenderar vi att du anv\u00e4nder&nbsp;<a href=\"https:\/\/aiartfree.online\/sv\/free-online-dall\u00b7e-3\/\" target=\"_blank\" rel=\"noreferrer noopener\">AI-konst gratis online<\/a>&nbsp;f\u00f6r sitt anv\u00e4ndarv\u00e4nliga gr\u00e4nssnitt och sin h\u00f6gkvalitativa bildgenerering.<\/p>\n\n\n\n<h3 class=\"wp-block-heading\" id=\"b571c93a\"><a href=\"https:\/\/dromerosm-groq-llama3.hf.space\/#b571c93a\" target=\"_blank\" rel=\"noopener\"><\/a>VANLIGA FR\u00c5GOR OCH SVAR: Ofta st\u00e4llda fr\u00e5gor om gratis online DALL-E 3<\/h3>\n\n\n\n<p class=\"\">H\u00e4r \u00e4r n\u00e5gra vanliga fr\u00e5gor om Free Online DALL-E 3:<\/p>\n\n\n\n<p class=\"\"><strong>Q1: \u00c4r Free DALL-E 3 gratis att anv\u00e4nda?<\/strong>\u00a0A1: Ja, Free Online DALL-E 3 \u00e4r gratis att anv\u00e4nda, med valfria betalda uppgraderingar.<\/p>\n\n\n\n<p class=\"\"><strong>F2: Kan jag anv\u00e4nda Free DALL-E 3 f\u00f6r kommersiella \u00e4ndam\u00e5l?<\/strong>\u00a0A2: Ja, du kan anv\u00e4nda Free Online DALL-E 3 f\u00f6r kommersiella \u00e4ndam\u00e5l, men se till att du f\u00f6ljer anv\u00e4ndarvillkoren.<\/p>\n\n\n\n<p class=\"\"><strong>F3: Hur l\u00e5ng tid tar det att generera en bild med hj\u00e4lp av Free Online DALL-E 3?<\/strong>&nbsp;A3: Genereringens tid beror p\u00e5 bildens komplexitet och de dataresurser som anv\u00e4nds. I genomsnitt tar det cirka 1-5 minuter att generera en bild.<\/p>\n\n\n\n<p class=\"\"><strong>Q4: Kan jag anpassa de genererade bilderna?<\/strong>&nbsp;A4: Ja, du kan anpassa de genererade bilderna med hj\u00e4lp av olika verktyg och tekniker, bland annat redigeringsprogram och algoritmer f\u00f6r stil\u00f6verf\u00f6ring.<\/p>\n\n\n\n<p class=\"\"><strong>Q5: \u00c4r gratis online DALL-E 3 l\u00e4mplig f\u00f6r nyb\u00f6rjare?<\/strong>&nbsp;A5: Ja, Free Online DALL-E 3 \u00e4r l\u00e4mplig f\u00f6r nyb\u00f6rjare, med ett intuitivt gr\u00e4nssnitt och verktygstips som guidar dig genom processen.<\/p>\n\n\n\n<p class=\"\"><strong>Q6: Kan jag anv\u00e4nda Free Online DALL-E 3 f\u00f6r videogenerering?<\/strong>&nbsp;A6: Ja, Free Online DALL-E 3 kan anv\u00e4ndas f\u00f6r videogenerering, s\u00e5 att du kan skapa fantastiska videor med minimal anstr\u00e4ngning.<\/p>\n\n\n\n<p class=\"\"><strong>F7: Finns det n\u00e5gra begr\u00e4nsningar f\u00f6r att anv\u00e4nda Free Online DALL-E 3?<\/strong>&nbsp;A7: Ja, det finns begr\u00e4nsningar f\u00f6r att anv\u00e4nda Free Online DALL-E 3, inklusive begr\u00e4nsade anpassningsalternativ och potentiella f\u00f6rdomar i de genererade bilderna.<\/p>\n\n\n\n<p class=\"\"><strong>Q8: Kan jag anv\u00e4nda Free Online DALL-E 3 f\u00f6r storytelling?<\/strong>&nbsp;A8: Ja, Free Online DALL-E 3 kan anv\u00e4ndas f\u00f6r storytelling, s\u00e5 att du kan skapa hela ber\u00e4ttelser med karakt\u00e4rer, bakgrunder och rekvisita.<\/p>\n\n\n\n<p class=\"\"><strong>Q9: \u00c4r Free Online DALL-E 3 l\u00e4mplig f\u00f6r utbildning?<\/strong>&nbsp;A9: Ja, Free Online DALL-E 3 \u00e4r l\u00e4mplig f\u00f6r utbildning, vilket g\u00f6r det m\u00f6jligt f\u00f6r l\u00e4rare att skapa interaktivt och engagerande utbildningsinneh\u00e5ll.<\/p>\n\n\n\n<p class=\"\"><strong>Q10: Hur kommer jag ig\u00e5ng med DALL-E 3 gratis online?<\/strong>&nbsp;A10: F\u00f6r att komma ig\u00e5ng med Free Online DALL-E 3, bes\u00f6k bara webbplatsen, registrera dig f\u00f6r ett konto och f\u00f6lj de sj\u00e4lvstudier och riktlinjer som tillhandah\u00e5lls.<\/p>","protected":false},"excerpt":{"rendered":"<p>How to use the Free DALL\u00b7E 3 *&nbsp;Depending on your internet speed, loading the model may take a few seconds.* There will be caching during continuous generation, and the new image will appear after about 3 seconds. Introduction of Free DALL\u00b7E 3 Outline: What is Free DALL\u00b7E 3? Free Online DALL\u00b7E 3 is a type &#8230; <a title=\"Gratis DALL-E 3\" class=\"read-more\" href=\"https:\/\/aiartfree.online\/sv\/fri-dalle-3\/\" aria-label=\"L\u00e4s mer om Free DALL\u00b7E 3\">L\u00e4s mer<\/a><\/p>","protected":false},"author":1,"featured_media":0,"parent":0,"menu_order":0,"comment_status":"open","ping_status":"closed","template":"","meta":{"nf_dc_page":"","footnotes":""},"class_list":["post-2889","page","type-page","status-publish"],"jetpack_sharing_enabled":true,"_links":{"self":[{"href":"https:\/\/aiartfree.online\/sv\/wp-json\/wp\/v2\/pages\/2889","targetHints":{"allow":["GET"]}}],"collection":[{"href":"https:\/\/aiartfree.online\/sv\/wp-json\/wp\/v2\/pages"}],"about":[{"href":"https:\/\/aiartfree.online\/sv\/wp-json\/wp\/v2\/types\/page"}],"author":[{"embeddable":true,"href":"https:\/\/aiartfree.online\/sv\/wp-json\/wp\/v2\/users\/1"}],"replies":[{"embeddable":true,"href":"https:\/\/aiartfree.online\/sv\/wp-json\/wp\/v2\/comments?post=2889"}],"version-history":[{"count":0,"href":"https:\/\/aiartfree.online\/sv\/wp-json\/wp\/v2\/pages\/2889\/revisions"}],"wp:attachment":[{"href":"https:\/\/aiartfree.online\/sv\/wp-json\/wp\/v2\/media?parent=2889"}],"curies":[{"name":"wp","href":"https:\/\/api.w.org\/{rel}","templated":true}]}}