{"id":2888,"date":"2024-07-18T11:45:49","date_gmt":"2024-07-18T11:45:49","guid":{"rendered":"https:\/\/aiartfree.online\/?page_id=2888"},"modified":"2025-03-07T08:01:42","modified_gmt":"2025-03-07T08:01:42","slug":"free-online-stable-diffusion-3","status":"publish","type":"page","link":"https:\/\/aiartfree.online\/sv\/gratis-online-stabil-diffusion-3\/","title":{"rendered":"Gratis online Stabil diffusion 3"},"content":{"rendered":"<h2 class=\"wp-block-heading has-text-align-center\" id=\"what-our-users-made\">Vad v\u00e5ra anv\u00e4ndare tyckte<\/h2>\n\n\n\n<figure class=\"gb-block-image gb-block-image-1822da1f\"><img data-recalc-dims=\"1\" decoding=\"async\" loading=\"lazy\" width=\"1200\" height=\"199\" class=\"gb-image gb-image-1822da1f\" src=\"https:\/\/i0.wp.com\/aiartfree.online\/wp-content\/uploads\/2024\/08\/WX20240802-163255%402x-scaled.webp?resize=1200%2C199&#038;ssl=1\" alt=\"Stable Diffusion 3 \u00e4r en AI-modell som g\u00f6r det m\u00f6jligt f\u00f6r anv\u00e4ndare att generera h\u00f6gkvalitativa bilder med hj\u00e4lp av textmeddelanden, vilket g\u00f6r det m\u00f6jligt f\u00f6r anv\u00e4ndare att skapa visuella bilder utan konstn\u00e4rliga f\u00e4rdigheter.\" title=\"WX20240802-163255@2x\" srcset=\"https:\/\/i0.wp.com\/aiartfree.online\/wp-content\/uploads\/2024\/08\/WX20240802-163255%402x-scaled.webp?w=2560&amp;ssl=1 2560w, https:\/\/i0.wp.com\/aiartfree.online\/wp-content\/uploads\/2024\/08\/WX20240802-163255%402x-scaled.webp?resize=300%2C50&amp;ssl=1 300w, https:\/\/i0.wp.com\/aiartfree.online\/wp-content\/uploads\/2024\/08\/WX20240802-163255%402x-scaled.webp?resize=1024%2C170&amp;ssl=1 1024w, https:\/\/i0.wp.com\/aiartfree.online\/wp-content\/uploads\/2024\/08\/WX20240802-163255%402x-scaled.webp?resize=768%2C127&amp;ssl=1 768w, https:\/\/i0.wp.com\/aiartfree.online\/wp-content\/uploads\/2024\/08\/WX20240802-163255%402x-scaled.webp?resize=1536%2C254&amp;ssl=1 1536w, https:\/\/i0.wp.com\/aiartfree.online\/wp-content\/uploads\/2024\/08\/WX20240802-163255%402x-scaled.webp?resize=2048%2C339&amp;ssl=1 2048w, https:\/\/i0.wp.com\/aiartfree.online\/wp-content\/uploads\/2024\/08\/WX20240802-163255%402x-scaled.webp?resize=18%2C3&amp;ssl=1 18w, https:\/\/i0.wp.com\/aiartfree.online\/wp-content\/uploads\/2024\/08\/WX20240802-163255%402x-scaled.webp?resize=600%2C99&amp;ssl=1 600w, https:\/\/i0.wp.com\/aiartfree.online\/wp-content\/uploads\/2024\/08\/WX20240802-163255%402x-scaled.webp?w=2400&amp;ssl=1 2400w\" sizes=\"auto, (max-width: 1200px) 100vw, 1200px\" \/><\/figure>\n\n\n\n<h2 class=\"wp-block-heading\" id=\"how-to-use-the-free-free-online-stable-diffusion-3\">Hur man anv\u00e4nder Free Free Online Stable Diffusion 3<\/h2>\n\n\n\n<ol class=\"wp-block-list\">\n<li class=\"\">Ange dina anvisningar<\/li>\n\n\n\n<li class=\"\">Klicka p\u00e5 \"K\u00f6r\"<\/li>\n\n\n\n<li class=\"\">V\u00e4nta, det var det!<\/li>\n\n\n\n<li class=\"\">\u00c4r du inte n\u00f6jd med resultatet? <br>Inga problem! anv\u00e4nd nedanst\u00e5ende Prompt Generator f\u00f6r att f\u00e5 revolutionerade uppmaningar \uff5e<\/li>\n\n\n\n<li class=\"\">Inga tankar i ditt sinne?<br>Inga problem! <a href=\"#maodian\" data-type=\"internal\" data-id=\"#maodian\">Klicka f\u00f6r att se v\u00e5rt Prompt Gallery<\/a><\/li>\n<\/ol>\n\n\n\n<p class=\"\">* Testa g\u00e4rna v\u00e5ra exempel nedan om du inte har n\u00e5gra tankar i huvudet<\/p>\n\n\n\n<h3 class=\"wp-block-heading\" id=\"prompt-examples\">Exempel p\u00e5 uppmaningar<\/h3>\n\n\n\n<ol style=\"font-size:16px\" class=\"wp-block-list\">\n<li class=\"\">hisnande mycket detaljerad grafisk romanillustration av morgan freeman som k\u00f6r en harley davidson motorcykel , m\u00f6rk och grusig<\/li>\n\n\n\n<li class=\"\">hisnande grafisk romanillustration Mitt i den vidstr\u00e4ckta nebulosan flyter en ensam astronaut, fastbunden vid ett lysande rymdskepp. Nebulosans str\u00e5lande gaser dansar runt och reflekterar livfulla f\u00e4rger p\u00e5 dr\u00e4kten, vilket skapar en balett av ljus och r\u00f6relse.<\/li>\n\n\n\n<li class=\"\">hisnande grafisk illustration av Vid ett v\u00e4gsk\u00e4l i en postapokalyptisk \u00f6demark sjunger en vandrare med en gitarr gjord av metallskrot ber\u00e4ttelser om den gamla v\u00e4rlden. Mutanta varelser samlas runt l\u00e4gerelden, deras \u00f6gon fyllda av l\u00e4ngtan.<\/li>\n\n\n\n<li class=\"\">hisnande grafisk romanillustration av ett barn som jagar f\u00e4rgglada fj\u00e4rilar p\u00e5 en livfull \u00e4ng.<\/li>\n\n\n\n<li class=\"\">hisnande grafisk romanillustration P\u00e5 en strand d\u00e4r v\u00e5gorna \u00e4r v\u00e4vda av ber\u00e4ttelser, skapar en sagober\u00e4ttare med en v\u00e4vstol av m\u00e5nsken ber\u00e4ttelser fr\u00e5n tidvattnet. Sn\u00e4ckor viskar legender och horisonten \u00e4r en v\u00e4v av \u00e4ventyr som \u00e4nnu inte har ber\u00e4ttats.<\/li>\n\n\n\n<li class=\"\">hisnande grafisk romanillustration av en falk som sv\u00e4var \u00f6ver en \u00f6ken och letar efter byte.<\/li>\n\n\n\n<li class=\"\">hisnande grafisk romanillustration Djupt inne i polcirkeln m\u00e5lar ett norrsken himlen med livfulla nyanser av gr\u00f6nt, rosa och lila. Sn\u00f6n nedanf\u00f6r reflekterar denna ljusdans och v\u00e4rlden omsluts av en fascinerande f\u00e4rgsymfoni.<\/li>\n\n\n\n<li class=\"\">hisnande grafisk romanillustration av en tatuerare som utf\u00f6r en invecklad design p\u00e5 en kunds rygg.<\/li>\n\n\n\n<li class=\"\">hisnande grafisk romanillustration av en kvinna, draperad i f\u00e4rgglatt siden, som l\u00e4ser tarotkort i ett t\u00e4lt upplyst av levande ljus.<\/li>\n\n\n\n<li class=\"\">hisnande grafisk romanillustration av tv\u00e5 speleologer som kartl\u00e4gger en djup grotta med facklor som lyser upp v\u00e4gen.<\/li>\n<\/ol>\n\n\n\n<figure class=\"gb-block-image gb-block-image-032aac41\"><a href=\"https:\/\/fas.st\/t\/9U4PYbm7\" target=\"_blank\" rel=\"noopener noreferrer\"><img data-recalc-dims=\"1\" decoding=\"async\" loading=\"lazy\" width=\"1200\" height=\"365\" class=\"gb-image gb-image-032aac41\" src=\"https:\/\/i0.wp.com\/aiartfree.online\/wp-content\/uploads\/2025\/03\/WX20250307-115412%402x.webp?resize=1200%2C365&#038;ssl=1\" alt=\"\" title=\"WX20250307-115412@2x\" srcset=\"https:\/\/i0.wp.com\/aiartfree.online\/wp-content\/uploads\/2025\/03\/WX20250307-115412%402x.webp?w=1942&amp;ssl=1 1942w, https:\/\/i0.wp.com\/aiartfree.online\/wp-content\/uploads\/2025\/03\/WX20250307-115412%402x.webp?resize=300%2C91&amp;ssl=1 300w, https:\/\/i0.wp.com\/aiartfree.online\/wp-content\/uploads\/2025\/03\/WX20250307-115412%402x.webp?resize=1024%2C312&amp;ssl=1 1024w, https:\/\/i0.wp.com\/aiartfree.online\/wp-content\/uploads\/2025\/03\/WX20250307-115412%402x.webp?resize=768%2C234&amp;ssl=1 768w, https:\/\/i0.wp.com\/aiartfree.online\/wp-content\/uploads\/2025\/03\/WX20250307-115412%402x.webp?resize=1536%2C467&amp;ssl=1 1536w, https:\/\/i0.wp.com\/aiartfree.online\/wp-content\/uploads\/2025\/03\/WX20250307-115412%402x.webp?resize=18%2C5&amp;ssl=1 18w, https:\/\/i0.wp.com\/aiartfree.online\/wp-content\/uploads\/2025\/03\/WX20250307-115412%402x.webp?resize=600%2C183&amp;ssl=1 600w\" sizes=\"auto, (max-width: 1200px) 100vw, 1200px\" \/><\/a><\/figure>\n\n\n\n<p class=\"\"><em>* Beroende p\u00e5 din internethastighet kan det ta n\u00e5gra sekunder att ladda modellen.<br>* Under den kontinuerliga genereringen sker en cachning och den nya bilden visas efter ca 3 sekunder.<\/em><\/p>\n\n\n\n<div class=\"iframe-wrapper\" style=\"position: relative; width: 100%; height: 1260px;\">\n  <div class=\"loading\" style=\"position: absolute; top: 50px; left: 50%; transform: translate(-50%, -50%); width: 40px; height: 40px; border: 3px solid #f0f0f0; border-top: 3px solid #db7093; border-radius: 50%; animation: spin 1s linear infinite;\"><\/div>\n  <iframe loading=\"lazy\" src=\"https:\/\/prodia-fast-stable-diffusion.hf.space\" frameborder=\"0\" width=\"100%\" height=\"100%\" style=\"position: absolute; top: 0; left: 0; opacity: 0; transition: opacity 0.3s;\" onload=\"this.style.opacity=1;this.previousElementSibling.style.display='none';\"><\/iframe>\n<\/div>\n\n<style>\n@keyframes spin {\n  0% { transform: translate(-50%, -50%) rotate(0deg); }\n  100% { transform: translate(-50%, -50%) rotate(360deg); }\n}\n<\/style>\n\n\n\n<div style=\"text-align: center; border: 2px solid; border-image-source: linear-gradient(to right, #16b86c, #912899); border-image-slice: 1; box-shadow: 0 0 10px rgba(0, 0, 0, 0.1); border-radius: 15px;\">\n  <iframe loading=\"lazy\"\n    src=\"https:\/\/doevent-stable-diffusion-prompt-generator.hf.space\"\n    frameborder=\"0\"\n    width=\"100%\"\n    height=\"900\"\n    style=\"display: inline-block; margin: 0 auto;\"\n  ><\/iframe>\n<\/div>\n\n\n\n<div style=\"height:50px\" aria-hidden=\"true\" class=\"wp-block-spacer\"><\/div>\n\n\n\n<h2 class=\"wp-block-heading has-text-align-center\" id=\"drawing-prompts-gallery-of-stable-diffusion\">Teckningsf\u00f6rslag Galleri av stabil diffusion<\/h2>\n\n\n\n<h3 class=\"wp-block-heading\" id=\"how-to-use-it\">Hur anv\u00e4nder man den?<\/h3>\n\n\n\n<ol class=\"wp-block-list\">\n<li class=\"\">Klicka p\u00e5 den \u00f6vre h\u00f6gra ikonen i bilden f\u00f6r att duplicera prompten<\/li>\n\n\n\n<li class=\"\">Bl\u00e4ddra upp och klistra in din revolutionerade uppmaning f\u00f6r generationen<\/li>\n<\/ol>\n\n\n\n<div style=\"text-align: center; border: 2px solid; border-image-source: linear-gradient(to right, #16b86c, #912899); border-image-slice: 1; box-shadow: 0 0 10px rgba(0, 0, 0, 0.1); border-radius: 15px; position: relative;\">\n  <div id=\"loading\" style=\"position: absolute; top: 100px; left: 50%; transform: translate(-50%, -50%); z-index: 1000;\">\n    <div style=\"width: 50px; height: 50px; border: 5px solid #f3f3f3; border-top: 5px solid #16b86c; border-radius: 50%; animation: spin 1s linear infinite;\"><\/div>\n  <\/div>\n  <iframe loading=\"lazy\"\n    src=\"https:\/\/prithivmlmods-top-prompt-collection.static.hf.space\"\n    frameborder=\"0\"\n    width=\"100%\"\n    height=\"2600\"\n    style=\"display: inline-block; margin: 0 auto;\"\n    onload=\"document.getElementById('loading').style.display='none';\"\n  ><\/iframe>\n<\/div>\n\n<style>\n  @keyframes spin {\n    0% { transform: rotate(0deg); }\n    100% { transform: rotate(360deg); }\n  }\n<\/style>\n\n\n\n<div style=\"height:50px\" aria-hidden=\"true\" class=\"wp-block-spacer\"><\/div>\n\n\n\n<h2 class=\"wp-block-heading\" id=\"introduction-of-free-online-stable-diffusion-3\">Introduktion av Free Online Stable Diffusion 3<\/h2>\n\n\n\n<p class=\"\">Uppt\u00e4ck hur Free Online Stable Diffusion 3 revolutionerar v\u00e4rlden av AI-genererad konst. Den h\u00e4r guiden inneh\u00e5ller allt du beh\u00f6ver veta om detta kraftfulla verktyg, fr\u00e5n dess definition och f\u00f6rdelar till dess idealiska anv\u00e4ndare och vanliga fr\u00e5gor.<\/p>\n\n\n\n<div class=\"wp-block-rank-math-toc-block\" id=\"rank-math-toc\"><h3>Inneh\u00e5llsf\u00f6rteckning<\/h3><nav><ul><li><a href=\"#how-to-use-it\">Hur anv\u00e4nder man den?<\/a><\/li><li><a href=\"#\ufffc-what-is-free-online-stable-diffusion-3\">\ufffcVad \u00e4r Free Online Stable Diffusion 3?<\/a><\/li><li><a href=\"#\ufffc-why-use-free-online-stable-diffusion-3\">\ufffcVarf\u00f6r anv\u00e4nda gratis online stabil diffusion 3?<\/a><\/li><li><a href=\"#\ufffc-benefits-of-using-free-online-stable-diffusion-3\">\ufffcF\u00f6rdelarna med att anv\u00e4nda Free Online Stable Diffusion 3<\/a><\/li><li><a href=\"#\ufffc-when-to-use-free-online-stable-diffusion-3\">\ufffc N\u00e4r ska man anv\u00e4nda gratis online Stabil diffusion 3<\/a><\/li><li><a href=\"#\ufffc-who-can-benefit-from-free-online-stable-diffusion-3\">\ufffcVem kan dra nytta av gratis stabil diffusion online 3<\/a><\/li><li><a href=\"#\ufffc-free-online-stable-diffusion-3-tools-and-resources\">\ufffcGratis onlineverktyg och resurser f\u00f6r stabil diffusion 3<\/a><\/li><li><a href=\"#\ufffcfaq-frequently-asked-questions-about-free-online-stable-diffusion-3\">\ufffcFAQ: Vanliga fr\u00e5gor om stabil diffusion 3 (gratis online)<\/a><\/li><\/ul><\/nav><\/div>\n\n\n\n<h3 class=\"wp-block-heading\" id=\"\ufffc-what-is-free-online-stable-diffusion-3\"><a href=\"https:\/\/dromerosm-groq-llama3.hf.space\/#57aaf246\" target=\"_blank\" rel=\"noopener\"><\/a>Vad \u00e4r Free Online Stable Diffusion 3?<\/h3>\n\n\n\n<p class=\"\">Free Online Stable Diffusion 3 \u00e4r en typ av artificiell intelligens (AI) -modell som g\u00f6r det m\u00f6jligt f\u00f6r anv\u00e4ndare att generera h\u00f6gkvalitativa bilder och videor med hj\u00e4lp av textmeddelanden. Denna innovativa teknik har revolutionerat omr\u00e5det f\u00f6r AI-genererat inneh\u00e5ll och g\u00f6r det m\u00f6jligt f\u00f6r anv\u00e4ndare att skapa fantastiska bilder utan att beh\u00f6va omfattande konstn\u00e4rliga f\u00e4rdigheter.<\/p>\n\n\n\n<h3 class=\"wp-block-heading\" id=\"\ufffc-why-use-free-online-stable-diffusion-3\"><a href=\"https:\/\/dromerosm-groq-llama3.hf.space\/#1b6e5ba1\" target=\"_blank\" rel=\"noopener\"><\/a>Varf\u00f6r anv\u00e4nda gratis online stabil diffusion 3?<\/h3>\n\n\n\n<p class=\"\">Free Online Stable Diffusion 3 erbjuder m\u00e5nga f\u00f6rdelar f\u00f6r b\u00e5de privatpersoner och f\u00f6retag. Denna teknik kan anv\u00e4ndas f\u00f6r att skapa i\u00f6gonfallande annonser, inneh\u00e5ll i sociala medier och till och med hela ber\u00e4ttelser. Dess till\u00e4mpningar \u00e4r obegr\u00e4nsade, och dess f\u00f6rm\u00e5ga att generera h\u00f6gkvalitativa bilder har gjort det till ett viktigt verktyg f\u00f6r m\u00e5nga branscher, inklusive marknadsf\u00f6ring, underh\u00e5llning och utbildning.<\/p>\n\n\n\n<h3 class=\"wp-block-heading\" id=\"\ufffc-benefits-of-using-free-online-stable-diffusion-3\"><a href=\"https:\/\/dromerosm-groq-llama3.hf.space\/#10ad74a\" target=\"_blank\" rel=\"noopener\"><\/a>F\u00f6rdelar med att anv\u00e4nda gratis online stabil diffusion 3<\/h3>\n\n\n\n<p class=\"\">H\u00e4r \u00e4r n\u00e5gra av f\u00f6rdelarna med att anv\u00e4nda Free Online Stable Diffusion 3:<\/p>\n\n\n\n<ul class=\"wp-block-list\">\n<li class=\"\"><strong>O\u00f6vertr\u00e4ffad bildkvalitet<\/strong>: Free Online Stable Diffusion 3 genererar bilder som \u00e4r j\u00e4mf\u00f6rbara med dem som skapats av professionella konstn\u00e4rer.<\/li>\n\n\n\n<li class=\"\"><strong>Tidseffektivt<\/strong>: Denna teknik g\u00f6r det m\u00f6jligt f\u00f6r anv\u00e4ndare att skapa h\u00f6gkvalitativa bilder p\u00e5 n\u00e5gra minuter, vilket sparar tid och anstr\u00e4ngning.<\/li>\n\n\n\n<li class=\"\"><strong>Kostnadseffektivt<\/strong>: Free Online Stable Diffusion 3 eliminerar behovet av att anlita professionella konstn\u00e4rer eller k\u00f6pa dyr programvara.<\/li>\n<\/ul>\n\n\n\n<h3 class=\"wp-block-heading\" id=\"\ufffc-when-to-use-free-online-stable-diffusion-3\"><a href=\"https:\/\/dromerosm-groq-llama3.hf.space\/#fa570b08\" target=\"_blank\" rel=\"noopener\"><\/a>N\u00e4r ska man anv\u00e4nda gratis stabil diffusion online 3<\/h3>\n\n\n\n<p class=\"\">Free Online Stable Diffusion 3 \u00e4r l\u00e4mplig f\u00f6r olika scenarier, inklusive:<\/p>\n\n\n\n<ul class=\"wp-block-list\">\n<li class=\"\"><strong>Marknadsf\u00f6ringskampanjer<\/strong>: Skapa i\u00f6gonfallande annonser och inneh\u00e5ll i sociala medier f\u00f6r att f\u00e5nga m\u00e5lgruppens uppm\u00e4rksamhet.<\/li>\n\n\n\n<li class=\"\"><strong>Ber\u00e4ttande<\/strong>: Anv\u00e4nd Free Online Stable Diffusion 3 f\u00f6r att skapa hela ber\u00e4ttelser, inklusive karakt\u00e4rer, bakgrunder och rekvisita.<\/li>\n\n\n\n<li class=\"\"><strong>Utbildning<\/strong>: Anv\u00e4nd denna teknik f\u00f6r att skapa interaktivt och engagerande utbildningsinneh\u00e5ll.<\/li>\n<\/ul>\n\n\n\n<h3 class=\"wp-block-heading\" id=\"\ufffc-who-can-benefit-from-free-online-stable-diffusion-3\"><a href=\"https:\/\/dromerosm-groq-llama3.hf.space\/#8a0a08f4\" target=\"_blank\" rel=\"noopener\"><\/a>Vem kan dra nytta av gratis online stabil diffusion 3<\/h3>\n\n\n\n<p class=\"\">Free Online Stable Diffusion 3 kan gynna olika individer och industrier, inklusive:<\/p>\n\n\n\n<ul class=\"wp-block-list\">\n<li class=\"\"><strong>Marknadsf\u00f6rare<\/strong>: Skapa h\u00f6gkvalitativa bilder f\u00f6r marknadsf\u00f6ringskampanjer.<\/li>\n\n\n\n<li class=\"\"><strong>Artister<\/strong>: Skapa inspiration till sina konstverk eller anv\u00e4nda den som ett verktyg f\u00f6r att skapa nya verk.<\/li>\n\n\n\n<li class=\"\"><strong>Utbildare<\/strong>: Skapa interaktivt och engagerande utbildningsinneh\u00e5ll.<\/li>\n<\/ul>\n\n\n\n<h3 class=\"wp-block-heading\" id=\"\ufffc-free-online-stable-diffusion-3-tools-and-resources\"><a href=\"https:\/\/dromerosm-groq-llama3.hf.space\/#d1f9532f\" target=\"_blank\" rel=\"noopener\"><\/a>Gratis onlineverktyg och resurser f\u00f6r stabil diffusion 3<\/h3>\n\n\n\n<p class=\"\">H\u00e4r \u00e4r n\u00e5gra online-resurser och verktyg som kan hj\u00e4lpa dig att komma ig\u00e5ng med Free Online Stable Diffusion 3:<\/p>\n\n\n\n<figure class=\"wp-block-table\"><table class=\"has-fixed-layout\"><thead><tr><th>Resurs<\/th><th>Beskrivning<\/th><th>Webbplats<\/th><\/tr><\/thead><tbody><tr><td>AI-konst gratis online<\/td><td>En plattform som erbjuder en gratis online stabil diffusion 3 modell<\/td><td><a href=\"https:\/\/aiartfree.online\/sv\/gratis-online-stabil-diffusion-3\/\" target=\"_blank\" rel=\"noreferrer noopener\">https:\/\/aiartfree.online\/free-online-stable-diffusion-3<\/a><\/td><\/tr><tr><td>Stabil diffusion 3 GitHub<\/td><td>Det officiella GitHub-f\u00f6rvaret f\u00f6r Stable Diffusion 3<\/td><td><a href=\"https:\/\/github.com\/stablediffusion\/stablediffusion-3\" target=\"_blank\" rel=\"noreferrer noopener\">https:\/\/github.com\/stablediffusion\/stablediffusion-3<\/a><\/td><\/tr><tr><td>AI-genererad konstgemenskap<\/td><td>En community som diskuterar AI-genererad konst och Stable Diffusion 3<\/td><td><a href=\"https:\/\/www.ai-generated-art.com\/\" target=\"_blank\" rel=\"noreferrer noopener\">https:\/\/www.ai-generated-art.com\/<\/a><\/td><\/tr><tr><td>&#8230;<\/td><td>&#8230;<\/td><td>&#8230;<\/td><\/tr><\/tbody><\/table><\/figure>\n\n\n\n<p class=\"\"><strong>F\u00f6rdelar:<\/strong><\/p>\n\n\n\n<ul class=\"wp-block-list\">\n<li class=\"\">Anv\u00e4ndarv\u00e4nligt gr\u00e4nssnitt<\/li>\n\n\n\n<li class=\"\">H\u00f6gkvalitativ bildgenerering<\/li>\n\n\n\n<li class=\"\">Kostnadseffektivt<\/li>\n<\/ul>\n\n\n\n<p class=\"\"><strong>Nackdelar:<\/strong><\/p>\n\n\n\n<ul class=\"wp-block-list\">\n<li class=\"\">Begr\u00e4nsade anpassningsm\u00f6jligheter<\/li>\n\n\n\n<li class=\"\">Kr\u00e4ver teknisk kunskap<\/li>\n<\/ul>\n\n\n\n<p class=\"\"><strong>Utmaningar:<\/strong><\/p>\n\n\n\n<ul class=\"wp-block-list\">\n<li class=\"\">S\u00e4kerst\u00e4lla att de genererade bilderna inte \u00e4r partiska<\/li>\n\n\n\n<li class=\"\">Hantering av fr\u00e5gor om upphovsr\u00e4tt och \u00e4gander\u00e4tt<\/li>\n<\/ul>\n\n\n\n<p class=\"\"><strong>Rekommendation:<\/strong><\/p>\n\n\n\n<p class=\"\">Baserat p\u00e5 v\u00e5r forskning rekommenderar vi att du anv\u00e4nder&nbsp;<a href=\"https:\/\/aiartfree.online\/sv\/gratis-online-stabil-diffusion-3\/\" target=\"_blank\" rel=\"noreferrer noopener\">AI-konst gratis online<\/a>&nbsp;f\u00f6r sitt anv\u00e4ndarv\u00e4nliga gr\u00e4nssnitt och sin h\u00f6gkvalitativa bildgenerering.<\/p>\n\n\n\n<h3 class=\"wp-block-heading\" id=\"\ufffcfaq-frequently-asked-questions-about-free-online-stable-diffusion-3\"><a href=\"https:\/\/dromerosm-groq-llama3.hf.space\/#5a006b1f\" target=\"_blank\" rel=\"noopener\"><\/a>VANLIGA FR\u00c5GOR OCH SVAR: Vanliga fr\u00e5gor om Free Online Stable Diffusion 3<\/h3>\n\n\n\n<p class=\"\">H\u00e4r \u00e4r n\u00e5gra vanliga fr\u00e5gor om Free Online Stable Diffusion 3:<\/p>\n\n\n\n<p class=\"\"><strong>Q1: \u00c4r Free Online Stable Diffusion 3 gratis att anv\u00e4nda?<\/strong>&nbsp;A1: Ja, Free Online Stable Diffusion 3 \u00e4r gratis att anv\u00e4nda, med valfria betalda uppgraderingar.<\/p>\n\n\n\n<p class=\"\"><strong>F2: Kan jag anv\u00e4nda Free Online Stable Diffusion 3 f\u00f6r kommersiella \u00e4ndam\u00e5l?<\/strong>&nbsp;A2: Ja, du kan anv\u00e4nda Free Online Stable Diffusion 3 f\u00f6r kommersiella \u00e4ndam\u00e5l, men se till att du f\u00f6ljer anv\u00e4ndarvillkoren.<\/p>\n\n\n\n<p class=\"\"><strong>F3: Hur l\u00e5ng tid tar det att generera en bild med hj\u00e4lp av Free Online Stable Diffusion 3?<\/strong>&nbsp;A3: Genereringens tid beror p\u00e5 bildens komplexitet och de dataresurser som anv\u00e4nds. I genomsnitt tar det cirka 1-5 minuter att generera en bild.<\/p>\n\n\n\n<p class=\"\"><strong>Q4: Kan jag anpassa de genererade bilderna?<\/strong>&nbsp;A4: Ja, du kan anpassa de genererade bilderna med hj\u00e4lp av olika verktyg och tekniker, bland annat redigeringsprogram och algoritmer f\u00f6r stil\u00f6verf\u00f6ring.<\/p>\n\n\n\n<p class=\"\"><strong>Q5: \u00c4r Free Online Stable Diffusion 3 l\u00e4mplig f\u00f6r nyb\u00f6rjare?<\/strong>&nbsp;A5: Ja, Free Online Stable Diffusion 3 \u00e4r l\u00e4mplig f\u00f6r nyb\u00f6rjare, med ett intuitivt gr\u00e4nssnitt och verktygstips som guidar dig genom processen.<\/p>\n\n\n\n<p class=\"\"><strong>Q6: Kan jag anv\u00e4nda Free Online Stable Diffusion 3 f\u00f6r videogenerering?<\/strong>&nbsp;A6: Ja, Free Online Stable Diffusion 3 kan anv\u00e4ndas f\u00f6r videogenerering, s\u00e5 att du kan skapa fantastiska videor med minimal anstr\u00e4ngning.<\/p>\n\n\n\n<p class=\"\"><strong>F7: Finns det n\u00e5gra begr\u00e4nsningar f\u00f6r att anv\u00e4nda Free Online Stable Diffusion 3?<\/strong>&nbsp;A7: Ja, det finns begr\u00e4nsningar med att anv\u00e4nda Free Online Stable Diffusion 3, inklusive begr\u00e4nsade anpassningsalternativ och potentiella f\u00f6rdomar i de genererade bilderna.<\/p>\n\n\n\n<p class=\"\"><strong>Q8: Kan jag anv\u00e4nda Free Online Stable Diffusion 3 f\u00f6r storytelling?<\/strong>&nbsp;A8: Ja, Free Online Stable Diffusion 3 kan anv\u00e4ndas f\u00f6r storytelling, s\u00e5 att du kan skapa hela ber\u00e4ttelser med karakt\u00e4rer, bakgrunder och rekvisita.<\/p>\n\n\n\n<p class=\"\"><strong>Q9: \u00c4r Free Online Stable Diffusion 3 l\u00e4mplig f\u00f6r utbildning?<\/strong>&nbsp;A9: Ja, Free Online Stable Diffusion 3 \u00e4r l\u00e4mplig f\u00f6r utbildning, vilket g\u00f6r det m\u00f6jligt f\u00f6r l\u00e4rare att skapa interaktivt och engagerande utbildningsinneh\u00e5ll.<\/p>\n\n\n\n<p class=\"\"><strong>Q10: Hur kommer jag ig\u00e5ng med Free Online Stable Diffusion 3?<\/strong>&nbsp;A10: F\u00f6r att komma ig\u00e5ng med Free Online Stable Diffusion 3, bes\u00f6k helt enkelt webbplatsen, registrera ett konto och f\u00f6lj de handledningar och riktlinjer som tillhandah\u00e5lls.<\/p>","protected":false},"excerpt":{"rendered":"<p>What our users made How to use the Free Free Online Stable Diffusion 3 * Feel free to try our examples below if you don&#8217;t have any thoughts in your mind Prompt Examples *&nbsp;Depending on your internet speed, loading the model may take a few seconds.* There will be caching during continuous generation, and the &#8230; <a title=\"Gratis online Stabil diffusion 3\" class=\"read-more\" href=\"https:\/\/aiartfree.online\/sv\/gratis-online-stabil-diffusion-3\/\" aria-label=\"L\u00e4s mer om Free Online Stable Diffusion 3\">L\u00e4s mer<\/a><\/p>","protected":false},"author":1,"featured_media":0,"parent":0,"menu_order":0,"comment_status":"open","ping_status":"closed","template":"","meta":{"nf_dc_page":"","footnotes":""},"class_list":["post-2888","page","type-page","status-publish"],"jetpack_sharing_enabled":true,"_links":{"self":[{"href":"https:\/\/aiartfree.online\/sv\/wp-json\/wp\/v2\/pages\/2888","targetHints":{"allow":["GET"]}}],"collection":[{"href":"https:\/\/aiartfree.online\/sv\/wp-json\/wp\/v2\/pages"}],"about":[{"href":"https:\/\/aiartfree.online\/sv\/wp-json\/wp\/v2\/types\/page"}],"author":[{"embeddable":true,"href":"https:\/\/aiartfree.online\/sv\/wp-json\/wp\/v2\/users\/1"}],"replies":[{"embeddable":true,"href":"https:\/\/aiartfree.online\/sv\/wp-json\/wp\/v2\/comments?post=2888"}],"version-history":[{"count":1,"href":"https:\/\/aiartfree.online\/sv\/wp-json\/wp\/v2\/pages\/2888\/revisions"}],"predecessor-version":[{"id":3592,"href":"https:\/\/aiartfree.online\/sv\/wp-json\/wp\/v2\/pages\/2888\/revisions\/3592"}],"wp:attachment":[{"href":"https:\/\/aiartfree.online\/sv\/wp-json\/wp\/v2\/media?parent=2888"}],"curies":[{"name":"wp","href":"https:\/\/api.w.org\/{rel}","templated":true}]}}