{"id":2887,"date":"2024-07-18T11:05:14","date_gmt":"2024-07-18T11:05:14","guid":{"rendered":"https:\/\/aiartfree.online\/?page_id=2887"},"modified":"2025-03-07T08:20:04","modified_gmt":"2025-03-07T08:20:04","slug":"free-online-midjourney","status":"publish","type":"page","link":"https:\/\/aiartfree.online\/sv\/gratis-online-midjourney\/","title":{"rendered":"Gratis Midjourney online"},"content":{"rendered":"<h2 class=\"wp-block-heading has-text-align-center\" id=\"what-our-users-made\">Vad v\u00e5ra anv\u00e4ndare tyckte<\/h2>\n\n\n\n<figure class=\"gb-block-image gb-block-image-1822da1f\"><img data-recalc-dims=\"1\" decoding=\"async\" loading=\"lazy\" width=\"1200\" height=\"763\" class=\"gb-image gb-image-1822da1f\" src=\"https:\/\/i0.wp.com\/aiartfree.online\/wp-content\/uploads\/2024\/08\/WX20240802-170918%402x.jpg?resize=1200%2C763&#038;ssl=1\" alt=\"Midjourney \u00e4r ett AI-drivet verktyg som g\u00f6r det m\u00f6jligt f\u00f6r anv\u00e4ndare att generera bilder fr\u00e5n textmeddelanden. Det \u00e4r h\u00e4r gratis online Midjourney kommer in. Ingen gr\u00e4ns, ingen registrering\" title=\"WX20240802-170918@2x\" srcset=\"https:\/\/i0.wp.com\/aiartfree.online\/wp-content\/uploads\/2024\/08\/WX20240802-170918%402x.jpg?w=1918&amp;ssl=1 1918w, https:\/\/i0.wp.com\/aiartfree.online\/wp-content\/uploads\/2024\/08\/WX20240802-170918%402x.jpg?resize=300%2C191&amp;ssl=1 300w, https:\/\/i0.wp.com\/aiartfree.online\/wp-content\/uploads\/2024\/08\/WX20240802-170918%402x.jpg?resize=1024%2C651&amp;ssl=1 1024w, https:\/\/i0.wp.com\/aiartfree.online\/wp-content\/uploads\/2024\/08\/WX20240802-170918%402x.jpg?resize=768%2C489&amp;ssl=1 768w, https:\/\/i0.wp.com\/aiartfree.online\/wp-content\/uploads\/2024\/08\/WX20240802-170918%402x.jpg?resize=1536%2C977&amp;ssl=1 1536w, https:\/\/i0.wp.com\/aiartfree.online\/wp-content\/uploads\/2024\/08\/WX20240802-170918%402x.jpg?resize=18%2C12&amp;ssl=1 18w, https:\/\/i0.wp.com\/aiartfree.online\/wp-content\/uploads\/2024\/08\/WX20240802-170918%402x.jpg?resize=600%2C382&amp;ssl=1 600w\" sizes=\"auto, (max-width: 1200px) 100vw, 1200px\" \/><\/figure>\n\n\n\n<h2 class=\"wp-block-heading\" id=\"how-to-use-the-free-online-midjourney\">Hur man anv\u00e4nder Free Online Midjourney<\/h2>\n\n\n\n<ol class=\"wp-block-list\">\n<li class=\"\">Ange dina anvisningar<\/li>\n\n\n\n<li class=\"\">Klicka p\u00e5 \"Generera\"<\/li>\n\n\n\n<li class=\"\">V\u00e4nta, det var det!<\/li>\n<\/ol>\n\n\n\n<p class=\"\">* Testa g\u00e4rna v\u00e5ra exempel nedan om du inte har n\u00e5gra tankar i huvudet<\/p>\n\n\n\n<h3 class=\"wp-block-heading\" id=\"prompt-examples\">Exempel p\u00e5 uppmaningar<\/h3>\n\n\n\n<ol style=\"font-size:16px\" class=\"wp-block-list\">\n<li class=\"\">hisnande mycket detaljerad grafisk romanillustration av morgan freeman som k\u00f6r en harley davidson motorcykel , m\u00f6rk och grusig<\/li>\n\n\n\n<li class=\"\">hisnande grafisk romanillustration Mitt i den vidstr\u00e4ckta nebulosan flyter en ensam astronaut, fastbunden vid ett lysande rymdskepp. Nebulosans str\u00e5lande gaser dansar runt och reflekterar livfulla f\u00e4rger p\u00e5 dr\u00e4kten, vilket skapar en balett av ljus och r\u00f6relse.<\/li>\n\n\n\n<li class=\"\">hisnande grafisk illustration av Vid ett v\u00e4gsk\u00e4l i en postapokalyptisk \u00f6demark sjunger en vandrare med en gitarr gjord av metallskrot ber\u00e4ttelser om den gamla v\u00e4rlden. Mutanta varelser samlas runt l\u00e4gerelden, deras \u00f6gon fyllda av l\u00e4ngtan.<\/li>\n\n\n\n<li class=\"\">hisnande grafisk romanillustration av ett barn som jagar f\u00e4rgglada fj\u00e4rilar p\u00e5 en livfull \u00e4ng.<\/li>\n\n\n\n<li class=\"\">hisnande grafisk romanillustration P\u00e5 en strand d\u00e4r v\u00e5gorna \u00e4r v\u00e4vda av ber\u00e4ttelser, skapar en sagober\u00e4ttare med en v\u00e4vstol av m\u00e5nsken ber\u00e4ttelser fr\u00e5n tidvattnet. Sn\u00e4ckor viskar legender och horisonten \u00e4r en v\u00e4v av \u00e4ventyr som \u00e4nnu inte har ber\u00e4ttats.<\/li>\n\n\n\n<li class=\"\">hisnande grafisk romanillustration av en falk som sv\u00e4var \u00f6ver en \u00f6ken och letar efter byte.<\/li>\n\n\n\n<li class=\"\">hisnande grafisk romanillustration Djupt inne i polcirkeln m\u00e5lar ett norrsken himlen med livfulla nyanser av gr\u00f6nt, rosa och lila. Sn\u00f6n nedanf\u00f6r reflekterar denna ljusdans och v\u00e4rlden omsluts av en fascinerande f\u00e4rgsymfoni.<\/li>\n\n\n\n<li class=\"\">hisnande grafisk romanillustration av en tatuerare som utf\u00f6r en invecklad design p\u00e5 en kunds rygg.<\/li>\n\n\n\n<li class=\"\">hisnande grafisk romanillustration av en kvinna, draperad i f\u00e4rgglatt siden, som l\u00e4ser tarotkort i ett t\u00e4lt upplyst av levande ljus.<\/li>\n\n\n\n<li class=\"\">hisnande grafisk romanillustration av tv\u00e5 speleologer som kartl\u00e4gger en djup grotta med facklor som lyser upp v\u00e4gen.<\/li>\n<\/ol>\n\n\n\n<figure class=\"gb-block-image gb-block-image-032aac41\"><a href=\"https:\/\/fas.st\/t\/9U4PYbm7\" target=\"_blank\" rel=\"noopener noreferrer\"><img data-recalc-dims=\"1\" decoding=\"async\" loading=\"lazy\" width=\"1200\" height=\"365\" class=\"gb-image gb-image-032aac41\" src=\"https:\/\/i0.wp.com\/aiartfree.online\/wp-content\/uploads\/2025\/03\/WX20250307-115412%402x.webp?resize=1200%2C365&#038;ssl=1\" alt=\"\" title=\"WX20250307-115412@2x\" srcset=\"https:\/\/i0.wp.com\/aiartfree.online\/wp-content\/uploads\/2025\/03\/WX20250307-115412%402x.webp?w=1942&amp;ssl=1 1942w, https:\/\/i0.wp.com\/aiartfree.online\/wp-content\/uploads\/2025\/03\/WX20250307-115412%402x.webp?resize=300%2C91&amp;ssl=1 300w, https:\/\/i0.wp.com\/aiartfree.online\/wp-content\/uploads\/2025\/03\/WX20250307-115412%402x.webp?resize=1024%2C312&amp;ssl=1 1024w, https:\/\/i0.wp.com\/aiartfree.online\/wp-content\/uploads\/2025\/03\/WX20250307-115412%402x.webp?resize=768%2C234&amp;ssl=1 768w, https:\/\/i0.wp.com\/aiartfree.online\/wp-content\/uploads\/2025\/03\/WX20250307-115412%402x.webp?resize=1536%2C467&amp;ssl=1 1536w, https:\/\/i0.wp.com\/aiartfree.online\/wp-content\/uploads\/2025\/03\/WX20250307-115412%402x.webp?resize=18%2C5&amp;ssl=1 18w, https:\/\/i0.wp.com\/aiartfree.online\/wp-content\/uploads\/2025\/03\/WX20250307-115412%402x.webp?resize=600%2C183&amp;ssl=1 600w\" sizes=\"auto, (max-width: 1200px) 100vw, 1200px\" \/><\/a><\/figure>\n\n\n\n<p class=\"\"><em>* Beroende p\u00e5 din internethastighet kan det ta n\u00e5gra sekunder att ladda modellen.<br>* Under den kontinuerliga genereringen sker en cachning och den nya bilden visas efter ca 3 sekunder.<\/em><\/p>\n\n\n\n<div class=\"iframe-wrapper\" style=\"position: relative; width: 100%; height: 1230px;\">\n  <div class=\"loading\" style=\"position: absolute; top: 50px; left: 50%; transform: translate(-50%, -50%); width: 40px; height: 40px; border: 3px solid #f0f0f0; border-top: 3px solid #db7093; border-radius: 50%; animation: spin 1s linear infinite;\"><\/div>\n  <iframe loading=\"lazy\" src=\"https:\/\/predatortoabuse-realistic-image-generator-model.static.hf.space\" frameborder=\"0\" width=\"100%\" height=\"100%\" style=\"position: absolute; top: 0; left: 0; opacity: 0; transition: opacity 0.3s;\" onload=\"this.style.opacity=1;this.previousElementSibling.style.display='none';\"><\/iframe>\n<\/div>\n\n<style>\n@keyframes spin {\n  0% { transform: translate(-50%, -50%) rotate(0deg); }\n  100% { transform: translate(-50%, -50%) rotate(360deg); }\n}\n<\/style>\n\n\n\n<div style=\"height:100px\" aria-hidden=\"true\" class=\"wp-block-spacer\"><\/div>\n\n\n\n<h2 class=\"wp-block-heading\" id=\"introduction-of-free-online-midjourney\"><strong>Introduktion av gratis Midjourney online<\/strong><\/h2>\n\n\n\n<p class=\"\">Midjourney \u00e4r ett AI-drivet verktyg som g\u00f6r det m\u00f6jligt f\u00f6r anv\u00e4ndare att generera bilder fr\u00e5n textmeddelanden. Med \u00f6kningen av AI-genererad konst har Midjourney blivit ett popul\u00e4rt verktyg bland kreativa och konstentusiaster. Men inte alla har r\u00e5d att betala f\u00f6r tj\u00e4nsten. Det \u00e4r h\u00e4r gratis online Midjourney kommer in. I den h\u00e4r artikeln kommer vi att utforska vad gratis Midjourney online \u00e4r, varf\u00f6r du ska anv\u00e4nda det, dess f\u00f6rdelar, n\u00e4r du ska anv\u00e4nda det och vem som kan dra nytta av det. Vi kommer ocks\u00e5 att titta p\u00e5 n\u00e5gra av de b\u00e4sta gratis online Midjourney-verktygen och webbplatserna, deras f\u00f6r- och nackdelar och svara p\u00e5 n\u00e5gra vanliga fr\u00e5gor.<\/p>\n\n\n\n<div class=\"wp-block-rank-math-toc-block\" id=\"rank-math-toc\"><h3>Inneh\u00e5llsf\u00f6rteckning<\/h3><nav><ul><li><a href=\"#prompt-examples\">Exempel p\u00e5 uppmaningar<\/a><\/li><li><a href=\"#\ufffc-what-is-free-online-midjourney\">\ufffcVad \u00e4r Gratis Online Midjourney?<\/a><\/li><li><a href=\"#\ufffc-why-use-free-online-midjourney\">\ufffcVarf\u00f6r anv\u00e4nda gratis online midjourney?<\/a><\/li><li><a href=\"#\ufffc-benefits-of-using-free-online-midjourney\">\ufffcF\u00f6rdelarna med att anv\u00e4nda gratis Midjourney online<\/a><ul><li><a href=\"#\ufffc-1-cost-effective\">\ufffc1. Kostnadseffektivt<\/a><\/li><li><a href=\"#\ufffc-2-experimentation\">\ufffc2. Experimenterande<\/a><\/li><li><a href=\"#\ufffc-3-accessibility\">\ufffc3. Tillg\u00e4nglighet<\/a><\/li><\/ul><\/li><li><a href=\"#\ufffc-when-to-use-free-online-midjourney\">\ufffcN\u00e4r ska man anv\u00e4nda gratis online midjourney<\/a><\/li><li><a href=\"#\ufffc-who-can-benefit-from-free-online-midjourney\">\ufffcVem kan dra nytta av gratis online-mellanjour<\/a><ul><li><a href=\"#\ufffc-1-creatives\">\ufffc1. Kreativa id\u00e9er<\/a><\/li><li><a href=\"#\ufffc-2-students\">\ufffc2. Studenter<\/a><\/li><li><a href=\"#\ufffc-3-hobbyists\">\ufffc3. Hobbyister<\/a><\/li><\/ul><\/li><li><a href=\"#\ufffc-free-online-midjourney-tools-and-websites\">\ufffcGratis onlineverktyg och webbplatser f\u00f6r midjourney<\/a><\/li><li><a href=\"#\ufffc-pros-and-cons-of-free-online-midjourney-tools-and-websites\">\ufffc F\u00f6r- och nackdelar med kostnadsfria verktyg och webbplatser f\u00f6r midjourney online<\/a><\/li><li><a href=\"#\ufffc-top-recommendation\">\ufffcTopprekommendation<\/a><\/li><li><a href=\"#\ufffcfaq\">\ufffcFAQ<\/a><ul><li><a href=\"#\ufffc-1-is-free-online-midjourney-safe-to-use\">\ufffc1. \u00c4r gratis online Midjourney s\u00e4kert att anv\u00e4nda?<\/a><\/li><li><a href=\"#\ufffc-2-can-i-use-free-online-midjourney-for-commercial-purposes\">\ufffc2. Kan jag anv\u00e4nda gratis online Midjourney f\u00f6r kommersiella \u00e4ndam\u00e5l?<\/a><\/li><\/ul><\/li><li><a href=\"#\ufffc-3-how-do-i-use-free-online-midjourney\">\ufffc3. Hur anv\u00e4nder jag gratis online Midjourney?<\/a><\/li><\/ul><\/nav><\/div>\n\n\n\n<h3 class=\"wp-block-heading\" id=\"\ufffc-what-is-free-online-midjourney\"><a href=\"https:\/\/dromerosm-groq-llama3.hf.space\/#what-is-free-online-midjourney\" target=\"_blank\" rel=\"noopener\"><\/a><strong>Vad \u00e4r Free Online Midjourney?<\/strong><\/h3>\n\n\n\n<p class=\"\">Gratis online Midjourney \u00e4r en webbaserad plattform som g\u00f6r det m\u00f6jligt f\u00f6r anv\u00e4ndare att f\u00e5 tillg\u00e5ng till Midjourneys AI-drivna bildgenereringsfunktioner gratis. Dessa plattformar kr\u00e4ver inte att anv\u00e4ndarna betalar en abonnemangsavgift eller n\u00e5gon annan form av betalning f\u00f6r att anv\u00e4nda tj\u00e4nsten.<\/p>\n\n\n\n<h3 class=\"wp-block-heading\" id=\"\ufffc-why-use-free-online-midjourney\"><a href=\"https:\/\/dromerosm-groq-llama3.hf.space\/#why-use-free-online-midjourney\" target=\"_blank\" rel=\"noopener\"><\/a><strong>Varf\u00f6r anv\u00e4nda gratis online midjourney?<\/strong><\/h3>\n\n\n\n<p class=\"\">Gratis online Midjourney \u00e4r ett bra alternativ f\u00f6r dem som vill experimentera med AI-genererad konst utan att bryta banken. Det g\u00f6r det m\u00f6jligt f\u00f6r anv\u00e4ndare att prova olika textmeddelanden, experimentera med olika stilar och skapa unika bilder utan att \u00e5dra sig n\u00e5gra kostnader.<\/p>\n\n\n\n<h3 class=\"wp-block-heading\" id=\"\ufffc-benefits-of-using-free-online-midjourney\"><a href=\"https:\/\/dromerosm-groq-llama3.hf.space\/#benefits-of-using-free-online-midjourney\" target=\"_blank\" rel=\"noopener\"><\/a><strong>F\u00f6rdelar med att anv\u00e4nda gratis Midjourney online<\/strong><\/h3>\n\n\n\n<h4 class=\"wp-block-heading\" id=\"\ufffc-1-cost-effective\"><a href=\"https:\/\/dromerosm-groq-llama3.hf.space\/#1-cost-effective\" target=\"_blank\" rel=\"noopener\"><\/a>1. Kostnadseffektivt<\/h4>\n\n\n\n<p class=\"\">Gratis online Midjourney \u00e4r ett kostnadseffektivt alternativ f\u00f6r dem som vill f\u00e5 tillg\u00e5ng till Midjourneys AI-drivna bildgenerering utan att betala en prenumerationsavgift.<\/p>\n\n\n\n<h4 class=\"wp-block-heading\" id=\"\ufffc-2-experimentation\"><a href=\"https:\/\/dromerosm-groq-llama3.hf.space\/#c8062562\" target=\"_blank\" rel=\"noopener\"><\/a>2. Experimenterande<\/h4>\n\n\n\n<p class=\"\">Gratis online Midjourney g\u00f6r det m\u00f6jligt f\u00f6r anv\u00e4ndare att experimentera med olika textmeddelanden, stilar och bilder utan att \u00e5dra sig n\u00e5gra kostnader.<\/p>\n\n\n\n<h4 class=\"wp-block-heading\" id=\"\ufffc-3-accessibility\"><a href=\"https:\/\/dromerosm-groq-llama3.hf.space\/#3-accessibility\" target=\"_blank\" rel=\"noopener\"><\/a>3. Tillg\u00e4nglighet<\/h4>\n\n\n\n<p class=\"\">Gratis online Midjourney g\u00f6r AI-genererad konst tillg\u00e4nglig f\u00f6r alla, oavsett inkomstniv\u00e5 eller plats.<\/p>\n\n\n\n<h3 class=\"wp-block-heading\" id=\"\ufffc-when-to-use-free-online-midjourney\"><a href=\"https:\/\/dromerosm-groq-llama3.hf.space\/#when-to-use-free-online-midjourney\" target=\"_blank\" rel=\"noopener\"><\/a><strong>N\u00e4r ska man anv\u00e4nda gratis Midjourney online<\/strong><\/h3>\n\n\n\n<p class=\"\">Gratis online Midjourney passar alla som vill experimentera med AI-genererad konst, kreat\u00f6rer som vill testa nya id\u00e9er och studenter som vill l\u00e4ra sig om AI-driven bildgenerering.<\/p>\n\n\n\n<h3 class=\"wp-block-heading\" id=\"\ufffc-who-can-benefit-from-free-online-midjourney\"><a href=\"https:\/\/dromerosm-groq-llama3.hf.space\/#who-can-benefit-from-free-online-midjourney\" target=\"_blank\" rel=\"noopener\"><\/a><strong>Vem kan dra nytta av gratis online midjourney<\/strong><\/h3>\n\n\n\n<p class=\"\">Gratis online Midjourney \u00e4r l\u00e4mplig f\u00f6r:<\/p>\n\n\n\n<h4 class=\"wp-block-heading\" id=\"\ufffc-1-creatives\"><a href=\"https:\/\/dromerosm-groq-llama3.hf.space\/#765b3dbc\" target=\"_blank\" rel=\"noopener\"><\/a>1. Kreativa id\u00e9er<\/h4>\n\n\n\n<p class=\"\">Gratis online Midjourney \u00e4r ett bra alternativ f\u00f6r kreat\u00f6rer som vill experimentera med nya id\u00e9er och skapa unika bilder.<\/p>\n\n\n\n<h4 class=\"wp-block-heading\" id=\"\ufffc-2-students\"><a href=\"https:\/\/dromerosm-groq-llama3.hf.space\/#c65bfb05\" target=\"_blank\" rel=\"noopener\"><\/a>2. Studenter<\/h4>\n\n\n\n<p class=\"\">Studenter som vill l\u00e4ra sig om AI-driven bildgenerering kan dra nytta av att anv\u00e4nda gratis online Midjourney.<\/p>\n\n\n\n<h4 class=\"wp-block-heading\" id=\"\ufffc-3-hobbyists\"><a href=\"https:\/\/dromerosm-groq-llama3.hf.space\/#147c273b\" target=\"_blank\" rel=\"noopener\"><\/a>3. Hobbyister<\/h4>\n\n\n\n<p class=\"\">Hobbyister som vill prova p\u00e5 AI-genererad konst utan att \u00e5dra sig n\u00e5gra kostnader kan dra nytta av att anv\u00e4nda gratis online Midjourney.<\/p>\n\n\n\n<h3 class=\"wp-block-heading\" id=\"\ufffc-free-online-midjourney-tools-and-websites\"><a href=\"https:\/\/dromerosm-groq-llama3.hf.space\/#free-online-midjourney-tools-and-websites\" target=\"_blank\" rel=\"noopener\"><\/a><strong>Gratis onlineverktyg och webbplatser f\u00f6r midjourney<\/strong><\/h3>\n\n\n\n<p class=\"\">H\u00e4r \u00e4r n\u00e5gra av de b\u00e4sta gratis online Midjourney-verktygen och webbplatserna:<\/p>\n\n\n\n<figure class=\"wp-block-table\"><table class=\"has-fixed-layout\"><thead><tr><th>Webbplats<\/th><th>Beskrivning<\/th><\/tr><\/thead><tbody><tr><td><a href=\"https:\/\/aiartfree.online\/sv\/gratis-online-midjourney\/\" target=\"_blank\" rel=\"noreferrer noopener\">AI-konst gratis online<\/a><\/td><td>AI Art Free Online \u00e4r ett gratis Midjourney-verktyg online som g\u00f6r det m\u00f6jligt f\u00f6r anv\u00e4ndare att generera bilder fr\u00e5n textmeddelanden.<\/td><\/tr><tr><td><a href=\"https:\/\/deepdreamgenerator.com\/\" target=\"_blank\" rel=\"noreferrer noopener\">Generator f\u00f6r djupa dr\u00f6mmar<\/a><\/td><td>Deep Dream Generator \u00e4r ett gratis onlineverktyg f\u00f6r Midjourney som anv\u00e4nder ett neuralt n\u00e4tverk f\u00f6r att generera bilder fr\u00e5n textmeddelanden.<\/td><\/tr><tr><td><a href=\"https:\/\/www.artbreeder.com\/\" target=\"_blank\" rel=\"noreferrer noopener\">Konstuppf\u00f6dare<\/a><\/td><td>Artbreeder \u00e4r en kostnadsfri onlineplattform som g\u00f6r det m\u00f6jligt f\u00f6r anv\u00e4ndare att skapa originalkonstverk med hj\u00e4lp av en kombination av AI och anv\u00e4ndarinmatning.<\/td><\/tr><tr><td><a href=\"https:\/\/prism.app\/\" target=\"_blank\" rel=\"noreferrer noopener\">Prisma<\/a><\/td><td>Prism \u00e4r ett gratis Midjourney-verktyg online som anv\u00e4nder AI f\u00f6r att generera bilder fr\u00e5n textmeddelanden.<\/td><\/tr><tr><td><a href=\"https:\/\/mydeepart.com\/\" target=\"_blank\" rel=\"noreferrer noopener\">MyDeepArt<\/a><\/td><td>MyDeepArt \u00e4r ett gratis Midjourney-verktyg online som g\u00f6r det m\u00f6jligt f\u00f6r anv\u00e4ndare att generera bilder fr\u00e5n textmeddelanden.<\/td><\/tr><\/tbody><\/table><\/figure>\n\n\n\n<h3 class=\"wp-block-heading\" id=\"\ufffc-pros-and-cons-of-free-online-midjourney-tools-and-websites\"><a href=\"https:\/\/dromerosm-groq-llama3.hf.space\/#pros-and-cons-of-free-online-midjourney-tools-and-websites\" target=\"_blank\" rel=\"noopener\"><\/a><strong>F\u00f6r- och nackdelar med gratis onlineverktyg och webbplatser f\u00f6r midjourney<\/strong><\/h3>\n\n\n\n<figure class=\"wp-block-table\"><table class=\"has-fixed-layout\"><thead><tr><th>Webbplats<\/th><th>Proffs<\/th><th>Nackdelar<\/th><\/tr><\/thead><tbody><tr><td>AI-konst gratis online<\/td><td>Kostnadseffektivt, enkelt att anv\u00e4nda<\/td><td>Begr\u00e4nsade funktioner<\/td><\/tr><tr><td>Generator f\u00f6r djupa dr\u00f6mmar<\/td><td>Skapar h\u00f6gkvalitativa bilder, enkel att anv\u00e4nda<\/td><td>Begr\u00e4nsade anpassningsm\u00f6jligheter<\/td><\/tr><tr><td>Konstuppf\u00f6dare<\/td><td>M\u00f6jligg\u00f6r en h\u00f6g grad av anpassning och genererar unika bilder<\/td><td>Brant inl\u00e4rningskurva<\/td><\/tr><tr><td>Prisma<\/td><td>Snabb bearbetningstid, h\u00f6gkvalitativa bilder<\/td><td>Begr\u00e4nsade funktioner<\/td><\/tr><tr><td>MyDeepArt<\/td><td>Skapar h\u00f6gkvalitativa bilder, enkel att anv\u00e4nda<\/td><td>Begr\u00e4nsade anpassningsm\u00f6jligheter<\/td><\/tr><\/tbody><\/table><\/figure>\n\n\n\n<h3 class=\"wp-block-heading\" id=\"\ufffc-top-recommendation\"><a href=\"https:\/\/dromerosm-groq-llama3.hf.space\/#top-recommendation\" target=\"_blank\" rel=\"noopener\"><\/a><strong>H\u00f6gsta rekommendation<\/strong><\/h3>\n\n\n\n<p class=\"\">Baserat p\u00e5 v\u00e5r forskning rekommenderar vi starkt&nbsp;<a href=\"https:\/\/aiartfree.online\/sv\/gratis-online-midjourney\/\" target=\"_blank\" rel=\"noreferrer noopener\">AI-konst gratis online<\/a>&nbsp;f\u00f6r sin anv\u00e4ndarv\u00e4nlighet, kostnadseffektivitet och h\u00f6ga bildkvalitet.<\/p>\n\n\n\n<h3 class=\"wp-block-heading\" id=\"\ufffcfaq\"><a href=\"https:\/\/dromerosm-groq-llama3.hf.space\/#faq\" target=\"_blank\" rel=\"noopener\"><\/a><strong>VANLIGA FR\u00c5GOR<\/strong><\/h3>\n\n\n\n<p class=\"\">H\u00e4r \u00e4r n\u00e5gra vanliga fr\u00e5gor om gratis online Midjourney:<\/p>\n\n\n\n<h4 class=\"wp-block-heading\" id=\"\ufffc-1-is-free-online-midjourney-safe-to-use\"><a href=\"https:\/\/dromerosm-groq-llama3.hf.space\/#f3b6b435\" target=\"_blank\" rel=\"noopener\"><\/a>1. \u00c4r gratis online Midjourney s\u00e4kert att anv\u00e4nda?<\/h4>\n\n\n\n<p class=\"\">Ja, gratis online Midjourney \u00e4r s\u00e4kert att anv\u00e4nda. Det \u00e4r dock alltid en bra id\u00e9 att l\u00e4sa villkoren f\u00f6r varje webbplats innan du anv\u00e4nder deras tj\u00e4nster.<\/p>\n\n\n\n<h4 class=\"wp-block-heading\" id=\"\ufffc-2-can-i-use-free-online-midjourney-for-commercial-purposes\"><a href=\"https:\/\/dromerosm-groq-llama3.hf.space\/#a6471d09\" target=\"_blank\" rel=\"noopener\"><\/a>2. Kan jag anv\u00e4nda gratis online Midjourney f\u00f6r kommersiella \u00e4ndam\u00e5l?<\/h4>\n\n\n\n<p class=\"\">Vissa gratis online Midjourney-verktyg och webbplatser till\u00e5ter kommersiell anv\u00e4ndning, medan andra inte g\u00f6r det. Kontrollera villkoren f\u00f6r varje webbplats innan du anv\u00e4nder deras tj\u00e4nster i kommersiellt syfte.<\/p>\n\n\n\n<h3 class=\"wp-block-heading\" id=\"\ufffc-3-how-do-i-use-free-online-midjourney\"><a href=\"https:\/\/dromerosm-groq-llama3.hf.space\/#e4d0e51e\" target=\"_blank\" rel=\"noopener\"><\/a>3. Hur anv\u00e4nder jag gratis online Midjourney?<\/h3>\n\n\n\n<p class=\"\">Att anv\u00e4nda gratis online Midjourney \u00e4r enkelt. G\u00e5 bara till webbplatsen, ange din textprompt och klicka p\u00e5 generera. Du kan sedan ladda ner den genererade bilden eller anv\u00e4nda den f\u00f6r ditt \u00f6nskade \u00e4ndam\u00e5l.<\/p>\n\n\n\n<p class=\"\">H\u00e4r \u00e4r 10 webbplatser som ger den senaste informationen om gratis online Midjourney:<\/p>\n\n\n\n<ol class=\"wp-block-list\">\n<li class=\"\"><a href=\"https:\/\/aiartfree.online\/sv\/gratis-online-midjourney\/\" target=\"_blank\" rel=\"noreferrer noopener\">AI-konst gratis online<\/a>&nbsp;- AI Art Free Online \u00e4r ett gratis Midjourney-verktyg online som genererar bilder fr\u00e5n textfr\u00e5gor.<\/li>\n\n\n\n<li class=\"\"><a href=\"https:\/\/deepdreamgenerator.com\/\" target=\"_blank\" rel=\"noreferrer noopener\">Generator f\u00f6r djupa dr\u00f6mmar<\/a>&nbsp;- Deep Dream Generator anv\u00e4nder ett neuralt n\u00e4tverk f\u00f6r att generera bilder fr\u00e5n textmeddelanden.<\/li>\n\n\n\n<li class=\"\"><a href=\"https:\/\/www.artbreeder.com\/\" target=\"_blank\" rel=\"noreferrer noopener\">Konstuppf\u00f6dare<\/a>&nbsp;- Artbreeder \u00e4r en kostnadsfri onlineplattform som g\u00f6r det m\u00f6jligt f\u00f6r anv\u00e4ndare att skapa originalkonstverk med hj\u00e4lp av en kombination av AI och anv\u00e4ndarinmatning.<\/li>\n\n\n\n<li class=\"\"><a href=\"https:\/\/prism.app\/\" target=\"_blank\" rel=\"noreferrer noopener\">Prisma<\/a>&nbsp;- Prism \u00e4r ett gratis Midjourney-verktyg online som anv\u00e4nder AI f\u00f6r att generera bilder fr\u00e5n textmeddelanden.<\/li>\n\n\n\n<li class=\"\"><a href=\"https:\/\/mydeepart.com\/\" target=\"_blank\" rel=\"noreferrer noopener\">MyDeepArt<\/a>&nbsp;- MyDeepArt \u00e4r ett gratis Midjourney-verktyg online som g\u00f6r det m\u00f6jligt f\u00f6r anv\u00e4ndare att generera bilder fr\u00e5n textmeddelanden.<\/li>\n\n\n\n<li class=\"\"><a href=\"https:\/\/midjourney.com\/\" target=\"_blank\" rel=\"noreferrer noopener\">Midjourney<\/a>&nbsp;- Midjourney \u00e4r en AI-driven plattform f\u00f6r bildgenerering som erbjuder en gratis testperiod.<\/li>\n\n\n\n<li class=\"\"><a href=\"https:\/\/techcrunch.com\/\" target=\"_blank\" rel=\"noreferrer noopener\">TechCrunch<\/a>&nbsp;- TechCrunch ger dig de senaste nyheterna och uppdateringarna om AI-genererad konst och gratis onlineverktyg f\u00f6r Midjourney.<\/li>\n\n\n\n<li class=\"\"><a href=\"https:\/\/www.theverge.com\/\" target=\"_blank\" rel=\"noreferrer noopener\">The Verge<\/a>&nbsp;- The Verge tillhandah\u00e5ller de senaste nyheterna och uppdateringarna om AI-genererad konst och gratis Midjourney-verktyg online.<\/li>\n\n\n\n<li class=\"\"><a href=\"https:\/\/news.artnet.com\/\" target=\"_blank\" rel=\"noreferrer noopener\">Artnet<\/a>&nbsp;- Artnet ger dig de senaste nyheterna och uppdateringarna om AI-genererad konst och gratis onlineverktyg f\u00f6r Midjourney.<\/li>\n\n\n\n<li class=\"\"><a href=\"https:\/\/aitimejournal.com\/\" target=\"_blank\" rel=\"noreferrer noopener\">AI Tidskrift<\/a>&nbsp;- AI Time Journal ger de senaste nyheterna och uppdateringarna om AI-genererad konst och gratis onlineverktyg f\u00f6r Midjourney.<\/li>\n<\/ol>","protected":false},"excerpt":{"rendered":"<p>What our users made How to use the Free Online Midjourney * Feel free to try our examples below if you don&#8217;t have any thoughts in your mind Prompt Examples *&nbsp;Depending on your internet speed, loading the model may take a few seconds.* There will be caching during continuous generation, and the new image will &#8230; <a title=\"Gratis Midjourney online\" class=\"read-more\" href=\"https:\/\/aiartfree.online\/sv\/gratis-online-midjourney\/\" aria-label=\"L\u00e4s mer om Free Online Midjourney\">L\u00e4s mer<\/a><\/p>","protected":false},"author":1,"featured_media":3528,"parent":0,"menu_order":0,"comment_status":"open","ping_status":"closed","template":"","meta":{"nf_dc_page":"","footnotes":""},"class_list":["post-2887","page","type-page","status-publish","has-post-thumbnail"],"jetpack_sharing_enabled":true,"_links":{"self":[{"href":"https:\/\/aiartfree.online\/sv\/wp-json\/wp\/v2\/pages\/2887","targetHints":{"allow":["GET"]}}],"collection":[{"href":"https:\/\/aiartfree.online\/sv\/wp-json\/wp\/v2\/pages"}],"about":[{"href":"https:\/\/aiartfree.online\/sv\/wp-json\/wp\/v2\/types\/page"}],"author":[{"embeddable":true,"href":"https:\/\/aiartfree.online\/sv\/wp-json\/wp\/v2\/users\/1"}],"replies":[{"embeddable":true,"href":"https:\/\/aiartfree.online\/sv\/wp-json\/wp\/v2\/comments?post=2887"}],"version-history":[{"count":2,"href":"https:\/\/aiartfree.online\/sv\/wp-json\/wp\/v2\/pages\/2887\/revisions"}],"predecessor-version":[{"id":3599,"href":"https:\/\/aiartfree.online\/sv\/wp-json\/wp\/v2\/pages\/2887\/revisions\/3599"}],"wp:featuredmedia":[{"embeddable":true,"href":"https:\/\/aiartfree.online\/sv\/wp-json\/wp\/v2\/media\/3528"}],"wp:attachment":[{"href":"https:\/\/aiartfree.online\/sv\/wp-json\/wp\/v2\/media?parent=2887"}],"curies":[{"name":"wp","href":"https:\/\/api.w.org\/{rel}","templated":true}]}}