{"id":2880,"date":"2024-07-17T14:18:31","date_gmt":"2024-07-17T14:18:31","guid":{"rendered":"https:\/\/aiartfree.online\/?page_id=2880"},"modified":"2024-07-20T10:51:32","modified_gmt":"2024-07-20T10:51:32","slug":"ai-image-enhancer","status":"publish","type":"page","link":"https:\/\/aiartfree.online\/sv\/ai-bildforstarkare\/","title":{"rendered":"AI Bildf\u00f6rst\u00e4rkare"},"content":{"rendered":"<h2 class=\"wp-block-heading\">Hur man anv\u00e4nder AI Image Enhancer<\/h2>\n\n\n\n<ol class=\"wp-block-list\">\n<li class=\"\">Sl\u00e4pp eller ladda upp din bild<\/li>\n\n\n\n<li class=\"\">Klicka p\u00e5 \"Skicka\"<\/li>\n\n\n\n<li class=\"\">V\u00e4nta, det var det!<\/li>\n<\/ol>\n\n\n\n<p class=\"\"><em>* Beroende p\u00e5 din internethastighet kan det ta n\u00e5gra sekunder att ladda modellen.<br>* Under den kontinuerliga genereringen sker en cachning och den nya bilden visas efter ca 3 sekunder.<\/em><\/p>\n\n\n\n<div style=\"text-align: center;\">\n  <iframe loading=\"lazy\"\n    src=\"https:\/\/sczhou-codeformer.hf.space\"\n    frameborder=\"0\"\n    width=\"1200\"\n    height=\"2500\"\n    style=\"display: inline-block; margin: 0 auto;\"\n  ><\/iframe>\n<\/div>\n\n\n\n<div style=\"height:50px\" aria-hidden=\"true\" class=\"wp-block-spacer\"><\/div>\n\n\n\n<h2 class=\"wp-block-heading\">Introduktion av AI Image Enhancer<\/h2>\n\n\n\n<p class=\"\">Att f\u00f6rb\u00e4ttra bildkvaliteten \u00e4r avg\u00f6rande f\u00f6r olika branscher, fr\u00e5n fastigheter till marknadsf\u00f6ring p\u00e5 sociala medier. Med den artificiella intelligensens framfart har verktyg som AI Image Enhancer revolutionerat s\u00e4ttet vi \u00f6kar fotouppl\u00f6sningen och f\u00f6rb\u00e4ttrar den \u00f6vergripande bildkvaliteten. I den h\u00e4r artikeln kommer vi att utforska f\u00f6rdelarna med AI-bildf\u00f6rst\u00e4rkare, de b\u00e4sta scenarierna f\u00f6r deras anv\u00e4ndning och ge en omfattande guide till de b\u00e4sta verktygen som finns tillg\u00e4ngliga idag.<\/p>\n\n\n\n<figure class=\"wp-block-image size-large is-resized\"><img data-recalc-dims=\"1\" decoding=\"async\" width=\"1024\" height=\"568\"   loading=\"lazy\" src=\"https:\/\/i0.wp.com\/aiartfree.online\/wp-content\/uploads\/2024\/07\/WX20240717-181127%402x-1-1-1-1-1-1.jpg?resize=1024%2C568&#038;ssl=1\" alt=\"AI Bildf\u00f6rst\u00e4rkare\" class=\"wp-image-2881\" style=\"width:591px;height:auto\" srcset=\"https:\/\/i0.wp.com\/aiartfree.online\/wp-content\/uploads\/2024\/07\/WX20240717-181127%402x-1-1-1-1-1-1.jpg?resize=1024%2C568&amp;ssl=1 1024w, https:\/\/i0.wp.com\/aiartfree.online\/wp-content\/uploads\/2024\/07\/WX20240717-181127%402x-1-1-1-1-1-1.jpg?resize=300%2C166&amp;ssl=1 300w, https:\/\/i0.wp.com\/aiartfree.online\/wp-content\/uploads\/2024\/07\/WX20240717-181127%402x-1-1-1-1-1-1.jpg?resize=768%2C426&amp;ssl=1 768w, https:\/\/i0.wp.com\/aiartfree.online\/wp-content\/uploads\/2024\/07\/WX20240717-181127%402x-1-1-1-1-1-1.jpg?resize=1536%2C852&amp;ssl=1 1536w, https:\/\/i0.wp.com\/aiartfree.online\/wp-content\/uploads\/2024\/07\/WX20240717-181127%402x-1-1-1-1-1-1.jpg?resize=2048%2C1136&amp;ssl=1 2048w, https:\/\/i0.wp.com\/aiartfree.online\/wp-content\/uploads\/2024\/07\/WX20240717-181127%402x-1-1-1-1-1-1.jpg?resize=18%2C10&amp;ssl=1 18w, https:\/\/i0.wp.com\/aiartfree.online\/wp-content\/uploads\/2024\/07\/WX20240717-181127%402x-1-1-1-1-1-1.jpg?resize=600%2C333&amp;ssl=1 600w\" sizes=\"auto, (max-width: 1024px) 100vw, 1024px\" \/><\/figure>\n\n\n\n<h2 class=\"wp-block-heading\">Inneh\u00e5llsf\u00f6rteckning<\/h2>\n\n\n\n<ol class=\"wp-block-list\">\n<li class=\"\">Vad \u00e4r en AI Image Enhancer?<\/li>\n\n\n\n<li class=\"\">Varf\u00f6r anv\u00e4nda en AI Image Enhancer?<\/li>\n\n\n\n<li class=\"\">F\u00f6rdelar med att anv\u00e4nda en AI-bildf\u00f6rst\u00e4rkare<\/li>\n\n\n\n<li class=\"\">N\u00e4r ska man anv\u00e4nda en AI-bildf\u00f6rst\u00e4rkare<\/li>\n\n\n\n<li class=\"\">Vem b\u00f6r anv\u00e4nda en AI-bildf\u00f6rst\u00e4rkare?<\/li>\n\n\n\n<li class=\"\">Topp 10 AI-verktyg f\u00f6r bildf\u00f6rb\u00e4ttring<\/li>\n\n\n\n<li class=\"\">Det b\u00e4sta AI-verktyget f\u00f6r bildf\u00f6rb\u00e4ttring<\/li>\n\n\n\n<li class=\"\">VANLIGA FR\u00c5GOR<\/li>\n<\/ol>\n\n\n\n<h3 class=\"wp-block-heading\">Vad \u00e4r en AI Image Enhancer?<\/h3>\n\n\n\n<p class=\"\">En AI Image Enhancer \u00e4r ett verktyg som drivs av artificiell intelligens och som \u00e4r utformat f\u00f6r att f\u00f6rb\u00e4ttra kvaliteten p\u00e5 bilder. Dessa verktyg kan \u00f6ka bilduppl\u00f6sningen, f\u00f6rb\u00e4ttra bildens tydlighet och skala upp bilder f\u00f6r att g\u00f6ra dem skarpare och mer detaljerade. Genom att anv\u00e4nda avancerade algoritmer kan AI-bildf\u00f6rb\u00e4ttrare uppt\u00e4cka och korrigera brister, vilket g\u00f6r att foton ser mer professionella och visuellt tilltalande ut.<\/p>\n\n\n\n<h3 class=\"wp-block-heading\">Varf\u00f6r anv\u00e4nda en AI Image Enhancer?<\/h3>\n\n\n\n<p class=\"\">Att anv\u00e4nda en AI Image Enhancer \u00e4r viktigt f\u00f6r alla som vill f\u00f6rb\u00e4ttra kvaliteten p\u00e5 sina bilder snabbt och effektivt. Oavsett om du \u00e4r grafisk designer, fastighetsm\u00e4klare eller ansvarig f\u00f6r sociala medier kan en f\u00f6rb\u00e4ttrad bildkvalitet g\u00f6ra en betydande skillnad f\u00f6r hur ditt arbete uppfattas. AI-bildf\u00f6rb\u00e4ttrare sparar tid genom att automatisera processen f\u00f6r att f\u00f6rb\u00e4ttra uppl\u00f6sning och kvalitet, s\u00e5 att du kan fokusera p\u00e5 andra viktiga uppgifter.<\/p>\n\n\n\n<h3 class=\"wp-block-heading\">F\u00f6rdelar med att anv\u00e4nda en AI-bildf\u00f6rst\u00e4rkare<\/h3>\n\n\n\n<ol class=\"wp-block-list\">\n<li class=\"\"><strong>\u00d6ka fotouppl\u00f6sningen<\/strong>: AI-bildf\u00f6rst\u00e4rkare kan uppgradera bilder s\u00e5 att de passar f\u00f6r h\u00f6gkvalitativa utskrifter och stora sk\u00e4rmar.<\/li>\n\n\n\n<li class=\"\"><strong>F\u00f6rb\u00e4ttra fotots klarhet<\/strong>: Dessa verktyg f\u00f6rb\u00e4ttrar bildens sk\u00e4rpa genom att ta bort osk\u00e4rpa och g\u00f6ra detaljer mer synliga.<\/li>\n\n\n\n<li class=\"\"><strong>F\u00f6rb\u00e4ttra den \u00f6vergripande kvaliteten<\/strong>: AI-bildf\u00f6rb\u00e4ttrare kan justera f\u00e4rger, kontrast och ljusstyrka f\u00f6r att producera h\u00f6gkvalitativa bilder.<\/li>\n\n\n\n<li class=\"\"><strong>Spara tid<\/strong>: Genom att automatisera f\u00f6rb\u00e4ttringsprocessen minskar den tid som kr\u00e4vs f\u00f6r att manuellt redigera bilder.<\/li>\n\n\n\n<li class=\"\"><strong>Kostnadseffektivt<\/strong>: Att investera i AI-bildf\u00f6rb\u00e4ttrare kan spara pengar j\u00e4mf\u00f6rt med att anlita professionella fotoredigerare.<\/li>\n<\/ol>\n\n\n\n<h3 class=\"wp-block-heading\">N\u00e4r ska man anv\u00e4nda en AI-bildf\u00f6rst\u00e4rkare<\/h3>\n\n\n\n<p class=\"\">AI Image Enhancers \u00e4r l\u00e4mpliga f\u00f6r olika scenarier, bland annat:<\/p>\n\n\n\n<ul class=\"wp-block-list\">\n<li class=\"\"><strong>Fastigheter<\/strong>: F\u00f6rb\u00e4ttra fastighetsbilder f\u00f6r att attrahera potentiella k\u00f6pare.<\/li>\n\n\n\n<li class=\"\"><strong>Sociala medier<\/strong>: Skapa h\u00f6gkvalitativa bilder f\u00f6r inl\u00e4gg och annonser.<\/li>\n\n\n\n<li class=\"\"><strong>Grafisk design<\/strong>: F\u00f6rb\u00e4ttra bilder f\u00f6r anv\u00e4ndning i digitala och tryckta medier.<\/li>\n\n\n\n<li class=\"\"><strong>E-handel<\/strong>: F\u00f6rb\u00e4ttra produktfoton f\u00f6r att \u00f6ka f\u00f6rs\u00e4ljningen.<\/li>\n\n\n\n<li class=\"\"><strong>Fotografering<\/strong>: Uppskalning av bilder f\u00f6r utskrifter och portfolios.<\/li>\n<\/ul>\n\n\n\n<h3 class=\"wp-block-heading\">Vem b\u00f6r anv\u00e4nda en AI-bildf\u00f6rst\u00e4rkare?<\/h3>\n\n\n\n<p class=\"\">AI Image Enhancers \u00e4r f\u00f6rdelaktiga f\u00f6r:<\/p>\n\n\n\n<ul class=\"wp-block-list\">\n<li class=\"\"><strong>Fotografer<\/strong>: F\u00f6r att f\u00f6rb\u00e4ttra och uppgradera sina bilder.<\/li>\n\n\n\n<li class=\"\"><strong>Fastighetsm\u00e4klare<\/strong>: F\u00f6r att f\u00f6rb\u00e4ttra fastighetsbilder f\u00f6r annonser.<\/li>\n\n\n\n<li class=\"\"><strong>Grafiska formgivare<\/strong>: F\u00f6r att s\u00e4kerst\u00e4lla h\u00f6gkvalitativa bilder f\u00f6r sina projekt.<\/li>\n\n\n\n<li class=\"\"><strong>Chefer f\u00f6r sociala medier<\/strong>: F\u00f6r att skapa visuellt tilltalande inl\u00e4gg.<\/li>\n\n\n\n<li class=\"\"><strong>F\u00f6retag inom e-handel<\/strong>: F\u00f6r att f\u00f6rb\u00e4ttra produktbilder och attrahera kunder.<\/li>\n<\/ul>\n\n\n\n<h3 class=\"wp-block-heading\">Topp 10 AI-verktyg f\u00f6r bildf\u00f6rb\u00e4ttring<\/h3>\n\n\n\n<p class=\"\">H\u00e4r \u00e4r en sammanfattning av de 10 b\u00e4sta verktygen f\u00f6r AI-bildf\u00f6rst\u00e4rkning, inklusive deras f\u00f6rdelar och utmaningar:<\/p>\n\n\n\n<figure class=\"wp-block-table\"><table class=\"has-fixed-layout\"><thead><tr><th>Verktygets namn<\/th><th>Sammanfattning<\/th><th>Proffs<\/th><th>Nackdelar<\/th><th>F\u00f6rdelar<\/th><th>Utmaningar<\/th><th>Rekommendationer<\/th><\/tr><\/thead><tbody><tr><td><strong><a href=\"https:\/\/aiartfree.online\/sv\/ai-bildforstarkare\/\" target=\"_blank\" data-type=\"link\" data-id=\"https:\/\/aiartfree.online\/ai-image-enhancer\" rel=\"noreferrer noopener\">AI Bildf\u00f6rst\u00e4rkare<\/a><\/strong><\/td><td>F\u00f6rb\u00e4ttrar bildkvaliteten snabbt och enkelt<\/td><td>L\u00e4tt att anv\u00e4nda, gratis<\/td><td>Begr\u00e4nsade funktioner<\/td><td>Bra f\u00f6r nyb\u00f6rjare<\/td><td>Begr\u00e4nsade avancerade alternativ<\/td><td>Idealisk f\u00f6r snabba l\u00f6sningar<\/td><\/tr><tr><td><strong>L\u00e5t oss f\u00f6rb\u00e4ttra<\/strong><\/td><td>F\u00f6rstorar bilder upp till 16 g\u00e5nger<\/td><td>H\u00f6gkvalitativa resultat<\/td><td>Prenumerationsbaserad<\/td><td>Kvalitet i professionell klass<\/td><td>Kr\u00e4ver betalning<\/td><td>B\u00e4st f\u00f6r professionell anv\u00e4ndning<\/td><\/tr><tr><td><strong>Vance AI<\/strong><\/td><td>AI-baserad bildf\u00f6rb\u00e4ttrare<\/td><td>Flera f\u00f6rb\u00e4ttringsalternativ<\/td><td>Vissa funktioner \u00e4r avgiftsbelagda<\/td><td>M\u00e5ngsidig verktygssats<\/td><td>Kr\u00e4ver premiumabonnemang<\/td><td>Bra f\u00f6r m\u00e5ngsidig anv\u00e4ndning<\/td><\/tr><tr><td><strong>Djup bild<\/strong><\/td><td>Kapacitet f\u00f6r batchbearbetning<\/td><td>Hanterar flera bilder samtidigt<\/td><td>Kr\u00e4ver kontoinst\u00e4llning<\/td><td>Tidseffektivt<\/td><td>Initial installation kr\u00e4vs<\/td><td>B\u00e4st f\u00f6r bulkf\u00f6rb\u00e4ttringar<\/td><\/tr><tr><td><strong>Waifu2x<\/strong><\/td><td>Anime-fokuserad bildf\u00f6rst\u00e4rkare<\/td><td>Specialiserad f\u00f6r konstverk<\/td><td>Begr\u00e4nsad till anime-stil<\/td><td>Perfekt f\u00f6r anime-bilder<\/td><td>Begr\u00e4nsad till\u00e4mpning<\/td><td>B\u00e4st f\u00f6r anime-artister<\/td><\/tr><tr><td><strong><a href=\"https:\/\/www.fotor.com\/\" data-type=\"link\" data-id=\"https:\/\/www.fotor.com\/\" rel=\"nofollow noopener\" target=\"_blank\">Fotor<\/a><\/strong><\/td><td>Online fotoredigerare med f\u00f6rb\u00e4ttringsfunktioner<\/td><td>Omfattande redigeringsverktyg<\/td><td>Annonser i gratisversionen<\/td><td>Allt-i-ett-l\u00f6sning<\/td><td>Reklamfinansierad gratisversion<\/td><td>Bra f\u00f6r vardagligt bruk<\/td><\/tr><tr><td><strong>ImgLarger<\/strong><\/td><td>AI-verktyg f\u00f6r uppskalning<\/td><td>Bra uppskalningsresultat<\/td><td>Kr\u00e4ver internetanslutning<\/td><td>H\u00f6gkvalitativ uppskalning<\/td><td>Beroende p\u00e5 internethastighet<\/td><td>B\u00e4st f\u00f6r online-anv\u00e4ndning<\/td><\/tr><tr><td><strong>Uppskattade bilder<\/strong><\/td><td>Bildf\u00f6rb\u00e4ttrare online<\/td><td>Anv\u00e4ndarv\u00e4nligt gr\u00e4nssnitt<\/td><td>Begr\u00e4nsad fri anv\u00e4ndning<\/td><td>L\u00e4tt att anv\u00e4nda<\/td><td>Begr\u00e4nsad till online-anv\u00e4ndning<\/td><td>B\u00e4st f\u00f6r tillf\u00e4llig anv\u00e4ndning<\/td><\/tr><tr><td><strong>Uppskalare f\u00f6r bilder<\/strong><\/td><td>AI-baserad f\u00f6rb\u00e4ttring<\/td><td>Effektiv bearbetning<\/td><td>Betalda funktioner<\/td><td>Snabbt och effektivt<\/td><td>Prenumerationsbaserad<\/td><td>B\u00e4st f\u00f6r regelbunden anv\u00e4ndning<\/td><\/tr><tr><td><strong>AI Bildf\u00f6rstorare<\/strong><\/td><td>Specialiserad p\u00e5 bildf\u00f6rstoring<\/td><td>F\u00f6rstoring av h\u00f6g kvalitet<\/td><td>Begr\u00e4nsningar i gratisversionen<\/td><td>H\u00f6g f\u00f6rstoringskvalitet<\/td><td>Begr\u00e4nsade fria valm\u00f6jligheter<\/td><td>B\u00e4st f\u00f6r f\u00f6rstoring av h\u00f6g kvalitet<\/td><\/tr><\/tbody><\/table><\/figure>\n\n\n\n<h3 class=\"wp-block-heading\">Det b\u00e4sta AI-verktyget f\u00f6r bildf\u00f6rb\u00e4ttring<\/h3>\n\n\n\n<p class=\"\">Bland de olika verktyg som finns tillg\u00e4ngliga \u00e4r den b\u00e4sta AI-bildf\u00f6rb\u00e4ttraren <a href=\"https:\/\/aiartfree.online\/sv\/ai-bildforstarkare\/\">AI Bildf\u00f6rst\u00e4rkare<\/a>. Den erbjuder en perfekt blandning av avancerade funktioner, anv\u00e4ndarv\u00e4nlighet och h\u00f6gkvalitativa resultat, vilket g\u00f6r den idealisk f\u00f6r b\u00e5de proffs och vanliga anv\u00e4ndare.<\/p>\n\n\n\n<h3 class=\"wp-block-heading\">VANLIGA FR\u00c5GOR<\/h3>\n\n\n\n<ol class=\"wp-block-list\">\n<li class=\"\"><strong>Vad \u00e4r en AI Image Enhancer?<\/strong> En AI Image Enhancer \u00e4r ett verktyg som anv\u00e4nder artificiell intelligens f\u00f6r att f\u00f6rb\u00e4ttra kvaliteten och uppl\u00f6sningen p\u00e5 bilder.<\/li>\n\n\n\n<li class=\"\"><strong>Hur kan AI f\u00f6rb\u00e4ttra bildkvaliteten?<\/strong> AI-algoritmer analyserar och f\u00f6rb\u00e4ttrar bilddetaljer, korrigerar oj\u00e4mnheter och \u00f6kar uppl\u00f6sningen.<\/li>\n\n\n\n<li class=\"\"><strong>\u00c4r det v\u00e4rt att investera i en AI-bildf\u00f6rst\u00e4rkare?<\/strong> Ja, det sparar tid och ger resultat av h\u00f6g kvalitet, vilket g\u00f6r det till ett v\u00e4rdefullt verktyg f\u00f6r m\u00e5nga anv\u00e4ndare.<\/li>\n\n\n\n<li class=\"\"><strong>Kan AI-bildf\u00f6rst\u00e4rkare hantera batchbearbetning?<\/strong> Vissa verktyg, t.ex. Deep Image, erbjuder funktioner f\u00f6r batchbearbetning.<\/li>\n\n\n\n<li class=\"\"><strong>Finns det gratis AI-bildf\u00f6rb\u00e4ttringsverktyg tillg\u00e4ngliga?<\/strong> Ja, verktyg som Enhance.Pho.to erbjuder gratis grundl\u00e4ggande f\u00f6rb\u00e4ttringsfunktioner.<\/li>\n\n\n\n<li class=\"\"><strong>Vilken \u00e4r den b\u00e4sta AI-bildf\u00f6rst\u00e4rkaren f\u00f6r professionellt bruk?<\/strong> AI Image Enhancer rekommenderas f\u00f6r sina avancerade funktioner och h\u00f6gkvalitativa resultat.<\/li>\n\n\n\n<li class=\"\"><strong>Kan AI-bildf\u00f6rst\u00e4rkare anv\u00e4ndas f\u00f6r bilder i sociala medier?<\/strong> Ja, de \u00e4r perfekta f\u00f6r att skapa h\u00f6gkvalitativa bilder f\u00f6r inl\u00e4gg i sociala medier.<\/li>\n\n\n\n<li class=\"\"><strong>St\u00f6der AI-bildf\u00f6rst\u00e4rkare uppskalning?<\/strong> Ja, m\u00e5nga AI-bildf\u00f6rst\u00e4rkare kan skala upp bilder till h\u00f6gre uppl\u00f6sningar.<\/li>\n\n\n\n<li class=\"\"><strong>\u00c4r AI-bildf\u00f6rst\u00e4rkare l\u00e4tta att anv\u00e4nda?<\/strong> De flesta AI-bildf\u00f6rst\u00e4rkare \u00e4r anv\u00e4ndarv\u00e4nliga och utformade f\u00f6r att vara l\u00e4tta att anv\u00e4nda.<\/li>\n\n\n\n<li class=\"\"><strong>Vilka branscher kan dra nytta av AI-bildf\u00f6rst\u00e4rkare?<\/strong> Branscher som fastighetsbranschen, e-handel, grafisk design och sociala medier kan dra stor nytta av att anv\u00e4nda AI-bildf\u00f6rst\u00e4rkare.<\/li>\n<\/ol>","protected":false},"excerpt":{"rendered":"<p>How to use AI Image Enhancer *&nbsp;Depending on your internet speed, loading the model may take a few seconds.* There will be caching during continuous generation, and the new image will appear after about 3 seconds. Introduction of AI Image Enhancer Enhancing image quality is crucial for various industries, from real estate to social media &#8230; <a title=\"AI Bildf\u00f6rst\u00e4rkare\" class=\"read-more\" href=\"https:\/\/aiartfree.online\/sv\/ai-bildforstarkare\/\" aria-label=\"L\u00e4s mer om AI Image Enhancer\">L\u00e4s mer<\/a><\/p>","protected":false},"author":1,"featured_media":0,"parent":0,"menu_order":0,"comment_status":"open","ping_status":"closed","template":"","meta":{"nf_dc_page":"","footnotes":""},"class_list":["post-2880","page","type-page","status-publish"],"jetpack_sharing_enabled":true,"_links":{"self":[{"href":"https:\/\/aiartfree.online\/sv\/wp-json\/wp\/v2\/pages\/2880","targetHints":{"allow":["GET"]}}],"collection":[{"href":"https:\/\/aiartfree.online\/sv\/wp-json\/wp\/v2\/pages"}],"about":[{"href":"https:\/\/aiartfree.online\/sv\/wp-json\/wp\/v2\/types\/page"}],"author":[{"embeddable":true,"href":"https:\/\/aiartfree.online\/sv\/wp-json\/wp\/v2\/users\/1"}],"replies":[{"embeddable":true,"href":"https:\/\/aiartfree.online\/sv\/wp-json\/wp\/v2\/comments?post=2880"}],"version-history":[{"count":0,"href":"https:\/\/aiartfree.online\/sv\/wp-json\/wp\/v2\/pages\/2880\/revisions"}],"wp:attachment":[{"href":"https:\/\/aiartfree.online\/sv\/wp-json\/wp\/v2\/media?parent=2880"}],"curies":[{"name":"wp","href":"https:\/\/api.w.org\/{rel}","templated":true}]}}