{"id":2876,"date":"2024-07-17T14:02:17","date_gmt":"2024-07-17T14:02:17","guid":{"rendered":"https:\/\/aiartfree.online\/?page_id=2876"},"modified":"2025-03-07T08:07:03","modified_gmt":"2025-03-07T08:07:03","slug":"anime-ai-generator","status":"publish","type":"page","link":"https:\/\/aiartfree.online\/sv\/anime-ai-generator\/","title":{"rendered":"Anime AI Generator"},"content":{"rendered":"<h2 class=\"wp-block-heading has-text-align-center\">F\u00f6re vs efter<\/h2>\n\n\n\n<figure class=\"gb-block-image gb-block-image-1822da1f\"><img data-recalc-dims=\"1\" decoding=\"async\" loading=\"lazy\" width=\"300\" height=\"179\" class=\"gb-image gb-image-1822da1f\" src=\"https:\/\/i0.wp.com\/aiartfree.online\/wp-content\/uploads\/2024\/07\/WX20240719-123748%402x.jpg?resize=300%2C179&#038;ssl=1\" alt=\"anime-ai-generator\/\" title=\"WX20240719-123748@2x\" srcset=\"https:\/\/i0.wp.com\/aiartfree.online\/wp-content\/uploads\/2024\/07\/WX20240719-123748%402x.jpg?resize=300%2C179&amp;ssl=1 300w, https:\/\/i0.wp.com\/aiartfree.online\/wp-content\/uploads\/2024\/07\/WX20240719-123748%402x.jpg?resize=1024%2C613&amp;ssl=1 1024w, https:\/\/i0.wp.com\/aiartfree.online\/wp-content\/uploads\/2024\/07\/WX20240719-123748%402x.jpg?resize=768%2C459&amp;ssl=1 768w, https:\/\/i0.wp.com\/aiartfree.online\/wp-content\/uploads\/2024\/07\/WX20240719-123748%402x.jpg?resize=18%2C12&amp;ssl=1 18w, https:\/\/i0.wp.com\/aiartfree.online\/wp-content\/uploads\/2024\/07\/WX20240719-123748%402x.jpg?resize=600%2C359&amp;ssl=1 600w, https:\/\/i0.wp.com\/aiartfree.online\/wp-content\/uploads\/2024\/07\/WX20240719-123748%402x.jpg?w=1314&amp;ssl=1 1314w\" sizes=\"auto, (max-width: 300px) 100vw, 300px\" \/><\/figure>\n\n\n\n<h2 class=\"wp-block-heading\">Hur man anv\u00e4nder Anime AI Generator<\/h2>\n\n\n\n<ol class=\"wp-block-list\">\n<li class=\"\">Skriv in din fr\u00e5ga eller v\u00e4lj ett av fr\u00e5geexemplen<\/li>\n\n\n\n<li class=\"\">Klicka p\u00e5 \"Generera\"<\/li>\n\n\n\n<li class=\"\">V\u00e4nta, det var det!<\/li>\n<\/ol>\n\n\n\n<h3 class=\"wp-block-heading\">Exempel p\u00e5 uppmaningar<\/h3>\n\n\n\n<ul class=\"wp-block-list has-small-font-size\">\n<li class=\"\">vacker kvinna, natt, med stj\u00e4rnor, intrikat, elegant, mycket detaljerad, digital m\u00e5lning, artstation, konceptkonst, sl\u00e4t, skarp fokus, illustration, konst av ( ( ( artgerm ) ) ) och greg rutkowski! och ( ( alphonse mucha ) ), starkt influerad av frank frazetta och boris vallejo, sv\u00e4rd och<\/li>\n\n\n\n<li class=\"\">vacker kvinna, natt, sci - fi, fantasy, intrikat, elegant, takato yamamoto, bl\u00e5 kl\u00e4nning, magisk, mycket detaljerad, digital m\u00e5lning, artstation, konceptkonst, j\u00e4mn, b skarp fokus, illustration, konst av artgerm och greg rutkowski och alphonse mucha<\/li>\n\n\n\n<li class=\"\">vacker kvinna, stora br\u00f6st p\u00e5 stranden, avkopplande, eterisk, dr\u00f6msk, bakgrundsbelyst, mycket detaljerad, realistisk belysning, skarp fokus, tredjedelsregel, artgerm, wlop, arney freytag, rossdraws, frank frazetta, andrei riabovitchev, hd, octane, 4 k,<\/li>\n\n\n\n<li class=\"\">vacker kvinna \uff0c stora br\u00f6st, domme \u00e4lskarinna, steampunk, blyg leende, 4k, fantastisk 3d-rendering inspirerad konst av Prenz Cushart och WLOP \uff0c Matt m\u00e5lning, m\u00e4sterverk | Alphonse Mucha \uff0c trendar p\u00e5 artstation och pixiv \uff0c Liten detalj<\/li>\n\n\n\n<li class=\"\">vacker kvinna, natt, med stj\u00e4rnor, intrikat, elegant, mycket detaljerad, digital m\u00e5lning, artstation, konceptkonst, sl\u00e4t, skarp fokus, illustration, konst av ( ( ( artgerm ) ) ) och greg rutkowski! och ( ( alphonse mucha ) ), starkt influerad av frank frazetta och boris vallejo, sv\u00e4rd<\/li>\n<\/ul>\n\n\n\n<figure class=\"gb-block-image gb-block-image-032aac41\"><a href=\"https:\/\/fas.st\/t\/9U4PYbm7\" target=\"_blank\" rel=\"noopener noreferrer\"><img data-recalc-dims=\"1\" decoding=\"async\" loading=\"lazy\" width=\"1200\" height=\"365\" class=\"gb-image gb-image-032aac41\" src=\"https:\/\/i0.wp.com\/aiartfree.online\/wp-content\/uploads\/2025\/03\/WX20250307-115412%402x.webp?resize=1200%2C365&#038;ssl=1\" alt=\"\" title=\"WX20250307-115412@2x\" srcset=\"https:\/\/i0.wp.com\/aiartfree.online\/wp-content\/uploads\/2025\/03\/WX20250307-115412%402x.webp?w=1942&amp;ssl=1 1942w, https:\/\/i0.wp.com\/aiartfree.online\/wp-content\/uploads\/2025\/03\/WX20250307-115412%402x.webp?resize=300%2C91&amp;ssl=1 300w, https:\/\/i0.wp.com\/aiartfree.online\/wp-content\/uploads\/2025\/03\/WX20250307-115412%402x.webp?resize=1024%2C312&amp;ssl=1 1024w, https:\/\/i0.wp.com\/aiartfree.online\/wp-content\/uploads\/2025\/03\/WX20250307-115412%402x.webp?resize=768%2C234&amp;ssl=1 768w, https:\/\/i0.wp.com\/aiartfree.online\/wp-content\/uploads\/2025\/03\/WX20250307-115412%402x.webp?resize=1536%2C467&amp;ssl=1 1536w, https:\/\/i0.wp.com\/aiartfree.online\/wp-content\/uploads\/2025\/03\/WX20250307-115412%402x.webp?resize=18%2C5&amp;ssl=1 18w, https:\/\/i0.wp.com\/aiartfree.online\/wp-content\/uploads\/2025\/03\/WX20250307-115412%402x.webp?resize=600%2C183&amp;ssl=1 600w\" sizes=\"auto, (max-width: 1200px) 100vw, 1200px\" \/><\/a><\/figure>\n\n\n\n<p class=\"\"><em>* Beroende p\u00e5 din internethastighet kan det ta n\u00e5gra sekunder att ladda modellen.<br>* Under den kontinuerliga genereringen sker en cachning och den nya bilden visas efter ca 3 sekunder.<\/em><\/p>\n\n\n\n<div class=\"iframe-wrapper\" style=\"position: relative; width: 100%; height: 1600px;\">\n  <div class=\"loading\" style=\"position: absolute; top: 50px; left: 50%; transform: translate(-50%, -50%); width: 40px; height: 40px; border: 3px solid #f0f0f0; border-top: 3px solid #db7093; border-radius: 50%; animation: spin 1s linear infinite;\"><\/div>\n  <iframe loading=\"lazy\" src=\"https:\/\/cagliostrolab-animagine-xl-3-1.hf.space\" frameborder=\"0\" width=\"100%\" height=\"100%\" style=\"position: absolute; top: 0; left: 0; opacity: 0; transition: opacity 0.3s;\" onload=\"this.style.opacity=1;this.previousElementSibling.style.display='none';\"><\/iframe>\n<\/div>\n\n<style>\n@keyframes spin {\n  0% { transform: translate(-50%, -50%) rotate(0deg); }\n  100% { transform: translate(-50%, -50%) rotate(360deg); }\n}\n<\/style>\n\n\n\n<div style=\"height:50px\" aria-hidden=\"true\" class=\"wp-block-spacer\"><\/div>\n\n\n\n<h2 class=\"wp-block-heading\">Introduktion av Anime AI Generator<\/h2>\n\n\n\n<p class=\"\">Anime AI Generators revolutionerar s\u00e4ttet vi skapar anime-stylad konst genom att anv\u00e4nda sofistikerade algoritmer f\u00f6r artificiell intelligens. Dessa verktyg kan f\u00f6rvandla foton till anime-bilder, generera unika anime-karakt\u00e4rer och mycket mer. Den h\u00e4r artikeln kommer att f\u00f6rdjupa sig i vad Anime AI-generatorer \u00e4r, deras f\u00f6rdelar och hur man effektivt anv\u00e4nder dem.<\/p>\n\n\n\n<figure class=\"wp-block-image size-large is-resized\"><img data-recalc-dims=\"1\" decoding=\"async\" width=\"1024\" height=\"829\"   loading=\"lazy\" src=\"https:\/\/i0.wp.com\/aiartfree.online\/wp-content\/uploads\/2024\/07\/WX120240719-122659%402x-1-1-1.jpg?resize=1024%2C829&#038;ssl=1\" alt=\"Anime AI Generator\" class=\"wp-image-2952\" style=\"width:630px;height:auto\" srcset=\"https:\/\/i0.wp.com\/aiartfree.online\/wp-content\/uploads\/2024\/07\/WX120240719-122659%402x-1-1-1.jpg?resize=1024%2C829&amp;ssl=1 1024w, https:\/\/i0.wp.com\/aiartfree.online\/wp-content\/uploads\/2024\/07\/WX120240719-122659%402x-1-1-1.jpg?resize=300%2C243&amp;ssl=1 300w, https:\/\/i0.wp.com\/aiartfree.online\/wp-content\/uploads\/2024\/07\/WX120240719-122659%402x-1-1-1.jpg?resize=768%2C622&amp;ssl=1 768w, https:\/\/i0.wp.com\/aiartfree.online\/wp-content\/uploads\/2024\/07\/WX120240719-122659%402x-1-1-1.jpg?resize=1536%2C1244&amp;ssl=1 1536w, https:\/\/i0.wp.com\/aiartfree.online\/wp-content\/uploads\/2024\/07\/WX120240719-122659%402x-1-1-1.jpg?resize=2048%2C1659&amp;ssl=1 2048w, https:\/\/i0.wp.com\/aiartfree.online\/wp-content\/uploads\/2024\/07\/WX120240719-122659%402x-1-1-1.jpg?resize=15%2C12&amp;ssl=1 15w, https:\/\/i0.wp.com\/aiartfree.online\/wp-content\/uploads\/2024\/07\/WX120240719-122659%402x-1-1-1.jpg?resize=600%2C486&amp;ssl=1 600w\" sizes=\"auto, (max-width: 1024px) 100vw, 1024px\" \/><\/figure>\n\n\n\n<h3 class=\"wp-block-heading\">Inneh\u00e5llsf\u00f6rteckning<\/h3>\n\n\n\n<ol class=\"wp-block-list\">\n<li class=\"\"><a href=\"#what-is-an-anime-ai-generator\">Vad \u00e4r en Anime AI Generator?<\/a><\/li>\n\n\n\n<li class=\"\"><a href=\"#why-use-an-anime-ai-generator\">Varf\u00f6r anv\u00e4nda en Anime AI Generator?<\/a><\/li>\n\n\n\n<li class=\"\"><a href=\"#benefits-of-using-an-anime-ai-generator\">F\u00f6rdelar med att anv\u00e4nda en Anime AI Generator<\/a><\/li>\n\n\n\n<li class=\"\"><a href=\"#when-to-use-an-anime-ai-generator\">N\u00e4r ska man anv\u00e4nda en Anime AI Generator<\/a><\/li>\n\n\n\n<li class=\"\"><a href=\"#who-should-use-an-anime-ai-generator\">Vem ska anv\u00e4nda en Anime AI Generator?<\/a><\/li>\n\n\n\n<li class=\"\"><a href=\"#anime-ai-generator-tools-and-information\">Verktyg och information f\u00f6r Anime AI Generator<\/a><\/li>\n\n\n\n<li class=\"\"><a href=\"#frequently-asked-questions\">Vanliga fr\u00e5gor och svar<\/a><\/li>\n\n\n\n<li class=\"\"><a href=\"#conclusion\">Slutsats<\/a><\/li>\n<\/ol>\n\n\n\n<h3 class=\"wp-block-heading\">Vad \u00e4r en Anime AI Generator?<\/h3>\n\n\n\n<p class=\"\">En Anime AI Generator \u00e4r ett verktyg som anv\u00e4nder avancerade AI-algoritmer f\u00f6r att skapa anime-stilbilder fr\u00e5n olika ing\u00e5ngar, till exempel foton eller textmeddelanden. Genom att utnyttja maskininl\u00e4rningstekniker kan dessa generatorer producera h\u00f6gkvalitativ, stiliserad anime-konst snabbt och effektivt.<\/p>\n\n\n\n<h3 class=\"wp-block-heading\">Varf\u00f6r anv\u00e4nda en Anime AI Generator?<\/h3>\n\n\n\n<p class=\"\">Anime AI-generatorer \u00e4r viktiga f\u00f6r alla som vill skapa konstverk i anime-stil utan att beh\u00f6va avancerade konstn\u00e4rliga f\u00e4rdigheter. Dessa verktyg kan anv\u00e4ndas f\u00f6r personliga AI-projekt, generera AI-konst f\u00f6r sociala medier eller till och med f\u00f6r professionella \u00e4ndam\u00e5l inom speldesign och animation.<\/p>\n\n\n\n<h3 class=\"wp-block-heading\">F\u00f6rdelar med att anv\u00e4nda en Anime AI Generator<\/h3>\n\n\n\n<ul class=\"wp-block-list\">\n<li class=\"\"><strong>Effektivitet<\/strong>: Skapar snabbt h\u00f6gkvalitativa anime-bilder.<\/li>\n\n\n\n<li class=\"\"><strong>Kreativitet<\/strong>: M\u00f6jligg\u00f6r unik och personlig anime-konst.<\/li>\n\n\n\n<li class=\"\"><strong>Tillg\u00e4nglighet<\/strong>: G\u00f6r skapandet av anime-konst tillg\u00e4ngligt f\u00f6r icke-konstn\u00e4rer.<\/li>\n\n\n\n<li class=\"\"><strong>Kostnadseffektivt<\/strong>: Minskar behovet av dyra konstprogram eller att anst\u00e4lla konstn\u00e4rer.<\/li>\n\n\n\n<li class=\"\"><strong>M\u00e5ngsidighet<\/strong>: Kan anv\u00e4ndas f\u00f6r olika \u00e4ndam\u00e5l, fr\u00e5n personliga projekt till professionell anv\u00e4ndning.<\/li>\n<\/ul>\n\n\n\n<h3 class=\"wp-block-heading\">N\u00e4r ska man anv\u00e4nda en Anime AI Generator<\/h3>\n\n\n\n<p class=\"\">Anime AI-generatorer \u00e4r idealiska i flera scenarier:<\/p>\n\n\n\n<ul class=\"wp-block-list\">\n<li class=\"\"><strong>Skapa personlig konst<\/strong>: F\u00f6r skojs skull eller som en hobby.<\/li>\n\n\n\n<li class=\"\"><strong>Inneh\u00e5ll i sociala medier<\/strong>: Skapa unikt inneh\u00e5ll f\u00f6r sociala medieplattformar.<\/li>\n\n\n\n<li class=\"\"><strong>Speldesign<\/strong>: Skapa karakt\u00e4rer och scener f\u00f6r videospel.<\/li>\n\n\n\n<li class=\"\"><strong>Animationsprojekt<\/strong>: Producera element f\u00f6r animationsprojekt.<\/li>\n\n\n\n<li class=\"\"><strong>Marknadsf\u00f6ring<\/strong>: Skapa reklammaterial och engagerande bilder.<\/li>\n<\/ul>\n\n\n\n<h3 class=\"wp-block-heading\">Vem ska anv\u00e4nda den?<\/h3>\n\n\n\n<p class=\"\">L\u00e4mplig f\u00f6r:<\/p>\n\n\n\n<ul class=\"wp-block-list\">\n<li class=\"\"><strong>Artister<\/strong>: Vill ut\u00f6ka sin verktygsl\u00e5da.<\/li>\n\n\n\n<li class=\"\"><strong>Icke-konstn\u00e4rer<\/strong>: Vill skapa anime-konst utan omfattande utbildning.<\/li>\n\n\n\n<li class=\"\"><strong>Spelutvecklare<\/strong>: Beh\u00f6ver tillg\u00e5ngar f\u00f6r spel.<\/li>\n\n\n\n<li class=\"\"><strong>Skapare av inneh\u00e5ll<\/strong>: S\u00f6ker engagerande visuella bilder f\u00f6r sina plattformar.<\/li>\n\n\n\n<li class=\"\"><strong>Professionella marknadsf\u00f6rare<\/strong>: Utforma tilltalande marknadsf\u00f6ringsinneh\u00e5ll.<\/li>\n<\/ul>\n\n\n\n<h3 class=\"wp-block-heading\">Verktyg och information f\u00f6r Anime AI Generator<\/h3>\n\n\n\n<p class=\"\">Nedan f\u00f6ljer en tabell som sammanfattar de b\u00e4sta Anime AI Generator-verktygen, deras f\u00f6rdelar, nackdelar och mer:<\/p>\n\n\n\n<figure class=\"wp-block-table\"><table class=\"has-fixed-layout\"><thead><tr><th>Verktyg\/webbplats<\/th><th>Proffs<\/th><th>Nackdelar<\/th><th>F\u00f6rdelar<\/th><th>Utmaningar<\/th><th>Rekommendationer<\/th><\/tr><\/thead><tbody><tr><td><a href=\"https:\/\/aiartfree.online\/sv\/anime-ai-generator\/\" target=\"_blank\" rel=\"noreferrer noopener\">AIArtFree<\/a><\/td><td>Gratis, l\u00e4tt att anv\u00e4nda<\/td><td>Begr\u00e4nsade funktioner<\/td><td>Bra f\u00f6r nyb\u00f6rjare<\/td><td>Kr\u00e4ver internet<\/td><td>B\u00e4st f\u00f6r snabba projekt<\/td><\/tr><tr><td><a href=\"https:\/\/deepart.io\" rel=\"nofollow noopener\" target=\"_blank\">DeepArt<\/a><\/td><td>H\u00f6gkvalitativ produktion<\/td><td>Kr\u00e4ver prenumeration<\/td><td>Professionella resultat<\/td><td>Dyrt<\/td><td>B\u00e4st f\u00f6r seri\u00f6sa projekt<\/td><\/tr><tr><td><a href=\"https:\/\/artbreeder.com\" rel=\"nofollow noopener\" target=\"_blank\">Konstuppf\u00f6dare<\/a><\/td><td>Samarbetsvillig, m\u00e5ngsidig<\/td><td>Inl\u00e4rningskurva<\/td><td>Kreativ flexibilitet<\/td><td>Komplexa gr\u00e4nssnitt<\/td><td>B\u00e4st f\u00f6r kollaborativ konst<\/td><\/tr><tr><td><a href=\"https:\/\/toonme.com\" rel=\"nofollow noopener\" target=\"_blank\">ToonMe<\/a><\/td><td>Enkelt, roligt<\/td><td>Annonser i gratisversionen<\/td><td>Perfekt f\u00f6r sociala medier<\/td><td>Begr\u00e4nsade modeller<\/td><td>B\u00e4st f\u00f6r vardagligt bruk<\/td><\/tr><tr><td><a href=\"https:\/\/nudeai.beauty\/en\/nude-anime\/\" data-type=\"link\" data-id=\"https:\/\/nudeai.beauty\/en\/nude-anime\/\" target=\"_blank\" rel=\"noreferrer noopener\">Anime Labs<\/a><\/td><td>Anpassningsbara karakt\u00e4rer<\/td><td>Begr\u00e4nsad till anime-tjejer<\/td><td>Mycket detaljerad<\/td><td>Nischfokus<\/td><td>B\u00e4st f\u00f6r karakt\u00e4rsskapande<\/td><\/tr><tr><td><a>F\u00e4rgerKedja<\/a><\/td><td>Fri, m\u00e5ngsidig<\/td><td>Japanskt gr\u00e4nssnitt<\/td><td>Automatisk f\u00e4rgl\u00e4ggning<\/td><td>Spr\u00e5kbarri\u00e4r<\/td><td>B\u00e4st f\u00f6r automatisk f\u00e4rgl\u00e4ggning<\/td><\/tr><tr><td><a href=\"https:\/\/crypko.ai\" rel=\"nofollow noopener\" target=\"_blank\">Krypko<\/a><\/td><td>Professionella anime-ansikten<\/td><td>Kr\u00e4ver polletter<\/td><td>Detaljerade resultat<\/td><td>Token-system<\/td><td>B\u00e4st f\u00f6r ansiktsdrag<\/td><\/tr><tr><td><a href=\"https:\/\/pixiv.net\" rel=\"nofollow noopener\" target=\"_blank\">Pixiv<\/a><\/td><td>Stor gemenskap<\/td><td>Kr\u00e4ver medlemskap<\/td><td>Omfattande resurser<\/td><td>\u00d6verv\u00e4ldigande<\/td><td>B\u00e4st f\u00f6r samh\u00e4llskonst<\/td><\/tr><tr><td><a href=\"https:\/\/www.thiswaifudoesnotexist.net\" rel=\"nofollow noopener\" target=\"_blank\">Denna Waifu existerar inte<\/a><\/td><td>Unika waifus<\/td><td>Begr\u00e4nsad anpassning<\/td><td>O\u00e4ndlig variation<\/td><td>S\u00e4rskilt fokus<\/td><td>B\u00e4st f\u00f6r unika ansikten<\/td><\/tr><tr><td><a href=\"https:\/\/gansketch.com\" rel=\"nofollow noopener\" target=\"_blank\">GanSketch<\/a><\/td><td>Generering i realtid<\/td><td>Beta-version<\/td><td>Snabba resultat<\/td><td>Utvecklingsfas<\/td><td>B\u00e4st f\u00f6r experiment<\/td><\/tr><\/tbody><\/table><\/figure>\n\n\n\n<p class=\"\"><strong>B\u00e4sta verktyget: <a href=\"https:\/\/aiartfree.online\/sv\/anime-ai-generator\/\">AIArtFree<\/a><\/strong><\/p>\n\n\n\n<h3 class=\"wp-block-heading\">Vanliga fr\u00e5gor och svar<\/h3>\n\n\n\n<p class=\"\"><strong>F: Vad \u00e4r den b\u00e4sta Anime AI Generator f\u00f6r nyb\u00f6rjare?<\/strong> A: AIArtFree rekommenderas f\u00f6r nyb\u00f6rjare p\u00e5 grund av dess anv\u00e4ndarv\u00e4nlighet och gratis tillg\u00e5ng.<\/p>\n\n\n\n<p class=\"\"><strong>F: Kan jag anv\u00e4nda en Anime AI Generator f\u00f6r kommersiella \u00e4ndam\u00e5l?<\/strong> S: Ja, m\u00e5nga Anime AI-generatorer kan anv\u00e4ndas f\u00f6r kommersiella projekt, men det \u00e4r viktigt att kontrollera de specifika anv\u00e4ndarvillkoren f\u00f6r varje verktyg.<\/p>\n\n\n\n<p class=\"\"><strong>Q: Hur fungerar Anime AI-generatorer?<\/strong> A: De anv\u00e4nder maskininl\u00e4rningsalgoritmer som tr\u00e4nats p\u00e5 stora datam\u00e4ngder av anime-konst f\u00f6r att generera nya bilder baserat p\u00e5 anv\u00e4ndarens inmatningar.<\/p>\n\n\n\n<p class=\"\"><strong>Q: \u00c4r Anime AI Generators gratis att anv\u00e4nda?<\/strong> A: Vissa verktyg \u00e4r gratis, som AIArtFree, medan andra kan kr\u00e4va en prenumeration eller ett k\u00f6p.<\/p>\n\n\n\n<p class=\"\"><strong>F: Vilka typer av ing\u00e5ngar kan jag anv\u00e4nda med en Anime AI Generator?<\/strong> S: Vanliga inmatningar \u00e4r foton, skisser och textmeddelanden.<\/p>\n\n\n\n<p class=\"\"><strong>F: Kan jag anpassa de genererade anime-bilderna?<\/strong> S: Ja, de flesta generatorer erbjuder anpassningsalternativ f\u00f6r att justera stilen och funktionerna i den genererade konsten.<\/p>\n\n\n\n<p class=\"\"><strong>F: Vad \u00e4r skillnaden mellan en AI-bildgenerator och en Anime AI Generator?<\/strong> A: En Anime AI Generator \u00e4r speciellt utformad f\u00f6r att skapa bilder i anime-stil, medan en allm\u00e4n AI-bildgenerator kan producera olika stilar.<\/p>\n\n\n\n<p class=\"\"><strong>F: Beh\u00f6ver jag n\u00e5gra speciella f\u00e4rdigheter f\u00f6r att anv\u00e4nda en Anime AI Generator?<\/strong> S: Nej, dessa verktyg \u00e4r utformade f\u00f6r att vara anv\u00e4ndarv\u00e4nliga och tillg\u00e4ngliga f\u00f6r alla.<\/p>\n\n\n\n<p class=\"\"><strong>Q: Hur l\u00e5ng tid tar det att generera en anime-bild?<\/strong> S: Genereringsperioden varierar beroende p\u00e5 verktyg, men ligger i allm\u00e4nhet mellan n\u00e5gra sekunder och ett par minuter.<\/p>\n\n\n\n<p class=\"\"><strong>F: Kan jag skapa anime-karakt\u00e4rer f\u00f6r mitt spel med hj\u00e4lp av en Anime AI Generator?<\/strong> S: Ja, de h\u00e4r verktygen \u00e4r utm\u00e4rkta f\u00f6r att skapa karakt\u00e4rer och andra tillg\u00e5ngar f\u00f6r videospel.<\/p>\n\n\n\n<h3 class=\"wp-block-heading\">Slutsats<\/h3>\n\n\n\n<p class=\"\">Anime AI Generators \u00e4r kraftfulla verktyg f\u00f6r att skapa anime-stylad konst utan anstr\u00e4ngning. Oavsett om du \u00e4r en professionell konstn\u00e4r eller en hobbyist kan dessa generatorer hj\u00e4lpa dig att f\u00e5 dina kreativa visioner till liv. F\u00f6r b\u00e4sta upplevelse, f\u00f6rs\u00f6k att anv\u00e4nda <a href=\"https:\/\/aiartfree.online\/sv\/anime-ai-generator\/\">AIArtFree<\/a> f\u00f6r att utforska v\u00e4rlden av AI-genererad anime-konst.<\/p>","protected":false},"excerpt":{"rendered":"<p>Before vs After How to use Anime AI Generator Prompt Examples *&nbsp;Depending on your internet speed, loading the model may take a few seconds.* There will be caching during continuous generation, and the new image will appear after about 3 seconds. Introduction of Anime AI Generator Anime AI Generators are revolutionizing the way we create &#8230; <a title=\"Anime AI Generator\" class=\"read-more\" href=\"https:\/\/aiartfree.online\/sv\/anime-ai-generator\/\" aria-label=\"L\u00e4s mer om Anime AI Generator\">L\u00e4s mer<\/a><\/p>","protected":false},"author":1,"featured_media":0,"parent":0,"menu_order":0,"comment_status":"open","ping_status":"closed","template":"","meta":{"nf_dc_page":"","footnotes":""},"class_list":["post-2876","page","type-page","status-publish"],"jetpack_sharing_enabled":true,"_links":{"self":[{"href":"https:\/\/aiartfree.online\/sv\/wp-json\/wp\/v2\/pages\/2876","targetHints":{"allow":["GET"]}}],"collection":[{"href":"https:\/\/aiartfree.online\/sv\/wp-json\/wp\/v2\/pages"}],"about":[{"href":"https:\/\/aiartfree.online\/sv\/wp-json\/wp\/v2\/types\/page"}],"author":[{"embeddable":true,"href":"https:\/\/aiartfree.online\/sv\/wp-json\/wp\/v2\/users\/1"}],"replies":[{"embeddable":true,"href":"https:\/\/aiartfree.online\/sv\/wp-json\/wp\/v2\/comments?post=2876"}],"version-history":[{"count":1,"href":"https:\/\/aiartfree.online\/sv\/wp-json\/wp\/v2\/pages\/2876\/revisions"}],"predecessor-version":[{"id":3595,"href":"https:\/\/aiartfree.online\/sv\/wp-json\/wp\/v2\/pages\/2876\/revisions\/3595"}],"wp:attachment":[{"href":"https:\/\/aiartfree.online\/sv\/wp-json\/wp\/v2\/media?parent=2876"}],"curies":[{"name":"wp","href":"https:\/\/api.w.org\/{rel}","templated":true}]}}