{"id":78,"date":"2022-05-10T20:33:06","date_gmt":"2022-05-10T19:33:06","guid":{"rendered":"https:\/\/gp-inbound.wordifysites.com\/?page_id=78"},"modified":"2024-07-20T16:28:52","modified_gmt":"2024-07-20T16:28:52","slug":"about-us","status":"publish","type":"page","link":"https:\/\/aiartfree.online\/ro\/despre-noi\/","title":{"rendered":"Despre noi"},"content":{"rendered":"<section class=\"gb-container gb-container-8cf8b04f\">\n<div class=\"gb-container gb-container-dfac1555\">\n\n<h2 class=\"gb-headline gb-headline-608020c5 gb-headline-text\">Dezl\u0103n\u021buirea creativit\u0103\u021bii cu ajutorul instrumentelor de art\u0103 AI de ultim\u0103 or\u0103<\/h2>\n\n\n\n<p class=\"gb-headline gb-headline-7330c428 gb-headline-text\">Bine a\u021bi venit la Free AI Art Generator, unde creativitatea \u00eent\u00e2lne\u0219te tehnologia de ultim\u0103 or\u0103. Platforma noastr\u0103 exploateaz\u0103 puterea algoritmilor AI de ultim\u0103 genera\u021bie \u0219i a AI generativ pentru a transforma promptele dvs. de text \u00een opere de art\u0103 uimitoare \u0219i vibrante. <\/p>\n\n\n\n<p class=\"\">Misiunea noastr\u0103 este s\u0103 democratiz\u0103m crearea de art\u0103 prin oferirea unei suite de instrumente gratuite, bazate pe inteligen\u021ba artificial\u0103, care permit utilizatorilor s\u0103 creeze f\u0103r\u0103 efort imagini generate de inteligen\u021ba artificial\u0103 \u0219i s\u0103 exploreze poten\u021bialul inteligen\u021bei artificiale \u00een art\u0103. Indiferent dac\u0103 sunte\u021bi un artist experimentat sau un \u00eencep\u0103tor curios, instrumentele noastre sunt concepute pentru a v\u0103 \u00eembun\u0103t\u0103\u021bi procesul creativ, oferind rezultate de \u00eenalt\u0103 calitate cu o experien\u021b\u0103 de utilizare f\u0103r\u0103 probleme. <\/p>\n\n\n\n<p class=\"\">Al\u0103tura\u021bi-v\u0103 comunit\u0103\u021bii noastre \u0219i descoperi\u021bi viitorul artei cu Free AI Art Generator - unde imagina\u021bia \u0219i tehnologia se \u00eent\u00e2lnesc.<\/p>\n\n<\/div>\n\n<div class=\"gb-container gb-container-49e56edb\">\n\n<figure class=\"gb-block-image gb-block-image-ad6d2ba8\"><img data-recalc-dims=\"1\" decoding=\"async\" loading=\"lazy\" width=\"600\" height=\"430\" class=\"gb-image gb-image-ad6d2ba8\" src=\"https:\/\/i0.wp.com\/aiartfree.online\/wp-content\/uploads\/2024\/07\/work-stay-at-home-illustration-man-with-computer-6VFUTBK-1.png?resize=600%2C430&#038;ssl=1\" alt=\"Generator gratuit de art\u0103 AI\" title=\"work-stay-at-home-illustration-man-with-computer-6VFUTBK-1.png\" srcset=\"https:\/\/i0.wp.com\/aiartfree.online\/wp-content\/uploads\/2024\/07\/work-stay-at-home-illustration-man-with-computer-6VFUTBK-1.png?w=600&amp;ssl=1 600w, https:\/\/i0.wp.com\/aiartfree.online\/wp-content\/uploads\/2024\/07\/work-stay-at-home-illustration-man-with-computer-6VFUTBK-1.png?resize=300%2C215&amp;ssl=1 300w, https:\/\/i0.wp.com\/aiartfree.online\/wp-content\/uploads\/2024\/07\/work-stay-at-home-illustration-man-with-computer-6VFUTBK-1.png?resize=18%2C12&amp;ssl=1 18w\" sizes=\"auto, (max-width: 600px) 100vw, 600px\" \/><\/figure>\n\n<\/div>\n<\/section>\n\n<section class=\"gb-container gb-container-e4cc5e2c\">\n<div class=\"gb-container gb-container-3ceba49d\">\n<div class=\"gb-container gb-container-c05d1bd2\">\n\n<p class=\"\"> <\/p>\n\n<\/div>\n\n<div class=\"gb-container gb-container-e687e67e\">\n\n<h2 class=\"gb-headline gb-headline-c10d1bd9 gb-headline-text\">De ce s\u0103 ne alege\u021bi<\/h2>\n\n\n\n<p class=\"gb-headline gb-headline-3ace5b05 gb-headline-text\">La Free AI Art Generator, oferim o platform\u0103 creativ\u0103 excep\u021bional\u0103 pentru generarea de lucr\u0103ri de art\u0103 AI de \u00eenalt\u0103 calitate. Iat\u0103 de ce serviciul nostru iese \u00een eviden\u021b\u0103:<\/p>\n\n\n<div class=\"gb-container gb-container-2d10fbab\">\n<div class=\"gb-container gb-container-e7e2767f\">\n\n<div class=\"gb-headline gb-headline-4a6740d2\"><span class=\"gb-icon\"><svg xmlns=\"http:\/\/www.w3.org\/2000\/svg\" viewbox=\"0 0 512 512\" width=\"1em\" height=\"1em\" aria-hidden=\"true\"><path d=\"M173.898 439.404l-166.4-166.4c-9.997-9.997-9.997-26.206 0-36.204l36.203-36.204c9.997-9.998 26.207-9.998 36.204 0L192 312.69 432.095 72.596c9.997-9.997 26.207-9.997 36.204 0l36.203 36.204c9.997 9.997 9.997 26.206 0 36.204l-294.4 294.401c-9.998 9.997-26.207 9.997-36.204-.001z\" fill=\"currentColor\"><\/path><\/svg><\/span><\/div>\n\n<\/div>\n\n<div class=\"gb-container gb-container-0304ef5f\">\n\n<p class=\"gb-headline gb-headline-624d17cc gb-headline-text\">Tehnologie AI avansat\u0103<\/p>\n\n\n\n<p class=\"gb-headline gb-headline-6875360d gb-headline-text\">Instrumentele noastre utilizeaz\u0103 algoritmi AI de ultim\u0103 genera\u021bie \u0219i AI generativ pentru a transforma indica\u021biile textului \u00een imagini vibrante, generate de AI. Cu func\u021bii precum reglarea fin\u0103 \u0219i difuzarea stabil\u0103, pute\u021bi crea cu u\u0219urin\u021b\u0103 lucr\u0103ri de art\u0103 uimitoare \u0219i detaliate.<\/p>\n\n<\/div>\n<\/div>\n\n<div class=\"gb-container gb-container-42092c04\">\n<div class=\"gb-container gb-container-71ee177a\">\n\n<div class=\"gb-headline gb-headline-36fc3e3e\"><span class=\"gb-icon\"><svg xmlns=\"http:\/\/www.w3.org\/2000\/svg\" viewbox=\"0 0 512 512\" width=\"1em\" height=\"1em\" aria-hidden=\"true\"><path d=\"M173.898 439.404l-166.4-166.4c-9.997-9.997-9.997-26.206 0-36.204l36.203-36.204c9.997-9.998 26.207-9.998 36.204 0L192 312.69 432.095 72.596c9.997-9.997 26.207-9.997 36.204 0l36.203 36.204c9.997 9.997 9.997 26.206 0 36.204l-294.4 294.401c-9.998 9.997-26.207 9.997-36.204-.001z\" fill=\"currentColor\"><\/path><\/svg><\/span><\/div>\n\n<\/div>\n\n<div class=\"gb-container gb-container-bb23dd8a\">\n\n<p class=\"gb-headline gb-headline-11e332ea gb-headline-text\">Experien\u021b\u0103 u\u0219or de utilizat<\/p>\n\n\n\n<p class=\"gb-headline gb-headline-1433451e gb-headline-text\">Proiectat\u0103 \u021bin\u00e2nd cont de experien\u021ba utilizatorului, platforma noastr\u0103 asigur\u0103 un proces f\u0103r\u0103 \u00eentreruperi de la intrare la imaginea final\u0103. Fie c\u0103 sunte\u021bi un artist profesionist sau un \u00eencep\u0103tor, ve\u021bi g\u0103si instrumentele noastre artistice bazate pe inteligen\u021b\u0103 artificial\u0103 intuitive \u0219i accesibile.<\/p>\n\n<\/div>\n<\/div>\n\n<div class=\"gb-container gb-container-6a2056be\">\n<div class=\"gb-container gb-container-aade45e2\">\n\n<div class=\"gb-headline gb-headline-87d36e38\"><span class=\"gb-icon\"><svg xmlns=\"http:\/\/www.w3.org\/2000\/svg\" viewbox=\"0 0 512 512\" width=\"1em\" height=\"1em\" aria-hidden=\"true\"><path d=\"M173.898 439.404l-166.4-166.4c-9.997-9.997-9.997-26.206 0-36.204l36.203-36.204c9.997-9.998 26.207-9.998 36.204 0L192 312.69 432.095 72.596c9.997-9.997 26.207-9.997 36.204 0l36.203 36.204c9.997 9.997 9.997 26.206 0 36.204l-294.4 294.401c-9.998 9.997-26.207 9.997-36.204-.001z\" fill=\"currentColor\"><\/path><\/svg><\/span><\/div>\n\n<\/div>\n\n<div class=\"gb-container gb-container-07d4fbf6\">\n\n<p class=\"gb-headline gb-headline-d1c00e48 gb-headline-text\">Gratuit \u0219i accesibil<\/p>\n\n\n\n<p class=\"gb-headline gb-headline-3a9ff30b gb-headline-text\">Oferim gratuit instrumentele noastre artistice de ultim\u0103 genera\u021bie, permi\u021b\u00e2ndu-v\u0103 s\u0103 explora\u021bi poten\u021bialul inteligen\u021bei artificiale \u00een art\u0103 f\u0103r\u0103 niciun cost. \u00cemp\u0103rt\u0103\u0219i\u021bi crea\u021biile dvs. generate de inteligen\u021ba artificial\u0103 pe re\u021belele sociale \u0219i bucura\u021bi-v\u0103 de beneficiile artei AI gratuite \u0219i de \u00eenalt\u0103 calitate.<\/p>\n\n<\/div>\n<\/div>\n<\/div>\n<\/div>\n<\/section>","protected":false},"excerpt":{"rendered":"<p>Unleashing Creativity with Cutting-Edge AI Art Tools Welcome to Free AI Art Generator, where creativity meets cutting-edge technology. Our platform harnesses the power of state-of-the-art AI algorithms and generative AI to transform your text prompts into stunning, vibrant artworks. Our mission is to democratize art creation by offering a suite of free, AI-powered tools that &#8230; <a title=\"Despre noi\" class=\"read-more\" href=\"https:\/\/aiartfree.online\/ro\/despre-noi\/\" aria-label=\"Cite\u0219te mai multe despre About Us\">Cite\u0219te mai mult<\/a><\/p>","protected":false},"author":1,"featured_media":0,"parent":0,"menu_order":0,"comment_status":"open","ping_status":"closed","template":"","meta":{"nf_dc_page":"","footnotes":""},"class_list":["post-78","page","type-page","status-publish"],"jetpack_sharing_enabled":true,"_links":{"self":[{"href":"https:\/\/aiartfree.online\/ro\/wp-json\/wp\/v2\/pages\/78","targetHints":{"allow":["GET"]}}],"collection":[{"href":"https:\/\/aiartfree.online\/ro\/wp-json\/wp\/v2\/pages"}],"about":[{"href":"https:\/\/aiartfree.online\/ro\/wp-json\/wp\/v2\/types\/page"}],"author":[{"embeddable":true,"href":"https:\/\/aiartfree.online\/ro\/wp-json\/wp\/v2\/users\/1"}],"replies":[{"embeddable":true,"href":"https:\/\/aiartfree.online\/ro\/wp-json\/wp\/v2\/comments?post=78"}],"version-history":[{"count":0,"href":"https:\/\/aiartfree.online\/ro\/wp-json\/wp\/v2\/pages\/78\/revisions"}],"wp:attachment":[{"href":"https:\/\/aiartfree.online\/ro\/wp-json\/wp\/v2\/media?parent=78"}],"curies":[{"name":"wp","href":"https:\/\/api.w.org\/{rel}","templated":true}]}}