{"id":3445,"date":"2024-08-01T18:39:36","date_gmt":"2024-08-01T18:39:36","guid":{"rendered":"https:\/\/aiartfree.online\/?page_id=3445"},"modified":"2025-03-07T08:17:45","modified_gmt":"2025-03-07T08:17:45","slug":"unblur-image","status":"publish","type":"page","link":"https:\/\/aiartfree.online\/ro\/imagine-neclara\/","title":{"rendered":"Unblur imagine"},"content":{"rendered":"<h2 class=\"wp-block-heading has-text-align-center\" id=\"before-vs-after\">\u00cenainte vs. Dup\u0103<\/h2>\n\n\n\n<figure class=\"gb-block-image gb-block-image-1822da1f\"><img data-recalc-dims=\"1\" decoding=\"async\" loading=\"lazy\" width=\"1200\" height=\"704\" class=\"gb-image gb-image-1822da1f\" src=\"https:\/\/i0.wp.com\/aiartfree.online\/wp-content\/uploads\/2024\/08\/WX20240801-215741%402x-scaled.webp?resize=1200%2C704&#038;ssl=1\" alt=\"Unblur imagine online cu instrumentul nostru AI. 100% gratuit, nu necesit\u0103 \u00eenregistrare \u0219i utilizare nelimitat\u0103. \u00cembun\u0103t\u0103\u021bi\u021bi calitatea imaginii, elimina\u021bi neclaritatea \u0219i repara\u021bi fotografiile neclare pentru dragoste.\" title=\"WX20240801-215741@2x\" srcset=\"https:\/\/i0.wp.com\/aiartfree.online\/wp-content\/uploads\/2024\/08\/WX20240801-215741%402x-scaled.webp?w=2560&amp;ssl=1 2560w, https:\/\/i0.wp.com\/aiartfree.online\/wp-content\/uploads\/2024\/08\/WX20240801-215741%402x-scaled.webp?resize=300%2C176&amp;ssl=1 300w, https:\/\/i0.wp.com\/aiartfree.online\/wp-content\/uploads\/2024\/08\/WX20240801-215741%402x-scaled.webp?resize=1024%2C601&amp;ssl=1 1024w, https:\/\/i0.wp.com\/aiartfree.online\/wp-content\/uploads\/2024\/08\/WX20240801-215741%402x-scaled.webp?resize=768%2C451&amp;ssl=1 768w, https:\/\/i0.wp.com\/aiartfree.online\/wp-content\/uploads\/2024\/08\/WX20240801-215741%402x-scaled.webp?resize=1536%2C901&amp;ssl=1 1536w, https:\/\/i0.wp.com\/aiartfree.online\/wp-content\/uploads\/2024\/08\/WX20240801-215741%402x-scaled.webp?resize=2048%2C1202&amp;ssl=1 2048w, https:\/\/i0.wp.com\/aiartfree.online\/wp-content\/uploads\/2024\/08\/WX20240801-215741%402x-scaled.webp?resize=18%2C12&amp;ssl=1 18w, https:\/\/i0.wp.com\/aiartfree.online\/wp-content\/uploads\/2024\/08\/WX20240801-215741%402x-scaled.webp?resize=600%2C352&amp;ssl=1 600w, https:\/\/i0.wp.com\/aiartfree.online\/wp-content\/uploads\/2024\/08\/WX20240801-215741%402x-scaled.webp?w=2400&amp;ssl=1 2400w\" sizes=\"auto, (max-width: 1200px) 100vw, 1200px\" \/><\/figure>\n\n\n\n<h2 class=\"wp-block-heading\" id=\"how-to-use-the-unblur-image\">Cum s\u0103 utiliza\u021bi imaginea neclar\u0103<\/h2>\n\n\n\n<ol class=\"wp-block-list\">\n<li class=\"\">\u00cenc\u0103rca\u021bi imaginea dvs.<\/li>\n\n\n\n<li class=\"\">Face\u021bi clic pe \"Trimite\"<\/li>\n\n\n\n<li class=\"\">Stai, asta este!<\/li>\n<\/ol>\n\n\n\n<a class=\"gb-button gb-button-113f8659 gb-button-text\" href=\"https:\/\/www.basedlabs.ai\/apps\/ai-image-upscaler?via=rocnubi\" target=\"_blank\" rel=\"noopener noreferrer\">Try Latest Upscaler AI Now <\/a>\n\n\n\n<p class=\"\"><em>* \u00cen func\u021bie de viteza internetului dvs., \u00eenc\u0103rcarea modelului poate dura <\/em>p\u00e2n\u0103 la 10 secunde \u2193<\/p>\n\n\n\n<div class=\"iframe-wrapper\" style=\"position: relative; width: 100%; height: 1700px;\">\n  <div class=\"loading\" style=\"position: absolute; top: 50px; left: 50%; transform: translate(-50%, -50%); width: 40px; height: 40px; border: 3px solid #f0f0f0; border-top: 3px solid #db7093; border-radius: 50%; animation: spin 1s linear infinite;\"><\/div>\n  <iframe loading=\"lazy\" src=\"https:\/\/algoworks-image-face-upscale-restoration-gfpgan-pub.hf.space\" frameborder=\"0\" width=\"100%\" height=\"100%\" style=\"position: absolute; top: 0; left: 0; opacity: 0; transition: opacity 0.3s;\" onload=\"this.style.opacity=1;this.previousElementSibling.style.display='none';\"><\/iframe>\n<\/div>\n\n<style>\n@keyframes spin {\n  0% { transform: translate(-50%, -50%) rotate(0deg); }\n  100% { transform: translate(-50%, -50%) rotate(360deg); }\n}\n<\/style>\n\n\n\n<div style=\"height:60px\" aria-hidden=\"true\" class=\"wp-block-spacer\"><\/div>\n\n\n\n<h2 class=\"wp-block-heading\" id=\"unblur-image-the-ultimate-guide-to-ai-powered-photo-blur-removal\">Unblur Image: Ghidul final pentru eliminarea neclarit\u0103\u021bii fotografiilor cu ajutorul inteligen\u021bei artificiale<\/h2>\n\n\n\n<div class=\"wp-block-rank-math-toc-block\" id=\"rank-math-toc\"><h3>Tabla de con\u021binut<\/h3><nav><ul><li><a href=\"#outline\">Schi\u021b\u0103<\/a><\/li><li><a href=\"#what-is-unblur-image\">Ce este Unblur Image?<\/a><\/li><li><a href=\"#why-use-unblur-image\">De ce s\u0103 folosi\u021bi Unblur Image?<\/a><\/li><li><a href=\"#main-features-of-unblur-image\">Principalele caracteristici ale Unblur Image<\/a><ul><li><a href=\"#ai-powered-unblur-tool\">Instrument Unblur cu AI-Powered<\/a><\/li><li><a href=\"#photo-sharpener\">Sharpener foto<\/a><\/li><li><a href=\"#remove-motion-blur\">\u00cendep\u0103rta\u021bi estomparea mi\u0219c\u0103rii<\/a><\/li><li><a href=\"#unblur-text\">Unblur Text<\/a><\/li><li><a href=\"#online-accessibility\">Accesibilitate online<\/a><\/li><\/ul><\/li><li><a href=\"#target-audience-and-uses\">Public \u021bint\u0103 \u0219i utiliz\u0103ri<\/a><\/li><li><a href=\"#industry-applications-and-uses\">Aplica\u021bii \u0219i utiliz\u0103ri \u00een industrie<\/a><\/li><li><a href=\"#how-to-use-unblur-image\">Cum se utilizeaz\u0103 Unblur Image<\/a><\/li><li><a href=\"#unblur-image-usage-cases\">Cazuri de utilizare a imaginii Unblur<\/a><ul><li><a href=\"#enhance-portraits\">\u00cembun\u0103t\u0103\u021bi\u021bi portretele<\/a><\/li><li><a href=\"#restore-old-photos\">Restaurarea fotografiilor vechi<\/a><\/li><li><a href=\"#improve-product-photos\">\u00cembun\u0103t\u0103\u021bi\u021bi fotografiile produselor<\/a><\/li><li><a href=\"#fix-blurry-text\">Fixarea textului neclar<\/a><\/li><li><a href=\"#correct-camera-shake\">Corecta\u021bi mi\u0219carea aparatului foto<\/a><\/li><\/ul><\/li><li><a href=\"#comparison-table-of-unblur-image-tools\">Tabel comparativ al instrumentelor de imagine Unblur<\/a><\/li><li><a href=\"#advantages-disadvantages-and-challenges-of-the-industry\">Avantaje, dezavantaje \u0219i provoc\u0103ri ale industriei<\/a><ul><li><a href=\"#advantages\">Avantaje<\/a><\/li><li><a href=\"#disadvantages\">Dezavantaje<\/a><\/li><li><a href=\"#challenges\">Provoc\u0103ri<\/a><\/li><\/ul><\/li><li><a href=\"#frequently-asked-questions\">\u00centreb\u0103ri frecvente<\/a><\/li><li><a href=\"#summary\">Rezumat<\/a><\/li><\/ul><\/nav><\/div>\n\n\n\n<h3 class=\"wp-block-heading\" id=\"outline\">Schi\u021b\u0103<\/h3>\n\n\n\n<p class=\"\">\u00cen acest ghid cuprinz\u0103tor, vom explora lumea debif\u0103rii imaginilor, avantajele, func\u021biile, publicul \u021bint\u0103 \u0219i utiliz\u0103rile practice ale acesteia. De asemenea, vom oferi instruc\u021biuni pas cu pas, cazuri de utilizare \u0219i un tabel comparativ al celor mai bune instrumente disponibile. \u00cen cele din urm\u0103, vom aborda \u00eentreb\u0103rile frecvente \u0219i vom oferi un rezumat cu principalele avantaje \u0219i un apel la ac\u021biune.<\/p>\n\n\n\n<h3 class=\"wp-block-heading\" id=\"what-is-unblur-image\">Ce este Unblur Image?<\/h3>\n\n\n\n<p class=\"\">Unblur Image se refer\u0103 la procesul de utilizare a instrumentelor bazate pe inteligen\u021b\u0103 artificial\u0103 pentru a elimina neclaritatea \u0219i a spori claritatea imaginilor. Fie c\u0103 sunt cauzate de mi\u0219carea camerei, de neclaritatea mi\u0219c\u0103rii sau de focalizarea slab\u0103, aceste instrumente pot restabili calitatea imaginii, f\u0103c\u00e2nd fotografiile neclare din nou clare.<\/p>\n\n\n\n<h3 class=\"wp-block-heading\" id=\"why-use-unblur-image\">De ce s\u0103 folosi\u021bi Unblur Image?<\/h3>\n\n\n\n<p class=\"\">Utilizarea unui instrument de estompare a imaginii ofer\u0103 mai multe avantaje:<\/p>\n\n\n\n<ul class=\"wp-block-list\">\n<li class=\"\"><strong>\u00cembun\u0103t\u0103\u021birea calit\u0103\u021bii imaginii:<\/strong> \u00cembun\u0103t\u0103\u021bi\u021bi claritatea \u0219i detaliile fotografiilor dvs.<\/li>\n\n\n\n<li class=\"\"><strong>Restaura\u021bi fotografii vechi:<\/strong> Aduce\u021bi o nou\u0103 via\u021b\u0103 imaginilor vechi, neclare.<\/li>\n\n\n\n<li class=\"\"><strong>Rezultate profesionale:<\/strong> Ob\u021bine\u021bi rezultate de \u00eenalt\u0103 calitate f\u0103r\u0103 a avea nevoie de abilit\u0103\u021bi avansate de editare foto.<\/li>\n\n\n\n<li class=\"\"><strong>Comoditate:<\/strong> Elibera\u021bi cu u\u0219urin\u021b\u0103 imagini online f\u0103r\u0103 a desc\u0103rca software.<\/li>\n\n\n\n<li class=\"\"><strong>Eficien\u021b\u0103:<\/strong> Repara\u021bi rapid fotografiile neclare cu doar c\u00e2teva clicuri.<\/li>\n<\/ul>\n\n\n\n<p class=\"\">Oamenii caut\u0103 adesea solu\u021bii pentru a clarifica o imagine neclar\u0103, pentru a repara fotografii neclare \u0219i pentru a elimina neclaritatea din imagini. Aceste instrumente ofer\u0103 r\u0103spunsuri la aceste probleme comune.<\/p>\n\n\n\n<h3 class=\"wp-block-heading\" id=\"main-features-of-unblur-image\">Principalele caracteristici ale Unblur Image<\/h3>\n\n\n\n<h4 class=\"wp-block-heading\" id=\"ai-powered-unblur-tool\">Instrument Unblur cu AI-Powered<\/h4>\n\n\n\n<p class=\"\">Beneficia\u021bi de puterea AI pentru a elimina cu precizie neclaritatea \u0219i a \u00eembun\u0103t\u0103\u021bi detaliile imaginii.<\/p>\n\n\n\n<h4 class=\"wp-block-heading\" id=\"photo-sharpener\">Sharpener foto<\/h4>\n\n\n\n<p class=\"\">Ascu\u021bi\u021bi imaginile pentru a recupera detaliile fine pierdute din cauza neclarit\u0103\u021bii.<\/p>\n\n\n\n<h4 class=\"wp-block-heading\" id=\"remove-motion-blur\">\u00cendep\u0103rta\u021bi estomparea mi\u0219c\u0103rii<\/h4>\n\n\n\n<p class=\"\">\u021ainte\u0219te \u0219i reduce \u00een mod specific neclaritatea cauzat\u0103 de mi\u0219carea sau tremurul camerei.<\/p>\n\n\n\n<h4 class=\"wp-block-heading\" id=\"unblur-text\">Unblur Text<\/h4>\n\n\n\n<p class=\"\">\u00cembun\u0103t\u0103\u021birea lizibilit\u0103\u021bii textului \u00eence\u021bo\u0219at din imagini.<\/p>\n\n\n\n<h4 class=\"wp-block-heading\" id=\"online-accessibility\">Accesibilitate online<\/h4>\n\n\n\n<p class=\"\">Unblur imagini direct din browser-ul dvs., f\u0103r\u0103 a fi necesar\u0103 \u00eenscrierea, oferind 100% acces gratuit \u0219i nelimitat.<\/p>\n\n\n\n<h3 class=\"wp-block-heading\" id=\"target-audience-and-uses\">Public \u021bint\u0103 \u0219i utiliz\u0103ri<\/h3>\n\n\n\n<p class=\"\">Publicul \u021bint\u0103 pentru instrumentele de imagine unblur include:<\/p>\n\n\n\n<ul class=\"wp-block-list\">\n<li class=\"\"><strong>Fotografi:<\/strong> \u00cembun\u0103t\u0103\u021bi\u021bi calitatea fotografiilor realizate \u00een condi\u021bii mai pu\u021bin optime.<\/li>\n\n\n\n<li class=\"\"><strong>Designeri grafici:<\/strong> \u00cembun\u0103t\u0103\u021birea imaginilor pentru utilizarea \u00een diverse proiecte de design.<\/li>\n\n\n\n<li class=\"\"><strong>Utilizatorii social media:<\/strong> Asigura\u021bi-v\u0103 c\u0103 fotografiile partajate online sunt clare \u0219i de \u00eenalt\u0103 calitate.<\/li>\n\n\n\n<li class=\"\"><strong>Familii:<\/strong> Restaura\u021bi fotografiile vechi de familie care au devenit neclare \u00een timp.<\/li>\n\n\n\n<li class=\"\"><strong>Studen\u021bi \u0219i profesioni\u0219ti:<\/strong> Deblura\u021bi textul din imagini pentru o mai bun\u0103 lizibilitate \u00een prezent\u0103ri \u0219i documente.<\/li>\n<\/ul>\n\n\n\n<h3 class=\"wp-block-heading\" id=\"industry-applications-and-uses\">Aplica\u021bii \u0219i utiliz\u0103ri \u00een industrie<\/h3>\n\n\n\n<p class=\"\">Instrumentele Unblur image sunt utilizate pe scar\u0103 larg\u0103 \u00een mai multe industrii, inclusiv:<\/p>\n\n\n\n<ul class=\"wp-block-list\">\n<li class=\"\"><strong>Fotografie:<\/strong> Spori\u021bi claritatea fotografiilor profesionale.<\/li>\n\n\n\n<li class=\"\"><strong>Comer\u021b electronic:<\/strong> \u00cembun\u0103t\u0103\u021bi\u021bi fotografiile produselor pentru a atrage clien\u021bii.<\/li>\n\n\n\n<li class=\"\"><strong>Media \u0219i publicitate:<\/strong> Asigura\u021bi imagini de \u00eenalt\u0103 calitate \u00een materialele de marketing.<\/li>\n\n\n\n<li class=\"\"><strong>Asisten\u021b\u0103 medical\u0103:<\/strong> \u00cembun\u0103t\u0103\u021birea lizibilit\u0103\u021bii documentelor scanate \u0219i a imaginilor medicale.<\/li>\n\n\n\n<li class=\"\"><strong>Educa\u021bie:<\/strong> \u00cembun\u0103t\u0103\u021birea calit\u0103\u021bii materialelor educa\u021bionale \u0219i a prezent\u0103rilor.<\/li>\n<\/ul>\n\n\n\n<h3 class=\"wp-block-heading\" id=\"how-to-use-unblur-image\">Cum se utilizeaz\u0103 Unblur Image<\/h3>\n\n\n\n<p class=\"\">Urma\u021bi ace\u0219ti pa\u0219i pentru a estompa o imagine utiliz\u00e2nd instrumentul recomandat:<\/p>\n\n\n\n<ol class=\"wp-block-list\">\n<li class=\"\"><strong>Deschide\u021bi instrumentul:<\/strong> Du-te la <a href=\"https:\/\/aiartfree.online\/ro\/imagine-neclara\/\">Unblur Image Tool<\/a>.<\/li>\n\n\n\n<li class=\"\"><strong>\u00cenc\u0103rca\u021bi imaginea dvs:<\/strong> Face\u021bi clic pe butonul de \u00eenc\u0103rcare \u0219i selecta\u021bi imaginea \u00eence\u021bo\u0219at\u0103 pe care dori\u021bi s\u0103 o corecta\u021bi.<\/li>\n\n\n\n<li class=\"\"><strong>Regla\u021bi set\u0103rile:<\/strong> Utiliza\u021bi set\u0103rile disponibile pentru a regla cu precizie procesul de estompare.<\/li>\n\n\n\n<li class=\"\"><strong>Aplica\u021bi modific\u0103rile:<\/strong> Face\u021bi clic pe butonul Unblur pentru a procesa imaginea.<\/li>\n\n\n\n<li class=\"\"><strong>Desc\u0103rca\u021bi rezultatul:<\/strong> Dup\u0103 ce procesul este finalizat, desc\u0103rca\u021bi imaginea \u00eembun\u0103t\u0103\u021bit\u0103.<\/li>\n<\/ol>\n\n\n\n<h3 class=\"wp-block-heading\" id=\"unblur-image-usage-cases\">Cazuri de utilizare a imaginii Unblur<\/h3>\n\n\n\n<h4 class=\"wp-block-heading\" id=\"enhance-portraits\">\u00cembun\u0103t\u0103\u021bi\u021bi portretele<\/h4>\n\n\n\n<p class=\"\">Deblura\u021bi fotografiile portret pentru a eviden\u021bia tr\u0103s\u0103turile faciale \u0219i pentru a \u00eembun\u0103t\u0103\u021bi calitatea general\u0103 a imaginii.<\/p>\n\n\n\n<h4 class=\"wp-block-heading\" id=\"restore-old-photos\">Restaurarea fotografiilor vechi<\/h4>\n\n\n\n<p class=\"\">Utiliza\u021bi instrumentele de estompare pentru a aduce claritate fotografiilor de familie vechi \u0219i \u00eence\u021bo\u0219ate, p\u0103str\u00e2nd astfel amintirile.<\/p>\n\n\n\n<h4 class=\"wp-block-heading\" id=\"improve-product-photos\">\u00cembun\u0103t\u0103\u021bi\u021bi fotografiile produselor<\/h4>\n\n\n\n<p class=\"\">\u00cembun\u0103t\u0103\u021bi\u021bi calitatea imaginilor produselor pentru site-urile de comer\u021b electronic, f\u0103c\u00e2ndu-le mai atr\u0103g\u0103toare pentru clien\u021bi.<\/p>\n\n\n\n<h4 class=\"wp-block-heading\" id=\"fix-blurry-text\">Fixarea textului neclar<\/h4>\n\n\n\n<p class=\"\">Deblura\u021bi textul din documentele sau imaginile scanate pentru a \u00eembun\u0103t\u0103\u021bi lizibilitatea.<\/p>\n\n\n\n<h4 class=\"wp-block-heading\" id=\"correct-camera-shake\">Corecta\u021bi mi\u0219carea aparatului foto<\/h4>\n\n\n\n<p class=\"\">Elimina\u021bi neclaritatea mi\u0219c\u0103rii cauzat\u0103 de mi\u0219carea aparatului foto \u00een fotografiile f\u0103cute din mers.<\/p>\n\n\n\n<h3 class=\"wp-block-heading\" id=\"comparison-table-of-unblur-image-tools\">Tabel comparativ al instrumentelor de imagine Unblur<\/h3>\n\n\n\n<figure class=\"wp-block-table\"><table class=\"has-fixed-layout\"><thead><tr><th>Nume instrument<\/th><th>URL-ul site-ului<\/th><th>Avantaje<\/th><th>Dezavantaje<\/th><\/tr><\/thead><tbody><tr><td>AI Art Gratuit Unblur Image Tool<\/td><td><a href=\"https:\/\/aiartfree.online\/ro\/imagine-neclara\/\">https:\/\/aiartfree.online\/Unblur-Image<\/a><\/td><td>100% Gratuit, F\u0103r\u0103 \u00eenregistrare, Nelimitat<\/td><td>Func\u021bii avansate limitate<\/td><\/tr><tr><td>Fotor<\/td><td>https:\/\/www.fotor.com<\/td><td>U\u0219or de utilizat, Instrumente de editare multiple<\/td><td>Necesit\u0103 cont pentru acces complet<\/td><\/tr><tr><td>\u00cembun\u0103t\u0103\u021birea.Pho.to<\/td><td>https:\/\/enhance.pho.to<\/td><td>Gratuit, interfa\u021b\u0103 simpl\u0103<\/td><td>Caracteristici limitate<\/td><\/tr><tr><td>LunaPic<\/td><td>https:\/\/www.lunapic.com<\/td><td>Gratuit, Instrument online<\/td><td>Anun\u021buri pe site<\/td><\/tr><tr><td>PineTools<\/td><td>https:\/\/www.pinetools.com<\/td><td>Gratuit, Varietate de instrumente<\/td><td>Interfa\u021b\u0103 de baz\u0103<\/td><\/tr><tr><td>Photopea<\/td><td>https:\/\/www.photopea.com<\/td><td>Puternic, gratuit<\/td><td>Poate fi complex pentru \u00eencep\u0103tori<\/td><\/tr><tr><td>Adobe Photoshop Express<\/td><td>https:\/\/www.photoshop.com\/tools<\/td><td>Brand de \u00eencredere, rezultate de \u00eenalt\u0103 calitate<\/td><td>Versiune gratuit\u0103 limitat\u0103<\/td><\/tr><tr><td>Snapseed<\/td><td>https:\/\/snapseed.online<\/td><td>Mobile-friendly, u\u0219or de utilizat<\/td><td>Necesit\u0103 desc\u0103rcare<\/td><\/tr><tr><td>GIMP<\/td><td>https:\/\/www.gimp.org<\/td><td>Gratuit, Open-source<\/td><td>Curb\u0103 de \u00eenv\u0103\u021bare abrupt\u0103<\/td><\/tr><tr><td>VanceAI<\/td><td><a href=\"https:\/\/vanceai.com\" target=\"_blank\" rel=\"noopener\">https:\/\/vanceai.com<\/a><\/td><td>Inteligen\u021b\u0103 artificial\u0103, rezultate de \u00eenalt\u0103 calitate<\/td><td>Este necesar un abonament pl\u0103tit<\/td><\/tr><\/tbody><\/table><\/figure>\n\n\n\n<h3 class=\"wp-block-heading\" id=\"advantages-disadvantages-and-challenges-of-the-industry\">Avantaje, dezavantaje \u0219i provoc\u0103ri ale industriei<\/h3>\n\n\n\n<h4 class=\"wp-block-heading\" id=\"advantages\">Avantaje<\/h4>\n\n\n\n<ul class=\"wp-block-list\">\n<li class=\"\"><strong>Accesibilitate:<\/strong> Majoritatea instrumentelor sunt disponibile online, oferind acces u\u0219or.<\/li>\n\n\n\n<li class=\"\"><strong>Rentabil:<\/strong> Multe instrumente ofer\u0103 versiuni gratuite cu caracteristici puternice.<\/li>\n\n\n\n<li class=\"\"><strong>U\u0219or de utilizat:<\/strong> Conceput pentru utilizatori cu diferite niveluri de expertiz\u0103.<\/li>\n<\/ul>\n\n\n\n<h4 class=\"wp-block-heading\" id=\"disadvantages\">Dezavantaje<\/h4>\n\n\n\n<ul class=\"wp-block-list\">\n<li class=\"\"><strong>Varia\u021bia calit\u0103\u021bii:<\/strong> Rezultatele pot varia \u00een func\u021bie de instrumentul utilizat.<\/li>\n\n\n\n<li class=\"\"><strong>Curba de \u00eenv\u0103\u021bare:<\/strong> Unele instrumente pot necesita timp pentru a fi \u00eenv\u0103\u021bate \u0219i st\u0103p\u00e2nite.<\/li>\n\n\n\n<li class=\"\"><strong>Taxe de abonament:<\/strong> Func\u021biile avansate pot necesita abonamente pl\u0103tite.<\/li>\n<\/ul>\n\n\n\n<h4 class=\"wp-block-heading\" id=\"challenges\">Provoc\u0103ri<\/h4>\n\n\n\n<ul class=\"wp-block-list\">\n<li class=\"\"><strong>Men\u021binerea calit\u0103\u021bii:<\/strong> Asigurarea unor rezultate constante de \u00eenalt\u0103 calitate pentru diferite imagini.<\/li>\n\n\n\n<li class=\"\"><strong>Limit\u0103ri tehnologice:<\/strong> Tehnologia AI nu poate gestiona perfect toate tipurile de neclarit\u0103\u021bi.<\/li>\n\n\n\n<li class=\"\"><strong>A\u0219tept\u0103rile utilizatorului:<\/strong> Satisfacerea diferitelor a\u0219tept\u0103ri ale utilizatorilor pentru diferite cazuri de utilizare.<\/li>\n<\/ul>\n\n\n\n<h3 class=\"wp-block-heading\" id=\"frequently-asked-questions\">\u00centreb\u0103ri frecvente<\/h3>\n\n\n\n<ol class=\"wp-block-list\">\n<li class=\"\"><strong>Cum s\u0103 demachia\u021bi o imagine?<\/strong>\n<ul class=\"wp-block-list\">\n<li class=\"\">Utiliza\u021bi un instrument online precum <a href=\"https:\/\/aiartfree.online\/ro\/imagine-neclara\/\">AI Art Gratuit Unblur Image Tool<\/a> pentru a \u00eenc\u0103rca \u0219i procesa imaginea dvs.<\/li>\n<\/ul>\n<\/li>\n\n\n\n<li class=\"\"><strong>Cum s\u0103 deslu\u0219i\u021bi imaginile?<\/strong>\n<ul class=\"wp-block-list\">\n<li class=\"\">Selecta\u021bi un instrument de \u00eencredere, \u00eenc\u0103rca\u021bi imaginea, ajusta\u021bi set\u0103rile \u0219i aplica\u021bi efectul de estompare.<\/li>\n<\/ul>\n<\/li>\n\n\n\n<li class=\"\"><strong>Cum s\u0103 demachia\u021bi imaginea?<\/strong>\n<ul class=\"wp-block-list\">\n<li class=\"\">Urma\u021bi ghidul pas cu pas furnizat mai sus utiliz\u00e2nd un instrument bazat pe inteligen\u021b\u0103 artificial\u0103.<\/li>\n<\/ul>\n<\/li>\n\n\n\n<li class=\"\"><strong>Cum s\u0103 debifa\u021bi o imagine pe iPhone?<\/strong>\n<ul class=\"wp-block-list\">\n<li class=\"\">Deschide\u021bi browserul \u0219i vizita\u021bi <a href=\"https:\/\/aiartfree.online\/ro\/imagine-neclara\/\">AI Art Gratuit Unblur Image Tool<\/a> pentru a v\u0103 estompa imaginea.<\/li>\n<\/ul>\n<\/li>\n\n\n\n<li class=\"\"><strong>Cum s\u0103 debifa\u021bi o imagine \u00een Photoshop?<\/strong>\n<ul class=\"wp-block-list\">\n<li class=\"\">Deschide\u021bi browserul \u0219i vizita\u021bi <a href=\"https:\/\/aiartfree.online\/ro\/imagine-neclara\/\">AI Art Gratuit Unblur Image Tool<\/a> pentru a utiliza o alternativ\u0103 mai u\u0219oar\u0103.<\/li>\n<\/ul>\n<\/li>\n\n\n\n<li class=\"\"><strong>Cum s\u0103 face\u021bi o imagine neclar\u0103 clar\u0103?<\/strong>\n<ul class=\"wp-block-list\">\n<li class=\"\">Utiliza\u021bi un instrument de ascu\u021bire a fotografiilor pentru a spori claritatea imaginii.<\/li>\n<\/ul>\n<\/li>\n\n\n\n<li class=\"\"><strong>Cum s\u0103 demachia\u021bi o fotografie?<\/strong>\n<ul class=\"wp-block-list\">\n<li class=\"\">Urma\u021bi pa\u0219ii din sec\u021biunea \"Cum s\u0103 utiliza\u021bi Unblur Image\" pentru a elimina neclaritatea din fotografie.<\/li>\n<\/ul>\n<\/li>\n\n\n\n<li class=\"\"><strong>Cum s\u0103 repara\u021bi fotografiile neclare?<\/strong>\n<ul class=\"wp-block-list\">\n<li class=\"\">Utiliza\u021bi un instrument online pentru a restabili claritatea fotografiilor \u00eence\u021bo\u0219ate.<\/li>\n<\/ul>\n<\/li>\n\n\n\n<li class=\"\"><strong>Care este cel mai bun instrument unblur?<\/strong>\n<ul class=\"wp-block-list\">\n<li class=\"\">The <a href=\"https:\/\/aiartfree.online\/ro\/imagine-neclara\/\">AI Art Gratuit Unblur Image Tool<\/a> este foarte recomandat pentru u\u0219urin\u021ba de utilizare \u0219i caracteristicile sale puternice.<\/li>\n<\/ul>\n<\/li>\n\n\n\n<li class=\"\"><strong>Cum s\u0103 demachia\u021bi textul \u00eentr-o imagine?<\/strong>\n<ul class=\"wp-block-list\">\n<li class=\"\">Utiliza\u021bi un instrument de deblocare a textului pentru a \u00eembun\u0103t\u0103\u021bi lizibilitatea textului neclar din imaginile dvs.<\/li>\n<\/ul>\n<\/li>\n<\/ol>\n\n\n\n<h3 class=\"wp-block-heading\" id=\"summary\">Rezumat<\/h3>\n\n\n\n<p class=\"\">Deslu\u0219irea imaginilor nu a fost niciodat\u0103 mai u\u0219oar\u0103 cu disponibilitatea unor instrumente puternice bazate pe inteligen\u021b\u0103 artificial\u0103. Fie c\u0103 dori\u021bi s\u0103 \u00eembun\u0103t\u0103\u021bi\u021bi fotografii portret, s\u0103 restaura\u021bi imagini vechi sau s\u0103 corecta\u021bi text neclar, aceste instrumente ofer\u0103 o solu\u021bie convenabil\u0103 \u0219i eficient\u0103. Vizita\u021bi <a href=\"https:\/\/aiartfree.online\/ro\/imagine-neclara\/\">AI Art Gratuit Unblur Image Tool<\/a> pentru a experimenta cel mai bun instrument de deblurare disponibil, 100% gratuit \u0219i nelimitat, f\u0103r\u0103 a fi necesar\u0103 \u00eenscrierea. Transforma\u021bi-v\u0103 ast\u0103zi imaginile neclare \u00een fotografii clare, de \u00eenalt\u0103 calitate!<\/p>","protected":false},"excerpt":{"rendered":"<p>Before vs After How to use the Unblur Image *&nbsp;Depending on your internet speed, loading the model may take up to 10 seconds \u2193 Unblur Image: The Ultimate Guide to AI-Powered Photo Blur Removal Outline In this comprehensive guide, we will explore the world of image unblurring, its advantages, functions, target audience, and practical uses. &#8230; <a title=\"Unblur imagine\" class=\"read-more\" href=\"https:\/\/aiartfree.online\/ro\/imagine-neclara\/\" aria-label=\"Cite\u0219te mai multe despre Unblur Image\">Cite\u0219te mai mult<\/a><\/p>","protected":false},"author":1,"featured_media":3450,"parent":0,"menu_order":0,"comment_status":"open","ping_status":"closed","template":"","meta":{"nf_dc_page":"","footnotes":""},"class_list":["post-3445","page","type-page","status-publish","has-post-thumbnail"],"jetpack_sharing_enabled":true,"_links":{"self":[{"href":"https:\/\/aiartfree.online\/ro\/wp-json\/wp\/v2\/pages\/3445","targetHints":{"allow":["GET"]}}],"collection":[{"href":"https:\/\/aiartfree.online\/ro\/wp-json\/wp\/v2\/pages"}],"about":[{"href":"https:\/\/aiartfree.online\/ro\/wp-json\/wp\/v2\/types\/page"}],"author":[{"embeddable":true,"href":"https:\/\/aiartfree.online\/ro\/wp-json\/wp\/v2\/users\/1"}],"replies":[{"embeddable":true,"href":"https:\/\/aiartfree.online\/ro\/wp-json\/wp\/v2\/comments?post=3445"}],"version-history":[{"count":1,"href":"https:\/\/aiartfree.online\/ro\/wp-json\/wp\/v2\/pages\/3445\/revisions"}],"predecessor-version":[{"id":3597,"href":"https:\/\/aiartfree.online\/ro\/wp-json\/wp\/v2\/pages\/3445\/revisions\/3597"}],"wp:featuredmedia":[{"embeddable":true,"href":"https:\/\/aiartfree.online\/ro\/wp-json\/wp\/v2\/media\/3450"}],"wp:attachment":[{"href":"https:\/\/aiartfree.online\/ro\/wp-json\/wp\/v2\/media?parent=3445"}],"curies":[{"name":"wp","href":"https:\/\/api.w.org\/{rel}","templated":true}]}}