{"id":3444,"date":"2024-08-02T05:54:16","date_gmt":"2024-08-02T05:54:16","guid":{"rendered":"https:\/\/aiartfree.online\/?page_id=3444"},"modified":"2025-03-07T08:03:21","modified_gmt":"2025-03-07T08:03:21","slug":"ai-picture-generator","status":"publish","type":"page","link":"https:\/\/aiartfree.online\/ro\/generator-de-imagini-ai\/","title":{"rendered":"AI Picture Generator"},"content":{"rendered":"<h2 class=\"wp-block-heading has-text-align-center\">Ce au f\u0103cut utilizatorii no\u0219tri<\/h2>\n\n\n\n<figure class=\"gb-block-image gb-block-image-1822da1f\"><img data-recalc-dims=\"1\" decoding=\"async\" loading=\"lazy\" width=\"1112\" height=\"576\" class=\"gb-image gb-image-1822da1f\" src=\"https:\/\/i0.wp.com\/aiartfree.online\/wp-content\/uploads\/2024\/08\/WX20240802-111707%402x.jpg?resize=1112%2C576&#038;ssl=1\" alt=\"Crea\u021bi imagini uimitoare \u0219i unice f\u0103r\u0103 efort cu AI Art Free. Generatorul nostru gratuit de imagini AI 100% ofer\u0103 acces nelimitat \u0219i rezultate de \u00eenalt\u0103 calitate, perfecte pentru social media, marketing \u0219i uz personal. Nu este necesar\u0103 \u00eenscrierea - introduce\u021bi doar o solicitare de text \u0219i l\u0103sa\u021bi AI-ul nostru s\u0103 v\u0103 transforme ideile \u00een imagini frumoase. Explora\u021bi ast\u0103zi posibilit\u0103\u021bi nelimitate cu instrumentul nostru puternic \u0219i u\u0219or de utilizat!\" title=\"WX20240802-111707@2x\" srcset=\"https:\/\/i0.wp.com\/aiartfree.online\/wp-content\/uploads\/2024\/08\/WX20240802-111707%402x.jpg?w=1112&amp;ssl=1 1112w, https:\/\/i0.wp.com\/aiartfree.online\/wp-content\/uploads\/2024\/08\/WX20240802-111707%402x.jpg?resize=300%2C155&amp;ssl=1 300w, https:\/\/i0.wp.com\/aiartfree.online\/wp-content\/uploads\/2024\/08\/WX20240802-111707%402x.jpg?resize=1024%2C530&amp;ssl=1 1024w, https:\/\/i0.wp.com\/aiartfree.online\/wp-content\/uploads\/2024\/08\/WX20240802-111707%402x.jpg?resize=768%2C398&amp;ssl=1 768w, https:\/\/i0.wp.com\/aiartfree.online\/wp-content\/uploads\/2024\/08\/WX20240802-111707%402x.jpg?resize=18%2C9&amp;ssl=1 18w, https:\/\/i0.wp.com\/aiartfree.online\/wp-content\/uploads\/2024\/08\/WX20240802-111707%402x.jpg?resize=600%2C311&amp;ssl=1 600w\" sizes=\"auto, (max-width: 1112px) 100vw, 1112px\" \/><\/figure>\n\n\n\n<h2 class=\"wp-block-heading\">Cum s\u0103 utiliza\u021bi AI Picture Generator<\/h2>\n\n\n\n<ol class=\"wp-block-list\">\n<li class=\"\">\u00cenc\u0103rca\u021bi fi\u0219ierul dvs. audio<\/li>\n\n\n\n<li class=\"\">Face\u021bi clic pe \"Traducere\"<\/li>\n\n\n\n<li class=\"\">Stai, asta este!<\/li>\n<\/ol>\n\n\n\n<p class=\"\">* Nu ezita\u021bi s\u0103 \u00eencerca\u021bi exemplele noastre de mai jos dac\u0103 nu ave\u021bi niciun g\u00e2nd \u00een minte<\/p>\n\n\n\n<h2 class=\"wp-block-heading\">Exemple de prompturi<\/h2>\n\n\n\n<ol style=\"font-size:16px\" class=\"wp-block-list\">\n<li class=\"\">uluitoare extrem de detaliate ilustrare roman grafic de morgan freeman de echitatie o motocicleta harley davidson , \u00eentuneric \u0219i gritty<\/li>\n\n\n\n<li class=\"\">ilustra\u021bie uluitoare de roman grafic \u00cen mijlocul vastei \u00eentinderi a unei nebuloase, un astronaut singuratic plute\u0219te, legat de o nav\u0103 stelar\u0103 luminoas\u0103. Gazele radiante ale nebuloasei danseaz\u0103 \u00een jur, reflect\u00e2nd culori vibrante pe costum, cre\u00e2nd un balet de lumin\u0103 \u0219i mi\u0219care.<\/li>\n\n\n\n<li class=\"\">La o r\u0103scruce de drumuri \u00eentr-o pustietate post-apocaliptic\u0103, un vagabond cu o chitar\u0103 f\u0103cut\u0103 din fier vechi c\u00e2nt\u0103 pove\u0219ti despre lumea veche. Creaturi mutante se adun\u0103 \u00een jurul focului de tab\u0103r\u0103, cu ochii plini de nostalgie.<\/li>\n\n\n\n<li class=\"\">ilustra\u021bie uluitoare de roman grafic a unui copil care urm\u0103re\u0219te fluturi colora\u021bi \u00eentr-o paji\u0219te vibrant\u0103.<\/li>\n\n\n\n<li class=\"\">ilustra\u021bie uluitoare de roman grafic Pe o plaj\u0103 unde valurile sunt \u021besute cu pove\u0219ti, un povestitor cu un r\u0103zboi de \u021besut din lumina lunii me\u0219tere\u0219te pove\u0219ti din valuri. Scoicile \u0219optesc legende, iar orizontul este o tapiserie de aventuri care urmeaz\u0103 s\u0103 fie spuse.<\/li>\n\n\n\n<li class=\"\">ilustra\u021bie uluitoare de roman grafic a unui \u0219oim care zboar\u0103 deasupra unui de\u0219ert, \u00een c\u0103utarea pr\u0103zii.<\/li>\n\n\n\n<li class=\"\">ilustra\u021bie uluitoare de roman grafic \u00cen ad\u00e2ncul cercului arctic, o auror\u0103 picteaz\u0103 cerul cu nuan\u021be vibrante de verde, roz \u0219i violet. Z\u0103pada de dedesubt reflect\u0103 acest dans de lumini, iar lumea este \u00eenv\u0103luit\u0103 \u00eentr-o simfonie hipnotizant\u0103 de culori.<\/li>\n\n\n\n<li class=\"\">ilustra\u021bie uluitoare de roman grafic a unui artist tatuator care detaliaz\u0103 un design complicat pe spatele unui client.<\/li>\n\n\n\n<li class=\"\">ilustra\u021bie uluitoare de roman grafic cu O femeie, drapat\u0103 \u00een m\u0103t\u0103suri colorate, citind c\u0103r\u021bi de tarot \u00eentr-un cort luminat de lum\u00e2n\u0103ri.<\/li>\n\n\n\n<li class=\"\">ilustra\u021bie uluitoare de roman grafic cu doi spelunkers care cartografiaz\u0103 o pe\u0219ter\u0103 ad\u00e2nc\u0103, cu tor\u021be care lumineaz\u0103 drumul.<\/li>\n<\/ol>\n\n\n\n<figure class=\"gb-block-image gb-block-image-032aac41\"><a href=\"https:\/\/fas.st\/t\/9U4PYbm7\" target=\"_blank\" rel=\"noopener noreferrer\"><img data-recalc-dims=\"1\" decoding=\"async\" loading=\"lazy\" width=\"1200\" height=\"365\" class=\"gb-image gb-image-032aac41\" src=\"https:\/\/i0.wp.com\/aiartfree.online\/wp-content\/uploads\/2025\/03\/WX20250307-115412%402x.webp?resize=1200%2C365&#038;ssl=1\" alt=\"\" title=\"WX20250307-115412@2x\" srcset=\"https:\/\/i0.wp.com\/aiartfree.online\/wp-content\/uploads\/2025\/03\/WX20250307-115412%402x.webp?w=1942&amp;ssl=1 1942w, https:\/\/i0.wp.com\/aiartfree.online\/wp-content\/uploads\/2025\/03\/WX20250307-115412%402x.webp?resize=300%2C91&amp;ssl=1 300w, https:\/\/i0.wp.com\/aiartfree.online\/wp-content\/uploads\/2025\/03\/WX20250307-115412%402x.webp?resize=1024%2C312&amp;ssl=1 1024w, https:\/\/i0.wp.com\/aiartfree.online\/wp-content\/uploads\/2025\/03\/WX20250307-115412%402x.webp?resize=768%2C234&amp;ssl=1 768w, https:\/\/i0.wp.com\/aiartfree.online\/wp-content\/uploads\/2025\/03\/WX20250307-115412%402x.webp?resize=1536%2C467&amp;ssl=1 1536w, https:\/\/i0.wp.com\/aiartfree.online\/wp-content\/uploads\/2025\/03\/WX20250307-115412%402x.webp?resize=18%2C5&amp;ssl=1 18w, https:\/\/i0.wp.com\/aiartfree.online\/wp-content\/uploads\/2025\/03\/WX20250307-115412%402x.webp?resize=600%2C183&amp;ssl=1 600w\" sizes=\"auto, (max-width: 1200px) 100vw, 1200px\" \/><\/a><\/figure>\n\n\n\n<p class=\"\"><em>* \u00cen func\u021bie de viteza internetului dvs., \u00eenc\u0103rcarea modelului poate dura <\/em>p\u00e2n\u0103 la 10 secunde \u2193<\/p>\n\n\n\n<div class=\"iframe-wrapper\" style=\"position: relative; width: 100%; height: 1000px;\">\n  <div class=\"loading\" style=\"position: absolute; top: 50px; left: 50%; transform: translate(-50%, -50%); width: 40px; height: 40px; border: 3px solid #f0f0f0; border-top: 3px solid #db7093; border-radius: 50%; animation: spin 1s linear infinite;\"><\/div>\n  <iframe loading=\"lazy\" src=\"https:\/\/ap123-sdxl-lightning.hf.space\" frameborder=\"0\" width=\"100%\" height=\"100%\" style=\"position: absolute; top: 0; left: 0; opacity: 0; transition: opacity 0.3s;\" onload=\"this.style.opacity=1;this.previousElementSibling.style.display='none';\"><\/iframe>\n<\/div>\n\n<style>\n@keyframes spin {\n  0% { transform: translate(-50%, -50%) rotate(0deg); }\n  100% { transform: translate(-50%, -50%) rotate(360deg); }\n}\n<\/style>\n\n\n\n<div style=\"height:80px\" aria-hidden=\"true\" class=\"wp-block-spacer\"><\/div>\n\n\n\n<h2 class=\"wp-block-heading\">Generator de imagini AI: Ghidul final<\/h2>\n\n\n\n<h3 class=\"wp-block-heading\">Schi\u021b\u0103<\/h3>\n\n\n\n<p class=\"\">Generatoarele de imagini AI revolu\u021bioneaz\u0103 modul \u00een care cre\u0103m imagini, oferind 100% imagini gratuite, nelimitate, de \u00eenalt\u0103 calitate \u0219i unice. Acest ghid exploreaz\u0103 defini\u021bia, avantajele, func\u021biile, publicul \u021bint\u0103, cazurile de utilizare, beneficiile industriei \u0219i provoc\u0103rile. De asemenea, vom trece \u00een revist\u0103 instrumentele de top \u0219i vom oferi o sec\u021biune FAQ pentru a r\u0103spunde \u00eentreb\u0103rilor frecvente.<\/p>\n\n\n\n<h3 class=\"wp-block-heading\">Tabla de con\u021binut<\/h3>\n\n\n\n<ul class=\"wp-block-list\">\n<li class=\"\"><a href=\"#what-is-an-ai-picture-generator\">Ce este un generator de imagini AI<\/a><\/li>\n\n\n\n<li class=\"\"><a href=\"#why-use-an-ai-picture-generator\">De ce s\u0103 folosi\u021bi un generator de imagini AI<\/a><\/li>\n\n\n\n<li class=\"\"><a href=\"#main-features-of-ai-picture-generators\">Principalele caracteristici ale generatoarelor de imagini AI<\/a>\n<ul class=\"wp-block-list\">\n<li class=\"\"><a href=\"#100-free\">100% Liber<\/a><\/li>\n\n\n\n<li class=\"\"><a href=\"#unlimited-usage\">Utilizare nelimitat\u0103<\/a><\/li>\n\n\n\n<li class=\"\"><a href=\"#high-quality-outputs\">Ie\u0219iri de \u00eenalt\u0103 calitate<\/a><\/li>\n<\/ul>\n<\/li>\n\n\n\n<li class=\"\"><a href=\"#who-should-use-ai-picture-generators\">Cine ar trebui s\u0103 utilizeze generatoarele de imagini AI<\/a><\/li>\n\n\n\n<li class=\"\"><a href=\"#industry-applications-of-ai-picture-generators\">Aplica\u021bii industriale ale generatoarelor de imagini AI<\/a><\/li>\n\n\n\n<li class=\"\"><a href=\"#how-to-use-an-ai-picture-generator\">Cum s\u0103 utiliza\u021bi un generator de imagini AI<\/a><\/li>\n\n\n\n<li class=\"\"><a href=\"#ai-picture-generator-use-cases\">Cazuri de utilizare a AI Picture Generator<\/a>\n<ul class=\"wp-block-list\">\n<li class=\"\"><a href=\"#social-media-content-creation\">Crearea de con\u021binut social media<\/a><\/li>\n\n\n\n<li class=\"\"><a href=\"#marketing-and-advertising\">Marketing \u0219i publicitate<\/a><\/li>\n\n\n\n<li class=\"\"><a href=\"#website-design\">Design site web<\/a><\/li>\n<\/ul>\n<\/li>\n\n\n\n<li class=\"\"><a href=\"#top-10-ai-picture-generators-and-their-pros-and-cons\">Top 10 generatoare de imagini AI \u0219i avantajele \u0219i dezavantajele acestora<\/a><\/li>\n\n\n\n<li class=\"\"><a href=\"#pros-cons-and-challenges-in-the-ai-picture-generator-industry\">Avantaje, dezavantaje \u0219i provoc\u0103ri \u00een industria generatoarelor de imagini AI<\/a><\/li>\n\n\n\n<li class=\"\"><a href=\"#faq\">\u00ceNTREB\u0102RI FRECVENTE<\/a><\/li>\n\n\n\n<li class=\"\"><a href=\"#summary-and-call-to-action\">Rezumat \u0219i apel la ac\u021biune<\/a><\/li>\n<\/ul>\n\n\n\n<h3 class=\"wp-block-heading\">Ce este un generator de imagini AI<\/h3>\n\n\n\n<p class=\"\">Un generator de imagini AI este un instrument care utilizeaz\u0103 inteligen\u021ba artificial\u0103 pentru a crea imagini pornind de la indica\u021bii text. Aceste instrumente pot genera imagini unice, de \u00eenalt\u0103 calitate, pe baza descrierilor furnizate de utilizator, permi\u021b\u00e2nd creativitatea \u0219i eficien\u021ba \u00een crearea imaginilor.<\/p>\n\n\n\n<h3 class=\"wp-block-heading\">De ce s\u0103 folosi\u021bi un generator de imagini AI<\/h3>\n\n\n\n<p class=\"\">Generatoarele de imagini AI ofer\u0103 numeroase avantaje:<\/p>\n\n\n\n<ul class=\"wp-block-list\">\n<li class=\"\"><strong>100% Gratuit:<\/strong> Multe instrumente, cum ar fi <a href=\"https:\/\/aiartfree.online\/ro\/generator-de-imagini-ai\/\">AI Art Gratuit<\/a>, ofer\u0103 acces gratuit.<\/li>\n\n\n\n<li class=\"\"><strong>Utilizare nelimitat\u0103:<\/strong> Nu exist\u0103 restric\u021bii privind num\u0103rul de imagini generate.<\/li>\n\n\n\n<li class=\"\"><strong>Ie\u0219iri de \u00eenalt\u0103 calitate:<\/strong> Produce imagini de calitate profesional\u0103.<\/li>\n\n\n\n<li class=\"\"><strong>Nu este necesar\u0103 \u00eenscrierea:<\/strong> Acces u\u0219or \u0219i rapid.<\/li>\n\n\n\n<li class=\"\"><strong>Imagini generate de inteligen\u021ba artificial\u0103:<\/strong> Asigur\u0103 originalitatea \u0219i creativitatea.<\/li>\n<\/ul>\n\n\n\n<h3 class=\"wp-block-heading\">Principalele caracteristici ale generatoarelor de imagini AI<\/h3>\n\n\n\n<h4 class=\"wp-block-heading\">100% Liber<\/h4>\n\n\n\n<p class=\"\">Generatoare de imagini AI precum <a href=\"https:\/\/aiartfree.online\/ro\/generator-de-imagini-ai\/\">AI Art Gratuit<\/a> ofer\u0103 servicii complet gratuite, ceea ce le face accesibile tuturor.<\/p>\n\n\n\n<h4 class=\"wp-block-heading\">Utilizare nelimitat\u0103<\/h4>\n\n\n\n<p class=\"\">Aceste instrumente permit utilizatorilor s\u0103 genereze un num\u0103r nelimitat de imagini, sprijinind creativitatea extins\u0103 f\u0103r\u0103 limite.<\/p>\n\n\n\n<h4 class=\"wp-block-heading\">Ie\u0219iri de \u00eenalt\u0103 calitate<\/h4>\n\n\n\n<p class=\"\">Generatoarele de imagini AI produc imagini de \u00eenalt\u0103 rezolu\u021bie, de calitate profesional\u0103, potrivite pentru diverse aplica\u021bii.<\/p>\n\n\n\n<h3 class=\"wp-block-heading\">Cine ar trebui s\u0103 utilizeze generatoarele de imagini AI<\/h3>\n\n\n\n<ul class=\"wp-block-list\">\n<li class=\"\"><strong>Creatori de con\u021binut:<\/strong> Bloggeri, vloggeri \u0219i persoane influente din social media.<\/li>\n\n\n\n<li class=\"\"><strong>Comercian\u021bi:<\/strong> Profesioni\u0219ti \u00een publicitate care au nevoie de imagini unice.<\/li>\n\n\n\n<li class=\"\"><strong>Designeri web:<\/strong> Dezvoltatorii care caut\u0103 imagini personalizate pentru site-uri web.<\/li>\n\n\n\n<li class=\"\"><strong>Arti\u0219ti:<\/strong> Persoane care doresc s\u0103 exploreze arta generat\u0103 de AI.<\/li>\n<\/ul>\n\n\n\n<h3 class=\"wp-block-heading\">Aplica\u021bii industriale ale generatoarelor de imagini AI<\/h3>\n\n\n\n<ul class=\"wp-block-list\">\n<li class=\"\"><strong>Publicitate:<\/strong> Crearea de imagini atr\u0103g\u0103toare pentru campaniile de marketing.<\/li>\n\n\n\n<li class=\"\"><strong>Comer\u021b electronic:<\/strong> Crearea de imagini ale produselor \u0219i \u00eembun\u0103t\u0103\u021birea listelor online.<\/li>\n\n\n\n<li class=\"\"><strong>Media \u0219i divertisment:<\/strong> Generarea de imagini pentru publica\u021bii \u0219i proiecte multimedia.<\/li>\n\n\n\n<li class=\"\"><strong>Educa\u021bie:<\/strong> Producerea de materiale educa\u021bionale \u0219i auxiliare vizuale.<\/li>\n<\/ul>\n\n\n\n<h3 class=\"wp-block-heading\">Cum s\u0103 utiliza\u021bi un generator de imagini AI<\/h3>\n\n\n\n<ol class=\"wp-block-list\">\n<li class=\"\"><strong>Introduce\u021bi un Text Prompt:<\/strong> Descrie\u021bi imaginea pe care dori\u021bi s\u0103 o crea\u021bi.<\/li>\n\n\n\n<li class=\"\"><strong>Selecta\u021bi Preferin\u021be:<\/strong> Alege\u021bi stilul, rezolu\u021bia \u0219i alte set\u0103ri.<\/li>\n\n\n\n<li class=\"\"><strong>Generarea imaginii:<\/strong> Face\u021bi clic pentru a crea imaginea.<\/li>\n\n\n\n<li class=\"\"><strong>Desc\u0103rca\u021bi \u0219i utiliza\u021bi:<\/strong> Salva\u021bi \u0219i utiliza\u021bi imaginea generat\u0103.<\/li>\n<\/ol>\n\n\n\n<h3 class=\"wp-block-heading\">Cazuri de utilizare a AI Picture Generator<\/h3>\n\n\n\n<h4 class=\"wp-block-heading\">Crearea de con\u021binut social media<\/h4>\n\n\n\n<p class=\"\">Imaginile generate de AI pot \u00eembun\u0103t\u0103\u021bi post\u0103rile, pove\u0219tile \u0219i anun\u021burile din social media cu imagini unice.<\/p>\n\n\n\n<h4 class=\"wp-block-heading\">Marketing \u0219i publicitate<\/h4>\n\n\n\n<p class=\"\">\u00centreprinderile pot utiliza imagini generate de AI pentru materiale promo\u021bionale, reclame \u0219i bannere.<\/p>\n\n\n\n<h4 class=\"wp-block-heading\">Design site web<\/h4>\n\n\n\n<p class=\"\">Dezvoltatorii web pot crea grafic\u0103 personalizat\u0103 pentru site-uri web, asigur\u00e2nd un aspect unic \u0219i profesional.<\/p>\n\n\n\n<h3 class=\"wp-block-heading\">Top 10 generatoare de imagini AI \u0219i avantajele \u0219i dezavantajele acestora<\/h3>\n\n\n\n<figure class=\"wp-block-table\"><table class=\"has-fixed-layout\"><thead><tr><th>Instrument<\/th><th>Site web<\/th><th>Avantaje<\/th><th>Contra<\/th><\/tr><\/thead><tbody><tr><td>AI Art Gratuit<\/td><td><a href=\"https:\/\/aiartfree.online\/ro\/generator-de-imagini-ai\/\">aiartfree.online<\/a><\/td><td>100% Gratuit, Nelimitat, De \u00eenalt\u0103 calitate<\/td><td>Niciuna<\/td><\/tr><tr><td>DALL-E 2<\/td><td><a href=\"https:\/\/www.openai.com\/dall-e-2\" target=\"_blank\" rel=\"noopener\">openai.com<\/a><\/td><td>De \u00eenalt\u0103 calitate, creative<\/td><td>Utilizare gratuit\u0103 limitat\u0103<\/td><\/tr><tr><td>DeepArt<\/td><td><a href=\"https:\/\/deepart.io\" target=\"_blank\" rel=\"noopener\">deepart.io<\/a><\/td><td>Stiluri artistice, Imagini unice<\/td><td>Planuri pl\u0103tite<\/td><\/tr><tr><td>Artbreeder<\/td><td><a href=\"https:\/\/artbreeder.com\" target=\"_blank\" rel=\"noopener\">artbreeder.com<\/a><\/td><td>Colaborativ, personalizabil<\/td><td>Curba de \u00eenv\u0103\u021bare<\/td><\/tr><tr><td>NightCafe<\/td><td><a>nightcafe.studio<\/a><\/td><td>U\u0219or de utilizat, stiluri diverse<\/td><td>Unele caracteristici pl\u0103tite<\/td><\/tr><tr><td>Pist\u0103 ML<\/td><td><a href=\"https:\/\/runwayml.com\" target=\"_blank\" rel=\"noopener\">runwayml.com<\/a><\/td><td>Instrumente profesionale, versatile<\/td><td>Abonament necesar<\/td><\/tr><tr><td>Somnul mare<\/td><td><a href=\"https:\/\/bigsleep.dev\" target=\"_blank\" rel=\"noopener\">bigsleep.dev<\/a><\/td><td>Imagini realiste, Open Source<\/td><td>Necesit\u0103 cuno\u0219tin\u021be tehnice<\/td><\/tr><tr><td>PaintsChainer<\/td><td><a>paintschainer.preferred.tech<\/a><\/td><td>AI Colorare, u\u0219or de utilizat<\/td><td>Caracteristici limitate<\/td><\/tr><tr><td>Picas<\/td><td><a href=\"https:\/\/picas.tech\" target=\"_blank\" rel=\"noopener\">picas.tech<\/a><\/td><td>Filtre rapide, creative<\/td><td>Imagini filigranate<\/td><\/tr><tr><td>GauGAN<\/td><td><a href=\"https:\/\/nvidia.com\/research\/ai\/augan\" target=\"_blank\" rel=\"noopener\">nvidia.com<\/a><\/td><td>Peisaje realiste, de \u00eenalt\u0103 calitate<\/td><td>Necesit\u0103 GPU<\/td><\/tr><\/tbody><\/table><\/figure>\n\n\n\n<h3 class=\"wp-block-heading\">Avantaje, dezavantaje \u0219i provoc\u0103ri \u00een industria generatoarelor de imagini AI<\/h3>\n\n\n\n<h4 class=\"wp-block-heading\">Avantaje<\/h4>\n\n\n\n<ul class=\"wp-block-list\">\n<li class=\"\"><strong>Accesibilitate:<\/strong> Instrumente precum AI Art Free ofer\u0103 acces gratuit \u0219i nelimitat.<\/li>\n\n\n\n<li class=\"\"><strong>Creativitate:<\/strong> AI poate produce imagini unice \u0219i creative.<\/li>\n\n\n\n<li class=\"\"><strong>Eficien\u021b\u0103:<\/strong> Economise\u0219te timp \u00een generarea imaginilor.<\/li>\n<\/ul>\n\n\n\n<h4 class=\"wp-block-heading\">Contra<\/h4>\n\n\n\n<ul class=\"wp-block-list\">\n<li class=\"\"><strong>Variabilitatea calit\u0103\u021bii:<\/strong> Unele instrumente pot produce rezultate inconsecvente.<\/li>\n\n\n\n<li class=\"\"><strong>Curba de \u00eenv\u0103\u021bare:<\/strong> Necesit\u0103 o anumit\u0103 \u00een\u021belegere pentru a fi utilizat eficient.<\/li>\n\n\n\n<li class=\"\"><strong>Dependen\u021ba de sugestiile textului:<\/strong> Calitatea imaginilor depinde de calitatea descrierilor.<\/li>\n<\/ul>\n\n\n\n<h4 class=\"wp-block-heading\">Provoc\u0103ri<\/h4>\n\n\n\n<ul class=\"wp-block-list\">\n<li class=\"\"><strong>Preocup\u0103ri etice:<\/strong> Aspecte legate de drepturile de autor \u0219i originalitate.<\/li>\n\n\n\n<li class=\"\"><strong>Limit\u0103ri tehnice:<\/strong> Unele instrumente necesit\u0103 hardware avansat.<\/li>\n\n\n\n<li class=\"\"><strong>Saturarea pie\u021bei:<\/strong> Exist\u0103 multe instrumente disponibile, ceea ce face dificil\u0103 alegerea celui mai bun.<\/li>\n<\/ul>\n\n\n\n<h3 class=\"wp-block-heading\">\u00ceNTREB\u0102RI FRECVENTE<\/h3>\n\n\n\n<ol class=\"wp-block-list\">\n<li class=\"\"><strong>Aceast\u0103 imagine este generat\u0103 de AI?<\/strong>\n<ul class=\"wp-block-list\">\n<li class=\"\">Imaginile generate de inteligen\u021ba artificial\u0103 sunt create folosind algoritmi pe baza unor indica\u021bii text.<\/li>\n<\/ul>\n<\/li>\n\n\n\n<li class=\"\"><strong>Cum s\u0103 v\u0103 da\u021bi seama dac\u0103 o imagine este generat\u0103 de AI?<\/strong>\n<ul class=\"wp-block-list\">\n<li class=\"\">C\u0103uta\u021bi elemente unice, adesea suprarealiste \u0219i lipsa imperfec\u021biunilor \u00eent\u00e2lnite \u00een arta creat\u0103 de om.<\/li>\n<\/ul>\n<\/li>\n\n\n\n<li class=\"\"><strong>Cum s\u0103 genera\u021bi imagini AI?<\/strong>\n<ul class=\"wp-block-list\">\n<li class=\"\">Utiliza\u021bi instrumente precum <a href=\"https:\/\/aiartfree.online\/ro\/generator-de-imagini-ai\/\">AI Art Gratuit<\/a> prin introducerea prompturilor text.<\/li>\n<\/ul>\n<\/li>\n\n\n\n<li class=\"\"><strong>Cum s\u0103 genera\u021bi imagini cu ajutorul inteligen\u021bei artificiale?<\/strong>\n<ul class=\"wp-block-list\">\n<li class=\"\">Introduce\u021bi o descriere text \u0219i l\u0103sa\u021bi AI s\u0103 proceseze \u0219i s\u0103 creeze imaginea.<\/li>\n<\/ul>\n<\/li>\n\n\n\n<li class=\"\"><strong>Cum s\u0103 faci poze generate de inteligen\u021ba artificial\u0103?<\/strong>\n<ul class=\"wp-block-list\">\n<li class=\"\">Utiliza\u021bi generatoare de imagini AI pentru a converti descrierile text \u00een imagini.<\/li>\n<\/ul>\n<\/li>\n\n\n\n<li class=\"\"><strong>Care este cel mai bun generator de imagini AI?<\/strong>\n<ul class=\"wp-block-list\">\n<li class=\"\"><a href=\"https:\/\/aiartfree.online\/ro\/generator-de-imagini-ai\/\">AI Art Gratuit<\/a> este foarte recomandat pentru func\u021biile sale gratuite \u0219i nelimitate.<\/li>\n<\/ul>\n<\/li>\n\n\n\n<li class=\"\"><strong>Fotografiile generate de inteligen\u021ba artificial\u0103 pot fi utilizate \u00een scopuri comerciale?<\/strong>\n<ul class=\"wp-block-list\">\n<li class=\"\">Da, multe generatoare de imagini AI permit utilizarea comercial\u0103, dar verifica\u021bi condi\u021biile specifice ale instrumentului.<\/li>\n<\/ul>\n<\/li>\n\n\n\n<li class=\"\"><strong>Imaginile generate de AI sunt libere de drepturi de autor?<\/strong>\n<ul class=\"wp-block-list\">\n<li class=\"\">Adesea, da, dar verifica\u021bi cu instrumentul specific.<\/li>\n<\/ul>\n<\/li>\n\n\n\n<li class=\"\"><strong>Ce stiluri pot avea imaginile generate de AI?<\/strong>\n<ul class=\"wp-block-list\">\n<li class=\"\">AI poate genera diferite stiluri, de la realist la art\u0103 abstract\u0103.<\/li>\n<\/ul>\n<\/li>\n\n\n\n<li class=\"\"><strong>Cum \u00eembun\u0103t\u0103\u021bim imaginile generate de inteligen\u021ba artificial\u0103?<\/strong>\n<ul class=\"wp-block-list\">\n<li class=\"\">Utiliza\u021bi instrumente de editare foto pentru a rafina \u0219i \u00eembun\u0103t\u0103\u021bi imaginile.<\/li>\n<\/ul>\n<\/li>\n<\/ol>\n\n\n\n<h3 class=\"wp-block-heading\">Rezumat<\/h3>\n\n\n\n<p class=\"\">Generatoare de imagini AI precum <a href=\"https:\/\/aiartfree.online\/ro\/generator-de-imagini-ai\/\">AI Art Gratuit<\/a> ofer\u0103 100% solu\u021bii gratuite, nelimitate, de \u00eenalt\u0103 calitate \u0219i unice pentru crearea de imagini. Aceste instrumente se adreseaz\u0103 unei game largi de utilizatori, de la creatori de con\u021binut la marketeri, oferind o modalitate eficient\u0103 \u0219i creativ\u0103 de a genera imagini. \u00cembr\u0103\u021bi\u0219a\u021bi viitorul cre\u0103rii de imagini cu AI \u0219i transforma\u021bi-v\u0103 con\u021binutul vizual f\u0103r\u0103 efort.<\/p>\n\n\n\n<p class=\"\">Sunte\u021bi gata s\u0103 crea\u021bi imagini uimitoare? Vizita\u021bi <a href=\"https:\/\/aiartfree.online\/ro\/generator-de-imagini-ai\/\">AI Art Gratuit<\/a> \u0219i \u00eencepe\u021bi s\u0103 genera\u021bi ast\u0103zi!<\/p>\n\n\n\n<p class=\"\"><\/p>","protected":false},"excerpt":{"rendered":"<p>What our users made How to use the AI Picture Generator * Feel free to try our examples below if you don&#8217;t have any thoughts in your mind Prompt Examples *&nbsp;Depending on your internet speed, loading the model may take up to 10 seconds \u2193 AI Picture Generator: The Ultimate Guide Outline AI picture generators &#8230; <a title=\"AI Picture Generator\" class=\"read-more\" href=\"https:\/\/aiartfree.online\/ro\/generator-de-imagini-ai\/\" aria-label=\"Cite\u0219te mai multe despre AI Picture Generator\">Cite\u0219te mai mult<\/a><\/p>","protected":false},"author":1,"featured_media":3468,"parent":0,"menu_order":0,"comment_status":"open","ping_status":"closed","template":"","meta":{"nf_dc_page":"","footnotes":""},"class_list":["post-3444","page","type-page","status-publish","has-post-thumbnail"],"jetpack_sharing_enabled":true,"_links":{"self":[{"href":"https:\/\/aiartfree.online\/ro\/wp-json\/wp\/v2\/pages\/3444","targetHints":{"allow":["GET"]}}],"collection":[{"href":"https:\/\/aiartfree.online\/ro\/wp-json\/wp\/v2\/pages"}],"about":[{"href":"https:\/\/aiartfree.online\/ro\/wp-json\/wp\/v2\/types\/page"}],"author":[{"embeddable":true,"href":"https:\/\/aiartfree.online\/ro\/wp-json\/wp\/v2\/users\/1"}],"replies":[{"embeddable":true,"href":"https:\/\/aiartfree.online\/ro\/wp-json\/wp\/v2\/comments?post=3444"}],"version-history":[{"count":1,"href":"https:\/\/aiartfree.online\/ro\/wp-json\/wp\/v2\/pages\/3444\/revisions"}],"predecessor-version":[{"id":3594,"href":"https:\/\/aiartfree.online\/ro\/wp-json\/wp\/v2\/pages\/3444\/revisions\/3594"}],"wp:featuredmedia":[{"embeddable":true,"href":"https:\/\/aiartfree.online\/ro\/wp-json\/wp\/v2\/media\/3468"}],"wp:attachment":[{"href":"https:\/\/aiartfree.online\/ro\/wp-json\/wp\/v2\/media?parent=3444"}],"curies":[{"name":"wp","href":"https:\/\/api.w.org\/{rel}","templated":true}]}}