{"id":3438,"date":"2024-08-01T13:59:18","date_gmt":"2024-08-01T13:59:18","guid":{"rendered":"https:\/\/aiartfree.online\/?page_id=3438"},"modified":"2025-03-07T08:24:31","modified_gmt":"2025-03-07T08:24:31","slug":"3d-modeling","status":"publish","type":"page","link":"https:\/\/aiartfree.online\/ro\/modelare-3d\/","title":{"rendered":"Modelare 3D"},"content":{"rendered":"<h2 class=\"wp-block-heading has-text-align-center\">Exemple 3D<\/h2>\n\n\n\n<figure class=\"gb-block-image gb-block-image-1822da1f\"><img data-recalc-dims=\"1\" decoding=\"async\" loading=\"lazy\" width=\"526\" height=\"348\" class=\"gb-image gb-image-1822da1f\" src=\"https:\/\/i0.wp.com\/aiartfree.online\/wp-content\/uploads\/2024\/08\/WX20240801-174714%402x-jpg.webp?resize=526%2C348&#038;ssl=1\" alt=\"Explora\u021bi ghidul final pentru modelarea 3D cu instrumentul nostru online gratuit. \u00cenv\u0103\u021ba\u021bi tehnici, sfaturi \u0219i \u00eencepe\u021bi f\u0103r\u0103 a fi necesar\u0103 \u00eenscrierea! Creator online de modele 3D.\" title=\"WX20240801-174714@2x\" srcset=\"https:\/\/i0.wp.com\/aiartfree.online\/wp-content\/uploads\/2024\/08\/WX20240801-174714%402x-jpg.webp?w=526&amp;ssl=1 526w, https:\/\/i0.wp.com\/aiartfree.online\/wp-content\/uploads\/2024\/08\/WX20240801-174714%402x-jpg.webp?resize=300%2C198&amp;ssl=1 300w, https:\/\/i0.wp.com\/aiartfree.online\/wp-content\/uploads\/2024\/08\/WX20240801-174714%402x-jpg.webp?resize=18%2C12&amp;ssl=1 18w\" sizes=\"auto, (max-width: 526px) 100vw, 526px\" \/><\/figure>\n\n\n\n<h2 class=\"wp-block-heading\">Cum s\u0103 utiliza\u021bi modelarea 3D<\/h2>\n\n\n\n<ol class=\"wp-block-list\">\n<li class=\"\">\u00cenc\u0103rca\u021bi imaginea dvs.<\/li>\n\n\n\n<li class=\"\">Face\u021bi clic pe \"Generare\"<\/li>\n\n\n\n<li class=\"\">Stai, asta este!<\/li>\n<\/ol>\n\n\n\n<figure class=\"gb-block-image gb-block-image-4dfafe81\"><a href=\"https:\/\/fas.st\/t\/XmtmoHSk\" target=\"_blank\" rel=\"noopener noreferrer\"><img data-recalc-dims=\"1\" decoding=\"async\" loading=\"lazy\" width=\"1200\" height=\"368\" class=\"gb-image gb-image-4dfafe81\" src=\"https:\/\/i0.wp.com\/aiartfree.online\/wp-content\/uploads\/2025\/03\/WX20250307-114300%402x.webp?resize=1200%2C368&#038;ssl=1\" alt=\"\" title=\"WX20250307-114300@2x\" srcset=\"https:\/\/i0.wp.com\/aiartfree.online\/wp-content\/uploads\/2025\/03\/WX20250307-114300%402x.webp?w=1900&amp;ssl=1 1900w, https:\/\/i0.wp.com\/aiartfree.online\/wp-content\/uploads\/2025\/03\/WX20250307-114300%402x.webp?resize=300%2C92&amp;ssl=1 300w, https:\/\/i0.wp.com\/aiartfree.online\/wp-content\/uploads\/2025\/03\/WX20250307-114300%402x.webp?resize=1024%2C314&amp;ssl=1 1024w, https:\/\/i0.wp.com\/aiartfree.online\/wp-content\/uploads\/2025\/03\/WX20250307-114300%402x.webp?resize=768%2C235&amp;ssl=1 768w, https:\/\/i0.wp.com\/aiartfree.online\/wp-content\/uploads\/2025\/03\/WX20250307-114300%402x.webp?resize=1536%2C471&amp;ssl=1 1536w, https:\/\/i0.wp.com\/aiartfree.online\/wp-content\/uploads\/2025\/03\/WX20250307-114300%402x.webp?resize=18%2C6&amp;ssl=1 18w, https:\/\/i0.wp.com\/aiartfree.online\/wp-content\/uploads\/2025\/03\/WX20250307-114300%402x.webp?resize=600%2C184&amp;ssl=1 600w\" sizes=\"auto, (max-width: 1200px) 100vw, 1200px\" \/><\/a><\/figure>\n\n\n\n<p class=\"\"><em>* \u00cen func\u021bie de viteza internetului dvs., \u00eenc\u0103rcarea modelului poate dura <\/em>p\u00e2n\u0103 la 10 secunde \u2193<\/p>\n\n\n\n<div class=\"iframe-wrapper\" style=\"position: relative; width: 100%; height: 1250px;\">\n  <div class=\"loading\" style=\"position: absolute; top: 50px; left: 50%; transform: translate(-50%, -50%); width: 40px; height: 40px; border: 3px solid #f0f0f0; border-top: 3px solid #db7093; border-radius: 50%; animation: spin 1s linear infinite;\"><\/div>\n  <iframe loading=\"lazy\" src=\"https:\/\/stabilityai-triposr.hf.space\" frameborder=\"0\" width=\"100%\" height=\"100%\" style=\"position: absolute; top: 0; left: 0; opacity: 0; transition: opacity 0.3s;\" onload=\"this.style.opacity=1;this.previousElementSibling.style.display='none';\"><\/iframe>\n<\/div>\n\n<style>\n@keyframes spin {\n  0% { transform: translate(-50%, -50%) rotate(0deg); }\n  100% { transform: translate(-50%, -50%) rotate(360deg); }\n}\n<\/style>\n\n\n\n<div style=\"height:60px\" aria-hidden=\"true\" class=\"wp-block-spacer\"><\/div>\n\n\n\n<h2 class=\"wp-block-heading\">\u00cen\u021belegerea model\u0103rii 3D: Un ghid cuprinz\u0103tor<\/h2>\n\n\n\n<figure class=\"wp-block-image size-large is-resized\"><img data-recalc-dims=\"1\" data-dominant-color=\"a2a2a3\" data-has-transparency=\"false\" decoding=\"async\" width=\"1024\" height=\"795\"   loading=\"lazy\" src=\"https:\/\/i0.wp.com\/aiartfree.online\/wp-content\/uploads\/2024\/08\/WX20240801-174207%402x-1024x795.webp?resize=1024%2C795&#038;ssl=1\" alt=\"Explora\u021bi ghidul final pentru modelarea 3D cu instrumentul nostru online gratuit. \u00cenv\u0103\u021ba\u021bi tehnici, sfaturi \u0219i \u00eencepe\u021bi f\u0103r\u0103 a fi necesar\u0103 \u00eenscrierea! Creator online de modele 3D.\" class=\"wp-image-3446 not-transparent\" style=\"--dominant-color: #a2a2a3; width:480px;height:auto\" srcset=\"https:\/\/i0.wp.com\/aiartfree.online\/wp-content\/uploads\/2024\/08\/WX20240801-174207%402x-jpg.webp?resize=1024%2C795&amp;ssl=1 1024w, https:\/\/i0.wp.com\/aiartfree.online\/wp-content\/uploads\/2024\/08\/WX20240801-174207%402x-jpg.webp?resize=300%2C233&amp;ssl=1 300w, https:\/\/i0.wp.com\/aiartfree.online\/wp-content\/uploads\/2024\/08\/WX20240801-174207%402x-jpg.webp?resize=768%2C596&amp;ssl=1 768w, https:\/\/i0.wp.com\/aiartfree.online\/wp-content\/uploads\/2024\/08\/WX20240801-174207%402x-jpg.webp?resize=1536%2C1192&amp;ssl=1 1536w, https:\/\/i0.wp.com\/aiartfree.online\/wp-content\/uploads\/2024\/08\/WX20240801-174207%402x-jpg.webp?resize=15%2C12&amp;ssl=1 15w, https:\/\/i0.wp.com\/aiartfree.online\/wp-content\/uploads\/2024\/08\/WX20240801-174207%402x-jpg.webp?resize=600%2C466&amp;ssl=1 600w, https:\/\/i0.wp.com\/aiartfree.online\/wp-content\/uploads\/2024\/08\/WX20240801-174207%402x-jpg.webp?w=1680&amp;ssl=1 1680w\" sizes=\"auto, (max-width: 1024px) 100vw, 1024px\" \/><\/figure>\n\n\n\n<h3 class=\"wp-block-heading\">Tabla de con\u021binut<\/h3>\n\n\n\n<ul class=\"wp-block-list\">\n<li class=\"\"><a href=\"#what-is-3d-modeling\">Ce este modelarea 3D?<\/a><\/li>\n\n\n\n<li class=\"\"><a href=\"#why-use-3d-modeling\">De ce s\u0103 folosi\u021bi modelarea 3D?<\/a><\/li>\n\n\n\n<li class=\"\"><a href=\"#main-features-of-3d-modeling\">Principalele caracteristici ale model\u0103rii 3D<\/a><\/li>\n\n\n\n<li class=\"\"><a href=\"#target-audience-and-uses\">Public \u021bint\u0103 \u0219i utiliz\u0103ri<\/a><\/li>\n\n\n\n<li class=\"\"><a href=\"#industries-and-applications\">Industrii \u0219i aplica\u021bii<\/a><\/li>\n\n\n\n<li class=\"\"><a href=\"#how-to-use-3d-modeling\">Cum s\u0103 utiliza\u021bi modelarea 3D<\/a><\/li>\n\n\n\n<li class=\"\"><a href=\"#use-cases-of-3d-modeling\">Cazuri de utilizare a model\u0103rii 3D<\/a><\/li>\n\n\n\n<li class=\"\"><a href=\"#comparison-of-3d-modeling-tools\">Compara\u021bie \u00eentre instrumentele de modelare 3D<\/a><\/li>\n\n\n\n<li class=\"\"><a href=\"#pros-and-cons-of-3d-modeling\">Avantaje \u0219i dezavantaje ale model\u0103rii 3D<\/a><\/li>\n\n\n\n<li class=\"\"><a href=\"#frequently-asked-questions-faq\">\u00centreb\u0103ri frecvente (FAQ)<\/a><\/li>\n\n\n\n<li class=\"\"><a href=\"#summary\">Rezumat<\/a><\/li>\n<\/ul>\n\n\n\n<h3 class=\"wp-block-heading\">Ce este modelarea 3D?<\/h3>\n\n\n\n<p class=\"\">Modelarea 3D este procesul de creare a unei reprezent\u0103ri tridimensionale a oric\u0103rui obiect sau suprafa\u021b\u0103. Utiliz\u00e2nd software specializat, proiectan\u021bii manipuleaz\u0103 puncte din spa\u021biul virtual (v\u00e2rfuri) pentru a forma o plas\u0103, o colec\u021bie de v\u00e2rfuri care formeaz\u0103 un obiect.<\/p>\n\n\n\n<h3 class=\"wp-block-heading\">De ce s\u0103 folosi\u021bi modelarea 3D?<\/h3>\n\n\n\n<p class=\"\">Modelarea 3D ofer\u0103 mai multe avantaje semnificative:<\/p>\n\n\n\n<ol class=\"wp-block-list\">\n<li class=\"\"><strong>Realism \u0219i vizualizare<\/strong>: Ofer\u0103 o vizualizare realist\u0103 a obiectelor, ceea ce este esen\u021bial pentru industrii precum arhitectura, jocurile \u0219i filmele.<\/li>\n\n\n\n<li class=\"\"><strong>Design de precizie<\/strong>: Permite proiectarea detaliat\u0103 \u0219i precis\u0103, esen\u021bial\u0103 pentru inginerie \u0219i produc\u021bie.<\/li>\n\n\n\n<li class=\"\"><strong>Flexibilitate<\/strong>: Modelele pot fi modificate cu u\u0219urin\u021b\u0103, economisind timp \u0219i resurse.<\/li>\n\n\n\n<li class=\"\"><strong>Creativitate sporit\u0103<\/strong>: Ofer\u0103 posibilit\u0103\u021bi nelimitate de exprimare creativ\u0103 \u00een art\u0103 \u0219i design.<\/li>\n<\/ol>\n\n\n\n<h3 class=\"wp-block-heading\">Principalele caracteristici ale model\u0103rii 3D<\/h3>\n\n\n\n<h4 class=\"wp-block-heading\">Creator de modele 3D<\/h4>\n\n\n\n<p class=\"\">Un instrument care permite utilizatorilor s\u0103 creeze modele 3D de la zero sau prin modificarea celor existente.<\/p>\n\n\n\n<h4 class=\"wp-block-heading\">Model 3D Gratuit<\/h4>\n\n\n\n<p class=\"\">Acces la o varietate de modele 3D gratuite pentru \u00eenv\u0103\u021bare, practic\u0103 sau \u00eencorporare \u00een proiecte.<\/p>\n\n\n\n<h4 class=\"wp-block-heading\">CAD online gratuit<\/h4>\n\n\n\n<p class=\"\">Instrumentele de proiectare asistat\u0103 de calculator sunt disponibile online gratuit, f\u0103c\u00e2nd modelarea 3D accesibil\u0103 tuturor.<\/p>\n\n\n\n<h4 class=\"wp-block-heading\">3D Maker<\/h4>\n\n\n\n<p class=\"\">Software sau instrumente care simplific\u0103 procesul de creare a modelelor 3D detaliate \u0219i complexe.<\/p>\n\n\n\n<h4 class=\"wp-block-heading\">Software de design 3D gratuit<\/h4>\n\n\n\n<p class=\"\">Sunt disponibile diverse op\u021biuni de software gratuit pentru modelare 3D, pentru diferite niveluri de expertiz\u0103.<\/p>\n\n\n\n<h4 class=\"wp-block-heading\">Modelare poligonal\u0103<\/h4>\n\n\n\n<p class=\"\">O metod\u0103 comun\u0103 de modelare 3D \u00een care modelele sunt create prin conectarea v\u00e2rfurilor pentru a forma poligoane, de obicei triunghiuri sau p\u0103trate.<\/p>\n\n\n\n<h4 class=\"wp-block-heading\">Aplica\u021bii din lumea real\u0103<\/h4>\n\n\n\n<p class=\"\">Utilizat \u00een numeroase domenii, cum ar fi arhitectura, ingineria, filmul \u0219i jocurile pentru reprezent\u0103ri \u0219i simul\u0103ri realiste.<\/p>\n\n\n\n<h4 class=\"wp-block-heading\">Rendering 3D<\/h4>\n\n\n\n<p class=\"\">Procesul de conversie a modelelor 3D \u00een imagini 2D cu iluminare, texturi \u0219i nuan\u021be realiste.<\/p>\n\n\n\n<h4 class=\"wp-block-heading\">Efecte vizuale<\/h4>\n\n\n\n<p class=\"\">\u00cencorporeaz\u0103 modele 3D \u00een filme, emisiuni TV \u0219i jocuri pentru a crea efecte vizuale uimitoare.<\/p>\n\n\n\n<h4 class=\"wp-block-heading\">Artist 3D<\/h4>\n\n\n\n<p class=\"\">Profesioni\u0219ti califica\u021bi \u00een crearea de modele 3D detaliate \u0219i de \u00eenalt\u0103 calitate pentru diverse industrii.<\/p>\n\n\n\n<h4 class=\"wp-block-heading\">Instrumente puternice<\/h4>\n\n\n\n<p class=\"\">Instrumente software avansate care ofer\u0103 o gam\u0103 larg\u0103 de func\u021bionalit\u0103\u021bi pentru crearea, modificarea \u0219i redarea modelelor 3D.<\/p>\n\n\n\n<h4 class=\"wp-block-heading\">De \u00eenalt\u0103 calitate<\/h4>\n\n\n\n<p class=\"\">Producerea de modele 3D detaliate \u0219i precise, potrivite pentru uz profesional.<\/p>\n\n\n\n<h4 class=\"wp-block-heading\">Imprimare 3D<\/h4>\n\n\n\n<p class=\"\">Transpunerea modelelor 3D \u00een obiecte fizice cu ajutorul imprimantelor 3D.<\/p>\n\n\n\n<h4 class=\"wp-block-heading\">Timp real<\/h4>\n\n\n\n<p class=\"\">Software care permite redarea \u0219i manipularea \u00een timp real a modelelor 3D, facilit\u00e2nd procesele dinamice de proiectare.<\/p>\n\n\n\n<h4 class=\"wp-block-heading\">Modele detaliate<\/h4>\n\n\n\n<p class=\"\">Crearea de modele 3D complexe \u0219i precise, cu un nivel ridicat de detalii.<\/p>\n\n\n\n<h4 class=\"wp-block-heading\">Crearea de modele 3D<\/h4>\n\n\n\n<p class=\"\">\u00centregul proces de conceptualizare, proiectare \u0219i finalizare a modelelor 3D.<\/p>\n\n\n\n<h3 class=\"wp-block-heading\">Public \u021bint\u0103 \u0219i utiliz\u0103ri<\/h3>\n\n\n\n<p class=\"\">Modelarea 3D este benefic\u0103 pentru:<\/p>\n\n\n\n<ul class=\"wp-block-list\">\n<li class=\"\"><strong>Designeri \u0219i arti\u0219ti<\/strong>: Pentru crearea de art\u0103 vizual\u0103, anima\u021bii \u0219i efecte speciale.<\/li>\n\n\n\n<li class=\"\"><strong>Ingineri \u0219i arhitec\u021bi<\/strong>: Pentru proiectarea \u0219i vizualizarea structurilor \u0219i utilajelor.<\/li>\n\n\n\n<li class=\"\"><strong>Dezvoltatori de jocuri<\/strong>: Pentru crearea de personaje, medii \u0219i active.<\/li>\n\n\n\n<li class=\"\"><strong>Educatori \u0219i studen\u021bi<\/strong>: Pentru predarea \u0219i \u00eenv\u0103\u021barea despre modelarea 3D \u0219i aplica\u021biile sale.<\/li>\n<\/ul>\n\n\n\n<h3 class=\"wp-block-heading\">Industrii \u0219i aplica\u021bii<\/h3>\n\n\n\n<p class=\"\">Modelarea 3D este utilizat\u0103 pe scar\u0103 larg\u0103 \u00een:<\/p>\n\n\n\n<ul class=\"wp-block-list\">\n<li class=\"\"><strong>Arhitectur\u0103<\/strong>: Proiectarea \u0219i vizualizarea cl\u0103dirilor \u0219i interioarelor.<\/li>\n\n\n\n<li class=\"\"><strong>Film \u0219i anima\u021bie<\/strong>: Crearea efectelor vizuale \u0219i a personajelor animate.<\/li>\n\n\n\n<li class=\"\"><strong>Jocuri de noroc<\/strong>: Dezvoltarea de personaje, medii \u0219i resurse.<\/li>\n\n\n\n<li class=\"\"><strong>Produc\u021bie<\/strong>: Proiectarea \u0219i prototiparea produselor.<\/li>\n\n\n\n<li class=\"\"><strong>Medicale<\/strong>: Crearea de modele anatomice \u0219i simul\u0103ri.<\/li>\n\n\n\n<li class=\"\"><strong>Educa\u021bie<\/strong>: Predarea conceptelor prin modele 3D interactive.<\/li>\n<\/ul>\n\n\n\n<h3 class=\"wp-block-heading\">Cum s\u0103 utiliza\u021bi modelarea 3D<\/h3>\n\n\n\n<h4 class=\"wp-block-heading\">Instruc\u021biuni pas cu pas<\/h4>\n\n\n\n<ol class=\"wp-block-list\">\n<li class=\"\"><strong>Alege\u021bi software-ul<\/strong>: Selecta\u021bi un software de modelare 3D care se potrive\u0219te nevoilor dumneavoastr\u0103 (de exemplu, Blender, Tinkercad).<\/li>\n\n\n\n<li class=\"\"><strong>\u00cenv\u0103\u021ba\u021bi elementele de baz\u0103<\/strong>: \u00cen\u021belegerea func\u021biilor \u0219i instrumentelor de baz\u0103 ale software-ului.<\/li>\n\n\n\n<li class=\"\"><strong>\u00cencepe\u021bi cu un concept<\/strong>: Schi\u021ba\u021bi-v\u0103 ideea pe h\u00e2rtie sau crea\u021bi un design 2D simplu.<\/li>\n\n\n\n<li class=\"\"><strong>Crea\u021bi o plas\u0103<\/strong>: Utiliza\u021bi v\u00e2rfuri, muchii \u0219i fe\u021be pentru a construi structura modelului dumneavoastr\u0103.<\/li>\n\n\n\n<li class=\"\"><strong>Rafinare detalii<\/strong>: Ad\u0103uga\u021bi detalii \u0219i texturi mai fine modelului dvs.<\/li>\n\n\n\n<li class=\"\"><strong>Aplicarea materialelor \u0219i a iluminatului<\/strong>: Spori\u021bi realismul prin ad\u0103ugarea de materiale \u0219i efecte de iluminare.<\/li>\n\n\n\n<li class=\"\"><strong>Renderizarea modelului<\/strong>: Converti\u021bi modelul dvs. 3D \u00eentr-o imagine 2D sau video.<\/li>\n\n\n\n<li class=\"\"><strong>Export\/imprimare<\/strong>: Exporta\u021bi modelul \u00een formatul dorit sau imprima\u021bi-l utiliz\u00e2nd o imprimant\u0103 3D.<\/li>\n<\/ol>\n\n\n\n<h3 class=\"wp-block-heading\">Cazuri de utilizare a model\u0103rii 3D<\/h3>\n\n\n\n<h4 class=\"wp-block-heading\">Vizualizare arhitectural\u0103<\/h4>\n\n\n\n<p class=\"\">Crearea de reprezent\u0103ri realiste ale cl\u0103dirilor \u0219i interioarelor.<\/p>\n\n\n\n<h4 class=\"wp-block-heading\">Design de caractere<\/h4>\n\n\n\n<p class=\"\">Dezvoltarea de personaje pentru jocuri \u0219i anima\u021bii.<\/p>\n\n\n\n<h4 class=\"wp-block-heading\">Prototiparea produselor<\/h4>\n\n\n\n<p class=\"\">Proiectarea \u0219i testarea produselor noi \u00eenainte de fabrica\u021bie.<\/p>\n\n\n\n<h4 class=\"wp-block-heading\">Simul\u0103ri medicale<\/h4>\n\n\n\n<p class=\"\">Crearea de modele anatomice detaliate \u00een scopuri educa\u021bionale.<\/p>\n\n\n\n<h4 class=\"wp-block-heading\">Efecte vizuale<\/h4>\n\n\n\n<p class=\"\">Integrarea modelelor 3D \u00een filme \u0219i emisiuni TV pentru a crea efecte uimitoare.<\/p>\n\n\n\n<h3 class=\"wp-block-heading\">Compara\u021bie \u00eentre instrumentele de modelare 3D<\/h3>\n\n\n\n<figure class=\"wp-block-table\"><table class=\"has-fixed-layout\"><thead><tr><th>Instrument\/Site web<\/th><th>Avantaje<\/th><th>Dezavantaje<\/th><th>Site web<\/th><\/tr><\/thead><tbody><tr><td>Blender<\/td><td>100% Gratuit, instrumente puternice, suport comunitar extins<\/td><td>Curb\u0103 de \u00eenv\u0103\u021bare abrupt\u0103 pentru \u00eencep\u0103tori<\/td><td><a href=\"https:\/\/www.blender.org\" target=\"_blank\" rel=\"noopener\">Blender<\/a><\/td><\/tr><tr><td>Tinkercad<\/td><td>U\u0219or de utilizat, CAD online gratuit, excelent pentru \u00eencep\u0103tori<\/td><td>Func\u021bii avansate limitate<\/td><td><a href=\"https:\/\/www.tinkercad.com\" target=\"_blank\" rel=\"noopener\">Tinkercad<\/a><\/td><\/tr><tr><td>SketchUp<\/td><td>Versiune gratuit\u0103 disponibil\u0103, interfa\u021b\u0103 intuitiv\u0103<\/td><td>Caracteristici limitate \u00een versiunea gratuit\u0103<\/td><td><a href=\"https:\/\/www.sketchup.com\" target=\"_blank\" rel=\"noopener\">SketchUp<\/a><\/td><\/tr><tr><td>Fusion 360<\/td><td>Instrumente complete, gratuite pentru studen\u021bi \u0219i educatori<\/td><td>Necesit\u0103 un computer puternic<\/td><td><a href=\"https:\/\/www.autodesk.com\/products\/fusion-360\/overview\" target=\"_blank\" rel=\"noopener\">Fusion 360<\/a><\/td><\/tr><tr><td>ZBrush<\/td><td>Standard industrial pentru modelare detaliat\u0103, instrumente puternice<\/td><td>Scumpe<\/td><td><a href=\"https:\/\/pixologic.com\/zbrush\/\" target=\"_blank\" rel=\"noopener\">ZBrush<\/a><\/td><\/tr><tr><td>FreeCAD<\/td><td>Open-source, CAD online gratuit<\/td><td>Mai pu\u021bin u\u0219or de utilizat dec\u00e2t alte instrumente<\/td><td><a href=\"https:\/\/www.freecadweb.org\" target=\"_blank\" rel=\"noopener\">FreeCAD<\/a><\/td><\/tr><tr><td>Sculptris<\/td><td>Gratuit, excelent pentru sculptur\u0103<\/td><td>Caracteristici limitate comparativ cu ZBrush<\/td><td><a href=\"https:\/\/pixologic.com\/sculptris\/\" target=\"_blank\" rel=\"noopener\">Sculptris<\/a><\/td><\/tr><tr><td>Autodesk Maya<\/td><td>Standard industrial pentru anima\u021bie, instrumente puternice<\/td><td>Scump, curb\u0103 de \u00eenv\u0103\u021bare abrupt\u0103<\/td><td><a href=\"https:\/\/www.autodesk.com\/products\/maya\/overview\" target=\"_blank\" rel=\"noopener\">Autodesk Maya<\/a><\/td><\/tr><tr><td>Cinema 4D<\/td><td>Excelent pentru grafica de mi\u0219care, u\u0219or de utilizat<\/td><td>Scumpe<\/td><td><a href=\"https:\/\/www.maxon.net\/en\/cinema-4d\" target=\"_blank\" rel=\"noopener\">Cinema 4D<\/a><\/td><\/tr><tr><td>Onshape<\/td><td>Proiectare colaborativ\u0103, bazat\u0103 pe cloud<\/td><td>Versiune gratuit\u0103 limitat\u0103<\/td><td><a href=\"https:\/\/www.onshape.com\" target=\"_blank\" rel=\"noopener\">Onshape<\/a><\/td><\/tr><\/tbody><\/table><\/figure>\n\n\n\n<h3 class=\"wp-block-heading\">Avantaje \u0219i dezavantaje ale model\u0103rii 3D<\/h3>\n\n\n\n<h4 class=\"wp-block-heading\">Avantaje<\/h4>\n\n\n\n<ul class=\"wp-block-list\">\n<li class=\"\"><strong>Creativitate sporit\u0103<\/strong>: Permite exprimarea creativ\u0103 f\u0103r\u0103 limite.<\/li>\n\n\n\n<li class=\"\"><strong>Precizie \u0219i acurate\u021be<\/strong>: Esen\u021bial pentru proiectele de inginerie \u0219i arhitectur\u0103.<\/li>\n\n\n\n<li class=\"\"><strong>Versatilitate<\/strong>: Aplicabil \u00een diverse industrii \u0219i domenii.<\/li>\n\n\n\n<li class=\"\"><strong>Realism<\/strong>: Produce vizualiz\u0103ri extrem de realiste.<\/li>\n<\/ul>\n\n\n\n<h4 class=\"wp-block-heading\">Contra<\/h4>\n\n\n\n<ul class=\"wp-block-list\">\n<li class=\"\"><strong>Curb\u0103 de \u00eenv\u0103\u021bare abrupt\u0103<\/strong>: Poate fi dificil de st\u0103p\u00e2nit pentru \u00eencep\u0103tori.<\/li>\n\n\n\n<li class=\"\"><strong>Consum intensiv de resurse<\/strong>: Necesit\u0103 hardware \u0219i software puternice.<\/li>\n\n\n\n<li class=\"\"><strong>Consumatoare de timp<\/strong>: Crearea de modele detaliate poate necesita mult timp.<\/li>\n\n\n\n<li class=\"\"><strong>Costuri<\/strong>: Software-ul de \u00eenalt\u0103 calitate poate fi costisitor.<\/li>\n<\/ul>\n\n\n\n<h3 class=\"wp-block-heading\">\u00centreb\u0103ri frecvente (FAQ)<\/h3>\n\n\n\n<ol class=\"wp-block-list\">\n<li class=\"\"><strong>Cum se face un model 3D personalizat pentru pista mk7?<\/strong><\/li>\n<\/ol>\n\n\n\n<ul class=\"wp-block-list\">\n<li class=\"\">Utiliza\u021bi programe precum Blender sau Tinkercad pentru a proiecta calea ferat\u0103. \u00cencepe\u021bi cu un plan de baz\u0103 \u0219i ad\u0103uga\u021bi detalii treptat.<\/li>\n<\/ul>\n\n\n\n<ol class=\"wp-block-list\">\n<li class=\"\"><strong>Adobe Animate poate realiza modele 3D?<\/strong><\/li>\n<\/ol>\n\n\n\n<ul class=\"wp-block-list\">\n<li class=\"\">Adobe Animate este \u00een primul r\u00e2nd un instrument de anima\u021bie 2D. Pentru modelarea 3D, instrumente precum Blender sau Maya sunt mai potrivite.<\/li>\n<\/ul>\n\n\n\n<ol class=\"wp-block-list\">\n<li class=\"\"><strong>Modelele 3D sunt livrate \u0219i cu aranjamente faciale?<\/strong><\/li>\n<\/ol>\n\n\n\n<ul class=\"wp-block-list\">\n<li class=\"\">Unele modele 3D, \u00een special cele utilizate \u00een proiectarea personajelor, includ manipul\u0103ri ale fe\u021bei. Verifica\u021bi specifica\u021biile modelului \u00eenainte de cump\u0103rare sau desc\u0103rcare.<\/li>\n<\/ul>\n\n\n\n<ol class=\"wp-block-list\">\n<li class=\"\"><strong>Cum s\u0103 prinde\u021bi lipiciul pentru modelul \u00eemp\u0103r\u021bit 3D?<\/strong><\/li>\n<\/ol>\n\n\n\n<ul class=\"wp-block-list\">\n<li class=\"\">Folosi\u021bi cleme pentru a \u021bine bine piesele \u00eempreun\u0103. Aplica\u021bi lipici pe suprafe\u021bele despicate \u0219i prinde\u021bi p\u00e2n\u0103 c\u00e2nd lipiciul se usuc\u0103 complet.<\/li>\n<\/ul>\n\n\n\n<ol class=\"wp-block-list\">\n<li class=\"\"><strong>Cum s\u0103 creez un model 3D al meu?<\/strong><\/li>\n<\/ol>\n\n\n\n<ul class=\"wp-block-list\">\n<li class=\"\">Utiliza\u021bi un software de fotogrammetrie pentru a v\u0103 surprinde asem\u0103narea. Face\u021bi mai multe fotografii din unghiuri diferite \u0219i folosi\u021bi software-ul pentru a genera un model 3D.<\/li>\n<\/ul>\n\n\n\n<ol class=\"wp-block-list\">\n<li class=\"\"><strong>Care este cel mai bun software pentru \u00eencep\u0103tori \u00een modelarea 3D?<\/strong><\/li>\n<\/ol>\n\n\n\n<ul class=\"wp-block-list\">\n<li class=\"\">Tinkercad \u0219i SketchUp sunt foarte recomandate pentru \u00eencep\u0103tori datorit\u0103 interfe\u021belor lor u\u0219or de utilizat.<\/li>\n<\/ul>\n\n\n\n<ol class=\"wp-block-list\">\n<li class=\"\"><strong>\u00cemi pot imprima modelele 3D?<\/strong><\/li>\n<\/ol>\n\n\n\n<ul class=\"wp-block-list\">\n<li class=\"\">Da, odat\u0103 ce modelul dvs. este complet, exporta\u021bi-l \u00eentr-un format de tip\u0103rire 3D, cum ar fi STL, \u0219i utiliza\u021bi o imprimant\u0103 3D.<\/li>\n<\/ul>\n\n\n\n<ol class=\"wp-block-list\">\n<li class=\"\"><strong>Cum adaug texturi la modelele mele 3D?<\/strong><\/li>\n<\/ol>\n\n\n\n<ul class=\"wp-block-list\">\n<li class=\"\">Utiliza\u021bi instrumentele de vopsire a texturilor disponibile \u00een programul dvs. de modelare 3D pentru a aplica texturi modelelor dvs.<\/li>\n<\/ul>\n\n\n\n<ol class=\"wp-block-list\">\n<li class=\"\">**Ce formate de fi\u0219iere sunt utilizate pentru modelele 3D?**<\/li>\n<\/ol>\n\n\n\n<ul class=\"wp-block-list\">\n<li class=\"\">Formatele de fi\u0219iere comune includ STL, OBJ \u0219i FBX.<\/li>\n<\/ul>\n\n\n\n<ol class=\"wp-block-list\">\n<li class=\"\"><strong>Cum \u00eemi pot anima modelele 3D?<\/strong>\n<ul class=\"wp-block-list\">\n<li class=\"\">Folosi\u021bi programe precum Blender sau Maya, care ofer\u0103 instrumente complete pentru rigging \u0219i animarea modelelor 3D.<\/li>\n<\/ul>\n<\/li>\n<\/ol>\n\n\n\n<h3 class=\"wp-block-heading\">Rezumat<\/h3>\n\n\n\n<p class=\"\">Modelarea 3D este un instrument versatil \u0219i puternic utilizat \u00een diverse industrii pentru a crea reprezent\u0103ri detaliate \u0219i realiste ale obiectelor \u0219i mediilor. Fie pentru art\u0103, inginerie, jocuri sau educa\u021bie, modelarea 3D spore\u0219te creativitatea, precizia \u0219i eficien\u021ba. Pentru a \u00eencepe, explora\u021bi instrumente precum <a href=\"https:\/\/aiartfree.online\/ro\/modelare-3d\/\">https:\/\/aiartfree.online\/3d-modeling<\/a>, care ofer\u0103 o platform\u0103 complet\u0103 de modelare 3D.<\/p>\n\n\n\n<p class=\"\">Intra\u021bi ast\u0103zi \u00een lumea model\u0103rii 3D cu instrumentele \u0219i resursele noastre recomandate. Crea\u021bi, inova\u021bi \u0219i aduce\u021bi-v\u0103 ideile la via\u021b\u0103!<\/p>\n\n\n\n<p class=\"\"><\/p>","protected":false},"excerpt":{"rendered":"<p>3D Examples How to use the 3D Modeling *&nbsp;Depending on your internet speed, loading the model may take up to 10 seconds \u2193 Understanding 3D Modeling: A Comprehensive Guide Table of Contents What is 3D Modeling? 3D modeling is the process of creating a three-dimensional representation of any object or surface. Using specialized software, designers &#8230; <a title=\"Modelare 3D\" class=\"read-more\" href=\"https:\/\/aiartfree.online\/ro\/modelare-3d\/\" aria-label=\"Cite\u0219te mai multe despre 3D Modeling\">Cite\u0219te mai mult<\/a><\/p>","protected":false},"author":1,"featured_media":3447,"parent":0,"menu_order":0,"comment_status":"open","ping_status":"closed","template":"","meta":{"nf_dc_page":"","footnotes":""},"class_list":["post-3438","page","type-page","status-publish","has-post-thumbnail"],"jetpack_sharing_enabled":true,"_links":{"self":[{"href":"https:\/\/aiartfree.online\/ro\/wp-json\/wp\/v2\/pages\/3438","targetHints":{"allow":["GET"]}}],"collection":[{"href":"https:\/\/aiartfree.online\/ro\/wp-json\/wp\/v2\/pages"}],"about":[{"href":"https:\/\/aiartfree.online\/ro\/wp-json\/wp\/v2\/types\/page"}],"author":[{"embeddable":true,"href":"https:\/\/aiartfree.online\/ro\/wp-json\/wp\/v2\/users\/1"}],"replies":[{"embeddable":true,"href":"https:\/\/aiartfree.online\/ro\/wp-json\/wp\/v2\/comments?post=3438"}],"version-history":[{"count":1,"href":"https:\/\/aiartfree.online\/ro\/wp-json\/wp\/v2\/pages\/3438\/revisions"}],"predecessor-version":[{"id":3603,"href":"https:\/\/aiartfree.online\/ro\/wp-json\/wp\/v2\/pages\/3438\/revisions\/3603"}],"wp:featuredmedia":[{"embeddable":true,"href":"https:\/\/aiartfree.online\/ro\/wp-json\/wp\/v2\/media\/3447"}],"wp:attachment":[{"href":"https:\/\/aiartfree.online\/ro\/wp-json\/wp\/v2\/media?parent=3438"}],"curies":[{"name":"wp","href":"https:\/\/api.w.org\/{rel}","templated":true}]}}