{"id":3430,"date":"2024-08-01T13:11:52","date_gmt":"2024-08-01T13:11:52","guid":{"rendered":"https:\/\/aiartfree.online\/?page_id=3430"},"modified":"2024-08-02T11:23:09","modified_gmt":"2024-08-02T11:23:09","slug":"arcane-ai","status":"publish","type":"page","link":"https:\/\/aiartfree.online\/ro\/arcane-ai\/","title":{"rendered":"AI arcane"},"content":{"rendered":"<h2 class=\"wp-block-heading has-text-align-center\" id=\"before-vs-after\">\u00cenainte vs. Dup\u0103<\/h2>\n\n\n\n<figure class=\"gb-block-image gb-block-image-1822da1f\"><img data-recalc-dims=\"1\" decoding=\"async\" loading=\"lazy\" width=\"1200\" height=\"586\" class=\"gb-image gb-image-1822da1f\" src=\"https:\/\/i0.wp.com\/aiartfree.online\/wp-content\/uploads\/2024\/08\/WX20240801-154423%402x-jpg.webp?resize=1200%2C586&#038;ssl=1\" alt=\"Transforma\u021bi-v\u0103 fotografiile \u00een opere de art\u0103 uimitoare \u00een stilul Arcane cu Arcane AI. Bucur\u0103-te de conversii nelimitate, gratuite, f\u0103r\u0103 a fi necesar\u0103 \u00eenscrierea. Perfect pentru arti\u0219ti \u0219i social media.\" title=\"WX20240801-154423@2x\" srcset=\"https:\/\/i0.wp.com\/aiartfree.online\/wp-content\/uploads\/2024\/08\/WX20240801-154423%402x-jpg.webp?w=1478&amp;ssl=1 1478w, https:\/\/i0.wp.com\/aiartfree.online\/wp-content\/uploads\/2024\/08\/WX20240801-154423%402x-jpg.webp?resize=300%2C147&amp;ssl=1 300w, https:\/\/i0.wp.com\/aiartfree.online\/wp-content\/uploads\/2024\/08\/WX20240801-154423%402x-jpg.webp?resize=1024%2C500&amp;ssl=1 1024w, https:\/\/i0.wp.com\/aiartfree.online\/wp-content\/uploads\/2024\/08\/WX20240801-154423%402x-jpg.webp?resize=768%2C375&amp;ssl=1 768w, https:\/\/i0.wp.com\/aiartfree.online\/wp-content\/uploads\/2024\/08\/WX20240801-154423%402x-jpg.webp?resize=18%2C9&amp;ssl=1 18w, https:\/\/i0.wp.com\/aiartfree.online\/wp-content\/uploads\/2024\/08\/WX20240801-154423%402x-jpg.webp?resize=600%2C293&amp;ssl=1 600w\" sizes=\"auto, (max-width: 1200px) 100vw, 1200px\" \/><\/figure>\n\n\n\n<h2 class=\"wp-block-heading\" id=\"how-to-use-the-arcane-ai\">Cum se utilizeaz\u0103 inteligen\u021ba artificial\u0103 arcan\u0103<\/h2>\n\n\n\n<ol class=\"wp-block-list\">\n<li class=\"\">Arunca\u021bi sau \u00eenc\u0103rca\u021bi imaginea dvs.<\/li>\n\n\n\n<li class=\"\">Face\u021bi clic pe \"Trimite\"<\/li>\n\n\n\n<li class=\"\">Stai, asta este!<\/li>\n<\/ol>\n\n\n\n<p class=\"\">* Nu ezita\u021bi s\u0103 \u00eencerca\u021bi exemplele noastre de mai jos dac\u0103 nu ave\u021bi niciun g\u00e2nd \u00een minte<\/p>\n\n\n\n<p class=\"\"><em>* \u00cen func\u021bie de viteza internetului dvs., \u00eenc\u0103rcarea modelului poate dura <\/em>p\u00e2n\u0103 la 10 secunde \u2193<\/p>\n\n\n\n<div class=\"iframe-wrapper\" style=\"position: relative; width: 100%; height: 1200px;\">\n  <div class=\"loading\" style=\"position: absolute; top: 50px; left: 50%; transform: translate(-50%, -50%); width: 40px; height: 40px; border: 3px solid #f0f0f0; border-top: 3px solid #db7093; border-radius: 50%; animation: spin 1s linear infinite;\"><\/div>\n  <iframe loading=\"lazy\" src=\"https:\/\/akhaliq-arcanegan.hf.space\" frameborder=\"0\" width=\"100%\" height=\"100%\" style=\"position: absolute; top: 0; left: 0; opacity: 0; transition: opacity 0.3s;\" onload=\"this.style.opacity=1;this.previousElementSibling.style.display='none';\"><\/iframe>\n<\/div>\n\n<style>\n@keyframes spin {\n  0% { transform: translate(-50%, -50%) rotate(0deg); }\n  100% { transform: translate(-50%, -50%) rotate(360deg); }\n}\n<\/style>\n\n\n\n<div style=\"height:60px\" aria-hidden=\"true\" class=\"wp-block-spacer\"><\/div>\n\n\n\n<h2 class=\"wp-block-heading\" id=\"arcane-ai-transform-your-portraits-into-stunning-arcane-art\">Arcane AI: Transform\u0103-\u021bi portretele \u00een art\u0103 arcan\u0103 uimitoare<\/h2>\n\n\n\n<div class=\"wp-block-rank-math-toc-block\" id=\"rank-math-toc\"><h3>Tabla de con\u021binut<\/h3><nav><ul><li><a href=\"#outline\">Schi\u021b\u0103<\/a><\/li><li><a href=\"#what-is-arcane-ai\">Ce este Arcane AI?<\/a><\/li><li><a href=\"#why-use-arcane-ai\">De ce s\u0103 folosi\u021bi Arcane AI?<\/a><\/li><li><a href=\"#main-features-of-arcane-ai\">Principalele caracteristici ale Arcane AI<\/a><ul><li><a href=\"#feature-1-high-quality-transformations\">Caracteristica 1: Transform\u0103ri de \u00eenalt\u0103 calitate<\/a><\/li><li><a href=\"#feature-2-user-friendly-interface\">Caracteristica 2: interfa\u021b\u0103 u\u0219or de utilizat<\/a><\/li><\/ul><\/li><li><a href=\"#target-audience-and-uses\">Public \u021bint\u0103 \u0219i utiliz\u0103ri<\/a><\/li><li><a href=\"#how-to-use-arcane-ai\">Cum s\u0103 utiliza\u021bi Arcane AI<\/a><\/li><li><a href=\"#usage-cases\">Cazuri de utilizare<\/a><ul><li><a href=\"#social-media-content\">Con\u021binut social media<\/a><\/li><li><a href=\"#artistic-projects\">Proiecte artistice<\/a><\/li><li><a href=\"#personal-use\">Uz personal<\/a><\/li><\/ul><\/li><li><a href=\"#industry-insights\">Perspective asupra industriei<\/a><ul><li><a href=\"#advantages\">Avantaje<\/a><\/li><li><a href=\"#disadvantages\">Dezavantaje<\/a><\/li><li><a href=\"#challenges\">Provoc\u0103ri<\/a><\/li><li><a href=\"#suggestions\">Sugestii<\/a><\/li><\/ul><\/li><li><a href=\"#10-related-information-and-tools\">10 Informa\u021bii \u0219i instrumente conexe<\/a><\/li><li><a href=\"#faq\">\u00ceNTREB\u0102RI FRECVENTE<\/a><ul><li><a href=\"#1-how-do-i-enhance-a-photo\">1. Cum \u00eembun\u0103t\u0103\u021besc o fotografie?<\/a><\/li><li><a href=\"#2-can-i-use-arcane-ai-for-free\">2. Pot folosi Arcane AI gratuit?<\/a><\/li><li><a href=\"#3-do-i-need-to-sign-up-to-use-arcane-ai\">3. Trebuie s\u0103 m\u0103 \u00eenscriu pentru a utiliza Arcane AI?<\/a><\/li><li><a href=\"#4-what-kind-of-photos-work-best-with-arcane-ai\">4. Ce fel de fotografii func\u021bioneaz\u0103 cel mai bine cu Arcane AI?<\/a><\/li><li><a href=\"#5-is-there-a-limit-to-how-many-photos-i-can-convert\">5. Exist\u0103 o limit\u0103 pentru num\u0103rul de fotografii pe care le pot converti?<\/a><\/li><li><a href=\"#6-can-i-use-arcane-ai-on-my-phone\">6. Pot folosi Arcane AI pe telefonul meu?<\/a><\/li><li><a href=\"#7-what-file-formats-are-supported-by-arcane-ai\">7. Ce formate de fi\u0219iere sunt acceptate de Arcane AI?<\/a><\/li><li><a href=\"#8-how-long-does-the-conversion-process-take\">8. C\u00e2t dureaz\u0103 procesul de conversie?<\/a><\/li><li><a href=\"#9-can-i-edit-the-arcane-style-photo-after-conversion\">9. Pot edita fotografia \u00een stil Arcane dup\u0103 conversie?<\/a><\/li><li><a href=\"#10-are-there-other-styles-available-besides-arcane\">10. Exist\u0103 \u0219i alte stiluri disponibile \u00een afar\u0103 de Arcane?<\/a><\/li><\/ul><\/li><li><a href=\"#summary\">Rezumat<\/a><\/li><\/ul><\/nav><\/div>\n\n\n\n<h3 class=\"wp-block-heading\" id=\"outline\">Schi\u021b\u0103<\/h3>\n\n\n\n<p class=\"\">Acest articol exploreaz\u0103 Arcane AI, un instrument care transform\u0103 fotografiile \u00een art\u0103 \u00een stil Arcane. Vom discuta despre defini\u021bia, avantajele, func\u021biile principale, publicul \u021bint\u0103, instruc\u021biunile de utilizare, aplica\u021biile din lumea real\u0103 \u0219i perspectivele industriei \u0219i vom r\u0103spunde \u00eentreb\u0103rilor frecvente.<\/p>\n\n\n\n<h3 class=\"wp-block-heading\" id=\"what-is-arcane-ai\">Ce este Arcane AI?<\/h3>\n\n\n\n<p class=\"\">Arcane AI este un instrument avansat care permite utilizatorilor s\u0103 \u00ee\u0219i transforme fotografiile \u00een opere de art\u0103 \u00een stilul Arcane. Acesta utilizeaz\u0103 algoritmi sofistica\u021bi pentru a transforma portretele obi\u0219nuite \u00een piese unice, captivante din punct de vedere vizual, care amintesc de estetica Arcane.<\/p>\n\n\n\n<h3 class=\"wp-block-heading\" id=\"why-use-arcane-ai\">De ce s\u0103 folosi\u021bi Arcane AI?<\/h3>\n\n\n\n<p class=\"\">Arcane AI ofer\u0103 mai multe motive conving\u0103toare pentru utilizarea serviciilor sale:<\/p>\n\n\n\n<ul class=\"wp-block-list\">\n<li class=\"\"><strong>100% Liber<\/strong>: Nici un cost pentru utilizare.<\/li>\n\n\n\n<li class=\"\"><strong>Conversii nelimitate<\/strong>: Transforma\u021bi c\u00e2t de multe fotografii dori\u021bi.<\/li>\n\n\n\n<li class=\"\"><strong>Nr.1 \u00een materie de calitate<\/strong>: Lider de pia\u021b\u0103 \u00een transform\u0103rile de tip Arcane.<\/li>\n\n\n\n<li class=\"\"><strong>Nu este necesar\u0103 \u00eenscrierea<\/strong>: Acces instantaneu f\u0103r\u0103 nicio \u00eenregistrare.<\/li>\n<\/ul>\n\n\n\n<h3 class=\"wp-block-heading\" id=\"main-features-of-arcane-ai\">Principalele caracteristici ale Arcane AI<\/h3>\n\n\n\n<h4 class=\"wp-block-heading\" id=\"feature-1-high-quality-transformations\">Caracteristica 1: Transform\u0103ri de \u00eenalt\u0103 calitate<\/h4>\n\n\n\n<p class=\"\">Arcane AI ofer\u0103 o calitate de top \u00een conversia portretelor \u00een stilul Arcane. Instrumentul se asigur\u0103 c\u0103 fiecare detaliu este p\u0103strat meticulos \u0219i \u00eembun\u0103t\u0103\u021bit artistic.<\/p>\n\n\n\n<h4 class=\"wp-block-heading\" id=\"feature-2-user-friendly-interface\">Caracteristica 2: interfa\u021b\u0103 u\u0219or de utilizat<\/h4>\n\n\n\n<p class=\"\">Interfa\u021ba este conceput\u0103 pentru a fi intuitiv\u0103, f\u0103c\u00e2nd-o u\u0219or de utilizat de c\u0103tre oricine, indiferent de cuno\u0219tin\u021bele tehnice.<\/p>\n\n\n\n<h3 class=\"wp-block-heading\" id=\"target-audience-and-uses\">Public \u021bint\u0103 \u0219i utiliz\u0103ri<\/h3>\n\n\n\n<p class=\"\">Arcane AI este perfect pentru:<\/p>\n\n\n\n<ul class=\"wp-block-list\">\n<li class=\"\"><strong>Arti\u0219ti<\/strong>: Caut s\u0103 explorez noi stiluri \u0219i inspira\u021bii.<\/li>\n\n\n\n<li class=\"\"><strong>Entuzia\u0219ti ai social media<\/strong>: C\u0103uta\u021bi con\u021binut unic de \u00eemp\u0103rt\u0103\u0219it.<\/li>\n\n\n\n<li class=\"\"><strong>Designeri grafici<\/strong>: Am nevoie de resurse creative pentru proiecte.<\/li>\n\n\n\n<li class=\"\"><strong>Utilizatori generali<\/strong>: Interesat \u00een transformarea fotografiilor personale.<\/li>\n<\/ul>\n\n\n\n<h3 class=\"wp-block-heading\" id=\"how-to-use-arcane-ai\">Cum s\u0103 utiliza\u021bi Arcane AI<\/h3>\n\n\n\n<p class=\"\">Urma\u021bi ace\u0219ti pa\u0219i simpli pentru a utiliza Arcane AI:<\/p>\n\n\n\n<ol class=\"wp-block-list\">\n<li class=\"\"><strong>Vizita\u021bi site-ul web<\/strong>: Du-te la <a href=\"https:\/\/aiartfree.online\/ro\/arcane-ai\/\">AI arcane<\/a>.<\/li>\n\n\n\n<li class=\"\"><strong>\u00cenc\u0103rca\u021bi fotografia dvs.<\/strong>: Face\u021bi clic pe butonul de \u00eenc\u0103rcare \u0219i selecta\u021bi portretul.<\/li>\n\n\n\n<li class=\"\"><strong>Aplic\u0103 stilul arcanic<\/strong>: Atinge\u021bi butonul microfonului pentru a \u00eencepe conversia.<\/li>\n\n\n\n<li class=\"\"><strong>Desc\u0103rca\u021bi lucrarea<\/strong>: Salva\u021bi imaginea transformat\u0103 pe dispozitivul dvs.<\/li>\n<\/ol>\n\n\n\n<h3 class=\"wp-block-heading\" id=\"usage-cases\">Cazuri de utilizare<\/h3>\n\n\n\n<h4 class=\"wp-block-heading\" id=\"social-media-content\">Con\u021binut social media<\/h4>\n\n\n\n<p class=\"\">\u00cembun\u0103t\u0103\u021bi\u021bi-v\u0103 prezen\u021ba pe re\u021belele de socializare cu portrete unice, atr\u0103g\u0103toare, \u00een stilul Arcane.<\/p>\n\n\n\n<h4 class=\"wp-block-heading\" id=\"artistic-projects\">Proiecte artistice<\/h4>\n\n\n\n<p class=\"\">\u00cencorpora\u021bi operele de art\u0103 Arcane AI \u00een proiectele dvs. de art\u0103 pentru a ad\u0103uga o not\u0103 distinctiv\u0103.<\/p>\n\n\n\n<h4 class=\"wp-block-heading\" id=\"personal-use\">Uz personal<\/h4>\n\n\n\n<p class=\"\">Transforma\u021bi fotografiile de familie sau imaginile personale \u00een frumoase piese de art\u0103.<\/p>\n\n\n\n<h3 class=\"wp-block-heading\" id=\"industry-insights\">Perspective asupra industriei<\/h3>\n\n\n\n<h4 class=\"wp-block-heading\" id=\"advantages\">Avantaje<\/h4>\n\n\n\n<ul class=\"wp-block-list\">\n<li class=\"\"><strong>Rezultate de \u00eenalt\u0103 calitate<\/strong>: Asigur\u0103 rezultate de calitate profesional\u0103.<\/li>\n\n\n\n<li class=\"\"><strong>Accesibilitate u\u0219oar\u0103<\/strong>: Disponibil online f\u0103r\u0103 desc\u0103rc\u0103ri.<\/li>\n\n\n\n<li class=\"\"><strong>Aplica\u021bie larg\u0103<\/strong>: Potrivit pentru diverse domenii creative.<\/li>\n<\/ul>\n\n\n\n<h4 class=\"wp-block-heading\" id=\"disadvantages\">Dezavantaje<\/h4>\n\n\n\n<ul class=\"wp-block-list\">\n<li class=\"\"><strong>Op\u021biuni de stil limitate<\/strong>: \u00cen prezent se concentreaz\u0103 doar pe stilul Arcane.<\/li>\n<\/ul>\n\n\n\n<h4 class=\"wp-block-heading\" id=\"challenges\">Provoc\u0103ri<\/h4>\n\n\n\n<ul class=\"wp-block-list\">\n<li class=\"\"><strong>Zgomot de fond<\/strong>: Asigurarea unor transform\u0103ri precise \u00een ciuda calit\u0103\u021bilor diferite ale fotografiilor.<\/li>\n<\/ul>\n\n\n\n<h4 class=\"wp-block-heading\" id=\"suggestions\">Sugestii<\/h4>\n\n\n\n<ul class=\"wp-block-list\">\n<li class=\"\"><strong>Extinde\u021bi stilurile<\/strong>: Introduce\u021bi mai multe stiluri artistice pentru un apel mai larg.<\/li>\n\n\n\n<li class=\"\"><strong>Instrumente \u00eembun\u0103t\u0103\u021bite<\/strong>: Dezvoltarea de caracteristici suplimentare pentru mai mult\u0103 personalizare.<\/li>\n<\/ul>\n\n\n\n<h3 class=\"wp-block-heading\" id=\"10-related-information-and-tools\">10 Informa\u021bii \u0219i instrumente conexe<\/h3>\n\n\n\n<figure class=\"wp-block-table\"><table class=\"has-fixed-layout\"><thead><tr><th>Site web<\/th><th>Caracteristici<\/th><th>Avantaje<\/th><th>Dezavantaje<\/th><th>Sugestii<\/th><\/tr><\/thead><tbody><tr><td><a href=\"https:\/\/aiartfree.online\/ro\/arcane-ai\/\" data-type=\"link\" data-id=\"https:\/\/aiartfree.online\/auto-draft\/\">AI arcane<\/a><\/td><td>Transform\u0103ri de tip arcane<\/td><td>De \u00eenalt\u0103 calitate, u\u0219or de utilizat<\/td><td>Limitat la un singur stil<\/td><td>Extinde\u021bi stilurile<\/td><\/tr><tr><td>DeepArt.io<\/td><td>Diverse stiluri artistice<\/td><td>Stiluri multiple, u\u0219or de utilizat<\/td><td>Func\u021bii pl\u0103tite<\/td><td>Mai multe op\u021biuni gratuite<\/td><\/tr><tr><td>Prisma<\/td><td>Conversia fotografiilor \u00een picturi<\/td><td>Multe filtre, partajare social\u0103<\/td><td>Necesit\u0103 instalarea aplica\u021biei<\/td><td>Versiune bazat\u0103 pe web<\/td><\/tr><tr><td>BeFunky<\/td><td>Instrumente de editare foto<\/td><td>Instrumente versatile, u\u0219or de utilizat<\/td><td>Unele caracteristici sunt pl\u0103tite<\/td><td>Mai multe instrumente gratuite<\/td><\/tr><tr><td>GoArt<\/td><td>Generator de art\u0103 foto AI<\/td><td>Stiluri diferite, interfa\u021b\u0103 simpl\u0103<\/td><td>Versiune gratuit\u0103 limitat\u0103<\/td><td>Cre\u0219terea limitelor libere<\/td><\/tr><tr><td>Lunapic<\/td><td>Editare foto online<\/td><td>Multe op\u021biuni de editare<\/td><td>Interfa\u021b\u0103 \u00eenvechit\u0103<\/td><td>Modernizarea interfe\u021bei utilizator<\/td><\/tr><tr><td>Fotor<\/td><td>Design grafic \u0219i editare<\/td><td>Set cuprinz\u0103tor de instrumente<\/td><td>Anun\u021buri \u00een versiunea gratuit\u0103<\/td><td>Experien\u021b\u0103 f\u0103r\u0103 reclame<\/td><\/tr><tr><td>Pikazo<\/td><td>Art\u0103 fotografic\u0103 bazat\u0103 pe inteligen\u021b\u0103 artificial\u0103<\/td><td>Stiluri unice, u\u0219or de utilizat<\/td><td>Necesit\u0103 \u00eenscriere<\/td><td>Nicio op\u021biune de \u00eenscriere<\/td><\/tr><tr><td>AI Painter<\/td><td>Crea\u021bie artistic\u0103 condus\u0103 de inteligen\u021ba artificial\u0103<\/td><td>Rezultate de \u00eenalt\u0103 calitate, simple<\/td><td>C\u00e2teva stiluri<\/td><td>Mai multe op\u021biuni de stil<\/td><\/tr><tr><td>Artisto<\/td><td>Transform\u0103ri video \u00een art\u0103<\/td><td>Editare video, diverse stiluri<\/td><td>Limitat la videoclipuri<\/td><td>Ad\u0103uga\u021bi op\u021biuni foto<\/td><\/tr><\/tbody><\/table><\/figure>\n\n\n\n<h3 class=\"wp-block-heading\" id=\"faq\">\u00ceNTREB\u0102RI FRECVENTE<\/h3>\n\n\n\n<h4 class=\"wp-block-heading\" id=\"1-how-do-i-enhance-a-photo\">1. Cum \u00eembun\u0103t\u0103\u021besc o fotografie?<\/h4>\n\n\n\n<p class=\"\">Folosi\u021bi instrumente bazate pe inteligen\u021b\u0103 artificial\u0103 precum Arcane AI pentru \u00eembun\u0103t\u0103\u021biri simple.<\/p>\n\n\n\n<h4 class=\"wp-block-heading\" id=\"2-can-i-use-arcane-ai-for-free\">2. Pot folosi Arcane AI gratuit?<\/h4>\n\n\n\n<p class=\"\">Da, Arcane AI este 100% gratuit.<\/p>\n\n\n\n<h4 class=\"wp-block-heading\" id=\"3-do-i-need-to-sign-up-to-use-arcane-ai\">3. Trebuie s\u0103 m\u0103 \u00eenscriu pentru a utiliza Arcane AI?<\/h4>\n\n\n\n<p class=\"\">Nu, \u00eenscrierea nu este necesar\u0103.<\/p>\n\n\n\n<h4 class=\"wp-block-heading\" id=\"4-what-kind-of-photos-work-best-with-arcane-ai\">4. Ce fel de fotografii func\u021bioneaz\u0103 cel mai bine cu Arcane AI?<\/h4>\n\n\n\n<p class=\"\">Portretele de \u00eenalt\u0103 calitate, bine iluminate, dau cele mai bune rezultate.<\/p>\n\n\n\n<h4 class=\"wp-block-heading\" id=\"5-is-there-a-limit-to-how-many-photos-i-can-convert\">5. Exist\u0103 o limit\u0103 pentru num\u0103rul de fotografii pe care le pot converti?<\/h4>\n\n\n\n<p class=\"\">Nu, pute\u021bi converti un num\u0103r nelimitat de fotografii.<\/p>\n\n\n\n<h4 class=\"wp-block-heading\" id=\"6-can-i-use-arcane-ai-on-my-phone\">6. Pot folosi Arcane AI pe telefonul meu?<\/h4>\n\n\n\n<p class=\"\">Da, instrumentul este accesibil at\u00e2t pe dispozitive mobile, c\u00e2t \u0219i pe desktop.<\/p>\n\n\n\n<h4 class=\"wp-block-heading\" id=\"7-what-file-formats-are-supported-by-arcane-ai\">7. Ce formate de fi\u0219iere sunt acceptate de Arcane AI?<\/h4>\n\n\n\n<p class=\"\">Sunt acceptate formate comune precum JPG, PNG.<\/p>\n\n\n\n<h4 class=\"wp-block-heading\" id=\"8-how-long-does-the-conversion-process-take\">8. C\u00e2t dureaz\u0103 procesul de conversie?<\/h4>\n\n\n\n<p class=\"\">De obicei, dureaz\u0103 \u00eentre c\u00e2teva secunde \u0219i un minut, \u00een func\u021bie de dimensiunea fotografiei.<\/p>\n\n\n\n<h4 class=\"wp-block-heading\" id=\"9-can-i-edit-the-arcane-style-photo-after-conversion\">9. Pot edita fotografia \u00een stil Arcane dup\u0103 conversie?<\/h4>\n\n\n\n<p class=\"\">Da, pute\u021bi edita ulterior fotografia folosind alte instrumente.<\/p>\n\n\n\n<h4 class=\"wp-block-heading\" id=\"10-are-there-other-styles-available-besides-arcane\">10. Exist\u0103 \u0219i alte stiluri disponibile \u00een afar\u0103 de Arcane?<\/h4>\n\n\n\n<p class=\"\">\u00cen prezent, Arcane AI se concentreaz\u0103 pe stilul Arcane, dar mai multe stiluri pot fi ad\u0103ugate \u00een viitor.<\/p>\n\n\n\n<h3 class=\"wp-block-heading\" id=\"summary\">Rezumat<\/h3>\n\n\n\n<p class=\"\">Arcane AI este un instrument puternic \u0219i u\u0219or de utilizat pentru transformarea portretelor \u00een opere de art\u0103 uimitoare \u00een stilul Arcane. Utilizarea sa gratuit\u0103 \u0219i nelimitat\u0103 \u00eel face accesibil tuturor. \u00cencepe\u021bi s\u0103 utiliza\u021bi Arcane AI ast\u0103zi pentru a crea imagini unice \u0219i atr\u0103g\u0103toare f\u0103r\u0103 efort.<\/p>\n\n\n\n<p class=\"\">\u00cencearc\u0103 acum Arcane AI \u0219i transform\u0103-\u021bi fotografiile \u00een opere de art\u0103 uimitoare \u00een stilul Arcane la <a href=\"https:\/\/aiartfree.online\/ro\/arcane-ai\/\">AI arcane<\/a>.<\/p>\n\n\n\n<p class=\"\">Dac\u0103 ave\u021bi \u00eentreb\u0103ri suplimentare, le pute\u021bi adresa <a href=\"https:\/\/chatgpt4o.space\/\" data-type=\"link\" data-id=\"https:\/\/chatgpt4o.space\/\" target=\"_blank\" rel=\"noreferrer noopener\">Chat online gratuit GPT 4o<\/a>.<\/p>","protected":false},"excerpt":{"rendered":"<p>Before vs After How to use the Arcane AI * Feel free to try our examples below if you don&#8217;t have any thoughts in your mind *&nbsp;Depending on your internet speed, loading the model may take up to 10 seconds \u2193 Arcane AI: Transform Your Portraits into Stunning Arcane Art Outline This article explores Arcane &#8230; <a title=\"AI arcane\" class=\"read-more\" href=\"https:\/\/aiartfree.online\/ro\/arcane-ai\/\" aria-label=\"Cite\u0219te mai multe despre Arcane AI\">Cite\u0219te mai mult<\/a><\/p>","protected":false},"author":1,"featured_media":3434,"parent":0,"menu_order":0,"comment_status":"open","ping_status":"closed","template":"","meta":{"nf_dc_page":"","footnotes":""},"class_list":["post-3430","page","type-page","status-publish","has-post-thumbnail"],"jetpack_sharing_enabled":true,"_links":{"self":[{"href":"https:\/\/aiartfree.online\/ro\/wp-json\/wp\/v2\/pages\/3430","targetHints":{"allow":["GET"]}}],"collection":[{"href":"https:\/\/aiartfree.online\/ro\/wp-json\/wp\/v2\/pages"}],"about":[{"href":"https:\/\/aiartfree.online\/ro\/wp-json\/wp\/v2\/types\/page"}],"author":[{"embeddable":true,"href":"https:\/\/aiartfree.online\/ro\/wp-json\/wp\/v2\/users\/1"}],"replies":[{"embeddable":true,"href":"https:\/\/aiartfree.online\/ro\/wp-json\/wp\/v2\/comments?post=3430"}],"version-history":[{"count":0,"href":"https:\/\/aiartfree.online\/ro\/wp-json\/wp\/v2\/pages\/3430\/revisions"}],"wp:featuredmedia":[{"embeddable":true,"href":"https:\/\/aiartfree.online\/ro\/wp-json\/wp\/v2\/media\/3434"}],"wp:attachment":[{"href":"https:\/\/aiartfree.online\/ro\/wp-json\/wp\/v2\/media?parent=3430"}],"curies":[{"name":"wp","href":"https:\/\/api.w.org\/{rel}","templated":true}]}}