{"id":3416,"date":"2024-08-01T09:41:23","date_gmt":"2024-08-01T09:41:23","guid":{"rendered":"https:\/\/aiartfree.online\/?page_id=3416"},"modified":"2024-08-02T11:15:00","modified_gmt":"2024-08-02T11:15:00","slug":"html-code-generator","status":"publish","type":"page","link":"https:\/\/aiartfree.online\/ro\/generator-de-cod-html\/","title":{"rendered":"Generator de cod HTML"},"content":{"rendered":"<h2 class=\"wp-block-heading has-text-align-center\">\u00cenainte vs. Dup\u0103<\/h2>\n\n\n\n<figure class=\"gb-block-image gb-block-image-1822da1f\"><img data-recalc-dims=\"1\" decoding=\"async\" loading=\"lazy\" width=\"1200\" height=\"707\" class=\"gb-image gb-image-1822da1f\" src=\"https:\/\/i0.wp.com\/aiartfree.online\/wp-content\/uploads\/2024\/08\/WX20240801-145150%402x-jpg.webp?resize=1200%2C707&#038;ssl=1\" alt=\"HTML Code Generator - Capturi de ecran online gratuite \u00een coduri HTML\" title=\"WX20240801-145150@2x\" srcset=\"https:\/\/i0.wp.com\/aiartfree.online\/wp-content\/uploads\/2024\/08\/WX20240801-145150%402x-jpg.webp?w=1904&amp;ssl=1 1904w, https:\/\/i0.wp.com\/aiartfree.online\/wp-content\/uploads\/2024\/08\/WX20240801-145150%402x-jpg.webp?resize=300%2C177&amp;ssl=1 300w, https:\/\/i0.wp.com\/aiartfree.online\/wp-content\/uploads\/2024\/08\/WX20240801-145150%402x-jpg.webp?resize=1024%2C603&amp;ssl=1 1024w, https:\/\/i0.wp.com\/aiartfree.online\/wp-content\/uploads\/2024\/08\/WX20240801-145150%402x-jpg.webp?resize=768%2C453&amp;ssl=1 768w, https:\/\/i0.wp.com\/aiartfree.online\/wp-content\/uploads\/2024\/08\/WX20240801-145150%402x-jpg.webp?resize=1536%2C905&amp;ssl=1 1536w, https:\/\/i0.wp.com\/aiartfree.online\/wp-content\/uploads\/2024\/08\/WX20240801-145150%402x-jpg.webp?resize=18%2C12&amp;ssl=1 18w, https:\/\/i0.wp.com\/aiartfree.online\/wp-content\/uploads\/2024\/08\/WX20240801-145150%402x-jpg.webp?resize=600%2C354&amp;ssl=1 600w\" sizes=\"auto, (max-width: 1200px) 100vw, 1200px\" \/><\/figure>\n\n\n\n<h2 class=\"wp-block-heading\">Cum s\u0103 utiliza\u021bi generatorul de cod HTML<\/h2>\n\n\n\n<ol class=\"wp-block-list\">\n<li class=\"\">\u00cenc\u0103rca\u021bi captura de ecran a site-ului dvs. preferat<\/li>\n\n\n\n<li class=\"\">Face\u021bi clic pe \"Trimite\"<\/li>\n\n\n\n<li class=\"\">Stai, asta este!<\/li>\n<\/ol>\n\n\n\n<p class=\"\">* Nu ezita\u021bi s\u0103 \u00eencerca\u021bi exemplele noastre de mai jos dac\u0103 nu ave\u021bi niciun g\u00e2nd \u00een minte<\/p>\n\n\n\n<p class=\"\"><em>* \u00cen func\u021bie de viteza internetului dvs., \u00eenc\u0103rcarea modelului poate dura <\/em>p\u00e2n\u0103 la 10 secunde \u2193<\/p>\n\n\n\n<div class=\"iframe-wrapper\" style=\"position: relative; width: 100%; height: 1800px;\">\n  <div class=\"loading\" style=\"position: absolute; top: 50px; left: 50%; transform: translate(-50%, -50%); width: 40px; height: 40px; border: 3px solid #f0f0f0; border-top: 3px solid #db7093; border-radius: 50%; animation: spin 1s linear infinite;\"><\/div>\n  <iframe loading=\"lazy\" src=\"https:\/\/huggingfacem4-screenshot2html.hf.space\" frameborder=\"0\" width=\"100%\" height=\"100%\" style=\"position: absolute; top: 0; left: 0; opacity: 0; transition: opacity 0.3s;\" onload=\"this.style.opacity=1;this.previousElementSibling.style.display='none';\"><\/iframe>\n<\/div>\n\n<style>\n@keyframes spin {\n  0% { transform: translate(-50%, -50%) rotate(0deg); }\n  100% { transform: translate(-50%, -50%) rotate(360deg); }\n}\n<\/style>\n\n\n\n<div style=\"height:80px\" aria-hidden=\"true\" class=\"wp-block-spacer\"><\/div>\n\n\n\n<h2 class=\"wp-block-heading\">Generatoare de coduri HTML eficiente \u0219i u\u0219or de utilizat: Instrumentul suprem pentru dezvoltarea web<\/h2>\n\n\n\n<h3 class=\"wp-block-heading\">Ce este HTML Code Generator?<\/h3>\n\n\n\n<p class=\"\">Un generator de cod HTML este un instrument conceput pentru a simplifica procesul de creare a codului HTML. Acesta permite utilizatorilor s\u0103 genereze cod HTML rapid \u0219i eficient, f\u0103r\u0103 a fi nevoie s\u0103 scrie codul manual. Aceste instrumente sunt deosebit de utile pentru persoanele care nu au o experien\u021b\u0103 vast\u0103 \u00een codare, dar care trebuie s\u0103 creeze cod HTML \u00een diverse scopuri, cum ar fi dezvoltarea web, \u0219abloanele de e-mail sau \u00eencorporarea de con\u021binut media.<\/p>\n\n\n\n<h3 class=\"wp-block-heading\">De ce s\u0103 folosi\u021bi un generator de cod HTML?<\/h3>\n\n\n\n<h4 class=\"wp-block-heading\">Avantaje majore<\/h4>\n\n\n\n<ul class=\"wp-block-list\">\n<li class=\"\"><strong>Eficien\u021b\u0103<\/strong>: Accelereaz\u0103 semnificativ procesul de codificare.<\/li>\n\n\n\n<li class=\"\"><strong>U\u0219or de utilizat<\/strong>: Nu necesit\u0103 cuno\u0219tin\u021be anterioare de codare.<\/li>\n\n\n\n<li class=\"\"><strong>Reducerea erorilor<\/strong>: Minimizeaz\u0103 erorile de codare \u0219i asigur\u0103 un cod mai curat.<\/li>\n\n\n\n<li class=\"\"><strong>Versatilitate<\/strong>: Poate genera o varietate de elemente HTML.<\/li>\n\n\n\n<li class=\"\"><strong>Personalizare<\/strong>: Permite utilizatorilor s\u0103 personalizeze codul generat dup\u0103 cum este necesar.<\/li>\n<\/ul>\n\n\n\n<h4 class=\"wp-block-heading\">\u00centreb\u0103ri frecvente ale utilizatorilor<\/h4>\n\n\n\n<ol class=\"wp-block-list\">\n<li class=\"\"><strong>Cum s\u0103 genera\u021bi cod HTML din capturi de ecran?<\/strong>\n<ul class=\"wp-block-list\">\n<li class=\"\">Folosind instrumentul nostru recomandat: <a href=\"https:\/\/aiartfree.online\/ro\/generator-de-cod-html\/\">Generator de cod HTML<\/a><\/li>\n<\/ul>\n<\/li>\n\n\n\n<li class=\"\"><strong>Adobe XD poate genera cod HTML?<\/strong>\n<ul class=\"wp-block-list\">\n<li class=\"\">Adobe XD este \u00een primul r\u00e2nd un instrument de proiectare \u0219i nu genereaz\u0103 direct cod HTML.<\/li>\n<\/ul>\n<\/li>\n\n\n\n<li class=\"\"><strong>Cum s\u0103 genera\u021bi automat codul HTML \u00een VSCode?<\/strong>\n<ul class=\"wp-block-list\">\n<li class=\"\">Utiliza\u021bi extensii precum Emmet pentru generarea automat\u0103 a codului HTML \u00een VSCode.<\/li>\n<\/ul>\n<\/li>\n<\/ol>\n\n\n\n<h3 class=\"wp-block-heading\">Principalele caracteristici ale generatoarelor de coduri HTML<\/h3>\n\n\n\n<h4 class=\"wp-block-heading\">Generator de text HTML<\/h4>\n\n\n\n<p class=\"\">Permite utilizatorilor s\u0103 introduc\u0103 text \u0219i s\u0103 primeasc\u0103 codul HTML corespunz\u0103tor.<\/p>\n\n\n\n<h4 class=\"wp-block-heading\">Tabel Creator HTML<\/h4>\n\n\n\n<p class=\"\">Genereaz\u0103 cod HTML pentru tabele, facilit\u00e2nd crearea de structuri complexe de tabele.<\/p>\n\n\n\n<h4 class=\"wp-block-heading\">Generator HTML AI<\/h4>\n\n\n\n<p class=\"\">Utilizeaz\u0103 inteligen\u021ba artificial\u0103 pentru a genera cod HTML, f\u0103c\u00e2nd procesul mai rapid \u0219i mai intuitiv.<\/p>\n\n\n\n<h4 class=\"wp-block-heading\">Produc\u0103tor de tabele HTML<\/h4>\n\n\n\n<p class=\"\">Simplific\u0103 crearea de tabele HTML prin furnizarea unei interfe\u021be u\u0219or de utilizat.<\/p>\n\n\n\n<h4 class=\"wp-block-heading\">Generarea codului HTML din text<\/h4>\n\n\n\n<p class=\"\">Transform\u0103 textul simplu \u00een cod HTML formatat.<\/p>\n\n\n\n<h4 class=\"wp-block-heading\">Generarea codului HTML din imagine<\/h4>\n\n\n\n<p class=\"\">Converte\u0219te imaginile \u00een cod HTML, util pentru \u00eencorporarea media \u00een paginile web.<\/p>\n\n\n\n<h4 class=\"wp-block-heading\">Nu este necesar\u0103 \u00eenscrierea<\/h4>\n\n\n\n<p class=\"\">Utilizatorii pot genera cod HTML f\u0103r\u0103 a fi nevoie s\u0103 creeze un cont.<\/p>\n\n\n\n<h4 class=\"wp-block-heading\">100% Utilizare gratuit\u0103 \u0219i nelimitat\u0103<\/h4>\n\n\n\n<p class=\"\">Utilizarea instrumentului este complet gratuit\u0103, f\u0103r\u0103 limite privind num\u0103rul de coduri care pot fi generate.<\/p>\n\n\n\n<h3 class=\"wp-block-heading\">Public \u021bint\u0103 \u0219i utiliz\u0103ri<\/h3>\n\n\n\n<h4 class=\"wp-block-heading\">Potrivit pentru:<\/h4>\n\n\n\n<ul class=\"wp-block-list\">\n<li class=\"\"><strong>Dezvoltatori web<\/strong>: Pentru crearea \u0219i prototiparea rapid\u0103 a paginilor web.<\/li>\n\n\n\n<li class=\"\"><strong>Designeri<\/strong>: Pentru \u00eencorporarea elementelor de design \u00een HTML.<\/li>\n\n\n\n<li class=\"\"><strong>Creatori de con\u021binut<\/strong>: Pentru formatarea con\u021binutului pentru bloguri, e-mailuri \u0219i site-uri web.<\/li>\n\n\n\n<li class=\"\"><strong>Studen\u021bi \u0219i educatori<\/strong>: Pentru \u00eenv\u0103\u021barea \u0219i predarea HTML.<\/li>\n<\/ul>\n\n\n\n<h4 class=\"wp-block-heading\">Aplica\u021bii industriale:<\/h4>\n\n\n\n<ul class=\"wp-block-list\">\n<li class=\"\"><strong>Comer\u021b electronic<\/strong>: Crearea de liste \u0219i descrieri ale produselor.<\/li>\n\n\n\n<li class=\"\"><strong>Marketing digital<\/strong>: Proiectarea \u0219abloanelor de e-mail \u0219i a paginilor de destina\u021bie.<\/li>\n\n\n\n<li class=\"\"><strong>Educa\u021bie<\/strong>: Predarea HTML \u0219i a dezvolt\u0103rii web.<\/li>\n\n\n\n<li class=\"\"><strong>Media \u0219i divertisment<\/strong>: \u00cencorporarea de con\u021binut multimedia pe site-uri web.<\/li>\n<\/ul>\n\n\n\n<h3 class=\"wp-block-heading\">Cum s\u0103 utiliza\u021bi un generator de cod HTML<\/h3>\n\n\n\n<ol class=\"wp-block-list\">\n<li class=\"\"><strong>Accesa\u021bi instrumentul<\/strong>\n<ul class=\"wp-block-list\">\n<li class=\"\">Vizit\u0103 <a href=\"https:\/\/aiartfree.online\/ro\/generator-de-cod-html\/\">Generator de cod HTML<\/a>.<\/li>\n<\/ul>\n<\/li>\n\n\n\n<li class=\"\"><strong>Selecta\u021bi tipul de cod<\/strong>\n<ul class=\"wp-block-list\">\n<li class=\"\">Alege\u021bi din op\u021biuni precum text, tabel sau imagine \u00een cod.<\/li>\n<\/ul>\n<\/li>\n\n\n\n<li class=\"\"><strong>Introduce\u021bi con\u021binutul dvs.<\/strong>\n<ul class=\"wp-block-list\">\n<li class=\"\">Introduce\u021bi textul sau \u00eenc\u0103rca\u021bi imaginea pe care dori\u021bi s\u0103 o converti\u021bi.<\/li>\n<\/ul>\n<\/li>\n\n\n\n<li class=\"\"><strong>Generarea codului<\/strong>\n<ul class=\"wp-block-list\">\n<li class=\"\">Face\u021bi clic pe butonul de generare pentru a primi codul HTML.<\/li>\n<\/ul>\n<\/li>\n\n\n\n<li class=\"\"><strong>Copiere \u0219i utilizare<\/strong>\n<ul class=\"wp-block-list\">\n<li class=\"\">Copia\u021bi codul generat \u0219i lipi\u021bi-l \u00een proiectul dvs.<\/li>\n<\/ul>\n<\/li>\n<\/ol>\n\n\n\n<h3 class=\"wp-block-heading\">Cazuri de utilizare a generatoarelor de cod HTML<\/h3>\n\n\n\n<h4 class=\"wp-block-heading\">Dezvoltare web<\/h4>\n\n\n\n<p class=\"\">Crearea de pagini web structurate cu un efort minim.<\/p>\n\n\n\n<h4 class=\"wp-block-heading\">Marketing prin e-mail<\/h4>\n\n\n\n<p class=\"\">Proiectarea de \u0219abloane de e-mail receptive.<\/p>\n\n\n\n<h4 class=\"wp-block-heading\">Blogging<\/h4>\n\n\n\n<p class=\"\">Formatarea post\u0103rilor de blog cu HTML pentru o prezentare mai bun\u0103.<\/p>\n\n\n\n<h4 class=\"wp-block-heading\">Educa\u021bie online<\/h4>\n\n\n\n<p class=\"\">Ajut\u0103 studen\u021bii s\u0103 practice \u0219i s\u0103 \u00een\u021beleag\u0103 codarea HTML.<\/p>\n\n\n\n<h4 class=\"wp-block-heading\">Publicitate digital\u0103<\/h4>\n\n\n\n<p class=\"\">Crearea de bannere publicitare \u0219i pagini de destina\u021bie.<\/p>\n\n\n\n<h3 class=\"wp-block-heading\">Informa\u021bii de pe 10 site-uri web conexe<\/h3>\n\n\n\n<figure class=\"wp-block-table\"><table class=\"has-fixed-layout\"><thead><tr><th>Site web<\/th><th>Caracteristici<\/th><th>Avantaje<\/th><th>Provoc\u0103ri<\/th><th>URL<\/th><\/tr><\/thead><tbody><tr><td><strong><a href=\"https:\/\/aiartfree.online\/ro\/generator-de-cod-html\/\" data-type=\"link\" data-id=\"https:\/\/aiartfree.online\/html-code-generator\">Generator de coduri HTML din capturi de ecran<\/a><\/strong><\/td><td>Exemple de cod HTML, Tutoriale<\/td><td>Comprehensiv, gratuit<\/td><td>Caracteristici de baz\u0103<\/td><td><a href=\"https:\/\/aiartfree.online\/ro\/generator-de-cod-html\/\">https:\/\/aiartfree.online\/html-code-generator<\/a><\/td><\/tr><tr><td>Cod Beautify<\/td><td>Vizualizator HTML, Minifier<\/td><td>U\u0219or de utilizat, rapid<\/td><td>Anun\u021buri prezente<\/td><td>codebeautify.org<\/td><\/tr><tr><td>HTML online<\/td><td>Editor HTML, Cleaner<\/td><td>U\u0219or de utilizat, gratuit<\/td><td>Personalizare limitat\u0103<\/td><td>html-cleaner.com<\/td><\/tr><tr><td>Generator de cod HTML<\/td><td>Text \u00een HTML, Generator de tabele<\/td><td>Eficient, f\u0103r\u0103 \u00eenscriere<\/td><td>Design de baz\u0103<\/td><td>html-code-generator.com<\/td><\/tr><tr><td>Pinegrow<\/td><td>Editor vizual HTML<\/td><td>Caracteristici profesionale<\/td><td>Scumpe<\/td><td>pinegrow.com<\/td><\/tr><tr><td>Editor HTML5<\/td><td>Editor HTML online<\/td><td>Gratuit, f\u0103r\u0103 \u00eenscriere<\/td><td>Anun\u021buri prezente<\/td><td>html5-editor.net<\/td><\/tr><tr><td>Quackit<\/td><td>Tutoriale, exemple de cod HTML<\/td><td>Educa\u021bional, Gratuit<\/td><td>Caracteristici de baz\u0103<\/td><td>quackit.com<\/td><\/tr><tr><td>FreeFormatter<\/td><td>HTML Formatter, Beautifier<\/td><td>Rapid, gratuit<\/td><td>Anun\u021buri prezente<\/td><td>freeformatter.com<\/td><\/tr><tr><td>JSFiddle<\/td><td>Editor online, HTML, CSS, JS<\/td><td>Colaborare, versatilitate<\/td><td>Necesit\u0103 autentificare<\/td><td>jsfiddle.net<\/td><\/tr><tr><td>Generator de tabele HTML<\/td><td>Creator de mese, personalizare<\/td><td>U\u0219or de utilizat, gratuit<\/td><td>Caracteristici limitate<\/td><td>rapidtables.com<\/td><\/tr><\/tbody><\/table><\/figure>\n\n\n\n<h3 class=\"wp-block-heading\">Avantaje \u0219i dezavantaje ale industriei de generare a codului HTML<\/h3>\n\n\n\n<h4 class=\"wp-block-heading\">Avantaje:<\/h4>\n\n\n\n<ul class=\"wp-block-list\">\n<li class=\"\"><strong>Accesibilitate<\/strong>: Instrumentele sunt disponibile online gratuit.<\/li>\n\n\n\n<li class=\"\"><strong>Economisirea timpului<\/strong>: Accelereaz\u0103 procesul de codificare.<\/li>\n\n\n\n<li class=\"\"><strong>U\u0219or de utilizat<\/strong>: Potrivit pentru \u00eencep\u0103tori \u0219i profesioni\u0219ti.<\/li>\n<\/ul>\n\n\n\n<h4 class=\"wp-block-heading\">Cons:<\/h4>\n\n\n\n<ul class=\"wp-block-list\">\n<li class=\"\"><strong>Limite de personalizare<\/strong>: Unele instrumente ofer\u0103 o personalizare limitat\u0103.<\/li>\n\n\n\n<li class=\"\"><strong>Dependen\u021ba de internet<\/strong>: Necesit\u0103 o conexiune la internet.<\/li>\n\n\n\n<li class=\"\"><strong>Curba de \u00eenv\u0103\u021bare<\/strong>: Unele caracteristici avansate pot necesita \u00eenv\u0103\u021bare.<\/li>\n<\/ul>\n\n\n\n<h4 class=\"wp-block-heading\">Avantaje \u0219i provoc\u0103ri:<\/h4>\n\n\n\n<ul class=\"wp-block-list\">\n<li class=\"\"><strong>Avantaje<\/strong>: Eficien\u021b\u0103, precizie, versatilitate.<\/li>\n\n\n\n<li class=\"\"><strong>Provoc\u0103ri<\/strong>: Personalizare, dependen\u021b\u0103 de internet, cerin\u021be de \u00eenv\u0103\u021bare.<\/li>\n<\/ul>\n\n\n\n<h4 class=\"wp-block-heading\">Recomand\u0103ri:<\/h4>\n\n\n\n<ul class=\"wp-block-list\">\n<li class=\"\">Folosi\u021bi instrumente de renume care beneficiaz\u0103 de un sprijin puternic.<\/li>\n\n\n\n<li class=\"\">Combina\u021bi cu codificarea manual\u0103 pentru sarcini mai complexe.<\/li>\n\n\n\n<li class=\"\">Actualiza\u021bi-v\u0103 periodic cuno\u0219tin\u021bele cu privire la noile instrumente \u0219i caracteristici.<\/li>\n<\/ul>\n\n\n\n<h3 class=\"wp-block-heading\">\u00ceNTREB\u0102RI FRECVENTE<\/h3>\n\n\n\n<ol class=\"wp-block-list\">\n<li class=\"\"><strong>Cum s\u0103 genera\u021bi cod HTML din capturi de ecran?<\/strong>\n<ul class=\"wp-block-list\">\n<li class=\"\">Utiliza\u021bi instrumentul nostru recomandat: <a href=\"https:\/\/aiartfree.online\/ro\/generator-de-cod-html\/\">Generator de cod HTML<\/a><\/li>\n<\/ul>\n<\/li>\n\n\n\n<li class=\"\"><strong>Adobe XD poate genera cod HTML?<\/strong>\n<ul class=\"wp-block-list\">\n<li class=\"\">Adobe XD nu genereaz\u0103 direct cod HTML.<\/li>\n<\/ul>\n<\/li>\n\n\n\n<li class=\"\"><strong>Cum s\u0103 genera\u021bi automat codul HTML \u00een VSCode?<\/strong>\n<ul class=\"wp-block-list\">\n<li class=\"\">Folosi\u021bi extensii precum Emmet.<\/li>\n<\/ul>\n<\/li>\n\n\n\n<li class=\"\"><strong>Cum se genereaz\u0103 codul HTML?<\/strong>\n<ul class=\"wp-block-list\">\n<li class=\"\">Utiliza\u021bi instrumentul nostru recomandat: <a href=\"https:\/\/aiartfree.online\/ro\/generator-de-cod-html\/\">Generator de cod HTML<\/a><\/li>\n<\/ul>\n<\/li>\n\n\n\n<li class=\"\"><strong>Cum s\u0103 gener\u0103m cod HTML din imagine?<\/strong>\n<ul class=\"wp-block-list\">\n<li class=\"\">Utiliza\u021bi instrumentul nostru recomandat: <a href=\"https:\/\/aiartfree.online\/ro\/generator-de-cod-html\/\">Generator de cod HTML<\/a><\/li>\n<\/ul>\n<\/li>\n\n\n\n<li class=\"\"><strong>Exist\u0103 un generator gratuit de cod HTML?<\/strong>\n<ul class=\"wp-block-list\">\n<li class=\"\">Da, multe instrumente sunt 100% gratuite \u0219i nelimitate.<\/li>\n<\/ul>\n<\/li>\n\n\n\n<li class=\"\"><strong>Pot genera cod HTML f\u0103r\u0103 s\u0103 m\u0103 \u00eenscriu?<\/strong>\n<ul class=\"wp-block-list\">\n<li class=\"\">Da, instrumentul nostru nu necesit\u0103 \u00eenscriere.<\/li>\n<\/ul>\n<\/li>\n\n\n\n<li class=\"\"><strong>Care este cel mai bun generator de coduri HTML?<\/strong>\n<ul class=\"wp-block-list\">\n<li class=\"\">Instrumentul nostru este foarte recomandat pentru caracteristicile sale \u0219i u\u0219urin\u021ba de utilizare.<\/li>\n<\/ul>\n<\/li>\n\n\n\n<li class=\"\"><strong>Cum s\u0103 crea\u021bi u\u0219or un tabel \u00een HTML?<\/strong>\n<ul class=\"wp-block-list\">\n<li class=\"\">Utiliza\u021bi un instrument de creare a tabelelor HTML.<\/li>\n<\/ul>\n<\/li>\n\n\n\n<li class=\"\"><strong>Pot genera cod HTML pentru text?<\/strong><\/li>\n<\/ol>\n\n\n\n<ul class=\"wp-block-list\">\n<li class=\"\">Da, utiliza\u021bi generatorul nostru de text HTML.<\/li>\n<\/ul>\n\n\n\n<h3 class=\"wp-block-heading\">Rezumat<\/h3>\n\n\n\n<h4 class=\"wp-block-heading\">Avantaje principale:<\/h4>\n\n\n\n<ul class=\"wp-block-list\">\n<li class=\"\"><strong>Eficien\u021b\u0103<\/strong>: Accelereaz\u0103 procesul de codificare.<\/li>\n\n\n\n<li class=\"\"><strong>U\u0219or de utilizat<\/strong>: Potrivit pentru toate nivelurile de calificare.<\/li>\n\n\n\n<li class=\"\"><strong>Versatilitate<\/strong>: Genereaz\u0103 diverse elemente HTML.<\/li>\n<\/ul>\n\n\n\n<p class=\"\">\u00cencepe\u021bi s\u0103 utiliza\u021bi <a href=\"https:\/\/aiartfree.online\/ro\/generator-de-cod-html\/\">Generator de cod HTML<\/a> ast\u0103zi pentru a crea cod HTML f\u0103r\u0103 efort \u0219i pentru a v\u0103 \u00eembun\u0103t\u0103\u021bi proiectele de dezvoltare web.<\/p>\n\n\n\n<p class=\"\">Dac\u0103 ave\u021bi \u00eentreb\u0103ri suplimentare, le pute\u021bi adresa <a href=\"https:\/\/chatgpt4o.space\/\" target=\"_blank\" data-type=\"link\" data-id=\"https:\/\/chatgpt4o.space\/\" rel=\"noreferrer noopener\">Chat online gratuit GPT 4o<\/a>.<br><\/p>","protected":false},"excerpt":{"rendered":"<p>Before vs After How to use the HTML Code Generator * Feel free to try our examples below if you don&#8217;t have any thoughts in your mind *&nbsp;Depending on your internet speed, loading the model may take up to 10 seconds \u2193 Efficient and User-Friendly HTML Code Generators: The Ultimate Tool for Web Development What &#8230; <a title=\"Generator de cod HTML\" class=\"read-more\" href=\"https:\/\/aiartfree.online\/ro\/generator-de-cod-html\/\" aria-label=\"Cite\u0219te mai multe despre HTML Code Generator\">Cite\u0219te mai mult<\/a><\/p>","protected":false},"author":1,"featured_media":3427,"parent":0,"menu_order":0,"comment_status":"open","ping_status":"closed","template":"","meta":{"nf_dc_page":"","footnotes":""},"class_list":["post-3416","page","type-page","status-publish","has-post-thumbnail"],"jetpack_sharing_enabled":true,"_links":{"self":[{"href":"https:\/\/aiartfree.online\/ro\/wp-json\/wp\/v2\/pages\/3416","targetHints":{"allow":["GET"]}}],"collection":[{"href":"https:\/\/aiartfree.online\/ro\/wp-json\/wp\/v2\/pages"}],"about":[{"href":"https:\/\/aiartfree.online\/ro\/wp-json\/wp\/v2\/types\/page"}],"author":[{"embeddable":true,"href":"https:\/\/aiartfree.online\/ro\/wp-json\/wp\/v2\/users\/1"}],"replies":[{"embeddable":true,"href":"https:\/\/aiartfree.online\/ro\/wp-json\/wp\/v2\/comments?post=3416"}],"version-history":[{"count":0,"href":"https:\/\/aiartfree.online\/ro\/wp-json\/wp\/v2\/pages\/3416\/revisions"}],"wp:featuredmedia":[{"embeddable":true,"href":"https:\/\/aiartfree.online\/ro\/wp-json\/wp\/v2\/media\/3427"}],"wp:attachment":[{"href":"https:\/\/aiartfree.online\/ro\/wp-json\/wp\/v2\/media?parent=3416"}],"curies":[{"name":"wp","href":"https:\/\/api.w.org\/{rel}","templated":true}]}}