{"id":3366,"date":"2024-07-31T07:54:51","date_gmt":"2024-07-31T07:54:51","guid":{"rendered":"https:\/\/aiartfree.online\/?page_id=3366"},"modified":"2024-08-02T10:41:37","modified_gmt":"2024-08-02T10:41:37","slug":"ai-background-generator","status":"publish","type":"page","link":"https:\/\/aiartfree.online\/ro\/generator-de-fundal-ai\/","title":{"rendered":"Generator de fundal AI"},"content":{"rendered":"<h2 class=\"wp-block-heading has-text-align-center\" id=\"before-vs-after\">\u00cenainte vs. Dup\u0103<\/h2>\n\n\n\n<figure class=\"gb-block-image gb-block-image-1822da1f\"><img data-recalc-dims=\"1\" decoding=\"async\" loading=\"lazy\" width=\"1200\" height=\"423\" class=\"gb-image gb-image-1822da1f\" src=\"https:\/\/i0.wp.com\/aiartfree.online\/wp-content\/uploads\/2024\/07\/WX20240731-145349%402x-scaled.webp?resize=1200%2C423&#038;ssl=1\" alt=\"Generator de fundal AI | Schimb\u0103tor de fundal gratuit, nelimitat\" title=\"WX20240731-145349@2x\" srcset=\"https:\/\/i0.wp.com\/aiartfree.online\/wp-content\/uploads\/2024\/07\/WX20240731-145349%402x-scaled.webp?w=2560&amp;ssl=1 2560w, https:\/\/i0.wp.com\/aiartfree.online\/wp-content\/uploads\/2024\/07\/WX20240731-145349%402x-scaled.webp?resize=300%2C106&amp;ssl=1 300w, https:\/\/i0.wp.com\/aiartfree.online\/wp-content\/uploads\/2024\/07\/WX20240731-145349%402x-scaled.webp?resize=1024%2C361&amp;ssl=1 1024w, https:\/\/i0.wp.com\/aiartfree.online\/wp-content\/uploads\/2024\/07\/WX20240731-145349%402x-scaled.webp?resize=768%2C271&amp;ssl=1 768w, https:\/\/i0.wp.com\/aiartfree.online\/wp-content\/uploads\/2024\/07\/WX20240731-145349%402x-scaled.webp?resize=1536%2C541&amp;ssl=1 1536w, https:\/\/i0.wp.com\/aiartfree.online\/wp-content\/uploads\/2024\/07\/WX20240731-145349%402x-scaled.webp?resize=2048%2C721&amp;ssl=1 2048w, https:\/\/i0.wp.com\/aiartfree.online\/wp-content\/uploads\/2024\/07\/WX20240731-145349%402x-scaled.webp?resize=18%2C6&amp;ssl=1 18w, https:\/\/i0.wp.com\/aiartfree.online\/wp-content\/uploads\/2024\/07\/WX20240731-145349%402x-scaled.webp?resize=600%2C211&amp;ssl=1 600w, https:\/\/i0.wp.com\/aiartfree.online\/wp-content\/uploads\/2024\/07\/WX20240731-145349%402x-scaled.webp?w=2400&amp;ssl=1 2400w\" sizes=\"auto, (max-width: 1200px) 100vw, 1200px\" \/><\/figure>\n\n\n\n<h2 class=\"wp-block-heading\" id=\"how-to-use-the-ai-background-generator\">Cum s\u0103 utiliza\u021bi generatorul de fundal AI<\/h2>\n\n\n\n<ol class=\"wp-block-list\">\n<li class=\"\">Arunca\u021bi sau \u00eenc\u0103rca\u021bi imaginea dvs.<\/li>\n\n\n\n<li class=\"\">Introduce\u021bi promptul (Selecta\u021bi <strong>Eliminarea fundalului<\/strong> dac\u0103 imaginea dvs. are un fundal pentru a ob\u021bine un rezultat mai bun)<\/li>\n\n\n\n<li class=\"\">Face\u021bi clic pe \"Generare\"<\/li>\n\n\n\n<li class=\"\">Stai, asta este!<\/li>\n<\/ol>\n\n\n\n<p class=\"\">* Nu ezita\u021bi s\u0103 \u00eencerca\u021bi exemplele noastre de mai jos dac\u0103 nu ave\u021bi niciun g\u00e2nd \u00een minte<\/p>\n\n\n\n<p class=\"\"><em>* \u00cen func\u021bie de viteza internetului, \u00eenc\u0103rcarea modelului poate dura c\u00e2teva secunde.<br>* \u00cen timpul gener\u0103rii continue va exista un proces de cache, iar noua imagine va ap\u0103rea dup\u0103 aproximativ 3 secunde.<\/em><\/p>\n\n\n<div class=\"gb-container gb-container-968be51b\">\n\n<div class=\"iframe-wrapper\" style=\"position: relative; width: 100%; height: 2650px;\">\n  <div class=\"loading\" style=\"position: absolute; top: 100px; left: 50%; transform: translate(-50%, -50%); width: 40px; height: 40px; border: 3px solid #f0f0f0; border-top: 3px solid #db7093; border-radius: 50%; animation: spin 1s linear infinite;\"><\/div>\n  <iframe loading=\"lazy\" src=\"https:\/\/fotographerai-fai-fuzer.hf.space\" frameborder=\"0\" width=\"100%\" height=\"100%\" style=\"position: absolute; top: 0; left: 0; opacity: 0; transition: opacity 0.3s;\" onload=\"this.style.opacity=1;this.previousElementSibling.style.display='none';\"><\/iframe>\n<\/div>\n\n<style>\n@keyframes spin {\n  0% { transform: translate(-50%, -50%) rotate(0deg); }\n  100% { transform: translate(-50%, -50%) rotate(360deg); }\n}\n<\/style>\n\n<\/div>\n\n\n<div style=\"height:100px\" aria-hidden=\"true\" class=\"wp-block-spacer\"><\/div>\n\n\n\n<h2 class=\"wp-block-heading\" id=\"ai-background-generator-revolutionizing-image-creation\">Generator de fundal AI: Revolu\u021bionarea cre\u0103rii de imagini<\/h2>\n\n\n\n<p class=\"\">Acest articol exploreaz\u0103 lumea generatoarelor de fundal AI, beneficiile lor \u0219i modul \u00een care acestea transform\u0103 imaginile digitale. Vom acoperi totul, de la concepte de baz\u0103 la aplica\u021bii avansate, ajut\u00e2ndu-v\u0103 s\u0103 \u00een\u021belege\u021bi de ce acest instrument devine indispensabil at\u00e2t pentru creatori, c\u00e2t \u0219i pentru \u00eentreprinderi.<\/p>\n\n\n\n<div class=\"wp-block-rank-math-toc-block\" id=\"rank-math-toc\"><h3>Tabla de con\u021binut<\/h3><nav><ul><li><a href=\"#what-is-an-ai-background-generator\">Ce este un generator de fundal AI?<\/a><\/li><li><a href=\"#why-use-an-ai-background-generator\">De ce s\u0103 folosi\u021bi un generator de fundal AI?<\/a><\/li><li><a href=\"#main-features-of-ai-background-generators\">Principalele caracteristici ale generatoarelor de fundal AI<\/a><ul><li><a href=\"#1-image-generation-from-text\">1. Generarea de imagini din text<\/a><\/li><li><a href=\"#2-style-transfer\">2. Transfer de stil<\/a><\/li><li><a href=\"#3-background-removal-and-replacement\">3. Eliminarea \u0219i \u00eenlocuirea fundalului<\/a><\/li><li><a href=\"#4-resolution-enhancement\">4. \u00cembun\u0103t\u0103\u021birea rezolu\u021biei<\/a><\/li><\/ul><\/li><li><a href=\"#who-should-use-ai-background-generators\">Cine ar trebui s\u0103 utilizeze generatoarele de antecedente AI?<\/a><\/li><li><a href=\"#industries-benefiting-from-ai-background-generators\">Industrii care beneficiaz\u0103 de generatoarele de fundal AI<\/a><\/li><li><a href=\"#how-to-use-an-ai-background-generator\">Cum s\u0103 utiliza\u021bi un generator de fundal AI<\/a><\/li><li><a href=\"#use-cases-for-ai-background-generators\">Cazuri de utilizare pentru generatoarele de fundal AI<\/a><ul><li><a href=\"#e-commerce-product-images\">Imagini ale produselor de comer\u021b electronic<\/a><\/li><li><a href=\"#social-media-content\">Con\u021binut social media<\/a><\/li><li><a href=\"#video-production\">Produc\u021bie video<\/a><\/li><li><a href=\"#website-design\">Design site web<\/a><\/li><\/ul><\/li><li><a href=\"#10-ai-background-generator-tools-pros-cons-and-features\">10 Instrumente de generare a fundalului AI: Avantaje, dezavantaje \u0219i caracteristici<\/a><\/li><li><a href=\"#advantages-challenges-and-recommendations-for-the-ai-background-generation-industry\">Avantaje, provoc\u0103ri \u0219i recomand\u0103ri pentru industria de generare a fondului AI<\/a><ul><li><a href=\"#advantages\">Avantaje<\/a><\/li><li><a href=\"#challenges\">Provoc\u0103ri<\/a><\/li><li><a href=\"#recommendations\">Recomand\u0103ri<\/a><\/li><\/ul><\/li><li><a href=\"#faq\">\u00ceNTREB\u0102RI FRECVENTE<\/a><\/li><li><a href=\"#conclusion\">Concluzie<\/a><\/li><\/ul><\/nav><\/div>\n\n\n\n<h3 class=\"wp-block-heading\" id=\"what-is-an-ai-background-generator\">Ce este un generator de fundal AI?<\/h3>\n\n\n\n<p class=\"\">Un generator de fundal AI este un instrument de ultim\u0103 or\u0103 care utilizeaz\u0103 inteligen\u021ba artificial\u0103 pentru a crea fundaluri uimitoare \u0219i unice pentru diverse proiecte digitale. Aceast\u0103 tehnologie nr.1 permite utilizatorilor s\u0103 produc\u0103 imagini de \u00eenalt\u0103 calitate f\u0103r\u0103 a fi nevoie de abilit\u0103\u021bi extinse de design grafic sau de software costisitor.<\/p>\n\n\n\n<h3 class=\"wp-block-heading\" id=\"why-use-an-ai-background-generator\">De ce s\u0103 folosi\u021bi un generator de fundal AI?<\/h3>\n\n\n\n<p class=\"\">Utilizarea unui generator de fundal AI ofer\u0103 numeroase avantaje:<\/p>\n\n\n\n<ol class=\"wp-block-list\">\n<li class=\"\">Economisire de timp: Genera\u021bi fundaluri \u00een c\u00e2teva secunde<\/li>\n\n\n\n<li class=\"\">Rentabil: Multe op\u021biuni sunt 100% gratuite \u0219i nelimitate<\/li>\n\n\n\n<li class=\"\">Versatil: Crea\u021bi fundaluri pentru diferite scopuri<\/li>\n\n\n\n<li class=\"\">Nu sunt necesare abilit\u0103\u021bi de proiectare: AI face munca grea<\/li>\n\n\n\n<li class=\"\">Personalizabil: Adapta\u021bi rezultatele la nevoile dvs. specifice<\/li>\n<\/ol>\n\n\n\n<h3 class=\"wp-block-heading\" id=\"main-features-of-ai-background-generators\">Principalele caracteristici ale generatoarelor de fundal AI<\/h3>\n\n\n\n<h4 class=\"wp-block-heading\" id=\"1-image-generation-from-text\">1. Generarea de imagini din text<\/h4>\n\n\n\n<p class=\"\">Generatoarele de fundal AI pot crea imagini bazate pe descrieri text, permi\u021b\u00e2nd rezultate incredibil de specifice \u0219i personalizate.<\/p>\n\n\n\n<h4 class=\"wp-block-heading\" id=\"2-style-transfer\">2. Transfer de stil<\/h4>\n\n\n\n<p class=\"\">Aplica\u021bi stiluri artistice imaginilor existente sau genera\u021bi altele noi \u00een stiluri specifice, de la fotorealist la abstract.<\/p>\n\n\n\n<h4 class=\"wp-block-heading\" id=\"3-background-removal-and-replacement\">3. Eliminarea \u0219i \u00eenlocuirea fundalului<\/h4>\n\n\n\n<p class=\"\">Elimina\u021bi \u0219i schimba\u021bi cu u\u0219urin\u021b\u0103 fundalul fotografiilor, perfect pentru imagini de produse sau portrete.<\/p>\n\n\n\n<h4 class=\"wp-block-heading\" id=\"4-resolution-enhancement\">4. \u00cembun\u0103t\u0103\u021birea rezolu\u021biei<\/h4>\n\n\n\n<p class=\"\">Amplifica\u021bi \u0219i \u00eembun\u0103t\u0103\u021bi\u021bi calitatea imaginilor existente sau genera\u021bi fundaluri de \u00eenalt\u0103 rezolu\u021bie de la zero.<\/p>\n\n\n\n<h3 class=\"wp-block-heading\" id=\"who-should-use-ai-background-generators\">Cine ar trebui s\u0103 utilizeze generatoarele de antecedente AI?<\/h3>\n\n\n\n<ul class=\"wp-block-list\">\n<li class=\"\">Designeri grafici<\/li>\n\n\n\n<li class=\"\">Marketeri social media<\/li>\n\n\n\n<li class=\"\">Afacerile de comer\u021b electronic<\/li>\n\n\n\n<li class=\"\">Dezvoltatorii de jocuri (de exemplu, pentru generatorul de fundal dnd AI)<\/li>\n\n\n\n<li class=\"\">Creatori de con\u021binut<\/li>\n\n\n\n<li class=\"\">Fotografi<\/li>\n<\/ul>\n\n\n\n<h3 class=\"wp-block-heading\" id=\"industries-benefiting-from-ai-background-generators\">Industrii care beneficiaz\u0103 de generatoarele de fundal AI<\/h3>\n\n\n\n<ul class=\"wp-block-list\">\n<li class=\"\">Publicitate \u0219i marketing<\/li>\n\n\n\n<li class=\"\">E-commerce \u0219i fotografie de produs<\/li>\n\n\n\n<li class=\"\">Jocuri \u0219i divertisment<\/li>\n\n\n\n<li class=\"\">Bunuri imobiliare<\/li>\n\n\n\n<li class=\"\">Mod\u0103 \u0219i stil de via\u021b\u0103<\/li>\n\n\n\n<li class=\"\">Educa\u021bie \u0219i e-learning<\/li>\n<\/ul>\n\n\n\n<h3 class=\"wp-block-heading\" id=\"how-to-use-an-ai-background-generator\">Cum s\u0103 utiliza\u021bi un generator de fundal AI<\/h3>\n\n\n\n<ol class=\"wp-block-list\">\n<li class=\"\">Alege\u021bi un instrument generator de fundal AI de \u00eencredere<\/li>\n\n\n\n<li class=\"\">Selecta\u021bi func\u021bia dorit\u0103 (de exemplu, generarea unei noi imagini, eliminarea fundalului)<\/li>\n\n\n\n<li class=\"\">Introduce\u021bi o descriere text sau \u00eenc\u0103rca\u021bi o imagine<\/li>\n\n\n\n<li class=\"\">Regla\u021bi set\u0103rile dup\u0103 cum este necesar<\/li>\n\n\n\n<li class=\"\">Generarea fundalului<\/li>\n\n\n\n<li class=\"\">Desc\u0103rca\u021bi \u0219i utiliza\u021bi noul fundal<\/li>\n<\/ol>\n\n\n\n<h3 class=\"wp-block-heading\" id=\"use-cases-for-ai-background-generators\">Cazuri de utilizare pentru generatoarele de fundal AI<\/h3>\n\n\n\n<h4 class=\"wp-block-heading\" id=\"e-commerce-product-images\">Imagini ale produselor de comer\u021b electronic<\/h4>\n\n\n\n<p class=\"\">Crea\u021bi imagini de produse cu aspect profesional cu ajutorul imaginilor de flori frumoase generate de AI cu fundal neclar sau alte contexte adecvate.<\/p>\n\n\n\n<h4 class=\"wp-block-heading\" id=\"social-media-content\">Con\u021binut social media<\/h4>\n\n\n\n<p class=\"\">Genera\u021bi fundaluri atr\u0103g\u0103toare pentru post\u0103ri, povestiri \u0219i anun\u021buri.<\/p>\n\n\n\n<h4 class=\"wp-block-heading\" id=\"video-production\">Produc\u021bie video<\/h4>\n\n\n\n<p class=\"\">Crea\u021bi decoruri unice pentru proiecte video, decoruri virtuale sau \u00eenlocuiri ale ecranului verde.<\/p>\n\n\n\n<h4 class=\"wp-block-heading\" id=\"website-design\">Design site web<\/h4>\n\n\n\n<p class=\"\">Crea\u021bi fundaluri personalizate pentru pagini web, anteturi \u0219i bannere.<\/p>\n\n\n\n<h3 class=\"wp-block-heading\" id=\"10-ai-background-generator-tools-pros-cons-and-features\">10 Instrumente de generare a fundalului AI: Avantaje, dezavantaje \u0219i caracteristici<\/h3>\n\n\n\n<figure class=\"wp-block-table\"><table class=\"has-fixed-layout\"><thead><tr><th>Instrument<\/th><th>Avantaje<\/th><th>Contra<\/th><th>Caracteristici<\/th><th>URL<\/th><\/tr><\/thead><tbody><tr><td>AIArtFree<\/td><td>100% Gratuit, F\u0103r\u0103 \u00eenregistrare, Utilizare nelimitat\u0103<\/td><td>Func\u021bii avansate limitate<\/td><td>Generator de fundal AI, Eliminarea fundalului<\/td><td><a href=\"https:\/\/aiartfree.online\/ro\/generator-de-fundal-ai\/\">https:\/\/aiartfree.online\/ai-background-generator\/<\/a><\/td><\/tr><tr><td>DALL-E 2<\/td><td>Ie\u0219iri de \u00eenalt\u0103 calitate, Versatil<\/td><td>Serviciu pl\u0103tit, Necesit\u0103 cont OpenAI<\/td><td>Generarea textului \u00een imagine, Editarea imaginilor<\/td><td><a href=\"https:\/\/openai.com\/dall-e-2\" target=\"_blank\" rel=\"noreferrer noopener\">https:\/\/openai.com\/dall-e-2<\/a><\/td><\/tr><tr><td>C\u0103l\u0103torie intermediar\u0103<\/td><td>Rezultate artistice, orientate c\u0103tre comunitate<\/td><td>Serviciu pl\u0103tit, interfa\u021b\u0103 bazat\u0103 pe Discord<\/td><td>Generarea textului \u00een imagine, Personalizarea stilului<\/td><td>https:\/\/www.midjourney.com<\/td><\/tr><tr><td>Difuzie stabil\u0103<\/td><td>Open-source, personalizabil<\/td><td>Necesit\u0103 cuno\u0219tin\u021be tehnice pentru configurare<\/td><td>Generarea textului \u00een imagine, traducerea imaginii \u00een imagine<\/td><td>https:\/\/stability.ai<\/td><\/tr><tr><td>Canva<\/td><td>Interfa\u021b\u0103 u\u0219or de utilizat, Instrumente de proiectare integrate<\/td><td>Func\u021bii AI limitate \u00een versiunea gratuit\u0103<\/td><td>Eliminarea fundalului, Generarea imaginii (cu Magic Studio)<\/td><td>https:\/\/www.canva.com<\/td><\/tr><tr><td>Remove.bg<\/td><td>Specializat\u0103 \u00een \u00eendep\u0103rtarea antecedentelor, API disponibil\u0103<\/td><td>Limitat doar la eliminarea fundalului<\/td><td>Eliminarea automat\u0103 a fundalului, Detectarea persoanei<\/td><td>https:\/\/www.remove.bg<\/td><\/tr><tr><td>Pixlr<\/td><td>Versiune de baz\u0103 gratuit\u0103, bazat\u0103 pe web<\/td><td>Func\u021biile avansate necesit\u0103 abonament<\/td><td>Instrumente de editare a imaginilor, Eliminarea fundalului AI<\/td><td>https:\/\/pixlr.com<\/td><\/tr><tr><td>PhotoRoom<\/td><td>Mobile-friendly, Bun pentru fotografii de produse<\/td><td>Func\u021biile complete necesit\u0103 abonament<\/td><td>Eliminarea fundalului, eliminarea obiectelor, generarea de imagini AI<\/td><td>https:\/\/www.photoroom.com<\/td><\/tr><tr><td>Artbreeder<\/td><td>Capacit\u0103\u021bi unice de combinare a imaginilor<\/td><td>Curb\u0103 de \u00eenv\u0103\u021bare pentru cele mai bune rezultate<\/td><td>Mixare imagine, Transfer stil<\/td><td>https:\/\/www.artbreeder.com<\/td><\/tr><tr><td>Fotor<\/td><td>U\u0219or de utilizat, Instrumente AI multiple<\/td><td>Unele caracteristici sunt blocate \u00een spatele zidului de plat\u0103<\/td><td>Eliminarea fundalului, Generator de art\u0103 AI, Efecte foto<\/td><td>https:\/\/www.fotor.com<\/td><\/tr><\/tbody><\/table><figcaption class=\"wp-element-caption\">Acest tabel ofer\u0103 o prezentare mai cuprinz\u0103toare a diferitelor instrumente de generare a fundalului AI, inclusiv avantajele, dezavantajele, caracteristicile cheie \u0219i URL-urile acestora.<\/figcaption><\/figure>\n\n\n\n<h3 class=\"wp-block-heading\" id=\"advantages-challenges-and-recommendations-for-the-ai-background-generation-industry\">Avantaje, provoc\u0103ri \u0219i recomand\u0103ri pentru industria de generare a fondului AI<\/h3>\n\n\n\n<h4 class=\"wp-block-heading\" id=\"advantages\">Avantaje<\/h4>\n\n\n\n<ul class=\"wp-block-list\">\n<li class=\"\">Inova\u021bie rapid\u0103 \u00een tehnologia IA<\/li>\n\n\n\n<li class=\"\">Cre\u0219tere a cererii \u00een diverse sectoare<\/li>\n\n\n\n<li class=\"\">Poten\u021bial de integrare cu alte instrumente AI<\/li>\n<\/ul>\n\n\n\n<h4 class=\"wp-block-heading\" id=\"challenges\">Provoc\u0103ri<\/h4>\n\n\n\n<ul class=\"wp-block-list\">\n<li class=\"\">Drepturile de autor \u0219i preocup\u0103rile etice<\/li>\n\n\n\n<li class=\"\">Asigurarea calit\u0103\u021bii \u0219i consecven\u021bei imaginii<\/li>\n\n\n\n<li class=\"\">Echilibrarea automatiz\u0103rii cu creativitatea uman\u0103<\/li>\n<\/ul>\n\n\n\n<h4 class=\"wp-block-heading\" id=\"recommendations\">Recomand\u0103ri<\/h4>\n\n\n\n<ul class=\"wp-block-list\">\n<li class=\"\">Concentrarea pe interfe\u021be u\u0219or de utilizat<\/li>\n\n\n\n<li class=\"\">Dezvoltarea de caracteristici specifice industriei<\/li>\n\n\n\n<li class=\"\">Prioritizarea practicilor etice de IA \u0219i a transparen\u021bei<\/li>\n<\/ul>\n\n\n\n<h3 class=\"wp-block-heading\" id=\"faq\">\u00ceNTREB\u0102RI FRECVENTE<\/h3>\n\n\n\n<ol class=\"wp-block-list\">\n<li class=\"\">Cum s\u0103 genera\u021bi fundal AI \u00een Photoshop?<br>De\u0219i Photoshop ofer\u0103 unele func\u021bii de AI, utilizarea unui instrument dedicat precum https:\/\/aiartfree.online\/ai-background-generator\/ este mai rapid\u0103, mai u\u0219oar\u0103 \u0219i gratuit\u0103.<\/li>\n\n\n\n<li class=\"\">Cum s\u0103 genera\u021bi AI un fundal \u00een Photoshop?<br>\u00cen loc s\u0103 utiliza\u021bi Photoshop, \u00eencerca\u021bi generatorul nostru gratuit de fundal AI pentru rezultate mai rapide \u0219i mai simple.<\/li>\n\n\n\n<li class=\"\">Cum poate AI s\u0103 genereze fundal?<br>Vizita\u021bi https:\/\/aiartfree.online\/ai-background-generator\/, introduce\u021bi descrierea dorit\u0103 sau \u00eenc\u0103rca\u021bi o imagine \u0219i l\u0103sa\u021bi AI-ul s\u0103 creeze un fundal pentru dvs.<\/li>\n\n\n\n<li class=\"\">Pot folosi \u00een scopuri comerciale fundaluri generate de AI?<br>Depinde de instrument \u0219i de termenii s\u0103i de serviciu. Verifica\u021bi \u00eentotdeauna acordul de licen\u021biere \u00eenainte de utilizarea comercial\u0103.<\/li>\n\n\n\n<li class=\"\">Generatoarele de fundal AI sunt gratuite?<br>Multe instrumente ofer\u0103 op\u021biuni gratuite, cum ar fi generatorul nostru gratuit \u0219i nelimitat 100% la https:\/\/aiartfree.online\/ai-background-generator\/.<\/li>\n\n\n\n<li class=\"\">Pot generatoarele de fundal AI s\u0103 creeze imagini realiste?<br>Da, multe instrumente AI pot crea fundaluri \u0219i imagini extrem de realiste.<\/li>\n\n\n\n<li class=\"\">Cum pot elimina fundalul de pe o imagine existent\u0103?<br>Majoritatea generatoarelor de fundal AI ofer\u0103 func\u021bii de eliminare a fundalului. Pur \u0219i simplu \u00eenc\u0103rca\u021bi imaginea dvs. \u0219i selecta\u021bi op\u021biunea de eliminare a fundalului.<\/li>\n\n\n\n<li class=\"\">Pot genera fundaluri pentru teme specifice precum fantezie sau SF?<br>Categoric! Generatoarele AI pot crea fundaluri pentru diferite teme pe baza descrierilor textului dvs.<\/li>\n\n\n\n<li class=\"\">Exist\u0103 limit\u0103ri pentru fundalurile generate de AI?<br>De\u0219i puternice, generatoarele AI pot produce uneori inconsecven\u021be sau elemente nerealiste. Revizui\u021bi \u00eentotdeauna \u0219i eventual edita\u021bi rezultatele.<\/li>\n\n\n\n<li class=\"\">Cum pot asigura unicitatea fundalurilor mele generate de AI?<br>Utiliza\u021bi indica\u021bii specifice, combina\u021bi mai multe genera\u021bii sau ad\u0103uga\u021bi atingeri personale pentru a v\u0103 face fundalurile cu adev\u0103rat unice.<\/li>\n<\/ol>\n\n\n\n<h3 class=\"wp-block-heading\" id=\"conclusion\">Concluzie<\/h3>\n\n\n\n<p class=\"\">Generatoarele de fundal AI revolu\u021bioneaz\u0103 modul \u00een care cre\u0103m \u0219i manipul\u0103m imaginile digitale. Cu instrumente precum https:\/\/aiartfree.online\/ai-background-generator\/ care ofer\u0103 100% op\u021biuni gratuite, nelimitate \u0219i f\u0103r\u0103 \u00eenscriere, este mai u\u0219or ca niciodat\u0103 s\u0103 produci imagini uimitoare pentru orice proiect. Fie c\u0103 sunte\u021bi un designer profesionist sau un creator ocazional, generatoarele de fundal AI ofer\u0103 o solu\u021bie accesibil\u0103, eficient\u0103 \u0219i puternic\u0103 pentru nevoile dvs. de imagini. \u00cencerca\u021bi unul ast\u0103zi \u0219i experimenta\u021bi viitorul creativit\u0103\u021bii digitale!<\/p>","protected":false},"excerpt":{"rendered":"<p>Before vs After How to use the AI Background Generator * Feel free to try our examples below if you don&#8217;t have any thoughts in your mind *&nbsp;Depending on your internet speed, loading the model may take a few seconds.* There will be caching during continuous generation, and the new image will appear after about &#8230; <a title=\"Generator de fundal AI\" class=\"read-more\" href=\"https:\/\/aiartfree.online\/ro\/generator-de-fundal-ai\/\" aria-label=\"Cite\u0219te mai multe despre AI Background Generator\">Cite\u0219te mai mult<\/a><\/p>","protected":false},"author":1,"featured_media":3377,"parent":0,"menu_order":0,"comment_status":"open","ping_status":"closed","template":"","meta":{"nf_dc_page":"","footnotes":""},"class_list":["post-3366","page","type-page","status-publish","has-post-thumbnail"],"jetpack_sharing_enabled":true,"_links":{"self":[{"href":"https:\/\/aiartfree.online\/ro\/wp-json\/wp\/v2\/pages\/3366","targetHints":{"allow":["GET"]}}],"collection":[{"href":"https:\/\/aiartfree.online\/ro\/wp-json\/wp\/v2\/pages"}],"about":[{"href":"https:\/\/aiartfree.online\/ro\/wp-json\/wp\/v2\/types\/page"}],"author":[{"embeddable":true,"href":"https:\/\/aiartfree.online\/ro\/wp-json\/wp\/v2\/users\/1"}],"replies":[{"embeddable":true,"href":"https:\/\/aiartfree.online\/ro\/wp-json\/wp\/v2\/comments?post=3366"}],"version-history":[{"count":0,"href":"https:\/\/aiartfree.online\/ro\/wp-json\/wp\/v2\/pages\/3366\/revisions"}],"wp:featuredmedia":[{"embeddable":true,"href":"https:\/\/aiartfree.online\/ro\/wp-json\/wp\/v2\/media\/3377"}],"wp:attachment":[{"href":"https:\/\/aiartfree.online\/ro\/wp-json\/wp\/v2\/media?parent=3366"}],"curies":[{"name":"wp","href":"https:\/\/api.w.org\/{rel}","templated":true}]}}