{"id":3351,"date":"2024-07-30T17:07:44","date_gmt":"2024-07-30T17:07:44","guid":{"rendered":"https:\/\/aiartfree.online\/?page_id=3351"},"modified":"2024-08-16T10:09:07","modified_gmt":"2024-08-16T10:09:07","slug":"ai-voice-generator","status":"publish","type":"page","link":"https:\/\/aiartfree.online\/ro\/generator-de-voce-ai\/","title":{"rendered":"Generator de voce AI"},"content":{"rendered":"<h2 class=\"wp-block-heading\" id=\"how-to-use-the-ai-voice-generator\">Cum se utilizeaz\u0103 AI Voice Generator<\/h2>\n\n\n\n<ol class=\"wp-block-list\">\n<li class=\"\">Introduce\u021bi textul dvs.<\/li>\n\n\n\n<li class=\"\">Selecta\u021bi o voce<\/li>\n\n\n\n<li class=\"\">Face\u021bi clic pe \"Trimite\"<\/li>\n\n\n\n<li class=\"\">Stai, asta este!<\/li>\n<\/ol>\n\n\n\n<p class=\"\">* Nu ezita\u021bi s\u0103 \u00eencerca\u021bi exemplele noastre de mai jos dac\u0103 nu ave\u021bi niciun g\u00e2nd \u00een minte<\/p>\n\n\n\n<p class=\"\"><em>* \u00cen func\u021bie de viteza internetului dvs., \u00eenc\u0103rcarea modelului poate dura <\/em>p\u00e2n\u0103 la 10 secunde \u2193<\/p>\n\n\n\n<div class=\"iframe-wrapper\" style=\"position: relative; width: 100%; height: 1000px;\">\n  <div class=\"loading\" style=\"position: absolute; top: 50px; left: 50%; transform: translate(-50%, -50%); width: 40px; height: 40px; border: 3px solid #f0f0f0; border-top: 3px solid #db7093; border-radius: 50%; animation: spin 1s linear infinite;\"><\/div>\n  <iframe loading=\"lazy\" src=\"https:\/\/innoai-edge-tts-text-to-speech.hf.space\" frameborder=\"0\" width=\"100%\" height=\"100%\" style=\"position: absolute; top: 0; left: 0; opacity: 0; transition: opacity 0.3s;\" onload=\"this.style.opacity=1;this.previousElementSibling.style.display='none';\"><\/iframe>\n<\/div>\n\n<style>\n@keyframes spin {\n  0% { transform: translate(-50%, -50%) rotate(0deg); }\n  100% { transform: translate(-50%, -50%) rotate(360deg); }\n}\n<\/style>\n\n\n\n<div style=\"height:80px\" aria-hidden=\"true\" class=\"wp-block-spacer\"><\/div>\n\n\n\n<h2 class=\"wp-block-heading\" id=\"the-ultimate-guide-to-ai-voice-generators\">Ghidul final pentru generatoarele de voce AI<\/h2>\n\n\n\n<h3 class=\"wp-block-heading\" id=\"outline\">Schi\u021b\u0103<\/h3>\n\n\n\n<p class=\"\">Generatoarele de voce AI au revolu\u021bionat modul \u00een care cre\u0103m con\u021binut audio, oferind voci de \u00eenalt\u0103 calitate, ultra-realiste, care sun\u0103 ca vorbirea uman\u0103. Acest ghid exploreaz\u0103 defini\u021bia, avantajele, func\u021biile, publicul \u021bint\u0103, utiliz\u0103rile din industrie, instruc\u021biunile pas cu pas, cazurile de utilizare, instrumentele, avantajele \u0219i dezavantajele din industrie \u0219i \u00eentreb\u0103rile frecvente despre generatoarele de voce AI.<\/p>\n\n\n\n<figure class=\"wp-block-image size-large is-resized\"><img data-recalc-dims=\"1\" data-dominant-color=\"52455b\" data-has-transparency=\"false\" decoding=\"async\" width=\"1024\" height=\"585\"   loading=\"lazy\" src=\"https:\/\/i0.wp.com\/aiartfree.online\/wp-content\/uploads\/2024\/08\/out-0-1.webp?resize=1024%2C585&#038;ssl=1\" alt=\"Descoperi\u021bi cel mai bun generator de voce AI la AIArtFree. Genera\u021bi voci de \u00eenalt\u0103 calitate, ultra-realiste, f\u0103r\u0103 efort, pentru crearea de con\u021binut \u0219i voice-over. F\u0103r\u0103 limit\u0103. Cel mai bun generator de voce AI - 100% Gratuit, nelimitat, f\u0103r\u0103 \u00eenscriere\" class=\"wp-image-3458 not-transparent\" style=\"--dominant-color: #52455b; width:598px;height:auto\" srcset=\"https:\/\/i0.wp.com\/aiartfree.online\/wp-content\/uploads\/2024\/08\/out-0-1.webp?resize=1024%2C585&amp;ssl=1 1024w, https:\/\/i0.wp.com\/aiartfree.online\/wp-content\/uploads\/2024\/08\/out-0-1.webp?resize=300%2C171&amp;ssl=1 300w, https:\/\/i0.wp.com\/aiartfree.online\/wp-content\/uploads\/2024\/08\/out-0-1.webp?resize=768%2C439&amp;ssl=1 768w, https:\/\/i0.wp.com\/aiartfree.online\/wp-content\/uploads\/2024\/08\/out-0-1.webp?resize=18%2C10&amp;ssl=1 18w, https:\/\/i0.wp.com\/aiartfree.online\/wp-content\/uploads\/2024\/08\/out-0-1.webp?resize=600%2C343&amp;ssl=1 600w, https:\/\/i0.wp.com\/aiartfree.online\/wp-content\/uploads\/2024\/08\/out-0-1.webp?w=1344&amp;ssl=1 1344w\" sizes=\"auto, (max-width: 1024px) 100vw, 1024px\" \/><\/figure>\n\n\n\n<div class=\"wp-block-rank-math-toc-block\" id=\"rank-math-toc\"><h3>Tabla de con\u021binut<\/h3><nav><ul><li><a href=\"#outline\">Schi\u021b\u0103<\/a><\/li><li><a href=\"#what-is-an-ai-voice-generator\">Ce este un generator de voce AI<\/a><\/li><li><a href=\"#why-use-an-ai-voice-generator\">De ce s\u0103 folosi\u021bi un generator de voce AI<\/a><\/li><li><a href=\"#main-features-of-ai-voice-generators\">Principalele caracteristici ale generatoarelor de voce AI<\/a><ul><li><a href=\"#text-to-speech-ai\">Inteligen\u021b\u0103 artificial\u0103 de la text la vorbire<\/a><\/li><li><a href=\"#ultra-realistic-voices\">Voci ultra-realiste<\/a><\/li><li><a href=\"#generative-ai\">Inteligen\u021b\u0103 artificial\u0103 generativ\u0103<\/a><\/li><li><a href=\"#multiple-languages-and-accents\">Limbi \u0219i accente multiple<\/a><\/li><li><a href=\"#high-quality-voiceovers\">Voiceovers de \u00eenalt\u0103 calitate<\/a><\/li><\/ul><\/li><li><a href=\"#who-should-use-ai-voice-generators\">Cine ar trebui s\u0103 utilizeze generatoarele vocale AI<\/a><\/li><li><a href=\"#industry-uses-of-ai-voice-generators\">Utiliz\u0103ri industriale ale generatoarelor vocale AI<\/a><ul><li><a href=\"#media-and-entertainment\">Media \u0219i divertisment<\/a><\/li><li><a href=\"#education\">Educa\u021bie<\/a><\/li><li><a href=\"#customer-service\">Serviciul clien\u021bi<\/a><\/li><li><a href=\"#marketing\">Marketing<\/a><\/li><\/ul><\/li><li><a href=\"#how-to-use-an-ai-voice-generator\">Cum s\u0103 utiliza\u021bi un generator de voce AI<\/a><\/li><li><a href=\"#ai-voice-generator-usage-cases\">Cazuri de utilizare a AI Voice Generator<\/a><ul><li><a href=\"#content-creation\">Crearea de con\u021binut<\/a><\/li><li><a href=\"#education-1\">Educa\u021bie<\/a><\/li><li><a href=\"#business-communication\">Comunicarea \u00een afaceri<\/a><\/li><li><a href=\"#marketing-2\">Marketing<\/a><\/li><\/ul><\/li><li><a href=\"#top-10-ai-voice-generator-tools\">Top 10 instrumente AI Voice Generator<\/a><\/li><li><a href=\"#industry-pros-and-cons\">Pro \u0219i contra \u00een industrie<\/a><ul><li><a href=\"#pros\">Avantaje<\/a><\/li><li><a href=\"#cons\">Contra<\/a><\/li><li><a href=\"#advantages\">Avantaje<\/a><\/li><li><a href=\"#challenges\">Provoc\u0103ri<\/a><\/li><li><a href=\"#suggestions\">Sugestii<\/a><\/li><\/ul><\/li><li><a href=\"#frequently-asked-questions\">\u00centreb\u0103ri frecvente<\/a><\/li><\/ul><\/nav><\/div>\n\n\n\n<h3 class=\"wp-block-heading\" id=\"what-is-an-ai-voice-generator\">Ce este un generator de voce AI<\/h3>\n\n\n\n<p class=\"\">Un generator de voce AI este o aplica\u021bie software care utilizeaz\u0103 inteligen\u021ba artificial\u0103 pentru a converti textul \u00een vorbire realist\u0103 de tip uman. Aceasta utilizeaz\u0103 re\u021bele neuronale avansate \u0219i inteligen\u021b\u0103 artificial\u0103 generativ\u0103 pentru a crea sunet de \u00eenalt\u0103 calitate care poate fi utilizat \u00een diverse aplica\u021bii, de la crearea de con\u021binut la voice-over \u0219i nu numai.<\/p>\n\n\n\n<h3 class=\"wp-block-heading\" id=\"why-use-an-ai-voice-generator\">De ce s\u0103 folosi\u021bi un generator de voce AI<\/h3>\n\n\n\n<p class=\"\">Utilizarea unui generator de voce AI ofer\u0103 numeroase beneficii:<\/p>\n\n\n\n<ul class=\"wp-block-list\">\n<li class=\"\"><strong>100% Liber<\/strong>: Multe platforme ofer\u0103 versiuni gratuite pentru utilizatori.<\/li>\n\n\n\n<li class=\"\"><strong>Utilizare nelimitat\u0103<\/strong>: Crea\u021bi oric\u00e2te voiceovers dori\u021bi, f\u0103r\u0103 restric\u021bii.<\/li>\n\n\n\n<li class=\"\"><strong>Nu este necesar\u0103 \u00eenscrierea<\/strong>: U\u0219or accesibile f\u0103r\u0103 a fi nevoie de un cont.<\/li>\n\n\n\n<li class=\"\"><strong>Produc\u021bie de \u00eenalt\u0103 calitate<\/strong>: Produce voci care sun\u0103 aproape identic cu vorbirea uman\u0103.<\/li>\n\n\n\n<li class=\"\"><strong>Suport larg pentru limb\u0103 \u0219i accent<\/strong>: Capabil s\u0103 genereze voci \u00een mai multe limbi \u0219i accente.<\/li>\n\n\n\n<li class=\"\"><strong>Eficien\u021b\u0103 \u0219i vitez\u0103<\/strong>: Genereaz\u0103 rapid audio din text, economisind timp \u0219i efort.<\/li>\n\n\n\n<li class=\"\"><strong>Atingerea audien\u021bei globale<\/strong>: Face con\u021binutul accesibil unui public mai larg prin suportul pentru diferite limbi.<\/li>\n<\/ul>\n\n\n\n<h3 class=\"wp-block-heading\" id=\"main-features-of-ai-voice-generators\">Principalele caracteristici ale generatoarelor de voce AI<\/h3>\n\n\n\n<h4 class=\"wp-block-heading\" id=\"text-to-speech-ai\">Inteligen\u021b\u0103 artificial\u0103 de la text la vorbire<\/h4>\n\n\n\n<p class=\"\">Converte\u0219te textul scris \u00een cuvinte vorbite cu voci cu sunet natural.<\/p>\n\n\n\n<h4 class=\"wp-block-heading\" id=\"ultra-realistic-voices\">Voci ultra-realiste<\/h4>\n\n\n\n<p class=\"\">Genereaz\u0103 voci care nu se pot distinge de vocile umane reale, \u00eembun\u0103t\u0103\u021bind experien\u021ba ascult\u0103torului.<\/p>\n\n\n\n<h4 class=\"wp-block-heading\" id=\"generative-ai\">Inteligen\u021b\u0103 artificial\u0103 generativ\u0103<\/h4>\n\n\n\n<p class=\"\">Utilizeaz\u0103 modele AI avansate pentru a produce rezultate audio diverse \u0219i de \u00eenalt\u0103 calitate.<\/p>\n\n\n\n<h4 class=\"wp-block-heading\" id=\"multiple-languages-and-accents\">Limbi \u0219i accente multiple<\/h4>\n\n\n\n<p class=\"\">Suport\u0103 o gam\u0103 larg\u0103 de limbi \u0219i accente, adres\u00e2ndu-se unui public global.<\/p>\n\n\n\n<h4 class=\"wp-block-heading\" id=\"high-quality-voiceovers\">Voiceovers de \u00eenalt\u0103 calitate<\/h4>\n\n\n\n<p class=\"\">Creeaz\u0103 voiceovers de calitate profesional\u0103 potrivite pentru diverse aplica\u021bii, inclusiv videoclipuri \u0219i prezent\u0103ri.<\/p>\n\n\n\n<h3 class=\"wp-block-heading\" id=\"who-should-use-ai-voice-generators\">Cine ar trebui s\u0103 utilizeze generatoarele vocale AI<\/h3>\n\n\n\n<ul class=\"wp-block-list\">\n<li class=\"\"><strong>Creatori de con\u021binut<\/strong>: \u00cembun\u0103t\u0103\u021be\u0219te con\u021binutul video, podcast \u0219i alte con\u021binuturi multimedia cu voiceovers realiste.<\/li>\n\n\n\n<li class=\"\"><strong>Educatori<\/strong>: Converte\u0219te materialele educa\u021bionale \u00een format audio, f\u0103c\u00e2nd \u00eenv\u0103\u021barea mai accesibil\u0103.<\/li>\n\n\n\n<li class=\"\"><strong>\u00centreprinderi<\/strong>: \u00cembun\u0103t\u0103\u021be\u0219te serviciile pentru clien\u021bi cu r\u0103spunsuri automate, dar asem\u0103n\u0103toare cu cele umane.<\/li>\n\n\n\n<li class=\"\"><strong>Marketeri<\/strong>: Creeaz\u0103 con\u021binut audio captivant pentru reclame \u0219i social media.<\/li>\n<\/ul>\n\n\n\n<h3 class=\"wp-block-heading\" id=\"industry-uses-of-ai-voice-generators\">Utiliz\u0103ri industriale ale generatoarelor vocale AI<\/h3>\n\n\n\n<h4 class=\"wp-block-heading\" id=\"media-and-entertainment\">Media \u0219i divertisment<\/h4>\n\n\n\n<p class=\"\">Folosit pentru voice-over \u00een videoclipuri, filme \u0219i anima\u021bii.<\/p>\n\n\n\n<h4 class=\"wp-block-heading\" id=\"education\">Educa\u021bie<\/h4>\n\n\n\n<p class=\"\">Ajut\u0103 la crearea de audiobook-uri \u0219i con\u021binut e-learning.<\/p>\n\n\n\n<h4 class=\"wp-block-heading\" id=\"customer-service\">Serviciul clien\u021bi<\/h4>\n\n\n\n<p class=\"\">asisten\u021bi vocali Powers \u0219i sisteme automate de asisten\u021b\u0103 pentru clien\u021bi.<\/p>\n\n\n\n<h4 class=\"wp-block-heading\" id=\"marketing\">Marketing<\/h4>\n\n\n\n<p class=\"\">Genereaz\u0103 anun\u021buri audio \u0219i con\u021binut promo\u021bional.<\/p>\n\n\n\n<h3 class=\"wp-block-heading\" id=\"how-to-use-an-ai-voice-generator\">Cum s\u0103 utiliza\u021bi un generator de voce AI<\/h3>\n\n\n\n<ol class=\"wp-block-list\">\n<li class=\"\"><strong>Alege\u021bi un instrument<\/strong>: Selecta\u021bi un instrument precum&nbsp;<a href=\"https:\/\/aiartfree.online\/ro\/generator-de-voce-ai\/\">Generator de voce AI<\/a>.<\/li>\n\n\n\n<li class=\"\"><strong>Text de intrare<\/strong>: Introduce\u021bi textul pe care dori\u021bi s\u0103 \u00eel converti\u021bi \u00een voce.<\/li>\n\n\n\n<li class=\"\"><strong>Selecta\u021bi vocea \u0219i limba<\/strong>: Alege\u021bi set\u0103rile dorite pentru voce \u0219i limb\u0103.<\/li>\n\n\n\n<li class=\"\"><strong>Genera\u021bi audio<\/strong>: Face\u021bi clic pe butonul de generare pentru a crea voiceover-ul.<\/li>\n\n\n\n<li class=\"\"><strong>Desc\u0103rcare \u0219i utilizare<\/strong>: Desc\u0103rca\u021bi fi\u0219ierul audio generat pentru proiectul dvs.<\/li>\n<\/ol>\n\n\n\n<h3 class=\"wp-block-heading\" id=\"ai-voice-generator-usage-cases\">Cazuri de utilizare a AI Voice Generator<\/h3>\n\n\n\n<h4 class=\"wp-block-heading\" id=\"content-creation\">Crearea de con\u021binut<\/h4>\n\n\n\n<p class=\"\">Crearea de voiceovers pentru videoclipuri YouTube, podcasturi \u0219i alt con\u021binut multimedia.<\/p>\n\n\n\n<h4 class=\"wp-block-heading\" id=\"education-1\">Educa\u021bie<\/h4>\n\n\n\n<p class=\"\">Generarea de versiuni audio ale manualelor \u0219i materialelor didactice.<\/p>\n\n\n\n<h4 class=\"wp-block-heading\" id=\"business-communication\">Comunicarea \u00een afaceri<\/h4>\n\n\n\n<p class=\"\">\u00cembun\u0103t\u0103\u021birea sistemelor interactive de r\u0103spuns vocal (IVR) cu voci realiste.<\/p>\n\n\n\n<h4 class=\"wp-block-heading\" id=\"marketing-2\">Marketing<\/h4>\n\n\n\n<p class=\"\">Producerea de reclame audio pentru diverse platforme.<\/p>\n\n\n\n<h3 class=\"wp-block-heading\" id=\"top-10-ai-voice-generator-tools\">Top 10 instrumente AI Voice Generator<\/h3>\n\n\n\n<figure class=\"wp-block-table\"><table class=\"has-fixed-layout\"><thead><tr><th>Instrument<\/th><th>Caracteristici<\/th><th>Avantaje<\/th><th>Provoc\u0103ri<\/th><th>URL<\/th><\/tr><\/thead><tbody><tr><td><strong>Generator de voce AI<\/strong><\/td><td>100% Gratuit, f\u0103r\u0103 \u00eenregistrare, voci de \u00eenalt\u0103 calitate<\/td><td>Utilizare nelimitat\u0103, u\u0219or de utilizat<\/td><td>Func\u021bii avansate limitate<\/td><td><a href=\"https:\/\/aiartfree.online\/ro\/generator-de-voce-ai\/\">aiartfree.online\/ai-voice-generator<\/a><\/td><\/tr><tr><td><strong>Google Text-to-Speech<\/strong><\/td><td>Suport\u0103 mai multe limbi \u0219i accente<\/td><td>Produc\u021bie de \u00eenalt\u0103 calitate<\/td><td>Necesit\u0103 cont Google<\/td><td>cloud.google.com\/text-to-speech<\/td><\/tr><tr><td><strong>Amazon Polly<\/strong><\/td><td>Gam\u0103 larg\u0103 de voci, procesare \u00een timp real<\/td><td>Scalabilitate<\/td><td>Costurile se pot acumula<\/td><td>aws.amazon.com\/polly<\/td><\/tr><tr><td><strong>IBM Watson Text to Speech<\/strong><\/td><td>Voci personalizabile, de \u00eenalt\u0103 calitate<\/td><td>Caracteristici avansate<\/td><td>Structura pre\u021burilor<\/td><td>ibm.com\/cloud\/watson-text-to-speech<\/td><\/tr><tr><td><strong>Microsoft Azure TTS<\/strong><\/td><td>Voci neurale, suport lingvistic extins<\/td><td>Integrarea cu serviciile Azure<\/td><td>Stabilirea pre\u021burilor<\/td><td>azure.microsoft.com\/services\/cognitive-services\/text-to-speech<\/td><\/tr><tr><td><strong>iSpeech<\/strong><\/td><td>U\u0219or de utilizat, \u00een mai multe limbi<\/td><td>Versiune gratuit\u0103 limitat\u0103<\/td><td>&#8211;<\/td><td>ispeech.org<\/td><\/tr><tr><td><strong>ResponsiveVoice<\/strong><\/td><td>Web-based, integrare u\u0219oar\u0103<\/td><td>Voci de baz\u0103<\/td><td>Caracteristici limitate \u00een versiunea gratuit\u0103<\/td><td>responsivevoice.org<\/td><\/tr><tr><td><strong>NaturalReader<\/strong><\/td><td>Interfa\u021b\u0103 simpl\u0103, voci de \u00eenalt\u0103 calitate<\/td><td>Acces offline<\/td><td>Personalizare limitat\u0103<\/td><td>naturalreaders.com<\/td><\/tr><tr><td><strong>Balabolka<\/strong><\/td><td>Gratuit, suport\u0103 diferite formate<\/td><td>Interfa\u021b\u0103 de baz\u0103<\/td><td>&#8211;<\/td><td>balabolka.site<\/td><\/tr><tr><td><strong>ReadSpeaker<\/strong><\/td><td>Voci personalizabile, de \u00eenalt\u0103 calitate<\/td><td>Caracteristici avansate<\/td><td>Costuri<\/td><td><a href=\"https:\/\/readspeaker.com\/\" target=\"_blank\" rel=\"noopener\">readspeaker.com<\/a><\/td><\/tr><\/tbody><\/table><\/figure>\n\n\n\n<h3 class=\"wp-block-heading\" id=\"industry-pros-and-cons\">Pro \u0219i contra \u00een industrie<\/h3>\n\n\n\n<h4 class=\"wp-block-heading\" id=\"pros\">Avantaje<\/h4>\n\n\n\n<ul class=\"wp-block-list\">\n<li class=\"\"><strong>Accesibilitate<\/strong>: Face con\u021binutul accesibil pentru utilizatorii cu deficien\u021be de vedere.<\/li>\n\n\n\n<li class=\"\"><strong>Eficien\u021b\u0103<\/strong>: Economise\u0219te timp \u00een crearea de con\u021binut.<\/li>\n\n\n\n<li class=\"\"><strong>Cost-eficiente<\/strong>: Reduce nevoia de actori vocali umani.<\/li>\n\n\n\n<li class=\"\"><strong>Scalabilitate<\/strong>: Se scaleaz\u0103 u\u0219or pentru proiecte mari.<\/li>\n<\/ul>\n\n\n\n<h4 class=\"wp-block-heading\" id=\"cons\">Contra<\/h4>\n\n\n\n<ul class=\"wp-block-list\">\n<li class=\"\"><strong>Varia\u021bia calit\u0103\u021bii<\/strong>: Calitatea poate varia \u00eentre diferite instrumente.<\/li>\n\n\n\n<li class=\"\"><strong>Accent \u0219i limit\u0103ri lingvistice<\/strong>: Nu toate accentele \u0219i limbile sunt acceptate \u00een mod egal.<\/li>\n\n\n\n<li class=\"\"><strong>Configurare ini\u021bial\u0103<\/strong>: Unele instrumente necesit\u0103 o curb\u0103 de \u00eenv\u0103\u021bare.<\/li>\n<\/ul>\n\n\n\n<h4 class=\"wp-block-heading\" id=\"advantages\">Avantaje<\/h4>\n\n\n\n<ul class=\"wp-block-list\">\n<li class=\"\"><strong>Produc\u021bie de \u00eenalt\u0103 calitate<\/strong>: Produce sunet de calitate profesional\u0103.<\/li>\n\n\n\n<li class=\"\"><strong>Personalizare<\/strong>: Permite personalizarea vocii \u0219i a limbii.<\/li>\n\n\n\n<li class=\"\"><strong>Integrare<\/strong>: Poate fi integrat cu diverse aplica\u021bii.<\/li>\n<\/ul>\n\n\n\n<h4 class=\"wp-block-heading\" id=\"challenges\">Provoc\u0103ri<\/h4>\n\n\n\n<ul class=\"wp-block-list\">\n<li class=\"\"><strong>Costuri<\/strong>: Func\u021biile avansate pot veni cu un pre\u021b.<\/li>\n\n\n\n<li class=\"\"><strong>Cerin\u021be tehnice<\/strong>: Unele instrumente pot necesita cuno\u0219tin\u021be tehnice.<\/li>\n\n\n\n<li class=\"\"><strong>Naturale\u021bea vocii<\/strong>: Atingerea naturale\u021bii perfecte poate fi o provocare.<\/li>\n<\/ul>\n\n\n\n<h4 class=\"wp-block-heading\" id=\"suggestions\">Sugestii<\/h4>\n\n\n\n<ul class=\"wp-block-list\">\n<li class=\"\"><strong>Alege\u021bi instrumentul potrivit<\/strong>: Selecta\u021bi un instrument care se potrive\u0219te nevoilor \u0219i bugetului dumneavoastr\u0103.<\/li>\n\n\n\n<li class=\"\"><strong>Experiment<\/strong>: Testa\u021bi diferite set\u0103ri pentru a ob\u021bine cele mai bune rezultate.<\/li>\n\n\n\n<li class=\"\"><strong>R\u0103m\u00e2ne\u021bi la curent<\/strong>: \u021aine\u021bi pasul cu cele mai recente progrese \u00een tehnologia vocal\u0103 AI.<\/li>\n<\/ul>\n\n\n\n<h3 class=\"wp-block-heading\" id=\"frequently-asked-questions\">\u00centreb\u0103ri frecvente<\/h3>\n\n\n\n<ol class=\"wp-block-list\">\n<li class=\"\"><strong>Ce generator de voce AI folose\u0219te toat\u0103 lumea?<\/strong><br>Majoritatea oamenilor folosesc instrumente precum Google Text-to-Speech \u0219i Amazon Polly pentru calitatea \u00eenalt\u0103 \u0219i fiabilitatea lor.<\/li>\n\n\n\n<li class=\"\"><strong>Cum s\u0103 folosi\u021bi un generator de voce AI?<\/strong><br>Alege\u021bi un instrument, introduce\u021bi textul, selecta\u021bi set\u0103rile vocale \u0219i lingvistice, genera\u021bi sunetul \u0219i desc\u0103rca\u021bi-l.<\/li>\n\n\n\n<li class=\"\"><strong>Care este cel mai bun generator de voce AI?<\/strong><br>Cel mai bun generator de voce AI depinde de nevoile dvs., dar op\u021biunile de top includ AI Voice Generator, Google Text-to-Speech \u0219i Amazon Polly.<\/li>\n\n\n\n<li class=\"\"><strong>Cum se genereaz\u0103 vocea AI?<\/strong><br>Utiliza\u021bi un instrument generator de voce AI, introduce\u021bi textul, selecta\u021bi set\u0103rile \u0219i genera\u021bi vocea.<\/li>\n\n\n\n<li class=\"\"><strong>Cum s\u0103 face\u021bi un generator de voce AI?<\/strong><br>Crearea unui generator de voce AI necesit\u0103 abilit\u0103\u021bi avansate de programare \u0219i cuno\u0219tin\u021be de \u00eenv\u0103\u021bare automat\u0103 \u0219i re\u021bele neuronale.<\/li>\n\n\n\n<li class=\"\"><strong>Care sunt cele mai bune generatoare de voce AI gratuite?<\/strong><br>AI Voice Generator \u0219i iSpeech sunt op\u021biuni gratuite populare.<\/li>\n\n\n\n<li class=\"\"><strong>Pot generatoarele de voce AI s\u0103 citeasc\u0103 text cu voce tare?<\/strong><br>Da, generatoarele de voce AI pot converti textul \u00een voce \u0219i \u00eel pot citi cu voce tare.<\/li>\n<\/ol>","protected":false},"excerpt":{"rendered":"<p>How to use the AI Voice Generator * Feel free to try our examples below if you don&#8217;t have any thoughts in your mind *&nbsp;Depending on your internet speed, loading the model may take up to 10 seconds \u2193 The Ultimate Guide to AI Voice Generators Outline AI Voice Generators have revolutionized the way we &#8230; <a title=\"Generator de voce AI\" class=\"read-more\" href=\"https:\/\/aiartfree.online\/ro\/generator-de-voce-ai\/\" aria-label=\"Cite\u0219te mai multe despre AI Voice Generator\">Cite\u0219te mai mult<\/a><\/p>","protected":false},"author":1,"featured_media":3458,"parent":0,"menu_order":0,"comment_status":"open","ping_status":"closed","template":"","meta":{"nf_dc_page":"","footnotes":""},"class_list":["post-3351","page","type-page","status-publish","has-post-thumbnail"],"jetpack_sharing_enabled":true,"_links":{"self":[{"href":"https:\/\/aiartfree.online\/ro\/wp-json\/wp\/v2\/pages\/3351","targetHints":{"allow":["GET"]}}],"collection":[{"href":"https:\/\/aiartfree.online\/ro\/wp-json\/wp\/v2\/pages"}],"about":[{"href":"https:\/\/aiartfree.online\/ro\/wp-json\/wp\/v2\/types\/page"}],"author":[{"embeddable":true,"href":"https:\/\/aiartfree.online\/ro\/wp-json\/wp\/v2\/users\/1"}],"replies":[{"embeddable":true,"href":"https:\/\/aiartfree.online\/ro\/wp-json\/wp\/v2\/comments?post=3351"}],"version-history":[{"count":0,"href":"https:\/\/aiartfree.online\/ro\/wp-json\/wp\/v2\/pages\/3351\/revisions"}],"wp:featuredmedia":[{"embeddable":true,"href":"https:\/\/aiartfree.online\/ro\/wp-json\/wp\/v2\/media\/3458"}],"wp:attachment":[{"href":"https:\/\/aiartfree.online\/ro\/wp-json\/wp\/v2\/media?parent=3351"}],"curies":[{"name":"wp","href":"https:\/\/api.w.org\/{rel}","templated":true}]}}