{"id":3340,"date":"2024-07-30T15:52:48","date_gmt":"2024-07-30T15:52:48","guid":{"rendered":"https:\/\/aiartfree.online\/?page_id=3340"},"modified":"2024-08-02T10:02:12","modified_gmt":"2024-08-02T10:02:12","slug":"transcript","status":"publish","type":"page","link":"https:\/\/aiartfree.online\/ro\/transcriere\/","title":{"rendered":"Transcriere"},"content":{"rendered":"<h2 class=\"wp-block-heading\" id=\"how-to-use-transcript\" style=\"font-size:23px\">Cum se utilizeaz\u0103 Transcript<\/h2>\n\n\n\n<ol class=\"wp-block-list\">\n<li class=\"\">Selecta\u021bi <strong>Microfon<\/strong> sau <strong>Fi\u0219ier audio<\/strong> sau <strong>YouTube<\/strong> din fila superioar\u0103<\/li>\n\n\n\n<li class=\"\">\u00cenc\u0103rca\u021bi con\u021binutul dvs.<\/li>\n\n\n\n<li class=\"\">Selecta\u021bi \"Return Timestamps\"<\/li>\n\n\n\n<li class=\"\">Face\u021bi clic pe \"Trimite\"<\/li>\n\n\n\n<li class=\"\">Stai, asta este!<\/li>\n<\/ol>\n\n\n\n<p class=\"\">* <em>\u00cen func\u021bie de viteza internetului, \u00eenc\u0103rcarea modelului poate dura c\u00e2teva secunde.<\/em> \u2193<\/p>\n\n\n\n<div class=\"iframe-wrapper\" style=\"position: relative; width: 100%; height: 1400px;\">\n  <div class=\"loading\" style=\"position: absolute; top: 50px; left: 50%; transform: translate(-50%, -50%); width: 40px; height: 40px; border: 3px solid #f0f0f0; border-top: 3px solid #db7093; border-radius: 50%; animation: spin 1s linear infinite;\"><\/div>\n  <iframe loading=\"lazy\" src=\"https:\/\/sanchit-gandhi-whisper-jax.hf.space\" frameborder=\"0\" width=\"100%\" height=\"100%\" style=\"position: absolute; top: 0; left: 0; opacity: 0; transition: opacity 0.3s;\" onload=\"this.style.opacity=1;this.previousElementSibling.style.display='none';\"><\/iframe>\n<\/div>\n\n<style>\n@keyframes spin {\n  0% { transform: translate(-50%, -50%) rotate(0deg); }\n  100% { transform: translate(-50%, -50%) rotate(360deg); }\n}\n<\/style>\n\n\n\n<div style=\"height:60px\" aria-hidden=\"true\" class=\"wp-block-spacer\"><\/div>\n\n\n\n<h2 class=\"wp-block-heading\" id=\"how-to-use-transcript-services-your-ultimate-guide\">Cum s\u0103 utiliza\u021bi serviciile de transcriere: Ghidul dvs. final<\/h2>\n\n\n\n<h3 class=\"wp-block-heading\" id=\"introduction\">Introducere<\/h3>\n\n\n\n<p class=\"\">Serviciile de transcriere au revolu\u021bionat modul \u00een care trat\u0103m con\u021binutul audio \u0219i video prin conversia cuvintelor vorbite \u00een text scris. Fie c\u0103 sunte\u021bi student, profesionist sau creator de con\u021binut, \u00een\u021belegerea intr\u0103rilor \u0219i ie\u0219irilor transcrierii v\u0103 poate spori semnificativ productivitatea \u0219i accesibilitatea.<\/p>\n\n\n\n<figure class=\"wp-block-image size-large is-resized\"><img data-recalc-dims=\"1\" data-dominant-color=\"b7aaa7\" data-has-transparency=\"false\" decoding=\"async\" width=\"1024\" height=\"640\"   loading=\"lazy\" src=\"https:\/\/i0.wp.com\/aiartfree.online\/wp-content\/uploads\/2024\/07\/WX20240730-200353%402x-1024x640.webp?resize=1024%2C640&#038;ssl=1\" alt=\"Nr.1 serviciu de transcriere gratuit \u0219i nelimitat. F\u0103r\u0103 \u00eenscriere. Converti\u021bi audio \u00een text, transcrierea videoclipurilor YouTube, Ob\u021bine\u021bi transcrierile dvs. de liceu \u0219i colegiu online\" class=\"wp-image-3345 not-transparent\" style=\"--dominant-color: #b7aaa7; width:578px;height:auto\" srcset=\"https:\/\/i0.wp.com\/aiartfree.online\/wp-content\/uploads\/2024\/07\/WX20240730-200353%402x.jpg?resize=1024%2C640&amp;ssl=1 1024w, https:\/\/i0.wp.com\/aiartfree.online\/wp-content\/uploads\/2024\/07\/WX20240730-200353%402x.jpg?resize=300%2C188&amp;ssl=1 300w, https:\/\/i0.wp.com\/aiartfree.online\/wp-content\/uploads\/2024\/07\/WX20240730-200353%402x.jpg?resize=768%2C480&amp;ssl=1 768w, https:\/\/i0.wp.com\/aiartfree.online\/wp-content\/uploads\/2024\/07\/WX20240730-200353%402x.jpg?resize=1536%2C960&amp;ssl=1 1536w, https:\/\/i0.wp.com\/aiartfree.online\/wp-content\/uploads\/2024\/07\/WX20240730-200353%402x.jpg?resize=18%2C12&amp;ssl=1 18w, https:\/\/i0.wp.com\/aiartfree.online\/wp-content\/uploads\/2024\/07\/WX20240730-200353%402x.jpg?resize=600%2C375&amp;ssl=1 600w, https:\/\/i0.wp.com\/aiartfree.online\/wp-content\/uploads\/2024\/07\/WX20240730-200353%402x.jpg?w=1808&amp;ssl=1 1808w\" sizes=\"auto, (max-width: 1024px) 100vw, 1024px\" \/><\/figure>\n\n\n\n<div class=\"wp-block-rank-math-toc-block\" id=\"rank-math-toc\"><h3>Tabla de con\u021binut<\/h3><nav><ul><li><a href=\"#introduction\">Introducere<\/a><\/li><li><a href=\"#what-is-transcript\">Ce este Transcriptul?<\/a><\/li><li><a href=\"#why-use-transcript-services\">De ce s\u0103 folosi\u021bi serviciile de transcriere?<\/a><\/li><li><a href=\"#main-features-of-transcript-services\">Principalele caracteristici ale serviciilor de transcriere<\/a><ul><li><a href=\"#100-free\">100% Liber<\/a><\/li><li><a href=\"#unlimited-transcription\">Transcriere nelimitat\u0103<\/a><\/li><li><a href=\"#no-1-choice\">Alegerea nr.1<\/a><\/li><li><a href=\"#no-sign-up-required\">Nu este necesar\u0103 \u00eenscrierea<\/a><\/li><\/ul><\/li><li><a href=\"#who-should-use-transcription-services\">Cine ar trebui s\u0103 utilizeze serviciile de transcriere?<\/a><\/li><li><a href=\"#industries-benefiting-from-transcription-services\">Industrii care beneficiaz\u0103 de serviciile de transcriere<\/a><\/li><li><a href=\"#how-to-use-transcription-services-step-by-step\">Cum s\u0103 utiliza\u021bi serviciile de transcriere: Pas cu pas<\/a><\/li><li><a href=\"#use-cases-of-transcription-services\">Cazuri de utilizare a serviciilor de transcriere<\/a><\/li><li><a href=\"#top-10-transcription-tools-and-resources\">Top 10 instrumente \u0219i resurse de transcriere<\/a><\/li><li><a href=\"#advantages-disadvantages-and-challenges-in-the-transcription-industry\">Avantaje, dezavantaje \u0219i provoc\u0103ri \u00een industria transcrierii<\/a><ul><li><a href=\"#advantages\">Avantaje<\/a><\/li><li><a href=\"#disadvantages\">Dezavantaje<\/a><\/li><li><a href=\"#challenges\">Provoc\u0103ri<\/a><\/li><\/ul><\/li><li><a href=\"#frequently-asked-questions-faq\">\u00centreb\u0103ri frecvente (FAQ)<\/a><\/li><li><a href=\"#conclusion\">Concluzie<\/a><\/li><\/ul><\/nav><\/div>\n\n\n\n<h3 class=\"wp-block-heading\" id=\"what-is-transcript\">Ce este Transcriptul?<\/h3>\n\n\n\n<p class=\"\">Transcrierea este procesul de convertire a limbajului vorbit \u00een text scris. Acest serviciu poate fi utilizat pentru a transcrie diverse forme de audio, inclusiv interviuri, prelegeri, podcast-uri \u0219i videoclipuri, \u00een documente lizibile.<\/p>\n\n\n\n<h3 class=\"wp-block-heading\" id=\"why-use-transcript-services\">De ce s\u0103 folosi\u021bi serviciile de transcriere?<\/h3>\n\n\n\n<p class=\"\">Serviciile de transcriere ofer\u0103 numeroase beneficii:<\/p>\n\n\n\n<ul class=\"wp-block-list\">\n<li class=\"\"><strong>Accesibilitate:<\/strong> Transcrierile fac con\u021binutul accesibil celor cu deficien\u021be de auz.<\/li>\n\n\n\n<li class=\"\"><strong>Capacitatea de c\u0103utare:<\/strong> Documentele text pot fi u\u0219or c\u0103utate, indexate \u0219i referen\u021biate.<\/li>\n\n\n\n<li class=\"\"><strong>Acurate\u021be:<\/strong> Serviciile profesionale de transcriere asigur\u0103 o acurate\u021be ridicat\u0103 a con\u021binutului transcris.<\/li>\n\n\n\n<li class=\"\"><strong>Eficien\u021b\u0103:<\/strong> Economise\u0219te timp \u00een compara\u021bie cu transcrierea manual\u0103.<\/li>\n<\/ul>\n\n\n\n<h3 class=\"wp-block-heading\" id=\"main-features-of-transcript-services\">Principalele caracteristici ale serviciilor de transcriere<\/h3>\n\n\n\n<h4 class=\"wp-block-heading\" id=\"100-free\">100% Liber<\/h4>\n\n\n\n<p class=\"\">Multe servicii de transcriere ofer\u0103 planuri gratuite, ceea ce le face accesibile tuturor persoanelor f\u0103r\u0103 constr\u00e2ngeri financiare.<\/p>\n\n\n\n<h4 class=\"wp-block-heading\" id=\"unlimited-transcription\">Transcriere nelimitat\u0103<\/h4>\n\n\n\n<p class=\"\">Unele servicii ofer\u0103 capacit\u0103\u021bi de transcriere nelimitate, permi\u021b\u00e2nd utilizatorilor s\u0103 transcrie oric\u00e2t de multe fi\u0219iere sunt necesare.<\/p>\n\n\n\n<h4 class=\"wp-block-heading\" id=\"no-1-choice\">Alegerea nr.1<\/h4>\n\n\n\n<p class=\"\">Serviciile de transcriere de top sunt adesea considerate cea mai bun\u0103 alegere datorit\u0103 fiabilit\u0103\u021bii, preciziei \u0219i u\u0219urin\u021bei lor de utilizare.<\/p>\n\n\n\n<h4 class=\"wp-block-heading\" id=\"no-sign-up-required\">Nu este necesar\u0103 \u00eenscrierea<\/h4>\n\n\n\n<p class=\"\">Comoditatea este o caracteristic\u0103 cheie, unele platforme oferind servicii de transcriere f\u0103r\u0103 a fi necesar\u0103 \u00eenregistrarea.<\/p>\n\n\n\n<h3 class=\"wp-block-heading\" id=\"who-should-use-transcription-services\">Cine ar trebui s\u0103 utilizeze serviciile de transcriere?<\/h3>\n\n\n\n<p class=\"\">Serviciile de transcriere sunt ideale pentru:<\/p>\n\n\n\n<ul class=\"wp-block-list\">\n<li class=\"\"><strong>Studen\u021bi:<\/strong> Conversia prelegerilor \u0219i discu\u021biilor \u00een noti\u021be.<\/li>\n\n\n\n<li class=\"\"><strong>Profesioni\u0219ti:<\/strong> Pentru crearea proceselor-verbale ale reuniunilor \u0219i transcrierea interviurilor.<\/li>\n\n\n\n<li class=\"\"><strong>Creatori de con\u021binut:<\/strong> Pentru a genera con\u021binut text din podcasturi \u0219i videoclipuri.<\/li>\n\n\n\n<li class=\"\"><strong>Cercet\u0103tori:<\/strong> Pentru documentarea istoriilor orale \u0219i a interviurilor.<\/li>\n<\/ul>\n\n\n\n<h3 class=\"wp-block-heading\" id=\"industries-benefiting-from-transcription-services\">Industrii care beneficiaz\u0103 de serviciile de transcriere<\/h3>\n\n\n\n<p class=\"\">Serviciile de transcriere sunt benefice \u00een diverse industrii, cum ar fi:<\/p>\n\n\n\n<ul class=\"wp-block-list\">\n<li class=\"\"><strong>Educa\u021bie:<\/strong> Pentru transcrierea cursurilor \u0219i documenta\u021bia de cercetare.<\/li>\n\n\n\n<li class=\"\"><strong>Media:<\/strong> Transcrierea interviurilor \u0219i crearea subtitr\u0103rilor.<\/li>\n\n\n\n<li class=\"\"><strong>Legal:<\/strong> Pentru transcrieri judiciare \u0219i documente juridice.<\/li>\n\n\n\n<li class=\"\"><strong>Asisten\u021b\u0103 medical\u0103:<\/strong> Pentru transcrierea dict\u0103rilor medicale \u0219i a dosarelor pacien\u021bilor.<\/li>\n<\/ul>\n\n\n\n<h3 class=\"wp-block-heading\" id=\"how-to-use-transcription-services-step-by-step\">Cum s\u0103 utiliza\u021bi serviciile de transcriere: Pas cu pas<\/h3>\n\n\n\n<ol class=\"wp-block-list\">\n<li class=\"\"><strong>Alege\u021bi un serviciu:<\/strong> Selecta\u021bi un serviciu de transcriere care se potrive\u0219te nevoilor dvs. Instrument recomandat: <a href=\"https:\/\/aiartfree.online\/ro\/transcriere\/\">https:\/\/aiartfree.online\/transcript<\/a>.<\/li>\n\n\n\n<li class=\"\"><strong>\u00cenc\u0103rca\u021bi fi\u0219ier audio\/video:<\/strong> \u00cenc\u0103rca\u021bi fi\u0219ierul care trebuie transcris.<\/li>\n\n\n\n<li class=\"\"><strong>Seta\u021bi preferin\u021bele:<\/strong> Alege\u021bi set\u0103rile dorite, cum ar fi limba, formatul \u0219i orice cerin\u021be speciale.<\/li>\n\n\n\n<li class=\"\"><strong>\u00cencepe\u021bi transcrierea:<\/strong> Ini\u021bia\u021bi procesul de transcriere.<\/li>\n\n\n\n<li class=\"\"><strong>Revizui\u021bi \u0219i edita\u021bi:<\/strong> Dup\u0103 ce transcrierea este complet\u0103, revizui\u021bi \u0219i efectua\u021bi orice modific\u0103ri necesare.<\/li>\n\n\n\n<li class=\"\"><strong>Desc\u0103rca\u021bi \u0219i utiliza\u021bi:<\/strong> Desc\u0103rca\u021bi transcrierea final\u0103 pentru uzul dumneavoastr\u0103.<\/li>\n<\/ol>\n\n\n\n<h3 class=\"wp-block-heading\" id=\"use-cases-of-transcription-services\">Cazuri de utilizare a serviciilor de transcriere<\/h3>\n\n\n\n<ul class=\"wp-block-list\">\n<li class=\"\"><strong>Cercetare academic\u0103:<\/strong> Transcrierea interviurilor pentru cercetarea calitativ\u0103.<\/li>\n\n\n\n<li class=\"\"><strong>Crearea de con\u021binut:<\/strong> Generarea de post\u0103ri pe blog \u0219i articole din podcasturi.<\/li>\n\n\n\n<li class=\"\"><strong>Documenta\u021bie juridic\u0103:<\/strong> Transcrierea depozi\u021biilor \u0219i a procedurilor judiciare.<\/li>\n\n\n\n<li class=\"\"><strong>\u00cent\u00e2lniri de afaceri:<\/strong> Crearea de procese-verbale detaliate ale reuniunilor.<\/li>\n<\/ul>\n\n\n\n<h3 class=\"wp-block-heading\" id=\"top-10-transcription-tools-and-resources\">Top 10 instrumente \u0219i resurse de transcriere<\/h3>\n\n\n\n<p class=\"\">Iat\u0103 un tabel care rezum\u0103 primele 10 instrumente de transcriere \u0219i caracteristicile acestora:<\/p>\n\n\n\n<figure class=\"wp-block-table\"><table class=\"has-fixed-layout\"><thead><tr><th>Instrument\/Site web<\/th><th>Caracteristici<\/th><th>Avantaje<\/th><th>Contra<\/th><th>URL<\/th><\/tr><\/thead><tbody><tr><td><strong>AI Art Gratuit<\/strong><\/td><td>Transcriere audio \u00een text, transcriere video<\/td><td>Gratuit, f\u0103r\u0103 \u00eenscriere, nelimitat<\/td><td>Personalizare limitat\u0103<\/td><td><a href=\"https:\/\/aiartfree.online\/ro\/transcriere\/\">Leg\u0103tur\u0103<\/a><\/td><\/tr><tr><td><strong>Transcrie-m\u0103<\/strong><\/td><td>Precizie ridicat\u0103, transcriere uman\u0103 \u0219i AI<\/td><td>Fiabile, formate multiple<\/td><td>Serviciu pl\u0103tit<\/td><td><a href=\"https:\/\/www.transcribeme.com\" target=\"_blank\" rel=\"noopener\">Leg\u0103tur\u0103<\/a><\/td><\/tr><tr><td><strong>Otter.ai<\/strong><\/td><td>Transcriere \u00een timp real, instrumente de colaborare<\/td><td>U\u0219or de utilizat, aplica\u021bie mobil\u0103<\/td><td>Plan gratuit limitat<\/td><td><a href=\"https:\/\/otter.ai\" target=\"_blank\" rel=\"noopener\">Leg\u0103tur\u0103<\/a><\/td><\/tr><tr><td><strong>Sonix<\/strong><\/td><td>Transcriere automat\u0103, suport multilingv<\/td><td>Rapid, precis<\/td><td>Abonament necesar<\/td><td><a href=\"https:\/\/sonix.ai\" target=\"_blank\" rel=\"noopener\">Leg\u0103tur\u0103<\/a><\/td><\/tr><tr><td><strong>Rev<\/strong><\/td><td>Transcriere uman\u0103, subtitrare<\/td><td>Calitate ridicat\u0103, finalizare rapid\u0103<\/td><td>Scumpe<\/td><td><a href=\"https:\/\/www.rev.com\" target=\"_blank\" rel=\"noopener\">Leg\u0103tur\u0103<\/a><\/td><\/tr><tr><td><strong>Temi<\/strong><\/td><td>Transcriere automat\u0103 la pre\u021buri accesibile<\/td><td>Rapid, u\u0219or de utilizat<\/td><td>Nu \u00eentotdeauna exacte<\/td><td><a href=\"https:\/\/www.temi.com\" target=\"_blank\" rel=\"noopener\">Leg\u0103tur\u0103<\/a><\/td><\/tr><tr><td><strong>Descript<\/strong><\/td><td>Editare audio \u0219i video, transcriere<\/td><td>Versatil, puternic<\/td><td>Curba de \u00eenv\u0103\u021bare<\/td><td><a href=\"https:\/\/www.descript.com\" target=\"_blank\" rel=\"noopener\">Leg\u0103tur\u0103<\/a><\/td><\/tr><tr><td><strong>Trint<\/strong><\/td><td>Instrumente de transcriere \u0219i editare bazate pe inteligen\u021ba artificial\u0103<\/td><td>Precis, flexibil<\/td><td>Pre\u021bios<\/td><td><a href=\"https:\/\/trint.com\" target=\"_blank\" rel=\"noopener\">Leg\u0103tur\u0103<\/a><\/td><\/tr><tr><td><strong>Scrib fericit<\/strong><\/td><td>Instrumente de colaborare \u00een mai multe limbi<\/td><td>Precis, suport bun<\/td><td>Abonament necesar<\/td><td><a href=\"https:\/\/www.happyscribe.com\" target=\"_blank\" rel=\"noopener\">Leg\u0103tur\u0103<\/a><\/td><\/tr><tr><td><strong>Scribie<\/strong><\/td><td>Transcriere manual\u0103 \u0219i automat\u0103<\/td><td>Accesibil, precis<\/td><td>Plan gratuit limitat<\/td><td><a href=\"https:\/\/www.scribie.com\" target=\"_blank\" rel=\"noopener\">Leg\u0103tur\u0103<\/a><\/td><\/tr><\/tbody><\/table><\/figure>\n\n\n\n<h3 class=\"wp-block-heading\" id=\"advantages-disadvantages-and-challenges-in-the-transcription-industry\">Avantaje, dezavantaje \u0219i provoc\u0103ri \u00een industria transcrierii<\/h3>\n\n\n\n<h4 class=\"wp-block-heading\" id=\"advantages\">Avantaje<\/h4>\n\n\n\n<ul class=\"wp-block-list\">\n<li class=\"\"><strong>Accesibilitate \u00eembun\u0103t\u0103\u021bit\u0103:<\/strong> Face con\u021binutul accesibil tuturor.<\/li>\n\n\n\n<li class=\"\"><strong>Productivitate sporit\u0103:<\/strong> Economise\u0219te timp \u0219i efort \u00een conversia discursului \u00een text.<\/li>\n\n\n\n<li class=\"\"><strong>Documenta\u021bie mai bun\u0103:<\/strong> \u00cenregistr\u0103ri exacte ale \u00eent\u00e2lnirilor, interviurilor \u0219i multe altele.<\/li>\n<\/ul>\n\n\n\n<h4 class=\"wp-block-heading\" id=\"disadvantages\">Dezavantaje<\/h4>\n\n\n\n<ul class=\"wp-block-list\">\n<li class=\"\"><strong>Cost:<\/strong> Unele servicii pot fi costisitoare.<\/li>\n\n\n\n<li class=\"\"><strong>Probleme de acurate\u021be:<\/strong> Este posibil ca serviciile automatizate s\u0103 nu fie \u00eentotdeauna exacte.<\/li>\n\n\n\n<li class=\"\"><strong>Preocup\u0103ri legate de confiden\u021bialitate:<\/strong> Manipularea informa\u021biilor sensibile poate fi un motiv de \u00eengrijorare.<\/li>\n<\/ul>\n\n\n\n<h4 class=\"wp-block-heading\" id=\"challenges\">Provoc\u0103ri<\/h4>\n\n\n\n<ul class=\"wp-block-list\">\n<li class=\"\"><strong>Variabilitatea vorbirii:<\/strong> Accentele, dialectele \u0219i calitatea slab\u0103 a sunetului pot afecta acurate\u021bea.<\/li>\n\n\n\n<li class=\"\"><strong>Limit\u0103ri tehnice:<\/strong> Transcrierea AI \u00eenc\u0103 se lupt\u0103 cu contextul \u0219i omofonele.<\/li>\n<\/ul>\n\n\n\n<h3 class=\"wp-block-heading\" id=\"frequently-asked-questions-faq\">\u00centreb\u0103ri frecvente (FAQ)<\/h3>\n\n\n\n<ol class=\"wp-block-list\">\n<li class=\"\"><strong>Unde are loc transcrierea?<\/strong> Transcrierea are loc ori de c\u00e2te ori este nevoie s\u0103 se converteasc\u0103 limbajul vorbit \u00een text, adesea prin intermediul serviciilor de transcriere \u0219i al software-ului.<\/li>\n\n\n\n<li class=\"\"><strong>Cum s\u0103 ob\u021bine\u021bi foile matricole din liceu?<\/strong> Pute\u021bi ob\u021bine foile matricole de liceu contact\u00e2nd biroul administrativ al \u0219colii dumneavoastr\u0103 sau acces\u00e2nd portalul online al acesteia.<\/li>\n\n\n\n<li class=\"\"><strong>Ce este transcrierea?<\/strong> Transcrierea este procesul de convertire a limbajului vorbit \u00een text scris.<\/li>\n\n\n\n<li class=\"\"><strong>Unde are loc transcrierea?<\/strong> Transcrierea are loc \u00een diverse medii, inclusiv \u0219coli, birouri \u0219i furnizori de servicii de transcriere.<\/li>\n\n\n\n<li class=\"\"><strong>Cum s\u0103 ob\u021bine\u021bi o transcriere de la Aeries?<\/strong> Pentru a ob\u021bine o transcriere de la Aeries, conecta\u021bi-v\u0103 la contul dvs. Aeries, naviga\u021bi la sec\u021biunea Transcrieri \u0219i urma\u021bi instruc\u021biunile pentru a solicita transcrierea.<\/li>\n\n\n\n<li class=\"\"><strong>Care sunt tipurile de transcrieri?<\/strong> Tipurile de transcrieri includ transcrieri academice, transcrieri medicale, transcrieri juridice \u0219i transcrieri media.<\/li>\n\n\n\n<li class=\"\"><strong>Cum s\u0103 transcrie\u021bi videoclipuri YouTube?<\/strong> Utiliza\u021bi instrumente precum <a href=\"https:\/\/aiartfree.online\/ro\/transcriere\/\">https:\/\/aiartfree.online\/transcript<\/a> pentru a \u00eenc\u0103rca videoclipuri YouTube \u0219i a ob\u021bine transcrieri.<\/li>\n\n\n\n<li class=\"\"><strong>Ce este transcrierea IRS?<\/strong> O transcriere IRS este un rezumat al informa\u021biilor din declara\u021bia dvs. fiscal\u0103 furnizat de Internal Revenue Service.<\/li>\n\n\n\n<li class=\"\"><strong>Cum s\u0103 ob\u021bine\u021bi transcrieri universitare?<\/strong> Solicita\u021bi foile matricole de la biroul de registratur\u0103 al institu\u021biei dumneavoastr\u0103 sau de la serviciile online ale acestora.<\/li>\n\n\n\n<li class=\"\"><strong>Ce sunt locurile de munc\u0103 \u00een domeniul transcrierii?<\/strong> Lucr\u0103rile de transcriere implic\u0103 ascultarea \u00eenregistr\u0103rilor audio \u0219i transcrierea \u00een format scris a ceea ce se aude.<\/li>\n<\/ol>\n\n\n\n<h3 class=\"wp-block-heading\" id=\"conclusion\">Concluzie<\/h3>\n\n\n\n<p class=\"\">Serviciile de transcriere ofer\u0103 o multitudine de beneficii, de la \u00eembun\u0103t\u0103\u021birea accesibilit\u0103\u021bii la cre\u0219terea productivit\u0103\u021bii. Cu instrumente precum <a href=\"https:\/\/aiartfree.online\/ro\/transcriere\/\">https:\/\/aiartfree.online\/transcript<\/a>, pute\u021bi converti f\u0103r\u0103 efort fi\u0219ierele audio \u0219i video \u00een text. Explora\u021bi cele mai bune instrumente, \u00een\u021belege\u021bi caracteristicile acestora \u0219i alege\u021bi serviciul potrivit pentru nevoile dvs. \u00cencepe\u021bi s\u0103 transcrie\u021bi ast\u0103zi \u0219i debloca\u021bi \u00eentregul poten\u021bial al con\u021binutului dumneavoastr\u0103!<\/p>\n\n\n\n<p class=\"\">Vizit\u0103 <a href=\"https:\/\/aiartfree.online\/ro\/transcriere\/\">https:\/\/aiartfree.online\/transcript<\/a> acum pentru a experimenta cel mai bun serviciu de transcriere gratuit\u0103 \u0219i nelimitat\u0103, f\u0103r\u0103 complica\u021biile \u00eenscrierii!<\/p>","protected":false},"excerpt":{"rendered":"<p>How to use Transcript * Depending on your internet speed, loading the model may take a few seconds. \u2193 How to Use Transcript Services: Your Ultimate Guide Introduction Transcription services have revolutionized the way we handle audio and video content by converting spoken words into written text. Whether you&#8217;re a student, professional, or content creator, &#8230; <a title=\"Transcriere\" class=\"read-more\" href=\"https:\/\/aiartfree.online\/ro\/transcriere\/\" aria-label=\"Cite\u0219te mai multe despre Transcript\">Cite\u0219te mai mult<\/a><\/p>","protected":false},"author":1,"featured_media":3345,"parent":0,"menu_order":0,"comment_status":"open","ping_status":"closed","template":"","meta":{"nf_dc_page":"","footnotes":""},"class_list":["post-3340","page","type-page","status-publish","has-post-thumbnail"],"jetpack_sharing_enabled":true,"_links":{"self":[{"href":"https:\/\/aiartfree.online\/ro\/wp-json\/wp\/v2\/pages\/3340","targetHints":{"allow":["GET"]}}],"collection":[{"href":"https:\/\/aiartfree.online\/ro\/wp-json\/wp\/v2\/pages"}],"about":[{"href":"https:\/\/aiartfree.online\/ro\/wp-json\/wp\/v2\/types\/page"}],"author":[{"embeddable":true,"href":"https:\/\/aiartfree.online\/ro\/wp-json\/wp\/v2\/users\/1"}],"replies":[{"embeddable":true,"href":"https:\/\/aiartfree.online\/ro\/wp-json\/wp\/v2\/comments?post=3340"}],"version-history":[{"count":0,"href":"https:\/\/aiartfree.online\/ro\/wp-json\/wp\/v2\/pages\/3340\/revisions"}],"wp:featuredmedia":[{"embeddable":true,"href":"https:\/\/aiartfree.online\/ro\/wp-json\/wp\/v2\/media\/3345"}],"wp:attachment":[{"href":"https:\/\/aiartfree.online\/ro\/wp-json\/wp\/v2\/media?parent=3340"}],"curies":[{"name":"wp","href":"https:\/\/api.w.org\/{rel}","templated":true}]}}