{"id":3319,"date":"2024-07-30T11:47:20","date_gmt":"2024-07-30T11:47:20","guid":{"rendered":"https:\/\/aiartfree.online\/?page_id=3319"},"modified":"2025-03-07T08:27:06","modified_gmt":"2025-03-07T08:27:06","slug":"youtube-transcript","status":"publish","type":"page","link":"https:\/\/aiartfree.online\/ro\/transcriere-youtube\/","title":{"rendered":"Transcript YouTube"},"content":{"rendered":"<h2 class=\"wp-block-heading\" style=\"font-size:23px\">Cum s\u0103 utiliza\u021bi YouTube Transcript<\/h2>\n\n\n\n<ol class=\"wp-block-list\">\n<li class=\"\">Selecta\u021bi <strong>YouTube<\/strong> din fila superioar\u0103<\/li>\n\n\n\n<li class=\"\">Lipi\u021bi URL-ul YouTube<\/li>\n\n\n\n<li class=\"\">Selecta\u021bi \"Return Timestamps\"<\/li>\n\n\n\n<li class=\"\">Face\u021bi clic pe \"Trimite\"<\/li>\n\n\n\n<li class=\"\">Stai, asta este!<\/li>\n<\/ol>\n\n\n\n<figure class=\"gb-block-image gb-block-image-4dfafe81\"><a href=\"https:\/\/fas.st\/t\/XmtmoHSk\" target=\"_blank\" rel=\"noopener noreferrer\"><img data-recalc-dims=\"1\" decoding=\"async\" loading=\"lazy\" width=\"1200\" height=\"368\" class=\"gb-image gb-image-4dfafe81\" src=\"https:\/\/i0.wp.com\/aiartfree.online\/wp-content\/uploads\/2025\/03\/WX20250307-114300%402x.webp?resize=1200%2C368&#038;ssl=1\" alt=\"\" title=\"WX20250307-114300@2x\" srcset=\"https:\/\/i0.wp.com\/aiartfree.online\/wp-content\/uploads\/2025\/03\/WX20250307-114300%402x.webp?w=1900&amp;ssl=1 1900w, https:\/\/i0.wp.com\/aiartfree.online\/wp-content\/uploads\/2025\/03\/WX20250307-114300%402x.webp?resize=300%2C92&amp;ssl=1 300w, https:\/\/i0.wp.com\/aiartfree.online\/wp-content\/uploads\/2025\/03\/WX20250307-114300%402x.webp?resize=1024%2C314&amp;ssl=1 1024w, https:\/\/i0.wp.com\/aiartfree.online\/wp-content\/uploads\/2025\/03\/WX20250307-114300%402x.webp?resize=768%2C235&amp;ssl=1 768w, https:\/\/i0.wp.com\/aiartfree.online\/wp-content\/uploads\/2025\/03\/WX20250307-114300%402x.webp?resize=1536%2C471&amp;ssl=1 1536w, https:\/\/i0.wp.com\/aiartfree.online\/wp-content\/uploads\/2025\/03\/WX20250307-114300%402x.webp?resize=18%2C6&amp;ssl=1 18w, https:\/\/i0.wp.com\/aiartfree.online\/wp-content\/uploads\/2025\/03\/WX20250307-114300%402x.webp?resize=600%2C184&amp;ssl=1 600w\" sizes=\"auto, (max-width: 1200px) 100vw, 1200px\" \/><\/a><\/figure>\n\n\n\n<p class=\"\">* <em>\u00cen func\u021bie de viteza internetului, \u00eenc\u0103rcarea modelului poate dura c\u00e2teva secunde.<\/em> \u2193<\/p>\n\n\n\n<style>\n  .iframe-container {\n    text-align: center;\n    border: 2px solid;\n    border-image-source: linear-gradient(to right, #16b86c, #912899);\n    border-image-slice: 1;\n    box-shadow: 0 0 10px rgba(0, 0, 0, 0.1);\n    border-radius: 15px;\n    position: relative; \/* \u4f7f loader \u7edd\u5bf9\u5b9a\u4f4d\u6709\u6548 *\/\n  }\n  .loader {\n    position: absolute;\n    top: 100px;\n    left: 50%;\n    transform: translate(-50%, -50%);\n    width: 40px;\n    height: 40px;\n    border: 4px solid #f3f3f3;\n    border-top: 4px solid #9834db;\n    border-radius: 50%;\n    animation: spin 1s linear infinite;\n  }\n  @keyframes spin {\n    0% { transform: translate(-50%, -50%) rotate(0deg); }\n    100% { transform: translate(-50%, -50%) rotate(360deg); }\n  }\n  iframe {\n    width: 100%;\n    height: 1550px;\n    border: none;\n    display: inline-block;\n    margin: 0 auto;\n    opacity: 0;\n    transition: opacity 0.3s ease;\n  }\n<\/style>\n\n<div class=\"iframe-container\">\n  <div id=\"loader\" class=\"loader\"><\/div>\n  <iframe\n    src=\"https:\/\/sanchit-gandhi-whisper-jax.hf.space\"\n    frameborder=\"0\"\n    onload=\"this.style.opacity=1;document.getElementById('loader').style.display='none';\"\n  ><\/iframe>\n<\/div>\n\n\n\n<div style=\"height:60px\" aria-hidden=\"true\" class=\"wp-block-spacer\"><\/div>\n\n\n\n<h2 class=\"wp-block-heading\">Ghidul final pentru transcrierea pe YouTube<\/h2>\n\n\n\n<h3 class=\"wp-block-heading\">Tabla de con\u021binut<\/h3>\n\n\n\n<ol class=\"wp-block-list\">\n<li class=\"\"><a href=\"#introduction\">Introducere<\/a><\/li>\n\n\n\n<li class=\"\"><a href=\"#what-is-a-youtube-transcript\">Ce este o transcriere YouTube?<\/a><\/li>\n\n\n\n<li class=\"\"><a href=\"#why-use-youtube-transcripts\">De ce s\u0103 folosi\u021bi transcrieri YouTube?<\/a><\/li>\n\n\n\n<li class=\"\"><a href=\"#main-features-of-youtube-transcripts\">Principalele caracteristici ale transcrierilor YouTube<\/a>\n<ul class=\"wp-block-list\">\n<li class=\"\"><a href=\"#transcription-accuracy\">Acurate\u021bea transcrierii<\/a><\/li>\n\n\n\n<li class=\"\"><a href=\"#time-stamped-transcripts\">Transcrieri \u0219tampilate<\/a><\/li>\n\n\n\n<li class=\"\"><a href=\"#download-options\">Op\u021biuni de desc\u0103rcare<\/a><\/li>\n\n\n\n<li class=\"\"><a href=\"#editing-and-customization\">Editare \u0219i personalizare<\/a><\/li>\n<\/ul>\n<\/li>\n\n\n\n<li class=\"\"><a href=\"#who-should-use-youtube-transcripts\">Cine ar trebui s\u0103 utilizeze transcrierile YouTube?<\/a><\/li>\n\n\n\n<li class=\"\"><a href=\"#industries-benefiting-from-youtube-transcripts\">Industrii care beneficiaz\u0103 de transcrierile YouTube<\/a><\/li>\n\n\n\n<li class=\"\"><a href=\"#how-to-use-youtube-transcripts\">Cum s\u0103 utiliza\u021bi transcrierile YouTube<\/a><\/li>\n\n\n\n<li class=\"\"><a href=\"#use-cases-of-youtube-transcripts\">Cazuri de utilizare a transcrierilor YouTube<\/a>\n<ul class=\"wp-block-list\">\n<li class=\"\"><a href=\"#content-creators\">Creatori de con\u021binut<\/a><\/li>\n\n\n\n<li class=\"\"><a href=\"#educators\">Educatori<\/a><\/li>\n\n\n\n<li class=\"\"><a href=\"#marketers\">Marketeri<\/a><\/li>\n<\/ul>\n<\/li>\n\n\n\n<li class=\"\"><a href=\"#top-10-youtube-transcript-tools-and-information\">Top 10 instrumente \u0219i informa\u021bii de transcriere YouTube<\/a><\/li>\n\n\n\n<li class=\"\"><a href=\"#advantages-disadvantages-and-challenges-in-the-industry\">Avantaje, dezavantaje \u0219i provoc\u0103ri \u00een industrie<\/a><\/li>\n\n\n\n<li class=\"\"><a href=\"#faq\">\u00ceNTREB\u0102RI FRECVENTE<\/a><\/li>\n\n\n\n<li class=\"\"><a href=\"#conclusion\">Concluzie<\/a><\/li>\n<\/ol>\n\n\n\n<h3 class=\"wp-block-heading\">Introducere<\/h3>\n\n\n\n<p class=\"\">\u00cen era digital\u0103, accesibilitatea con\u021binutului este extrem de important\u0103. Unul dintre cele mai utile instrumente pentru \u00eembun\u0103t\u0103\u021birea accesibilit\u0103\u021bii \u0219i a implic\u0103rii este transcrierea YouTube. Acest ghid va detalia ce este o transcriere YouTube, de ce este esen\u021bial\u0103 \u0219i cum s\u0103 o utiliza\u021bi eficient. De asemenea, vom explora cele mai bune instrumente disponibile, inclusiv recomandarea noastr\u0103 de top, <a href=\"https:\/\/aiartfree.online\/ro\/transcriere-youtube\/\">https:\/\/aiartfree.online\/youtube-transcript\/<\/a>\u0219i ofer\u0103 o sec\u021biune FAQ cuprinz\u0103toare pentru a r\u0103spunde \u00eentreb\u0103rilor frecvente.<\/p>\n\n\n\n<figure class=\"wp-block-image size-full is-resized\"><img data-recalc-dims=\"1\" data-dominant-color=\"987d7b\" data-has-transparency=\"false\" decoding=\"async\" width=\"1024\" height=\"710\"   loading=\"lazy\" src=\"https:\/\/i0.wp.com\/aiartfree.online\/wp-content\/uploads\/2024\/07\/image-28-jpg.webp?resize=1024%2C710&#038;ssl=1\" alt=\"Transcript YouTube\" class=\"wp-image-3337 not-transparent\" style=\"--dominant-color: #987d7b; width:561px;height:auto\" srcset=\"https:\/\/i0.wp.com\/aiartfree.online\/wp-content\/uploads\/2024\/07\/image-28-jpg.webp?w=1024&amp;ssl=1 1024w, https:\/\/i0.wp.com\/aiartfree.online\/wp-content\/uploads\/2024\/07\/image-28-jpg.webp?resize=300%2C208&amp;ssl=1 300w, https:\/\/i0.wp.com\/aiartfree.online\/wp-content\/uploads\/2024\/07\/image-28-jpg.webp?resize=768%2C533&amp;ssl=1 768w, https:\/\/i0.wp.com\/aiartfree.online\/wp-content\/uploads\/2024\/07\/image-28-jpg.webp?resize=18%2C12&amp;ssl=1 18w, https:\/\/i0.wp.com\/aiartfree.online\/wp-content\/uploads\/2024\/07\/image-28-jpg.webp?resize=600%2C416&amp;ssl=1 600w\" sizes=\"auto, (max-width: 1024px) 100vw, 1024px\" \/><\/figure>\n\n\n\n<h3 class=\"wp-block-heading\">Ce este o transcriere YouTube?<\/h3>\n\n\n\n<p class=\"\">O transcriere YouTube este o reprezentare textual\u0103 a con\u021binutului vorbit \u00eentr-un videoclip YouTube. Aceasta surprinde fiecare cuv\u00e2nt rostit, adesea cu marca de timp, facilit\u00e2nd urm\u0103rirea de c\u0103tre spectatori, c\u0103utarea de con\u021binut specific \u0219i utilizarea informa\u021biilor \u00een diverse moduri.<\/p>\n\n\n\n<h3 class=\"wp-block-heading\">De ce s\u0103 folosi\u021bi transcrieri YouTube?<\/h3>\n\n\n\n<p class=\"\">Utilizarea transcrierilor YouTube ofer\u0103 numeroase beneficii:<\/p>\n\n\n\n<ol class=\"wp-block-list\">\n<li class=\"\"><strong>Accesibilitate<\/strong>: Transcrierile fac con\u021binutul accesibil persoanelor cu deficien\u021be de auz.<\/li>\n\n\n\n<li class=\"\"><strong>Capacitatea de c\u0103utare<\/strong>: Transcrierile text \u00eembun\u0103t\u0103\u021besc optimizarea pentru motoarele de c\u0103utare (SEO), f\u0103c\u00e2nd ca con\u021binutul video s\u0103 poat\u0103 fi c\u0103utat dup\u0103 cuvinte cheie.<\/li>\n\n\n\n<li class=\"\"><strong>Repurtarea con\u021binutului<\/strong>: Transcrierile pot fi reproduse \u00een post\u0103ri pe blog, articole sau con\u021binut social media.<\/li>\n\n\n\n<li class=\"\"><strong>\u00cen\u021belegerea<\/strong>: Vorbitorii non-nativi pot \u00een\u021belege mai bine con\u021binutul video prin citire.<\/li>\n\n\n\n<li class=\"\"><strong>Angajament<\/strong>: Transcrierile \u00eei men\u021bin pe telespectatori implica\u021bi, permi\u021b\u00e2ndu-le s\u0103 urm\u0103reasc\u0103 \u00eenregistrarea video sub form\u0103 de text.<\/li>\n<\/ol>\n\n\n\n<h3 class=\"wp-block-heading\">Principalele caracteristici ale transcrierilor YouTube<\/h3>\n\n\n\n<h4 class=\"wp-block-heading\">Acurate\u021bea transcrierii<\/h4>\n\n\n\n<p class=\"\">Transcrierea exact\u0103 este esen\u021bial\u0103 pentru utilitatea unei transcrieri. Cele mai bune instrumente ofer\u0103 rate ridicate de acurate\u021be, reduc\u00e2nd necesitatea unor corec\u021bii manuale ample.<\/p>\n\n\n\n<h4 class=\"wp-block-heading\">Transcrieri \u0219tampilate<\/h4>\n\n\n\n<p class=\"\">\u0218tampilele de timp permit utilizatorilor s\u0103 navigheze cu u\u0219urin\u021b\u0103 \u00een video, s\u0103rind la anumite p\u0103r\u021bi ale con\u021binutului, dup\u0103 cum este necesar.<\/p>\n\n\n\n<h4 class=\"wp-block-heading\">Op\u021biuni de desc\u0103rcare<\/h4>\n\n\n\n<p class=\"\">Instrumentele de top ofer\u0103 diferite formate de desc\u0103rcare (de exemplu, SRT, TXT) pentru a asigura compatibilitatea cu diferite platforme \u0219i software-uri.<\/p>\n\n\n\n<h4 class=\"wp-block-heading\">Editare \u0219i personalizare<\/h4>\n\n\n\n<p class=\"\">Capacitatea de a edita \u0219i de a personaliza transcrierile asigur\u0103 c\u0103 acestea r\u0103spund nevoilor specifice ale utilizatorilor, cum ar fi ad\u0103ugarea de note sau corectarea inexactit\u0103\u021bilor.<\/p>\n\n\n\n<h3 class=\"wp-block-heading\">Cine ar trebui s\u0103 utilizeze transcrierile YouTube?<\/h3>\n\n\n\n<ul class=\"wp-block-list\">\n<li class=\"\"><strong>Creatori de con\u021binut<\/strong>: Pentru a \u00eembun\u0103t\u0103\u021bi SEO \u0219i implicarea.<\/li>\n\n\n\n<li class=\"\"><strong>Educatori<\/strong>: Furnizarea de materiale didactice accesibile.<\/li>\n\n\n\n<li class=\"\"><strong>Marketeri<\/strong>: Pentru a extrage con\u021binut pentru campanii \u0219i analize.<\/li>\n\n\n\n<li class=\"\"><strong>Cercet\u0103tori<\/strong>: Transcrierea interviurilor \u0219i a prezent\u0103rilor pentru analiza datelor.<\/li>\n\n\n\n<li class=\"\"><strong>Telespectatori<\/strong>: Pentru a urm\u0103ri videoclipurile \u0219i a \u00eembun\u0103t\u0103\u021bi \u00een\u021belegerea.<\/li>\n<\/ul>\n\n\n\n<h3 class=\"wp-block-heading\">Industrii care beneficiaz\u0103 de transcrierile YouTube<\/h3>\n\n\n\n<ul class=\"wp-block-list\">\n<li class=\"\"><strong>Educa\u021bie<\/strong>: \u00cembun\u0103t\u0103\u021birea resurselor de \u00eenv\u0103\u021bare.<\/li>\n\n\n\n<li class=\"\"><strong>Marketing<\/strong>: \u00cembun\u0103t\u0103\u021birea accesibilit\u0103\u021bii \u0219i implic\u0103rii con\u021binutului.<\/li>\n\n\n\n<li class=\"\"><strong>Divertisment<\/strong>: Asigurarea accesibilit\u0103\u021bii con\u021binutului pentru un public mai larg.<\/li>\n\n\n\n<li class=\"\"><strong>Cercetare<\/strong>: Facilitarea analizei \u0219i document\u0103rii datelor.<\/li>\n\n\n\n<li class=\"\"><strong>Asisten\u021b\u0103 medical\u0103<\/strong>: Transcrierea prelegerilor \u0219i seminariilor medicale pentru dezvoltarea profesional\u0103.<\/li>\n<\/ul>\n\n\n\n<h3 class=\"wp-block-heading\">Cum s\u0103 utiliza\u021bi transcrierile YouTube<\/h3>\n\n\n\n<ol class=\"wp-block-list\">\n<li class=\"\"><strong>G\u0103si\u021bi un instrument de transcriere<\/strong>: Utiliza\u021bi un instrument de \u00eencredere, cum ar fi <a href=\"https:\/\/aiartfree.online\/ro\/transcriere-youtube\/\">https:\/\/aiartfree.online\/youtube-transcript\/<\/a>.<\/li>\n\n\n\n<li class=\"\"><strong>\u00cenc\u0103rca\u021bi sau conecta\u021bi videoclipul<\/strong>: Furniza\u021bi link-ul video YouTube.<\/li>\n\n\n\n<li class=\"\"><strong>Generarea transcrierii<\/strong>: Permite\u021bi instrumentului s\u0103 proceseze \u00eenregistrarea video \u0219i s\u0103 genereze transcrierea.<\/li>\n\n\n\n<li class=\"\"><strong>Editare \u0219i personalizare<\/strong>: Efectua\u021bi orice modific\u0103ri necesare ale transcrierii.<\/li>\n\n\n\n<li class=\"\"><strong>Desc\u0103rcare<\/strong>: Salva\u021bi transcrierea \u00een formatul dvs. preferat.<\/li>\n<\/ol>\n\n\n\n<h3 class=\"wp-block-heading\">Cazuri de utilizare a transcrierilor YouTube<\/h3>\n\n\n\n<h4 class=\"wp-block-heading\">Creatori de con\u021binut<\/h4>\n\n\n\n<p class=\"\">Creatorii de con\u021binut pot utiliza transcrierile pentru a \u00eembun\u0103t\u0103\u021bi SEO, f\u0103c\u00e2nd videoclipurile lor mai u\u0219or de descoperit. De asemenea, transcrierile pot fi reproduse \u00een post\u0103ri pe blog sau \u00een con\u021binut social media.<\/p>\n\n\n\n<h4 class=\"wp-block-heading\">Educatori<\/h4>\n\n\n\n<p class=\"\">Educatorii pot furniza transcrieri studen\u021bilor pentru a \u00eembun\u0103t\u0103\u021bi \u00eenv\u0103\u021barea \u0219i accesibilitatea. Transcrierile sunt, de asemenea, utile pentru crearea de materiale de studiu \u0219i documente de referin\u021b\u0103.<\/p>\n\n\n\n<h4 class=\"wp-block-heading\">Marketeri<\/h4>\n\n\n\n<p class=\"\">Agen\u021bii de marketing pot utiliza transcrierile pentru a extrage informa\u021bii cheie pentru campanii, pentru a crea post\u0103ri pe blog \u0219i pentru a analiza comportamentul \u0219i preferin\u021bele consumatorilor.<\/p>\n\n\n\n<h3 class=\"wp-block-heading\">Top 10 instrumente \u0219i informa\u021bii de transcriere YouTube<\/h3>\n\n\n\n<figure class=\"wp-block-table\"><table class=\"has-fixed-layout\"><thead><tr><th>Site web<\/th><th>Avantaje<\/th><th>Dezavantaje<\/th><th>Provoc\u0103ri<\/th><th>Sugestii<\/th><\/tr><\/thead><tbody><tr><td><a href=\"https:\/\/aiartfree.online\/ro\/transcriere-youtube\/\">Transcript YouTube<\/a><\/td><td>100% Gratuit, Nelimitat, F\u0103r\u0103 \u00eenregistrare, Precizie ridicat\u0103<\/td><td>Suport lingvistic limitat<\/td><td>Asigurarea unei precizii ridicate \u00een toate videoclipurile<\/td><td>Extinde\u021bi suportul lingvistic<\/td><\/tr><tr><td>otter.ai<\/td><td>Precizie, caracteristici colaborative<\/td><td>Abonament necesar<\/td><td>Gestionarea costurilor pentru echipele mari<\/td><td>Oferi\u021bi planuri mai accesibile<\/td><\/tr><tr><td>rev.com<\/td><td>Precizie profesional\u0103, termen de predare rapid<\/td><td>Costos pentru videoclipuri lungi<\/td><td>Men\u021binerea accesibilit\u0103\u021bii<\/td><td>Introduce\u021bi pre\u021buri diferen\u021biate<\/td><\/tr><tr><td>temi.com<\/td><td>Accesibil, u\u0219or de utilizat<\/td><td>Precizia poate varia<\/td><td>Echilibrarea costurilor \u0219i a calit\u0103\u021bii<\/td><td>\u00cembun\u0103t\u0103\u021birea preciziei<\/td><\/tr><tr><td>transcribeme.com<\/td><td>Precizie ridicat\u0103, transcriere uman\u0103 disponibil\u0103<\/td><td>Scumpe<\/td><td>Gestionarea costurilor de transcriere<\/td><td>Oferi\u021bi reduceri pentru comenzi \u00een vrac<\/td><\/tr><tr><td>sonix.ai<\/td><td>Rapid, se integreaz\u0103 cu software-ul de editare<\/td><td>Abonament necesar<\/td><td>Justificarea costurilor de abonament<\/td><td>Oferi\u021bi mai multe op\u021biuni de testare<\/td><\/tr><tr><td>scribie.com<\/td><td>Accesibil, transcriere manual\u0103 disponibil\u0103<\/td><td>Caracteristici limitate<\/td><td>\u00cembun\u0103t\u0103\u021birea setului de caracteristici<\/td><td>Extinde\u021bi caracteristicile<\/td><\/tr><tr><td>happyscribe.com<\/td><td>Suport multilingv, U\u0219or de utilizat<\/td><td>Abonament necesar<\/td><td>Gestionarea costurilor<\/td><td>Introduce\u021bi pre\u021buri mai flexibile<\/td><\/tr><tr><td>descript.com<\/td><td>Caracteristici de editare, precizie ridicat\u0103<\/td><td>Curb\u0103 de \u00eenv\u0103\u021bare mai abrupt\u0103<\/td><td>Interfa\u021b\u0103 u\u0219or de utilizat<\/td><td>Simplificarea interfe\u021bei<\/td><\/tr><tr><td><a href=\"https:\/\/trint.com\" target=\"_blank\" rel=\"noopener\">trint.com<\/a><\/td><td>Rapid, Instrumente de colaborare<\/td><td>Pre\u021bios pentru utilizatorii individuali<\/td><td>Eficien\u021ba costurilor<\/td><td>Oferi\u021bi mai multe planuri individuale pentru utilizatori<\/td><\/tr><\/tbody><\/table><\/figure>\n\n\n\n<h3 class=\"wp-block-heading\">Avantaje, dezavantaje \u0219i provoc\u0103ri \u00een industrie<\/h3>\n\n\n\n<h4 class=\"wp-block-heading\">Avantaje<\/h4>\n\n\n\n<ul class=\"wp-block-list\">\n<li class=\"\">Accesibilitate \u0219i implicare \u00eembun\u0103t\u0103\u021bite.<\/li>\n\n\n\n<li class=\"\">\u00cembun\u0103t\u0103\u021birea SEO \u0219i a capacit\u0103\u021bii de descoperire.<\/li>\n\n\n\n<li class=\"\">Reutilizarea versatil\u0103 a con\u021binutului.<\/li>\n<\/ul>\n\n\n\n<h4 class=\"wp-block-heading\">Dezavantaje<\/h4>\n\n\n\n<ul class=\"wp-block-list\">\n<li class=\"\">Precizie variabil\u0103 \u00eentre diferite instrumente.<\/li>\n\n\n\n<li class=\"\">Costurile asociate cu serviciile de transcriere de \u00eenalt\u0103 calitate.<\/li>\n<\/ul>\n\n\n\n<h4 class=\"wp-block-heading\">Provoc\u0103ri<\/h4>\n\n\n\n<ul class=\"wp-block-list\">\n<li class=\"\">Echilibrarea costurilor \u0219i a preciziei.<\/li>\n\n\n\n<li class=\"\">Asigurarea suportului multilingv \u0219i a op\u021biunilor de personalizare.<\/li>\n<\/ul>\n\n\n\n<h4 class=\"wp-block-heading\">Sugestii<\/h4>\n\n\n\n<ul class=\"wp-block-list\">\n<li class=\"\">Extinde\u021bi suportul lingvistic.<\/li>\n\n\n\n<li class=\"\">Oferi\u021bi planuri tarifare mai flexibile \u0219i mai accesibile.<\/li>\n\n\n\n<li class=\"\">\u00cembun\u0103t\u0103\u021birea interfe\u021belor utilizator pentru o mai bun\u0103 utilizare.<\/li>\n<\/ul>\n\n\n\n<h3 class=\"wp-block-heading\">\u00ceNTREB\u0102RI FRECVENTE<\/h3>\n\n\n\n<ol class=\"wp-block-list\">\n<li class=\"\"><strong>Cum s\u0103 ob\u021bine\u021bi transcrierea unui videoclip YouTube?<\/strong>\n<ul class=\"wp-block-list\">\n<li class=\"\">Utiliza\u021bi un instrument precum <a href=\"https:\/\/aiartfree.online\/ro\/transcriere-youtube\/\">https:\/\/aiartfree.online\/youtube-transcript\/<\/a> pentru a genera transcrieri cu u\u0219urin\u021b\u0103.<\/li>\n<\/ul>\n<\/li>\n\n\n\n<li class=\"\"><strong>Cum s\u0103 desc\u0103rca\u021bi transcrierea de pe YouTube?<\/strong>\n<ul class=\"wp-block-list\">\n<li class=\"\">Utiliza\u021bi func\u021bia de transcriere \u00eencorporat\u0103 \u00een YouTube sau un instrument ter\u021b\u0103 parte pentru a desc\u0103rca transcrierea.<\/li>\n<\/ul>\n<\/li>\n\n\n\n<li class=\"\"><strong>Cum s\u0103 ob\u021bine\u021bi o transcriere a unui videoclip YouTube?<\/strong>\n<ul class=\"wp-block-list\">\n<li class=\"\">Copia\u021bi link-ul video \u0219i utiliza\u021bi un instrument de transcriere pentru a genera \u0219i desc\u0103rca transcrierea.<\/li>\n<\/ul>\n<\/li>\n\n\n\n<li class=\"\"><strong>Cum s\u0103 ob\u021bine\u021bi transcrierea unui videoclip YouTube?<\/strong>\n<ul class=\"wp-block-list\">\n<li class=\"\">Utiliza\u021bi instrumente online precum <a href=\"https:\/\/aiartfree.online\/ro\/\">aiartfree.online<\/a> pentru generarea u\u0219oar\u0103 a transcrierilor.<\/li>\n<\/ul>\n<\/li>\n\n\n\n<li class=\"\"><strong>Cum s\u0103 ob\u021bine\u021bi transcrierea de la un videoclip YouTube?<\/strong>\n<ul class=\"wp-block-list\">\n<li class=\"\">Lipi\u021bi linkul video \u00eentr-un instrument generator de transcrieri \u0219i desc\u0103rca\u021bi rezultatul.<\/li>\n<\/ul>\n<\/li>\n\n\n\n<li class=\"\"><strong>Cum s\u0103 desc\u0103rca\u021bi transcrierea de pe YouTube?<\/strong>\n<ul class=\"wp-block-list\">\n<li class=\"\">Utiliza\u021bi servicii ter\u021be pentru a desc\u0103rca transcrierea \u00een diferite formate.<\/li>\n<\/ul>\n<\/li>\n\n\n\n<li class=\"\"><strong>Cum s\u0103 ob\u021bine\u021bi transcrierea YouTube?<\/strong>\n<ul class=\"wp-block-list\">\n<li class=\"\">Accesa\u021bi transcrierea videoclipului prin YouTube sau utiliza\u021bi instrumente externe pentru func\u021bii \u00eembun\u0103t\u0103\u021bite.<\/li>\n<\/ul>\n<\/li>\n\n\n\n<li class=\"\"><strong>Cum s\u0103 genera\u021bi transcrieri pentru videoclipurile YouTube?<\/strong>\n<ul class=\"wp-block-list\">\n<li class=\"\">Utiliza\u021bi servicii de transcriere automat\u0103 pentru rezultate rapide \u0219i precise.<\/li>\n<\/ul>\n<\/li>\n\n\n\n<li class=\"\"><strong>Cum s\u0103 edita\u021bi transcrierea YouTube?<\/strong>\n<ul class=\"wp-block-list\">\n<li class=\"\">Desc\u0103rca\u021bi transcrierea \u0219i utiliza\u021bi un software de editare a textului pentru a face modific\u0103ri.<\/li>\n<\/ul>\n<\/li>\n\n\n\n<li class=\"\"><strong>Cum s\u0103 utiliza\u021bi transcrierea YouTube?<\/strong>\n<ul class=\"wp-block-list\">\n<li class=\"\">Urm\u0103ri\u021bi videoclipul, c\u0103uta\u021bi termeni specifici sau refolosi\u021bi con\u021binutul pentru alte utiliz\u0103ri.<\/li>\n<\/ul>\n<\/li>\n<\/ol>\n\n\n\n<figure class=\"wp-block-image size-large is-resized\"><img data-recalc-dims=\"1\" data-dominant-color=\"888685\" data-has-transparency=\"false\" decoding=\"async\" width=\"1024\" height=\"490\"   loading=\"lazy\" src=\"https:\/\/i0.wp.com\/aiartfree.online\/wp-content\/uploads\/2024\/07\/WX20240730-201649%402x-1024x490.webp?resize=1024%2C490&#038;ssl=1\" alt=\"\" class=\"wp-image-3349 not-transparent\" style=\"--dominant-color: #888685; width:700px;height:auto\" srcset=\"https:\/\/i0.wp.com\/aiartfree.online\/wp-content\/uploads\/2024\/07\/WX20240730-201649%402x.jpg?resize=1024%2C490&amp;ssl=1 1024w, https:\/\/i0.wp.com\/aiartfree.online\/wp-content\/uploads\/2024\/07\/WX20240730-201649%402x.jpg?resize=300%2C144&amp;ssl=1 300w, https:\/\/i0.wp.com\/aiartfree.online\/wp-content\/uploads\/2024\/07\/WX20240730-201649%402x.jpg?resize=768%2C367&amp;ssl=1 768w, https:\/\/i0.wp.com\/aiartfree.online\/wp-content\/uploads\/2024\/07\/WX20240730-201649%402x.jpg?resize=1536%2C735&amp;ssl=1 1536w, https:\/\/i0.wp.com\/aiartfree.online\/wp-content\/uploads\/2024\/07\/WX20240730-201649%402x.jpg?resize=18%2C9&amp;ssl=1 18w, https:\/\/i0.wp.com\/aiartfree.online\/wp-content\/uploads\/2024\/07\/WX20240730-201649%402x.jpg?resize=600%2C287&amp;ssl=1 600w, https:\/\/i0.wp.com\/aiartfree.online\/wp-content\/uploads\/2024\/07\/WX20240730-201649%402x.jpg?w=1944&amp;ssl=1 1944w\" sizes=\"auto, (max-width: 1024px) 100vw, 1024px\" \/><\/figure>\n\n\n\n<h3 class=\"wp-block-heading\">Concluzie<\/h3>\n\n\n\n<p class=\"\">Transcrierile YouTube sunt nepre\u021buite pentru \u00eembun\u0103t\u0103\u021birea accesibilit\u0103\u021bii, a SEO \u0219i a reorient\u0103rii con\u021binutului. Prin utilizarea unor instrumente fiabile precum <a href=\"https:\/\/aiartfree.online\/ro\/transcriere-youtube\/\">https:\/\/aiartfree.online\/youtube-transcript\/<\/a>pute\u021bi genera, edita \u0219i desc\u0103rca cu u\u0219urin\u021b\u0103 transcrieri. Profita\u021bi de puterea transcrierilor pentru a v\u0103 \u00eembun\u0103t\u0103\u021bi con\u021binutul video \u0219i pentru a ajunge la un public mai larg.<\/p>\n\n\n\n<p class=\"\"><\/p>","protected":false},"excerpt":{"rendered":"<p>How to use YouTube Transcript * Depending on your internet speed, loading the model may take a few seconds. \u2193 The Ultimate Guide For YouTube Transcript Table of Contents Introduction In the digital age, content accessibility is paramount. One of the most useful tools for enhancing accessibility and engagement is the YouTube transcript. This guide &#8230; <a title=\"Transcript YouTube\" class=\"read-more\" href=\"https:\/\/aiartfree.online\/ro\/transcriere-youtube\/\" aria-label=\"Cite\u0219te mai multe despre YouTube Transcript\">Cite\u0219te mai mult<\/a><\/p>","protected":false},"author":1,"featured_media":3349,"parent":0,"menu_order":0,"comment_status":"open","ping_status":"closed","template":"","meta":{"nf_dc_page":"","footnotes":""},"class_list":["post-3319","page","type-page","status-publish","has-post-thumbnail"],"jetpack_sharing_enabled":true,"_links":{"self":[{"href":"https:\/\/aiartfree.online\/ro\/wp-json\/wp\/v2\/pages\/3319","targetHints":{"allow":["GET"]}}],"collection":[{"href":"https:\/\/aiartfree.online\/ro\/wp-json\/wp\/v2\/pages"}],"about":[{"href":"https:\/\/aiartfree.online\/ro\/wp-json\/wp\/v2\/types\/page"}],"author":[{"embeddable":true,"href":"https:\/\/aiartfree.online\/ro\/wp-json\/wp\/v2\/users\/1"}],"replies":[{"embeddable":true,"href":"https:\/\/aiartfree.online\/ro\/wp-json\/wp\/v2\/comments?post=3319"}],"version-history":[{"count":1,"href":"https:\/\/aiartfree.online\/ro\/wp-json\/wp\/v2\/pages\/3319\/revisions"}],"predecessor-version":[{"id":3604,"href":"https:\/\/aiartfree.online\/ro\/wp-json\/wp\/v2\/pages\/3319\/revisions\/3604"}],"wp:featuredmedia":[{"embeddable":true,"href":"https:\/\/aiartfree.online\/ro\/wp-json\/wp\/v2\/media\/3349"}],"wp:attachment":[{"href":"https:\/\/aiartfree.online\/ro\/wp-json\/wp\/v2\/media?parent=3319"}],"curies":[{"name":"wp","href":"https:\/\/api.w.org\/{rel}","templated":true}]}}