{"id":3302,"date":"2024-07-29T14:27:33","date_gmt":"2024-07-29T14:27:33","guid":{"rendered":"https:\/\/aiartfree.online\/?page_id=3302"},"modified":"2024-07-31T13:42:45","modified_gmt":"2024-07-31T13:42:45","slug":"deepfake","status":"publish","type":"page","link":"https:\/\/aiartfree.online\/ro\/deepfake\/","title":{"rendered":"Deepfake"},"content":{"rendered":"<h2 class=\"wp-block-heading has-text-align-center\">\u00cenainte vs. Dup\u0103<\/h2>\n\n\n\n<figure class=\"gb-block-image gb-block-image-1822da1f\"><img data-recalc-dims=\"1\" decoding=\"async\" loading=\"lazy\" width=\"1200\" height=\"638\" class=\"gb-image gb-image-1822da1f\" src=\"https:\/\/i0.wp.com\/aiartfree.online\/wp-content\/uploads\/2024\/07\/421722273567_.pic_hd-copy-jpg.webp?resize=1200%2C638&#038;ssl=1\" alt=\"Descoperi\u021bi cum tehnologia deepfake revolu\u021bioneaz\u0103 media digital\u0103. Cel mai bun instrument gratuit pentru a crea deepfakes, a explora fe\u021bele schimbate \u0219i aplica\u021biile AI nelimitate.\" title=\"421722273567_.pic_hd copie\" srcset=\"https:\/\/i0.wp.com\/aiartfree.online\/wp-content\/uploads\/2024\/07\/421722273567_.pic_hd-copy-jpg.webp?w=1652&amp;ssl=1 1652w, https:\/\/i0.wp.com\/aiartfree.online\/wp-content\/uploads\/2024\/07\/421722273567_.pic_hd-copy-jpg.webp?resize=300%2C159&amp;ssl=1 300w, https:\/\/i0.wp.com\/aiartfree.online\/wp-content\/uploads\/2024\/07\/421722273567_.pic_hd-copy-jpg.webp?resize=1024%2C544&amp;ssl=1 1024w, https:\/\/i0.wp.com\/aiartfree.online\/wp-content\/uploads\/2024\/07\/421722273567_.pic_hd-copy-jpg.webp?resize=768%2C408&amp;ssl=1 768w, https:\/\/i0.wp.com\/aiartfree.online\/wp-content\/uploads\/2024\/07\/421722273567_.pic_hd-copy-jpg.webp?resize=1536%2C816&amp;ssl=1 1536w, https:\/\/i0.wp.com\/aiartfree.online\/wp-content\/uploads\/2024\/07\/421722273567_.pic_hd-copy-jpg.webp?resize=18%2C10&amp;ssl=1 18w, https:\/\/i0.wp.com\/aiartfree.online\/wp-content\/uploads\/2024\/07\/421722273567_.pic_hd-copy-jpg.webp?resize=600%2C319&amp;ssl=1 600w\" sizes=\"auto, (max-width: 1200px) 100vw, 1200px\" \/><\/figure>\n\n\n\n<h2 class=\"wp-block-heading\">Cum s\u0103 utiliza\u021bi Deepfake<\/h2>\n\n\n\n<ol class=\"wp-block-list\">\n<li class=\"\">Desc\u0103rca\u021bi sau \u00eenc\u0103rca\u021bi<strong> Imagine \u021bint\u0103<\/strong><\/li>\n\n\n\n<li class=\"\">Desc\u0103rca\u021bi sau \u00eenc\u0103rca\u021bi<strong> Imagine surs\u0103<\/strong><\/li>\n\n\n\n<li class=\"\">Face\u021bi clic pe \"Trimite\"<\/li>\n\n\n\n<li class=\"\">Stai, asta este!<\/li>\n<\/ol>\n\n\n\n<p class=\"\"><em>* \u00cen func\u021bie de viteza internetului, \u00eenc\u0103rcarea modelului poate dura c\u00e2teva secunde. \u2193<\/em><\/p>\n\n\n\n<div style=\"text-align: center; border: 2px solid; border-image-source: linear-gradient(to right, #16b86c, #912899); border-image-slice: 1; box-shadow: 0 0 10px rgba(0, 0, 0, 0.1); border-radius: 15px;\">\n  <iframe loading=\"lazy\"\n    src=\"https:\/\/bingbing520-Swap-Face-Model.hf.space\"\n    frameborder=\"0\"\n    width=\"100%\"\n    height=\"1000\"\n    style=\"display: inline-block; margin: 0 auto;\"\n  ><\/iframe>\n<\/div>\n\n\n\n<div style=\"height:50px\" aria-hidden=\"true\" class=\"wp-block-spacer\"><\/div>\n\n\n\n<h2 class=\"wp-block-heading\">Explorarea lumii Deepfakes: Defini\u021bie, utiliz\u0103ri \u0219i instrumente de top<\/h2>\n\n\n\n<p class=\"\">Tehnologia deepfake a revolu\u021bionat modul \u00een care interac\u021bion\u0103m cu mediile digitale, oferind posibilit\u0103\u021bi \u0219i provoc\u0103ri f\u0103r\u0103 precedent. Acest articol va aprofunda defini\u021bia, aplica\u021biile \u0219i cele mai bune instrumente pentru crearea \u0219i detectarea deepfake.<\/p>\n\n\n\n<figure class=\"wp-block-image size-large is-resized\"><img data-recalc-dims=\"1\" data-dominant-color=\"75716f\" data-has-transparency=\"false\" decoding=\"async\" width=\"1024\" height=\"544\"   loading=\"lazy\" src=\"https:\/\/i0.wp.com\/aiartfree.online\/wp-content\/uploads\/2024\/07\/421722273567_.pic_hd-copy-1024x544.webp?resize=1024%2C544&#038;ssl=1\" alt=\"Descoperi\u021bi cum tehnologia deepfake revolu\u021bioneaz\u0103 media digital\u0103. Cel mai bun instrument gratuit pentru a crea deepfakes, a explora fe\u021bele schimbate \u0219i aplica\u021biile AI nelimitate.\" class=\"wp-image-3313 not-transparent\" style=\"--dominant-color: #75716f; width:990px;height:auto\" srcset=\"https:\/\/i0.wp.com\/aiartfree.online\/wp-content\/uploads\/2024\/07\/421722273567_.pic_hd-copy-jpg.webp?resize=1024%2C544&amp;ssl=1 1024w, https:\/\/i0.wp.com\/aiartfree.online\/wp-content\/uploads\/2024\/07\/421722273567_.pic_hd-copy-jpg.webp?resize=300%2C159&amp;ssl=1 300w, https:\/\/i0.wp.com\/aiartfree.online\/wp-content\/uploads\/2024\/07\/421722273567_.pic_hd-copy-jpg.webp?resize=768%2C408&amp;ssl=1 768w, https:\/\/i0.wp.com\/aiartfree.online\/wp-content\/uploads\/2024\/07\/421722273567_.pic_hd-copy-jpg.webp?resize=1536%2C816&amp;ssl=1 1536w, https:\/\/i0.wp.com\/aiartfree.online\/wp-content\/uploads\/2024\/07\/421722273567_.pic_hd-copy-jpg.webp?resize=18%2C10&amp;ssl=1 18w, https:\/\/i0.wp.com\/aiartfree.online\/wp-content\/uploads\/2024\/07\/421722273567_.pic_hd-copy-jpg.webp?resize=600%2C319&amp;ssl=1 600w, https:\/\/i0.wp.com\/aiartfree.online\/wp-content\/uploads\/2024\/07\/421722273567_.pic_hd-copy-jpg.webp?w=1652&amp;ssl=1 1652w\" sizes=\"auto, (max-width: 1024px) 100vw, 1024px\" \/><\/figure>\n\n\n\n<h3 class=\"wp-block-heading\">Tabla de con\u021binut<\/h3>\n\n\n\n<ol class=\"wp-block-list\">\n<li class=\"\"><a href=\"#what-is-deepfake\">Ce este Deepfake?<\/a><\/li>\n\n\n\n<li class=\"\"><a href=\"#why-use-deepfake\">De ce s\u0103 folosi\u021bi Deepfake?<\/a><\/li>\n\n\n\n<li class=\"\"><a href=\"#who-can-benefit-from-deepfake-technology\">Cine poate beneficia de tehnologia Deepfake?<\/a><\/li>\n\n\n\n<li class=\"\"><a href=\"#top-10-deepfake-tools\">Top 10 instrumente Deepfake<\/a><\/li>\n\n\n\n<li class=\"\"><a href=\"#faq\">\u00ceNTREB\u0102RI FRECVENTE<\/a><\/li>\n\n\n\n<li class=\"\"><a href=\"#other-relevant-information\">Alte informa\u021bii relevante<\/a><\/li>\n<\/ol>\n\n\n\n<h3 class=\"wp-block-heading\">Ce este Deepfake?<\/h3>\n\n\n\n<p class=\"\">Tehnologia Deepfake se refer\u0103 la mediile sintetice \u00een care o persoan\u0103 dintr-o imagine sau dintr-un videoclip existent este \u00eenlocuit\u0103 cu asem\u0103narea altcuiva. Acest lucru se realizeaz\u0103 prin utilizarea inteligen\u021bei artificiale (AI), \u00een special a re\u021belelor generatoare adversare (GAN) \u0219i a re\u021belelor neuronale. Termenul \"deepfake\" combin\u0103 \"deep learning\" \u0219i \"fake\" pentru a descrie procesul \u0219i rezultatul acestei tehnologii.<\/p>\n\n\n\n<h3 class=\"wp-block-heading\">De ce s\u0103 folosi\u021bi Deepfake?<\/h3>\n\n\n\n<p class=\"\">Tehnologia Deepfake ofer\u0103 numeroase aplica\u021bii:<\/p>\n\n\n\n<ul class=\"wp-block-list\">\n<li class=\"\"><strong>Divertisment<\/strong>: Crearea de efecte speciale realiste \u0219i aducerea la via\u021b\u0103 a personajelor istorice \u00een filme.<\/li>\n\n\n\n<li class=\"\"><strong>Educa\u021bie<\/strong>: Simularea scenariilor \u00een scopuri de instruire sau crearea de con\u021binut educa\u021bional captivant.<\/li>\n\n\n\n<li class=\"\"><strong>Marketing<\/strong>: Reclame personalizate \u00een care un telespectator se vede pe sine sau vede o celebritate sus\u021bin\u00e2nd un produs.<\/li>\n\n\n\n<li class=\"\"><strong>Social Media<\/strong>: Producerea de con\u021binut atractiv \u0219i viral.<\/li>\n<\/ul>\n\n\n\n<p class=\"\">Cu toate acestea, este esen\u021bial s\u0103 recunoa\u0219tem poten\u021bialul de utilizare abuziv\u0103, cum ar fi r\u0103sp\u00e2ndirea de informa\u021bii eronate sau crearea de pornografie deepfake, care ridic\u0103 probleme etice \u0219i juridice.<\/p>\n\n\n\n<h3 class=\"wp-block-heading\">Cine poate beneficia de tehnologia Deepfake?<\/h3>\n\n\n\n<ul class=\"wp-block-list\">\n<li class=\"\"><strong>Industria filmului \u0219i a televiziunii<\/strong>: Pentru crearea de efecte realiste \u0219i performan\u021be postume.<\/li>\n\n\n\n<li class=\"\"><strong>Institu\u021bii de \u00eenv\u0103\u021b\u0103m\u00e2nt<\/strong>: Pentru dezvoltarea de materiale didactice interactive.<\/li>\n\n\n\n<li class=\"\"><strong>Agen\u021bii de marketing<\/strong>: Pentru a crea campanii publicitare personalizate.<\/li>\n\n\n\n<li class=\"\"><strong>Influen\u021batori social media<\/strong>: Pentru a produce con\u021binut captivant.<\/li>\n\n\n\n<li class=\"\"><strong>Agen\u021bii de securitate<\/strong>: \u00cen scopuri de formare \u0219i de dezvoltare a mecanismelor de detectare.<\/li>\n<\/ul>\n\n\n\n<h3 class=\"wp-block-heading\">Top 10 instrumente Deepfake<\/h3>\n\n\n\n<figure class=\"wp-block-table\"><table class=\"has-fixed-layout\"><thead><tr><th>Instrument<\/th><th>Site web<\/th><th>Avantaje<\/th><th>Dezavantaje<\/th><th>Provoc\u0103ri<\/th><th>Recomand\u0103ri<\/th><\/tr><\/thead><tbody><tr><td>DeepFaceLab<\/td><td><a href=\"https:\/\/github.com\/iperov\/DeepFaceLab\" target=\"_blank\" rel=\"noopener\">https:\/\/github.com\/iperov\/DeepFaceLab<\/a><\/td><td>Open-source, foarte personalizabil<\/td><td>Curb\u0103 de \u00eenv\u0103\u021bare abrupt\u0103<\/td><td>Necesit\u0103 hardware puternic<\/td><td>Cel mai bun pentru utilizatorii experimenta\u021bi<\/td><\/tr><tr><td>Deepfake | Online gratuit<\/td><td><a href=\"https:\/\/aiartfree.online\/ro\/deepfake\/\" target=\"_blank\" rel=\"noreferrer noopener\">https:\/\/faceswap.dev\/<\/a><\/td><td>U\u0219or de utilizat, rezultate rapide<\/td><td>F\u0103r\u0103 aplica\u021bie mobil\u0103<\/td><td>Personalizare limitat\u0103<\/td><td>Bun pentru \u00eencep\u0103tori cu interes tehnic<\/td><\/tr><tr><td>Zao<\/td><td><a href=\"https:\/\/apps.apple.com\/cn\/app\/zao\/id1465199127\" target=\"_blank\" rel=\"noopener\">https:\/\/apps.apple.com\/cn\/app\/zao\/id1465199127<\/a><\/td><td>U\u0219or de utilizat, rezultate rapide<\/td><td>Preocup\u0103ri legate de confiden\u021bialitate<\/td><td>Personalizare limitat\u0103<\/td><td>Ideal pentru utilizatorii ocazionali<\/td><\/tr><tr><td>Refacere<\/td><td><a href=\"https:\/\/reface.app\/\" target=\"_blank\" rel=\"noopener\">https:\/\/reface.app\/<\/a><\/td><td>Aplica\u021bie mobil\u0103, u\u0219or de utilizat<\/td><td>Rezultate filigranate<\/td><td>Limitat la clipuri scurte<\/td><td>Excelent pentru utilizatorii de social media<\/td><\/tr><tr><td>MyHeritage Nostalgie profund\u0103<\/td><td><a>https:\/\/www.myheritage.com\/deep-nostalgia<\/a><\/td><td>Anim\u0103 fotografii, u\u0219or de utilizat<\/td><td>Limitat la fotografii istorice<\/td><td>Pe baz\u0103 de abonament<\/td><td>Perfect pentru pasiona\u021bii de genealogie<\/td><\/tr><tr><td>AvengeThem<\/td><td><a href=\"https:\/\/aveng-them.com\/\" target=\"_blank\" rel=\"noopener\">https:\/\/aveng-them.com\/<\/a><\/td><td>Teme amuzante \u0219i distractive, cu supereroi<\/td><td>Aplica\u021bie limitat\u0103<\/td><td>Nu este realist<\/td><td>Bun pentru divertisment<\/td><\/tr><tr><td>Efecte Deep Art<\/td><td><a href=\"https:\/\/www.deeparteffects.com\/\" target=\"_blank\" rel=\"noopener\">https:\/\/www.deeparteffects.com\/<\/a><\/td><td>Transform\u0103ri artistice<\/td><td>Nu pentru deepfakes realiste<\/td><td>Pe baz\u0103 de abonament<\/td><td>Ideal pentru arti\u0219ti<\/td><\/tr><tr><td>Deepfakes Web<\/td><td><a href=\"https:\/\/deepfakesweb.com\/\" target=\"_blank\" rel=\"noopener\">https:\/\/deepfakesweb.com\/<\/a><\/td><td>Bazat pe web, nu necesit\u0103 instalare<\/td><td>Abonament necesar<\/td><td>Procesare lent\u0103<\/td><td>Convenabil pentru utilizare ocazional\u0103<\/td><\/tr><tr><td>Morphin<\/td><td><a href=\"https:\/\/morphinapp.com\/\" target=\"_blank\" rel=\"noopener\">https:\/\/morphinapp.com\/<\/a><\/td><td>Amuzant, u\u0219or de utilizat<\/td><td>Limitat la GIF-uri<\/td><td>Nu este potrivit pentru aplica\u021bii serioase<\/td><td>Cel mai bun pentru utilizare ocazional\u0103<\/td><\/tr><\/tbody><\/table><\/figure>\n\n\n\n<h3 class=\"wp-block-heading\">\u00ceNTREB\u0102RI FRECVENTE<\/h3>\n\n\n\n<ol class=\"wp-block-list\">\n<li class=\"\"><strong>Ce este un deepfake?<\/strong>\n<ul class=\"wp-block-list\">\n<li class=\"\">Un deepfake este un media sintetic \u00een care asem\u0103narea unei persoane este \u00eenlocuit\u0103 cu cea a altcuiva cu ajutorul inteligen\u021bei artificiale.<\/li>\n<\/ul>\n<\/li>\n\n\n\n<li class=\"\"><strong>Cum func\u021bioneaz\u0103 tehnologia deepfake?<\/strong>\n<ul class=\"wp-block-list\">\n<li class=\"\">Acesta utilizeaz\u0103 algoritmi de \u00eenv\u0103\u021bare profund\u0103 \u0219i GAN-uri pentru a crea modific\u0103ri realiste \u00een videoclipuri sau imagini.<\/li>\n<\/ul>\n<\/li>\n\n\n\n<li class=\"\"><strong>Sunt deepfakes legale?<\/strong>\n<ul class=\"wp-block-list\">\n<li class=\"\">Legalitatea deepfakes variaz\u0103 \u00een func\u021bie de jurisdic\u021bie \u0219i context, \u00een special \u00een ceea ce prive\u0219te aspecte precum consim\u021b\u0103m\u00e2ntul \u0219i def\u0103imarea.<\/li>\n<\/ul>\n<\/li>\n\n\n\n<li class=\"\"><strong>Cum pot crea un deepfake?<\/strong>\n<ul class=\"wp-block-list\">\n<li class=\"\">Utilizarea unor instrumente precum DeepFaceLab sau FaceSwap, dar fi\u021bi con\u0219tien\u021bi de implica\u021biile etice \u0219i juridice.<\/li>\n<\/ul>\n<\/li>\n\n\n\n<li class=\"\"><strong>Care sunt pericolele deepfakes?<\/strong>\n<ul class=\"wp-block-list\">\n<li class=\"\">Acestea pot fi utilizate pentru a r\u0103sp\u00e2ndi informa\u021bii false, pentru a crea con\u021binut explicit neconsensual \u0219i pentru a afecta reputa\u021bia.<\/li>\n<\/ul>\n<\/li>\n\n\n\n<li class=\"\"><strong>Pot fi detectate deepfakes?<\/strong>\n<ul class=\"wp-block-list\">\n<li class=\"\">Da, prin diverse tehnici de detectare \u0219i instrumente dezvoltate pentru a recunoa\u0219te mediile sintetice.<\/li>\n<\/ul>\n<\/li>\n\n\n\n<li class=\"\"><strong>Care este viitorul tehnologiei deepfake?<\/strong>\n<ul class=\"wp-block-list\">\n<li class=\"\">Acesta va continua s\u0103 evolueze, cu progrese at\u00e2t \u00een ceea ce prive\u0219te crearea, c\u00e2t \u0219i tehnologiile de detectare.<\/li>\n<\/ul>\n<\/li>\n\n\n\n<li class=\"\"><strong>Pot fi folosite deepfakes pentru bine?<\/strong>\n<ul class=\"wp-block-list\">\n<li class=\"\">Da, \u00een divertisment, educa\u021bie \u0219i marketing, printre alte domenii.<\/li>\n<\/ul>\n<\/li>\n\n\n\n<li class=\"\"><strong>C\u00e2t de exacte sunt deepfakes?<\/strong>\n<ul class=\"wp-block-list\">\n<li class=\"\">Precizia depinde de calitatea datelor de intrare \u0219i de gradul de sofisticare al instrumentelor utilizate.<\/li>\n<\/ul>\n<\/li>\n\n\n\n<li class=\"\"><strong>Care este cel mai bun instrument deepfake?<\/strong>\n<ul class=\"wp-block-list\">\n<li class=\"\">Acest lucru depinde de nevoile dumneavoastr\u0103; pentru utilizatorii avansa\u021bi, DeepFaceLab este recomandat, \u00een timp ce Reface este excelent pentru utilizatorii ocazionali.<\/li>\n<\/ul>\n<\/li>\n<\/ol>\n\n\n\n<h3 class=\"wp-block-heading\">Alte informa\u021bii relevante<\/h3>\n\n\n\n<p class=\"\">Tehnologia deepfake, alimentat\u0103 de inteligen\u021ba artificial\u0103 \u0219i de \u00eenv\u0103\u021barea automat\u0103, continu\u0103 s\u0103 \u00eemping\u0103 limitele posibilit\u0103\u021bilor din mediile digitale. De la efectele vizuale impresionante observate \u00een filme la provoc\u0103rile etice ale dezinform\u0103rii, deepfakes reprezint\u0103 o sabie cu dou\u0103 t\u0103i\u0219uri pe care societatea trebuie s\u0103 o foloseasc\u0103 cu grij\u0103. Figuri-cheie precum fondatorul Facebook, Mark Zuckerberg, \u0219i incidente care implic\u0103 \u0219tiri false \u0219i videoclipuri ale unor figuri politice precum Donald Trump eviden\u021biaz\u0103 relevan\u021ba \u0219i impactul continuu al acestei tehnologii.<\/p>\n\n\n\n<p class=\"\">\u00cen concluzie, \u00een timp ce tehnologia deepfake ofer\u0103 posibilit\u0103\u021bi interesante, aceasta vine, de asemenea, cu responsabilit\u0103\u021bi \u0219i provoc\u0103ri semnificative. Pe m\u0103sur\u0103 ce tehnologia evolueaz\u0103, trebuie s\u0103 evolueze \u0219i abord\u0103rile noastre privind utilizarea \u0219i reglementarea acesteia.<\/p>","protected":false},"excerpt":{"rendered":"<p>Before vs After How to use Deepfake *&nbsp;Depending on your internet speed, loading the model may take a few seconds. \u2193 Exploring the World of Deepfakes: Definition, Uses, and Top Tools Deepfake technology has revolutionized the way we interact with digital media, offering unprecedented possibilities and challenges. This article will delve into the definition, applications, &#8230; <a title=\"Deepfake\" class=\"read-more\" href=\"https:\/\/aiartfree.online\/ro\/deepfake\/\" aria-label=\"Cite\u0219te mai multe despre Deepfake\">Cite\u0219te mai mult<\/a><\/p>","protected":false},"author":1,"featured_media":3313,"parent":0,"menu_order":0,"comment_status":"open","ping_status":"closed","template":"","meta":{"nf_dc_page":"","footnotes":""},"class_list":["post-3302","page","type-page","status-publish","has-post-thumbnail"],"jetpack_sharing_enabled":true,"_links":{"self":[{"href":"https:\/\/aiartfree.online\/ro\/wp-json\/wp\/v2\/pages\/3302","targetHints":{"allow":["GET"]}}],"collection":[{"href":"https:\/\/aiartfree.online\/ro\/wp-json\/wp\/v2\/pages"}],"about":[{"href":"https:\/\/aiartfree.online\/ro\/wp-json\/wp\/v2\/types\/page"}],"author":[{"embeddable":true,"href":"https:\/\/aiartfree.online\/ro\/wp-json\/wp\/v2\/users\/1"}],"replies":[{"embeddable":true,"href":"https:\/\/aiartfree.online\/ro\/wp-json\/wp\/v2\/comments?post=3302"}],"version-history":[{"count":0,"href":"https:\/\/aiartfree.online\/ro\/wp-json\/wp\/v2\/pages\/3302\/revisions"}],"wp:featuredmedia":[{"embeddable":true,"href":"https:\/\/aiartfree.online\/ro\/wp-json\/wp\/v2\/media\/3313"}],"wp:attachment":[{"href":"https:\/\/aiartfree.online\/ro\/wp-json\/wp\/v2\/media?parent=3302"}],"curies":[{"name":"wp","href":"https:\/\/api.w.org\/{rel}","templated":true}]}}