{"id":3292,"date":"2024-07-29T12:48:46","date_gmt":"2024-07-29T12:48:46","guid":{"rendered":"https:\/\/aiartfree.online\/?page_id=3292"},"modified":"2024-08-02T10:03:15","modified_gmt":"2024-08-02T10:03:15","slug":"vocal-remover","status":"publish","type":"page","link":"https:\/\/aiartfree.online\/ro\/remover-vocal\/","title":{"rendered":"Vocal Remover"},"content":{"rendered":"<h2 class=\"wp-block-heading\" id=\"how-to-use-vocal-remover\">Cum s\u0103 utiliza\u021bi Vocal Remover<\/h2>\n\n\n\n<ol class=\"wp-block-list\">\n<li class=\"\">Alege\u021bi metoda de procesare<\/li>\n\n\n\n<li class=\"\">Alege\u021bi modelul VR<\/li>\n\n\n\n<li class=\"\">Selecta\u021bi dimensiunea ferestrei<\/li>\n\n\n\n<li class=\"\">\u00cenc\u0103rca\u021bi sau arunca\u021bi fi\u0219ierul audio<\/li>\n\n\n\n<li class=\"\">Face\u021bi clic pe \"\u00cencepe\u021bi procesarea\"<\/li>\n\n\n\n<li class=\"\">Stai, asta este!<\/li>\n<\/ol>\n\n\n\n<p class=\"\"><em>* \u00cen func\u021bie de viteza internetului, \u00eenc\u0103rcarea modelului poate dura c\u00e2teva secunde.<br>* \u00cen timpul gener\u0103rii continue va exista un proces de cache, iar noua imagine va ap\u0103rea dup\u0103 aproximativ 3 secunde.<\/em><\/p>\n\n\n\n<div class=\"iframe-wrapper\" style=\"position: relative; width: 100%; height: 1300px;\">\n  <div class=\"loading\" style=\"position: absolute; top: 50px; left: 50%; transform: translate(-50%, -50%); width: 40px; height: 40px; border: 3px solid #f0f0f0; border-top: 3px solid #db7093; border-radius: 50%; animation: spin 1s linear infinite;\"><\/div>\n  <iframe loading=\"lazy\" src=\"https:\/\/r3gm-ultimate-vocal-remover-webui.hf.space\" frameborder=\"0\" width=\"100%\" height=\"100%\" style=\"position: absolute; top: 0; left: 0; opacity: 0; transition: opacity 0.3s;\" onload=\"this.style.opacity=1;this.previousElementSibling.style.display='none';\"><\/iframe>\n<\/div>\n\n<style>\n@keyframes spin {\n  0% { transform: translate(-50%, -50%) rotate(0deg); }\n  100% { transform: translate(-50%, -50%) rotate(360deg); }\n}\n<\/style>\n\n\n\n<div style=\"height:50px\" aria-hidden=\"true\" class=\"wp-block-spacer\"><\/div>\n\n\n\n<h2 class=\"wp-block-heading\" id=\"vocal-remover-the-ultimate-guide-to-removing-vocals-from-songs\">Vocal Remover: Ghidul final pentru eliminarea vocilor din melodii<\/h2>\n\n\n\n<div class=\"wp-block-rank-math-toc-block\" id=\"rank-math-toc\"><h3>Tabla de con\u021binut<\/h3><nav><ul><li><a href=\"#introduction\">Introducere<\/a><\/li><li><a href=\"#what-is-a-vocal-remover\">Ce este un Vocal Remover?<\/a><\/li><li><a href=\"#why-use-a-vocal-remover\">De ce s\u0103 folosi\u021bi un Vocal Remover?<\/a><\/li><li><a href=\"#who-can-benefit-from-using-a-vocal-remover\">Cine poate beneficia de utilizarea unui Vocal Remover?<\/a><\/li><li><a href=\"#top-10-vocal-remover-tools-pros-cons-advantages-challenges-and-recommendations\">Top 10 instrumente de \u00eendep\u0103rtare vocal\u0103: Pro, contra, avantaje, provoc\u0103ri \u0219i recomand\u0103ri<\/a><\/li><li><a href=\"#faq-frequently-asked-questions-about-vocal-removers\">\u00ceNTREB\u0102RI FRECVENTE: \u00centreb\u0103ri frecvente despre \u00eendep\u0103rtoarele vocale<\/a><\/li><li><a href=\"#conclusion\">Concluzie<\/a><\/li><\/ul><\/nav><\/div>\n\n\n\n<h3 class=\"wp-block-heading\" id=\"introduction\">Introducere<\/h3>\n\n\n\n<p class=\"\">\u00cendep\u0103rtarea vocii din melodii poate fi o schimbare radical\u0103 pentru muzicieni, produc\u0103tori \u0219i amatori. Indiferent dac\u0103 crea\u021bi piese de karaoke, remixa\u021bi melodii sau extrage\u021bi vocea \u00een scopuri educa\u021bionale, instrumentele de \u00eendep\u0103rtare a vocii pot face procesul simplu \u0219i eficient. Acest articol va explora intr\u0103rile \u0219i ie\u0219irile extractoarelor vocale, va discuta despre cele mai bune instrumente disponibile \u0219i va oferi o sec\u021biune FAQ detaliat\u0103 pentru a r\u0103spunde \u00eentreb\u0103rilor frecvente.<\/p>\n\n\n\n<figure class=\"wp-block-image size-full is-resized\"><img data-recalc-dims=\"1\" data-dominant-color=\"58514d\" data-has-transparency=\"false\" decoding=\"async\" width=\"1024\" height=\"1024\"   loading=\"lazy\" src=\"https:\/\/i0.wp.com\/aiartfree.online\/wp-content\/uploads\/2024\/07\/image-31-2.webp?resize=1024%2C1024&#038;ssl=1\" alt=\"Descoperi\u021bi cele mai bune instrumente de eliminare vocal\u0103 pentru a elimina vocalele dintr-o melodie. Explora\u021bi op\u021biunile gratuite, nelimitate, f\u0103r\u0103 \u00eenscriere \u0219i AI Vocal Remover alimentat de AI.\" class=\"wp-image-3297 not-transparent\" style=\"--dominant-color: #58514d; width:536px;height:auto\" srcset=\"https:\/\/i0.wp.com\/aiartfree.online\/wp-content\/uploads\/2024\/07\/image-31-2.webp?w=1024&amp;ssl=1 1024w, https:\/\/i0.wp.com\/aiartfree.online\/wp-content\/uploads\/2024\/07\/image-31-2.webp?resize=300%2C300&amp;ssl=1 300w, https:\/\/i0.wp.com\/aiartfree.online\/wp-content\/uploads\/2024\/07\/image-31-2.webp?resize=150%2C150&amp;ssl=1 150w, https:\/\/i0.wp.com\/aiartfree.online\/wp-content\/uploads\/2024\/07\/image-31-2.webp?resize=768%2C768&amp;ssl=1 768w, https:\/\/i0.wp.com\/aiartfree.online\/wp-content\/uploads\/2024\/07\/image-31-2.webp?resize=12%2C12&amp;ssl=1 12w, https:\/\/i0.wp.com\/aiartfree.online\/wp-content\/uploads\/2024\/07\/image-31-2.webp?resize=600%2C600&amp;ssl=1 600w, https:\/\/i0.wp.com\/aiartfree.online\/wp-content\/uploads\/2024\/07\/image-31-2.webp?resize=100%2C100&amp;ssl=1 100w\" sizes=\"auto, (max-width: 1024px) 100vw, 1024px\" \/><\/figure>\n\n\n\n<h3 class=\"wp-block-heading\" id=\"what-is-a-vocal-remover\">Ce este un Vocal Remover?<\/h3>\n\n\n\n<p class=\"\">Un vocal remover este un software sau un instrument care utilizeaz\u0103 algoritmi de procesare audio pentru a izola \u0219i elimina vocile dintr-o pies\u0103 muzical\u0103. Acest proces implic\u0103 de obicei tehnici de anulare a fazei \u0219i de filtrare a frecven\u021bei pentru a face diferen\u021ba \u00eentre componentele vocale \u0219i cele instrumentale ale unei melodii.<\/p>\n\n\n\n<h3 class=\"wp-block-heading\" id=\"why-use-a-vocal-remover\">De ce s\u0103 folosi\u021bi un Vocal Remover?<\/h3>\n\n\n\n<p class=\"\">Utilizarea unui dispozitiv de \u00eendep\u0103rtare a vocii ofer\u0103 mai multe avantaje:<\/p>\n\n\n\n<ul class=\"wp-block-list\">\n<li class=\"\"><strong>Libertatea creativ\u0103:<\/strong> Permite muzicienilor \u0219i produc\u0103torilor s\u0103 creeze versiuni instrumentale sau remixuri ale melodiilor.<\/li>\n\n\n\n<li class=\"\"><strong>Karaoke Tracks:<\/strong> Permite crearea de piese karaoke prin eliminarea vocii originale.<\/li>\n\n\n\n<li class=\"\"><strong>Instrument de \u00eenv\u0103\u021bare:<\/strong> Ajut\u0103 studen\u021bii la muzic\u0103 \u0219i vocali\u0219tii s\u0103 exerseze c\u00e2nt\u00e2nd \u00eempreun\u0103 cu piese instrumentale.<\/li>\n\n\n\n<li class=\"\"><strong>Crearea de con\u021binut:<\/strong> Util pentru creatorii de con\u021binut care au nevoie de muzic\u0103 de fundal f\u0103r\u0103 voce.<\/li>\n<\/ul>\n\n\n\n<h3 class=\"wp-block-heading\" id=\"who-can-benefit-from-using-a-vocal-remover\">Cine poate beneficia de utilizarea unui Vocal Remover?<\/h3>\n\n\n\n<p class=\"\">Eliminatorii vocali sunt benefici pentru diferite grupuri, inclusiv:<\/p>\n\n\n\n<ul class=\"wp-block-list\">\n<li class=\"\"><strong>Muzicieni \u0219i produc\u0103tori:<\/strong> Pentru crearea de remixuri \u0219i instrumentale.<\/li>\n\n\n\n<li class=\"\"><strong>Karaoke Enthusiasts:<\/strong> Pentru a crea piese karaoke pentru c\u00e2ntat.<\/li>\n\n\n\n<li class=\"\"><strong>Studen\u021bi \u0219i profesori de muzic\u0103:<\/strong> \u00cen scopuri educa\u021bionale.<\/li>\n\n\n\n<li class=\"\"><strong>Creatori de con\u021binut:<\/strong> Pentru a utiliza muzic\u0103 de fundal \u00een videoclipuri sau prezent\u0103ri.<\/li>\n\n\n\n<li class=\"\"><strong>DJ:<\/strong> Pentru a crea mixuri \u0219i mashups unice.<\/li>\n<\/ul>\n\n\n\n<h3 class=\"wp-block-heading\" id=\"top-10-vocal-remover-tools-pros-cons-advantages-challenges-and-recommendations\">Top 10 instrumente de \u00eendep\u0103rtare vocal\u0103: Pro, contra, avantaje, provoc\u0103ri \u0219i recomand\u0103ri<\/h3>\n\n\n\n<figure class=\"wp-block-table\"><table class=\"has-fixed-layout\"><thead><tr><th>Instrument\/Site web<\/th><th>Avantaje<\/th><th>Contra<\/th><th>Avantaje<\/th><th>Provoc\u0103ri<\/th><th>Recomand\u0103ri<\/th><\/tr><\/thead><tbody><tr><td><a href=\"https:\/\/aiartfree.online\/ro\/remover-vocal\/\">AI Art Free Vocal Remover<\/a><\/td><td>Gratuit, Nelimitat, F\u0103r\u0103 \u00eenregistrare, Calitate audio ridicat\u0103<\/td><td>Op\u021biuni de personalizare limitate<\/td><td>U\u0219or de utilizat, bazat pe inteligen\u021b\u0103 artificial\u0103<\/td><td>S-ar putea s\u0103 nu gestioneze toate formatele audio<\/td><td>Ideal\u0103 pentru \u00eendep\u0103rtarea vocal\u0103 rapid\u0103 \u0219i de \u00eenalt\u0103 calitate<\/td><\/tr><tr><td>Noteburner AI Vocal Remover<\/td><td>Extragere vocal\u0103 de \u00eenalt\u0103 calitate, interfa\u021b\u0103 u\u0219or de utilizat<\/td><td>Necesit\u0103 achizi\u021bie dup\u0103 perioada de \u00eencercare<\/td><td>Algoritmi AI avansa\u021bi, asisten\u021b\u0103 bun\u0103 pentru clien\u021bi<\/td><td>Cost mai ridicat \u00een compara\u021bie cu alte instrumente<\/td><td>Ideal pentru profesioni\u0219tii care doresc \u00eendep\u0103rtarea vocal\u0103 precis\u0103<\/td><\/tr><tr><td>PhonicMind<\/td><td>Suport\u0103 diferite formate, capabilit\u0103\u021bi de procesare pe loturi<\/td><td>Serviciu pl\u0103tit<\/td><td>Separare vocal\u0103 \u0219i instrumental\u0103 precis\u0103<\/td><td>Necesit\u0103 o conexiune puternic\u0103 la internet<\/td><td>Cel mai bun pentru procesarea pe loturi \u0219i precizie ridicat\u0103<\/td><\/tr><tr><td>Lalal.ai<\/td><td>Pa\u0219i simpli, nu este necesar\u0103 instalarea niciunui software<\/td><td>Utilizare gratuit\u0103 limitat\u0103<\/td><td>Procesare rapid\u0103, suport\u0103 at\u00e2t fi\u0219iere audio, c\u00e2t \u0219i video<\/td><td>Limitat la piste scurte \u00een versiunea gratuit\u0103<\/td><td>Potrivit pentru utilizatorii care au nevoie de \u00eendep\u0103rtarea vocal\u0103 rapid\u0103 \u0219i simpl\u0103<\/td><\/tr><tr><td>Audacity<\/td><td>Gratuit \u0219i open-source, Capacit\u0103\u021bi extinse de editare audio<\/td><td>Curb\u0103 de \u00eenv\u0103\u021bare mai lung\u0103, proces manual<\/td><td>Personalizabil, suport\u0103 formate multiple<\/td><td>Necesit\u0103 anumite cuno\u0219tin\u021be tehnice<\/td><td>Excelent pentru utilizatorii care au nevoie de func\u021bii avansate de editare audio<\/td><\/tr><tr><td>Spleeter<\/td><td>Open-source, bazat pe Python, extrem de personalizabil<\/td><td>Necesit\u0103 expertiz\u0103 tehnic\u0103, Instrument de linie de comand\u0103<\/td><td>Algoritmi AI puternici, Gratuit<\/td><td>Instalarea \u0219i configurarea pot fi complexe<\/td><td>Cel mai bun pentru utilizatorii \u0219i dezvoltatorii pasiona\u021bi de tehnologie<\/td><\/tr><tr><td>VocalRemover.org<\/td><td>Instrument online gratuit, interfa\u021b\u0103 u\u0219or de utilizat<\/td><td>Limitat la utilizarea online, anun\u021burile pot fi intruzive<\/td><td>Rapid \u0219i u\u0219or de utilizat, nu este necesar\u0103 desc\u0103rcarea niciunui software<\/td><td>Calitatea audio poate varia \u00een func\u021bie de pies\u0103<\/td><td>Perfect pentru utilizatorii ocazionali \u0219i sarcinile rapide<\/td><\/tr><tr><td><a href=\"http:\/\/X-Minus.pro\" target=\"_blank\" data-type=\"link\" data-id=\"X-Minus.pro\" rel=\"noreferrer noopener\">X-Minus.pro<\/a><\/td><td>Produc\u021bie de \u00eenalt\u0103 calitate, suport\u0103 mai multe limbi<\/td><td>Pe baz\u0103 de abonament<\/td><td>Precizie ridicat\u0103, procesare pe loturi<\/td><td>Necesit\u0103 abonament pentru func\u021bii complete<\/td><td>Ideal pentru utilizatorii frecven\u021bi care au nevoie de calitate constant\u0103<\/td><\/tr><tr><td>Karaoke Anything<\/td><td>Software gratuit, interfa\u021b\u0103 simpl\u0103<\/td><td>Func\u021bii limitate, numai pentru Windows<\/td><td>U\u0219or de utilizat, eficient pentru \u00eendep\u0103rtarea vocal\u0103 de baz\u0103<\/td><td>Disponibil numai pe Windows<\/td><td>Bun pentru \u00eencep\u0103tori<\/td><\/tr><tr><td>Editor audio WavePad<\/td><td>Suit\u0103 cuprinz\u0103toare de editare audio, suport\u0103 formate multiple<\/td><td>Software pl\u0103tit<\/td><td>Versatil, include multe efecte audio<\/td><td>Poate fi cople\u0219itor pentru utilizatorii noi<\/td><td>Excelent pentru utilizatorii care au nevoie de o suit\u0103 de editare audio cu func\u021bii complete<\/td><\/tr><\/tbody><\/table><\/figure>\n\n\n\n<h3 class=\"wp-block-heading\" id=\"faq-frequently-asked-questions-about-vocal-removers\">\u00ceNTREB\u0102RI FRECVENTE: \u00centreb\u0103ri frecvente despre \u00eendep\u0103rtoarele vocale<\/h3>\n\n\n\n<ol class=\"wp-block-list\">\n<li class=\"\"><strong>Cum s\u0103 elimina\u021bi vocea dintr-un c\u00e2ntec?<\/strong>\n<ul class=\"wp-block-list\">\n<li class=\"\">Pute\u021bi utiliza instrumente de eliminare a vocilor, cum ar fi AI Art Free Vocal Remover sau Audacity, pentru a izola \u0219i elimina vocile dintr-o pies\u0103.<\/li>\n<\/ul>\n<\/li>\n\n\n\n<li class=\"\"><strong>Cum se elimin\u0103 vocea dintr-un c\u00e2ntec?<\/strong>\n<ul class=\"wp-block-list\">\n<li class=\"\">Majoritatea instrumentelor utilizeaz\u0103 tehnici de anulare a fazei \u0219i de filtrare a frecven\u021bei pentru a elimina vocile. Pur \u0219i simplu \u00eenc\u0103rca\u021bi piesa dvs. \u0219i urma\u021bi instruc\u021biunile instrumentului.<\/li>\n<\/ul>\n<\/li>\n\n\n\n<li class=\"\"><strong>Cum pot elimina vocea dintr-un c\u00e2ntec?<\/strong>\n<ul class=\"wp-block-list\">\n<li class=\"\">Alege\u021bi un instrument de eliminare a vocilor, \u00eenc\u0103rca\u021bi fi\u0219ierul audio \u0219i l\u0103sa\u021bi instrumentul s\u0103 proceseze fi\u0219ierul pentru a elimina vocile.<\/li>\n<\/ul>\n<\/li>\n\n\n\n<li class=\"\"><strong>Cum s\u0103 elimina\u021bi vocea de pe o pies\u0103?<\/strong>\n<ul class=\"wp-block-list\">\n<li class=\"\">Utiliza\u021bi un software precum Noteburner AI Vocal Remover sau instrumente online precum Lalal.ai pentru a procesa \u0219i elimina vocile din piesa dvs.<\/li>\n<\/ul>\n<\/li>\n\n\n\n<li class=\"\"><strong>Cum s\u0103 elimina\u021bi vocile din muzic\u0103?<\/strong>\n<ul class=\"wp-block-list\">\n<li class=\"\">Instrumente precum PhonicMind \u0219i VocalRemover.org ofer\u0103 modalit\u0103\u021bi simple de a elimina vocile din piesele muzicale online.<\/li>\n<\/ul>\n<\/li>\n\n\n\n<li class=\"\"><strong>Este posibil s\u0103 elimina\u021bi complet vocea dintr-un c\u00e2ntec?<\/strong>\n<ul class=\"wp-block-list\">\n<li class=\"\">De\u0219i este dificil s\u0103 elimina\u021bi complet vocile f\u0103r\u0103 a afecta calitatea audio, instrumentele avansate pot ob\u021bine o precizie ridicat\u0103.<\/li>\n<\/ul>\n<\/li>\n\n\n\n<li class=\"\"><strong>Care este cel mai bun dizolvant vocal?<\/strong>\n<ul class=\"wp-block-list\">\n<li class=\"\">Cel mai bun remover vocal depinde de nevoile dvs. AI Art Free Vocal Remover este excelent pentru utilizare rapid\u0103, \u00een timp ce Noteburner AI Vocal Remover este excelent pentru profesioni\u0219ti.<\/li>\n<\/ul>\n<\/li>\n\n\n\n<li class=\"\"><strong>Pot dispozitivele de \u00eendep\u0103rtare a vocilor s\u0103 separe vocile de muzica de fundal cu acurate\u021be?<\/strong>\n<ul class=\"wp-block-list\">\n<li class=\"\">Da, multe extractoare vocale, \u00een special cele care utilizeaz\u0103 algoritmi AI, pot separa cu precizie vocile de muzica de fundal.<\/li>\n<\/ul>\n<\/li>\n\n\n\n<li class=\"\"><strong>Exist\u0103 instrumente gratuite de eliminare a vocii?<\/strong>\n<ul class=\"wp-block-list\">\n<li class=\"\">Da, instrumente precum VocalRemover.org \u0219i Audacity ofer\u0103 op\u021biuni gratuite pentru eliminarea vocii din melodii.<\/li>\n<\/ul>\n<\/li>\n\n\n\n<li class=\"\"><strong>Removerele vocale func\u021bioneaz\u0103 pe toate fi\u0219ierele audio?<\/strong>\n<ul class=\"wp-block-list\">\n<li class=\"\">Cele mai multe dispozitive de eliminare a vocilor accept\u0103 formate audio obi\u0219nuite, dar eficien\u021ba poate varia \u00een func\u021bie de calitatea \u0219i complexitatea piesei.<\/li>\n<\/ul>\n<\/li>\n<\/ol>\n\n\n\n<h3 class=\"wp-block-heading\" id=\"conclusion\">Concluzie<\/h3>\n\n\n\n<p class=\"\">Dispozitivele de \u00eenl\u0103turare a vocii sunt instrumente nepre\u021buite pentru muzicieni, produc\u0103tori \u0219i creatori de con\u021binut. Cu instrumentul potrivit, pute\u021bi crea cu u\u0219urin\u021b\u0103 versiuni instrumentale, remixuri \u0219i piese de karaoke. Acest ghid a oferit o prezentare general\u0103 a celor mai bune instrumente de eliminare vocal\u0103 disponibile, \u00eempreun\u0103 cu avantajele, dezavantajele \u0219i recomand\u0103rile acestora, pentru a v\u0103 ajuta s\u0103 face\u021bi o alegere \u00een cuno\u0219tin\u021b\u0103 de cauz\u0103.<\/p>","protected":false},"excerpt":{"rendered":"<p>How to use Vocal Remover *&nbsp;Depending on your internet speed, loading the model may take a few seconds.* There will be caching during continuous generation, and the new image will appear after about 3 seconds. Vocal Remover: The Ultimate Guide to Removing Vocals from Songs Introduction Removing vocals from songs can be a game-changer for &#8230; <a title=\"Vocal Remover\" class=\"read-more\" href=\"https:\/\/aiartfree.online\/ro\/remover-vocal\/\" aria-label=\"Cite\u0219te mai multe despre Vocal Remover\">Cite\u0219te mai mult<\/a><\/p>","protected":false},"author":1,"featured_media":3297,"parent":0,"menu_order":0,"comment_status":"closed","ping_status":"closed","template":"","meta":{"nf_dc_page":"","footnotes":""},"class_list":["post-3292","page","type-page","status-publish","has-post-thumbnail"],"jetpack_sharing_enabled":true,"_links":{"self":[{"href":"https:\/\/aiartfree.online\/ro\/wp-json\/wp\/v2\/pages\/3292","targetHints":{"allow":["GET"]}}],"collection":[{"href":"https:\/\/aiartfree.online\/ro\/wp-json\/wp\/v2\/pages"}],"about":[{"href":"https:\/\/aiartfree.online\/ro\/wp-json\/wp\/v2\/types\/page"}],"author":[{"embeddable":true,"href":"https:\/\/aiartfree.online\/ro\/wp-json\/wp\/v2\/users\/1"}],"replies":[{"embeddable":true,"href":"https:\/\/aiartfree.online\/ro\/wp-json\/wp\/v2\/comments?post=3292"}],"version-history":[{"count":0,"href":"https:\/\/aiartfree.online\/ro\/wp-json\/wp\/v2\/pages\/3292\/revisions"}],"wp:featuredmedia":[{"embeddable":true,"href":"https:\/\/aiartfree.online\/ro\/wp-json\/wp\/v2\/media\/3297"}],"wp:attachment":[{"href":"https:\/\/aiartfree.online\/ro\/wp-json\/wp\/v2\/media?parent=3292"}],"curies":[{"name":"wp","href":"https:\/\/api.w.org\/{rel}","templated":true}]}}