{"id":3281,"date":"2024-07-28T12:00:16","date_gmt":"2024-07-28T12:00:16","guid":{"rendered":"https:\/\/aiartfree.online\/?page_id=3281"},"modified":"2024-08-02T11:09:05","modified_gmt":"2024-08-02T11:09:05","slug":"watermark-remover","status":"publish","type":"page","link":"https:\/\/aiartfree.online\/ro\/eliminare-filigran\/","title":{"rendered":"Watermark Remover"},"content":{"rendered":"<h2 class=\"wp-block-heading has-text-align-center\" id=\"before-vs-after\">\u00cenainte vs. Dup\u0103<\/h2>\n\n\n\n<figure class=\"gb-block-image gb-block-image-1822da1f\"><img data-recalc-dims=\"1\" decoding=\"async\" loading=\"lazy\" width=\"1024\" height=\"518\" class=\"gb-image gb-image-1822da1f\" src=\"https:\/\/i0.wp.com\/aiartfree.online\/wp-content\/uploads\/2024\/07\/WX20240729-171649%402x-1024x518.webp?resize=1024%2C518&#038;ssl=1\" alt=\"Un dispozitiv de eliminare a filigranelor utilizeaz\u0103 inteligen\u021ba artificial\u0103 pentru a \u0219terge logo-urile, textul sau grafica suprapuse pe fotografii sau videoclipuri, restabilind suportul original prin eliminarea m\u0103rcilor de proprietate.\" title=\"WX20240729-171649@2x\" srcset=\"https:\/\/i0.wp.com\/aiartfree.online\/wp-content\/uploads\/2024\/07\/WX20240729-171649%402x-scaled.webp?resize=1024%2C518&amp;ssl=1 1024w, https:\/\/i0.wp.com\/aiartfree.online\/wp-content\/uploads\/2024\/07\/WX20240729-171649%402x-scaled.webp?resize=300%2C152&amp;ssl=1 300w, https:\/\/i0.wp.com\/aiartfree.online\/wp-content\/uploads\/2024\/07\/WX20240729-171649%402x-scaled.webp?resize=768%2C388&amp;ssl=1 768w, https:\/\/i0.wp.com\/aiartfree.online\/wp-content\/uploads\/2024\/07\/WX20240729-171649%402x-scaled.webp?resize=1536%2C777&amp;ssl=1 1536w, https:\/\/i0.wp.com\/aiartfree.online\/wp-content\/uploads\/2024\/07\/WX20240729-171649%402x-scaled.webp?resize=2048%2C1036&amp;ssl=1 2048w, https:\/\/i0.wp.com\/aiartfree.online\/wp-content\/uploads\/2024\/07\/WX20240729-171649%402x-scaled.webp?resize=18%2C9&amp;ssl=1 18w, https:\/\/i0.wp.com\/aiartfree.online\/wp-content\/uploads\/2024\/07\/WX20240729-171649%402x-scaled.webp?resize=600%2C303&amp;ssl=1 600w, https:\/\/i0.wp.com\/aiartfree.online\/wp-content\/uploads\/2024\/07\/WX20240729-171649%402x-scaled.webp?w=2400&amp;ssl=1 2400w\" sizes=\"auto, (max-width: 1024px) 100vw, 1024px\" \/><\/figure>\n\n\n\n<h2 class=\"wp-block-heading\" id=\"how-to-use-watermark-remover\">Cum s\u0103 utiliza\u021bi Watermark Remover<\/h2>\n\n\n\n<ol class=\"wp-block-list\">\n<li class=\"\">Arunca\u021bi sau \u00eenc\u0103rca\u021bi imaginea dvs.<\/li>\n\n\n\n<li class=\"\"><strong>Desena\u021bi (pensula\u021bi) partea din imagine pe care dori\u021bi s\u0103 o elimina\u021bi<\/strong><\/li>\n\n\n\n<li class=\"\">Face\u021bi clic pe \"Trimite\"<\/li>\n\n\n\n<li class=\"\">Stai, asta este!<\/li>\n<\/ol>\n\n\n\n<p class=\"\"><em>* \u00cen func\u021bie de viteza internetului, \u00eenc\u0103rcarea modelului poate dura c\u00e2teva secunde.<br>* \u00cen timpul gener\u0103rii continue va exista un proces de cache, iar noua imagine va ap\u0103rea dup\u0103 aproximativ 3 secunde.<\/em><\/p>\n\n\n\n<div style=\"text-align: center; border: 2px solid; border-image-source: linear-gradient(to right, #16b86c, #912899); border-image-slice: 1; box-shadow: 0 0 10px rgba(0, 0, 0, 0.1); border-radius: 15px; position: relative;\">\n  <div id=\"loading\" style=\"position: absolute; top: 100px; left: 50%; transform: translate(-50%, -50%); z-index: 1000;\">\n    <div style=\"width: 50px; height: 50px; border: 5px solid #f3f3f3; border-top: 5px solid #16b86c; border-radius: 50%; animation: spin 1s linear infinite;\"><\/div>\n  <\/div>\n  <iframe loading=\"lazy\"\n    src=\"https:\/\/rooc-remove-photo-object.hf.space\"\n    frameborder=\"0\"\n    width=\"100%\"\n    height=\"2500\"\n    style=\"display: inline-block; margin: 0 auto;\"\n    onload=\"document.getElementById('loading').style.display='none';\"\n  ><\/iframe>\n<\/div>\n\n<style>\n  @keyframes spin {\n    0% { transform: rotate(0deg); }\n    100% { transform: rotate(360deg); }\n  }\n<\/style>\n\n\n\n<div style=\"height:50px\" aria-hidden=\"true\" class=\"wp-block-spacer\"><\/div>\n\n\n\n<h2 class=\"wp-block-heading\" id=\"introduction-of-watermark-remover\">Introducere de Watermark Remover<\/h2>\n\n\n\n<div class=\"wp-block-rank-math-toc-block\" id=\"rank-math-toc\"><h3>Tabla de con\u021binut<\/h3><nav><ul><li><a href=\"#what-is-a-watermark-remover\">Ce este un Watermark Remover?<\/a><\/li><li><a href=\"#why-use-a-watermark-remover\">De ce s\u0103 utiliza\u021bi un dispozitiv de eliminare a filigranelor?<\/a><\/li><li><a href=\"#who-can-benefit-from-using-a-watermark-remover\">Cine poate beneficia de utilizarea unui dispozitiv de eliminare a filigranelor?<\/a><\/li><li><a href=\"#top-10-watermark-remover-tools-features-pros-cons-advantages-challenges-and-suggestions\">Top 10 instrumente de eliminare a filigranelor: Caracteristici, argumente pro, contra, avantaje, provoc\u0103ri \u0219i sugestii<\/a><\/li><li><a href=\"#frequently-asked-questions-faq\">\u00centreb\u0103ri frecvente (FAQ)<\/a><\/li><\/ul><\/nav><\/div>\n\n\n\n<h3 class=\"wp-block-heading\" id=\"what-is-a-watermark-remover\">Ce este un Watermark Remover?<\/h3>\n\n\n\n<p class=\"\">Un dispozitiv de eliminare a filigranelor este un instrument sau un software conceput pentru a elimina filigranele din fotografii sau videoclipuri. Filigranele sunt de obicei logo-uri, text sau alte elemente grafice care sunt suprapuse pe imagini sau videoclipuri pentru a indica proprietatea sau drepturile de autor. Un dispozitiv de eliminare a filigranelor utilizeaz\u0103 algoritmi avansa\u021bi, adesea baza\u021bi pe inteligen\u021b\u0103 artificial\u0103, pentru a identifica \u0219i \u0219terge aceste filigrane, l\u0103s\u00e2nd imaginea sau \u00eenregistrarea video original\u0103 intact\u0103.<\/p>\n\n\n\n<h3 class=\"wp-block-heading\" id=\"why-use-a-watermark-remover\">De ce s\u0103 utiliza\u021bi un dispozitiv de eliminare a filigranelor?<\/h3>\n\n\n\n<p class=\"\">Utilizarea unui dispozitiv de eliminare a filigranelor poate fi esen\u021bial\u0103 din mai multe motive:<\/p>\n\n\n\n<ul class=\"wp-block-list\">\n<li class=\"\"><strong>Restaurare<\/strong>: Ajut\u0103 la restaurarea suportului original f\u0103r\u0103 obstacole.<\/li>\n\n\n\n<li class=\"\"><strong>Utilizare profesional\u0103<\/strong>: Esen\u021bial pentru fotografi, videografi \u0219i designeri care au nevoie de imagini \u0219i videoclipuri curate pentru munca lor.<\/li>\n\n\n\n<li class=\"\"><strong>Editarea con\u021binutului<\/strong>: Permite utilizatorilor s\u0103 editeze \u0219i s\u0103 refoloseasc\u0103 con\u021binutul media f\u0103r\u0103 a fi afecta\u021bi de filigranele de ap\u0103.<\/li>\n\n\n\n<li class=\"\"><strong>Utilizare legal\u0103<\/strong>: Este important s\u0103 elimina\u021bi filigranele de pe suporturile media asupra c\u0103rora ave\u021bi drepturi, dar care au fost filigranate ca urmare a utiliz\u0103rii sau distribu\u021biei anterioare.<\/li>\n<\/ul>\n\n\n\n<h3 class=\"wp-block-heading\" id=\"who-can-benefit-from-using-a-watermark-remover\">Cine poate beneficia de utilizarea unui dispozitiv de eliminare a filigranelor?<\/h3>\n\n\n\n<p class=\"\">Diverse persoane \u0219i industrii pot beneficia de pe urma utiliz\u0103rii unui dispozitiv de eliminare a filigranelor, inclusiv:<\/p>\n\n\n\n<ul class=\"wp-block-list\">\n<li class=\"\"><strong>Fotografi<\/strong>: S\u0103 \u00ee\u0219i cure\u021be imaginile pentru prezentarea portofoliului.<\/li>\n\n\n\n<li class=\"\"><strong>Creatori de con\u021binut<\/strong>: Pentru crearea de con\u021binut f\u0103r\u0103 filigran pentru social media \u0219i site-uri web.<\/li>\n\n\n\n<li class=\"\"><strong>Profesioni\u0219ti \u00een marketing<\/strong>: S\u0103 se asigure c\u0103 materialele promo\u021bionale sunt curate \u0219i au un aspect profesional.<\/li>\n\n\n\n<li class=\"\"><strong>Educatori<\/strong>: Pentru a utiliza imagini \u0219i clipuri video \u00een prezent\u0103ri \u0219i materiale educa\u021bionale f\u0103r\u0103 a distrage aten\u021bia.<\/li>\n\n\n\n<li class=\"\"><strong>\u00centreprinderi<\/strong>: Men\u021binerea unei imagini profesionale \u00een materialele de marketing \u0219i de branding.<\/li>\n<\/ul>\n\n\n\n<h3 class=\"wp-block-heading\" id=\"top-10-watermark-remover-tools-features-pros-cons-advantages-challenges-and-suggestions\">Top 10 instrumente de eliminare a filigranelor: Caracteristici, argumente pro, contra, avantaje, provoc\u0103ri \u0219i sugestii<\/h3>\n\n\n\n<figure class=\"wp-block-table\"><table class=\"has-fixed-layout\"><thead><tr><th>Nume instrument<\/th><th>URL<\/th><th>Caracteristici<\/th><th>Avantaje<\/th><th>Contra<\/th><th>Avantaje<\/th><th>Provoc\u0103ri<\/th><th>Sugestii<\/th><\/tr><\/thead><tbody><tr><td>AI Art Free Watermark Remover<\/td><td><a href=\"https:\/\/aiartfree.online\/ro\/eliminare-filigran\/\">AI Art Gratuit<\/a><\/td><td>Gratuit, nelimitat, f\u0103r\u0103 \u00eenregistrare, cu AI, u\u0219or de utilizat<\/td><td>U\u0219or de utilizat, Gratuit, Nu este necesar\u0103 \u00eenscrierea, Produc\u021bie de \u00eenalt\u0103 calitate<\/td><td>Func\u021bii avansate limitate<\/td><td>Excelent pentru \u00eendep\u0103rtarea rapid\u0103 \u0219i u\u0219oar\u0103<\/td><td>Poate s\u0103 nu func\u021bioneze bine pe fundaluri complexe<\/td><td>Ideal pentru utilizatorii ocazionali care au nevoie de eliminarea rapid\u0103 a filigranului<\/td><\/tr><tr><td>Remove.bg<\/td><td>Remove.bg<\/td><td>Inteligen\u021b\u0103 artificial\u0103, accept\u0103 fotografii<\/td><td>Precizie ridicat\u0103, u\u0219or de utilizat<\/td><td>Limitat la fotografii, Nu este gratuit<\/td><td>Excelent pentru fotografi<\/td><td>Abonament necesar pentru caracteristici premium<\/td><td>Perfect pentru utilizatorii care se concentreaz\u0103 pe fotografii<\/td><\/tr><tr><td>Inpaint<\/td><td>Inpaint<\/td><td>Selec\u021bie manual\u0103, Suport\u0103 diferite formate<\/td><td>Control ridicat, Versatil<\/td><td>Procesul manual poate fi consumator de timp<\/td><td>Ideal pentru lucr\u0103ri detaliate<\/td><td>Curb\u0103 de \u00eenv\u0103\u021bare abrupt\u0103<\/td><td>Recomandat pentru utilizatorii avansa\u021bi<\/td><\/tr><tr><td>Apowersoft Watermark Remover<\/td><td>Apowersoft<\/td><td>Procesare pe loturi, accept\u0103 fotografii \u0219i videoclipuri<\/td><td>Eficient, versatil<\/td><td>Abonament necesar pentru caracteristici complete<\/td><td>Bun pentru sarcini voluminoase<\/td><td>Poate fi costisitoare<\/td><td>Cel mai bun pentru utilizatorii frecven\u021bi cu nevoi mari<\/td><\/tr><tr><td>HitPaw Watermark Remover<\/td><td>HitPaw<\/td><td>Suport\u0103 fotografii \u0219i clipuri video, cu AI-powered<\/td><td>De \u00eenalt\u0103 calitate, versatil<\/td><td>Abonament necesar pentru caracteristici complete<\/td><td>Potrivit at\u00e2t pentru fotografii, c\u00e2t \u0219i pentru videoclipuri<\/td><td>Poate fi costisitoare<\/td><td>Excelent pentru profesioni\u0219ti<\/td><\/tr><tr><td>SoftOrbits Photo Stamp Remover<\/td><td>SoftOrbits<\/td><td>Inteligen\u021b\u0103 artificial\u0103, accept\u0103 procesarea pe loturi<\/td><td>Eficient, precis<\/td><td>Abonament necesar pentru caracteristici premium<\/td><td>Ideal pentru sarcini \u00een vrac<\/td><td>Costisitoare pentru utilizatorii ocazionali<\/td><td>Recomandat pentru utilizatorii frecven\u021bi<\/td><\/tr><tr><td>Wondershare Fotophire<\/td><td>Fotophire<\/td><td>Suport\u0103 diferite formate, u\u0219or de utilizat<\/td><td>Versatil, u\u0219or de utilizat<\/td><td>Abonament necesar pentru caracteristici complete<\/td><td>Excelent pentru \u00eencep\u0103tori<\/td><td>Scumpe<\/td><td>Ideal pentru utilizatorii noi<\/td><\/tr><tr><td>GIMP<\/td><td>GIMP<\/td><td>Gratuit, Open-source, Editare manual\u0103<\/td><td>Extrem de personalizabil, Gratuit<\/td><td>Curb\u0103 de \u00eenv\u0103\u021bare abrupt\u0103<\/td><td>Ideal pentru editare detaliat\u0103<\/td><td>Interfa\u021b\u0103 complex\u0103<\/td><td>Cel mai bun pentru utilizatorii avansa\u021bi<\/td><\/tr><tr><td>PhotoWorks<\/td><td>PhotoWorks<\/td><td>AI-powered, Suport\u0103 diferite formate<\/td><td>Precis, u\u0219or de utilizat<\/td><td>Abonament necesar pentru caracteristici complete<\/td><td>Ideal\u0103 pentru utilizare ocazional\u0103 \u0219i profesional\u0103<\/td><td>Poate fi costisitoare<\/td><td>Perfect pentru toate nivelurile de utilizare<\/td><\/tr><tr><td>Pixlr<\/td><td><a href=\"https:\/\/bingimagecreator.online\/\" target=\"_blank\" data-type=\"link\" data-id=\"https:\/\/bingimagecreator.online\/\" rel=\"noreferrer noopener\">Pixlr<\/a><\/td><td>Gratuit, Instrument online, Editare manual\u0103<\/td><td>Accesibil, Gratuit<\/td><td>Func\u021bii avansate limitate<\/td><td>Bun pentru edit\u0103ri rapide<\/td><td>Func\u021bionalit\u0103\u021bi limitate<\/td><td>Cel mai bun pentru sarcini rapide \u0219i simple<\/td><\/tr><\/tbody><\/table><\/figure>\n\n\n\n<h3 class=\"wp-block-heading\" id=\"frequently-asked-questions-faq\">\u00centreb\u0103ri frecvente (FAQ)<\/h3>\n\n\n\n<ol class=\"wp-block-list\">\n<li class=\"\"><strong>Cum s\u0103 elimina\u021bi filigranul din fotografie?<\/strong>\n<ul class=\"wp-block-list\">\n<li class=\"\">Pentru a elimina un filigran de pe o fotografie, pute\u021bi utiliza instrumente online precum AI Art Free Watermark Remover. Pur \u0219i simplu \u00eenc\u0103rca\u021bi fotografia, selecta\u021bi zona filigranului, iar instrumentul \u00eel va elimina automat pentru dvs.<\/li>\n<\/ul>\n<\/li>\n\n\n\n<li class=\"\"><strong>Cum s\u0103 elimina\u021bi filigranul din video?<\/strong>\n<ul class=\"wp-block-list\">\n<li class=\"\">Utiliza\u021bi instrumente precum Apowersoft Watermark Remover care accept\u0103 formate video. \u00cenc\u0103rca\u021bi videoclipul, selecta\u021bi zona filigranului, iar instrumentul va procesa videoclipul pentru a elimina filigranul.<\/li>\n<\/ul>\n<\/li>\n\n\n\n<li class=\"\"><strong>Exist\u0103 un dispozitiv gratuit de eliminare a filigranelor?<\/strong>\n<ul class=\"wp-block-list\">\n<li class=\"\">Da, AI Art Free Watermark Remover este un instrument gratuit care permite utilizarea nelimitat\u0103 f\u0103r\u0103 \u00eenscriere.<\/li>\n<\/ul>\n<\/li>\n\n\n\n<li class=\"\"><strong>Poate AI s\u0103 elimine filigranele?<\/strong>\n<ul class=\"wp-block-list\">\n<li class=\"\">Da, instrumentele bazate pe inteligen\u021b\u0103 artificial\u0103 precum AI Art Free Watermark Remover \u0219i Remove.bg pot elimina \u00een mod eficient filigranele din imagini utiliz\u00e2nd algoritmi avansa\u021bi.<\/li>\n<\/ul>\n<\/li>\n\n\n\n<li class=\"\"><strong>Care este cel mai bun dispozitiv de eliminare a filigranelor pentru fotografii?<\/strong>\n<ul class=\"wp-block-list\">\n<li class=\"\">AI Art Free Watermark Remover \u0219i Remove.bg sunt printre cele mai bune instrumente pentru eliminarea filigranelor din fotografii datorit\u0103 preciziei ridicate \u0219i u\u0219urin\u021bei de utilizare.<\/li>\n<\/ul>\n<\/li>\n\n\n\n<li class=\"\"><strong>Care este cel mai bun dispozitiv de eliminare a filigranelor pentru videoclipuri?<\/strong>\n<ul class=\"wp-block-list\">\n<li class=\"\">Apowersoft Watermark Remover \u0219i HitPaw Watermark Remover sunt alegeri excelente pentru eliminarea filigranelor din videoclipuri.<\/li>\n<\/ul>\n<\/li>\n\n\n\n<li class=\"\"><strong>Exist\u0103 dispozitive de eliminare a filigranelor cu utilizare nelimitat\u0103?<\/strong>\n<ul class=\"wp-block-list\">\n<li class=\"\">Da, AI Art Free Watermark Remover ofer\u0103 utilizare nelimitat\u0103, f\u0103r\u0103 \u00eenscriere sau abonament.<\/li>\n<\/ul>\n<\/li>\n\n\n\n<li class=\"\"><strong>Cum s\u0103 elimina\u021bi obiectele nedorite din imagini?<\/strong>\n<ul class=\"wp-block-list\">\n<li class=\"\">Instrumente precum Inpaint permit selectarea \u0219i eliminarea manual\u0103 a obiectelor nedorite din imagini, oferind un control precis asupra procesului de editare.<\/li>\n<\/ul>\n<\/li>\n\n\n\n<li class=\"\"><strong>Exist\u0103 dispozitive de eliminare a filigranelor u\u0219or de utilizat?<\/strong>\n<ul class=\"wp-block-list\">\n<li class=\"\">Da, instrumente precum AI Art Free Watermark Remover \u0219i Wondershare Fotophire sunt cunoscute pentru interfe\u021bele lor u\u0219or de utilizat.<\/li>\n<\/ul>\n<\/li>\n\n\n\n<li class=\"\"><strong>Pot dispozitivele de eliminare a filigranelor s\u0103 men\u021bin\u0103 calitatea original\u0103?<\/strong>\n<ul class=\"wp-block-list\">\n<li class=\"\">Instrumente de \u00eenalt\u0103 calitate precum AI Art Free Watermark Remover \u0219i HitPaw Watermark Remover sunt concepute pentru a men\u021bine calitatea original\u0103 a imaginilor \u0219i videoclipurilor dup\u0103 eliminarea filigranelor.<\/li>\n<\/ul>\n<\/li>\n<\/ol>","protected":false},"excerpt":{"rendered":"<p>Before vs After How to use Watermark Remover *&nbsp;Depending on your internet speed, loading the model may take a few seconds.* There will be caching during continuous generation, and the new image will appear after about 3 seconds. Introduction of Watermark Remover What is a Watermark Remover? A watermark remover is a tool or software &#8230; <a title=\"Watermark Remover\" class=\"read-more\" href=\"https:\/\/aiartfree.online\/ro\/eliminare-filigran\/\" aria-label=\"Cite\u0219te mai multe despre Watermark Remover\">Cite\u0219te mai mult<\/a><\/p>","protected":false},"author":1,"featured_media":3304,"parent":0,"menu_order":0,"comment_status":"open","ping_status":"closed","template":"","meta":{"nf_dc_page":"","footnotes":""},"class_list":["post-3281","page","type-page","status-publish","has-post-thumbnail"],"jetpack_sharing_enabled":true,"_links":{"self":[{"href":"https:\/\/aiartfree.online\/ro\/wp-json\/wp\/v2\/pages\/3281","targetHints":{"allow":["GET"]}}],"collection":[{"href":"https:\/\/aiartfree.online\/ro\/wp-json\/wp\/v2\/pages"}],"about":[{"href":"https:\/\/aiartfree.online\/ro\/wp-json\/wp\/v2\/types\/page"}],"author":[{"embeddable":true,"href":"https:\/\/aiartfree.online\/ro\/wp-json\/wp\/v2\/users\/1"}],"replies":[{"embeddable":true,"href":"https:\/\/aiartfree.online\/ro\/wp-json\/wp\/v2\/comments?post=3281"}],"version-history":[{"count":0,"href":"https:\/\/aiartfree.online\/ro\/wp-json\/wp\/v2\/pages\/3281\/revisions"}],"wp:featuredmedia":[{"embeddable":true,"href":"https:\/\/aiartfree.online\/ro\/wp-json\/wp\/v2\/media\/3304"}],"wp:attachment":[{"href":"https:\/\/aiartfree.online\/ro\/wp-json\/wp\/v2\/media?parent=3281"}],"curies":[{"name":"wp","href":"https:\/\/api.w.org\/{rel}","templated":true}]}}