{"id":3270,"date":"2024-07-28T10:35:14","date_gmt":"2024-07-28T10:35:14","guid":{"rendered":"https:\/\/aiartfree.online\/?page_id=3270"},"modified":"2024-07-31T13:03:11","modified_gmt":"2024-07-31T13:03:11","slug":"ai-photo-generator","status":"publish","type":"page","link":"https:\/\/aiartfree.online\/ro\/generator-de-fotografii-ai\/","title":{"rendered":"Generator de fotografii AI"},"content":{"rendered":"<h2 class=\"wp-block-heading has-text-align-center\">Ce au creat utilizatorii no\u0219tri<\/h2>\n\n\n\n<figure class=\"gb-block-image gb-block-image-1822da1f\"><img data-recalc-dims=\"1\" decoding=\"async\" loading=\"lazy\" width=\"1200\" height=\"823\" class=\"gb-image gb-image-1822da1f\" src=\"https:\/\/i0.wp.com\/aiartfree.online\/wp-content\/uploads\/2024\/07\/WX20240731-165815%402x.jpg?resize=1200%2C823&#038;ssl=1\" alt=\"Generator de fotografii AI\" title=\"WX20240731-165815@2x\" srcset=\"https:\/\/i0.wp.com\/aiartfree.online\/wp-content\/uploads\/2024\/07\/WX20240731-165815%402x.jpg?w=1630&amp;ssl=1 1630w, https:\/\/i0.wp.com\/aiartfree.online\/wp-content\/uploads\/2024\/07\/WX20240731-165815%402x.jpg?resize=300%2C206&amp;ssl=1 300w, https:\/\/i0.wp.com\/aiartfree.online\/wp-content\/uploads\/2024\/07\/WX20240731-165815%402x.jpg?resize=1024%2C702&amp;ssl=1 1024w, https:\/\/i0.wp.com\/aiartfree.online\/wp-content\/uploads\/2024\/07\/WX20240731-165815%402x.jpg?resize=768%2C527&amp;ssl=1 768w, https:\/\/i0.wp.com\/aiartfree.online\/wp-content\/uploads\/2024\/07\/WX20240731-165815%402x.jpg?resize=1536%2C1054&amp;ssl=1 1536w, https:\/\/i0.wp.com\/aiartfree.online\/wp-content\/uploads\/2024\/07\/WX20240731-165815%402x.jpg?resize=18%2C12&amp;ssl=1 18w, https:\/\/i0.wp.com\/aiartfree.online\/wp-content\/uploads\/2024\/07\/WX20240731-165815%402x.jpg?resize=600%2C412&amp;ssl=1 600w\" sizes=\"auto, (max-width: 1200px) 100vw, 1200px\" \/><\/figure>\n\n\n\n<h2 class=\"wp-block-heading\">Cum s\u0103 utiliza\u021bi AI Photo Generator<\/h2>\n\n\n\n<ol class=\"wp-block-list\">\n<li class=\"\">Introduce\u021bi solicitarea dvs. sau alege\u021bi unul dintre exemplele de solicit\u0103ri<\/li>\n\n\n\n<li class=\"\">Face\u021bi clic pe \"Generare\"<\/li>\n\n\n\n<li class=\"\">Stai, asta este!<\/li>\n<\/ol>\n\n\n\n<h3 class=\"wp-block-heading has-medium-font-size\">Exemple de prompturi<\/h3>\n\n\n\n<ul class=\"wp-block-list has-small-font-size\">\n<li class=\"\">femeie frumoas\u0103, noapte, cu stele, complicat, elegant, foarte detaliat, neted, focalizare ascu\u021bit\u0103<\/li>\n\n\n\n<li class=\"\">femeie frumoas\u0103, noapte, sci-fi, fantezie, complicat, elegant, rochie albastr\u0103, magic, foarte detaliat, neted, b focalizare ascu\u021bit\u0103, ilustra\u021bie<\/li>\n\n\n\n<li class=\"\">femeie frumoas\u0103 pe plaj\u0103, relaxant, eteric, vis\u0103tor, iluminat din spate, foarte detaliat, iluminare realist\u0103, focalizare ascu\u021bit\u0103, regula celor trei treimi, hd, octanic, 4k<\/li>\n\n\n\n<li class=\"\">femeie frumoas\u0103, s\u00e2ni mari, st\u0103p\u00e2n\u0103 domme, steampunk, z\u00e2mbet timid, 4k, Mic detaliu<\/li>\n\n\n\n<li class=\"\">femeie frumoas\u0103, noapte, cu stele, complicat, elegant, foarte detaliat, neted, focalizare ascu\u021bit\u0103<\/li>\n<\/ul>\n\n\n\n<p class=\"\">Utilizare&nbsp;<a href=\"https:\/\/aiartfree.online\/ro\/generator-prompt\/\" target=\"_blank\" data-type=\"page\" data-id=\"3164\" rel=\"noreferrer noopener\">Generator de prompturi<\/a>&nbsp;pentru a extinde grani\u021bele imagina\u021biei tale<\/p>\n\n\n\n<p class=\"\"><em>* \u00cen func\u021bie de viteza internetului, \u00eenc\u0103rcarea modelului poate dura c\u00e2teva secunde.<br>* \u00cen timpul gener\u0103rii continue va exista un proces de cache, iar noua imagine va ap\u0103rea dup\u0103 aproximativ 3 secunde.<\/em><\/p>\n\n\n\n<div class=\"iframe-wrapper\" style=\"position: relative; width: 100%; height: 950px;\">\n  <div class=\"loading\" style=\"position: absolute; top: 50px; left: 50%; transform: translate(-50%, -50%); width: 40px; height: 40px; border: 3px solid #f0f0f0; border-top: 3px solid #db7093; border-radius: 50%; animation: spin 1s linear infinite;\"><\/div>\n  <iframe loading=\"lazy\" src=\"https:\/\/playgroundai-playground-v2-5.hf.space\" frameborder=\"0\" width=\"100%\" height=\"100%\" style=\"position: absolute; top: 0; left: 0; opacity: 0; transition: opacity 0.3s;\" onload=\"this.style.opacity=1;this.previousElementSibling.style.display='none';\"><\/iframe>\n<\/div>\n\n<style>\n@keyframes spin {\n  0% { transform: translate(-50%, -50%) rotate(0deg); }\n  100% { transform: translate(-50%, -50%) rotate(360deg); }\n}\n<\/style>\n\n\n\n<div style=\"height:50px\" aria-hidden=\"true\" class=\"wp-block-spacer\"><\/div>\n\n\n\n<h2 class=\"wp-block-heading\">Introducere \u00een AI Photo Generator<\/h2>\n\n\n\n<p class=\"\">\u00cen lumea digital\u0103 rapid\u0103, generatoarele de fotografii AI au devenit instrumente esen\u021biale pentru arti\u0219ti, comercian\u021bi \u0219i creatori de con\u021binut. Acest articol va detalia ce sunt generatoarele foto AI, importan\u021ba lor \u0219i modul \u00een care pot fi utilizate \u00een diverse industrii. \u00cen plus, vom explora cele mai bune generatoare de fotografii AI disponibile \u00een prezent, inclusiv instrumentul foarte recomandat de la <a href=\"https:\/\/aiartfree.online\/ro\/generator-de-fotografii-ai\/\">AI Art Gratuit<\/a>.<\/p>\n\n\n\n<figure class=\"wp-block-image size-full is-resized\"><img data-recalc-dims=\"1\" data-dominant-color=\"70574e\" data-has-transparency=\"false\" decoding=\"async\" width=\"1024\" height=\"1024\"   loading=\"lazy\" src=\"https:\/\/i0.wp.com\/aiartfree.online\/wp-content\/uploads\/2024\/07\/image-30.webp?resize=1024%2C1024&#038;ssl=1\" alt=\"\u00cen lumea digital\u0103 rapid\u0103, generatoarele de fotografii AI au devenit instrumente esen\u021biale pentru arti\u0219ti, comercian\u021bi \u0219i creatori de con\u021binut. Acest articol va detalia ce sunt generatoarele de fotografii AI, importan\u021ba lor \u0219i modul \u00een care pot fi utilizate \u00een diverse industrii. \u00cen plus, vom explora cele mai bune generatoare de fotografii AI disponibile \u00een prezent, inclusiv instrumentul foarte recomandat de la AI Art Free.\" class=\"wp-image-3278 not-transparent\" style=\"--dominant-color: #70574e; width:436px;height:auto\" srcset=\"https:\/\/i0.wp.com\/aiartfree.online\/wp-content\/uploads\/2024\/07\/image-30.webp?w=1024&amp;ssl=1 1024w, https:\/\/i0.wp.com\/aiartfree.online\/wp-content\/uploads\/2024\/07\/image-30.webp?resize=300%2C300&amp;ssl=1 300w, https:\/\/i0.wp.com\/aiartfree.online\/wp-content\/uploads\/2024\/07\/image-30.webp?resize=150%2C150&amp;ssl=1 150w, https:\/\/i0.wp.com\/aiartfree.online\/wp-content\/uploads\/2024\/07\/image-30.webp?resize=768%2C768&amp;ssl=1 768w, https:\/\/i0.wp.com\/aiartfree.online\/wp-content\/uploads\/2024\/07\/image-30.webp?resize=12%2C12&amp;ssl=1 12w, https:\/\/i0.wp.com\/aiartfree.online\/wp-content\/uploads\/2024\/07\/image-30.webp?resize=600%2C600&amp;ssl=1 600w, https:\/\/i0.wp.com\/aiartfree.online\/wp-content\/uploads\/2024\/07\/image-30.webp?resize=100%2C100&amp;ssl=1 100w\" sizes=\"auto, (max-width: 1024px) 100vw, 1024px\" \/><\/figure>\n\n\n\n<h3 class=\"wp-block-heading\">Tabla de con\u021binut<\/h3>\n\n\n\n<ol class=\"wp-block-list\">\n<li class=\"\"><a href=\"#what-is-an-ai-photo-generator\">Ce este un generator de fotografii AI?<\/a><\/li>\n\n\n\n<li class=\"\"><a href=\"#why-use-an-ai-photo-generator\">De ce s\u0103 folosi\u021bi un generator de fotografii AI?<\/a><\/li>\n\n\n\n<li class=\"\"><a href=\"#who-can-benefit-from-ai-photo-generators\">Cine poate beneficia de generatoarele foto AI?<\/a><\/li>\n\n\n\n<li class=\"\"><a href=\"#top-10-ai-photo-generators\">Top 10 generatoare de fotografii AI<\/a><\/li>\n\n\n\n<li class=\"\"><a href=\"#faq\">\u00ceNTREB\u0102RI FRECVENTE<\/a><\/li>\n<\/ol>\n\n\n\n<h3 class=\"wp-block-heading\">Ce este un generator de fotografii AI?<\/h3>\n\n\n\n<p class=\"\">Un generator de fotografii AI, cunoscut \u0219i sub numele de generator de imagini AI, este un instrument bazat pe inteligen\u021b\u0103 artificial\u0103 \u0219i \u00eenv\u0103\u021bare automat\u0103 care converte\u0219te indica\u021biile textului \u00een imagini unice. Aceste instrumente utilizeaz\u0103 inteligen\u021ba artificial\u0103 generativ\u0103 pentru a crea imagini vibrante \u0219i diverse pe baza descrierilor textuale furnizate de utilizator.<\/p>\n\n\n\n<h3 class=\"wp-block-heading\">De ce s\u0103 folosi\u021bi un generator de fotografii AI?<\/h3>\n\n\n\n<p class=\"\">Generatoarele de fotografii AI sunt esen\u021biale pentru crearea rapid\u0103 \u0219i eficient\u0103 de imagini unice. Acestea ofer\u0103 numeroase beneficii:<\/p>\n\n\n\n<ul class=\"wp-block-list\">\n<li class=\"\"><strong>Creativitate:<\/strong> Acestea ajut\u0103 la generarea de imagini unice \u0219i creative care ies \u00een eviden\u021b\u0103.<\/li>\n\n\n\n<li class=\"\"><strong>Eficien\u021b\u0103:<\/strong> Acestea economisesc timp prin producerea instantanee de imagini de \u00eenalt\u0103 calitate.<\/li>\n\n\n\n<li class=\"\"><strong>Versatilitate:<\/strong> Acestea pot fi utilizate \u00een diverse scopuri, de la post\u0103ri pe re\u021belele sociale la materiale de marketing.<\/li>\n<\/ul>\n\n\n\n<h3 class=\"wp-block-heading\">Cine poate beneficia de generatoarele foto AI?<\/h3>\n\n\n\n<ul class=\"wp-block-list\">\n<li class=\"\"><strong>Arti\u0219ti:<\/strong> Pentru a crea piese unice de art\u0103 digital\u0103.<\/li>\n\n\n\n<li class=\"\"><strong>Comercian\u021bi:<\/strong> Pentru generarea de imagini de calitate pentru campanii.<\/li>\n\n\n\n<li class=\"\"><strong>Creatori de con\u021binut:<\/strong> Pentru \u00eembun\u0103t\u0103\u021birea post\u0103rilor pe blog, a con\u021binutului pentru re\u021belele sociale \u0219i multe altele.<\/li>\n\n\n\n<li class=\"\"><strong>Afaceri:<\/strong> Pentru proiectarea materialelor de marketing, a site-urilor web \u0219i a reclamelor.<\/li>\n<\/ul>\n\n\n\n<h3 class=\"wp-block-heading\">Top 10 generatoare de fotografii AI<\/h3>\n\n\n\n<figure class=\"wp-block-table\"><table class=\"has-fixed-layout\"><thead><tr><th><strong>Instrument<\/strong><\/th><th><strong>Site web<\/strong><\/th><th><strong>Avantaje<\/strong><\/th><th><strong>Dezavantaje<\/strong><\/th><th><strong>Provoc\u0103ri<\/strong><\/th><th><strong>Sugestii<\/strong><\/th><\/tr><\/thead><tbody><tr><td><strong>AI Art Gratuit<\/strong><\/td><td><a href=\"https:\/\/aiartfree.online\/ro\/generator-de-fotografii-ai\/\">aiartfree.online<\/a><\/td><td>Gratuit, u\u0219or de utilizat, produce imagini de \u00eenalt\u0103 calitate<\/td><td>Personalizare limitat\u0103<\/td><td>Necesit\u0103 conexiune permanent\u0103 la internet<\/td><td>Actualiz\u0103ri regulate pentru \u00eembun\u0103t\u0103\u021birea func\u021biilor<\/td><\/tr><tr><td><strong>DeepArt<\/strong><\/td><td><a href=\"https:\/\/deepart.io\" target=\"_blank\" rel=\"noopener\">deepart.io<\/a><\/td><td>Filtre artistice excelente<\/td><td>Procesare lent\u0103<\/td><td>Nu \u00eentotdeauna exacte<\/td><td>\u00cembun\u0103t\u0103\u021birea vitezei de procesare<\/td><\/tr><tr><td><strong>Pist\u0103 ML<\/strong><\/td><td><a href=\"https:\/\/runwayml.com\" target=\"_blank\" rel=\"noopener\">runwayml.com<\/a><\/td><td>Versatil, de grad profesional<\/td><td>Scumpe<\/td><td>Curb\u0103 de \u00eenv\u0103\u021bare abrupt\u0103<\/td><td>Furniza\u021bi tutoriale<\/td><\/tr><tr><td><strong>Artbreeder<\/strong><\/td><td><a href=\"https:\/\/artbreeder.com\" target=\"_blank\" rel=\"noopener\">artbreeder.com<\/a><\/td><td>Colaborare, rezultate unice<\/td><td>Versiune gratuit\u0103 limitat\u0103<\/td><td>Interfa\u021ba poate fi complex\u0103<\/td><td>Simplificarea interfe\u021bei cu utilizatorul<\/td><\/tr><tr><td><strong>DALL-E<\/strong><\/td><td><a href=\"https:\/\/aiartfree.online\/ro\/liber-dalle-3\/\" data-type=\"page\" data-id=\"2889\">openai.com\/dall-e<\/a><\/td><td>Imagini de \u00eenalt\u0103 calitate, inovatoare<\/td><td>Acces restric\u021bionat<\/td><td>Cerere ridicat\u0103<\/td><td>Cre\u0219terea accesibilit\u0103\u021bii<\/td><\/tr><tr><td><strong>Generator de vis profund<\/strong><\/td><td><a href=\"https:\/\/deepdreamgenerator.com\" target=\"_blank\" rel=\"noopener\">deepdreamgenerator.com<\/a><\/td><td>Imagini suprarealiste, artistice<\/td><td>Poate fi abstract<\/td><td>Nu este potrivit pentru toate scopurile<\/td><td>Oferi\u021bi mai multe stiluri<\/td><\/tr><tr><td><strong>NightCafe<\/strong><\/td><td><a href=\"https:\/\/nightcafe.studio\" target=\"_blank\" rel=\"noopener\">nightcafe.studio<\/a><\/td><td>U\u0219or de utilizat, caracteristici comunitare<\/td><td>Op\u021biuni gratuite limitate<\/td><td>Poate fi costisitoare<\/td><td>Mai multe caracteristici gratuite<\/td><\/tr><tr><td><strong>Somnul mare<\/strong><\/td><td><a href=\"https:\/\/bigsleep.dev\" target=\"_blank\" rel=\"noopener\">bigsleep.dev<\/a><\/td><td>Open-source, personalizabil<\/td><td>Necesit\u0103 cuno\u0219tin\u021be tehnice<\/td><td>Configura\u021bie complex\u0103<\/td><td>Furniza\u021bi mai multe ghiduri<\/td><\/tr><tr><td><strong>Ganbreeder<\/strong><\/td><td><a href=\"https:\/\/ganbreeder.app\" target=\"_blank\" rel=\"noopener\">ganbreeder.app<\/a><\/td><td>Colaborativ, creativ<\/td><td>Poate fi imprevizibil<\/td><td>Interfa\u021ba ar putea fi mai bun\u0103<\/td><td>\u00cembun\u0103t\u0103\u021birea predictibilit\u0103\u021bii<\/td><\/tr><tr><td><strong>StilGAN2<\/strong><\/td><td><a href=\"https:\/\/github.com\/NVlabs\/stylegan2\" target=\"_blank\" rel=\"noopener\">github.com\/NVlabs\/stylegan2<\/a><\/td><td>Rezultate de \u00eenalt\u0103 calitate<\/td><td>Necesit\u0103 competen\u021be tehnice<\/td><td>Greu de configurat<\/td><td>Tutoriale mai u\u0219or de utilizat<\/td><\/tr><\/tbody><\/table><\/figure>\n\n\n\n<h3 class=\"wp-block-heading\">\u00ceNTREB\u0102RI FRECVENTE<\/h3>\n\n\n\n<h4 class=\"wp-block-heading\">Cum s\u0103 v\u0103 da\u021bi seama dac\u0103 o fotografie este generat\u0103 de AI?<\/h4>\n\n\n\n<p class=\"\">Pentru a determina dac\u0103 o fotografie este generat\u0103 de AI, c\u0103uta\u021bi anomalii subtile, modele nenaturale \u0219i lipsa detaliilor fine, care sunt comune \u00een imaginile generate de AI.<\/p>\n\n\n\n<h4 class=\"wp-block-heading\">Cum s\u0103 genera\u021bi fotografii AI?<\/h4>\n\n\n\n<p class=\"\">Pute\u021bi genera fotografii AI utiliz\u00e2nd un generator de fotografii AI precum <a href=\"https:\/\/aiartfree.online\/ro\/generator-de-fotografii-ai\/\">AI Art Gratuit<\/a>. Pur \u0219i simplu introduce\u021bi un text \u0219i l\u0103sa\u021bi AI-ul s\u0103 creeze imaginea.<\/p>\n\n\n\n<h4 class=\"wp-block-heading\">Este aceast\u0103 fotografie generat\u0103 de AI?<\/h4>\n\n\n\n<p class=\"\">Pentru a verifica dac\u0103 o fotografie este generat\u0103 de inteligen\u021ba artificial\u0103, utiliza\u021bi instrumente concepute pentru a detecta con\u021binutul generat de inteligen\u021ba artificial\u0103 sau analiza\u021bi imaginea pentru a g\u0103si neconcordan\u021be.<\/p>\n\n\n\n<h4 class=\"wp-block-heading\">Care este cel mai bun generator de fotografii AI?<\/h4>\n\n\n\n<p class=\"\">Cel mai bun generator de fotografii AI variaz\u0103 \u00een func\u021bie de nevoile dvs., dar <a href=\"https:\/\/aiartfree.online\/ro\/generator-de-fotografii-ai\/\">AI Art Gratuit<\/a> este foarte recomandat pentru u\u0219urin\u021ba \u00een utilizare \u0219i calitatea rezultatelor.<\/p>\n\n\n\n<h4 class=\"wp-block-heading\">Cum s\u0103 face\u021bi fotografii generate de AI?<\/h4>\n\n\n\n<p class=\"\">Pute\u021bi crea fotografii generate de AI prin introducerea de texte descriptive \u00eentr-un generator de fotografii AI, care va crea imagini pe baza descrierilor dvs.<\/p>\n\n\n\n<h3 class=\"wp-block-heading\">Module suplimentare<\/h3>\n\n\n\n<h4 class=\"wp-block-heading\">\u00cen\u021belegerea inteligen\u021bei artificiale generative \u0219i a impactului acesteia<\/h4>\n\n\n\n<p class=\"\">Inteligen\u021ba artificial\u0103 generativ\u0103, care alimenteaz\u0103 generatoarele de fotografii AI, este un tip de inteligen\u021b\u0103 artificial\u0103 care poate crea con\u021binut nou din date existente. Aceast\u0103 tehnologie revolu\u021bioneaz\u0103 industriile creative, permi\u021b\u00e2nd crearea de imagini, muzic\u0103 \u0219i text unice.<\/p>\n\n\n\n<h4 class=\"wp-block-heading\">Beneficiile utiliz\u0103rii generatoarelor de fotografii AI pentru social media<\/h4>\n\n\n\n<p class=\"\">Generatoarele de fotografii AI sunt nepre\u021buite pentru social media, deoarece permit crearea de imagini atractive \u0219i unice care capteaz\u0103 aten\u021bia publicului \u0219i determin\u0103 implicarea.<\/p>\n\n\n\n<h4 class=\"wp-block-heading\">Rolul \u00eenv\u0103\u021b\u0103rii automate \u00een generatoarele foto AI<\/h4>\n\n\n\n<p class=\"\">\u00cenv\u0103\u021barea mecanic\u0103 este coloana vertebral\u0103 a generatoarelor foto AI. Ea permite acestor instrumente s\u0103 \u00eenve\u021be din seturi vaste de date \u0219i s\u0103 \u00eembun\u0103t\u0103\u021beasc\u0103 calitatea \u0219i relevan\u021ba imaginilor pe care le produc \u00een timp.<\/p>\n\n\n\n<h3 class=\"wp-block-heading\">Concluzie<\/h3>\n\n\n\n<p class=\"\">Generatoarele de fotografii AI sunt instrumente puternice care valorific\u0103 capacit\u0103\u021bile inteligen\u021bei artificiale \u0219i ale \u00eenv\u0103\u021b\u0103rii automate pentru a crea imagini unice \u0219i de \u00eenalt\u0103 calitate. Fie c\u0103 sunte\u021bi artist, marketer sau creator de con\u021binut, aceste instrumente v\u0103 pot \u00eembun\u0103t\u0103\u021bi semnificativ procesul creativ \u0219i rezultatele. \u00cen\u021beleg\u00e2nd avantajele \u0219i provoc\u0103rile acestora, pute\u021bi profita la maximum de aceste instrumente inovatoare pentru a produce imagini uimitoare care ies \u00een eviden\u021b\u0103 \u00een orice mediu.<\/p>\n\n\n\n<p class=\"\">Pentru cea mai bun\u0103 experien\u021b\u0103, \u00eencepe\u021bi cu <a href=\"https:\/\/aiartfree.online\/ro\/generator-de-fotografii-ai\/\">AI Art Gratuit<\/a> care ofer\u0103 o modalitate u\u0219oar\u0103 \u0219i gratuit\u0103 de a genera fotografii AI de \u00eenalt\u0103 calitate.<\/p>","protected":false},"excerpt":{"rendered":"<p>What our users created How to use AI Photo Generator Prompt Examples Use&nbsp;Prompt Generator&nbsp;to Expand the Boundaries of Your Imagination *&nbsp;Depending on your internet speed, loading the model may take a few seconds.* There will be caching during continuous generation, and the new image will appear after about 3 seconds. Introduction of AI Photo Generator &#8230; <a title=\"Generator de fotografii AI\" class=\"read-more\" href=\"https:\/\/aiartfree.online\/ro\/generator-de-fotografii-ai\/\" aria-label=\"Cite\u0219te mai multe despre AI Photo Generator\">Cite\u0219te mai mult<\/a><\/p>","protected":false},"author":1,"featured_media":3392,"parent":0,"menu_order":0,"comment_status":"open","ping_status":"closed","template":"","meta":{"nf_dc_page":"","footnotes":""},"class_list":["post-3270","page","type-page","status-publish","has-post-thumbnail"],"jetpack_sharing_enabled":true,"_links":{"self":[{"href":"https:\/\/aiartfree.online\/ro\/wp-json\/wp\/v2\/pages\/3270","targetHints":{"allow":["GET"]}}],"collection":[{"href":"https:\/\/aiartfree.online\/ro\/wp-json\/wp\/v2\/pages"}],"about":[{"href":"https:\/\/aiartfree.online\/ro\/wp-json\/wp\/v2\/types\/page"}],"author":[{"embeddable":true,"href":"https:\/\/aiartfree.online\/ro\/wp-json\/wp\/v2\/users\/1"}],"replies":[{"embeddable":true,"href":"https:\/\/aiartfree.online\/ro\/wp-json\/wp\/v2\/comments?post=3270"}],"version-history":[{"count":0,"href":"https:\/\/aiartfree.online\/ro\/wp-json\/wp\/v2\/pages\/3270\/revisions"}],"wp:featuredmedia":[{"embeddable":true,"href":"https:\/\/aiartfree.online\/ro\/wp-json\/wp\/v2\/media\/3392"}],"wp:attachment":[{"href":"https:\/\/aiartfree.online\/ro\/wp-json\/wp\/v2\/media?parent=3270"}],"curies":[{"name":"wp","href":"https:\/\/api.w.org\/{rel}","templated":true}]}}