{"id":3164,"date":"2024-07-24T07:24:20","date_gmt":"2024-07-24T07:24:20","guid":{"rendered":"https:\/\/aiartfree.online\/?page_id=3164"},"modified":"2024-08-02T11:02:53","modified_gmt":"2024-08-02T11:02:53","slug":"prompt-generator","status":"publish","type":"page","link":"https:\/\/aiartfree.online\/ro\/generator-prompt\/","title":{"rendered":"Generator de prompturi"},"content":{"rendered":"<h2 class=\"wp-block-heading has-text-align-center\" id=\"before-prompt-generator-vs-after\">\u00cenainte de Prompt Generator vs Dup\u0103<\/h2>\n\n\n<div class=\"gb-grid-wrapper gb-grid-wrapper-274aea64\">\n<div class=\"gb-grid-column gb-grid-column-799665f9\"><div class=\"gb-container gb-container-799665f9\">\n\n<figure class=\"gb-block-image gb-block-image-858fbc7e\"><img data-recalc-dims=\"1\" decoding=\"async\" loading=\"lazy\" width=\"1024\" height=\"1024\" class=\"gb-image gb-image-858fbc7e\" src=\"https:\/\/i0.wp.com\/aiartfree.online\/wp-content\/uploads\/2024\/07\/image-25.jpg?resize=1024%2C1024&#038;ssl=1\" alt=\"Pe cimitirul metronomului ne\u00eemp\u0103rt\u0103\u0219it\" title=\"imagine (25)\" srcset=\"https:\/\/i0.wp.com\/aiartfree.online\/wp-content\/uploads\/2024\/07\/image-25.jpg?w=1024&amp;ssl=1 1024w, https:\/\/i0.wp.com\/aiartfree.online\/wp-content\/uploads\/2024\/07\/image-25.jpg?resize=300%2C300&amp;ssl=1 300w, https:\/\/i0.wp.com\/aiartfree.online\/wp-content\/uploads\/2024\/07\/image-25.jpg?resize=150%2C150&amp;ssl=1 150w, https:\/\/i0.wp.com\/aiartfree.online\/wp-content\/uploads\/2024\/07\/image-25.jpg?resize=768%2C768&amp;ssl=1 768w, https:\/\/i0.wp.com\/aiartfree.online\/wp-content\/uploads\/2024\/07\/image-25.jpg?resize=12%2C12&amp;ssl=1 12w, https:\/\/i0.wp.com\/aiartfree.online\/wp-content\/uploads\/2024\/07\/image-25.jpg?resize=600%2C600&amp;ssl=1 600w, https:\/\/i0.wp.com\/aiartfree.online\/wp-content\/uploads\/2024\/07\/image-25.jpg?resize=100%2C100&amp;ssl=1 100w\" sizes=\"auto, (max-width: 1024px) 100vw, 1024px\" \/><\/figure>\n\n\n\n<h4 class=\"gb-headline gb-headline-7f59b675 gb-headline-text\">Prompts \u00cenainte<\/h4>\n\n\n\n<p class=\"gb-headline gb-headline-ec66d865 gb-headline-text\">Pe cimitirul metronomului ne\u00eemp\u0103rt\u0103\u0219it<\/p>\n\n<\/div><\/div>\n\n<div class=\"gb-grid-column gb-grid-column-b4f9a19c\"><div class=\"gb-container gb-container-b4f9a19c\">\n\n<figure class=\"gb-block-image gb-block-image-c763d41e\"><img data-recalc-dims=\"1\" decoding=\"async\" loading=\"lazy\" width=\"1024\" height=\"1024\" class=\"gb-image gb-image-c763d41e\" src=\"https:\/\/i0.wp.com\/aiartfree.online\/wp-content\/uploads\/2024\/07\/image-26-jpg.webp?resize=1024%2C1024&#038;ssl=1\" alt=\"Pe cimitirul metronomului ne\u00eemp\u0103rt\u0103\u0219it, luminat de lum\u00e2n\u0103ri, pictur\u0103 digital\u0103, artstation, concept art, craig mullins, uluitor, rezolu\u021bie 8 k, extrem de detaliat, frumos, establishing shot, artistic, hiperrealist, octane render, iluminare cinematic\u0103, iluminare dramatic\u0103, capodoper\u0103, lumin\u0103 neru\u0219inat\u0103\" title=\"imagine (26)\" srcset=\"https:\/\/i0.wp.com\/aiartfree.online\/wp-content\/uploads\/2024\/07\/image-26-jpg.webp?w=1024&amp;ssl=1 1024w, https:\/\/i0.wp.com\/aiartfree.online\/wp-content\/uploads\/2024\/07\/image-26-jpg.webp?resize=300%2C300&amp;ssl=1 300w, https:\/\/i0.wp.com\/aiartfree.online\/wp-content\/uploads\/2024\/07\/image-26-jpg.webp?resize=150%2C150&amp;ssl=1 150w, https:\/\/i0.wp.com\/aiartfree.online\/wp-content\/uploads\/2024\/07\/image-26-jpg.webp?resize=768%2C768&amp;ssl=1 768w, https:\/\/i0.wp.com\/aiartfree.online\/wp-content\/uploads\/2024\/07\/image-26-jpg.webp?resize=12%2C12&amp;ssl=1 12w, https:\/\/i0.wp.com\/aiartfree.online\/wp-content\/uploads\/2024\/07\/image-26-jpg.webp?resize=600%2C600&amp;ssl=1 600w, https:\/\/i0.wp.com\/aiartfree.online\/wp-content\/uploads\/2024\/07\/image-26-jpg.webp?resize=100%2C100&amp;ssl=1 100w\" sizes=\"auto, (max-width: 1024px) 100vw, 1024px\" \/><\/figure>\n\n\n\n<h4 class=\"gb-headline gb-headline-21a96621 gb-headline-text\">Prompts Dup\u0103<\/h4>\n\n\n\n<p class=\"gb-headline gb-headline-069e038b gb-headline-text\">Pe cimitirul metronomului ne\u00eemp\u0103rt\u0103\u0219it, luminat de lum\u00e2n\u0103ri, pictur\u0103 digital\u0103, artstation, concept art, craig mullins, uluitor, rezolu\u021bie 8 k, extrem de detaliat, frumos, establishing shot, artistic, hiperrealist, octane render, iluminare cinematic\u0103, iluminare dramatic\u0103, capodoper\u0103, lumin\u0103 neru\u0219inat\u0103<\/p>\n\n<\/div><\/div>\n<\/div>\n\n\n<div style=\"height:50px\" aria-hidden=\"true\" class=\"wp-block-spacer\"><\/div>\n\n\n\n<h2 class=\"wp-block-heading\" id=\"how-to-use-prompt-generator\">Cum s\u0103 utiliza\u021bi Prompt Generator<\/h2>\n\n\n\n<ol class=\"wp-block-list\">\n<li class=\"\">Introduce\u021bi g\u00e2ndurile dvs.<\/li>\n\n\n\n<li class=\"\">Face\u021bi clic pe \"Trimite\"<\/li>\n\n\n\n<li class=\"\">A\u0219tepta\u021bi prompterele revolu\u021bionate<\/li>\n\n\n\n<li class=\"\">Derula\u021bi \u00een jos \u0219i lipi\u021bi promptul dvs. revolu\u021bionat pentru genera\u021bie<\/li>\n\n\n\n<li class=\"\">Face\u021bi clic pe \"Generare\"<\/li>\n\n\n\n<li class=\"\">Stai, asta este!<\/li>\n<\/ol>\n\n\n\n<p class=\"\">Dac\u0103 nu ave\u021bi niciun g\u00e2nd \u00een minte, <a href=\"#maodian\" data-type=\"internal\" data-id=\"#maodian\">face\u021bi clic pentru a consulta galeria noastr\u0103 de prompturi<\/a><\/p>\n\n\n\n<p class=\"\"><em>* \u00cen func\u021bie de viteza internetului, \u00eenc\u0103rcarea modelului poate dura c\u00e2teva secunde.<\/em><\/p>\n\n\n\n<div class=\"iframe-wrapper\" style=\"position: relative; width: 100%; height: 900px;\">\n  <div class=\"loading\" style=\"position: absolute; top: 50px; left: 50%; transform: translate(-50%, -50%); width: 40px; height: 40px; border: 3px solid #f0f0f0; border-top: 3px solid #db7093; border-radius: 50%; animation: spin 1s linear infinite;\"><\/div>\n  <iframe loading=\"lazy\" src=\"https:\/\/doevent-stable-diffusion-prompt-generator.hf.space\" frameborder=\"0\" width=\"100%\" height=\"100%\" style=\"position: absolute; top: 0; left: 0; opacity: 0; transition: opacity 0.3s;\" onload=\"this.style.opacity=1;this.previousElementSibling.style.display='none';\"><\/iframe>\n<\/div>\n\n<style>\n@keyframes spin {\n  0% { transform: translate(-50%, -50%) rotate(0deg); }\n  100% { transform: translate(-50%, -50%) rotate(360deg); }\n}\n<\/style>\n\n\n\n<div style=\"height:10px\" aria-hidden=\"true\" class=\"wp-block-spacer\"><\/div>\n\n\n\n<p class=\"\"><em>* \u00cen timpul gener\u0103rii continue va exista un proces de cache, iar noua imagine va ap\u0103rea dup\u0103 aproximativ 5 secunde.<\/em><\/p>\n\n\n\n<div class=\"iframe-wrapper\" style=\"position: relative; width: 100%; height: 1260px;\">\n  <div class=\"loading\" style=\"position: absolute; top: 50px; left: 50%; transform: translate(-50%, -50%); width: 40px; height: 40px; border: 3px solid #f0f0f0; border-top: 3px solid #db7093; border-radius: 50%; animation: spin 1s linear infinite;\"><\/div>\n  <iframe loading=\"lazy\" src=\"https:\/\/prodia-fast-stable-diffusion.hf.space\" frameborder=\"0\" width=\"100%\" height=\"100%\" style=\"position: absolute; top: 0; left: 0; opacity: 0; transition: opacity 0.3s;\" onload=\"this.style.opacity=1;this.previousElementSibling.style.display='none';\"><\/iframe>\n<\/div>\n\n<style>\n@keyframes spin {\n  0% { transform: translate(-50%, -50%) rotate(0deg); }\n  100% { transform: translate(-50%, -50%) rotate(360deg); }\n}\n<\/style>\n\n\n\n<div style=\"height:50px\" aria-hidden=\"true\" class=\"wp-block-spacer\"><\/div>\n\n\n\n<h2 class=\"wp-block-heading has-text-align-center\" id=\"prompts-gallery\">Galeria Prompts<\/h2>\n\n\n\n<h3 class=\"wp-block-heading\" id=\"how-to-use-prompts-gallery\">Cum s\u0103 utiliza\u021bi Galeria de sugestii<\/h3>\n\n\n\n<ol class=\"wp-block-list\">\n<li class=\"\">Face\u021bi clic pe pictograma din dreapta sus a imaginii pentru a duplica solicitarea<\/li>\n\n\n\n<li class=\"\">Derula\u021bi \u00een sus \u0219i lipi\u021bi promptul dvs. revolu\u021bionat pentru genera\u021bie<\/li>\n<\/ol>\n\n\n\n<div style=\"text-align: center; border: 2px solid; border-image-source: linear-gradient(to right, #16b86c, #912899); border-image-slice: 1; box-shadow: 0 0 10px rgba(0, 0, 0, 0.1); border-radius: 15px; position: relative;\">\n  <div id=\"loading\" style=\"position: absolute; top: 100px; left: 50%; transform: translate(-50%, -50%); z-index: 1000;\">\n    <div style=\"width: 50px; height: 50px; border: 5px solid #f3f3f3; border-top: 5px solid #16b86c; border-radius: 50%; animation: spin 1s linear infinite;\"><\/div>\n  <\/div>\n  <iframe loading=\"lazy\"\n    src=\"https:\/\/prithivmlmods-top-prompt-collection.static.hf.space\"\n    frameborder=\"0\"\n    width=\"100%\"\n    height=\"2600\"\n    style=\"display: inline-block; margin: 0 auto;\"\n    onload=\"document.getElementById('loading').style.display='none';\"\n  ><\/iframe>\n<\/div>\n\n<style>\n  @keyframes spin {\n    0% { transform: rotate(0deg); }\n    100% { transform: rotate(360deg); }\n  }\n<\/style>\n\n\n\n<div style=\"height:50px\" aria-hidden=\"true\" class=\"wp-block-spacer\"><\/div>\n\n\n\n<h2 class=\"wp-block-heading\" id=\"introduction-of-prompt-generator\">Introducerea generatorului de prompturi<\/h2>\n\n\n\n<div class=\"wp-block-rank-math-toc-block\" id=\"rank-math-toc\"><h3>Tabla de con\u021binut<\/h3><nav><ul><li><a href=\"#what-is-a-prompt-generator\">Ce este un Prompt Generator?<\/a><ul><li><a href=\"#definition\">Defini\u021bie<\/a><\/li><li><a href=\"#types-of-prompts\">Tipuri de sugestii<\/a><\/li><\/ul><\/li><li><a href=\"#how-does-a-prompt-generator-work\">Cum func\u021bioneaz\u0103 un generator de prompturi?<\/a><ul><li><a href=\"#user-inputs\">Intr\u0103rile utilizatorului<\/a><\/li><li><a href=\"#ai-analysis\">Analiza AI<\/a><\/li><li><a href=\"#output\">Ie\u0219ire<\/a><\/li><li><a href=\"#example-of-user-inputs-and-ai-analysis\">Exemplu de intr\u0103ri ale utilizatorului \u0219i analiz\u0103 AI<\/a><\/li><\/ul><\/li><li><a href=\"#benefits-of-using-a-prompt-generator\">Beneficiile utiliz\u0103rii unui generator de prompturi<\/a><ul><li><a href=\"#efficiency\">Eficien\u021b\u0103<\/a><\/li><li><a href=\"#creativity-boost\">Stimularea creativit\u0103\u021bii<\/a><\/li><li><a href=\"#customization\">Personalizare<\/a><\/li><li><a href=\"#keyword-density-table\">Tabelul densit\u0103\u021bii cuvintelor cheie<\/a><\/li><\/ul><\/li><li><a href=\"#popular-applications-of-prompt-generators\">Aplica\u021bii populare ale generatoarelor de prompturi<\/a><ul><li><a href=\"#content-creation\">Crearea de con\u021binut<\/a><\/li><li><a href=\"#education\">Educa\u021bie<\/a><\/li><li><a href=\"#business-and-marketing\">Afaceri \u0219i marketing<\/a><\/li><\/ul><\/li><li><a href=\"#how-to-choose-the-right-prompt-generator\">Cum s\u0103 alege\u021bi generatorul de prompturi potrivit<\/a><ul><li><a href=\"#features-to-look-for\">Caracteristici de c\u0103utat<\/a><\/li><li><a href=\"#popular-tools\">Instrumente populare<\/a><\/li><\/ul><\/li><li><a href=\"#conclusion\">Concluzie<\/a><\/li><li><a href=\"#additional-resources\">Resurse suplimentare<\/a><\/li><\/ul><\/nav><\/div>\n\n\n\n<h3 class=\"wp-block-heading\" id=\"introduction\">Introducere<\/h3>\n\n\n\n<p class=\"\">Generatoarele de sugestii sunt instrumente puternice care utilizeaz\u0103 inteligen\u021ba artificial\u0103 (AI) pentru a ajuta utilizatorii s\u0103 dep\u0103\u0219easc\u0103 blocajele creative \u0219i s\u0103 genereze idei inovatoare. Aceste instrumente pot produce sugestii de scriere, sugestii de desen \u0219i alte sugestii creative, ceea ce le face nepre\u021buite pentru scriitori, arti\u0219ti \u0219i creatori de con\u021binut. Acest articol exploreaz\u0103 ce sunt generatoarele de promptere, cum func\u021bioneaz\u0103 acestea, beneficiile lor, aplica\u021biile \u0219i sfaturi pentru alegerea celui potrivit.<\/p>\n\n\n\n<figure class=\"wp-block-image size-full is-resized\"><img data-recalc-dims=\"1\" decoding=\"async\" width=\"1200\" height=\"600\"   loading=\"lazy\" src=\"https:\/\/i0.wp.com\/aiartfree.online\/wp-content\/uploads\/2024\/07\/WX20240724-132929%402x-scaled.webp?resize=1200%2C600&#038;ssl=1\" alt=\"Generatoarele de prompturi sunt instrumente puternice care utilizeaz\u0103 inteligen\u021ba artificial\u0103 (AI) pentru a ajuta utilizatorii s\u0103 dep\u0103\u0219easc\u0103 blocajele creative \u0219i s\u0103 genereze idei inovatoare.\" class=\"wp-image-3185\" style=\"width:819px;height:auto\" srcset=\"https:\/\/i0.wp.com\/aiartfree.online\/wp-content\/uploads\/2024\/07\/WX20240724-132929%402x-scaled.webp?w=2560&amp;ssl=1 2560w, https:\/\/i0.wp.com\/aiartfree.online\/wp-content\/uploads\/2024\/07\/WX20240724-132929%402x-scaled.webp?resize=300%2C150&amp;ssl=1 300w, https:\/\/i0.wp.com\/aiartfree.online\/wp-content\/uploads\/2024\/07\/WX20240724-132929%402x-scaled.webp?resize=1024%2C512&amp;ssl=1 1024w, https:\/\/i0.wp.com\/aiartfree.online\/wp-content\/uploads\/2024\/07\/WX20240724-132929%402x-scaled.webp?resize=768%2C384&amp;ssl=1 768w, https:\/\/i0.wp.com\/aiartfree.online\/wp-content\/uploads\/2024\/07\/WX20240724-132929%402x-scaled.webp?resize=1536%2C768&amp;ssl=1 1536w, https:\/\/i0.wp.com\/aiartfree.online\/wp-content\/uploads\/2024\/07\/WX20240724-132929%402x-scaled.webp?resize=2048%2C1023&amp;ssl=1 2048w, https:\/\/i0.wp.com\/aiartfree.online\/wp-content\/uploads\/2024\/07\/WX20240724-132929%402x-scaled.webp?resize=18%2C9&amp;ssl=1 18w, https:\/\/i0.wp.com\/aiartfree.online\/wp-content\/uploads\/2024\/07\/WX20240724-132929%402x-scaled.webp?resize=600%2C300&amp;ssl=1 600w, https:\/\/i0.wp.com\/aiartfree.online\/wp-content\/uploads\/2024\/07\/WX20240724-132929%402x-scaled.webp?w=2400&amp;ssl=1 2400w\" sizes=\"auto, (max-width: 1200px) 100vw, 1200px\" \/><\/figure>\n\n\n\n<h3 class=\"wp-block-heading\" id=\"what-is-a-prompt-generator\">Ce este un Prompt Generator?<\/h3>\n\n\n\n<h4 class=\"wp-block-heading\" id=\"definition\">Defini\u021bie<\/h4>\n\n\n\n<p class=\"\">Un generator de promptere este o aplica\u021bie software care utilizeaz\u0103 algoritmi \u0219i inteligen\u021b\u0103 artificial\u0103 pentru a crea promptere sau sugestii pentru sarcini creative. Aceste sugestii pot fi utilizate pentru scriere, desen, brainstorming \u0219i altele.<\/p>\n\n\n\n<h4 class=\"wp-block-heading\" id=\"types-of-prompts\">Tipuri de sugestii<\/h4>\n\n\n\n<ul class=\"wp-block-list\">\n<li class=\"\"><strong>Prompts de scriere<\/strong>: Idei pentru a lansa proiecte de scriere, inclusiv povestiri, eseuri \u0219i poezii.<\/li>\n\n\n\n<li class=\"\"><strong>Sugestii de desen<\/strong>: Sugestii pentru arti\u0219ti de a crea noi lucr\u0103ri.<\/li>\n\n\n\n<li class=\"\"><strong>Prompts de scriere creativ\u0103<\/strong>: Indica\u021bii focalizate pentru a inspira scrierea creativ\u0103, cum ar fi fic\u021biunea \u0219i poezia.<\/li>\n\n\n\n<li class=\"\"><strong>Prompts la jum\u0103tatea c\u0103l\u0103toriei<\/strong>: Sugestii pentru a ajuta la dezvoltarea unei pove\u0219ti sau a unui proiect la jum\u0103tatea drumului.<\/li>\n\n\n\n<li class=\"\"><strong>Art Prompt Generator<\/strong>: Instrumente special concepute pentru a genera idei pentru arta vizual\u0103.<\/li>\n<\/ul>\n\n\n\n<h3 class=\"wp-block-heading\" id=\"how-does-a-prompt-generator-work\">Cum func\u021bioneaz\u0103 un generator de prompturi?<\/h3>\n\n\n\n<h4 class=\"wp-block-heading\" id=\"user-inputs\">Intr\u0103rile utilizatorului<\/h4>\n\n\n\n<p class=\"\">Utilizatorii furnizeaz\u0103 date ini\u021biale, cum ar fi tipul de prompt necesar (de exemplu, scris, desenat) \u0219i orice teme sau constr\u00e2ngeri specifice.<\/p>\n\n\n\n<h4 class=\"wp-block-heading\" id=\"ai-analysis\">Analiza AI<\/h4>\n\n\n\n<p class=\"\">Inteligen\u021ba artificial\u0103 proceseaz\u0103 aceste intr\u0103ri folosind baze de date de solicit\u0103ri existente \u0219i con\u021binut creativ pentru a genera sugestii unice \u0219i relevante.<\/p>\n\n\n\n<h4 class=\"wp-block-heading\" id=\"output\">Ie\u0219ire<\/h4>\n\n\n\n<p class=\"\">Indica\u021biile generate sunt adaptate la specifica\u021biile utilizatorului, oferind inspira\u021bie \u0219i direc\u021bie imediate.<\/p>\n\n\n\n<h4 class=\"wp-block-heading\" id=\"example-of-user-inputs-and-ai-analysis\">Exemplu de intr\u0103ri ale utilizatorului \u0219i analiz\u0103 AI<\/h4>\n\n\n\n<figure class=\"wp-block-table\"><table class=\"has-fixed-layout\"><thead><tr><th>Intrarea utilizatorului<\/th><th>Analiza AI<\/th><th>Prompt generat<\/th><\/tr><\/thead><tbody><tr><td>Prompt de scriere<\/td><td>Analiza\u021bi teme de mister \u0219i aventur\u0103<\/td><td>\"Scrie o poveste despre un detectiv \u00eentr-un ora\u0219 b\u00e2ntuit.\"<\/td><\/tr><tr><td>Prompt de desen<\/td><td>Examina\u021bi teme populare \u00een arta fantastic\u0103<\/td><td>\"Desena\u021bi un dragon care protejeaz\u0103 o comoar\u0103 ascuns\u0103.\"<\/td><\/tr><tr><td>Scriere creativ\u0103<\/td><td>Combin\u0103 elemente de romantism \u0219i fic\u021biune istoric\u0103<\/td><td>\"Descrie\u021bi o poveste de dragoste plasat\u0103 \u00een Roma antic\u0103.\"<\/td><\/tr><\/tbody><\/table><\/figure>\n\n\n\n<h3 class=\"wp-block-heading\" id=\"benefits-of-using-a-prompt-generator\">Beneficiile utiliz\u0103rii unui generator de prompturi<\/h3>\n\n\n\n<h4 class=\"wp-block-heading\" id=\"efficiency\">Eficien\u021b\u0103<\/h4>\n\n\n\n<p class=\"\">Generatoarele de sugestii economisesc timp prin producerea rapid\u0103 de sugestii de \u00eenalt\u0103 calitate, permi\u021b\u00e2nd utilizatorilor s\u0103 se concentreze mai degrab\u0103 pe crea\u021bie dec\u00e2t pe brainstorming.<\/p>\n\n\n\n<h4 class=\"wp-block-heading\" id=\"creativity-boost\">Stimularea creativit\u0103\u021bii<\/h4>\n\n\n\n<p class=\"\">Aceste instrumente ajut\u0103 la dep\u0103\u0219irea blocajului scriitorului \u0219i inspir\u0103 creativitatea cu \u00eendemnuri unice \u0219i diverse, f\u0103c\u00e2nd procesul creativ mai pl\u0103cut.<\/p>\n\n\n\n<h4 class=\"wp-block-heading\" id=\"customization\">Personalizare<\/h4>\n\n\n\n<p class=\"\">Utilizatorii pot adapta solicit\u0103rile la nevoi \u0219i preferin\u021be specifice, sporind relevan\u021ba \u0219i utilitatea con\u021binutului generat.<\/p>\n\n\n\n<h4 class=\"wp-block-heading\" id=\"keyword-density-table\">Tabelul densit\u0103\u021bii cuvintelor cheie<\/h4>\n\n\n\n<figure class=\"wp-block-table\"><table class=\"has-fixed-layout\"><thead><tr><th>Cuv\u00e2nt cheie<\/th><th>Densitatea \u00een articol<\/th><\/tr><\/thead><tbody><tr><td>Generator de prompturi<\/td><td>2%<\/td><\/tr><tr><td>Prompts de scriere<\/td><td>1.5%<\/td><\/tr><tr><td>Inginerie prompt\u0103<\/td><td>1%<\/td><\/tr><tr><td><a href=\"https:\/\/aiartfree.online\/ro\/galerie-prompt\/\" target=\"_blank\" data-type=\"page\" data-id=\"3252\" rel=\"noreferrer noopener\">Sugestii de desen<\/a><\/td><td>1.5%<\/td><\/tr><tr><td>Prompts de scriere creativ\u0103<\/td><td>1%<\/td><\/tr><tr><td>Prompts la jum\u0103tatea c\u0103l\u0103toriei<\/td><td>0.5%<\/td><\/tr><tr><td>Art Prompt Generator<\/td><td>1%<\/td><\/tr><tr><td>Idei de desen<\/td><td>1%<\/td><\/tr><tr><td>Prompt de desen<\/td><td>1%<\/td><\/tr><\/tbody><\/table><\/figure>\n\n\n\n<h3 class=\"wp-block-heading\" id=\"popular-applications-of-prompt-generators\">Aplica\u021bii populare ale generatoarelor de prompturi<\/h3>\n\n\n\n<h4 class=\"wp-block-heading\" id=\"content-creation\">Crearea de con\u021binut<\/h4>\n\n\n\n<ul class=\"wp-block-list\">\n<li class=\"\"><strong>Blogging<\/strong>: Generarea de idei pentru post\u0103ri pe blog \u0219i articole.<\/li>\n\n\n\n<li class=\"\"><strong>Social Media<\/strong>: Crearea de con\u021binut atractiv pentru platformele social media.<\/li>\n<\/ul>\n\n\n\n<h4 class=\"wp-block-heading\" id=\"education\">Educa\u021bie<\/h4>\n\n\n\n<ul class=\"wp-block-list\">\n<li class=\"\"><strong>Predare<\/strong>: Asista\u021bi profesorii \u00een crearea subiectelor de eseu \u0219i a punctelor de discu\u021bie.<\/li>\n\n\n\n<li class=\"\"><strong>Proiecte studen\u021be\u0219ti<\/strong>: Ajuta\u021bi elevii cu idei pentru teme de scris \u0219i proiecte creative.<\/li>\n<\/ul>\n\n\n\n<h4 class=\"wp-block-heading\" id=\"business-and-marketing\">Afaceri \u0219i marketing<\/h4>\n\n\n\n<ul class=\"wp-block-list\">\n<li class=\"\"><strong>Copie de marketing<\/strong>: Generarea de texte de marketing \u0219i descrieri de produse conving\u0103toare.<\/li>\n\n\n\n<li class=\"\"><strong>Interac\u021biunea cu clien\u021bii<\/strong>: Crearea de scenarii pentru serviciile \u0219i implicarea clien\u021bilor.<\/li>\n<\/ul>\n\n\n\n<h3 class=\"wp-block-heading\" id=\"how-to-choose-the-right-prompt-generator\">Cum s\u0103 alege\u021bi generatorul de prompturi potrivit<\/h3>\n\n\n\n<h4 class=\"wp-block-heading\" id=\"features-to-look-for\">Caracteristici de c\u0103utat<\/h4>\n\n\n\n<ul class=\"wp-block-list\">\n<li class=\"\"><strong>Op\u021biuni de personalizare<\/strong>: Abilitatea de a adapta solicit\u0103rile la nevoile specifice.<\/li>\n\n\n\n<li class=\"\"><strong>Interfa\u021ba cu utilizatorul<\/strong>: O interfa\u021b\u0103 intuitiv\u0103 \u0219i u\u0219or de utilizat.<\/li>\n\n\n\n<li class=\"\"><strong>Capacit\u0103\u021bi de integrare<\/strong>: Compatibilitate cu alte instrumente \u0219i platforme.<\/li>\n<\/ul>\n\n\n\n<h4 class=\"wp-block-heading\" id=\"popular-tools\">Instrumente populare<\/h4>\n\n\n\n<ul class=\"wp-block-list\">\n<li class=\"\"><strong>AI Dungeon<\/strong>: Cunoscut pentru versatilitatea sa \u00een generarea de sugestii de scriere creativ\u0103.<\/li>\n\n\n\n<li class=\"\"><strong>ArtPrompts<\/strong>: Specializat\u0103 \u00een generarea de idei pentru proiecte de art\u0103 vizual\u0103.<\/li>\n\n\n\n<li class=\"\"><strong>WritingExercises.co.uk<\/strong>: Ofer\u0103 o gam\u0103 larg\u0103 de \u00eendemnuri de scriere pentru diferite genuri.<\/li>\n<\/ul>\n\n\n\n<h3 class=\"wp-block-heading\" id=\"conclusion\">Concluzie<\/h3>\n\n\n\n<p class=\"\">Generatoarele de prompturi sunt instrumente nepre\u021buite pentru oricine este implicat \u00een munca creativ\u0103. Acestea economisesc timp, stimuleaz\u0103 creativitatea \u0219i ofer\u0103 solu\u021bii personalizabile la blocajele creative. \u00cen\u021beleg\u00e2nd cum func\u021bioneaz\u0103 acestea \u0219i aplica\u021biile lor, pute\u021bi alege generatorul de promptere potrivit pentru a v\u0103 \u00eembun\u0103t\u0103\u021bi procesul creativ.<\/p>\n\n\n\n<h3 class=\"wp-block-heading\" id=\"additional-resources\">Resurse suplimentare<\/h3>\n\n\n\n<ul class=\"wp-block-list\">\n<li class=\"\"><strong><a href=\"https:\/\/www.aidungeon.io\/\" target=\"_blank\" rel=\"noopener\">AI Dungeon<\/a><\/strong>: Explora\u021bi un generator interactiv de sugestii pentru scriere creativ\u0103.<\/li>\n\n\n\n<li class=\"\"><strong><a href=\"https:\/\/artprompts.org\/\" target=\"_blank\" rel=\"noopener\">ArtPrompts<\/a><\/strong>: G\u0103se\u0219te inspira\u021bie pentru urm\u0103torul t\u0103u proiect artistic.<\/li>\n\n\n\n<li class=\"\"><strong><a href=\"https:\/\/www.writingexercises.co.uk\/\" target=\"_blank\" rel=\"noopener\">Exerci\u021bii de scriere<\/a><\/strong>: Descoperi\u021bi o varietate de \u00eendemnuri de scriere pentru diferite genuri.<\/li>\n<\/ul>","protected":false},"excerpt":{"rendered":"<p>Before Prompt Generator vs After How to use Prompt Generator If you don&#8217;t have any thoughts in your mind, click to check our Prompt Gallery *&nbsp;Depending on your internet speed, loading the model may take a few seconds. * There will be caching during continuous generation, and the new image will appear after about 5 &#8230; <a title=\"Generator de prompturi\" class=\"read-more\" href=\"https:\/\/aiartfree.online\/ro\/generator-prompt\/\" aria-label=\"Cite\u0219te mai multe despre Prompt Generator\">Cite\u0219te mai mult<\/a><\/p>","protected":false},"author":1,"featured_media":3185,"parent":0,"menu_order":0,"comment_status":"open","ping_status":"closed","template":"","meta":{"nf_dc_page":"","footnotes":""},"class_list":["post-3164","page","type-page","status-publish","has-post-thumbnail"],"jetpack_sharing_enabled":true,"_links":{"self":[{"href":"https:\/\/aiartfree.online\/ro\/wp-json\/wp\/v2\/pages\/3164","targetHints":{"allow":["GET"]}}],"collection":[{"href":"https:\/\/aiartfree.online\/ro\/wp-json\/wp\/v2\/pages"}],"about":[{"href":"https:\/\/aiartfree.online\/ro\/wp-json\/wp\/v2\/types\/page"}],"author":[{"embeddable":true,"href":"https:\/\/aiartfree.online\/ro\/wp-json\/wp\/v2\/users\/1"}],"replies":[{"embeddable":true,"href":"https:\/\/aiartfree.online\/ro\/wp-json\/wp\/v2\/comments?post=3164"}],"version-history":[{"count":0,"href":"https:\/\/aiartfree.online\/ro\/wp-json\/wp\/v2\/pages\/3164\/revisions"}],"wp:featuredmedia":[{"embeddable":true,"href":"https:\/\/aiartfree.online\/ro\/wp-json\/wp\/v2\/media\/3185"}],"wp:attachment":[{"href":"https:\/\/aiartfree.online\/ro\/wp-json\/wp\/v2\/media?parent=3164"}],"curies":[{"name":"wp","href":"https:\/\/api.w.org\/{rel}","templated":true}]}}