{"id":3117,"date":"2024-07-21T07:42:10","date_gmt":"2024-07-21T07:42:10","guid":{"rendered":"https:\/\/aiartfree.online\/?page_id=3117"},"modified":"2024-07-21T07:47:21","modified_gmt":"2024-07-21T07:47:21","slug":"free-ai-art-generator","status":"publish","type":"page","link":"https:\/\/aiartfree.online\/ro\/generator-gratuit-de-arta-ai\/","title":{"rendered":"Generator gratuit de art\u0103 AI"},"content":{"rendered":"<p class=\"has-text-align-center\">Genera\u021bi lucr\u0103ri de art\u0103 uimitoare generate cu inteligen\u021b\u0103 artificial\u0103 cu ajutorul instrumentelor gratuite de art\u0103 cu inteligen\u021b\u0103 artificial\u0103 de ultim\u0103 genera\u021bie.<\/p>\n\n\n<div class=\"gb-grid-wrapper gb-grid-wrapper-cd9cd360\">\n<div class=\"gb-grid-column gb-grid-column-11112ac1\"><div class=\"gb-container gb-container-11112ac1\">\n\n<figure class=\"gb-block-image gb-block-image-3cedc626\"><a href=\"https:\/\/aiartfree.online\/ro\/generator-de-caractere-ai\/\" target=\"_blank\" rel=\"noopener noreferrer\"><img data-recalc-dims=\"1\" decoding=\"async\" loading=\"lazy\" width=\"1200\" height=\"1190\" class=\"gb-image gb-image-3cedc626\" src=\"https:\/\/i0.wp.com\/aiartfree.online\/wp-content\/uploads\/2024\/07\/WX20240719-144752%402x.jpg?resize=1200%2C1190&#038;ssl=1\" alt=\"Generator de caractere AI\" title=\"WX20240719-144752@2x\" srcset=\"https:\/\/i0.wp.com\/aiartfree.online\/wp-content\/uploads\/2024\/07\/WX20240719-144752%402x.jpg?w=1632&amp;ssl=1 1632w, https:\/\/i0.wp.com\/aiartfree.online\/wp-content\/uploads\/2024\/07\/WX20240719-144752%402x.jpg?resize=300%2C297&amp;ssl=1 300w, https:\/\/i0.wp.com\/aiartfree.online\/wp-content\/uploads\/2024\/07\/WX20240719-144752%402x.jpg?resize=1024%2C1015&amp;ssl=1 1024w, https:\/\/i0.wp.com\/aiartfree.online\/wp-content\/uploads\/2024\/07\/WX20240719-144752%402x.jpg?resize=150%2C150&amp;ssl=1 150w, https:\/\/i0.wp.com\/aiartfree.online\/wp-content\/uploads\/2024\/07\/WX20240719-144752%402x.jpg?resize=768%2C761&amp;ssl=1 768w, https:\/\/i0.wp.com\/aiartfree.online\/wp-content\/uploads\/2024\/07\/WX20240719-144752%402x.jpg?resize=1536%2C1523&amp;ssl=1 1536w, https:\/\/i0.wp.com\/aiartfree.online\/wp-content\/uploads\/2024\/07\/WX20240719-144752%402x.jpg?resize=12%2C12&amp;ssl=1 12w, https:\/\/i0.wp.com\/aiartfree.online\/wp-content\/uploads\/2024\/07\/WX20240719-144752%402x.jpg?resize=600%2C595&amp;ssl=1 600w, https:\/\/i0.wp.com\/aiartfree.online\/wp-content\/uploads\/2024\/07\/WX20240719-144752%402x.jpg?resize=100%2C100&amp;ssl=1 100w\" sizes=\"auto, (max-width: 1200px) 100vw, 1200px\" \/><\/a><\/figure>\n\n\n\n<h3 class=\"gb-headline gb-headline-efcb9b85 gb-headline-text\">Generator de caractere AI<\/h3>\n\n\n\n<p class=\"gb-headline gb-headline-f3afe0a5 gb-headline-text\">AI Character Generator v\u0103 permite s\u0103 crea\u021bi personaje unice cu ajutorul algoritmilor AI \u0219i al tehnologiei AI generative.<\/p>\n\n<\/div><\/div>\n\n<div class=\"gb-grid-column gb-grid-column-d5a6cb82\"><div class=\"gb-container gb-container-d5a6cb82\">\n\n<figure class=\"gb-block-image gb-block-image-b9b8fce6\"><a href=\"https:\/\/aiartfree.online\/ro\/generator-pixar-ai-gratuit\/\" target=\"_blank\" rel=\"noopener noreferrer\"><img data-recalc-dims=\"1\" decoding=\"async\" loading=\"lazy\" width=\"938\" height=\"626\" class=\"gb-image gb-image-b9b8fce6\" src=\"https:\/\/i0.wp.com\/aiartfree.online\/wp-content\/uploads\/2024\/07\/WX20240717-174206%402x.jpg?resize=938%2C626&#038;ssl=1\" alt=\"generator pixar ai\" title=\"WX20240717-174206@2x\" srcset=\"https:\/\/i0.wp.com\/aiartfree.online\/wp-content\/uploads\/2024\/07\/WX20240717-174206%402x.jpg?w=938&amp;ssl=1 938w, https:\/\/i0.wp.com\/aiartfree.online\/wp-content\/uploads\/2024\/07\/WX20240717-174206%402x.jpg?resize=300%2C200&amp;ssl=1 300w, https:\/\/i0.wp.com\/aiartfree.online\/wp-content\/uploads\/2024\/07\/WX20240717-174206%402x.jpg?resize=768%2C513&amp;ssl=1 768w, https:\/\/i0.wp.com\/aiartfree.online\/wp-content\/uploads\/2024\/07\/WX20240717-174206%402x.jpg?resize=18%2C12&amp;ssl=1 18w, https:\/\/i0.wp.com\/aiartfree.online\/wp-content\/uploads\/2024\/07\/WX20240717-174206%402x.jpg?resize=600%2C400&amp;ssl=1 600w\" sizes=\"auto, (max-width: 938px) 100vw, 938px\" \/><\/a><\/figure>\n\n\n\n<h3 class=\"gb-headline gb-headline-0c51996c gb-headline-text\">Pixar AI Generator<\/h3>\n\n\n\n<p class=\"gb-headline gb-headline-83bb38c0 gb-headline-text\">Transforma\u021bi-v\u0103 ideile \u00een art\u0103 generat\u0103 de AI \u00een stilul Pixar cu AI generativ de ultim\u0103 genera\u021bie online gratuit.<\/p>\n\n<\/div><\/div>\n\n<div class=\"gb-grid-column gb-grid-column-bdb1b3f6\"><div class=\"gb-container gb-container-bdb1b3f6\">\n\n<figure class=\"gb-block-image gb-block-image-129ad6ad\"><a href=\"https:\/\/aiartfree.online\/ro\/anime-ai-generator\/\" target=\"_blank\" rel=\"noopener noreferrer\"><img data-recalc-dims=\"1\" decoding=\"async\" loading=\"lazy\" width=\"1200\" height=\"718\" class=\"gb-image gb-image-129ad6ad\" src=\"https:\/\/i0.wp.com\/aiartfree.online\/wp-content\/uploads\/2024\/07\/WX20240719-123748%402x.jpg?resize=1200%2C718&#038;ssl=1\" alt=\"anime-ai-generator\/\" title=\"WX20240719-123748@2x\" srcset=\"https:\/\/i0.wp.com\/aiartfree.online\/wp-content\/uploads\/2024\/07\/WX20240719-123748%402x.jpg?w=1314&amp;ssl=1 1314w, https:\/\/i0.wp.com\/aiartfree.online\/wp-content\/uploads\/2024\/07\/WX20240719-123748%402x.jpg?resize=300%2C179&amp;ssl=1 300w, https:\/\/i0.wp.com\/aiartfree.online\/wp-content\/uploads\/2024\/07\/WX20240719-123748%402x.jpg?resize=1024%2C613&amp;ssl=1 1024w, https:\/\/i0.wp.com\/aiartfree.online\/wp-content\/uploads\/2024\/07\/WX20240719-123748%402x.jpg?resize=768%2C459&amp;ssl=1 768w, https:\/\/i0.wp.com\/aiartfree.online\/wp-content\/uploads\/2024\/07\/WX20240719-123748%402x.jpg?resize=18%2C12&amp;ssl=1 18w, https:\/\/i0.wp.com\/aiartfree.online\/wp-content\/uploads\/2024\/07\/WX20240719-123748%402x.jpg?resize=600%2C359&amp;ssl=1 600w\" sizes=\"auto, (max-width: 1200px) 100vw, 1200px\" \/><\/a><\/figure>\n\n\n\n<h3 class=\"gb-headline gb-headline-3dd3b4a8 gb-headline-text\">Anime AI Generator<\/h3>\n\n\n\n<p class=\"gb-headline gb-headline-9bb27b5a gb-headline-text\">Genera\u021bi art\u0103 anime vibrant\u0103 folosind Anime AI Generator, alimentat de algoritmi AI avansa\u021bi.<\/p>\n\n<\/div><\/div>\n\n<div class=\"gb-grid-column gb-grid-column-cd81c4c8\"><div class=\"gb-container gb-container-cd81c4c8\">\n\n<figure class=\"gb-block-image gb-block-image-420788f4\"><a href=\"https:\/\/aiartfree.online\/ro\/generator-de-desene-animate-ai\/\" target=\"_blank\" rel=\"noopener noreferrer\"><img data-recalc-dims=\"1\" decoding=\"async\" loading=\"lazy\" width=\"1200\" height=\"596\" class=\"gb-image gb-image-420788f4\" src=\"https:\/\/i0.wp.com\/aiartfree.online\/wp-content\/uploads\/2024\/07\/WX20240717-175407%402x-1-1-1-scaled.jpg?resize=1200%2C596&#038;ssl=1\" alt=\"Generator de desene animate AI\" title=\"WX20240717-175407@2x (1) (1) (1)\" srcset=\"https:\/\/i0.wp.com\/aiartfree.online\/wp-content\/uploads\/2024\/07\/WX20240717-175407%402x-1-1-1-scaled.jpg?w=2560&amp;ssl=1 2560w, https:\/\/i0.wp.com\/aiartfree.online\/wp-content\/uploads\/2024\/07\/WX20240717-175407%402x-1-1-1-scaled.jpg?resize=300%2C149&amp;ssl=1 300w, https:\/\/i0.wp.com\/aiartfree.online\/wp-content\/uploads\/2024\/07\/WX20240717-175407%402x-1-1-1-scaled.jpg?resize=1024%2C508&amp;ssl=1 1024w, https:\/\/i0.wp.com\/aiartfree.online\/wp-content\/uploads\/2024\/07\/WX20240717-175407%402x-1-1-1-scaled.jpg?resize=768%2C381&amp;ssl=1 768w, https:\/\/i0.wp.com\/aiartfree.online\/wp-content\/uploads\/2024\/07\/WX20240717-175407%402x-1-1-1-scaled.jpg?resize=1536%2C763&amp;ssl=1 1536w, https:\/\/i0.wp.com\/aiartfree.online\/wp-content\/uploads\/2024\/07\/WX20240717-175407%402x-1-1-1-scaled.jpg?resize=2048%2C1017&amp;ssl=1 2048w, https:\/\/i0.wp.com\/aiartfree.online\/wp-content\/uploads\/2024\/07\/WX20240717-175407%402x-1-1-1-scaled.jpg?resize=18%2C9&amp;ssl=1 18w, https:\/\/i0.wp.com\/aiartfree.online\/wp-content\/uploads\/2024\/07\/WX20240717-175407%402x-1-1-1-scaled.jpg?resize=600%2C298&amp;ssl=1 600w, https:\/\/i0.wp.com\/aiartfree.online\/wp-content\/uploads\/2024\/07\/WX20240717-175407%402x-1-1-1-scaled.jpg?w=2400&amp;ssl=1 2400w\" sizes=\"auto, (max-width: 1200px) 100vw, 1200px\" \/><\/a><\/figure>\n\n\n\n<h3 class=\"gb-headline gb-headline-3b87d18c gb-headline-text\">Generator de desene animate AI<\/h3>\n\n\n\n<p class=\"gb-headline gb-headline-51b4b755 gb-headline-text\">Converti\u021bi fotografii \u00een imagini \u00een stil anime folosind algoritmi avansa\u021bi de inteligen\u021b\u0103 artificial\u0103 \u0219i bucura\u021bi-v\u0103 de crearea de art\u0103 unic\u0103 generat\u0103 de inteligen\u021b\u0103 artificial\u0103.<\/p>\n\n<\/div><\/div>\n\n<div class=\"gb-grid-column gb-grid-column-b86d2319\"><div class=\"gb-container gb-container-b86d2319\">\n\n<figure class=\"gb-block-image gb-block-image-5898855b\"><a href=\"https:\/\/aiartfree.online\/ro\/generator-de-modele-ai-3d\/\" target=\"_blank\" rel=\"noopener noreferrer\"><img data-recalc-dims=\"1\" decoding=\"async\" loading=\"lazy\" width=\"1200\" height=\"787\" class=\"gb-image gb-image-5898855b\" src=\"https:\/\/i0.wp.com\/aiartfree.online\/wp-content\/uploads\/2024\/07\/WX20240719-153337%402x-1-1.jpg?resize=1200%2C787&#038;ssl=1\" alt=\"Generator de modele 2D la 3D\" title=\"WX20240719-153337@2x (1) (1)\" srcset=\"https:\/\/i0.wp.com\/aiartfree.online\/wp-content\/uploads\/2024\/07\/WX20240719-153337%402x-1-1.jpg?w=1768&amp;ssl=1 1768w, https:\/\/i0.wp.com\/aiartfree.online\/wp-content\/uploads\/2024\/07\/WX20240719-153337%402x-1-1.jpg?resize=300%2C197&amp;ssl=1 300w, https:\/\/i0.wp.com\/aiartfree.online\/wp-content\/uploads\/2024\/07\/WX20240719-153337%402x-1-1.jpg?resize=1024%2C672&amp;ssl=1 1024w, https:\/\/i0.wp.com\/aiartfree.online\/wp-content\/uploads\/2024\/07\/WX20240719-153337%402x-1-1.jpg?resize=768%2C504&amp;ssl=1 768w, https:\/\/i0.wp.com\/aiartfree.online\/wp-content\/uploads\/2024\/07\/WX20240719-153337%402x-1-1.jpg?resize=1536%2C1008&amp;ssl=1 1536w, https:\/\/i0.wp.com\/aiartfree.online\/wp-content\/uploads\/2024\/07\/WX20240719-153337%402x-1-1.jpg?resize=18%2C12&amp;ssl=1 18w, https:\/\/i0.wp.com\/aiartfree.online\/wp-content\/uploads\/2024\/07\/WX20240719-153337%402x-1-1.jpg?resize=600%2C394&amp;ssl=1 600w\" sizes=\"auto, (max-width: 1200px) 100vw, 1200px\" \/><\/a><\/figure>\n\n\n\n<h3 class=\"gb-headline gb-headline-d9fff2b4 gb-headline-text\">Generator de modele AI 3d<\/h3>\n\n\n\n<p class=\"gb-headline gb-headline-0faba709 gb-headline-text\">AI 3D Model Generator v\u0103 ajut\u0103 s\u0103 crea\u021bi modele 3D de ultim\u0103 genera\u021bie cu reglare fin\u0103 bazat\u0103 pe AI.<\/p>\n\n<\/div><\/div>\n\n<div class=\"gb-grid-column gb-grid-column-bb7fbb28\"><div class=\"gb-container gb-container-bb7fbb28\">\n\n<figure class=\"gb-block-image gb-block-image-b44f128d\"><a href=\"https:\/\/aiartfree.online\/ro\/generator-de-desene-ai\/\" target=\"_blank\" rel=\"noopener noreferrer\"><img data-recalc-dims=\"1\" decoding=\"async\" loading=\"lazy\" width=\"1200\" height=\"1200\" class=\"gb-image gb-image-b44f128d\" src=\"https:\/\/i0.wp.com\/aiartfree.online\/wp-content\/uploads\/2024\/07\/WX20240719-141958%402x.jpg?resize=1200%2C1200&#038;ssl=1\" alt=\"Ai-generator de desene\" title=\"WX20240719-141958@2x\" srcset=\"https:\/\/i0.wp.com\/aiartfree.online\/wp-content\/uploads\/2024\/07\/WX20240719-141958%402x.jpg?w=1414&amp;ssl=1 1414w, https:\/\/i0.wp.com\/aiartfree.online\/wp-content\/uploads\/2024\/07\/WX20240719-141958%402x.jpg?resize=300%2C300&amp;ssl=1 300w, https:\/\/i0.wp.com\/aiartfree.online\/wp-content\/uploads\/2024\/07\/WX20240719-141958%402x.jpg?resize=1024%2C1024&amp;ssl=1 1024w, https:\/\/i0.wp.com\/aiartfree.online\/wp-content\/uploads\/2024\/07\/WX20240719-141958%402x.jpg?resize=150%2C150&amp;ssl=1 150w, https:\/\/i0.wp.com\/aiartfree.online\/wp-content\/uploads\/2024\/07\/WX20240719-141958%402x.jpg?resize=768%2C768&amp;ssl=1 768w, https:\/\/i0.wp.com\/aiartfree.online\/wp-content\/uploads\/2024\/07\/WX20240719-141958%402x.jpg?resize=12%2C12&amp;ssl=1 12w, https:\/\/i0.wp.com\/aiartfree.online\/wp-content\/uploads\/2024\/07\/WX20240719-141958%402x.jpg?resize=600%2C600&amp;ssl=1 600w, https:\/\/i0.wp.com\/aiartfree.online\/wp-content\/uploads\/2024\/07\/WX20240719-141958%402x.jpg?resize=100%2C100&amp;ssl=1 100w\" sizes=\"auto, (max-width: 1200px) 100vw, 1200px\" \/><\/a><\/figure>\n\n\n\n<h3 class=\"gb-headline gb-headline-fc2626d2 gb-headline-text\">Generator de desene AI<\/h3>\n\n\n\n<p class=\"gb-headline gb-headline-83918771 gb-headline-text\">AI Drawing Generator transform\u0103 indica\u021biile text \u00een lucr\u0103ri de art\u0103 generate de AI cu ajutorul \u00eenv\u0103\u021b\u0103rii automate.<\/p>\n\n<\/div><\/div>\n<\/div>\n\n\n<div style=\"height:100px\" aria-hidden=\"true\" class=\"wp-block-spacer\"><\/div>\n\n\n\n<h2 class=\"wp-block-heading\" id=\"free-ai-art-generator-unlocking-the-power-of-artificial-intelligence-in-art\"><strong>Gratuit AI Art Generator: Deblocarea puterii inteligen\u021bei artificiale \u00een art\u0103<\/strong><\/h2>\n\n\n\n<h3 class=\"wp-block-heading\" id=\"outline\"><a href=\"https:\/\/dromerosm-groq-llama3.hf.space\/#outline\" target=\"_blank\" rel=\"noopener\"><\/a>Schi\u021b\u0103:<\/h3>\n\n\n\n<ul class=\"wp-block-list\">\n<li class=\"\">Ce este un generator gratuit de art\u0103 AI?<\/li>\n\n\n\n<li class=\"\">Importan\u021ba generatoarelor gratuite de art\u0103 AI<\/li>\n\n\n\n<li class=\"\">Beneficiile utiliz\u0103rii unui generator gratuit de art\u0103 AI<\/li>\n\n\n\n<li class=\"\">Scenarii potrivite pentru utilizarea unui generator gratuit de art\u0103 AI<\/li>\n\n\n\n<li class=\"\">Cine poate folosi un generator gratuit de art\u0103 AI?<\/li>\n\n\n\n<li class=\"\">Top 10 instrumente conexe \u0219i avantaje \u0219i dezavantaje<\/li>\n\n\n\n<li class=\"\">10 \u00centreb\u0103ri frecvente<\/li>\n<\/ul>\n\n\n\n<h3 class=\"wp-block-heading\" id=\"what-is-a-free-ai-art-generator\"><a href=\"https:\/\/dromerosm-groq-llama3.hf.space\/#what-is-a-free-ai-art-generator\" target=\"_blank\" rel=\"noopener\"><\/a><strong>Ce este un generator gratuit de art\u0103 AI?<\/strong><\/h3>\n\n\n\n<p class=\"\">Un generator de art\u0103 AI gratuit este un instrument online care utilizeaz\u0103 inteligen\u021ba artificial\u0103 (AI) pentru a genera opere de art\u0103 pe baza datelor introduse de utilizator, cum ar fi indica\u021bii text sau imagini. Aceste instrumente utilizeaz\u0103 algoritmi de \u00eenv\u0103\u021bare automat\u0103 \u0219i tehnici de inteligen\u021b\u0103 artificial\u0103 generativ\u0103, cum ar fi difuzia stabil\u0103, pentru a crea lucr\u0103ri de art\u0103 unice \u0219i vibrante.<\/p>\n\n\n\n<p class=\"\">Apari\u021bia generatoarelor de art\u0103 AI gratuite a democratizat lumea artei, f\u0103c\u00e2nd posibil\u0103 crearea de c\u0103tre oricine a unor opere de art\u0103 uimitoare, f\u0103r\u0103 a fi nevoie de aptitudini sau experien\u021b\u0103 artistic\u0103 extins\u0103.<\/p>\n\n\n\n<h3 class=\"wp-block-heading\" id=\"importance-of-free-ai-art-generators\"><a href=\"https:\/\/dromerosm-groq-llama3.hf.space\/#importance-of-free-ai-art-generators\" target=\"_blank\" rel=\"noopener\"><\/a><strong>Importan\u021ba generatoarelor gratuite de art\u0103 AI<\/strong><\/h3>\n\n\n\n<p class=\"\">Generatoarele gratuite de art\u0103 AI au devenit esen\u021biale pentru diverse industrii, inclusiv social media, publicitate \u0219i design. Acestea ofer\u0103 o serie de beneficii, inclusiv:<\/p>\n\n\n\n<ul class=\"wp-block-list\">\n<li class=\"\"><strong>Economie de timp<\/strong>: Generatoarele gratuite de art\u0103 AI pot produce lucr\u0103ri de art\u0103 de \u00eenalt\u0103 calitate \u00een c\u00e2teva minute, economisind utilizatorilor ore \u00eentregi de munc\u0103 manual\u0103.<\/li>\n\n\n\n<li class=\"\"><strong>Rentabil<\/strong>: Aceste instrumente elimin\u0103 necesitatea de a angaja arti\u0219ti umani sau de a achizi\u021biona software de proiectare costisitor.<\/li>\n\n\n\n<li class=\"\"><strong>Libertatea creativ\u0103<\/strong>: Generatoarele gratuite de art\u0103 AI ofer\u0103 utilizatorilor posibilitatea de a experimenta cu diferite stiluri, teme \u0219i idei, \u00eencuraj\u00e2nd creativitatea \u0219i inovarea.<\/li>\n<\/ul>\n\n\n\n<h3 class=\"wp-block-heading\" id=\"benefits-of-using-a-free-ai-art-generator\"><a href=\"https:\/\/dromerosm-groq-llama3.hf.space\/#benefits-of-using-a-free-ai-art-generator\" target=\"_blank\" rel=\"noopener\"><\/a><strong>Beneficiile utiliz\u0103rii unui generator gratuit de art\u0103 AI<\/strong><\/h3>\n\n\n\n<p class=\"\">Utilizarea unui generator gratuit de art\u0103 AI poate aduce numeroase beneficii, inclusiv:<\/p>\n\n\n\n<ul class=\"wp-block-list\">\n<li class=\"\"><strong>Lucr\u0103ri de art\u0103 de calitate profesional\u0103<\/strong>: Generatoarele de art\u0103 AI gratuite pot produce lucr\u0103ri de art\u0103 care rivalizeaz\u0103 cu cele ale arti\u0219tilor umani, oferind utilizatorilor un rezultat de calitate profesional\u0103 f\u0103r\u0103 a pl\u0103ti un pre\u021b ridicat.<\/li>\n\n\n\n<li class=\"\"><strong>Productivitate crescut\u0103<\/strong>: Datorit\u0103 capacit\u0103\u021bii de a genera lucr\u0103ri de art\u0103 rapid \u0219i eficient, utilizatorii se pot concentra pe alte aspecte ale proiectelor lor, \u00eembun\u0103t\u0103\u021bind productivitatea general\u0103.<\/li>\n\n\n\n<li class=\"\"><strong>Creativitate nelimitat\u0103<\/strong>: Generatoarele gratuite de art\u0103 AI ofer\u0103 o gam\u0103 larg\u0103 de posibilit\u0103\u021bi creative, permi\u021b\u00e2nd utilizatorilor s\u0103 experimenteze cu diferite stiluri, teme \u0219i idei.<\/li>\n<\/ul>\n\n\n\n<h3 class=\"wp-block-heading\" id=\"suitable-scenarios-for-using-a-free-ai-art-generator\"><a href=\"https:\/\/dromerosm-groq-llama3.hf.space\/#suitable-scenarios-for-using-a-free-ai-art-generator\" target=\"_blank\" rel=\"noopener\"><\/a><strong>Scenarii potrivite pentru utilizarea unui generator gratuit de art\u0103 AI<\/strong><\/h3>\n\n\n\n<p class=\"\">Generatoarele gratuite de art\u0103 AI sunt potrivite pentru diverse scenarii, inclusiv:<\/p>\n\n\n\n<ul class=\"wp-block-list\">\n<li class=\"\"><strong>Crearea de con\u021binut social media<\/strong>: Crea\u021bi cu u\u0219urin\u021b\u0103 post\u0103ri, bannere \u0219i anun\u021buri atr\u0103g\u0103toare pentru social media.<\/li>\n\n\n\n<li class=\"\"><strong>Publicitate \u0219i marketing<\/strong>: Utiliza\u021bi generatoare de art\u0103 AI gratuite pentru a crea reclame, pliante \u0219i materiale promo\u021bionale uimitoare.<\/li>\n\n\n\n<li class=\"\"><strong>Proiecte de design \u0219i art\u0103<\/strong>: Experimenta\u021bi cu diferite stiluri \u0219i teme pentru a crea lucr\u0103ri de art\u0103, ilustra\u021bii \u0219i desene unice.<\/li>\n<\/ul>\n\n\n\n<h3 class=\"wp-block-heading\" id=\"who-can-use-a-free-ai-art-generator\"><a href=\"https:\/\/dromerosm-groq-llama3.hf.space\/#who-can-use-a-free-ai-art-generator\" target=\"_blank\" rel=\"noopener\"><\/a><strong>Cine poate folosi un generator gratuit de art\u0103 AI?<\/strong><\/h3>\n\n\n\n<p class=\"\">Oricine poate utiliza un generator gratuit de art\u0103 AI, indiferent de abilit\u0103\u021bile sau experien\u021ba sa artistic\u0103. Aceste instrumente sunt perfecte pentru:<\/p>\n\n\n\n<ul class=\"wp-block-list\">\n<li class=\"\"><strong>Profesioni\u0219ti \u00een marketing<\/strong>: Crea\u021bi cu u\u0219urin\u021b\u0103 con\u021binut \u0219i reclame atractive pentru social media.<\/li>\n\n\n\n<li class=\"\"><strong>Designeri \u0219i arti\u0219ti<\/strong>: Experimenta\u021bi cu noi stiluri \u0219i teme sau folosi\u021bi generatoare gratuite de art\u0103 AI ca punct de plecare pentru proiectele lor.<\/li>\n\n\n\n<li class=\"\"><strong>Proprietari de \u00eentreprinderi mici<\/strong>: Produce\u021bi lucr\u0103ri de art\u0103 de calitate profesional\u0103 f\u0103r\u0103 s\u0103 cheltui\u021bi prea mult.<\/li>\n<\/ul>\n\n\n\n<h3 class=\"wp-block-heading\" id=\"top-10-related-tools-and-pros-cons\"><a href=\"https:\/\/dromerosm-groq-llama3.hf.space\/#top-10-related-tools-and-pros-cons\" target=\"_blank\" rel=\"noopener\"><\/a><strong>Top 10 instrumente conexe \u0219i avantaje \u0219i dezavantaje<\/strong><\/h3>\n\n\n\n<p class=\"\">Aici sunt primele 10 instrumente legate de generatoarele gratuite de art\u0103 AI, \u00eempreun\u0103 cu avantajele \u0219i dezavantajele lor:<\/p>\n\n\n\n<figure class=\"wp-block-table\"><table class=\"has-fixed-layout\"><thead><tr><th>Instrument<\/th><th>Avantaje<\/th><th>Contra<\/th><\/tr><\/thead><tbody><tr><td><a href=\"https:\/\/aiartfree.online\/ro\/generator-gratuit-de-arta-ai\/\" target=\"_blank\" rel=\"noreferrer noopener\">AI Art Gratuit Online<\/a><\/td><td>Interfa\u021b\u0103 u\u0219or de utilizat, ie\u0219ire de \u00eenalt\u0103 calitate<\/td><td>Op\u021biuni de personalizare limitate<\/td><\/tr><tr><td>Generator de vis profund<\/td><td>Lucr\u0103ri de art\u0103 unice, onirice<\/td><td>Control limitat asupra produc\u021biei<\/td><\/tr><tr><td>Prisma<\/td><td>Converte\u0219te fotografiile \u00een lucr\u0103ri de art\u0103 \u00een diferite stiluri<\/td><td>Op\u021biuni de personalizare limitate<\/td><\/tr><tr><td>Artbreeder<\/td><td>Crea\u021bie interactiv\u0103, orientat\u0103 c\u0103tre utilizator, a lucr\u0103rilor de art\u0103<\/td><td>Curb\u0103 de \u00eenv\u0103\u021bare abrupt\u0103<\/td><\/tr><tr><td>Dreamscope<\/td><td>Generator de lucr\u0103ri de art\u0103 cu AI cu diferite stiluri<\/td><td>Control limitat asupra produc\u021biei<\/td><\/tr><tr><td>AI Painter<\/td><td>Creeaz\u0103 lucr\u0103ri de art\u0103 realiste \u00een stilul picturii \u00een ulei<\/td><td>Op\u021biuni de personalizare limitate<\/td><\/tr><tr><td>Portrete AI<\/td><td>Converte\u0219te fotografiile \u00een portrete generate de AI<\/td><td>Control limitat asupra produc\u021biei<\/td><\/tr><tr><td>MyDeepArt<\/td><td>Interfa\u021b\u0103 u\u0219or de utilizat, ie\u0219ire de \u00eenalt\u0103 calitate<\/td><td>Op\u021biuni de personalizare limitate<\/td><\/tr><tr><td>AI Art Maker<\/td><td>Creeaz\u0103 lucr\u0103ri de art\u0103 unice, abstracte<\/td><td>Control limitat asupra produc\u021biei<\/td><\/tr><tr><td>PaintsChainer<\/td><td>Generator de pictur\u0103 cu inteligen\u021b\u0103 artificial\u0103 cu diferite stiluri<\/td><td>Curb\u0103 de \u00eenv\u0103\u021bare abrupt\u0103<\/td><\/tr><\/tbody><\/table><\/figure>\n\n\n\n<h3 class=\"wp-block-heading\" id=\"10-faqs\"><a href=\"https:\/\/dromerosm-groq-llama3.hf.space\/#10-faqs\" target=\"_blank\" rel=\"noopener\"><\/a><strong>10 \u00centreb\u0103ri frecvente<\/strong><\/h3>\n\n\n\n<p class=\"\">Aici sunt primele 10 \u00eentreb\u0103ri frecvente despre generatoarele gratuite de art\u0103 AI:<\/p>\n\n\n\n<ol class=\"wp-block-list\">\n<li class=\"\"><strong>Ce este un generator gratuit de art\u0103 AI?<\/strong>\u00a0Un generator de art\u0103 AI gratuit este un instrument online care utilizeaz\u0103 inteligen\u021ba artificial\u0103 pentru a genera lucr\u0103ri de art\u0103 pe baza datelor introduse de utilizator.<\/li>\n\n\n\n<li class=\"\"><strong>Cum func\u021bioneaz\u0103 generatoarele gratuite de art\u0103 AI?<\/strong>\u00a0Generatoarele de art\u0103 AI gratuite utilizeaz\u0103 algoritmi de \u00eenv\u0103\u021bare automat\u0103 \u0219i tehnici AI generative pentru a crea opere de art\u0103 unice pe baza datelor introduse de utilizator.<\/li>\n\n\n\n<li class=\"\"><strong>Care sunt avantajele utiliz\u0103rii unui generator gratuit de art\u0103 AI?<\/strong>\u00a0Generatoarele gratuite de art\u0103 AI ofer\u0103 beneficii de economisire a timpului, rentabilitate \u0219i libertate creativ\u0103.<\/li>\n\n\n\n<li class=\"\"><strong>Poate cineva s\u0103 foloseasc\u0103 un generator gratuit de art\u0103 AI?<\/strong>\u00a0Da, oricine poate utiliza un generator gratuit de art\u0103 AI, indiferent de abilit\u0103\u021bile sau experien\u021ba sa artistic\u0103.<\/li>\n\n\n\n<li class=\"\"><strong>Care sunt scenariile potrivite pentru utilizarea unui generator gratuit de art\u0103 AI?<\/strong>\u00a0Generatoarele de art\u0103 AI gratuite sunt potrivite pentru crearea de con\u021binut social media, publicitate, design \u0219i proiecte artistice.<\/li>\n\n\n\n<li class=\"\"><strong>Cum folosesc un generator gratuit de art\u0103 AI?<\/strong>\u00a0Pur \u0219i simplu introduce\u021bi textul sau imaginea dvs., iar instrumentul va genera o lucrare de art\u0103 unic\u0103.<\/li>\n\n\n\n<li class=\"\"><strong>Care este calitatea lucr\u0103rilor de art\u0103 generate de generatoarele gratuite de art\u0103 AI?<\/strong>\u00a0Generatoarele de art\u0103 AI gratuite pot produce lucr\u0103ri de art\u0103 de calitate profesional\u0103 care rivalizeaz\u0103 cu cele ale arti\u0219tilor umani.<\/li>\n\n\n\n<li class=\"\"><strong>Pot personaliza rezultatul unui generator gratuit de art\u0103 AI?<\/strong>\u00a0Unele generatoare gratuite de AI art ofer\u0103 op\u021biuni limitate de personalizare, \u00een timp ce altele ofer\u0103 controale mai avansate.<\/li>\n\n\n\n<li class=\"\"><strong>Sunt generatoarele gratuite de art\u0103 AI u\u0219or de utilizat?<\/strong>\u00a0Da, majoritatea generatoarelor gratuite de art\u0103 AI au interfe\u021be u\u0219or de utilizat, care faciliteaz\u0103 generarea lucr\u0103rilor de art\u0103.<\/li>\n\n\n\n<li class=\"\"><strong>Este gratuit\u0103 utilizarea generatoarelor de art\u0103 AI?<\/strong>\u00a0Da, majoritatea generatoarelor gratuite de art\u0103 AI sunt gratuite, unele oferind func\u021bii premium sau abonamente.<\/li>\n<\/ol>","protected":false},"excerpt":{"rendered":"<p>Generate stunning AI-generated artwork with state-of-the-art, free AI art tools. Free AI Art Generator: Unlocking the Power of Artificial Intelligence in Art Outline: What is a Free AI Art Generator? A free AI art generator is an online tool that uses artificial intelligence (AI) to generate artwork based on user input, such as text prompts &#8230; <a title=\"Generator gratuit de art\u0103 AI\" class=\"read-more\" href=\"https:\/\/aiartfree.online\/ro\/generator-gratuit-de-arta-ai\/\" aria-label=\"Cite\u0219te mai multe despre Free AI Art Generator\">Cite\u0219te mai mult<\/a><\/p>","protected":false},"author":1,"featured_media":0,"parent":0,"menu_order":0,"comment_status":"closed","ping_status":"closed","template":"","meta":{"nf_dc_page":"","footnotes":""},"class_list":["post-3117","page","type-page","status-publish"],"jetpack_sharing_enabled":true,"_links":{"self":[{"href":"https:\/\/aiartfree.online\/ro\/wp-json\/wp\/v2\/pages\/3117","targetHints":{"allow":["GET"]}}],"collection":[{"href":"https:\/\/aiartfree.online\/ro\/wp-json\/wp\/v2\/pages"}],"about":[{"href":"https:\/\/aiartfree.online\/ro\/wp-json\/wp\/v2\/types\/page"}],"author":[{"embeddable":true,"href":"https:\/\/aiartfree.online\/ro\/wp-json\/wp\/v2\/users\/1"}],"replies":[{"embeddable":true,"href":"https:\/\/aiartfree.online\/ro\/wp-json\/wp\/v2\/comments?post=3117"}],"version-history":[{"count":0,"href":"https:\/\/aiartfree.online\/ro\/wp-json\/wp\/v2\/pages\/3117\/revisions"}],"wp:attachment":[{"href":"https:\/\/aiartfree.online\/ro\/wp-json\/wp\/v2\/media?parent=3117"}],"curies":[{"name":"wp","href":"https:\/\/api.w.org\/{rel}","templated":true}]}}