{"id":2993,"date":"2024-07-19T18:13:29","date_gmt":"2024-07-19T18:13:29","guid":{"rendered":"https:\/\/aiartfree.online\/?page_id=2993"},"modified":"2025-03-07T08:22:54","modified_gmt":"2025-03-07T08:22:54","slug":"ai-video-generator","status":"publish","type":"page","link":"https:\/\/aiartfree.online\/ro\/generator-video-ai\/","title":{"rendered":"Generator video AI"},"content":{"rendered":"<h2 class=\"wp-block-heading has-text-align-center\">Ce au f\u0103cut al\u021bi utilizatori cu AI Video Generator<\/h2>\n\n\n\n<p class=\"has-text-align-center\">Prompt: 1 fat\u0103, f\u0103r\u0103 umeri, z\u00e2mbet u\u0219or, piele str\u0103lucitoare, cea mai bun\u0103 calitate, capodoper\u0103, fotorealistic, \u00eentoarcere<\/p>\n\n\n\n<figure class=\"gb-block-image gb-block-image-1822da1f\"><img data-recalc-dims=\"1\" decoding=\"async\" loading=\"lazy\" width=\"512\" height=\"512\" class=\"gb-image gb-image-1822da1f\" src=\"https:\/\/i0.wp.com\/aiartfree.online\/wp-content\/uploads\/2024\/08\/ezgif-3-82e27c0ca1.gif?resize=512%2C512&#038;ssl=1\" alt=\"Crea\u021bi videoclipuri uimitoare f\u0103r\u0103 efort cu AI Video Generator. Bucura\u021bi-v\u0103 de 100% utilizare gratuit\u0103, nelimitat\u0103, f\u0103r\u0103 \u00eenscriere. Perfect pentru creatorii de con\u021binut, agen\u021bii de marketing \u0219i educatorii care doresc o produc\u021bie video de \u00eenalt\u0103 calitate, bazat\u0103 pe AI.\" title=\"ezgif-3-82e27c0ca1\"\/><\/figure>\n\n\n\n<h2 class=\"wp-block-heading\">3 pa\u0219i pentru a utiliza AI Video Generator<\/h2>\n\n\n\n<ol class=\"wp-block-list\">\n<li class=\"\">Introduce\u021bi promptul dvs.<\/li>\n\n\n\n<li class=\"\">Face\u021bi clic pe \"Animare\"<\/li>\n\n\n\n<li class=\"\">Stai, asta este!<\/li>\n<\/ol>\n\n\n\n<figure class=\"gb-block-image gb-block-image-4dfafe81\"><a href=\"https:\/\/fas.st\/t\/XmtmoHSk\" target=\"_blank\" rel=\"noopener noreferrer\"><img data-recalc-dims=\"1\" decoding=\"async\" loading=\"lazy\" width=\"1200\" height=\"368\" class=\"gb-image gb-image-4dfafe81\" src=\"https:\/\/i0.wp.com\/aiartfree.online\/wp-content\/uploads\/2025\/03\/WX20250307-114300%402x.webp?resize=1200%2C368&#038;ssl=1\" alt=\"\" title=\"WX20250307-114300@2x\" srcset=\"https:\/\/i0.wp.com\/aiartfree.online\/wp-content\/uploads\/2025\/03\/WX20250307-114300%402x.webp?w=1900&amp;ssl=1 1900w, https:\/\/i0.wp.com\/aiartfree.online\/wp-content\/uploads\/2025\/03\/WX20250307-114300%402x.webp?resize=300%2C92&amp;ssl=1 300w, https:\/\/i0.wp.com\/aiartfree.online\/wp-content\/uploads\/2025\/03\/WX20250307-114300%402x.webp?resize=1024%2C314&amp;ssl=1 1024w, https:\/\/i0.wp.com\/aiartfree.online\/wp-content\/uploads\/2025\/03\/WX20250307-114300%402x.webp?resize=768%2C235&amp;ssl=1 768w, https:\/\/i0.wp.com\/aiartfree.online\/wp-content\/uploads\/2025\/03\/WX20250307-114300%402x.webp?resize=1536%2C471&amp;ssl=1 1536w, https:\/\/i0.wp.com\/aiartfree.online\/wp-content\/uploads\/2025\/03\/WX20250307-114300%402x.webp?resize=18%2C6&amp;ssl=1 18w, https:\/\/i0.wp.com\/aiartfree.online\/wp-content\/uploads\/2025\/03\/WX20250307-114300%402x.webp?resize=600%2C184&amp;ssl=1 600w\" sizes=\"auto, (max-width: 1200px) 100vw, 1200px\" \/><\/a><\/figure>\n\n\n\n<p class=\"\"><em>* \u00cen func\u021bie de viteza internetului dvs., \u00eenc\u0103rcarea modelului poate dura <\/em>p\u00e2n\u0103 la 10 secunde \u2193<\/p>\n\n\n\n<div class=\"iframe-wrapper\" style=\"position: relative; width: 100%; height: 2300px;\">\n  <div class=\"loading\" style=\"position: absolute; top: 50px; left: 50%; transform: translate(-50%, -50%); width: 40px; height: 40px; border: 3px solid #f0f0f0; border-top: 3px solid #db7093; border-radius: 50%; animation: spin 1s linear infinite;\"><\/div>\n  <iframe loading=\"lazy\" src=\"https:\/\/guoyww-animatediff.hf.space\" frameborder=\"0\" width=\"100%\" height=\"100%\" style=\"position: absolute; top: 0; left: 0; opacity: 0; transition: opacity 0.3s;\" onload=\"this.style.opacity=1;this.previousElementSibling.style.display='none';\"><\/iframe>\n<\/div>\n\n<style>\n@keyframes spin {\n  0% { transform: translate(-50%, -50%) rotate(0deg); }\n  100% { transform: translate(-50%, -50%) rotate(360deg); }\n}\n<\/style>\n\n\n\n<div style=\"height:50px\" aria-hidden=\"true\" class=\"wp-block-spacer\"><\/div>\n\n\n\n<h2 class=\"wp-block-heading\">Introducere \u00een AI Video Generator<\/h2>\n\n\n\n<p class=\"\">\u00cen peisajul digital modern, generatoarele video AI revolu\u021bioneaz\u0103 crearea de con\u021binut. Aceste instrumente avansate valorific\u0103 puterea inteligen\u021bei artificiale pentru a simplifica \u0219i \u00eembun\u0103t\u0103\u021bi produc\u021bia video, f\u0103c\u00e2nd-o accesibil\u0103 unui public mai larg. \u00cen acest articol, vom explora conceptul de generatoare video AI, importan\u021ba acestora \u0219i aplica\u021biile lor \u00een diverse industrii. De asemenea, vom oferi o prezentare cuprinz\u0103toare a celor mai bune instrumente disponibile, cu un accent special pe generatorul video AI cel mai bine cotat, <a href=\"https:\/\/aiartfree.online\/ro\/generator-video-ai\/\">AI Art Gratuit<\/a>.<\/p>\n\n\n\n<figure class=\"gb-block-image gb-block-image-94da07aa\"><img data-recalc-dims=\"1\" decoding=\"async\" loading=\"lazy\" width=\"300\" height=\"170\" class=\"gb-image gb-image-94da07aa\" src=\"https:\/\/i0.wp.com\/aiartfree.online\/wp-content\/uploads\/2024\/07\/WX20240720-101347%402x.jpg?resize=300%2C170&#038;ssl=1\" alt=\"Un generator video AI este o aplica\u021bie software sofisticat\u0103 care utilizeaz\u0103 inteligen\u021ba artificial\u0103 pentru a crea automat videoclipuri. Aceste instrumente pot transforma mesaje text, imagini sau chiar \u00eenregistr\u0103ri video brute \u00een clipuri video perfec\u021bionate, de calitate profesional\u0103. Ele \u00eencorporeaz\u0103 diverse tehnologii AI, cum ar fi procesarea limbajului natural (NLP), viziunea computerizat\u0103 \u0219i \u00eenv\u0103\u021barea automat\u0103 pentru a analiza \u0219i interpreta datele de intrare, gener\u00e2nd con\u021binut care este at\u00e2t captivant, c\u00e2t \u0219i atractiv din punct de vedere vizual.\" title=\"WX20240720-101347@2x\" srcset=\"https:\/\/i0.wp.com\/aiartfree.online\/wp-content\/uploads\/2024\/07\/WX20240720-101347%402x.jpg?resize=300%2C170&amp;ssl=1 300w, https:\/\/i0.wp.com\/aiartfree.online\/wp-content\/uploads\/2024\/07\/WX20240720-101347%402x.jpg?resize=1024%2C579&amp;ssl=1 1024w, https:\/\/i0.wp.com\/aiartfree.online\/wp-content\/uploads\/2024\/07\/WX20240720-101347%402x.jpg?resize=768%2C434&amp;ssl=1 768w, https:\/\/i0.wp.com\/aiartfree.online\/wp-content\/uploads\/2024\/07\/WX20240720-101347%402x.jpg?resize=18%2C10&amp;ssl=1 18w, https:\/\/i0.wp.com\/aiartfree.online\/wp-content\/uploads\/2024\/07\/WX20240720-101347%402x.jpg?resize=600%2C339&amp;ssl=1 600w, https:\/\/i0.wp.com\/aiartfree.online\/wp-content\/uploads\/2024\/07\/WX20240720-101347%402x.jpg?w=1030&amp;ssl=1 1030w\" sizes=\"auto, (max-width: 300px) 100vw, 300px\" \/><\/figure>\n\n\n\n<h3 class=\"wp-block-heading\">Tabla de con\u021binut<\/h3>\n\n\n\n<ol class=\"wp-block-list\">\n<li class=\"\"><a href=\"#what-is-an-ai-video-generator\">Ce este un generator video AI?<\/a><\/li>\n\n\n\n<li class=\"\"><a href=\"#why-use-an-ai-video-generator\">De ce s\u0103 folosi\u021bi un generator video AI?<\/a><\/li>\n\n\n\n<li class=\"\"><a href=\"#suitable-industries-and-people\">Industrii \u0219i persoane adecvate<\/a><\/li>\n\n\n\n<li class=\"\"><a href=\"#related-tools-and-information\">Instrumente \u0219i informa\u021bii conexe<\/a><\/li>\n\n\n\n<li class=\"\"><a href=\"#frequently-asked-questions-faq\">\u00centreb\u0103ri frecvente (FAQ)<\/a><\/li>\n<\/ol>\n\n\n\n<h3 class=\"wp-block-heading\">Ce este un generator video AI?<\/h3>\n\n\n\n<p class=\"\">Un generator video AI este o aplica\u021bie software sofisticat\u0103 care utilizeaz\u0103 inteligen\u021ba artificial\u0103 pentru a crea automat videoclipuri. Aceste instrumente pot transforma mesaje text, imagini sau chiar \u00eenregistr\u0103ri video brute \u00een clipuri video perfec\u021bionate, de calitate profesional\u0103. Ele \u00eencorporeaz\u0103 diverse tehnologii AI, cum ar fi procesarea limbajului natural (NLP), viziunea computerizat\u0103 \u0219i \u00eenv\u0103\u021barea automat\u0103 pentru a analiza \u0219i interpreta datele de intrare, gener\u00e2nd con\u021binut care este at\u00e2t captivant, c\u00e2t \u0219i atractiv din punct de vedere vizual.<\/p>\n\n\n\n<h3 class=\"wp-block-heading\">De ce s\u0103 folosi\u021bi un generator video AI?<\/h3>\n\n\n\n<p class=\"\">Generatoarele video AI ofer\u0103 numeroase avantaje care le fac indispensabile \u00een domeniul produc\u021biei video:<\/p>\n\n\n\n<ul class=\"wp-block-list\">\n<li class=\"\"><strong>Eficien\u021b\u0103<\/strong>: Aceste instrumente reduc semnificativ timpul \u0219i efortul necesare pentru crearea videoclipurilor, permi\u021b\u00e2nd cicluri de produc\u021bie rapide.<\/li>\n\n\n\n<li class=\"\"><strong>Cost-eficiente<\/strong>: Prin automatizarea multor aspecte ale crea\u021biei video, generatoarele video AI pot reduce costurile de produc\u021bie, f\u0103c\u00e2nd con\u021binutul video de \u00eenalt\u0103 calitate accesibil \u00eentreprinderilor \u0219i persoanelor fizice cu bugete limitate.<\/li>\n\n\n\n<li class=\"\"><strong>Consisten\u021b\u0103<\/strong>: AI asigur\u0103 uniformitatea stilului \u0219i calit\u0103\u021bii, men\u021bin\u00e2nd consecven\u021ba m\u0103rcii \u00een tot con\u021binutul video.<\/li>\n\n\n\n<li class=\"\"><strong>Accesibilitate<\/strong>: Chiar \u0219i cei cu pu\u021bin\u0103 sau deloc experien\u021b\u0103 \u00een editarea video pot produce videoclipuri de calitate profesional\u0103, democratiz\u00e2nd crearea de con\u021binut.<\/li>\n\n\n\n<li class=\"\"><strong>Personalizare<\/strong>: Generatoarele video cu inteligen\u021b\u0103 artificial\u0103 permit personalizarea u\u0219oar\u0103, permi\u021b\u00e2nd creatorilor s\u0103 adapteze videoclipurile la audien\u021be sau campanii de marketing specifice.<\/li>\n<\/ul>\n\n\n\n<h3 class=\"wp-block-heading\">Industrii \u0219i persoane adecvate<\/h3>\n\n\n\n<p class=\"\">Generatoarele video AI sunt instrumente versatile de care pot beneficia o gam\u0103 larg\u0103 de utilizatori din diverse industrii:<\/p>\n\n\n\n<ul class=\"wp-block-list\">\n<li class=\"\"><strong>Profesioni\u0219ti \u00een marketing<\/strong>: Pentru crearea de videoclipuri promo\u021bionale captivante, reclame \u0219i con\u021binut social media.<\/li>\n\n\n\n<li class=\"\"><strong>Educatori \u0219i formatori<\/strong>: Pentru dezvoltarea de videoclipuri instructive, tutoriale \u0219i con\u021binut e-learning.<\/li>\n\n\n\n<li class=\"\"><strong>Creatori de con\u021binut \u0219i influen\u021batori<\/strong>: Pentru a produce videoclipuri YouTube de \u00eenalt\u0103 calitate, vloguri \u0219i alt con\u021binut social media.<\/li>\n\n\n\n<li class=\"\"><strong>\u00centreprinderi<\/strong>: Pentru comunic\u0103ri corporative, demonstra\u021bii de produse \u0219i videoclipuri de instruire intern\u0103.<\/li>\n\n\n\n<li class=\"\"><strong>Film \u0219i produc\u021bie media<\/strong>: Pentru eficientizarea procesului de post-produc\u021bie \u0219i generarea de efecte speciale sau secven\u021be animate.<\/li>\n<\/ul>\n\n\n\n<h3 class=\"wp-block-heading\">Instrumente \u0219i informa\u021bii conexe<\/h3>\n\n\n\n<p class=\"\">Mai jos este prezentat un tabel care rezum\u0103 10 instrumente conexe de generare video cu inteligen\u021b\u0103 artificial\u0103, oferind o scurt\u0103 prezentare general\u0103 a fiec\u0103ruia \u00eempreun\u0103 cu avantajele, dezavantajele, avantajele, provoc\u0103rile \u0219i recomand\u0103rile lor.<\/p>\n\n\n\n<figure class=\"wp-block-table\"><table class=\"has-fixed-layout\"><thead><tr><th>Nume instrument<\/th><th>URL<\/th><th>Rezumat<\/th><th>Avantaje<\/th><th>Contra<\/th><th>Avantaje<\/th><th>Provoc\u0103ri<\/th><th>Recomand\u0103ri<\/th><\/tr><\/thead><tbody><tr><td><strong>Pictorial<\/strong><\/td><td><a href=\"https:\/\/pictory.ai\" target=\"_blank\" rel=\"noopener\">Pictorial<\/a><\/td><td>Crearea de videoclipuri din text pe baza inteligen\u021bei artificiale<\/td><td>U\u0219or de utilizat, rapid<\/td><td>Personalizare limitat\u0103<\/td><td>Generare video rapid\u0103<\/td><td>Curba de \u00eenv\u0103\u021bare<\/td><td>Cel mai bun pentru \u00eencep\u0103tori<\/td><\/tr><tr><td><strong>Animoto<\/strong><\/td><td><a href=\"https:\/\/animoto.com\" target=\"_blank\" rel=\"noopener\">Animoto<\/a><\/td><td>Creator video simplu drag-and-drop<\/td><td>U\u0219or de utilizat, \u0218abloane<\/td><td>Mai pu\u021bin control asupra detaliilor<\/td><td>\u0218abloane care economisesc timp<\/td><td>Caracteristici de baz\u0103<\/td><td>Excelent pentru proiecte simple<\/td><\/tr><tr><td><strong>Synthesia<\/strong><\/td><td><a href=\"https:\/\/synthesia.io\" target=\"_blank\" rel=\"noopener\">Synthesia<\/a><\/td><td>Crea\u021bie video AI cu avatare<\/td><td>Avatars realiste, Multilingv<\/td><td>Cost mai ridicat<\/td><td>Avatari personalizabile<\/td><td>Necesit\u0103 scripting<\/td><td>Ideal pentru videoclipuri corporative<\/td><\/tr><tr><td><strong>Lumen5<\/strong><\/td><td><a href=\"https:\/\/lumen5.com\" target=\"_blank\" rel=\"noopener\">Lumen5<\/a><\/td><td>Crearea de videoclipuri din articole cu ajutorul inteligen\u021bei artificiale<\/td><td>Se integreaz\u0103 cu bloguri, rapid<\/td><td>Filigran pe versiunea gratuit\u0103<\/td><td>Automatizarea cre\u0103rii de con\u021binut<\/td><td>Op\u021biuni gratuite limitate<\/td><td>Cel mai bun pentru bloggeri<\/td><\/tr><tr><td><strong>Magisto<\/strong><\/td><td><a href=\"https:\/\/magisto.com\" target=\"_blank\" rel=\"noopener\">Magisto<\/a><\/td><td>Editor video inteligent cu AI<\/td><td>Editare inteligent\u0103, Bibliotec\u0103 muzical\u0103<\/td><td>Abonament necesar<\/td><td>Editare automatizat\u0103<\/td><td>Control manual limitat<\/td><td>Excelent pentru social media<\/td><\/tr><tr><td><strong>Wibbitz<\/strong><\/td><td><a href=\"https:\/\/wibbitz.com\" target=\"_blank\" rel=\"noopener\">Wibbitz<\/a><\/td><td>Platform\u0103 de creare video pentru echipe<\/td><td>Colaborativ, rapid<\/td><td>Scumpe<\/td><td>Colaborarea \u00een echip\u0103<\/td><td>Curb\u0103 de \u00eenv\u0103\u021bare abrupt\u0103<\/td><td>Cel mai bun pentru echipele de marketing<\/td><\/tr><tr><td><strong>FlexClip<\/strong><\/td><td><a href=\"https:\/\/flexclip.com\" target=\"_blank\" rel=\"noopener\">FlexClip<\/a><\/td><td>Creator video online cu \u0219abloane<\/td><td>U\u0219or de utilizat, \u0218abloane<\/td><td>Func\u021bii avansate limitate<\/td><td>U\u0219or de utilizat<\/td><td>Caracteristici de baz\u0103<\/td><td>Bun pentru edit\u0103ri rapide<\/td><\/tr><tr><td><strong>\u00cenVideo<\/strong><\/td><td><a href=\"https:\/\/invideo.io\" target=\"_blank\" rel=\"noopener\">\u00cenVideo<\/a><\/td><td>Editor video online cu AI<\/td><td>Bibliotec\u0103 media extins\u0103, \u0218abloane<\/td><td>Filigran pe versiunea gratuit\u0103<\/td><td>Op\u021biuni media bogate<\/td><td>Costuri de abonament<\/td><td>Cel mai bun pentru marketeri<\/td><\/tr><tr><td><strong>Designs.ai<\/strong><\/td><td><a href=\"https:\/\/designs.ai\" target=\"_blank\" rel=\"noopener\">Designs.ai<\/a><\/td><td>Instrumente creative bazate pe inteligen\u021b\u0103 artificial\u0103<\/td><td>Versatil, rapid<\/td><td>Abonament necesar<\/td><td>Instrumente creative multiple<\/td><td>Necesit\u0103 internet<\/td><td>Ideal pentru creatorii de con\u021binut<\/td><\/tr><tr><td><strong>DeepBrain<\/strong><\/td><td><a href=\"https:\/\/deepbrain.io\" target=\"_blank\" rel=\"noopener\">DeepBrain<\/a><\/td><td>Generator video AI cu \u00eenv\u0103\u021bare profund\u0103<\/td><td>De \u00eenalt\u0103 calitate, personalizabile<\/td><td>Interfa\u021b\u0103 complex\u0103<\/td><td>Produc\u021bie de \u00eenalt\u0103 calitate<\/td><td>Necesit\u0103 formare<\/td><td>Cel mai bun pentru utilizatorii avansa\u021bi<\/td><\/tr><\/tbody><\/table><\/figure>\n\n\n\n<h3 class=\"wp-block-heading\">\u00centreb\u0103ri frecvente (FAQ)<\/h3>\n\n\n\n<ol class=\"wp-block-list\">\n<li class=\"\"><strong>Ce este un generator video AI?<\/strong>\n<ul class=\"wp-block-list\">\n<li class=\"\">Un generator video cu inteligen\u021b\u0103 artificial\u0103 este un instrument care utilizeaz\u0103 inteligen\u021ba artificial\u0103 pentru a crea videoclipuri \u00een mod automat, pornind de la diverse date de intrare, cum ar fi text, imagini sau film\u0103ri brute.<\/li>\n<\/ul>\n<\/li>\n\n\n\n<li class=\"\"><strong>Cum func\u021bioneaz\u0103 un generator video AI?<\/strong>\n<ul class=\"wp-block-list\">\n<li class=\"\">Acesta utilizeaz\u0103 tehnologii AI precum procesarea limbajului natural \u0219i viziunea computerizat\u0103 pentru a interpreta datele de intrare \u0219i a genera con\u021binut video.<\/li>\n<\/ul>\n<\/li>\n\n\n\n<li class=\"\"><strong>Care sunt beneficiile utiliz\u0103rii unui generator video AI?<\/strong>\n<ul class=\"wp-block-list\">\n<li class=\"\">Beneficiile includ cre\u0219terea eficien\u021bei, reducerea costurilor, calitate constant\u0103, accesibilitate \u0219i personalizare u\u0219oar\u0103.<\/li>\n<\/ul>\n<\/li>\n\n\n\n<li class=\"\"><strong>Cine poate beneficia de generatoarele video AI?<\/strong>\n<ul class=\"wp-block-list\">\n<li class=\"\">Profesioni\u0219tii \u00een marketing, educatorii, creatorii de con\u021binut, \u00eentreprinderile \u0219i echipele de produc\u021bie media pot beneficia cu to\u021bii.<\/li>\n<\/ul>\n<\/li>\n\n\n\n<li class=\"\"><strong>Sunt scumpe generatoarele video AI?<\/strong>\n<ul class=\"wp-block-list\">\n<li class=\"\">Pre\u021burile variaz\u0103, dar multe instrumente ofer\u0103 op\u021biuni rentabile care sunt mai ieftine dec\u00e2t metodele tradi\u021bionale de produc\u021bie video.<\/li>\n<\/ul>\n<\/li>\n\n\n\n<li class=\"\"><strong>\u00cencep\u0103torii pot folosi generatoare video AI?<\/strong>\n<ul class=\"wp-block-list\">\n<li class=\"\">Da, multe generatoare video AI sunt concepute pentru a fi u\u0219or de utilizat, f\u0103c\u00e2ndu-le accesibile \u00eencep\u0103torilor.<\/li>\n<\/ul>\n<\/li>\n\n\n\n<li class=\"\"><strong>Care este cel mai bun generator video AI?<\/strong>\n<ul class=\"wp-block-list\">\n<li class=\"\">Cel mai bun instrument poate varia \u00een func\u021bie de nevoi, dar <a href=\"https:\/\/aiartfree.online\/ro\/generator-video-ai\/\">AI Art Gratuit<\/a> este foarte recomandat pentru caracteristicile sale \u0219i u\u0219urin\u021ba de utilizare.<\/li>\n<\/ul>\n<\/li>\n\n\n\n<li class=\"\"><strong>Generatoarele video AI necesit\u0103 abilit\u0103\u021bi speciale?<\/strong>\n<ul class=\"wp-block-list\">\n<li class=\"\">Majoritatea nu necesit\u0103 abilit\u0103\u021bi speciale \u0219i sunt concepute pentru a fi intuitive, de\u0219i familiarizarea cu editarea video poate fi util\u0103.<\/li>\n<\/ul>\n<\/li>\n\n\n\n<li class=\"\"><strong>Cum aleg generatorul video AI potrivit?<\/strong>\n<ul class=\"wp-block-list\">\n<li class=\"\">Lua\u021bi \u00een considerare factori precum u\u0219urin\u021ba de utilizare, op\u021biunile de personalizare, costul \u0219i nevoile specifice ale proiectului dvs.<\/li>\n<\/ul>\n<\/li>\n\n\n\n<li class=\"\"><strong>Pot generatoarele video AI s\u0103 creeze videoclipuri de \u00eenalt\u0103 calitate?<\/strong>\n<ul class=\"wp-block-list\">\n<li class=\"\">Da, multe generatoare de videoclipuri AI produc videoclipuri de calitate profesional\u0103 care sunt potrivite pentru diverse aplica\u021bii, de la marketing la educa\u021bie.<\/li>\n<\/ul>\n<\/li>\n<\/ol>\n\n\n\n<p class=\"\">\u00cen concluzie, generatoarele video AI transform\u0103 modul \u00een care sunt create videoclipurile, oferind numeroase beneficii \u0219i f\u0103c\u00e2nd produc\u021bia video mai accesibil\u0103 pentru toat\u0103 lumea. Pentru cei care doresc s\u0103 exploreze aceste instrumente, <a href=\"https:\/\/aiartfree.online\/ro\/generator-video-ai\/\">AI Art Gratuit<\/a> se deta\u0219eaz\u0103 ca o alegere de top, oferind un set robust de caracteristici \u0219i u\u0219urin\u021b\u0103 \u00een utilizare.<\/p>","protected":false},"excerpt":{"rendered":"<p>What other users made with AI Video Generator Prompt: 1 girl, off-shoulder, light smile, shiny skin best quality, masterpiece, photorealistic, turn around 3 Steps to Use AI Video Generator *&nbsp;Depending on your internet speed, loading the model may take up to 10 seconds \u2193 Introduction of AI Video Generator In the modern digital landscape, AI &#8230; <a title=\"Generator video AI\" class=\"read-more\" href=\"https:\/\/aiartfree.online\/ro\/generator-video-ai\/\" aria-label=\"Cite\u0219te mai multe despre AI Video Generator\">Cite\u0219te mai mult<\/a><\/p>","protected":false},"author":1,"featured_media":3463,"parent":0,"menu_order":0,"comment_status":"open","ping_status":"closed","template":"","meta":{"nf_dc_page":"","footnotes":""},"class_list":["post-2993","page","type-page","status-publish","has-post-thumbnail"],"jetpack_sharing_enabled":true,"_links":{"self":[{"href":"https:\/\/aiartfree.online\/ro\/wp-json\/wp\/v2\/pages\/2993","targetHints":{"allow":["GET"]}}],"collection":[{"href":"https:\/\/aiartfree.online\/ro\/wp-json\/wp\/v2\/pages"}],"about":[{"href":"https:\/\/aiartfree.online\/ro\/wp-json\/wp\/v2\/types\/page"}],"author":[{"embeddable":true,"href":"https:\/\/aiartfree.online\/ro\/wp-json\/wp\/v2\/users\/1"}],"replies":[{"embeddable":true,"href":"https:\/\/aiartfree.online\/ro\/wp-json\/wp\/v2\/comments?post=2993"}],"version-history":[{"count":1,"href":"https:\/\/aiartfree.online\/ro\/wp-json\/wp\/v2\/pages\/2993\/revisions"}],"predecessor-version":[{"id":3601,"href":"https:\/\/aiartfree.online\/ro\/wp-json\/wp\/v2\/pages\/2993\/revisions\/3601"}],"wp:featuredmedia":[{"embeddable":true,"href":"https:\/\/aiartfree.online\/ro\/wp-json\/wp\/v2\/media\/3463"}],"wp:attachment":[{"href":"https:\/\/aiartfree.online\/ro\/wp-json\/wp\/v2\/media?parent=2993"}],"curies":[{"name":"wp","href":"https:\/\/api.w.org\/{rel}","templated":true}]}}