{"id":2986,"date":"2024-07-19T17:43:48","date_gmt":"2024-07-19T17:43:48","guid":{"rendered":"https:\/\/aiartfree.online\/?page_id=2986"},"modified":"2025-03-07T08:22:52","modified_gmt":"2025-03-07T08:22:52","slug":"video-to-gif","status":"publish","type":"page","link":"https:\/\/aiartfree.online\/ro\/video-in-gif\/","title":{"rendered":"Video to GIF gratuit"},"content":{"rendered":"<h2 class=\"wp-block-heading\">Cum s\u0103 utiliza\u021bi Video to GIF<\/h2>\n\n\n\n<ol class=\"wp-block-list\">\n<li class=\"\">Arunca\u021bi sau \u00eenc\u0103rca\u021bi videoclipul dvs. preferat<\/li>\n\n\n\n<li class=\"\">Derula\u021bi \u00een jos \u0219i face\u021bi clic pe \"Generare GIF animat\"<\/li>\n\n\n\n<li class=\"\">A\u0219tepta\u021bi aproximativ 9-14 secunde, asta e tot!<\/li>\n\n\n\n<li class=\"\">Desc\u0103rca\u021bi-l pentru a-l partaja cu prietenii<\/li>\n<\/ol>\n\n\n\n<figure class=\"gb-block-image gb-block-image-4dfafe81\"><a href=\"https:\/\/fas.st\/t\/XmtmoHSk\" target=\"_blank\" rel=\"noopener noreferrer\"><img data-recalc-dims=\"1\" decoding=\"async\" loading=\"lazy\" width=\"1200\" height=\"368\" class=\"gb-image gb-image-4dfafe81\" src=\"https:\/\/i0.wp.com\/aiartfree.online\/wp-content\/uploads\/2025\/03\/WX20250307-114300%402x.webp?resize=1200%2C368&#038;ssl=1\" alt=\"\" title=\"WX20250307-114300@2x\" srcset=\"https:\/\/i0.wp.com\/aiartfree.online\/wp-content\/uploads\/2025\/03\/WX20250307-114300%402x.webp?w=1900&amp;ssl=1 1900w, https:\/\/i0.wp.com\/aiartfree.online\/wp-content\/uploads\/2025\/03\/WX20250307-114300%402x.webp?resize=300%2C92&amp;ssl=1 300w, https:\/\/i0.wp.com\/aiartfree.online\/wp-content\/uploads\/2025\/03\/WX20250307-114300%402x.webp?resize=1024%2C314&amp;ssl=1 1024w, https:\/\/i0.wp.com\/aiartfree.online\/wp-content\/uploads\/2025\/03\/WX20250307-114300%402x.webp?resize=768%2C235&amp;ssl=1 768w, https:\/\/i0.wp.com\/aiartfree.online\/wp-content\/uploads\/2025\/03\/WX20250307-114300%402x.webp?resize=1536%2C471&amp;ssl=1 1536w, https:\/\/i0.wp.com\/aiartfree.online\/wp-content\/uploads\/2025\/03\/WX20250307-114300%402x.webp?resize=18%2C6&amp;ssl=1 18w, https:\/\/i0.wp.com\/aiartfree.online\/wp-content\/uploads\/2025\/03\/WX20250307-114300%402x.webp?resize=600%2C184&amp;ssl=1 600w\" sizes=\"auto, (max-width: 1200px) 100vw, 1200px\" \/><\/a><\/figure>\n\n\n\n<p class=\"\"><em>* \u00cen func\u021bie de viteza internetului, \u00eenc\u0103rcarea modelului poate dura c\u00e2teva secunde.<br>* \u00cen timpul gener\u0103rii continue va exista un proces de cache, iar noua imagine va ap\u0103rea dup\u0103 aproximativ 3 secunde.<\/em><\/p>\n\n\n\n<div style=\"text-align: center;\">\n  <iframe loading=\"lazy\"\n    src=\"https:\/\/fariyan-gif-studio.hf.space\"\n    frameborder=\"0\"\n    width=\"1200\"\n    height=\"2500\"\n    style=\"display: inline-block; margin: 0 auto;\"\n  ><\/iframe>\n<\/div>\n\n\n\n<div style=\"height:50px\" aria-hidden=\"true\" class=\"wp-block-spacer\"><\/div>\n\n\n\n<h2 class=\"wp-block-heading\">Introducerea conversiei de la video la GIF<\/h2>\n\n\n\n<p class=\"\">\u00cen era cre\u0103rii de con\u021binut digital, transformarea videoclipurilor \u00een GIF-uri a devenit o modalitate popular\u0103 de a \u00eemp\u0103rt\u0103\u0219i momente \u00eentr-un format dinamic, dar compact. Acest ghid va explora conceptul de conversie a videoclipurilor \u00een GIF-uri, importan\u021ba acestui proces, cele mai bune instrumente disponibile \u0219i va r\u0103spunde la c\u00e2teva \u00eentreb\u0103ri frecvente.<\/p>\n\n\n\n<h3 class=\"wp-block-heading\">Tabla de con\u021binut<\/h3>\n\n\n\n<ol class=\"wp-block-list\">\n<li class=\"\">Ce este Video to GIF?<\/li>\n\n\n\n<li class=\"\">De ce s\u0103 folosi\u021bi Video to GIF?<\/li>\n\n\n\n<li class=\"\">Utilizatori sau industrii adecvate<\/li>\n\n\n\n<li class=\"\">Top 10 instrumente \u0219i informa\u021bii<\/li>\n\n\n\n<li class=\"\">\u00centreb\u0103ri frecvente<\/li>\n<\/ol>\n\n\n\n<h3 class=\"wp-block-heading\">Ce este Video to GIF?<\/h3>\n\n\n\n<p class=\"\">Conversia video \u00een GIF implic\u0103 transformarea unui fi\u0219ier video \u00eentr-o imagine GIF. GIF-urile, sau imaginile Graphics Interchange Format, sunt utilizate pe scar\u0103 larg\u0103 pe re\u021belele de socializare \u0219i pe site-uri web datorit\u0103 capacit\u0103\u021bii lor de a realiza anima\u021bii \u00een bucl\u0103 \u0219i a dimensiunii relativ mici a fi\u0219ierului. Acest proces permite utilizatorilor s\u0103 ia un segment dintr-un videoclip \u0219i s\u0103 \u00eel transforme \u00eentr-o imagine animat\u0103, care poate fi u\u0219or partajat\u0103 \u0219i vizualizat\u0103 pe diverse platforme.<\/p>\n\n\n\n<h3 class=\"wp-block-heading\">De ce s\u0103 folosi\u021bi Video to GIF?<\/h3>\n\n\n\n<p class=\"\">Utilizarea conversiei Video \u00een GIF ofer\u0103 mai multe beneficii:<\/p>\n\n\n\n<ul class=\"wp-block-list\">\n<li class=\"\"><strong>Angajament<\/strong>: GIF-urile sunt atr\u0103g\u0103toare \u0219i pot capta rapid aten\u021bia spectatorilor.<\/li>\n\n\n\n<li class=\"\"><strong>Compatibilitate<\/strong>: GIF-urile sunt acceptate de majoritatea platformelor social media \u0219i a aplica\u021biilor de mesagerie.<\/li>\n\n\n\n<li class=\"\"><strong>Dimensiunea fi\u0219ierului<\/strong>: Comparativ cu clipurile video, GIF-urile au dimensiuni mai mici, ceea ce le face mai u\u0219or de \u00eenc\u0103rcat \u0219i partajat.<\/li>\n\n\n\n<li class=\"\"><strong>Creativitate<\/strong>: GIF-urile permit exprimarea creativ\u0103 prin eviden\u021bierea unor momente specifice sau prin ad\u0103ugarea umorului prin anima\u021bii \u00een bucl\u0103.<\/li>\n<\/ul>\n\n\n\n<h3 class=\"wp-block-heading\">Utilizatori sau industrii adecvate<\/h3>\n\n\n\n<p class=\"\">Conversia de la video la GIF este benefic\u0103 pentru diver\u0219i utilizatori \u0219i industrii, inclusiv:<\/p>\n\n\n\n<ul class=\"wp-block-list\">\n<li class=\"\"><strong>Influen\u021batori social media<\/strong>: Pentru a crea con\u021binut atractiv care iese \u00een eviden\u021b\u0103.<\/li>\n\n\n\n<li class=\"\"><strong>Marketeri<\/strong>: Pentru a \u00eembun\u0103t\u0103\u021bi reclamele \u0219i materialele promo\u021bionale.<\/li>\n\n\n\n<li class=\"\"><strong>Educatori<\/strong>: Pentru a crea anima\u021bii instructive simple, \u00een bucl\u0103.<\/li>\n\n\n\n<li class=\"\"><strong>Creatori de con\u021binut<\/strong>: Pentru a partaja momente importante sau amuzante din videoclipuri mai lungi.<\/li>\n\n\n\n<li class=\"\"><strong>\u00centreprinderi<\/strong>: Pentru a crea imagini atractive pentru site-uri web \u0219i prezent\u0103ri.<\/li>\n<\/ul>\n\n\n\n<h3 class=\"wp-block-heading\">Top 10 instrumente \u0219i informa\u021bii<\/h3>\n\n\n\n<p class=\"\">Mai jos este un tabel care rezum\u0103 primele 10 instrumente pentru convertirea videoclipurilor \u00een GIF-uri, inclusiv URL-urile, avantajele, dezavantajele, avantajele, provoc\u0103rile \u0219i recomand\u0103rile acestora.<\/p>\n\n\n\n<figure class=\"wp-block-table\"><table class=\"has-fixed-layout\"><thead><tr><th>Nume instrument<\/th><th>URL<\/th><th>Avantaje<\/th><th>Contra<\/th><th>Avantaje<\/th><th>Provoc\u0103ri<\/th><th>Recomand\u0103ri<\/th><\/tr><\/thead><tbody><tr><td><strong>Video to GIF gratuit<\/strong><\/td><td><a href=\"https:\/\/aiartfree.online\/ro\/video-in-gif\/\" data-type=\"link\" data-id=\"https:\/\/aiartfree.online\/video-to-gif\/\">aiartfree.online<\/a><\/td><td>U\u0219or de utilizat, ie\u0219ire de \u00eenalt\u0103 calitate<\/td><td>Func\u021bii avansate limitate<\/td><td>Cel mai bun pentru conversii rapide<\/td><td>Poate s\u0103 nu se potriveasc\u0103 editorilor profesioni\u0219ti<\/td><td>Cel mai bun instrument pentru utilizatorii generali<\/td><\/tr><tr><td><strong>Giphy<\/strong><\/td><td><a href=\"https:\/\/giphy.com\" rel=\"nofollow noopener\" target=\"_blank\">giphy.com<\/a><\/td><td>Bibliotec\u0103 extins\u0103, partajare u\u0219oar\u0103<\/td><td>Filigran pe versiunea gratuit\u0103<\/td><td>Excelent pentru social media<\/td><td>Necesit\u0103 \u00eenscriere<\/td><td>Ideal pentru utilizarea social media<\/td><\/tr><tr><td><strong>Imgur<\/strong><\/td><td><a href=\"https:\/\/imgur.com\" rel=\"nofollow noopener\" target=\"_blank\">imgur.com<\/a><\/td><td>Gratuit, interfa\u021b\u0103 simpl\u0103<\/td><td>Op\u021biuni de editare limitate<\/td><td>Bun pentru edit\u0103ri rapide<\/td><td>F\u0103r\u0103 caracteristici avansate<\/td><td>Bun pentru utilizatorii ocazionali<\/td><\/tr><tr><td><strong>EZGIF<\/strong><\/td><td><a href=\"https:\/\/ezgif.com\" rel=\"nofollow noopener\" target=\"_blank\">ezgif.com<\/a><\/td><td>Caracteristici cuprinz\u0103toare, gratuite<\/td><td>Interfa\u021ba poate fi cople\u0219itoare<\/td><td>Potrivit pentru edit\u0103ri detaliate<\/td><td>Poate fi complex pentru \u00eencep\u0103tori<\/td><td>Recomandat pentru editare detaliat\u0103<\/td><\/tr><tr><td><strong>Convertio<\/strong><\/td><td><a href=\"https:\/\/convertio.co\" rel=\"nofollow noopener\" target=\"_blank\">convertio.c<\/a><a href=\"https:\/\/convertio.co\" target=\"_blank\" rel=\"noopener\">o<\/a><\/td><td>Suport\u0103 formate multiple<\/td><td>Versiunea gratuit\u0103 are limit\u0103ri<\/td><td>Versatil \u0219i flexibil<\/td><td>Limite de dimensiune \u00een versiunea gratuit\u0103<\/td><td>Bun pentru diferite tipuri de fi\u0219iere<\/td><\/tr><tr><td><strong>Conversie online<\/strong><\/td><td><a href=\"https:\/\/online-convert.com\" rel=\"nofollow noopener\" target=\"_blank\">online-convert.com<\/a><\/td><td>F\u0103r\u0103 instalare de software<\/td><td>Anun\u021buri \u00een versiunea gratuit\u0103<\/td><td>Convenabil \u0219i rapid<\/td><td>Conexiune la internet necesar\u0103<\/td><td>Cel mai bun pentru conversia rapid\u0103 online<\/td><\/tr><tr><td><strong>MakeAGIF<\/strong><\/td><td><a href=\"https:\/\/makeagif.com\" rel=\"nofollow noopener\" target=\"_blank\">makeagif.com<\/a><\/td><td>U\u0219or de utilizat, integrare social\u0103<\/td><td>Filigran pe versiunea gratuit\u0103<\/td><td>Interfa\u021b\u0103 u\u0219or de utilizat<\/td><td>Op\u021biuni de editare limitate<\/td><td>Excelent pentru post\u0103ri rapide pe social media<\/td><\/tr><tr><td><strong>GIFMaker<\/strong><\/td><td><a href=\"https:\/\/gifmaker.me\" rel=\"nofollow noopener\" target=\"_blank\">gifmaker.me<\/a><\/td><td>Nu este necesar\u0103 \u00eenscrierea, gratuit<\/td><td>Caracteristici limitate<\/td><td>Rapid \u0219i u\u0219or<\/td><td>Nu este potrivit pentru edit\u0103ri complexe<\/td><td>Ideal pentru utilizare ocazional\u0103<\/td><\/tr><tr><td><strong>CloudConvert<\/strong><\/td><td><a href=\"https:\/\/cloudconvert.com\" rel=\"nofollow noopener\" target=\"_blank\">cloudconvert.com<\/a><\/td><td>Conversii de \u00eenalt\u0103 calitate<\/td><td>Limitele versiunii gratuite<\/td><td>Personalizare ridicat\u0103<\/td><td>Necesit\u0103 \u00eenscriere pentru func\u021bii complete<\/td><td>Cel mai bun pentru ie\u0219iri de \u00eenalt\u0103 calitate<\/td><\/tr><tr><td><strong>Kapwing<\/strong><\/td><td><a href=\"https:\/\/kapwing.com\" rel=\"nofollow noopener\" target=\"_blank\">kapwing.com<\/a><\/td><td>Interfa\u021b\u0103 modern\u0103, colaborativ\u0103<\/td><td>Necesit\u0103 cont<\/td><td>Bun pentru munca \u00een echip\u0103<\/td><td>Unele caracteristici se afl\u0103 \u00een spatele unui paywall<\/td><td>Excelent pentru proiectele \u00een echip\u0103<\/td><\/tr><\/tbody><\/table><\/figure>\n\n\n\n<h3 class=\"wp-block-heading\">\u00centreb\u0103ri frecvente<\/h3>\n\n\n\n<ol class=\"wp-block-list\">\n<li class=\"\"><strong>Care este cel mai bun instrument pentru a converti video \u00een GIF?<\/strong>\n<ul class=\"wp-block-list\">\n<li class=\"\">Cel mai bun instrument este Free Online Auto Draft. Este u\u0219or de utilizat \u0219i produce GIF-uri de \u00eenalt\u0103 calitate.<\/li>\n<\/ul>\n<\/li>\n\n\n\n<li class=\"\"><strong>Cum convertesc MP4 \u00een GIF?<\/strong>\n<ul class=\"wp-block-list\">\n<li class=\"\">Pute\u021bi utiliza convertoare online precum EZGIF sau Giphy. Pur \u0219i simplu \u00eenc\u0103rca\u021bi fi\u0219ierul MP4 \u0219i urma\u021bi instruc\u021biunile pentru a-l converti \u00een GIF.<\/li>\n<\/ul>\n<\/li>\n\n\n\n<li class=\"\"><strong>Pot crea GIF-uri de \u00eenalt\u0103 calitate din videoclipuri?<\/strong>\n<ul class=\"wp-block-list\">\n<li class=\"\">Da, instrumente precum Free Online Auto Draft \u0219i CloudConvert ofer\u0103 conversii de \u00eenalt\u0103 calitate.<\/li>\n<\/ul>\n<\/li>\n\n\n\n<li class=\"\"><strong>Ce sunt creatorii de GIF-uri animate?<\/strong>\n<ul class=\"wp-block-list\">\n<li class=\"\">Acestea sunt instrumente care v\u0103 permit s\u0103 crea\u021bi GIF-uri din videoclipuri sau o serie de imagini, adesea cu func\u021bii suplimentare de editare.<\/li>\n<\/ul>\n<\/li>\n\n\n\n<li class=\"\"><strong>Exist\u0103 un creator gratuit de GIF-uri pentru a crea GIF-uri de \u00eenalt\u0103 calitate?<\/strong>\n<ul class=\"wp-block-list\">\n<li class=\"\">Da, instrumente precum Giphy \u0219i EZGIF ofer\u0103 versiuni gratuite care pot crea GIF-uri de \u00eenalt\u0103 calitate.<\/li>\n<\/ul>\n<\/li>\n\n\n\n<li class=\"\"><strong>Cum pot face un GIF dintr-un clip video?<\/strong>\n<ul class=\"wp-block-list\">\n<li class=\"\">Utiliza\u021bi un instrument precum Free Online Auto Draft, \u00eenc\u0103rca\u021bi clipul dvs. video, selecta\u021bi segmentul dorit \u0219i converti\u021bi-l \u00een GIF.<\/li>\n<\/ul>\n<\/li>\n\n\n\n<li class=\"\"><strong>Ce formate de fi\u0219iere video pot fi convertite \u00een GIF?<\/strong>\n<ul class=\"wp-block-list\">\n<li class=\"\">Majoritatea instrumentelor accept\u0103 formate precum MP4, AVI \u0219i MOV pentru conversia \u00een GIF.<\/li>\n<\/ul>\n<\/li>\n\n\n\n<li class=\"\"><strong>Pot edita GIF-ul dup\u0103 conversie?<\/strong>\n<ul class=\"wp-block-list\">\n<li class=\"\">Da, multe instrumente precum EZGIF ofer\u0103 func\u021bii de editare pentru a ajusta GIF-ul dup\u0103 conversie.<\/li>\n<\/ul>\n<\/li>\n\n\n\n<li class=\"\"><strong>Care este lungimea maxim\u0103 a videoclipului pe care \u00eel pot converti \u00een GIF?<\/strong>\n<ul class=\"wp-block-list\">\n<li class=\"\">Acest lucru depinde de instrument. Free Online Auto Draft accept\u0103 lungimi video standard potrivite pentru majoritatea utiliz\u0103rilor.<\/li>\n<\/ul>\n<\/li>\n\n\n\n<li class=\"\"><strong>Am nevoie de un cont pentru a converti videoclipuri \u00een GIF-uri?<\/strong>\n<ul class=\"wp-block-list\">\n<li class=\"\">Unele instrumente necesit\u0103 un cont pentru func\u021bii complete, dar multe, cum ar fi Free Online Auto Draft \u0219i GIFMaker, nu necesit\u0103 un cont pentru utilizarea de baz\u0103.<\/li>\n<\/ul>\n<\/li>\n<\/ol>\n\n\n\n<p class=\"\">Utiliz\u00e2nd informa\u021biile furnizate, pute\u021bi converti \u00een mod eficient videoclipuri \u00een GIF-uri, \u00eembun\u0103t\u0103\u021bind con\u021binutul \u0219i implicarea dvs. pe diverse platforme.<\/p>\n\n\n\n<p class=\"\"><\/p>","protected":false},"excerpt":{"rendered":"<p>How to use Video to GIF *&nbsp;Depending on your internet speed, loading the model may take a few seconds.* There will be caching during continuous generation, and the new image will appear after about 3 seconds. Introduction of Video to GIF In the age of digital content creation, transforming videos into GIFs has become a &#8230; <a title=\"Video to GIF gratuit\" class=\"read-more\" href=\"https:\/\/aiartfree.online\/ro\/video-in-gif\/\" aria-label=\"Cite\u0219te mai multe despre Free Video to GIF\">Cite\u0219te mai mult<\/a><\/p>","protected":false},"author":1,"featured_media":0,"parent":0,"menu_order":0,"comment_status":"open","ping_status":"closed","template":"","meta":{"nf_dc_page":"","footnotes":""},"class_list":["post-2986","page","type-page","status-publish"],"jetpack_sharing_enabled":true,"_links":{"self":[{"href":"https:\/\/aiartfree.online\/ro\/wp-json\/wp\/v2\/pages\/2986","targetHints":{"allow":["GET"]}}],"collection":[{"href":"https:\/\/aiartfree.online\/ro\/wp-json\/wp\/v2\/pages"}],"about":[{"href":"https:\/\/aiartfree.online\/ro\/wp-json\/wp\/v2\/types\/page"}],"author":[{"embeddable":true,"href":"https:\/\/aiartfree.online\/ro\/wp-json\/wp\/v2\/users\/1"}],"replies":[{"embeddable":true,"href":"https:\/\/aiartfree.online\/ro\/wp-json\/wp\/v2\/comments?post=2986"}],"version-history":[{"count":1,"href":"https:\/\/aiartfree.online\/ro\/wp-json\/wp\/v2\/pages\/2986\/revisions"}],"predecessor-version":[{"id":3600,"href":"https:\/\/aiartfree.online\/ro\/wp-json\/wp\/v2\/pages\/2986\/revisions\/3600"}],"wp:attachment":[{"href":"https:\/\/aiartfree.online\/ro\/wp-json\/wp\/v2\/media?parent=2986"}],"curies":[{"name":"wp","href":"https:\/\/api.w.org\/{rel}","templated":true}]}}