{"id":2983,"date":"2024-07-19T13:17:41","date_gmt":"2024-07-19T13:17:41","guid":{"rendered":"https:\/\/aiartfree.online\/?page_id=2983"},"modified":"2025-03-07T08:28:23","modified_gmt":"2025-03-07T08:28:23","slug":"free-ai-logo-generator","status":"publish","type":"page","link":"https:\/\/aiartfree.online\/ro\/generator-gratuit-de-logo-uri-ai\/","title":{"rendered":"Generator gratuit de logo-uri AI"},"content":{"rendered":"<h2 class=\"wp-block-heading\">Cum s\u0103 utiliza\u021bi Free AI Logo Generator<\/h2>\n\n\n\n<ol class=\"wp-block-list\">\n<li class=\"\">Arunca\u021bi sau \u00eenc\u0103rca\u021bi imaginea dvs.<\/li>\n\n\n\n<li class=\"\">Face\u021bi clic pe \"Trimite\"<\/li>\n\n\n\n<li class=\"\">Stai, asta este! <\/li>\n<\/ol>\n\n\n\n<figure class=\"gb-block-image gb-block-image-032aac41\"><a href=\"https:\/\/fas.st\/t\/9U4PYbm7\" target=\"_blank\" rel=\"noopener noreferrer\"><img data-recalc-dims=\"1\" decoding=\"async\" loading=\"lazy\" width=\"1200\" height=\"365\" class=\"gb-image gb-image-032aac41\" src=\"https:\/\/i0.wp.com\/aiartfree.online\/wp-content\/uploads\/2025\/03\/WX20250307-115412%402x.webp?resize=1200%2C365&#038;ssl=1\" alt=\"\" title=\"WX20250307-115412@2x\" srcset=\"https:\/\/i0.wp.com\/aiartfree.online\/wp-content\/uploads\/2025\/03\/WX20250307-115412%402x.webp?w=1942&amp;ssl=1 1942w, https:\/\/i0.wp.com\/aiartfree.online\/wp-content\/uploads\/2025\/03\/WX20250307-115412%402x.webp?resize=300%2C91&amp;ssl=1 300w, https:\/\/i0.wp.com\/aiartfree.online\/wp-content\/uploads\/2025\/03\/WX20250307-115412%402x.webp?resize=1024%2C312&amp;ssl=1 1024w, https:\/\/i0.wp.com\/aiartfree.online\/wp-content\/uploads\/2025\/03\/WX20250307-115412%402x.webp?resize=768%2C234&amp;ssl=1 768w, https:\/\/i0.wp.com\/aiartfree.online\/wp-content\/uploads\/2025\/03\/WX20250307-115412%402x.webp?resize=1536%2C467&amp;ssl=1 1536w, https:\/\/i0.wp.com\/aiartfree.online\/wp-content\/uploads\/2025\/03\/WX20250307-115412%402x.webp?resize=18%2C5&amp;ssl=1 18w, https:\/\/i0.wp.com\/aiartfree.online\/wp-content\/uploads\/2025\/03\/WX20250307-115412%402x.webp?resize=600%2C183&amp;ssl=1 600w\" sizes=\"auto, (max-width: 1200px) 100vw, 1200px\" \/><\/a><\/figure>\n\n\n\n<p class=\"\"><em>* \u00cen func\u021bie de viteza internetului, \u00eenc\u0103rcarea modelului poate dura c\u00e2teva secunde.<br>* \u00cen timpul gener\u0103rii continue va exista un proces de cache, iar noua imagine va ap\u0103rea dup\u0103 aproximativ 3 secunde.<\/em><\/p>\n\n\n\n<div style=\"text-align: center; border: 2px solid; border-image-source: linear-gradient(to right, #16b86c, #912899); border-image-slice: 1; box-shadow: 0 0 10px rgba(0, 0, 0, 0.1); border-radius: 15px;\">\n  <iframe loading=\"lazy\"\n    src=\"https:\/\/artificialguybr-logo-sdxl-lora-free-demo.hf.space\"\n    frameborder=\"0\"\n    width=\"1100\"\n    height=\"800\"\n    style=\"display: inline-block; margin: 0 auto;\"\n  ><\/iframe>\n<\/div>\n\n\n\n<div style=\"height:49px\" aria-hidden=\"true\" class=\"wp-block-spacer\"><\/div>\n\n\n\n<h2 class=\"wp-block-heading\" id=\"introduction-of-free-ai-logo-generator\">Introducerea generatorului gratuit de logo-uri AI<\/h2>\n\n\n\n<p class=\"\">\u00cen calitate de proprietar al unei afaceri, crearea unui logo profesional este esen\u021bial\u0103 pentru stabilirea identit\u0103\u021bii de marc\u0103. Odat\u0103 cu cre\u0219terea inteligen\u021bei artificiale, crearea unui logo a devenit mai accesibil\u0103 \u0219i mai eficient\u0103. \u00cen acest articol, vom explora minunile unui generator de logo AI gratuit \u0219i modul \u00een care acesta v\u0103 poate avantaja afacerea.<\/p>\n\n\n\n<figure class=\"wp-block-image size-large is-resized\"><img data-recalc-dims=\"1\" decoding=\"async\" width=\"1024\" height=\"562\"   loading=\"lazy\" src=\"https:\/\/i0.wp.com\/aiartfree.online\/wp-content\/uploads\/2024\/07\/1_mL5ZQFtjfXkQdHh6qz_13w.jpg?resize=1024%2C562&#038;ssl=1\" alt=\"Generator gratuit de logo-uri AI\" class=\"wp-image-2987\" style=\"width:585px;height:auto\" srcset=\"https:\/\/i0.wp.com\/aiartfree.online\/wp-content\/uploads\/2024\/07\/1_mL5ZQFtjfXkQdHh6qz_13w.jpg?resize=1024%2C562&amp;ssl=1 1024w, https:\/\/i0.wp.com\/aiartfree.online\/wp-content\/uploads\/2024\/07\/1_mL5ZQFtjfXkQdHh6qz_13w.jpg?resize=300%2C165&amp;ssl=1 300w, https:\/\/i0.wp.com\/aiartfree.online\/wp-content\/uploads\/2024\/07\/1_mL5ZQFtjfXkQdHh6qz_13w.jpg?resize=768%2C421&amp;ssl=1 768w, https:\/\/i0.wp.com\/aiartfree.online\/wp-content\/uploads\/2024\/07\/1_mL5ZQFtjfXkQdHh6qz_13w.jpg?resize=18%2C10&amp;ssl=1 18w, https:\/\/i0.wp.com\/aiartfree.online\/wp-content\/uploads\/2024\/07\/1_mL5ZQFtjfXkQdHh6qz_13w.jpg?resize=600%2C329&amp;ssl=1 600w, https:\/\/i0.wp.com\/aiartfree.online\/wp-content\/uploads\/2024\/07\/1_mL5ZQFtjfXkQdHh6qz_13w.jpg?w=1400&amp;ssl=1 1400w\" sizes=\"auto, (max-width: 1024px) 100vw, 1024px\" \/><\/figure>\n\n\n\n<p class=\"\"><strong>Tabla de con\u021binut<\/strong><\/p>\n\n\n\n<ul class=\"wp-block-list\">\n<li class=\"\">Introducerea generatorului gratuit de logo-uri AI<\/li>\n\n\n\n<li class=\"\">De ce s\u0103 folosi\u021bi un generator de logo AI gratuit?<\/li>\n\n\n\n<li class=\"\">Beneficiile utiliz\u0103rii unui generator de logo AI gratuit<\/li>\n\n\n\n<li class=\"\">C\u00e2nd s\u0103 utiliza\u021bi un generator de logo AI gratuit<\/li>\n\n\n\n<li class=\"\">Cine poate folosi un generator de logo AI gratuit?<\/li>\n\n\n\n<li class=\"\">Compara\u021bie \u00eentre generatoarele gratuite de logo-uri AI<\/li>\n\n\n\n<li class=\"\">\u00ceNTREB\u0102RI FRECVENTE<\/li>\n<\/ul>\n\n\n\n<h3 class=\"wp-block-heading\" id=\"what-is-a-free-ai-logo-generator\"><a href=\"https:\/\/dromerosm-groq-llama3.hf.space\/#what-is-a-free-ai-logo-generator\" target=\"_blank\" rel=\"noopener\"><\/a>Ce este un generator de logo AI gratuit?<\/h3>\n\n\n\n<p class=\"\">Un generator de logo AI gratuit este un instrument online care utilizeaz\u0103 inteligen\u021ba artificial\u0103 pentru a crea un logo personalizat pentru afacerea dvs. Aceste instrumente utilizeaz\u0103 algoritmi de \u00eenv\u0103\u021bare automat\u0103 pentru a genera logo-uri unice pe baza datelor introduse de dvs., cum ar fi numele afacerii, sloganul \u0219i culorile \u0219i fonturile preferate. Cu doar c\u00e2teva clicuri, pute\u021bi crea un logo cu aspect profesional \u00een c\u00e2teva minute.<\/p>\n\n\n\n<h3 class=\"wp-block-heading\" id=\"why-use-a-free-ai-logo-generator\"><a href=\"https:\/\/dromerosm-groq-llama3.hf.space\/#why-use-a-free-ai-logo-generator\" target=\"_blank\" rel=\"noopener\"><\/a>De ce s\u0103 folosi\u021bi un generator de logo AI gratuit?<\/h3>\n\n\n\n<p class=\"\">Utilizarea unui generator de logo AI gratuit v\u0103 poate economisi timp \u0219i bani \u00een compara\u021bie cu angajarea unui designer profesionist de logo-uri. Cu designul de logo bazat pe AI, pute\u021bi introduce pur \u0219i simplu informa\u021biile \u0219i preferin\u021bele dvs. de afaceri, iar instrumentul va genera un logo care s\u0103 v\u0103 satisfac\u0103 nevoile.<\/p>\n\n\n\n<h3 class=\"wp-block-heading\" id=\"benefits-of-using-a-free-ai-logo-generator\"><a href=\"https:\/\/dromerosm-groq-llama3.hf.space\/#benefits-of-using-a-free-ai-logo-generator\" target=\"_blank\" rel=\"noopener\"><\/a>Beneficiile utiliz\u0103rii unui generator de logo AI gratuit<\/h3>\n\n\n\n<p class=\"\">Iat\u0103 c\u00e2teva avantaje ale utiliz\u0103rii unui generator gratuit de logo-uri AI:<\/p>\n\n\n\n<p class=\"\">Rapid \u0219i eficient Crea\u021bi un logo \u00een c\u00e2teva minute cu generatorul nostru de logo-uri AI.<\/p>\n\n\n\n<p class=\"\">Rentabil Economisi\u021bi bani prin neangajarea unui designer profesionist de logo-uri.<\/p>\n\n\n\n<p class=\"\">Modele unice Ob\u021bine\u021bi logo-uri unice generate de inteligen\u021ba artificial\u0103.<\/p>\n\n\n\n<p class=\"\">High-Resolution Desc\u0103rca\u021bi fi\u0219iere de logo de \u00eenalt\u0103 rezolu\u021bie pentru diverse utiliz\u0103ri.<\/p>\n\n\n\n<p class=\"\">U\u0219or de utilizat Introduce\u021bi pur \u0219i simplu informa\u021biile \u0219i preferin\u021bele dvs. de afaceri, iar instrumentul va face restul.<\/p>\n\n\n\n<h3 class=\"wp-block-heading\" id=\"when-to-use-a-free-ai-logo-generator\"><a href=\"https:\/\/dromerosm-groq-llama3.hf.space\/#when-to-use-a-free-ai-logo-generator\" target=\"_blank\" rel=\"noopener\"><\/a>C\u00e2nd s\u0103 utiliza\u021bi un generator de logo AI gratuit<\/h3>\n\n\n\n<p class=\"\">Un generator gratuit de logo-uri AI este perfect pentru:<\/p>\n\n\n\n<p class=\"\">\u00centreprinz\u0103tori care doresc s\u0103 creeze rapid un logo profesional \u00centreprinderi care doresc s\u0103 \u00ee\u0219i schimbe marca sau s\u0103 \u00ee\u0219i actualizeze logo-ul<\/p>\n\n\n\n<h3 class=\"wp-block-heading\" id=\"who-can-use-a-free-ai-logo-generator\"><a href=\"https:\/\/dromerosm-groq-llama3.hf.space\/#who-can-use-a-free-ai-logo-generator\" target=\"_blank\" rel=\"noopener\"><\/a>Cine poate folosi un generator de logo AI gratuit?<\/h3>\n\n\n\n<p class=\"\">Oricine poate folosi un generator gratuit de logo-uri AI, inclusiv:<\/p>\n\n\n\n<p class=\"\">Antreprenori Proprietari de \u00eentreprinderi mici Profesioni\u0219ti \u00een marketing Designeri grafici<\/p>\n\n\n\n<h3 class=\"wp-block-heading\" id=\"comparison-of-free-ai-logo-generators\"><a href=\"https:\/\/dromerosm-groq-llama3.hf.space\/#comparison-of-free-ai-logo-generators\" target=\"_blank\" rel=\"noopener\"><\/a>Compara\u021bie \u00eentre generatoarele gratuite de logo-uri AI<\/h3>\n\n\n\n<p class=\"\">Iat\u0103 c\u00e2teva generatoare de logo-uri AI gratuite populare, \u00eempreun\u0103 cu caracteristicile \u0219i beneficiile acestora:<\/p>\n\n\n\n<figure class=\"wp-block-table\"><table class=\"has-fixed-layout\"><thead><tr><th>Instrument<\/th><th>Caracteristici<\/th><th>Beneficii<\/th><th>Site web<\/th><\/tr><\/thead><tbody><tr><td>AI Art Gratuit Online<\/td><td>Design de logo cu AI, peste 100 de modele, culori vibrante<\/td><td>Rapid \u0219i eficient, rentabil<\/td><td><a href=\"https:\/\/aiartfree.online\/ro\/generator-gratuit-de-logo-uri-ai\/\" target=\"_blank\" rel=\"noreferrer noopener\">https:\/\/aiartfree.online\/free-ai-logo-generator<\/a><\/td><\/tr><tr><td>Logojoy<\/td><td>Design de logo-uri bazat pe AI, peste 10.000 de modele, generator de palete de culori<\/td><td>Modele unice, fi\u0219iere de \u00eenalt\u0103 rezolu\u021bie<\/td><td><a href=\"https:\/\/logojoy.com\/\" target=\"_blank\" rel=\"noreferrer noopener\">https:\/\/logojoy.com<\/a><\/td><\/tr><tr><td>Tailor Brands<\/td><td>Design de logo bazat pe inteligen\u021b\u0103 artificial\u0103, peste 10.000 de \u0219abloane, kit social media<\/td><td>Design profesional, u\u0219or de utilizat<\/td><td><a href=\"https:\/\/tailorbrands.com\/\" target=\"_blank\" rel=\"noreferrer noopener\">https:\/\/tailorbrands.com<\/a><\/td><\/tr><\/tbody><\/table><\/figure>\n\n\n\n<h3 class=\"wp-block-heading\" id=\"advantages-and-disadvantages-of-free-ai-logo-generators\"><a href=\"https:\/\/dromerosm-groq-llama3.hf.space\/#advantages-and-disadvantages-of-free-ai-logo-generators\" target=\"_blank\" rel=\"noopener\"><\/a>Avantaje \u0219i dezavantaje ale generatoarelor gratuite de logo-uri AI<\/h3>\n\n\n\n<p class=\"\">Iat\u0103 c\u00e2teva avantaje \u0219i dezavantaje ale utiliz\u0103rii generatoarelor gratuite de logo-uri AI:<\/p>\n\n\n\n<p class=\"\"><strong>Avantaje<\/strong>:<\/p>\n\n\n\n<p class=\"\">Rapid \u0219i eficient Rentabil Proiecte unice Fi\u0219iere de \u00eenalt\u0103 rezolu\u021bie<\/p>\n\n\n\n<p class=\"\"><strong>Dezavantaje<\/strong>:<\/p>\n\n\n\n<p class=\"\">Op\u021biuni de personalizare limitate \u0218abloane de proiectare limitate Pot s\u0103 nu \u00eendeplineasc\u0103 cerin\u021bele de proiectare complexe<\/p>\n\n\n\n<h3 class=\"wp-block-heading\" id=\"best-free-ai-logo-generator\"><a href=\"https:\/\/dromerosm-groq-llama3.hf.space\/#best-free-ai-logo-generator\" target=\"_blank\" rel=\"noopener\"><\/a>Cel mai bun generator gratuit de logo-uri AI<\/h3>\n\n\n\n<p class=\"\">Dup\u0103 ce am cercetat \u0219i comparat diverse generatoare de logo-uri AI gratuite, v\u0103 recomand\u0103m cu c\u0103ldur\u0103 AI Art Free Online. Cu designul s\u0103u de logo bazat pe AI, peste 100 de modele \u0219i culori vibrante, este instrumentul perfect pentru crearea rapid\u0103 \u0219i eficient\u0103 a unui logo profesional.<\/p>\n\n\n\n<h3 class=\"wp-block-heading\" id=\"faq\"><a href=\"https:\/\/dromerosm-groq-llama3.hf.space\/#faq\" target=\"_blank\" rel=\"noopener\"><\/a>\u00ceNTREB\u0102RI FRECVENTE<\/h3>\n\n\n<div id=\"rank-math-faq\" class=\"rank-math-block\">\n<div class=\"rank-math-list\">\n<div id=\"faq-question-1721394932020\" class=\"rank-math-list-item\">\n<h3 class=\"rank-math-question\">Pot folosi un generator gratuit de logo-uri AI pentru uz comercial?<\/h3>\n<div class=\"rank-math-answer\">\n\n<p>Da, majoritatea generatoarelor gratuite de logo-uri AI permit utilizarea comercial\u0103 a logo-urilor generate.<\/p>\n\n<\/div>\n<\/div>\n<div id=\"faq-question-1721394940919\" class=\"rank-math-list-item\">\n<h3 class=\"rank-math-question\">Logourile generate de AI sunt unice?<\/h3>\n<div class=\"rank-math-answer\">\n\n<p>Da, logo-urile generate de AI sunt unice \u0219i personalizate pe baza datelor dvs.<\/p>\n\n<\/div>\n<\/div>\n<div id=\"faq-question-1721394949679\" class=\"rank-math-list-item\">\n<h3 class=\"rank-math-question\">Pot edita logo-ul generat?<\/h3>\n<div class=\"rank-math-answer\">\n\n<p>Da, majoritatea generatoarelor gratuite de logo-uri AI v\u0103 permit s\u0103 edita\u021bi logo-ul generat.<\/p>\n\n<\/div>\n<\/div>\n<div id=\"faq-question-1721394962503\" class=\"rank-math-list-item\">\n<h3 class=\"rank-math-question\">Fi\u0219ierele logo-ului sunt de \u00eenalt\u0103 rezolu\u021bie?<\/h3>\n<div class=\"rank-math-answer\">\n\n<p>Da, majoritatea generatoarelor gratuite de logo-uri AI ofer\u0103 fi\u0219iere de logo-uri de \u00eenalt\u0103 rezolu\u021bie pentru diverse utiliz\u0103ri.<\/p>\n\n<\/div>\n<\/div>\n<\/div>\n<\/div>","protected":false},"excerpt":{"rendered":"<p>How to use Free AI Logo Generator *&nbsp;Depending on your internet speed, loading the model may take a few seconds.* There will be caching during continuous generation, and the new image will appear after about 3 seconds. Introduction of Free AI Logo Generator As a business owner, creating a professional logo is essential to establish &#8230; <a title=\"Generator gratuit de logo-uri AI\" class=\"read-more\" href=\"https:\/\/aiartfree.online\/ro\/generator-gratuit-de-logo-uri-ai\/\" aria-label=\"Cite\u0219te mai multe despre Free AI Logo Generator\">Cite\u0219te mai mult<\/a><\/p>","protected":false},"author":1,"featured_media":0,"parent":0,"menu_order":0,"comment_status":"open","ping_status":"closed","template":"","meta":{"nf_dc_page":"","footnotes":""},"class_list":["post-2983","page","type-page","status-publish"],"jetpack_sharing_enabled":true,"_links":{"self":[{"href":"https:\/\/aiartfree.online\/ro\/wp-json\/wp\/v2\/pages\/2983","targetHints":{"allow":["GET"]}}],"collection":[{"href":"https:\/\/aiartfree.online\/ro\/wp-json\/wp\/v2\/pages"}],"about":[{"href":"https:\/\/aiartfree.online\/ro\/wp-json\/wp\/v2\/types\/page"}],"author":[{"embeddable":true,"href":"https:\/\/aiartfree.online\/ro\/wp-json\/wp\/v2\/users\/1"}],"replies":[{"embeddable":true,"href":"https:\/\/aiartfree.online\/ro\/wp-json\/wp\/v2\/comments?post=2983"}],"version-history":[{"count":1,"href":"https:\/\/aiartfree.online\/ro\/wp-json\/wp\/v2\/pages\/2983\/revisions"}],"predecessor-version":[{"id":3605,"href":"https:\/\/aiartfree.online\/ro\/wp-json\/wp\/v2\/pages\/2983\/revisions\/3605"}],"wp:attachment":[{"href":"https:\/\/aiartfree.online\/ro\/wp-json\/wp\/v2\/media?parent=2983"}],"curies":[{"name":"wp","href":"https:\/\/api.w.org\/{rel}","templated":true}]}}