{"id":2974,"date":"2024-07-19T12:49:16","date_gmt":"2024-07-19T12:49:16","guid":{"rendered":"https:\/\/aiartfree.online\/?page_id=2974"},"modified":"2025-03-07T08:02:23","modified_gmt":"2025-03-07T08:02:23","slug":"bing-ai-image-generator","status":"publish","type":"page","link":"https:\/\/aiartfree.online\/ro\/generator-de-imagini-bing-ai\/","title":{"rendered":"Generator de imagini Bing AI"},"content":{"rendered":"<h2 class=\"wp-block-heading\">Cum s\u0103 utiliza\u021bi Bing AI Image Generator<\/h2>\n\n\n\n<ol class=\"wp-block-list\">\n<li class=\"\">Introduce\u021bi promptul dvs.<\/li>\n\n\n\n<li class=\"\">Face\u021bi clic pe \"Executare\"<\/li>\n\n\n\n<li class=\"\">Stai, asta este! <\/li>\n<\/ol>\n\n\n\n<figure class=\"gb-block-image gb-block-image-032aac41\"><a href=\"https:\/\/fas.st\/t\/9U4PYbm7\" target=\"_blank\" rel=\"noopener noreferrer\"><img data-recalc-dims=\"1\" decoding=\"async\" loading=\"lazy\" width=\"1200\" height=\"365\" class=\"gb-image gb-image-032aac41\" src=\"https:\/\/i0.wp.com\/aiartfree.online\/wp-content\/uploads\/2025\/03\/WX20250307-115412%402x.webp?resize=1200%2C365&#038;ssl=1\" alt=\"\" title=\"WX20250307-115412@2x\" srcset=\"https:\/\/i0.wp.com\/aiartfree.online\/wp-content\/uploads\/2025\/03\/WX20250307-115412%402x.webp?w=1942&amp;ssl=1 1942w, https:\/\/i0.wp.com\/aiartfree.online\/wp-content\/uploads\/2025\/03\/WX20250307-115412%402x.webp?resize=300%2C91&amp;ssl=1 300w, https:\/\/i0.wp.com\/aiartfree.online\/wp-content\/uploads\/2025\/03\/WX20250307-115412%402x.webp?resize=1024%2C312&amp;ssl=1 1024w, https:\/\/i0.wp.com\/aiartfree.online\/wp-content\/uploads\/2025\/03\/WX20250307-115412%402x.webp?resize=768%2C234&amp;ssl=1 768w, https:\/\/i0.wp.com\/aiartfree.online\/wp-content\/uploads\/2025\/03\/WX20250307-115412%402x.webp?resize=1536%2C467&amp;ssl=1 1536w, https:\/\/i0.wp.com\/aiartfree.online\/wp-content\/uploads\/2025\/03\/WX20250307-115412%402x.webp?resize=18%2C5&amp;ssl=1 18w, https:\/\/i0.wp.com\/aiartfree.online\/wp-content\/uploads\/2025\/03\/WX20250307-115412%402x.webp?resize=600%2C183&amp;ssl=1 600w\" sizes=\"auto, (max-width: 1200px) 100vw, 1200px\" \/><\/a><\/figure>\n\n\n\n<p class=\"\"><em>* \u00cen func\u021bie de viteza internetului, \u00eenc\u0103rcarea modelului poate dura c\u00e2teva secunde.<br>* \u00cen timpul gener\u0103rii continue va exista un proces de cache, iar noua imagine va ap\u0103rea dup\u0103 aproximativ 3 secunde.<\/em><\/p>\n\n\n\n<div style=\"text-align: center; border: 2px solid; border-image-source: linear-gradient(to right, #16b86c, #912899); border-image-slice: 1; box-shadow: 0 0 10px rgba(0, 0, 0, 0.1); border-radius: 15px;\">\n  <iframe loading=\"lazy\"\n    src=\"https:\/\/mexicanamerican-dalle-3-xl-lora-v2.hf.space\"\n    frameborder=\"0\"\n    width=\"800\"\n    height=\"1050\"\n    style=\"display: inline-block; margin: 0 auto;\"\n  ><\/iframe>\n<\/div>\n\n\n\n<div style=\"height:50px\" aria-hidden=\"true\" class=\"wp-block-spacer\"><\/div>\n\n\n\n<h1 class=\"wp-block-heading\">Introducerea generatorului de imagini Bing AI<\/h1>\n\n\n\n<p class=\"\">\u00cen era digital\u0103 de ast\u0103zi, crearea de imagini uimitoare din punct de vedere vizual este mai important\u0103 ca niciodat\u0103. Fie c\u0103 sunte\u021bi creator de con\u021binut, marketer sau doar o persoan\u0103 care iube\u0219te arta, Bing AI Image Generator v\u0103 poate ajuta s\u0103 produce\u021bi imagini de \u00eenalt\u0103 calitate f\u0103r\u0103 efort. Acest articol v\u0103 va prezenta Bing AI Image Generator, va explora beneficiile acestuia \u0219i v\u0103 va \u00eendruma cum s\u0103 profita\u021bi la maximum de acest instrument puternic.<\/p>\n\n\n\n<figure class=\"wp-block-image size-full is-resized\"><img data-recalc-dims=\"1\" decoding=\"async\" width=\"1024\" height=\"1024\"   loading=\"lazy\" src=\"https:\/\/i0.wp.com\/aiartfree.online\/wp-content\/uploads\/2024\/07\/b9cb406d-bffd-446e-9f65-c20776dc6cda.jpg?resize=1024%2C1024&#038;ssl=1\" alt=\"Generator de imagini Bing AI\" class=\"wp-image-2980\" style=\"width:359px;height:auto\" srcset=\"https:\/\/i0.wp.com\/aiartfree.online\/wp-content\/uploads\/2024\/07\/b9cb406d-bffd-446e-9f65-c20776dc6cda.jpg?w=1024&amp;ssl=1 1024w, https:\/\/i0.wp.com\/aiartfree.online\/wp-content\/uploads\/2024\/07\/b9cb406d-bffd-446e-9f65-c20776dc6cda.jpg?resize=300%2C300&amp;ssl=1 300w, https:\/\/i0.wp.com\/aiartfree.online\/wp-content\/uploads\/2024\/07\/b9cb406d-bffd-446e-9f65-c20776dc6cda.jpg?resize=150%2C150&amp;ssl=1 150w, https:\/\/i0.wp.com\/aiartfree.online\/wp-content\/uploads\/2024\/07\/b9cb406d-bffd-446e-9f65-c20776dc6cda.jpg?resize=768%2C768&amp;ssl=1 768w, https:\/\/i0.wp.com\/aiartfree.online\/wp-content\/uploads\/2024\/07\/b9cb406d-bffd-446e-9f65-c20776dc6cda.jpg?resize=12%2C12&amp;ssl=1 12w, https:\/\/i0.wp.com\/aiartfree.online\/wp-content\/uploads\/2024\/07\/b9cb406d-bffd-446e-9f65-c20776dc6cda.jpg?resize=600%2C600&amp;ssl=1 600w, https:\/\/i0.wp.com\/aiartfree.online\/wp-content\/uploads\/2024\/07\/b9cb406d-bffd-446e-9f65-c20776dc6cda.jpg?resize=100%2C100&amp;ssl=1 100w\" sizes=\"auto, (max-width: 1024px) 100vw, 1024px\" \/><\/figure>\n\n\n\n<h2 class=\"wp-block-heading\">Tabla de con\u021binut<\/h2>\n\n\n\n<ol class=\"wp-block-list\">\n<li class=\"\"><a href=\"#what-is-bing-ai-image-generator\">Ce este Bing AI Image Generator?<\/a><\/li>\n\n\n\n<li class=\"\"><a href=\"#why-use-bing-ai-image-generator\">De ce s\u0103 folosi\u021bi Bing AI Image Generator?<\/a><\/li>\n\n\n\n<li class=\"\"><a href=\"#benefits-of-using-bing-ai-image-generator\">Beneficiile utiliz\u0103rii generatorului de imagini Bing AI<\/a><\/li>\n\n\n\n<li class=\"\"><a href=\"#when-to-use-bing-ai-image-generator\">C\u00e2nd s\u0103 utiliza\u021bi Bing AI Image Generator<\/a><\/li>\n\n\n\n<li class=\"\"><a href=\"#who-should-use-bing-ai-image-generator\">Cine ar trebui s\u0103 utilizeze Bing AI Image Generator?<\/a><\/li>\n\n\n\n<li class=\"\"><a href=\"#comparison-of-bing-ai-image-generator-with-other-tools\">Compara\u021bie \u00eentre Bing AI Image Generator \u0219i alte instrumente<\/a><\/li>\n\n\n\n<li class=\"\"><a href=\"#frequently-asked-questions\">\u00centreb\u0103ri frecvente<\/a><\/li>\n<\/ol>\n\n\n\n<h2 class=\"wp-block-heading\">Ce este Bing AI Image Generator?<\/h2>\n\n\n\n<p class=\"\">Generatorul de imagini AI Bing este un instrument inovator dezvoltat de Microsoft care utilizeaz\u0103 tehnologia AI generativ\u0103 pentru a crea imagini din text. Acest generator de imagini AI permite utilizatorilor s\u0103 introduc\u0103 un text descriptiv \u0219i s\u0103 primeasc\u0103 \u00een schimb imagini unice, de \u00eenalt\u0103 calitate. Tehnologia din spatele acestuia utilizeaz\u0103 algoritmi AI avansa\u021bi pentru a \u00een\u021belege \u0219i vizualiza textul introdus, produc\u00e2nd imagini care se potrivesc cu exactitate descrierii utilizatorului.<\/p>\n\n\n\n<h2 class=\"wp-block-heading\">De ce<\/h2>\n\n\n\n<p class=\"\">Utilizarea Bing AI Image Generator v\u0103 poate \u00eembun\u0103t\u0103\u021bi semnificativ proiectele creative. Fie c\u0103 proiecta\u021bi o campanie de marketing, crea\u021bi con\u021binut pentru re\u021belele sociale sau dezvolta\u021bi un site web, accesul la un instrument care poate genera imagini pe baza nevoilor dvs. specifice este de nepre\u021buit. Capacitatea de a crea rapid imagini f\u0103r\u0103 a avea nevoie de competen\u021be extinse de design grafic economise\u0219te timp \u0219i resurse, permi\u021b\u00e2ndu-v\u0103 s\u0103 v\u0103 concentra\u021bi pe alte aspecte importante ale proiectului dvs.<\/p>\n\n\n\n<h2 class=\"wp-block-heading\">Beneficii<\/h2>\n\n\n\n<ol class=\"wp-block-list\">\n<li class=\"\"><strong>Imagini de \u00eenalt\u0103 calitate<\/strong>: Bing AI Image Generator produce imagini de \u00eenalt\u0103 rezolu\u021bie care pot fi utilizate \u00een diverse scopuri profesionale.<\/li>\n\n\n\n<li class=\"\"><strong>Personalizare<\/strong>: Prin furnizarea de indica\u021bii text detaliate, pute\u021bi genera imagini adaptate la cerin\u021bele dvs. specifice.<\/li>\n\n\n\n<li class=\"\"><strong>Eficien\u021ba timpului<\/strong>: Genera\u021bi rapid imagini f\u0103r\u0103 a fi nevoie de lucr\u0103ri manuale de design grafic.<\/li>\n\n\n\n<li class=\"\"><strong>Cost-eficiente<\/strong>: Reducerea nevoii de a utiliza programe scumpe de design grafic sau de a angaja designeri profesioni\u0219ti.<\/li>\n\n\n\n<li class=\"\"><strong>Accesibilitate<\/strong>: U\u0219or de utilizat, chiar \u0219i pentru cei f\u0103r\u0103 abilit\u0103\u021bi tehnice.<\/li>\n<\/ol>\n\n\n\n<h2 class=\"wp-block-heading\">C\u00e2nd s\u0103 utiliza\u021bi<\/h2>\n\n\n\n<p class=\"\">Generatorul de imagini Bing AI este ideal pentru utilizare \u00eentr-o varietate de scenarii, inclusiv:<\/p>\n\n\n\n<ul class=\"wp-block-list\">\n<li class=\"\"><strong>Campanii de marketing<\/strong>: Crea\u021bi imagini atractive din punct de vedere vizual pentru reclame \u0219i post\u0103ri pe re\u021belele sociale.<\/li>\n\n\n\n<li class=\"\"><strong>Crearea de con\u021binut<\/strong>: Genera\u021bi imagini unice pentru a \u00eembun\u0103t\u0103\u021bi post\u0103rile pe blog, articolele \u0219i con\u021binutul site-ului.<\/li>\n\n\n\n<li class=\"\"><strong>Materiale educa\u021bionale<\/strong>: Producerea de imagini ilustrative pentru prezent\u0103ri, rapoarte \u0219i materiale didactice.<\/li>\n\n\n\n<li class=\"\"><strong>Proiecte de art\u0103 \u0219i design<\/strong>: Experimenta\u021bi cu concepte creative \u0219i stiluri vizuale.<\/li>\n<\/ul>\n\n\n\n<h2 class=\"wp-block-heading\">Cine ar trebui s\u0103 utilizeze?<\/h2>\n\n\n\n<p class=\"\">Bing AI Image Generator este potrivit pentru o gam\u0103 larg\u0103 de utilizatori, inclusiv:<\/p>\n\n\n\n<ul class=\"wp-block-list\">\n<li class=\"\"><strong>Creatori de con\u021binut<\/strong>: Bloggeri, vloggeri \u0219i influenceri din social media.<\/li>\n\n\n\n<li class=\"\"><strong>Marketeri<\/strong>: Speciali\u0219ti \u00een marketing digital, publicitari \u0219i manageri de marc\u0103.<\/li>\n\n\n\n<li class=\"\"><strong>Educatori<\/strong>: Profesori, formatori \u0219i designeri instruc\u021bionali.<\/li>\n\n\n\n<li class=\"\"><strong>Arti\u0219ti \u0219i designeri<\/strong>: Designeri grafici, ilustratori \u0219i arti\u0219ti vizuali.<\/li>\n\n\n\n<li class=\"\"><strong>\u00centreprinderi<\/strong>: Proprietari de afaceri mici, start-up-uri \u0219i corpora\u021bii mari.<\/li>\n<\/ul>\n\n\n\n<h2 class=\"wp-block-heading\">Compara\u021bie \u00eentre Bing AI Image Generator \u0219i alte instrumente<\/h2>\n\n\n\n<p class=\"\">C\u00e2nd vine vorba de generarea de imagini AI, exist\u0103 mai multe instrumente disponibile pe pia\u021b\u0103. Aici, vom compara Bing AI Image Generator cu alte op\u021biuni populare:<\/p>\n\n\n\n<figure class=\"wp-block-table\"><table class=\"has-fixed-layout\"><thead><tr><th>Instrument<\/th><th>Avantaje<\/th><th>Contra<\/th><th>Avantaje<\/th><th>Provoc\u0103ri<\/th><th>Recomandare<\/th><\/tr><\/thead><tbody><tr><td><a href=\"https:\/\/aiartfree.online\/ro\/\" data-type=\"link\" data-id=\"https:\/\/aiartfree.online\/\">Generator gratuit de art\u0103 AI<\/a><\/td><td>U\u0219or de utilizat, gratuit de utilizat<\/td><td>Func\u021bii avansate limitate<\/td><td>U\u0219or pentru \u00eencep\u0103tori<\/td><td>Rezultat de baz\u0103<\/td><td>Excelent pentru utilizare ocazional\u0103<\/td><\/tr><tr><td><a href=\"https:\/\/midjourney.com\" rel=\"nofollow noopener\" target=\"_blank\">C\u0103l\u0103torie intermediar\u0103<\/a><\/td><td>Rezultate de \u00eenalt\u0103 calitate, stiluri creative<\/td><td>Abonament necesar<\/td><td>Imagini de calitate profesional\u0103<\/td><td>Costisitoare<\/td><td>Ideal pentru uz profesional<\/td><\/tr><tr><td><a href=\"https:\/\/stablediffusion.com\" rel=\"nofollow noopener\" target=\"_blank\">Difuzie stabil\u0103<\/a><\/td><td>Imagini detaliate, personalizabile<\/td><td>Necesit\u0103 cuno\u0219tin\u021be tehnice<\/td><td>Ie\u0219iri versatile<\/td><td>Curb\u0103 de \u00eenv\u0103\u021bare abrupt\u0103<\/td><td>Cel mai bun pentru utilizatorii pasiona\u021bi de tehnologie<\/td><\/tr><tr><td><a href=\"https:\/\/aiartfree.online\/ro\/free-online-dall\u00b7e-3\/\" data-type=\"link\" data-id=\"https:\/\/aiartfree.online\/free-online-dall%c2%b7e-3\/\">DALL-E 3<\/a><\/td><td>Inovatoare, de ultim\u0103 or\u0103<\/td><td>Acces limitat<\/td><td>AI de ultim\u0103 genera\u021bie<\/td><td>Disponibilitate limitat\u0103<\/td><td>Perfect pentru cei care adopt\u0103 devreme<\/td><\/tr><tr><td><a href=\"https:\/\/deepart.io\" rel=\"nofollow noopener\" target=\"_blank\">DeepArt.io<\/a><\/td><td>Stiluri artistice, u\u0219or de utilizat<\/td><td>Timpul de procesare poate fi lung<\/td><td>Realiz\u0103ri artistice unice<\/td><td>Timp de generare lent<\/td><td>Potrivit pentru proiecte artistice<\/td><\/tr><tr><td><a href=\"https:\/\/artbreeder.com\" rel=\"nofollow noopener\" target=\"_blank\">Artbreeder<\/a><\/td><td>Colaborare, stiluri diverse<\/td><td>Unele caracteristici se afl\u0103 \u00een spatele unui paywall<\/td><td>Libertatea creativ\u0103<\/td><td>Poate fi complex<\/td><td>Excelent pentru proiecte colaborative<\/td><\/tr><tr><td><a href=\"https:\/\/runwayml.com\" rel=\"nofollow noopener\" target=\"_blank\">Pist\u0103 ML<\/a><\/td><td>Gam\u0103 larg\u0103 de instrumente AI<\/td><td>Scump pentru acces complet<\/td><td>Multifunc\u021bional<\/td><td>Costuri ridicate<\/td><td>Excelent pentru utilizarea AI cuprinz\u0103toare<\/td><\/tr><tr><td><a href=\"https:\/\/deepdreamgenerator.com\" rel=\"nofollow noopener\" target=\"_blank\">Generator de vis profund<\/a><\/td><td>Rezultate suprarealiste \u0219i unice<\/td><td>Mai pu\u021bin control asupra rezultatelor<\/td><td>Amuzant \u0219i experimental<\/td><td>Rezultate imprevizibile<\/td><td>Ideal pentru arta experimental\u0103<\/td><\/tr><tr><td><a href=\"https:\/\/nightcafe.studio\" rel=\"nofollow noopener\" target=\"_blank\">NightCafe<\/a><\/td><td>Varietate de stiluri, orientate c\u0103tre comunitate<\/td><td>Utilizare gratuit\u0103 limitat\u0103<\/td><td>Caracteristici comunitare<\/td><td>Limite de utilizare<\/td><td>Bun pentru interac\u021biunea cu comunitatea<\/td><\/tr><tr><td><a href=\"https:\/\/artisto.com\" rel=\"nofollow noopener\" target=\"_blank\">Artisto<\/a><\/td><td>Mobile-friendly, u\u0219or de utilizat<\/td><td>Limitat la platforma mobil\u0103<\/td><td>Convenabil<\/td><td>Restric\u021bii de platform\u0103<\/td><td>Cel mai bun pentru utilizatorii mobili<\/td><\/tr><\/tbody><\/table><\/figure>\n\n\n\n<p class=\"\">Dup\u0103 compararea acestor instrumente, v\u0103 recomand\u0103m <a href=\"https:\/\/aiartfree.online\/ro\/generator-de-imagini-bing-ai\/\"><strong>Generator de imagini Bing AI<\/strong><\/a> ca fiind cea mai bun\u0103 op\u021biune pentru echilibrul s\u0103u \u00eentre calitate, u\u0219urin\u021b\u0103 \u00een utilizare \u0219i accesibilitate. Pentru mai multe detalii, vizita\u021bi <a href=\"https:\/\/aiartfree.online\/ro\/generator-de-imagini-bing-ai\/\">Generator de imagini Bing AI<\/a>.<\/p>\n\n\n\n<h2 class=\"wp-block-heading\">\u00centreb\u0103ri frecvente<\/h2>\n\n\n\n<ol class=\"wp-block-list\">\n<li class=\"\"><strong>Ce este Bing AI Image Generator?<\/strong> Bing AI Image Generator este un instrument care utilizeaz\u0103 inteligen\u021ba artificial\u0103 pentru a crea imagini bazate pe descrieri text.<\/li>\n\n\n\n<li class=\"\"><strong>Cum func\u021bioneaz\u0103 Bing AI Image Generator?<\/strong> Acesta utilizeaz\u0103 algoritmi generativi de inteligen\u021b\u0103 artificial\u0103 pentru a interpreta mesaje text \u0219i a genera imagini corespunz\u0103toare.<\/li>\n\n\n\n<li class=\"\"><strong>Este gratuit\u0103 utilizarea Bing AI Image Generator?<\/strong> Da, este disponibil gratuit cu anumite limit\u0103ri.<\/li>\n\n\n\n<li class=\"\"><strong>Pot utiliza Bing AI Image Generator \u00een scopuri comerciale?<\/strong> Da, imaginile generate pot fi utilizate pentru proiecte comerciale.<\/li>\n\n\n\n<li class=\"\"><strong>Care sunt beneficiile utiliz\u0103rii Bing AI Image Generator?<\/strong> Acesta ofer\u0103 imagini de \u00eenalt\u0103 calitate, este personalizabil, eficient din punct de vedere al timpului, rentabil \u0219i accesibil.<\/li>\n\n\n\n<li class=\"\"><strong>Am nevoie de cuno\u0219tin\u021be tehnice pentru a utiliza Bing AI Image Generator?<\/strong> Nu, este conceput pentru a fi u\u0219or de utilizat chiar \u0219i pentru cei f\u0103r\u0103 cuno\u0219tin\u021be tehnice.<\/li>\n\n\n\n<li class=\"\"><strong>Ce tipuri de proiecte pot beneficia de Bing AI Image Generator?<\/strong> Campanii de marketing, creare de con\u021binut, materiale educa\u021bionale, art\u0103 \u0219i proiecte de design.<\/li>\n\n\n\n<li class=\"\"><strong>Cum pot oferi feedback cu privire la imaginile generate?<\/strong> De obicei, pute\u021bi g\u0103si o op\u021biune de feedback pe interfa\u021ba instrumentului.<\/li>\n\n\n\n<li class=\"\"><strong>Exist\u0103 limit\u0103ri pentru generatorul de imagini Bing AI?<\/strong> De\u0219i puternic, este posibil s\u0103 nu se ridice \u00eenc\u0103 la nivelul creativit\u0103\u021bii unui designer profesionist.<\/li>\n\n\n\n<li class=\"\"><strong>Unde pot accesa Bing AI Image Generator?<\/strong> \u00cel pute\u021bi accesa la adresa <a href=\"https:\/\/aiartfree.online\/ro\/generator-de-imagini-bing-ai\/\">Generator de imagini Bing AI<\/a>.<\/li>\n<\/ol>\n\n\n\n<p class=\"\">\u00cen concluzie, Bing AI Image Generator este un instrument versatil \u0219i puternic care v\u0103 poate \u00eembun\u0103t\u0103\u021bi proiectele creative prin furnizarea de imagini de \u00eenalt\u0103 calitate generate din descrieri text. Fie c\u0103 sunte\u021bi creator de con\u021binut, marketer, educator sau artist, acest instrument v\u0103 poate economisi timp \u0219i resurse, oferind \u00een acela\u0219i timp rezultate impresionante.<\/p>","protected":false},"excerpt":{"rendered":"<p>How to use Bing AI Image Generator *&nbsp;Depending on your internet speed, loading the model may take a few seconds.* There will be caching during continuous generation, and the new image will appear after about 3 seconds. Introduction of Bing AI Image Generator In today&#8217;s digital age, creating visually stunning images is more important than &#8230; <a title=\"Generator de imagini Bing AI\" class=\"read-more\" href=\"https:\/\/aiartfree.online\/ro\/generator-de-imagini-bing-ai\/\" aria-label=\"Cite\u0219te mai multe despre Bing AI Image Generator\">Cite\u0219te mai mult<\/a><\/p>","protected":false},"author":1,"featured_media":0,"parent":0,"menu_order":0,"comment_status":"open","ping_status":"closed","template":"","meta":{"nf_dc_page":"","footnotes":""},"class_list":["post-2974","page","type-page","status-publish"],"jetpack_sharing_enabled":true,"_links":{"self":[{"href":"https:\/\/aiartfree.online\/ro\/wp-json\/wp\/v2\/pages\/2974","targetHints":{"allow":["GET"]}}],"collection":[{"href":"https:\/\/aiartfree.online\/ro\/wp-json\/wp\/v2\/pages"}],"about":[{"href":"https:\/\/aiartfree.online\/ro\/wp-json\/wp\/v2\/types\/page"}],"author":[{"embeddable":true,"href":"https:\/\/aiartfree.online\/ro\/wp-json\/wp\/v2\/users\/1"}],"replies":[{"embeddable":true,"href":"https:\/\/aiartfree.online\/ro\/wp-json\/wp\/v2\/comments?post=2974"}],"version-history":[{"count":1,"href":"https:\/\/aiartfree.online\/ro\/wp-json\/wp\/v2\/pages\/2974\/revisions"}],"predecessor-version":[{"id":3593,"href":"https:\/\/aiartfree.online\/ro\/wp-json\/wp\/v2\/pages\/2974\/revisions\/3593"}],"wp:attachment":[{"href":"https:\/\/aiartfree.online\/ro\/wp-json\/wp\/v2\/media?parent=2974"}],"curies":[{"name":"wp","href":"https:\/\/api.w.org\/{rel}","templated":true}]}}