{"id":2958,"date":"2024-07-19T10:33:37","date_gmt":"2024-07-19T10:33:37","guid":{"rendered":"https:\/\/aiartfree.online\/?page_id=2958"},"modified":"2025-03-07T08:07:42","modified_gmt":"2025-03-07T08:07:42","slug":"ai-character-generator","status":"publish","type":"page","link":"https:\/\/aiartfree.online\/ro\/generator-de-caractere-ai\/","title":{"rendered":"Generator de caractere AI"},"content":{"rendered":"<h2 class=\"wp-block-heading has-text-align-center\" id=\"what-our-users-made\">Ce au f\u0103cut utilizatorii no\u0219tri<\/h2>\n\n\n\n<figure class=\"gb-block-image gb-block-image-1822da1f\"><img data-recalc-dims=\"1\" decoding=\"async\" loading=\"lazy\" width=\"1200\" height=\"1190\" class=\"gb-image gb-image-1822da1f\" src=\"https:\/\/i0.wp.com\/aiartfree.online\/wp-content\/uploads\/2024\/07\/WX20240719-144752%402x.jpg?resize=1200%2C1190&#038;ssl=1\" alt=\"Generatoarele de caractere AI utilizeaz\u0103 algoritmi avansa\u021bi pentru a da via\u021b\u0103 imagina\u021biei tale, oferind posibilit\u0103\u021bi nelimitate de creare a personajelor.\" title=\"WX20240719-144752@2x\" srcset=\"https:\/\/i0.wp.com\/aiartfree.online\/wp-content\/uploads\/2024\/07\/WX20240719-144752%402x.jpg?w=1632&amp;ssl=1 1632w, https:\/\/i0.wp.com\/aiartfree.online\/wp-content\/uploads\/2024\/07\/WX20240719-144752%402x.jpg?resize=300%2C297&amp;ssl=1 300w, https:\/\/i0.wp.com\/aiartfree.online\/wp-content\/uploads\/2024\/07\/WX20240719-144752%402x.jpg?resize=1024%2C1015&amp;ssl=1 1024w, https:\/\/i0.wp.com\/aiartfree.online\/wp-content\/uploads\/2024\/07\/WX20240719-144752%402x.jpg?resize=150%2C150&amp;ssl=1 150w, https:\/\/i0.wp.com\/aiartfree.online\/wp-content\/uploads\/2024\/07\/WX20240719-144752%402x.jpg?resize=768%2C761&amp;ssl=1 768w, https:\/\/i0.wp.com\/aiartfree.online\/wp-content\/uploads\/2024\/07\/WX20240719-144752%402x.jpg?resize=1536%2C1523&amp;ssl=1 1536w, https:\/\/i0.wp.com\/aiartfree.online\/wp-content\/uploads\/2024\/07\/WX20240719-144752%402x.jpg?resize=12%2C12&amp;ssl=1 12w, https:\/\/i0.wp.com\/aiartfree.online\/wp-content\/uploads\/2024\/07\/WX20240719-144752%402x.jpg?resize=600%2C595&amp;ssl=1 600w, https:\/\/i0.wp.com\/aiartfree.online\/wp-content\/uploads\/2024\/07\/WX20240719-144752%402x.jpg?resize=100%2C100&amp;ssl=1 100w\" sizes=\"auto, (max-width: 1200px) 100vw, 1200px\" \/><\/figure>\n\n\n\n<h2 class=\"wp-block-heading\" id=\"3-steps-to-use\">3 pa\u0219i pentru a utiliza AI Character Generator<\/h2>\n\n\n\n<ol class=\"wp-block-list\">\n<li class=\"\">Introduce\u021bi promptul dvs.<\/li>\n\n\n\n<li class=\"\">Face\u021bi clic pe \"Generare\"<\/li>\n\n\n\n<li class=\"\">Stai, asta este!<\/li>\n<\/ol>\n\n\n\n<figure class=\"gb-block-image gb-block-image-032aac41\"><a href=\"https:\/\/fas.st\/t\/9U4PYbm7\" target=\"_blank\" rel=\"noopener noreferrer\"><img data-recalc-dims=\"1\" decoding=\"async\" loading=\"lazy\" width=\"1200\" height=\"365\" class=\"gb-image gb-image-032aac41\" src=\"https:\/\/i0.wp.com\/aiartfree.online\/wp-content\/uploads\/2025\/03\/WX20250307-115412%402x.webp?resize=1200%2C365&#038;ssl=1\" alt=\"\" title=\"WX20250307-115412@2x\" srcset=\"https:\/\/i0.wp.com\/aiartfree.online\/wp-content\/uploads\/2025\/03\/WX20250307-115412%402x.webp?w=1942&amp;ssl=1 1942w, https:\/\/i0.wp.com\/aiartfree.online\/wp-content\/uploads\/2025\/03\/WX20250307-115412%402x.webp?resize=300%2C91&amp;ssl=1 300w, https:\/\/i0.wp.com\/aiartfree.online\/wp-content\/uploads\/2025\/03\/WX20250307-115412%402x.webp?resize=1024%2C312&amp;ssl=1 1024w, https:\/\/i0.wp.com\/aiartfree.online\/wp-content\/uploads\/2025\/03\/WX20250307-115412%402x.webp?resize=768%2C234&amp;ssl=1 768w, https:\/\/i0.wp.com\/aiartfree.online\/wp-content\/uploads\/2025\/03\/WX20250307-115412%402x.webp?resize=1536%2C467&amp;ssl=1 1536w, https:\/\/i0.wp.com\/aiartfree.online\/wp-content\/uploads\/2025\/03\/WX20250307-115412%402x.webp?resize=18%2C5&amp;ssl=1 18w, https:\/\/i0.wp.com\/aiartfree.online\/wp-content\/uploads\/2025\/03\/WX20250307-115412%402x.webp?resize=600%2C183&amp;ssl=1 600w\" sizes=\"auto, (max-width: 1200px) 100vw, 1200px\" \/><\/a><\/figure>\n\n\n\n<p class=\"\"><em>* \u00cen func\u021bie de viteza internetului, \u00eenc\u0103rcarea modelului poate dura c\u00e2teva secunde.<br>* \u00cen timpul gener\u0103rii continue va exista un proces de cache, iar noua imagine va ap\u0103rea dup\u0103 aproximativ 3 secunde.<\/em><\/p>\n\n\n\n<div style=\"text-align: center; border: 2px solid; border-image-source: linear-gradient(to right, #16b86c, #912899); border-image-slice: 1; box-shadow: 0 0 10px rgba(0, 0, 0, 0.1); border-radius: 15px; position: relative;\">\n  <div id=\"loading\" style=\"position: absolute; top: 100px; left: 50%; transform: translate(-50%, -50%); z-index: 1000;\">\n    <div style=\"width: 50px; height: 50px; border: 5px solid #f3f3f3; border-top: 5px solid #16b86c; border-radius: 50%; animation: spin 1s linear infinite;\"><\/div>\n  <\/div>\n  <iframe loading=\"lazy\"\n    src=\"https:\/\/cagliostrolab-animagine-xl-3-1.hf.space\"\n    frameborder=\"0\"\n    width=\"100%\"\n    height=\"1600\"\n    style=\"display: inline-block; margin: 0 auto;\"\n    onload=\"document.getElementById('loading').style.display='none';\"\n  ><\/iframe>\n<\/div>\n\n<style>\n  @keyframes spin {\n    0% { transform: rotate(0deg); }\n    100% { transform: rotate(360deg); }\n  }\n<\/style>\n\n\n\n<div style=\"height:50px\" aria-hidden=\"true\" class=\"wp-block-spacer\"><\/div>\n\n\n\n<h2 class=\"wp-block-heading\">Exemple de prompturi<\/h2>\n\n\n\n<ol style=\"font-size:16px\" class=\"wp-block-list\">\n<li class=\"\">uluitoare extrem de detaliate ilustrare roman grafic de morgan freeman de echitatie o motocicleta harley davidson , \u00eentuneric \u0219i gritty<\/li>\n\n\n\n<li class=\"\">ilustra\u021bie uluitoare de roman grafic \u00cen mijlocul vastei \u00eentinderi a unei nebuloase, un astronaut singuratic plute\u0219te, legat de o nav\u0103 stelar\u0103 luminoas\u0103. Gazele radiante ale nebuloasei danseaz\u0103 \u00een jur, reflect\u00e2nd culori vibrante pe costum, cre\u00e2nd un balet de lumin\u0103 \u0219i mi\u0219care.<\/li>\n\n\n\n<li class=\"\">La o r\u0103scruce de drumuri \u00eentr-o pustietate post-apocaliptic\u0103, un vagabond cu o chitar\u0103 f\u0103cut\u0103 din fier vechi c\u00e2nt\u0103 pove\u0219ti despre lumea veche. Creaturi mutante se adun\u0103 \u00een jurul focului de tab\u0103r\u0103, cu ochii plini de nostalgie.<\/li>\n\n\n\n<li class=\"\">ilustra\u021bie uluitoare de roman grafic a unui copil care urm\u0103re\u0219te fluturi colora\u021bi \u00eentr-o paji\u0219te vibrant\u0103.<\/li>\n\n\n\n<li class=\"\">ilustra\u021bie uluitoare de roman grafic Pe o plaj\u0103 unde valurile sunt \u021besute cu pove\u0219ti, un povestitor cu un r\u0103zboi de \u021besut din lumina lunii me\u0219tere\u0219te pove\u0219ti din valuri. Scoicile \u0219optesc legende, iar orizontul este o tapiserie de aventuri care urmeaz\u0103 s\u0103 fie spuse.<\/li>\n\n\n\n<li class=\"\">ilustra\u021bie uluitoare de roman grafic a unui \u0219oim care zboar\u0103 deasupra unui de\u0219ert, \u00een c\u0103utarea pr\u0103zii.<\/li>\n\n\n\n<li class=\"\">ilustra\u021bie uluitoare de roman grafic \u00cen ad\u00e2ncul cercului arctic, o auror\u0103 picteaz\u0103 cerul cu nuan\u021be vibrante de verde, roz \u0219i violet. Z\u0103pada de dedesubt reflect\u0103 acest dans de lumini, iar lumea este \u00eenv\u0103luit\u0103 \u00eentr-o simfonie hipnotizant\u0103 de culori.<\/li>\n\n\n\n<li class=\"\">ilustra\u021bie uluitoare de roman grafic a unui artist tatuator care detaliaz\u0103 un design complicat pe spatele unui client.<\/li>\n\n\n\n<li class=\"\">ilustra\u021bie uluitoare de roman grafic cu O femeie, drapat\u0103 \u00een m\u0103t\u0103suri colorate, citind c\u0103r\u021bi de tarot \u00eentr-un cort luminat de lum\u00e2n\u0103ri.<\/li>\n\n\n\n<li class=\"\">ilustra\u021bie uluitoare de roman grafic cu doi spelunkers care cartografiaz\u0103 o pe\u0219ter\u0103 ad\u00e2nc\u0103, cu tor\u021be care lumineaz\u0103 drumul.<\/li>\n<\/ol>\n\n\n\n<div style=\"height:50px\" aria-hidden=\"true\" class=\"wp-block-spacer\"><\/div>\n\n\n\n<h2 class=\"wp-block-heading\" id=\"introduction-to-ai-character-generator\">Introducere \u00een generatorul de caractere AI<\/h2>\n\n\n\n<p class=\"\">\u00cen era digital\u0103, crearea de personaje unice \u0219i atractive pentru pove\u0219ti, jocuri sau proiecte personale a devenit mai accesibil\u0103 datorit\u0103 generatoarelor de caractere AI. Aceste instrumente utilizeaz\u0103 algoritmi avansa\u021bi pentru a da via\u021b\u0103 imagina\u021biei dumneavoastr\u0103, oferind posibilit\u0103\u021bi nelimitate pentru crearea de personaje. Acest articol exploreaz\u0103 lumea generatoarelor de caractere AI, beneficiile acestora \u0219i modul \u00een care pute\u021bi profita la maximum de ele.<\/p>\n\n\n\n<div class=\"wp-block-rank-math-toc-block\" id=\"rank-math-toc\"><h3>Tabla de con\u021binut<\/h3><nav><ul><li><a href=\"#what-is-an-ai-character-generator\">Ce este un generator de caractere AI?<\/a><\/li><li><a href=\"#why-use-an-ai-character-generator\">De ce s\u0103 folosi\u021bi un generator de caractere AI?<\/a><\/li><li><a href=\"#benefits-of-using-ai-character-generators\">Beneficiile utiliz\u0103rii generatoarelor de caractere AI<\/a><\/li><li><a href=\"#when-to-use-it\">C\u00e2nd s\u0103 \u00eel utiliza\u021bi<\/a><\/li><li><a href=\"#who-should-use-it\">Cine ar trebui s\u0103 \u00eel utilizeze?<\/a><\/li><li><a href=\"#comparison-of-ai-character-generators\">Compara\u021bie \u00eentre generatoarele de caractere AI<\/a><\/li><li><a href=\"#faq\">\u00ceNTREB\u0102RI FRECVENTE<\/a><\/li><\/ul><\/nav><\/div>\n\n\n\n<h3 class=\"wp-block-heading\" id=\"what-is-an-ai-character-generator\">Ce este un generator de caractere AI?<\/h3>\n\n\n\n<p class=\"\">Un generator de caractere AI este un instrument digital care utilizeaz\u0103 inteligen\u021ba artificial\u0103 pentru a crea personaje pe baza datelor introduse de utilizator. Aceste generatoare pot produce modele detaliate de personaje, istorii \u0219i tr\u0103s\u0103turi de personalitate, ceea ce le face valoroase pentru scriitori, dezvoltatori de jocuri \u0219i arti\u0219ti.<\/p>\n\n\n\n<h3 class=\"wp-block-heading\" id=\"why-use-an-ai-character-generator\">De ce s\u0103 folosi\u021bi un generator de caractere AI?<\/h3>\n\n\n\n<p class=\"\">Generatoarele de caractere AI ofer\u0103 mai multe avantaje, inclusiv:<\/p>\n\n\n\n<ul class=\"wp-block-list\">\n<li class=\"\"><strong>Eficien\u021b\u0103<\/strong>: Genera\u021bi rapid caractere f\u0103r\u0103 efort manual considerabil.<\/li>\n\n\n\n<li class=\"\"><strong>Stimularea creativit\u0103\u021bii<\/strong>: Explora\u021bi noi idei \u0219i modele de personaje pe care nu le-a\u021bi fi luat \u00een considerare.<\/li>\n\n\n\n<li class=\"\"><strong>Consisten\u021b\u0103<\/strong>: Men\u021bine\u021bi consecven\u021ba tr\u0103s\u0103turilor de caracter \u0219i a pove\u0219tilor de fundal \u00een cadrul diferitelor proiecte.<\/li>\n\n\n\n<li class=\"\"><strong>Inspira\u021bie<\/strong>: Dep\u0103\u0219i\u021bi blocajele creative cu idei noi din sugestiile AI.<\/li>\n<\/ul>\n\n\n\n<h3 class=\"wp-block-heading\" id=\"benefits-of-using-ai-character-generators\">Beneficiile utiliz\u0103rii generatoarelor de caractere AI<\/h3>\n\n\n\n<p class=\"\">Utilizarea generatoarelor de caractere AI ofer\u0103 numeroase beneficii:<\/p>\n\n\n\n<ul class=\"wp-block-list\">\n<li class=\"\"><strong>Creator de caractere Gratuit<\/strong>: Multe generatoare de caractere AI sunt disponibile gratuit, ceea ce le face accesibile tuturor.<\/li>\n\n\n\n<li class=\"\"><strong>Caracter AI Generator<\/strong>: Aceste instrumente utilizeaz\u0103 algoritmi AI sofistica\u021bi pentru a crea personaje realiste \u0219i diverse.<\/li>\n\n\n\n<li class=\"\"><strong>Crea\u021bi un personaj<\/strong>: Crea\u021bi cu u\u0219urin\u021b\u0103 personaje pentru diverse medii, inclusiv pove\u0219ti, jocuri \u0219i lucr\u0103ri de art\u0103.<\/li>\n\n\n\n<li class=\"\"><strong>Generator de povestea personajului<\/strong>: Genera\u021bi pove\u0219ti conving\u0103toare care s\u0103 dea profunzime personajelor voastre.<\/li>\n\n\n\n<li class=\"\"><strong>Generator de design de caractere aleatorii<\/strong>: Ob\u021bine\u021bi modele aleatorii de personaje pentru a stimula creativitatea \u0219i a descoperi noi posibilit\u0103\u021bi.<\/li>\n<\/ul>\n\n\n\n<h3 class=\"wp-block-heading\" id=\"when-to-use-it\">C\u00e2nd s\u0103 \u00eel utiliza\u021bi<\/h3>\n\n\n\n<p class=\"\">Generatoarele de caractere AI sunt ideale \u00een urm\u0103toarele scenarii:<\/p>\n\n\n\n<ul class=\"wp-block-list\">\n<li class=\"\"><strong>Dezvoltarea jocurilor<\/strong>: Crea\u021bi rapid NPC-uri sau personaje principale cu tr\u0103s\u0103turi unice.<\/li>\n\n\n\n<li class=\"\"><strong>Scrierea pove\u0219tilor<\/strong>: Dezvolta\u021bi personaje detaliate cu pove\u0219ti bogate pentru nara\u021biunile dumneavoastr\u0103.<\/li>\n\n\n\n<li class=\"\"><strong>Proiecte de art\u0103<\/strong>: Genera\u021bi modele de personaje pentru ilustra\u021bii sau benzi desenate.<\/li>\n\n\n\n<li class=\"\"><strong>Jocuri de rol<\/strong>: Crea\u021bi personaje cu personalit\u0103\u021bi complexe pentru RPG-uri de mas\u0103 sau online.<\/li>\n<\/ul>\n\n\n\n<h3 class=\"wp-block-heading\" id=\"who-should-use-it\">Cine ar trebui s\u0103 \u00eel utilizeze?<\/h3>\n\n\n\n<p class=\"\">Generatoarele de caractere AI sunt potrivite pentru o gam\u0103 larg\u0103 de utilizatori, inclusiv:<\/p>\n\n\n\n<ul class=\"wp-block-list\">\n<li class=\"\"><strong>Scriitori<\/strong>: \u00cembun\u0103t\u0103\u021bi\u021bi-v\u0103 pove\u0219tile cu personaje bine dezvoltate.<\/li>\n\n\n\n<li class=\"\"><strong>Dezvoltatori de jocuri<\/strong>: Economisi\u021bi timp la crearea personajelor pentru jocurile dvs.<\/li>\n\n\n\n<li class=\"\"><strong>Arti\u0219ti<\/strong>: Exploreaz\u0103 noi modele \u0219i stiluri de personaje.<\/li>\n\n\n\n<li class=\"\"><strong>Entuzia\u0219ti RPG<\/strong>: Dezvolt\u0103 personaje complexe pentru jocurile tale.<\/li>\n\n\n\n<li class=\"\"><strong>Educatori<\/strong>: Utiliza\u021bi generatoarele de caractere ca instrument pentru exerci\u021bii de scriere creativ\u0103.<\/li>\n<\/ul>\n\n\n\n<h3 class=\"wp-block-heading\" id=\"comparison-of-ai-character-generators\">Compara\u021bie \u00eentre generatoarele de caractere AI<\/h3>\n\n\n\n<p class=\"\">Mai jos este prezentat\u0103 o compara\u021bie a diferitelor generatoare de caractere AI, avantajele \u0219i dezavantajele acestora, avantajele, provoc\u0103rile \u0219i recomand\u0103rile.<\/p>\n\n\n\n<figure class=\"wp-block-table\"><table class=\"has-fixed-layout\"><thead><tr><th>Nume instrument<\/th><th>Avantaje<\/th><th>Contra<\/th><th>Avantaje<\/th><th>Provoc\u0103ri<\/th><th>Recomand\u0103ri<\/th><\/tr><\/thead><tbody><tr><td><a href=\"https:\/\/aiartfree.online\/ro\/generator-de-caractere-ai\/\" data-type=\"link\" data-id=\"https:\/\/aiartfree.online\/ai-character-generator\">Generator de caractere AI<\/a><\/td><td>U\u0219or de utilizat, gratuit<\/td><td>Personalizare limitat\u0103<\/td><td>Crearea rapid\u0103 a personajului<\/td><td>Poate necesita conexiune la internet<\/td><td>Cel mai bun pentru \u00eencep\u0103tori<\/td><\/tr><tr><td>Creator de personaje<\/td><td>Extrem de personalizabil<\/td><td>Curb\u0103 de \u00eenv\u0103\u021bare mai abrupt\u0103<\/td><td>Proiecte detaliate<\/td><td>Poate fi consumatoare de timp<\/td><td>Ideal pentru utilizatorii experimenta\u021bi<\/td><\/tr><tr><td>Generator de caractere aleatorii<\/td><td>Amuzant \u0219i creativ<\/td><td>Aleatorismul poate s\u0103 nu se potriveasc\u0103 tuturor<\/td><td>Excelent pentru inspira\u021bie<\/td><td>Mai pu\u021bin control asupra produc\u021biei<\/td><td>Utiliza\u021bi pentru brainstorming<\/td><\/tr><tr><td>Generator de pove\u0219ti de fundal<\/td><td>Istorii bogate<\/td><td>Design vizual limitat<\/td><td>\u00cembun\u0103t\u0103\u021be\u0219te profunzimea personajului<\/td><td>Pot lipsi elementele vizuale<\/td><td>Combinare cu instrumente vizuale<\/td><\/tr><tr><td>Difuzie stabil\u0103<\/td><td>Imagini de \u00eenalt\u0103 calitate<\/td><td>Necesit\u0103 competen\u021be tehnice<\/td><td>AI de ultim\u0103 genera\u021bie<\/td><td>Poate fi complex<\/td><td>Cel mai bun pentru utilizatorii avansa\u021bi<\/td><\/tr><tr><td>Instrumente de art\u0103 online<\/td><td>Instrumente versatile<\/td><td>Poate fi cople\u0219itor<\/td><td>Gam\u0103 larg\u0103 de caracteristici<\/td><td>Poate necesita \u00eenv\u0103\u021bare<\/td><td>Cel mai bun pentru proiecte cuprinz\u0103toare<\/td><\/tr><tr><td>Proiectarea personajelor cu ajutorul AI<\/td><td>Rapid \u0219i eficient<\/td><td>Poate lipsi unicitatea<\/td><td>Ideal pentru proiecte rapide<\/td><td>Personalizare limitat\u0103<\/td><td>Utiliza\u021bi pentru prototipuri rapide<\/td><\/tr><tr><td>Crea\u021bi art\u0103 generat\u0103 de AI<\/td><td>Rezultate creative<\/td><td>Necesit\u0103 indica\u021bii<\/td><td>Angajant \u0219i interactiv<\/td><td>Poate fi nevoie de \u00eencerc\u0103ri \u0219i erori<\/td><td>Cel mai bun pentru explorarea creativ\u0103<\/td><\/tr><tr><td>Opera de art\u0103 generat\u0103 de AI<\/td><td>Realism ridicat<\/td><td>Poate necesita multe resurse<\/td><td>Personaje fotorealiste<\/td><td>Necesit\u0103 hardware puternic<\/td><td>Cel mai bun pentru proiecte high-end<\/td><\/tr><tr><td>AI Art Generator<\/td><td>Acces u\u0219or<\/td><td>Op\u021biuni gratuite limitate<\/td><td>Excelent pentru \u00eencep\u0103tori<\/td><td>Poate avea nevoie de abonamente<\/td><td>Cel mai bun pentru \u00eenceput<\/td><\/tr><\/tbody><\/table><\/figure>\n\n\n\n<p class=\"\">Cel mai bun generator de caractere AI este <a href=\"https:\/\/aiartfree.online\/ro\/generator-de-caractere-ai\/\">Generator de caractere AI<\/a>, care ofer\u0103 o interfa\u021b\u0103 u\u0219or de utilizat \u0219i caracteristici robuste pentru crearea de personaje detaliate \u0219i unice.<\/p>\n\n\n\n<h3 class=\"wp-block-heading\" id=\"faq\">\u00ceNTREB\u0102RI FRECVENTE<\/h3>\n\n\n\n<p class=\"\"><strong>Q1: Ce este un generator de caractere AI?<\/strong> Un generator de personaje AI este un instrument care utilizeaz\u0103 inteligen\u021ba artificial\u0103 pentru a crea personaje pe baza datelor introduse de utilizator, inclusiv design, tr\u0103s\u0103turi \u0219i pove\u0219ti.<\/p>\n\n\n\n<p class=\"\"><strong>Q2: Cum func\u021bioneaz\u0103 generatoarele de caractere AI?<\/strong> Aceste generatoare utilizeaz\u0103 algoritmi de \u00eenv\u0103\u021bare automat\u0103 pentru a analiza datele introduse de utilizatori \u0219i pentru a genera personaje cu tr\u0103s\u0103turi \u0219i modele specificate.<\/p>\n\n\n\n<p class=\"\"><strong>Q3: Generatoarele de caractere AI sunt gratuite?<\/strong> Multe generatoare de caractere AI ofer\u0103 versiuni gratuite, de\u0219i unele pot avea caracteristici premium care necesit\u0103 plat\u0103.<\/p>\n\n\n\n<p class=\"\"><strong>Q4: Pot personaliza personajele \u00een generatoarele de caractere AI?<\/strong> Da, majoritatea generatoarelor de caractere AI permit diferite niveluri de personalizare pentru a se potrivi nevoilor dumneavoastr\u0103.<\/p>\n\n\n\n<p class=\"\"><strong>\u00ce5: Care sunt cele mai bune generatoare de caractere AI?<\/strong> Unele dintre cele mai importante generatoare de caractere AI includ <a href=\"https:\/\/aiartfree.online\/ro\/generator-de-caractere-ai\/\">Generator de caractere AI<\/a>, Creator de caractere \u0219i Generator aleatoriu de caractere.<\/p>\n\n\n\n<p class=\"\"><strong>\u00ce6: Cum pot folosi generatoarele de caractere AI \u00een scris?<\/strong> Scriitorii pot folosi aceste instrumente pentru a dezvolta personaje \u0219i pove\u0219ti detaliate, \u00eembun\u0103t\u0103\u021bindu-\u0219i povestirea.<\/p>\n\n\n\n<p class=\"\"><strong>\u00ce7: Sunt generatoarele de caractere AI utile pentru dezvoltarea jocurilor?<\/strong> Absolut. Aceste instrumente pot crea rapid personaje diverse \u0219i complexe pentru jocuri, economisind timp \u0219i resurse.<\/p>\n\n\n\n<p class=\"\"><strong>\u00ce8: Pot generatoarele de caractere AI s\u0103 creeze caractere realiste?<\/strong> Da, unele generatoare avansate precum Stable Diffusion \u0219i AI Generated Artwork produc personaje foarte realiste.<\/p>\n\n\n\n<p class=\"\"><strong>\u00ce9: Ce ar trebui s\u0103 iau \u00een considerare atunci c\u00e2nd aleg un generator de caractere AI?<\/strong> Lua\u021bi \u00een considerare factori precum u\u0219urin\u021ba de utilizare, op\u021biunile de personalizare, calitatea produc\u021biei \u0219i dac\u0103 v\u0103 satisface nevoile specifice.<\/p>\n\n\n\n<p class=\"\"><strong>Q10: Unde pot g\u0103si cel mai bun generator de caractere AI?<\/strong> Cel mai bun generator de caractere AI poate fi g\u0103sit la <a href=\"https:\/\/aiartfree.online\/ro\/generator-de-caractere-ai\/\">Generator de caractere AI<\/a>, oferind o suit\u0103 complet\u0103 de caracteristici pentru crearea personajelor.<\/p>\n\n\n\n<p class=\"\">Utiliz\u00e2nd puterea generatoarelor de caractere AI, pute\u021bi simplifica procesul de creare a personajelor, pute\u021bi spori creativitatea \u0219i pute\u021bi da via\u021b\u0103 cu u\u0219urin\u021b\u0103 personajelor dvs.<\/p>\n\n\n\n<p class=\"\">Dac\u0103 ave\u021bi \u00eentreb\u0103ri suplimentare, v\u0103 rug\u0103m s\u0103 le adresa\u021bi <a href=\"https:\/\/chatgpt4o.space\/\" target=\"_blank\" data-type=\"link\" data-id=\"https:\/\/chatgpt4o.space\/\" rel=\"noreferrer noopener\">ChatGPT 4o mini online gratuit<\/a><\/p>","protected":false},"excerpt":{"rendered":"<p>What our users made 3 Steps to Use AI Character Generator *&nbsp;Depending on your internet speed, loading the model may take a few seconds.* There will be caching during continuous generation, and the new image will appear after about 3 seconds. Prompt Examples Introduction to AI Character Generator In the digital age, creating unique and &#8230; <a title=\"Generator de caractere AI\" class=\"read-more\" href=\"https:\/\/aiartfree.online\/ro\/generator-de-caractere-ai\/\" aria-label=\"Cite\u0219te mai multe despre AI Character Generator\">Cite\u0219te mai mult<\/a><\/p>","protected":false},"author":1,"featured_media":2961,"parent":0,"menu_order":0,"comment_status":"open","ping_status":"closed","template":"","meta":{"nf_dc_page":"","footnotes":""},"class_list":["post-2958","page","type-page","status-publish","has-post-thumbnail"],"jetpack_sharing_enabled":true,"_links":{"self":[{"href":"https:\/\/aiartfree.online\/ro\/wp-json\/wp\/v2\/pages\/2958","targetHints":{"allow":["GET"]}}],"collection":[{"href":"https:\/\/aiartfree.online\/ro\/wp-json\/wp\/v2\/pages"}],"about":[{"href":"https:\/\/aiartfree.online\/ro\/wp-json\/wp\/v2\/types\/page"}],"author":[{"embeddable":true,"href":"https:\/\/aiartfree.online\/ro\/wp-json\/wp\/v2\/users\/1"}],"replies":[{"embeddable":true,"href":"https:\/\/aiartfree.online\/ro\/wp-json\/wp\/v2\/comments?post=2958"}],"version-history":[{"count":1,"href":"https:\/\/aiartfree.online\/ro\/wp-json\/wp\/v2\/pages\/2958\/revisions"}],"predecessor-version":[{"id":3596,"href":"https:\/\/aiartfree.online\/ro\/wp-json\/wp\/v2\/pages\/2958\/revisions\/3596"}],"wp:featuredmedia":[{"embeddable":true,"href":"https:\/\/aiartfree.online\/ro\/wp-json\/wp\/v2\/media\/2961"}],"wp:attachment":[{"href":"https:\/\/aiartfree.online\/ro\/wp-json\/wp\/v2\/media?parent=2958"}],"curies":[{"name":"wp","href":"https:\/\/api.w.org\/{rel}","templated":true}]}}