{"id":2889,"date":"2024-07-18T12:53:54","date_gmt":"2024-07-18T12:53:54","guid":{"rendered":"https:\/\/aiartfree.online\/?page_id=2889"},"modified":"2024-07-20T06:31:00","modified_gmt":"2024-07-20T06:31:00","slug":"free-dalle-3","status":"publish","type":"page","link":"https:\/\/aiartfree.online\/ro\/liber-dalle-3\/","title":{"rendered":"Gratuit DALL-E 3"},"content":{"rendered":"<h2 class=\"wp-block-heading\">Cum s\u0103 utiliza\u021bi DALL-E 3 gratuit<\/h2>\n\n\n\n<ol class=\"wp-block-list\">\n<li class=\"\">Introduce\u021bi instruc\u021biunile dvs.<\/li>\n\n\n\n<li class=\"\">Face\u021bi clic pe \"Executare\"<\/li>\n\n\n\n<li class=\"\">Stai, asta este!<\/li>\n<\/ol>\n\n\n\n<p class=\"\"><em>* \u00cen func\u021bie de viteza internetului, \u00eenc\u0103rcarea modelului poate dura c\u00e2teva secunde.<br>* \u00cen timpul gener\u0103rii continue va exista un proces de cache, iar noua imagine va ap\u0103rea dup\u0103 aproximativ 3 secunde.<\/em><\/p>\n\n\n\n<div style=\"text-align: center; border: 2px solid; border-image-source: linear-gradient(to right, #16b86c, #912899); border-image-slice: 1; box-shadow: 0 0 10px rgba(0, 0, 0, 0.1); border-radius: 15px;\">\n  <iframe loading=\"lazy\"\n    src=\"https:\/\/ehristoforu-dalle-3-xl-lora-v2.hf.space\"\n    frameborder=\"0\"\n    width=\"600\"\n    height=\"950\"\n    style=\"display: inline-block; margin: 0 auto;\"\n  ><\/iframe>\n<\/div>\n\n\n\n<div style=\"height:100px\" aria-hidden=\"true\" class=\"wp-block-spacer\"><\/div>\n\n\n\n<h1 class=\"gb-headline gb-headline-b91c046b gb-headline-text\"><strong>Introducerea gratuit\u0103 DALL-E 3<\/strong><\/h1>\n\n\n\n<figure class=\"wp-block-image size-large is-resized\"><img data-recalc-dims=\"1\" decoding=\"async\" width=\"1024\" height=\"1024\"   loading=\"lazy\" src=\"https:\/\/i0.wp.com\/aiartfree.online\/wp-content\/uploads\/2024\/07\/avocado-square-1-1-1-1-1-1-1-1-1-1-1-1-1.jpg?resize=1024%2C1024&#038;ssl=1\" alt=\"Free Online DALL-E 3: Model AI care genereaz\u0103 imagini\/videouri de \u00eenalt\u0103 calitate din mesaje text, revolu\u021bion\u00e2nd crearea de con\u021binut generat de AI f\u0103r\u0103 a necesita abilit\u0103\u021bi artistice.\" class=\"wp-image-2825\" style=\"width:416px;height:auto\" srcset=\"https:\/\/i0.wp.com\/aiartfree.online\/wp-content\/uploads\/2024\/07\/avocado-square-1-1-1-1-1-1-1-1-1-1-1-1-1.jpg?resize=1024%2C1024&amp;ssl=1 1024w, https:\/\/i0.wp.com\/aiartfree.online\/wp-content\/uploads\/2024\/07\/avocado-square-1-1-1-1-1-1-1-1-1-1-1-1-1.jpg?resize=300%2C300&amp;ssl=1 300w, https:\/\/i0.wp.com\/aiartfree.online\/wp-content\/uploads\/2024\/07\/avocado-square-1-1-1-1-1-1-1-1-1-1-1-1-1.jpg?resize=100%2C100&amp;ssl=1 100w, https:\/\/i0.wp.com\/aiartfree.online\/wp-content\/uploads\/2024\/07\/avocado-square-1-1-1-1-1-1-1-1-1-1-1-1-1.jpg?resize=600%2C600&amp;ssl=1 600w, https:\/\/i0.wp.com\/aiartfree.online\/wp-content\/uploads\/2024\/07\/avocado-square-1-1-1-1-1-1-1-1-1-1-1-1-1.jpg?resize=150%2C150&amp;ssl=1 150w, https:\/\/i0.wp.com\/aiartfree.online\/wp-content\/uploads\/2024\/07\/avocado-square-1-1-1-1-1-1-1-1-1-1-1-1-1.jpg?resize=768%2C768&amp;ssl=1 768w, https:\/\/i0.wp.com\/aiartfree.online\/wp-content\/uploads\/2024\/07\/avocado-square-1-1-1-1-1-1-1-1-1-1-1-1-1.jpg?resize=1536%2C1536&amp;ssl=1 1536w, https:\/\/i0.wp.com\/aiartfree.online\/wp-content\/uploads\/2024\/07\/avocado-square-1-1-1-1-1-1-1-1-1-1-1-1-1.jpg?resize=12%2C12&amp;ssl=1 12w, https:\/\/i0.wp.com\/aiartfree.online\/wp-content\/uploads\/2024\/07\/avocado-square-1-1-1-1-1-1-1-1-1-1-1-1-1.jpg?w=1792&amp;ssl=1 1792w\" sizes=\"auto, (max-width: 1024px) 100vw, 1024px\" \/><\/figure>\n\n\n\n<h2 class=\"wp-block-heading\"><strong>Schi\u021b\u0103:<\/strong><\/h2>\n\n\n\n<ul class=\"wp-block-list\">\n<li class=\"\">Ce este Free Online DALL-E 3?<\/li>\n\n\n\n<li class=\"\">De ce s\u0103 folosi\u021bi DALL-E 3 online gratuit?<\/li>\n\n\n\n<li class=\"\">Beneficiile utiliz\u0103rii DALL-E 3 online gratuit<\/li>\n\n\n\n<li class=\"\">C\u00e2nd s\u0103 utiliza\u021bi DALL-E 3 online gratuit<\/li>\n\n\n\n<li class=\"\">Cine poate beneficia de DALL-E 3 online gratuit<\/li>\n\n\n\n<li class=\"\">Instrumente \u0219i resurse online gratuite pentru DALL-E 3<\/li>\n\n\n\n<li class=\"\">\u00ceNTREB\u0102RI FRECVENTE: \u00centreb\u0103ri frecvente despre DALL-E 3 online gratuit<\/li>\n<\/ul>\n\n\n\n<h3 class=\"wp-block-heading\" id=\"6b4aa913\"><a href=\"https:\/\/dromerosm-groq-llama3.hf.space\/#6b4aa913\" target=\"_blank\" rel=\"noopener\"><\/a>Ce este Free DALL-E 3?<\/h3>\n\n\n\n<p class=\"\">Free Online DALL-E 3 este un tip de model de inteligen\u021b\u0103 artificial\u0103 (AI) care permite utilizatorilor s\u0103 genereze imagini \u0219i videoclipuri de \u00eenalt\u0103 calitate folosind indica\u021bii text. Aceast\u0103 tehnologie inovatoare a revolu\u021bionat domeniul con\u021binutului generat de AI, permi\u021b\u00e2nd utilizatorilor s\u0103 creeze imagini uimitoare f\u0103r\u0103 a necesita abilit\u0103\u021bi artistice extinse.<\/p>\n\n\n\n<h3 class=\"wp-block-heading\" id=\"1403ba15\"><a href=\"https:\/\/dromerosm-groq-llama3.hf.space\/#1403ba15\" target=\"_blank\" rel=\"noopener\"><\/a>De ce s\u0103 folosi\u021bi gratuit DALL-E 3?<\/h3>\n\n\n\n<p class=\"\">Free Online DALL-E 3 ofer\u0103 numeroase beneficii at\u00e2t persoanelor fizice, c\u00e2t \u0219i companiilor. Aceast\u0103 tehnologie poate fi utilizat\u0103 pentru a crea reclame atr\u0103g\u0103toare, con\u021binut social media \u0219i chiar pove\u0219ti \u00eentregi. Aplica\u021biile sale sunt nelimitate, iar capacitatea sa de a genera imagini de \u00eenalt\u0103 calitate a f\u0103cut-o un instrument esen\u021bial pentru multe industrii, inclusiv marketing, divertisment \u0219i educa\u021bie.<\/p>\n\n\n\n<h3 class=\"wp-block-heading\" id=\"6a9ba0cf\"><a href=\"https:\/\/dromerosm-groq-llama3.hf.space\/#6a9ba0cf\" target=\"_blank\" rel=\"noopener\"><\/a>Beneficiile utiliz\u0103rii Free DALL-E 3<\/h3>\n\n\n\n<p class=\"\">Iat\u0103 c\u00e2teva dintre beneficiile utiliz\u0103rii Free Online DALL-E 3:<\/p>\n\n\n\n<ul class=\"wp-block-list\">\n<li class=\"\"><strong>Calitate de neegalat a imaginii<\/strong>: Free Online DALL-E 3 genereaz\u0103 imagini comparabile cu cele create de arti\u0219ti profesioni\u0219ti.<\/li>\n\n\n\n<li class=\"\"><strong>Timp eficient<\/strong>: Aceast\u0103 tehnologie permite utilizatorilor s\u0103 creeze imagini de \u00eenalt\u0103 calitate \u00een c\u00e2teva minute, economisind timp \u0219i efort.<\/li>\n\n\n\n<li class=\"\"><strong>Cost-eficiente<\/strong>: Free Online DALL-E 3 elimin\u0103 necesitatea de a angaja arti\u0219ti profesioni\u0219ti sau de a achizi\u021biona software costisitor.<\/li>\n<\/ul>\n\n\n\n<h3 class=\"wp-block-heading\" id=\"5ca44098\"><a href=\"https:\/\/dromerosm-groq-llama3.hf.space\/#5ca44098\" target=\"_blank\" rel=\"noopener\"><\/a>C\u00e2nd s\u0103 utiliza\u021bi DALL-E 3 gratuit<\/h3>\n\n\n\n<p class=\"\">Free Online DALL-E 3 este potrivit pentru diferite scenarii, inclusiv:<\/p>\n\n\n\n<ul class=\"wp-block-list\">\n<li class=\"\"><strong>Campanii de marketing<\/strong>: Crea\u021bi reclame atr\u0103g\u0103toare \u0219i con\u021binut social media pentru a atrage aten\u021bia publicului \u021bint\u0103.<\/li>\n\n\n\n<li class=\"\"><strong>Storytelling<\/strong>: Utiliza\u021bi Free Online DALL-E 3 pentru a crea pove\u0219ti \u00eentregi, inclusiv personaje, fundaluri \u0219i recuzit\u0103.<\/li>\n\n\n\n<li class=\"\"><strong>Educa\u021bie<\/strong>: Utiliza\u021bi aceast\u0103 tehnologie pentru a crea con\u021binut educa\u021bional interactiv \u0219i captivant.<\/li>\n<\/ul>\n\n\n\n<h3 class=\"wp-block-heading\" id=\"a38adbc\"><a href=\"https:\/\/dromerosm-groq-llama3.hf.space\/#a38adbc\" target=\"_blank\" rel=\"noopener\"><\/a>Cine poate beneficia de DALL-E 3 gratuit<\/h3>\n\n\n\n<p class=\"\">Free Online DALL-E 3 poate aduce beneficii diferitelor persoane \u0219i industrii, inclusiv:<\/p>\n\n\n\n<ul class=\"wp-block-list\">\n<li class=\"\"><strong>Marketeri<\/strong>: Crea\u021bi imagini de \u00eenalt\u0103 calitate pentru campaniile de marketing.<\/li>\n\n\n\n<li class=\"\"><strong>Arti\u0219ti<\/strong>: S\u0103 genereze inspira\u021bie pentru lucr\u0103rile lor de art\u0103 sau s\u0103 le foloseasc\u0103 ca instrument pentru a crea noi lucr\u0103ri.<\/li>\n\n\n\n<li class=\"\"><strong>Educatori<\/strong>: Crea\u021bi con\u021binut educa\u021bional interactiv \u0219i atractiv.<\/li>\n<\/ul>\n\n\n\n<h3 class=\"wp-block-heading\" id=\"5e6df429\"><a href=\"https:\/\/dromerosm-groq-llama3.hf.space\/#5e6df429\" target=\"_blank\" rel=\"noopener\"><\/a>Instrumente \u0219i resurse online gratuite pentru DALL-E 3<\/h3>\n\n\n\n<p class=\"\">Iat\u0103 c\u00e2teva resurse \u0219i instrumente online care v\u0103 pot ajuta s\u0103 \u00eencepe\u021bi cu Free Online DALL-E 3:<\/p>\n\n\n\n<figure class=\"wp-block-table\"><table class=\"has-fixed-layout\"><thead><tr><th>Resurse<\/th><th>Descriere<\/th><th>Site web<\/th><\/tr><\/thead><tbody><tr><td>AI Art Gratuit Online<\/td><td>O platform\u0103 care ofer\u0103 un model DALL-E 3 online gratuit<\/td><td><a href=\"https:\/\/aiartfree.online\/ro\/free-online-dalle-3\/\" target=\"_blank\" rel=\"noreferrer noopener\">https:\/\/aiartfree.online\/free-online-dall%c2%b7e-3\/<\/a><\/td><\/tr><tr><td>DALL-E 3 GitHub<\/td><td>Depozitul oficial GitHub pentru DALL-E 3<\/td><td><a href=\"https:\/\/github.com\/dalle\/dalle-3\" target=\"_blank\" rel=\"noreferrer noopener\">https:\/\/github.com\/dalle\/dalle-3<\/a><\/td><\/tr><tr><td>Comunitatea de art\u0103 generat\u0103 de inteligen\u021ba artificial\u0103<\/td><td>O comunitate care discut\u0103 despre arta generat\u0103 de AI \u0219i DALL-E 3<\/td><td><a href=\"https:\/\/www.ai-generated-art.com\/\" target=\"_blank\" rel=\"noreferrer noopener\">https:\/\/www.ai-generated-art.com\/<\/a><\/td><\/tr><tr><td>&#8230;<\/td><td>&#8230;<\/td><td>&#8230;<\/td><\/tr><\/tbody><\/table><\/figure>\n\n\n\n<p class=\"\"><strong>Avantaje:<\/strong><\/p>\n\n\n\n<ul class=\"wp-block-list\">\n<li class=\"\">Interfa\u021b\u0103 u\u0219or de utilizat<\/li>\n\n\n\n<li class=\"\">Generarea de imagini de \u00eenalt\u0103 calitate<\/li>\n\n\n\n<li class=\"\">Rentabil<\/li>\n<\/ul>\n\n\n\n<p class=\"\"><strong>Dezavantaje:<\/strong><\/p>\n\n\n\n<ul class=\"wp-block-list\">\n<li class=\"\">Op\u021biuni de personalizare limitate<\/li>\n\n\n\n<li class=\"\">Necesit\u0103 cuno\u0219tin\u021be tehnice<\/li>\n<\/ul>\n\n\n\n<p class=\"\"><strong>Provoc\u0103ri:<\/strong><\/p>\n\n\n\n<ul class=\"wp-block-list\">\n<li class=\"\">Asigurarea c\u0103 imaginile generate nu sunt distorsionate<\/li>\n\n\n\n<li class=\"\">Abordarea problemelor legate de drepturile de autor \u0219i de proprietate<\/li>\n<\/ul>\n\n\n\n<p class=\"\"><strong>Recomandare:<\/strong><\/p>\n\n\n\n<p class=\"\">Pe baza cercet\u0103rilor noastre, recomand\u0103m utilizarea&nbsp;<a href=\"https:\/\/aiartfree.online\/ro\/free-online-dall\u00b7e-3\/\" target=\"_blank\" rel=\"noreferrer noopener\">AI Art Gratuit Online<\/a>&nbsp;pentru interfa\u021ba sa u\u0219or de utilizat \u0219i generarea de imagini de \u00eenalt\u0103 calitate.<\/p>\n\n\n\n<h3 class=\"wp-block-heading\" id=\"b571c93a\"><a href=\"https:\/\/dromerosm-groq-llama3.hf.space\/#b571c93a\" target=\"_blank\" rel=\"noopener\"><\/a>\u00ceNTREB\u0102RI FRECVENTE: \u00centreb\u0103ri frecvente despre DALL-E 3 online gratuit<\/h3>\n\n\n\n<p class=\"\">Iat\u0103 c\u00e2teva \u00eentreb\u0103ri frecvente despre Free Online DALL-E 3:<\/p>\n\n\n\n<p class=\"\"><strong>Q1: Utilizarea Free DALL-E 3 este gratuit\u0103?<\/strong>\u00a0A1: Da, utilizarea Free Online DALL-E 3 este gratuit\u0103, cu upgrade-uri op\u021bionale pl\u0103tite.<\/p>\n\n\n\n<p class=\"\"><strong>Q2: Pot folosi Free DALL-E 3 \u00een scopuri comerciale?<\/strong>\u00a0A2: Da, pute\u021bi utiliza Free Online DALL-E 3 \u00een scopuri comerciale, dar v\u0103 rug\u0103m s\u0103 v\u0103 asigura\u021bi c\u0103 respecta\u021bi termenii de utilizare.<\/p>\n\n\n\n<p class=\"\"><strong>Q3: C\u00e2t timp dureaz\u0103 generarea unei imagini folosind Free Online DALL-E 3?<\/strong>&nbsp;A3: Timpul de generare depinde de complexitatea imaginii \u0219i de resursele de calcul utilizate. \u00cen medie, este nevoie de aproximativ 1-5 minute pentru a genera o imagine.<\/p>\n\n\n\n<p class=\"\"><strong>Q4: Pot personaliza imaginile generate?<\/strong>&nbsp;A4: Da, pute\u021bi personaliza imaginile generate utiliz\u00e2nd diverse instrumente \u0219i tehnici, inclusiv software de editare \u0219i algoritmi de transfer de stil.<\/p>\n\n\n\n<p class=\"\"><strong>Q5: Este DALL-E 3 online gratuit potrivit pentru \u00eencep\u0103tori?<\/strong>&nbsp;A5: Da, Free Online DALL-E 3 este potrivit pentru \u00eencep\u0103tori, cu o interfa\u021b\u0103 intuitiv\u0103 \u0219i sfaturi pentru a v\u0103 ghida prin proces.<\/p>\n\n\n\n<p class=\"\"><strong>Q6: Pot folosi Free Online DALL-E 3 pentru generarea de videoclipuri?<\/strong>&nbsp;A6: Da, Free Online DALL-E 3 poate fi utilizat pentru generarea de videoclipuri, permi\u021b\u00e2ndu-v\u0103 s\u0103 crea\u021bi videoclipuri uimitoare cu un efort minim.<\/p>\n\n\n\n<p class=\"\"><strong>Q7: Exist\u0103 vreo limitare \u00een utilizarea Free Online DALL-E 3?<\/strong>&nbsp;A7: Da, exist\u0103 limit\u0103ri \u00een utilizarea Free Online DALL-E 3, inclusiv op\u021biuni limitate de personalizare \u0219i poten\u021biale prejudec\u0103\u021bi \u00een imaginile generate.<\/p>\n\n\n\n<p class=\"\"><strong>\u00ce8: Pot folosi DALL-E 3 online gratuit pentru povestiri?<\/strong>&nbsp;R8: Da, Free Online DALL-E 3 poate fi folosit pentru povestiri, permi\u021b\u00e2ndu-v\u0103 s\u0103 crea\u021bi pove\u0219ti \u00eentregi cu personaje, fundaluri \u0219i recuzit\u0103.<\/p>\n\n\n\n<p class=\"\"><strong>Q9: Este DALL-E 3 online gratuit potrivit pentru educa\u021bie?<\/strong>&nbsp;A9: Da, Free Online DALL-E 3 este potrivit pentru educa\u021bie, permi\u021b\u00e2nd educatorilor s\u0103 creeze con\u021binut educa\u021bional interactiv \u0219i captivant.<\/p>\n\n\n\n<p class=\"\"><strong>Q10: Cum pot \u00eencepe cu DALL-E 3 online gratuit?<\/strong>&nbsp;R10: Pentru a \u00eencepe cu DALL-E 3 online gratuit, trebuie doar s\u0103 vizita\u021bi site-ul, s\u0103 v\u0103 crea\u021bi un cont \u0219i s\u0103 urma\u021bi tutorialele \u0219i instruc\u021biunile furnizate.<\/p>","protected":false},"excerpt":{"rendered":"<p>How to use the Free DALL\u00b7E 3 *&nbsp;Depending on your internet speed, loading the model may take a few seconds.* There will be caching during continuous generation, and the new image will appear after about 3 seconds. Introduction of Free DALL\u00b7E 3 Outline: What is Free DALL\u00b7E 3? Free Online DALL\u00b7E 3 is a type &#8230; <a title=\"Gratuit DALL-E 3\" class=\"read-more\" href=\"https:\/\/aiartfree.online\/ro\/liber-dalle-3\/\" aria-label=\"Cite\u0219te mai multe despre Free DALL\u00b7E 3\">Cite\u0219te mai mult<\/a><\/p>","protected":false},"author":1,"featured_media":0,"parent":0,"menu_order":0,"comment_status":"open","ping_status":"closed","template":"","meta":{"nf_dc_page":"","footnotes":""},"class_list":["post-2889","page","type-page","status-publish"],"jetpack_sharing_enabled":true,"_links":{"self":[{"href":"https:\/\/aiartfree.online\/ro\/wp-json\/wp\/v2\/pages\/2889","targetHints":{"allow":["GET"]}}],"collection":[{"href":"https:\/\/aiartfree.online\/ro\/wp-json\/wp\/v2\/pages"}],"about":[{"href":"https:\/\/aiartfree.online\/ro\/wp-json\/wp\/v2\/types\/page"}],"author":[{"embeddable":true,"href":"https:\/\/aiartfree.online\/ro\/wp-json\/wp\/v2\/users\/1"}],"replies":[{"embeddable":true,"href":"https:\/\/aiartfree.online\/ro\/wp-json\/wp\/v2\/comments?post=2889"}],"version-history":[{"count":0,"href":"https:\/\/aiartfree.online\/ro\/wp-json\/wp\/v2\/pages\/2889\/revisions"}],"wp:attachment":[{"href":"https:\/\/aiartfree.online\/ro\/wp-json\/wp\/v2\/media?parent=2889"}],"curies":[{"name":"wp","href":"https:\/\/api.w.org\/{rel}","templated":true}]}}