{"id":2888,"date":"2024-07-18T11:45:49","date_gmt":"2024-07-18T11:45:49","guid":{"rendered":"https:\/\/aiartfree.online\/?page_id=2888"},"modified":"2025-03-07T08:01:42","modified_gmt":"2025-03-07T08:01:42","slug":"free-online-stable-diffusion-3","status":"publish","type":"page","link":"https:\/\/aiartfree.online\/ro\/difuzie-stabila-online-gratuita-3\/","title":{"rendered":"Difuzie stabil\u0103 online gratuit\u0103 3"},"content":{"rendered":"<h2 class=\"wp-block-heading has-text-align-center\" id=\"what-our-users-made\">Ce au f\u0103cut utilizatorii no\u0219tri<\/h2>\n\n\n\n<figure class=\"gb-block-image gb-block-image-1822da1f\"><img data-recalc-dims=\"1\" decoding=\"async\" loading=\"lazy\" width=\"1200\" height=\"199\" class=\"gb-image gb-image-1822da1f\" src=\"https:\/\/i0.wp.com\/aiartfree.online\/wp-content\/uploads\/2024\/08\/WX20240802-163255%402x-scaled.webp?resize=1200%2C199&#038;ssl=1\" alt=\"Stable Diffusion 3 este un model AI care permite utilizatorilor s\u0103 genereze imagini de \u00eenalt\u0103 calitate folosind indica\u021bii text, permi\u021b\u00e2nd utilizatorilor s\u0103 creeze imagini f\u0103r\u0103 abilit\u0103\u021bi artistice.\" title=\"WX20240802-163255@2x\" srcset=\"https:\/\/i0.wp.com\/aiartfree.online\/wp-content\/uploads\/2024\/08\/WX20240802-163255%402x-scaled.webp?w=2560&amp;ssl=1 2560w, https:\/\/i0.wp.com\/aiartfree.online\/wp-content\/uploads\/2024\/08\/WX20240802-163255%402x-scaled.webp?resize=300%2C50&amp;ssl=1 300w, https:\/\/i0.wp.com\/aiartfree.online\/wp-content\/uploads\/2024\/08\/WX20240802-163255%402x-scaled.webp?resize=1024%2C170&amp;ssl=1 1024w, https:\/\/i0.wp.com\/aiartfree.online\/wp-content\/uploads\/2024\/08\/WX20240802-163255%402x-scaled.webp?resize=768%2C127&amp;ssl=1 768w, https:\/\/i0.wp.com\/aiartfree.online\/wp-content\/uploads\/2024\/08\/WX20240802-163255%402x-scaled.webp?resize=1536%2C254&amp;ssl=1 1536w, https:\/\/i0.wp.com\/aiartfree.online\/wp-content\/uploads\/2024\/08\/WX20240802-163255%402x-scaled.webp?resize=2048%2C339&amp;ssl=1 2048w, https:\/\/i0.wp.com\/aiartfree.online\/wp-content\/uploads\/2024\/08\/WX20240802-163255%402x-scaled.webp?resize=18%2C3&amp;ssl=1 18w, https:\/\/i0.wp.com\/aiartfree.online\/wp-content\/uploads\/2024\/08\/WX20240802-163255%402x-scaled.webp?resize=600%2C99&amp;ssl=1 600w, https:\/\/i0.wp.com\/aiartfree.online\/wp-content\/uploads\/2024\/08\/WX20240802-163255%402x-scaled.webp?w=2400&amp;ssl=1 2400w\" sizes=\"auto, (max-width: 1200px) 100vw, 1200px\" \/><\/figure>\n\n\n\n<h2 class=\"wp-block-heading\" id=\"how-to-use-the-free-free-online-stable-diffusion-3\">Cum s\u0103 utiliza\u021bi Difuzarea stabil\u0103 online gratuit\u0103 3<\/h2>\n\n\n\n<ol class=\"wp-block-list\">\n<li class=\"\">Introduce\u021bi instruc\u021biunile dvs.<\/li>\n\n\n\n<li class=\"\">Face\u021bi clic pe \"Executare\"<\/li>\n\n\n\n<li class=\"\">Stai, asta este!<\/li>\n\n\n\n<li class=\"\">Nu sunte\u021bi mul\u021bumit de rezultat? <br>Nicio problem\u0103! folosi\u021bi Generatorul de prompte de mai jos pentru a ob\u021bine prompte revolu\u021bionate\uff5e<\/li>\n\n\n\n<li class=\"\">Nu ave\u021bi niciun g\u00e2nd \u00een minte?<br>Nicio problem\u0103! <a href=\"#maodian\" data-type=\"internal\" data-id=\"#maodian\">Face\u021bi clic pentru a consulta galeria noastr\u0103 de prompturi<\/a><\/li>\n<\/ol>\n\n\n\n<p class=\"\">* Nu ezita\u021bi s\u0103 \u00eencerca\u021bi exemplele noastre de mai jos dac\u0103 nu ave\u021bi niciun g\u00e2nd \u00een minte<\/p>\n\n\n\n<h3 class=\"wp-block-heading\" id=\"prompt-examples\">Exemple de prompturi<\/h3>\n\n\n\n<ol style=\"font-size:16px\" class=\"wp-block-list\">\n<li class=\"\">uluitoare extrem de detaliate ilustrare roman grafic de morgan freeman de echitatie o motocicleta harley davidson , \u00eentuneric \u0219i gritty<\/li>\n\n\n\n<li class=\"\">ilustra\u021bie uluitoare de roman grafic \u00cen mijlocul vastei \u00eentinderi a unei nebuloase, un astronaut singuratic plute\u0219te, legat de o nav\u0103 stelar\u0103 luminoas\u0103. Gazele radiante ale nebuloasei danseaz\u0103 \u00een jur, reflect\u00e2nd culori vibrante pe costum, cre\u00e2nd un balet de lumin\u0103 \u0219i mi\u0219care.<\/li>\n\n\n\n<li class=\"\">La o r\u0103scruce de drumuri \u00eentr-o pustietate post-apocaliptic\u0103, un vagabond cu o chitar\u0103 f\u0103cut\u0103 din fier vechi c\u00e2nt\u0103 pove\u0219ti despre lumea veche. Creaturi mutante se adun\u0103 \u00een jurul focului de tab\u0103r\u0103, cu ochii plini de nostalgie.<\/li>\n\n\n\n<li class=\"\">ilustra\u021bie uluitoare de roman grafic a unui copil care urm\u0103re\u0219te fluturi colora\u021bi \u00eentr-o paji\u0219te vibrant\u0103.<\/li>\n\n\n\n<li class=\"\">ilustra\u021bie uluitoare de roman grafic Pe o plaj\u0103 unde valurile sunt \u021besute cu pove\u0219ti, un povestitor cu un r\u0103zboi de \u021besut din lumina lunii me\u0219tere\u0219te pove\u0219ti din valuri. Scoicile \u0219optesc legende, iar orizontul este o tapiserie de aventuri care urmeaz\u0103 s\u0103 fie spuse.<\/li>\n\n\n\n<li class=\"\">ilustra\u021bie uluitoare de roman grafic a unui \u0219oim care zboar\u0103 deasupra unui de\u0219ert, \u00een c\u0103utarea pr\u0103zii.<\/li>\n\n\n\n<li class=\"\">ilustra\u021bie uluitoare de roman grafic \u00cen ad\u00e2ncul cercului arctic, o auror\u0103 picteaz\u0103 cerul cu nuan\u021be vibrante de verde, roz \u0219i violet. Z\u0103pada de dedesubt reflect\u0103 acest dans de lumini, iar lumea este \u00eenv\u0103luit\u0103 \u00eentr-o simfonie hipnotizant\u0103 de culori.<\/li>\n\n\n\n<li class=\"\">ilustra\u021bie uluitoare de roman grafic a unui artist tatuator care detaliaz\u0103 un design complicat pe spatele unui client.<\/li>\n\n\n\n<li class=\"\">ilustra\u021bie uluitoare de roman grafic cu O femeie, drapat\u0103 \u00een m\u0103t\u0103suri colorate, citind c\u0103r\u021bi de tarot \u00eentr-un cort luminat de lum\u00e2n\u0103ri.<\/li>\n\n\n\n<li class=\"\">ilustra\u021bie uluitoare de roman grafic cu doi spelunkers care cartografiaz\u0103 o pe\u0219ter\u0103 ad\u00e2nc\u0103, cu tor\u021be care lumineaz\u0103 drumul.<\/li>\n<\/ol>\n\n\n\n<figure class=\"gb-block-image gb-block-image-032aac41\"><a href=\"https:\/\/fas.st\/t\/9U4PYbm7\" target=\"_blank\" rel=\"noopener noreferrer\"><img data-recalc-dims=\"1\" decoding=\"async\" loading=\"lazy\" width=\"1200\" height=\"365\" class=\"gb-image gb-image-032aac41\" src=\"https:\/\/i0.wp.com\/aiartfree.online\/wp-content\/uploads\/2025\/03\/WX20250307-115412%402x.webp?resize=1200%2C365&#038;ssl=1\" alt=\"\" title=\"WX20250307-115412@2x\" srcset=\"https:\/\/i0.wp.com\/aiartfree.online\/wp-content\/uploads\/2025\/03\/WX20250307-115412%402x.webp?w=1942&amp;ssl=1 1942w, https:\/\/i0.wp.com\/aiartfree.online\/wp-content\/uploads\/2025\/03\/WX20250307-115412%402x.webp?resize=300%2C91&amp;ssl=1 300w, https:\/\/i0.wp.com\/aiartfree.online\/wp-content\/uploads\/2025\/03\/WX20250307-115412%402x.webp?resize=1024%2C312&amp;ssl=1 1024w, https:\/\/i0.wp.com\/aiartfree.online\/wp-content\/uploads\/2025\/03\/WX20250307-115412%402x.webp?resize=768%2C234&amp;ssl=1 768w, https:\/\/i0.wp.com\/aiartfree.online\/wp-content\/uploads\/2025\/03\/WX20250307-115412%402x.webp?resize=1536%2C467&amp;ssl=1 1536w, https:\/\/i0.wp.com\/aiartfree.online\/wp-content\/uploads\/2025\/03\/WX20250307-115412%402x.webp?resize=18%2C5&amp;ssl=1 18w, https:\/\/i0.wp.com\/aiartfree.online\/wp-content\/uploads\/2025\/03\/WX20250307-115412%402x.webp?resize=600%2C183&amp;ssl=1 600w\" sizes=\"auto, (max-width: 1200px) 100vw, 1200px\" \/><\/a><\/figure>\n\n\n\n<p class=\"\"><em>* \u00cen func\u021bie de viteza internetului, \u00eenc\u0103rcarea modelului poate dura c\u00e2teva secunde.<br>* \u00cen timpul gener\u0103rii continue va exista un proces de cache, iar noua imagine va ap\u0103rea dup\u0103 aproximativ 3 secunde.<\/em><\/p>\n\n\n\n<div class=\"iframe-wrapper\" style=\"position: relative; width: 100%; height: 1260px;\">\n  <div class=\"loading\" style=\"position: absolute; top: 50px; left: 50%; transform: translate(-50%, -50%); width: 40px; height: 40px; border: 3px solid #f0f0f0; border-top: 3px solid #db7093; border-radius: 50%; animation: spin 1s linear infinite;\"><\/div>\n  <iframe loading=\"lazy\" src=\"https:\/\/prodia-fast-stable-diffusion.hf.space\" frameborder=\"0\" width=\"100%\" height=\"100%\" style=\"position: absolute; top: 0; left: 0; opacity: 0; transition: opacity 0.3s;\" onload=\"this.style.opacity=1;this.previousElementSibling.style.display='none';\"><\/iframe>\n<\/div>\n\n<style>\n@keyframes spin {\n  0% { transform: translate(-50%, -50%) rotate(0deg); }\n  100% { transform: translate(-50%, -50%) rotate(360deg); }\n}\n<\/style>\n\n\n\n<div style=\"text-align: center; border: 2px solid; border-image-source: linear-gradient(to right, #16b86c, #912899); border-image-slice: 1; box-shadow: 0 0 10px rgba(0, 0, 0, 0.1); border-radius: 15px;\">\n  <iframe loading=\"lazy\"\n    src=\"https:\/\/doevent-stable-diffusion-prompt-generator.hf.space\"\n    frameborder=\"0\"\n    width=\"100%\"\n    height=\"900\"\n    style=\"display: inline-block; margin: 0 auto;\"\n  ><\/iframe>\n<\/div>\n\n\n\n<div style=\"height:50px\" aria-hidden=\"true\" class=\"wp-block-spacer\"><\/div>\n\n\n\n<h2 class=\"wp-block-heading has-text-align-center\" id=\"drawing-prompts-gallery-of-stable-diffusion\">Galerie de sugestii de desen de difuzie stabil\u0103<\/h2>\n\n\n\n<h3 class=\"wp-block-heading\" id=\"how-to-use-it\">Cum s\u0103 \u00eel utiliza\u021bi?<\/h3>\n\n\n\n<ol class=\"wp-block-list\">\n<li class=\"\">Face\u021bi clic pe pictograma din dreapta sus a imaginii pentru a duplica solicitarea<\/li>\n\n\n\n<li class=\"\">Derula\u021bi \u00een sus \u0219i lipi\u021bi promptul dvs. revolu\u021bionat pentru genera\u021bie<\/li>\n<\/ol>\n\n\n\n<div style=\"text-align: center; border: 2px solid; border-image-source: linear-gradient(to right, #16b86c, #912899); border-image-slice: 1; box-shadow: 0 0 10px rgba(0, 0, 0, 0.1); border-radius: 15px; position: relative;\">\n  <div id=\"loading\" style=\"position: absolute; top: 100px; left: 50%; transform: translate(-50%, -50%); z-index: 1000;\">\n    <div style=\"width: 50px; height: 50px; border: 5px solid #f3f3f3; border-top: 5px solid #16b86c; border-radius: 50%; animation: spin 1s linear infinite;\"><\/div>\n  <\/div>\n  <iframe loading=\"lazy\"\n    src=\"https:\/\/prithivmlmods-top-prompt-collection.static.hf.space\"\n    frameborder=\"0\"\n    width=\"100%\"\n    height=\"2600\"\n    style=\"display: inline-block; margin: 0 auto;\"\n    onload=\"document.getElementById('loading').style.display='none';\"\n  ><\/iframe>\n<\/div>\n\n<style>\n  @keyframes spin {\n    0% { transform: rotate(0deg); }\n    100% { transform: rotate(360deg); }\n  }\n<\/style>\n\n\n\n<div style=\"height:50px\" aria-hidden=\"true\" class=\"wp-block-spacer\"><\/div>\n\n\n\n<h2 class=\"wp-block-heading\" id=\"introduction-of-free-online-stable-diffusion-3\">Introducerea difuziei stabile online gratuite 3<\/h2>\n\n\n\n<p class=\"\">Descoperi\u021bi cum Free Online Stable Diffusion 3 revolu\u021bioneaz\u0103 lumea artei generate de AI. Acest ghid va acoperi tot ce trebuie s\u0103 \u0219ti\u021bi despre acest instrument puternic, de la defini\u021bia \u0219i beneficiile sale p\u00e2n\u0103 la utilizatorii ideali \u0219i \u00eentreb\u0103rile frecvente.<\/p>\n\n\n\n<div class=\"wp-block-rank-math-toc-block\" id=\"rank-math-toc\"><h3>Tabla de con\u021binut<\/h3><nav><ul><li><a href=\"#how-to-use-it\">Cum s\u0103 \u00eel utiliza\u021bi?<\/a><\/li><li><a href=\"#\ufffc-what-is-free-online-stable-diffusion-3\">\ufffcWhat is Free Online Stable Diffusion 3?<\/a><\/li><li><a href=\"#\ufffc-why-use-free-online-stable-diffusion-3\">\ufffcDe ce s\u0103 folosi\u021bi gratuit Difuzarea stabil\u0103 online 3?<\/a><\/li><li><a href=\"#\ufffc-benefits-of-using-free-online-stable-diffusion-3\">\ufffcBeneficii ale utiliz\u0103rii difuziei stabile online gratuite 3<\/a><\/li><li><a href=\"#\ufffc-when-to-use-free-online-stable-diffusion-3\">\ufffc C\u00e2nd s\u0103 utiliza\u021bi Difuzarea stabil\u0103 online gratuit\u0103 3<\/a><\/li><li><a href=\"#\ufffc-who-can-benefit-from-free-online-stable-diffusion-3\">\ufffcCine poate beneficia de Difuzarea stabil\u0103 online gratuit\u0103 3<\/a><\/li><li><a href=\"#\ufffc-free-online-stable-diffusion-3-tools-and-resources\">\ufffc Instrumente \u0219i resurse online gratuite de difuzie stabil\u0103 3<\/a><\/li><li><a href=\"#\ufffcfaq-frequently-asked-questions-about-free-online-stable-diffusion-3\">\ufffcFAQ: \u00centreb\u0103ri frecvente despre Difuzarea stabil\u0103 online gratuit\u0103 3<\/a><\/li><\/ul><\/nav><\/div>\n\n\n\n<h3 class=\"wp-block-heading\" id=\"\ufffc-what-is-free-online-stable-diffusion-3\"><a href=\"https:\/\/dromerosm-groq-llama3.hf.space\/#57aaf246\" target=\"_blank\" rel=\"noopener\"><\/a>Ce este Free Online Stable Diffusion 3?<\/h3>\n\n\n\n<p class=\"\">Free Online Stable Diffusion 3 este un tip de model de inteligen\u021b\u0103 artificial\u0103 (AI) care permite utilizatorilor s\u0103 genereze imagini \u0219i videoclipuri de \u00eenalt\u0103 calitate folosind indica\u021bii text. Aceast\u0103 tehnologie inovatoare a revolu\u021bionat domeniul con\u021binutului generat de AI, permi\u021b\u00e2nd utilizatorilor s\u0103 creeze imagini uimitoare f\u0103r\u0103 a necesita abilit\u0103\u021bi artistice extinse.<\/p>\n\n\n\n<h3 class=\"wp-block-heading\" id=\"\ufffc-why-use-free-online-stable-diffusion-3\"><a href=\"https:\/\/dromerosm-groq-llama3.hf.space\/#1b6e5ba1\" target=\"_blank\" rel=\"noopener\"><\/a>De ce s\u0103 utiliza\u021bi Difuzarea stabil\u0103 online gratuit\u0103 3?<\/h3>\n\n\n\n<p class=\"\">Free Online Stable Diffusion 3 ofer\u0103 numeroase beneficii at\u00e2t persoanelor fizice, c\u00e2t \u0219i companiilor. Aceast\u0103 tehnologie poate fi utilizat\u0103 pentru a crea reclame atr\u0103g\u0103toare, con\u021binut social media \u0219i chiar pove\u0219ti \u00eentregi. Aplica\u021biile sale sunt nelimitate, iar capacitatea sa de a genera imagini de \u00eenalt\u0103 calitate a f\u0103cut-o un instrument esen\u021bial pentru multe industrii, inclusiv marketing, divertisment \u0219i educa\u021bie.<\/p>\n\n\n\n<h3 class=\"wp-block-heading\" id=\"\ufffc-benefits-of-using-free-online-stable-diffusion-3\"><a href=\"https:\/\/dromerosm-groq-llama3.hf.space\/#10ad74a\" target=\"_blank\" rel=\"noopener\"><\/a>Beneficiile utiliz\u0103rii difuziei stabile online gratuite 3<\/h3>\n\n\n\n<p class=\"\">Iat\u0103 c\u00e2teva dintre beneficiile utiliz\u0103rii Free Online Stable Diffusion 3:<\/p>\n\n\n\n<ul class=\"wp-block-list\">\n<li class=\"\"><strong>Calitate de neegalat a imaginii<\/strong>: Free Online Stable Diffusion 3 genereaz\u0103 imagini comparabile cu cele create de arti\u0219ti profesioni\u0219ti.<\/li>\n\n\n\n<li class=\"\"><strong>Timp eficient<\/strong>: Aceast\u0103 tehnologie permite utilizatorilor s\u0103 creeze imagini de \u00eenalt\u0103 calitate \u00een c\u00e2teva minute, economisind timp \u0219i efort.<\/li>\n\n\n\n<li class=\"\"><strong>Cost-eficiente<\/strong>: Free Online Stable Diffusion 3 elimin\u0103 necesitatea de a angaja arti\u0219ti profesioni\u0219ti sau de a achizi\u021biona software costisitor.<\/li>\n<\/ul>\n\n\n\n<h3 class=\"wp-block-heading\" id=\"\ufffc-when-to-use-free-online-stable-diffusion-3\"><a href=\"https:\/\/dromerosm-groq-llama3.hf.space\/#fa570b08\" target=\"_blank\" rel=\"noopener\"><\/a>C\u00e2nd s\u0103 utiliza\u021bi Difuzarea stabil\u0103 online gratuit\u0103 3<\/h3>\n\n\n\n<p class=\"\">Free Online Stable Diffusion 3 este potrivit pentru diverse scenarii, inclusiv:<\/p>\n\n\n\n<ul class=\"wp-block-list\">\n<li class=\"\"><strong>Campanii de marketing<\/strong>: Crea\u021bi reclame atr\u0103g\u0103toare \u0219i con\u021binut social media pentru a atrage aten\u021bia publicului \u021bint\u0103.<\/li>\n\n\n\n<li class=\"\"><strong>Storytelling<\/strong>: Utiliza\u021bi Free Online Stable Diffusion 3 pentru a crea pove\u0219ti \u00eentregi, inclusiv personaje, fundaluri \u0219i recuzit\u0103.<\/li>\n\n\n\n<li class=\"\"><strong>Educa\u021bie<\/strong>: Utiliza\u021bi aceast\u0103 tehnologie pentru a crea con\u021binut educa\u021bional interactiv \u0219i captivant.<\/li>\n<\/ul>\n\n\n\n<h3 class=\"wp-block-heading\" id=\"\ufffc-who-can-benefit-from-free-online-stable-diffusion-3\"><a href=\"https:\/\/dromerosm-groq-llama3.hf.space\/#8a0a08f4\" target=\"_blank\" rel=\"noopener\"><\/a>Cine poate beneficia de difuzie stabil\u0103 online gratuit\u0103 3<\/h3>\n\n\n\n<p class=\"\">Free Online Stable Diffusion 3 poate aduce beneficii diferitelor persoane \u0219i industrii, inclusiv:<\/p>\n\n\n\n<ul class=\"wp-block-list\">\n<li class=\"\"><strong>Marketeri<\/strong>: Crea\u021bi imagini de \u00eenalt\u0103 calitate pentru campaniile de marketing.<\/li>\n\n\n\n<li class=\"\"><strong>Arti\u0219ti<\/strong>: S\u0103 genereze inspira\u021bie pentru lucr\u0103rile lor de art\u0103 sau s\u0103 le foloseasc\u0103 ca instrument pentru a crea noi lucr\u0103ri.<\/li>\n\n\n\n<li class=\"\"><strong>Educatori<\/strong>: Crea\u021bi con\u021binut educa\u021bional interactiv \u0219i atractiv.<\/li>\n<\/ul>\n\n\n\n<h3 class=\"wp-block-heading\" id=\"\ufffc-free-online-stable-diffusion-3-tools-and-resources\"><a href=\"https:\/\/dromerosm-groq-llama3.hf.space\/#d1f9532f\" target=\"_blank\" rel=\"noopener\"><\/a>Instrumente \u0219i resurse online gratuite de difuzie stabil\u0103 3<\/h3>\n\n\n\n<p class=\"\">Iat\u0103 c\u00e2teva resurse \u0219i instrumente online care v\u0103 pot ajuta s\u0103 \u00eencepe\u021bi cu Free Online Stable Diffusion 3:<\/p>\n\n\n\n<figure class=\"wp-block-table\"><table class=\"has-fixed-layout\"><thead><tr><th>Resurse<\/th><th>Descriere<\/th><th>Site web<\/th><\/tr><\/thead><tbody><tr><td>AI Art Gratuit Online<\/td><td>O platform\u0103 care ofer\u0103 un model online gratuit de difuzie stabil\u0103 3<\/td><td><a href=\"https:\/\/aiartfree.online\/ro\/difuzie-stabila-online-gratuita-3\/\" target=\"_blank\" rel=\"noreferrer noopener\">https:\/\/aiartfree.online\/free-online-stable-diffusion-3<\/a><\/td><\/tr><tr><td>Difuzarea stabil\u0103 3 GitHub<\/td><td>Depozitul oficial GitHub pentru Stable Diffusion 3<\/td><td><a href=\"https:\/\/github.com\/stablediffusion\/stablediffusion-3\" target=\"_blank\" rel=\"noreferrer noopener\">https:\/\/github.com\/stablediffusion\/stablediffusion-3<\/a><\/td><\/tr><tr><td>Comunitatea de art\u0103 generat\u0103 de inteligen\u021ba artificial\u0103<\/td><td>O comunitate care discut\u0103 despre arta generat\u0103 de inteligen\u021ba artificial\u0103 \u0219i difuzarea stabil\u0103 3<\/td><td><a href=\"https:\/\/www.ai-generated-art.com\/\" target=\"_blank\" rel=\"noreferrer noopener\">https:\/\/www.ai-generated-art.com\/<\/a><\/td><\/tr><tr><td>&#8230;<\/td><td>&#8230;<\/td><td>&#8230;<\/td><\/tr><\/tbody><\/table><\/figure>\n\n\n\n<p class=\"\"><strong>Avantaje:<\/strong><\/p>\n\n\n\n<ul class=\"wp-block-list\">\n<li class=\"\">Interfa\u021b\u0103 u\u0219or de utilizat<\/li>\n\n\n\n<li class=\"\">Generarea de imagini de \u00eenalt\u0103 calitate<\/li>\n\n\n\n<li class=\"\">Rentabil<\/li>\n<\/ul>\n\n\n\n<p class=\"\"><strong>Dezavantaje:<\/strong><\/p>\n\n\n\n<ul class=\"wp-block-list\">\n<li class=\"\">Op\u021biuni de personalizare limitate<\/li>\n\n\n\n<li class=\"\">Necesit\u0103 cuno\u0219tin\u021be tehnice<\/li>\n<\/ul>\n\n\n\n<p class=\"\"><strong>Provoc\u0103ri:<\/strong><\/p>\n\n\n\n<ul class=\"wp-block-list\">\n<li class=\"\">Asigurarea c\u0103 imaginile generate nu sunt distorsionate<\/li>\n\n\n\n<li class=\"\">Abordarea problemelor legate de drepturile de autor \u0219i de proprietate<\/li>\n<\/ul>\n\n\n\n<p class=\"\"><strong>Recomandare:<\/strong><\/p>\n\n\n\n<p class=\"\">Pe baza cercet\u0103rilor noastre, recomand\u0103m utilizarea&nbsp;<a href=\"https:\/\/aiartfree.online\/ro\/difuzie-stabila-online-gratuita-3\/\" target=\"_blank\" rel=\"noreferrer noopener\">AI Art Gratuit Online<\/a>&nbsp;pentru interfa\u021ba sa u\u0219or de utilizat \u0219i generarea de imagini de \u00eenalt\u0103 calitate.<\/p>\n\n\n\n<h3 class=\"wp-block-heading\" id=\"\ufffcfaq-frequently-asked-questions-about-free-online-stable-diffusion-3\"><a href=\"https:\/\/dromerosm-groq-llama3.hf.space\/#5a006b1f\" target=\"_blank\" rel=\"noopener\"><\/a>\u00ceNTREB\u0102RI FRECVENTE: \u00centreb\u0103ri frecvente despre Difuzarea stabil\u0103 online gratuit\u0103 3<\/h3>\n\n\n\n<p class=\"\">Aici sunt c\u00e2teva \u00eentreb\u0103ri frecvente despre Free Online Stable Diffusion 3:<\/p>\n\n\n\n<p class=\"\"><strong>Q1: Utilizarea Free Online Stable Diffusion 3 este gratuit\u0103?<\/strong>&nbsp;A1: Da, utilizarea Free Online Stable Diffusion 3 este gratuit\u0103, cu upgrade-uri op\u021bionale pl\u0103tite.<\/p>\n\n\n\n<p class=\"\"><strong>Q2: Pot utiliza Free Online Stable Diffusion 3 \u00een scopuri comerciale?<\/strong>&nbsp;A2: Da, pute\u021bi utiliza Free Online Stable Diffusion 3 \u00een scopuri comerciale, dar v\u0103 rug\u0103m s\u0103 v\u0103 asigura\u021bi c\u0103 respecta\u021bi termenii de utilizare.<\/p>\n\n\n\n<p class=\"\"><strong>Q3: C\u00e2t timp dureaz\u0103 generarea unei imagini folosind Free Online Stable Diffusion 3?<\/strong>&nbsp;A3: Timpul de generare depinde de complexitatea imaginii \u0219i de resursele de calcul utilizate. \u00cen medie, este nevoie de aproximativ 1-5 minute pentru a genera o imagine.<\/p>\n\n\n\n<p class=\"\"><strong>Q4: Pot personaliza imaginile generate?<\/strong>&nbsp;A4: Da, pute\u021bi personaliza imaginile generate utiliz\u00e2nd diverse instrumente \u0219i tehnici, inclusiv software de editare \u0219i algoritmi de transfer de stil.<\/p>\n\n\n\n<p class=\"\"><strong>Q5: Este Free Online Stable Diffusion 3 potrivit pentru \u00eencep\u0103tori?<\/strong>&nbsp;A5: Da, Free Online Stable Diffusion 3 este potrivit pentru \u00eencep\u0103tori, cu o interfa\u021b\u0103 intuitiv\u0103 \u0219i sfaturi pentru a v\u0103 ghida prin proces.<\/p>\n\n\n\n<p class=\"\"><strong>\u00ce6: Pot folosi Free Online Stable Diffusion 3 pentru generarea de videoclipuri?<\/strong>&nbsp;A6: Da, Free Online Stable Diffusion 3 poate fi utilizat pentru generarea de videoclipuri, permi\u021b\u00e2ndu-v\u0103 s\u0103 crea\u021bi videoclipuri uimitoare cu un efort minim.<\/p>\n\n\n\n<p class=\"\"><strong>Q7: Exist\u0103 vreo limitare \u00een utilizarea Free Online Stable Diffusion 3?<\/strong>&nbsp;A7: Da, exist\u0103 limit\u0103ri \u00een utilizarea Free Online Stable Diffusion 3, inclusiv op\u021biuni limitate de personalizare \u0219i poten\u021biale prejudec\u0103\u021bi \u00een imaginile generate.<\/p>\n\n\n\n<p class=\"\"><strong>\u00ce8: Pot folosi Free Online Stable Diffusion 3 pentru povestiri?<\/strong>&nbsp;R8: Da, Free Online Stable Diffusion 3 poate fi folosit pentru povestiri, permi\u021b\u00e2ndu-v\u0103 s\u0103 crea\u021bi pove\u0219ti \u00eentregi cu personaje, fundaluri \u0219i recuzit\u0103.<\/p>\n\n\n\n<p class=\"\"><strong>\u00ce9: Este Free Online Stable Diffusion 3 potrivit pentru educa\u021bie?<\/strong>&nbsp;A9: Da, Free Online Stable Diffusion 3 este potrivit pentru educa\u021bie, permi\u021b\u00e2nd educatorilor s\u0103 creeze con\u021binut educa\u021bional interactiv \u0219i captivant.<\/p>\n\n\n\n<p class=\"\"><strong>Q10: Cum pot \u00eencepe cu Free Online Stable Diffusion 3?<\/strong>&nbsp;A10: Pentru a \u00eencepe cu Free Online Stable Diffusion 3, pur \u0219i simplu vizita\u021bi site-ul web, crea\u021bi-v\u0103 un cont \u0219i urma\u021bi tutorialele \u0219i instruc\u021biunile furnizate.<\/p>","protected":false},"excerpt":{"rendered":"<p>What our users made How to use the Free Free Online Stable Diffusion 3 * Feel free to try our examples below if you don&#8217;t have any thoughts in your mind Prompt Examples *&nbsp;Depending on your internet speed, loading the model may take a few seconds.* There will be caching during continuous generation, and the &#8230; <a title=\"Difuzie stabil\u0103 online gratuit\u0103 3\" class=\"read-more\" href=\"https:\/\/aiartfree.online\/ro\/difuzie-stabila-online-gratuita-3\/\" aria-label=\"Cite\u0219te mai multe despre Free Online Stable Diffusion 3\">Cite\u0219te mai mult<\/a><\/p>","protected":false},"author":1,"featured_media":0,"parent":0,"menu_order":0,"comment_status":"open","ping_status":"closed","template":"","meta":{"nf_dc_page":"","footnotes":""},"class_list":["post-2888","page","type-page","status-publish"],"jetpack_sharing_enabled":true,"_links":{"self":[{"href":"https:\/\/aiartfree.online\/ro\/wp-json\/wp\/v2\/pages\/2888","targetHints":{"allow":["GET"]}}],"collection":[{"href":"https:\/\/aiartfree.online\/ro\/wp-json\/wp\/v2\/pages"}],"about":[{"href":"https:\/\/aiartfree.online\/ro\/wp-json\/wp\/v2\/types\/page"}],"author":[{"embeddable":true,"href":"https:\/\/aiartfree.online\/ro\/wp-json\/wp\/v2\/users\/1"}],"replies":[{"embeddable":true,"href":"https:\/\/aiartfree.online\/ro\/wp-json\/wp\/v2\/comments?post=2888"}],"version-history":[{"count":1,"href":"https:\/\/aiartfree.online\/ro\/wp-json\/wp\/v2\/pages\/2888\/revisions"}],"predecessor-version":[{"id":3592,"href":"https:\/\/aiartfree.online\/ro\/wp-json\/wp\/v2\/pages\/2888\/revisions\/3592"}],"wp:attachment":[{"href":"https:\/\/aiartfree.online\/ro\/wp-json\/wp\/v2\/media?parent=2888"}],"curies":[{"name":"wp","href":"https:\/\/api.w.org\/{rel}","templated":true}]}}