{"id":2887,"date":"2024-07-18T11:05:14","date_gmt":"2024-07-18T11:05:14","guid":{"rendered":"https:\/\/aiartfree.online\/?page_id=2887"},"modified":"2025-03-07T08:20:04","modified_gmt":"2025-03-07T08:20:04","slug":"free-online-midjourney","status":"publish","type":"page","link":"https:\/\/aiartfree.online\/ro\/gratuit-online-midjourney\/","title":{"rendered":"Midjourney online gratuit"},"content":{"rendered":"<h2 class=\"wp-block-heading has-text-align-center\" id=\"what-our-users-made\">Ce au f\u0103cut utilizatorii no\u0219tri<\/h2>\n\n\n\n<figure class=\"gb-block-image gb-block-image-1822da1f\"><img data-recalc-dims=\"1\" decoding=\"async\" loading=\"lazy\" width=\"1200\" height=\"763\" class=\"gb-image gb-image-1822da1f\" src=\"https:\/\/i0.wp.com\/aiartfree.online\/wp-content\/uploads\/2024\/08\/WX20240802-170918%402x.jpg?resize=1200%2C763&#038;ssl=1\" alt=\"Midjourney este un instrument bazat pe inteligen\u021b\u0103 artificial\u0103 care permite utilizatorilor s\u0103 genereze imagini din text. Aici intervine Midjourney online gratuit. F\u0103r\u0103 limit\u0103, f\u0103r\u0103 \u00eenscriere\" title=\"WX20240802-170918@2x\" srcset=\"https:\/\/i0.wp.com\/aiartfree.online\/wp-content\/uploads\/2024\/08\/WX20240802-170918%402x.jpg?w=1918&amp;ssl=1 1918w, https:\/\/i0.wp.com\/aiartfree.online\/wp-content\/uploads\/2024\/08\/WX20240802-170918%402x.jpg?resize=300%2C191&amp;ssl=1 300w, https:\/\/i0.wp.com\/aiartfree.online\/wp-content\/uploads\/2024\/08\/WX20240802-170918%402x.jpg?resize=1024%2C651&amp;ssl=1 1024w, https:\/\/i0.wp.com\/aiartfree.online\/wp-content\/uploads\/2024\/08\/WX20240802-170918%402x.jpg?resize=768%2C489&amp;ssl=1 768w, https:\/\/i0.wp.com\/aiartfree.online\/wp-content\/uploads\/2024\/08\/WX20240802-170918%402x.jpg?resize=1536%2C977&amp;ssl=1 1536w, https:\/\/i0.wp.com\/aiartfree.online\/wp-content\/uploads\/2024\/08\/WX20240802-170918%402x.jpg?resize=18%2C12&amp;ssl=1 18w, https:\/\/i0.wp.com\/aiartfree.online\/wp-content\/uploads\/2024\/08\/WX20240802-170918%402x.jpg?resize=600%2C382&amp;ssl=1 600w\" sizes=\"auto, (max-width: 1200px) 100vw, 1200px\" \/><\/figure>\n\n\n\n<h2 class=\"wp-block-heading\" id=\"how-to-use-the-free-online-midjourney\">Cum s\u0103 folosi\u021bi cursul intermediar online gratuit<\/h2>\n\n\n\n<ol class=\"wp-block-list\">\n<li class=\"\">Introduce\u021bi instruc\u021biunile dvs.<\/li>\n\n\n\n<li class=\"\">Face\u021bi clic pe \"Generare\"<\/li>\n\n\n\n<li class=\"\">Stai, asta este!<\/li>\n<\/ol>\n\n\n\n<p class=\"\">* Nu ezita\u021bi s\u0103 \u00eencerca\u021bi exemplele noastre de mai jos dac\u0103 nu ave\u021bi niciun g\u00e2nd \u00een minte<\/p>\n\n\n\n<h3 class=\"wp-block-heading\" id=\"prompt-examples\">Exemple de prompturi<\/h3>\n\n\n\n<ol style=\"font-size:16px\" class=\"wp-block-list\">\n<li class=\"\">uluitoare extrem de detaliate ilustrare roman grafic de morgan freeman de echitatie o motocicleta harley davidson , \u00eentuneric \u0219i gritty<\/li>\n\n\n\n<li class=\"\">ilustra\u021bie uluitoare de roman grafic \u00cen mijlocul vastei \u00eentinderi a unei nebuloase, un astronaut singuratic plute\u0219te, legat de o nav\u0103 stelar\u0103 luminoas\u0103. Gazele radiante ale nebuloasei danseaz\u0103 \u00een jur, reflect\u00e2nd culori vibrante pe costum, cre\u00e2nd un balet de lumin\u0103 \u0219i mi\u0219care.<\/li>\n\n\n\n<li class=\"\">La o r\u0103scruce de drumuri \u00eentr-o pustietate post-apocaliptic\u0103, un vagabond cu o chitar\u0103 f\u0103cut\u0103 din fier vechi c\u00e2nt\u0103 pove\u0219ti despre lumea veche. Creaturi mutante se adun\u0103 \u00een jurul focului de tab\u0103r\u0103, cu ochii plini de nostalgie.<\/li>\n\n\n\n<li class=\"\">ilustra\u021bie uluitoare de roman grafic a unui copil care urm\u0103re\u0219te fluturi colora\u021bi \u00eentr-o paji\u0219te vibrant\u0103.<\/li>\n\n\n\n<li class=\"\">ilustra\u021bie uluitoare de roman grafic Pe o plaj\u0103 unde valurile sunt \u021besute cu pove\u0219ti, un povestitor cu un r\u0103zboi de \u021besut din lumina lunii me\u0219tere\u0219te pove\u0219ti din valuri. Scoicile \u0219optesc legende, iar orizontul este o tapiserie de aventuri care urmeaz\u0103 s\u0103 fie spuse.<\/li>\n\n\n\n<li class=\"\">ilustra\u021bie uluitoare de roman grafic a unui \u0219oim care zboar\u0103 deasupra unui de\u0219ert, \u00een c\u0103utarea pr\u0103zii.<\/li>\n\n\n\n<li class=\"\">ilustra\u021bie uluitoare de roman grafic \u00cen ad\u00e2ncul cercului arctic, o auror\u0103 picteaz\u0103 cerul cu nuan\u021be vibrante de verde, roz \u0219i violet. Z\u0103pada de dedesubt reflect\u0103 acest dans de lumini, iar lumea este \u00eenv\u0103luit\u0103 \u00eentr-o simfonie hipnotizant\u0103 de culori.<\/li>\n\n\n\n<li class=\"\">ilustra\u021bie uluitoare de roman grafic a unui artist tatuator care detaliaz\u0103 un design complicat pe spatele unui client.<\/li>\n\n\n\n<li class=\"\">ilustra\u021bie uluitoare de roman grafic cu O femeie, drapat\u0103 \u00een m\u0103t\u0103suri colorate, citind c\u0103r\u021bi de tarot \u00eentr-un cort luminat de lum\u00e2n\u0103ri.<\/li>\n\n\n\n<li class=\"\">ilustra\u021bie uluitoare de roman grafic cu doi spelunkers care cartografiaz\u0103 o pe\u0219ter\u0103 ad\u00e2nc\u0103, cu tor\u021be care lumineaz\u0103 drumul.<\/li>\n<\/ol>\n\n\n\n<figure class=\"gb-block-image gb-block-image-032aac41\"><a href=\"https:\/\/fas.st\/t\/9U4PYbm7\" target=\"_blank\" rel=\"noopener noreferrer\"><img data-recalc-dims=\"1\" decoding=\"async\" loading=\"lazy\" width=\"1200\" height=\"365\" class=\"gb-image gb-image-032aac41\" src=\"https:\/\/i0.wp.com\/aiartfree.online\/wp-content\/uploads\/2025\/03\/WX20250307-115412%402x.webp?resize=1200%2C365&#038;ssl=1\" alt=\"\" title=\"WX20250307-115412@2x\" srcset=\"https:\/\/i0.wp.com\/aiartfree.online\/wp-content\/uploads\/2025\/03\/WX20250307-115412%402x.webp?w=1942&amp;ssl=1 1942w, https:\/\/i0.wp.com\/aiartfree.online\/wp-content\/uploads\/2025\/03\/WX20250307-115412%402x.webp?resize=300%2C91&amp;ssl=1 300w, https:\/\/i0.wp.com\/aiartfree.online\/wp-content\/uploads\/2025\/03\/WX20250307-115412%402x.webp?resize=1024%2C312&amp;ssl=1 1024w, https:\/\/i0.wp.com\/aiartfree.online\/wp-content\/uploads\/2025\/03\/WX20250307-115412%402x.webp?resize=768%2C234&amp;ssl=1 768w, https:\/\/i0.wp.com\/aiartfree.online\/wp-content\/uploads\/2025\/03\/WX20250307-115412%402x.webp?resize=1536%2C467&amp;ssl=1 1536w, https:\/\/i0.wp.com\/aiartfree.online\/wp-content\/uploads\/2025\/03\/WX20250307-115412%402x.webp?resize=18%2C5&amp;ssl=1 18w, https:\/\/i0.wp.com\/aiartfree.online\/wp-content\/uploads\/2025\/03\/WX20250307-115412%402x.webp?resize=600%2C183&amp;ssl=1 600w\" sizes=\"auto, (max-width: 1200px) 100vw, 1200px\" \/><\/a><\/figure>\n\n\n\n<p class=\"\"><em>* \u00cen func\u021bie de viteza internetului, \u00eenc\u0103rcarea modelului poate dura c\u00e2teva secunde.<br>* \u00cen timpul gener\u0103rii continue va exista un proces de cache, iar noua imagine va ap\u0103rea dup\u0103 aproximativ 3 secunde.<\/em><\/p>\n\n\n\n<div class=\"iframe-wrapper\" style=\"position: relative; width: 100%; height: 1230px;\">\n  <div class=\"loading\" style=\"position: absolute; top: 50px; left: 50%; transform: translate(-50%, -50%); width: 40px; height: 40px; border: 3px solid #f0f0f0; border-top: 3px solid #db7093; border-radius: 50%; animation: spin 1s linear infinite;\"><\/div>\n  <iframe loading=\"lazy\" src=\"https:\/\/predatortoabuse-realistic-image-generator-model.static.hf.space\" frameborder=\"0\" width=\"100%\" height=\"100%\" style=\"position: absolute; top: 0; left: 0; opacity: 0; transition: opacity 0.3s;\" onload=\"this.style.opacity=1;this.previousElementSibling.style.display='none';\"><\/iframe>\n<\/div>\n\n<style>\n@keyframes spin {\n  0% { transform: translate(-50%, -50%) rotate(0deg); }\n  100% { transform: translate(-50%, -50%) rotate(360deg); }\n}\n<\/style>\n\n\n\n<div style=\"height:100px\" aria-hidden=\"true\" class=\"wp-block-spacer\"><\/div>\n\n\n\n<h2 class=\"wp-block-heading\" id=\"introduction-of-free-online-midjourney\"><strong>Introducerea Midjourney online gratuit<\/strong><\/h2>\n\n\n\n<p class=\"\">Midjourney este un instrument bazat pe inteligen\u021b\u0103 artificial\u0103 care permite utilizatorilor s\u0103 genereze imagini pornind de la indica\u021bii text. Odat\u0103 cu cre\u0219terea artei generate de AI, Midjourney a devenit un instrument popular printre creativi \u0219i pasiona\u021bii de art\u0103. Cu toate acestea, nu toat\u0103 lumea \u00ee\u0219i poate permite s\u0103 pl\u0103teasc\u0103 pentru acest serviciu. Aici intervine Midjourney online gratuit. \u00cen acest articol, vom explora ce este Midjourney online gratuit, de ce ar trebui s\u0103 \u00eel utiliza\u021bi, beneficiile sale, c\u00e2nd s\u0103 \u00eel utiliza\u021bi \u0219i cine poate beneficia de el. De asemenea, vom analiza unele dintre cele mai bune instrumente \u0219i site-uri Midjourney online gratuite, avantajele \u0219i dezavantajele acestora \u0219i vom r\u0103spunde la c\u00e2teva \u00eentreb\u0103ri frecvente.<\/p>\n\n\n\n<div class=\"wp-block-rank-math-toc-block\" id=\"rank-math-toc\"><h3>Tabla de con\u021binut<\/h3><nav><ul><li><a href=\"#prompt-examples\">Exemple de prompturi<\/a><\/li><li><a href=\"#\ufffc-what-is-free-online-midjourney\">\ufffcWhat is Free Online Midjourney?<\/a><\/li><li><a href=\"#\ufffc-why-use-free-online-midjourney\">\ufffc De ce s\u0103 folosi\u021bi Midjourney online gratuit?<\/a><\/li><li><a href=\"#\ufffc-benefits-of-using-free-online-midjourney\">\ufffcBeneficii ale utiliz\u0103rii Midjourney online gratuit<\/a><ul><li><a href=\"#\ufffc-1-cost-effective\">\ufffc1. Cost-eficient<\/a><\/li><li><a href=\"#\ufffc-2-experimentation\">\ufffc2. Experimentarea<\/a><\/li><li><a href=\"#\ufffc-3-accessibility\">\ufffc3. Accesibilitate<\/a><\/li><\/ul><\/li><li><a href=\"#\ufffc-when-to-use-free-online-midjourney\">\ufffcC\u00e2nd s\u0103 folose\u0219ti Midjourney online gratuit<\/a><\/li><li><a href=\"#\ufffc-who-can-benefit-from-free-online-midjourney\">\ufffcCine poate beneficia de Midjourney online gratuit<\/a><ul><li><a href=\"#\ufffc-1-creatives\">\ufffc1. Creativi<\/a><\/li><li><a href=\"#\ufffc-2-students\">\ufffc2. Elevi<\/a><\/li><li><a href=\"#\ufffc-3-hobbyists\">\ufffc3. Hobbi\u0219ti<\/a><\/li><\/ul><\/li><li><a href=\"#\ufffc-free-online-midjourney-tools-and-websites\">\ufffcSite-uri \u0219i instrumente online gratuite pentru c\u0103l\u0103torii intermediare<\/a><\/li><li><a href=\"#\ufffc-pros-and-cons-of-free-online-midjourney-tools-and-websites\">\ufffc Avantaje \u0219i dezavantaje ale instrumentelor \u0219i site-urilor web gratuite online Midjourney<\/a><\/li><li><a href=\"#\ufffc-top-recommendation\">\ufffc Cea mai bun\u0103 recomandare<\/a><\/li><li><a href=\"#\ufffcfaq\">\ufffcFAQ<\/a><ul><li><a href=\"#\ufffc-1-is-free-online-midjourney-safe-to-use\">\ufffc1. Este Midjourney online gratuit sigur de utilizat?<\/a><\/li><li><a href=\"#\ufffc-2-can-i-use-free-online-midjourney-for-commercial-purposes\">\ufffc2. Pot folosi Midjourney online gratuit \u00een scopuri comerciale?<\/a><\/li><\/ul><\/li><li><a href=\"#\ufffc-3-how-do-i-use-free-online-midjourney\">\ufffc3. Cum folosesc Midjourney online gratuit?<\/a><\/li><\/ul><\/nav><\/div>\n\n\n\n<h3 class=\"wp-block-heading\" id=\"\ufffc-what-is-free-online-midjourney\"><a href=\"https:\/\/dromerosm-groq-llama3.hf.space\/#what-is-free-online-midjourney\" target=\"_blank\" rel=\"noopener\"><\/a><strong>Ce este Free Online Midjourney?<\/strong><\/h3>\n\n\n\n<p class=\"\">Midjourney online gratuit este o platform\u0103 web care permite utilizatorilor s\u0103 acceseze gratuit capacit\u0103\u021bile Midjourney de generare de imagini bazate pe inteligen\u021b\u0103 artificial\u0103. Aceste platforme nu solicit\u0103 utilizatorilor s\u0103 pl\u0103teasc\u0103 o tax\u0103 de abonament sau orice alt\u0103 form\u0103 de plat\u0103 pentru a utiliza serviciul.<\/p>\n\n\n\n<h3 class=\"wp-block-heading\" id=\"\ufffc-why-use-free-online-midjourney\"><a href=\"https:\/\/dromerosm-groq-llama3.hf.space\/#why-use-free-online-midjourney\" target=\"_blank\" rel=\"noopener\"><\/a><strong>De ce s\u0103 folosi\u021bi Midjourney online gratuit?<\/strong><\/h3>\n\n\n\n<p class=\"\">Midjourney online gratuit este o op\u021biune excelent\u0103 pentru cei care doresc s\u0103 experimenteze cu arta generat\u0103 de AI f\u0103r\u0103 a sparge banca. Acesta permite utilizatorilor s\u0103 \u00eencerce diferite mesaje text, s\u0103 experimenteze diferite stiluri \u0219i s\u0103 creeze imagini unice f\u0103r\u0103 a suporta niciun cost.<\/p>\n\n\n\n<h3 class=\"wp-block-heading\" id=\"\ufffc-benefits-of-using-free-online-midjourney\"><a href=\"https:\/\/dromerosm-groq-llama3.hf.space\/#benefits-of-using-free-online-midjourney\" target=\"_blank\" rel=\"noopener\"><\/a><strong>Beneficiile utiliz\u0103rii Midjourney online gratuit<\/strong><\/h3>\n\n\n\n<h4 class=\"wp-block-heading\" id=\"\ufffc-1-cost-effective\"><a href=\"https:\/\/dromerosm-groq-llama3.hf.space\/#1-cost-effective\" target=\"_blank\" rel=\"noopener\"><\/a>1. Cost-eficient<\/h4>\n\n\n\n<p class=\"\">Midjourney online gratuit este o op\u021biune rentabil\u0103 pentru cei care doresc s\u0103 acceseze capacit\u0103\u021bile de generare de imagini bazate pe inteligen\u021b\u0103 artificial\u0103 ale Midjourney f\u0103r\u0103 a pl\u0103ti o tax\u0103 de abonament.<\/p>\n\n\n\n<h4 class=\"wp-block-heading\" id=\"\ufffc-2-experimentation\"><a href=\"https:\/\/dromerosm-groq-llama3.hf.space\/#c8062562\" target=\"_blank\" rel=\"noopener\"><\/a>2. Experimentarea<\/h4>\n\n\n\n<p class=\"\">Midjourney online gratuit permite utilizatorilor s\u0103 experimenteze cu diferite texte, stiluri \u0219i imagini f\u0103r\u0103 a suporta niciun cost.<\/p>\n\n\n\n<h4 class=\"wp-block-heading\" id=\"\ufffc-3-accessibility\"><a href=\"https:\/\/dromerosm-groq-llama3.hf.space\/#3-accessibility\" target=\"_blank\" rel=\"noopener\"><\/a>3. Accesibilitate<\/h4>\n\n\n\n<p class=\"\">Midjourney online gratuit face ca arta generat\u0103 de inteligen\u021ba artificial\u0103 s\u0103 fie accesibil\u0103 tuturor, indiferent de nivelul veniturilor sau de loca\u021bie.<\/p>\n\n\n\n<h3 class=\"wp-block-heading\" id=\"\ufffc-when-to-use-free-online-midjourney\"><a href=\"https:\/\/dromerosm-groq-llama3.hf.space\/#when-to-use-free-online-midjourney\" target=\"_blank\" rel=\"noopener\"><\/a><strong>C\u00e2nd s\u0103 utiliza\u021bi Midjourney online gratuit<\/strong><\/h3>\n\n\n\n<p class=\"\">Midjourney online gratuit este potrivit pentru oricine dore\u0219te s\u0103 experimenteze arta generat\u0103 de AI, pentru creativi care doresc s\u0103 \u00eencerce idei noi \u0219i pentru studen\u021bi care doresc s\u0103 \u00eenve\u021be despre generarea de imagini cu ajutorul AI.<\/p>\n\n\n\n<h3 class=\"wp-block-heading\" id=\"\ufffc-who-can-benefit-from-free-online-midjourney\"><a href=\"https:\/\/dromerosm-groq-llama3.hf.space\/#who-can-benefit-from-free-online-midjourney\" target=\"_blank\" rel=\"noopener\"><\/a><strong>Cine poate beneficia de Midjourney online gratuit<\/strong><\/h3>\n\n\n\n<p class=\"\">Midjourney online gratuit este potrivit pentru:<\/p>\n\n\n\n<h4 class=\"wp-block-heading\" id=\"\ufffc-1-creatives\"><a href=\"https:\/\/dromerosm-groq-llama3.hf.space\/#765b3dbc\" target=\"_blank\" rel=\"noopener\"><\/a>1. Creativi<\/h4>\n\n\n\n<p class=\"\">Midjourney online gratuit este o op\u021biune excelent\u0103 pentru creativii care doresc s\u0103 experimenteze cu idei noi \u0219i s\u0103 creeze imagini unice.<\/p>\n\n\n\n<h4 class=\"wp-block-heading\" id=\"\ufffc-2-students\"><a href=\"https:\/\/dromerosm-groq-llama3.hf.space\/#c65bfb05\" target=\"_blank\" rel=\"noopener\"><\/a>2. Studen\u021bi<\/h4>\n\n\n\n<p class=\"\">Elevii care doresc s\u0103 \u00eenve\u021be despre generarea de imagini cu ajutorul inteligen\u021bei artificiale pot beneficia de Midjourney online gratuit.<\/p>\n\n\n\n<h4 class=\"wp-block-heading\" id=\"\ufffc-3-hobbyists\"><a href=\"https:\/\/dromerosm-groq-llama3.hf.space\/#147c273b\" target=\"_blank\" rel=\"noopener\"><\/a>3. Hobbi\u0219ti<\/h4>\n\n\n\n<p class=\"\">Pasiona\u021bii care doresc s\u0103 \u00eencerce arta generat\u0103 de inteligen\u021ba artificial\u0103 f\u0103r\u0103 a suporta niciun cost pot beneficia de utilizarea gratuit\u0103 online a Midjourney.<\/p>\n\n\n\n<h3 class=\"wp-block-heading\" id=\"\ufffc-free-online-midjourney-tools-and-websites\"><a href=\"https:\/\/dromerosm-groq-llama3.hf.space\/#free-online-midjourney-tools-and-websites\" target=\"_blank\" rel=\"noopener\"><\/a><strong>Instrumente \u0219i site-uri web online gratuite pentru mijlocul c\u0103l\u0103toriei<\/strong><\/h3>\n\n\n\n<p class=\"\">Iat\u0103 c\u00e2teva dintre cele mai bune instrumente \u0219i site-uri online gratuite Midjourney:<\/p>\n\n\n\n<figure class=\"wp-block-table\"><table class=\"has-fixed-layout\"><thead><tr><th>Site web<\/th><th>Descriere<\/th><\/tr><\/thead><tbody><tr><td><a href=\"https:\/\/aiartfree.online\/ro\/gratuit-online-midjourney\/\" target=\"_blank\" rel=\"noreferrer noopener\">AI Art Gratuit Online<\/a><\/td><td>AI Art Free Online este un instrument online gratuit Midjourney care permite utilizatorilor s\u0103 genereze imagini din mesaje text.<\/td><\/tr><tr><td><a href=\"https:\/\/deepdreamgenerator.com\/\" target=\"_blank\" rel=\"noreferrer noopener\">Generator de vis profund<\/a><\/td><td>Deep Dream Generator este un instrument online gratuit Midjourney care utilizeaz\u0103 o re\u021bea neuronal\u0103 pentru a genera imagini din solicit\u0103ri text.<\/td><\/tr><tr><td><a href=\"https:\/\/www.artbreeder.com\/\" target=\"_blank\" rel=\"noreferrer noopener\">Artbreeder<\/a><\/td><td>Artbreeder este o platform\u0103 online gratuit\u0103 care permite utilizatorilor s\u0103 genereze opere de art\u0103 originale folosind o combina\u021bie de inteligen\u021b\u0103 artificial\u0103 \u0219i contribu\u021bii ale utilizatorilor.<\/td><\/tr><tr><td><a href=\"https:\/\/prism.app\/\" target=\"_blank\" rel=\"noreferrer noopener\">Prisma<\/a><\/td><td>Prism este un instrument online gratuit Midjourney care utilizeaz\u0103 inteligen\u021ba artificial\u0103 pentru a genera imagini din text.<\/td><\/tr><tr><td><a href=\"https:\/\/mydeepart.com\/\" target=\"_blank\" rel=\"noreferrer noopener\">MyDeepArt<\/a><\/td><td>MyDeepArt este un instrument online gratuit Midjourney, care permite utilizatorilor s\u0103 genereze imagini din mesaje text.<\/td><\/tr><\/tbody><\/table><\/figure>\n\n\n\n<h3 class=\"wp-block-heading\" id=\"\ufffc-pros-and-cons-of-free-online-midjourney-tools-and-websites\"><a href=\"https:\/\/dromerosm-groq-llama3.hf.space\/#pros-and-cons-of-free-online-midjourney-tools-and-websites\" target=\"_blank\" rel=\"noopener\"><\/a><strong>Argumente pro \u0219i contra ale instrumentelor \u0219i site-urilor web gratuite online Midjourney<\/strong><\/h3>\n\n\n\n<figure class=\"wp-block-table\"><table class=\"has-fixed-layout\"><thead><tr><th>Site web<\/th><th>Avantaje<\/th><th>Contra<\/th><\/tr><\/thead><tbody><tr><td>AI Art Gratuit Online<\/td><td>Rentabil, u\u0219or de utilizat<\/td><td>Caracteristici limitate<\/td><\/tr><tr><td>Generator de vis profund<\/td><td>Genereaz\u0103 imagini de \u00eenalt\u0103 calitate, u\u0219or de utilizat<\/td><td>Op\u021biuni de personalizare limitate<\/td><\/tr><tr><td>Artbreeder<\/td><td>Permite un nivel ridicat de personalizare, genereaz\u0103 imagini unice<\/td><td>Curb\u0103 de \u00eenv\u0103\u021bare abrupt\u0103<\/td><\/tr><tr><td>Prisma<\/td><td>Timp de procesare rapid, imagini de \u00eenalt\u0103 calitate<\/td><td>Caracteristici limitate<\/td><\/tr><tr><td>MyDeepArt<\/td><td>Genereaz\u0103 imagini de \u00eenalt\u0103 calitate, u\u0219or de utilizat<\/td><td>Op\u021biuni de personalizare limitate<\/td><\/tr><\/tbody><\/table><\/figure>\n\n\n\n<h3 class=\"wp-block-heading\" id=\"\ufffc-top-recommendation\"><a href=\"https:\/\/dromerosm-groq-llama3.hf.space\/#top-recommendation\" target=\"_blank\" rel=\"noopener\"><\/a><strong>Recomandare de top<\/strong><\/h3>\n\n\n\n<p class=\"\">Pe baza cercet\u0103rilor noastre, v\u0103 recomand\u0103m&nbsp;<a href=\"https:\/\/aiartfree.online\/ro\/gratuit-online-midjourney\/\" target=\"_blank\" rel=\"noreferrer noopener\">AI Art Gratuit Online<\/a>&nbsp;pentru u\u0219urin\u021ba \u00een utilizare, rentabilitate \u0219i imagini de \u00eenalt\u0103 calitate.<\/p>\n\n\n\n<h3 class=\"wp-block-heading\" id=\"\ufffcfaq\"><a href=\"https:\/\/dromerosm-groq-llama3.hf.space\/#faq\" target=\"_blank\" rel=\"noopener\"><\/a><strong>\u00ceNTREB\u0102RI FRECVENTE<\/strong><\/h3>\n\n\n\n<p class=\"\">Aici sunt c\u00e2teva \u00eentreb\u0103ri frecvente despre Midjourney online gratuit:<\/p>\n\n\n\n<h4 class=\"wp-block-heading\" id=\"\ufffc-1-is-free-online-midjourney-safe-to-use\"><a href=\"https:\/\/dromerosm-groq-llama3.hf.space\/#f3b6b435\" target=\"_blank\" rel=\"noopener\"><\/a>1. Este Midjourney online gratuit sigur de utilizat?<\/h4>\n\n\n\n<p class=\"\">Da, Midjourney online gratuit este sigur de utilizat. Cu toate acestea, este \u00eentotdeauna o idee bun\u0103 s\u0103 citi\u021bi termenii \u0219i condi\u021biile fiec\u0103rui site \u00eenainte de a le utiliza serviciile.<\/p>\n\n\n\n<h4 class=\"wp-block-heading\" id=\"\ufffc-2-can-i-use-free-online-midjourney-for-commercial-purposes\"><a href=\"https:\/\/dromerosm-groq-llama3.hf.space\/#a6471d09\" target=\"_blank\" rel=\"noopener\"><\/a>2. Pot folosi Midjourney online gratuit \u00een scopuri comerciale?<\/h4>\n\n\n\n<p class=\"\">Unele site-uri \u0219i instrumente online gratuite Midjourney permit utilizarea comercial\u0103, \u00een timp ce altele nu. Asigura\u021bi-v\u0103 c\u0103 verifica\u021bi termenii \u0219i condi\u021biile fiec\u0103rui site \u00eenainte de a utiliza serviciile lor \u00een scopuri comerciale.<\/p>\n\n\n\n<h3 class=\"wp-block-heading\" id=\"\ufffc-3-how-do-i-use-free-online-midjourney\"><a href=\"https:\/\/dromerosm-groq-llama3.hf.space\/#e4d0e51e\" target=\"_blank\" rel=\"noopener\"><\/a>3. Cum folosesc Midjourney online gratuit?<\/h3>\n\n\n\n<p class=\"\">Utilizarea Midjourney online gratuit este simpl\u0103. Trebuie doar s\u0103 accesa\u021bi site-ul, s\u0103 introduce\u021bi textul prompt \u0219i s\u0103 face\u021bi clic pe generare. Pute\u021bi apoi s\u0103 desc\u0103rca\u021bi imaginea generat\u0103 sau s\u0103 o utiliza\u021bi \u00een scopul dorit.<\/p>\n\n\n\n<p class=\"\">Aici sunt 10 site-uri web care ofer\u0103 cele mai recente informa\u021bii despre Midjourney online gratuit:<\/p>\n\n\n\n<ol class=\"wp-block-list\">\n<li class=\"\"><a href=\"https:\/\/aiartfree.online\/ro\/gratuit-online-midjourney\/\" target=\"_blank\" rel=\"noreferrer noopener\">AI Art Gratuit Online<\/a>&nbsp;- AI Art Free Online ofer\u0103 un instrument online gratuit Midjourney care genereaz\u0103 imagini din text.<\/li>\n\n\n\n<li class=\"\"><a href=\"https:\/\/deepdreamgenerator.com\/\" target=\"_blank\" rel=\"noreferrer noopener\">Generator de vis profund<\/a>&nbsp;- Deep Dream Generator utilizeaz\u0103 o re\u021bea neuronal\u0103 pentru a genera imagini din mesaje text.<\/li>\n\n\n\n<li class=\"\"><a href=\"https:\/\/www.artbreeder.com\/\" target=\"_blank\" rel=\"noreferrer noopener\">Artbreeder<\/a>&nbsp;- Artbreeder este o platform\u0103 online gratuit\u0103 care permite utilizatorilor s\u0103 genereze opere de art\u0103 originale folosind o combina\u021bie de inteligen\u021b\u0103 artificial\u0103 \u0219i contribu\u021bii ale utilizatorilor.<\/li>\n\n\n\n<li class=\"\"><a href=\"https:\/\/prism.app\/\" target=\"_blank\" rel=\"noreferrer noopener\">Prisma<\/a>&nbsp;- Prism este un instrument online gratuit Midjourney care utilizeaz\u0103 inteligen\u021ba artificial\u0103 pentru a genera imagini din text.<\/li>\n\n\n\n<li class=\"\"><a href=\"https:\/\/mydeepart.com\/\" target=\"_blank\" rel=\"noreferrer noopener\">MyDeepArt<\/a>&nbsp;- MyDeepArt este un instrument online gratuit Midjourney, care permite utilizatorilor s\u0103 genereze imagini din mesaje text.<\/li>\n\n\n\n<li class=\"\"><a href=\"https:\/\/midjourney.com\/\" target=\"_blank\" rel=\"noreferrer noopener\">C\u0103l\u0103torie intermediar\u0103<\/a>&nbsp;- Midjourney este o platform\u0103 de generare a imaginilor bazat\u0103 pe inteligen\u021b\u0103 artificial\u0103 care ofer\u0103 o versiune de \u00eencercare gratuit\u0103.<\/li>\n\n\n\n<li class=\"\"><a href=\"https:\/\/techcrunch.com\/\" target=\"_blank\" rel=\"noreferrer noopener\">TechCrunch<\/a>&nbsp;- TechCrunch ofer\u0103 cele mai recente \u0219tiri \u0219i actualiz\u0103ri privind arta generat\u0103 de AI \u0219i instrumentele online gratuite Midjourney.<\/li>\n\n\n\n<li class=\"\"><a href=\"https:\/\/www.theverge.com\/\" target=\"_blank\" rel=\"noreferrer noopener\">The Verge<\/a>&nbsp;- The Verge ofer\u0103 cele mai recente \u0219tiri \u0219i actualiz\u0103ri despre arta generat\u0103 de AI \u0219i instrumentele online gratuite Midjourney.<\/li>\n\n\n\n<li class=\"\"><a href=\"https:\/\/news.artnet.com\/\" target=\"_blank\" rel=\"noreferrer noopener\">Artnet<\/a>&nbsp;- Artnet ofer\u0103 cele mai recente \u0219tiri \u0219i actualiz\u0103ri privind arta generat\u0103 de AI \u0219i instrumentele online gratuite Midjourney.<\/li>\n\n\n\n<li class=\"\"><a href=\"https:\/\/aitimejournal.com\/\" target=\"_blank\" rel=\"noreferrer noopener\">Jurnal de timp AI<\/a>&nbsp;- AI Time Journal ofer\u0103 cele mai recente \u0219tiri \u0219i actualiz\u0103ri privind arta generat\u0103 de AI \u0219i instrumentele online gratuite Midjourney.<\/li>\n<\/ol>","protected":false},"excerpt":{"rendered":"<p>What our users made How to use the Free Online Midjourney * Feel free to try our examples below if you don&#8217;t have any thoughts in your mind Prompt Examples *&nbsp;Depending on your internet speed, loading the model may take a few seconds.* There will be caching during continuous generation, and the new image will &#8230; <a title=\"Midjourney online gratuit\" class=\"read-more\" href=\"https:\/\/aiartfree.online\/ro\/gratuit-online-midjourney\/\" aria-label=\"Cite\u0219te mai multe despre Free Online Midjourney\">Cite\u0219te mai mult<\/a><\/p>","protected":false},"author":1,"featured_media":3528,"parent":0,"menu_order":0,"comment_status":"open","ping_status":"closed","template":"","meta":{"nf_dc_page":"","footnotes":""},"class_list":["post-2887","page","type-page","status-publish","has-post-thumbnail"],"jetpack_sharing_enabled":true,"_links":{"self":[{"href":"https:\/\/aiartfree.online\/ro\/wp-json\/wp\/v2\/pages\/2887","targetHints":{"allow":["GET"]}}],"collection":[{"href":"https:\/\/aiartfree.online\/ro\/wp-json\/wp\/v2\/pages"}],"about":[{"href":"https:\/\/aiartfree.online\/ro\/wp-json\/wp\/v2\/types\/page"}],"author":[{"embeddable":true,"href":"https:\/\/aiartfree.online\/ro\/wp-json\/wp\/v2\/users\/1"}],"replies":[{"embeddable":true,"href":"https:\/\/aiartfree.online\/ro\/wp-json\/wp\/v2\/comments?post=2887"}],"version-history":[{"count":2,"href":"https:\/\/aiartfree.online\/ro\/wp-json\/wp\/v2\/pages\/2887\/revisions"}],"predecessor-version":[{"id":3599,"href":"https:\/\/aiartfree.online\/ro\/wp-json\/wp\/v2\/pages\/2887\/revisions\/3599"}],"wp:featuredmedia":[{"embeddable":true,"href":"https:\/\/aiartfree.online\/ro\/wp-json\/wp\/v2\/media\/3528"}],"wp:attachment":[{"href":"https:\/\/aiartfree.online\/ro\/wp-json\/wp\/v2\/media?parent=2887"}],"curies":[{"name":"wp","href":"https:\/\/api.w.org\/{rel}","templated":true}]}}