{"id":2880,"date":"2024-07-17T14:18:31","date_gmt":"2024-07-17T14:18:31","guid":{"rendered":"https:\/\/aiartfree.online\/?page_id=2880"},"modified":"2024-07-20T10:51:32","modified_gmt":"2024-07-20T10:51:32","slug":"ai-image-enhancer","status":"publish","type":"page","link":"https:\/\/aiartfree.online\/ro\/optimizator-de-imagine-ai\/","title":{"rendered":"\u00cembun\u0103t\u0103\u021bitor de imagine AI"},"content":{"rendered":"<h2 class=\"wp-block-heading\">Cum s\u0103 utiliza\u021bi AI Image Enhancer<\/h2>\n\n\n\n<ol class=\"wp-block-list\">\n<li class=\"\">Arunca\u021bi sau \u00eenc\u0103rca\u021bi imaginea dvs.<\/li>\n\n\n\n<li class=\"\">Face\u021bi clic pe \"Trimite\"<\/li>\n\n\n\n<li class=\"\">Stai, asta este!<\/li>\n<\/ol>\n\n\n\n<p class=\"\"><em>* \u00cen func\u021bie de viteza internetului, \u00eenc\u0103rcarea modelului poate dura c\u00e2teva secunde.<br>* \u00cen timpul gener\u0103rii continue va exista un proces de cache, iar noua imagine va ap\u0103rea dup\u0103 aproximativ 3 secunde.<\/em><\/p>\n\n\n\n<div style=\"text-align: center;\">\n  <iframe loading=\"lazy\"\n    src=\"https:\/\/sczhou-codeformer.hf.space\"\n    frameborder=\"0\"\n    width=\"1200\"\n    height=\"2500\"\n    style=\"display: inline-block; margin: 0 auto;\"\n  ><\/iframe>\n<\/div>\n\n\n\n<div style=\"height:50px\" aria-hidden=\"true\" class=\"wp-block-spacer\"><\/div>\n\n\n\n<h2 class=\"wp-block-heading\">Introducere \u00een AI Image Enhancer<\/h2>\n\n\n\n<p class=\"\">\u00cembun\u0103t\u0103\u021birea calit\u0103\u021bii imaginii este esen\u021bial\u0103 pentru diverse industrii, de la imobiliare la marketingul social media. Odat\u0103 cu cre\u0219terea inteligen\u021bei artificiale, instrumente precum AI Image Enhancer au revolu\u021bionat modul \u00een care cre\u0219tem rezolu\u021bia fotografiilor \u0219i \u00eembun\u0103t\u0103\u021bim calitatea general\u0103 a imaginii. \u00cen acest articol, vom explora beneficiile AI image enhancers, cele mai bune scenarii pentru utilizarea lor \u0219i vom oferi un ghid cuprinz\u0103tor al celor mai bune instrumente disponibile \u00een prezent.<\/p>\n\n\n\n<figure class=\"wp-block-image size-large is-resized\"><img data-recalc-dims=\"1\" decoding=\"async\" width=\"1024\" height=\"568\"   loading=\"lazy\" src=\"https:\/\/i0.wp.com\/aiartfree.online\/wp-content\/uploads\/2024\/07\/WX20240717-181127%402x-1-1-1-1-1-1.jpg?resize=1024%2C568&#038;ssl=1\" alt=\"\u00cembun\u0103t\u0103\u021bitor de imagine AI\" class=\"wp-image-2881\" style=\"width:591px;height:auto\" srcset=\"https:\/\/i0.wp.com\/aiartfree.online\/wp-content\/uploads\/2024\/07\/WX20240717-181127%402x-1-1-1-1-1-1.jpg?resize=1024%2C568&amp;ssl=1 1024w, https:\/\/i0.wp.com\/aiartfree.online\/wp-content\/uploads\/2024\/07\/WX20240717-181127%402x-1-1-1-1-1-1.jpg?resize=300%2C166&amp;ssl=1 300w, https:\/\/i0.wp.com\/aiartfree.online\/wp-content\/uploads\/2024\/07\/WX20240717-181127%402x-1-1-1-1-1-1.jpg?resize=768%2C426&amp;ssl=1 768w, https:\/\/i0.wp.com\/aiartfree.online\/wp-content\/uploads\/2024\/07\/WX20240717-181127%402x-1-1-1-1-1-1.jpg?resize=1536%2C852&amp;ssl=1 1536w, https:\/\/i0.wp.com\/aiartfree.online\/wp-content\/uploads\/2024\/07\/WX20240717-181127%402x-1-1-1-1-1-1.jpg?resize=2048%2C1136&amp;ssl=1 2048w, https:\/\/i0.wp.com\/aiartfree.online\/wp-content\/uploads\/2024\/07\/WX20240717-181127%402x-1-1-1-1-1-1.jpg?resize=18%2C10&amp;ssl=1 18w, https:\/\/i0.wp.com\/aiartfree.online\/wp-content\/uploads\/2024\/07\/WX20240717-181127%402x-1-1-1-1-1-1.jpg?resize=600%2C333&amp;ssl=1 600w\" sizes=\"auto, (max-width: 1024px) 100vw, 1024px\" \/><\/figure>\n\n\n\n<h2 class=\"wp-block-heading\">Tabla de con\u021binut<\/h2>\n\n\n\n<ol class=\"wp-block-list\">\n<li class=\"\">Ce este un optimizator de imagine AI?<\/li>\n\n\n\n<li class=\"\">De ce s\u0103 folosi\u021bi un optimizator de imagine AI?<\/li>\n\n\n\n<li class=\"\">Beneficiile utiliz\u0103rii unui amplificator de imagine AI<\/li>\n\n\n\n<li class=\"\">C\u00e2nd s\u0103 utiliza\u021bi un amplificator de imagine AI<\/li>\n\n\n\n<li class=\"\">Cine ar trebui s\u0103 utilizeze un amplificator de imagine AI?<\/li>\n\n\n\n<li class=\"\">Top 10 instrumente AI de \u00eembun\u0103t\u0103\u021bire a imaginii<\/li>\n\n\n\n<li class=\"\">Cel mai bun instrument de \u00eembun\u0103t\u0103\u021bire a imaginii AI<\/li>\n\n\n\n<li class=\"\">\u00ceNTREB\u0102RI FRECVENTE<\/li>\n<\/ol>\n\n\n\n<h3 class=\"wp-block-heading\">Ce este un optimizator de imagine AI?<\/h3>\n\n\n\n<p class=\"\">Un AI Image Enhancer este un instrument bazat pe inteligen\u021b\u0103 artificial\u0103 conceput pentru a \u00eembun\u0103t\u0103\u021bi calitatea imaginilor. Aceste instrumente pot cre\u0219te rezolu\u021bia fotografiilor, pot spori claritatea fotografiilor \u0219i pot redimensiona imaginile pentru a le face mai clare \u0219i mai detaliate. Prin utilizarea unor algoritmi avansa\u021bi, amelioratorii de imagine AI pot detecta \u0219i corecta imperfec\u021biunile, f\u0103c\u00e2nd ca fotografiile s\u0103 par\u0103 mai profesionale \u0219i mai atractive din punct de vedere vizual.<\/p>\n\n\n\n<h3 class=\"wp-block-heading\">De ce s\u0103 folosi\u021bi un optimizator de imagine AI?<\/h3>\n\n\n\n<p class=\"\">Utilizarea unui AI Image Enhancer este esen\u021bial\u0103 pentru oricine dore\u0219te s\u0103 \u00eembun\u0103t\u0103\u021beasc\u0103 rapid \u0219i eficient calitatea imaginilor sale. Fie c\u0103 sunte\u021bi designer grafic, agent imobiliar sau manager de social media, \u00eembun\u0103t\u0103\u021birea calit\u0103\u021bii imaginilor poate face o diferen\u021b\u0103 semnificativ\u0103 \u00een modul \u00een care munca dvs. este perceput\u0103. \u00cembun\u0103t\u0103\u021bitoarele de imagine AI economisesc timp prin automatizarea procesului de \u00eembun\u0103t\u0103\u021bire a rezolu\u021biei \u0219i calit\u0103\u021bii, permi\u021b\u00e2ndu-v\u0103 s\u0103 v\u0103 concentra\u021bi pe alte sarcini importante.<\/p>\n\n\n\n<h3 class=\"wp-block-heading\">Beneficiile utiliz\u0103rii unui amplificator de imagine AI<\/h3>\n\n\n\n<ol class=\"wp-block-list\">\n<li class=\"\"><strong>Cre\u0219te\u021bi rezolu\u021bia fotografiei<\/strong>: \u00cembun\u0103t\u0103\u021bitoarele de imagine AI pot m\u0103ri imaginile, f\u0103c\u00e2ndu-le potrivite pentru imprim\u0103ri de \u00eenalt\u0103 calitate \u0219i afi\u0219aje mari.<\/li>\n\n\n\n<li class=\"\"><strong>\u00cembun\u0103t\u0103\u021bi\u021bi claritatea fotografiilor<\/strong>: Aceste instrumente \u00eembun\u0103t\u0103\u021besc claritatea imaginii, elimin\u00e2nd neclaritatea \u0219i f\u0103c\u00e2nd detaliile mai vizibile.<\/li>\n\n\n\n<li class=\"\"><strong>\u00cembun\u0103t\u0103\u021birea calit\u0103\u021bii generale<\/strong>: \u00cembun\u0103t\u0103\u021bitoarele de imagine AI pot ajusta culorile, contrastul \u0219i luminozitatea pentru a produce imagini de \u00eenalt\u0103 calitate.<\/li>\n\n\n\n<li class=\"\"><strong>Economisi\u021bi timp<\/strong>: Automatizarea procesului de \u00eembun\u0103t\u0103\u021bire reduce timpul necesar pentru editarea manual\u0103 a imaginilor.<\/li>\n\n\n\n<li class=\"\"><strong>Cost-eficiente<\/strong>: Investi\u021bia \u00een amelioratori de imagine AI poate economisi bani \u00een compara\u021bie cu angajarea unor editori foto profesioni\u0219ti.<\/li>\n<\/ol>\n\n\n\n<h3 class=\"wp-block-heading\">C\u00e2nd s\u0103 utiliza\u021bi un amplificator de imagine AI<\/h3>\n\n\n\n<p class=\"\">\u00cembun\u0103t\u0103\u021bitoarele de imagine AI sunt potrivite pentru diverse scenarii, inclusiv:<\/p>\n\n\n\n<ul class=\"wp-block-list\">\n<li class=\"\"><strong>Bunuri imobiliare<\/strong>: \u00cembun\u0103t\u0103\u021birea fotografiilor propriet\u0103\u021bii pentru a atrage poten\u021bialii cump\u0103r\u0103tori.<\/li>\n\n\n\n<li class=\"\"><strong>Social Media<\/strong>: Crearea de imagini de \u00eenalt\u0103 calitate pentru post\u0103ri \u0219i reclame.<\/li>\n\n\n\n<li class=\"\"><strong>Design grafic<\/strong>: \u00cembun\u0103t\u0103\u021birea imaginilor pentru utilizarea \u00een presa digital\u0103 \u0219i tip\u0103rit\u0103.<\/li>\n\n\n\n<li class=\"\"><strong>Comer\u021b electronic<\/strong>: \u00cembun\u0103t\u0103\u021birea fotografiilor produselor pentru cre\u0219terea v\u00e2nz\u0103rilor.<\/li>\n\n\n\n<li class=\"\"><strong>Fotografie<\/strong>: M\u0103rirea imaginilor pentru printuri \u0219i portofolii.<\/li>\n<\/ul>\n\n\n\n<h3 class=\"wp-block-heading\">Cine ar trebui s\u0103 utilizeze un amplificator de imagine AI?<\/h3>\n\n\n\n<p class=\"\">AI Image Enhancers sunt benefice pentru:<\/p>\n\n\n\n<ul class=\"wp-block-list\">\n<li class=\"\"><strong>Fotografi<\/strong>: Pentru a \u00eembun\u0103t\u0103\u021bi \u0219i a m\u0103ri imaginile lor.<\/li>\n\n\n\n<li class=\"\"><strong>Agen\u021bi imobiliari<\/strong>: Pentru a \u00eembun\u0103t\u0103\u021bi imaginile propriet\u0103\u021bilor pentru anun\u021buri.<\/li>\n\n\n\n<li class=\"\"><strong>Designeri grafici<\/strong>: Pentru a asigura imagini de \u00eenalt\u0103 calitate pentru proiectele lor.<\/li>\n\n\n\n<li class=\"\"><strong>Social Media Managers<\/strong>: Pentru a crea post\u0103ri atractive din punct de vedere vizual.<\/li>\n\n\n\n<li class=\"\"><strong>\u00centreprinderi de comer\u021b electronic<\/strong>: Pentru a \u00eembun\u0103t\u0103\u021bi imaginea produselor \u0219i a atrage clien\u021bii.<\/li>\n<\/ul>\n\n\n\n<h3 class=\"wp-block-heading\">Top 10 instrumente AI de \u00eembun\u0103t\u0103\u021bire a imaginii<\/h3>\n\n\n\n<p class=\"\">Iat\u0103 un rezumat al primelor 10 instrumente AI de \u00eembun\u0103t\u0103\u021bire a imaginii, inclusiv avantajele \u0219i provoc\u0103rile acestora:<\/p>\n\n\n\n<figure class=\"wp-block-table\"><table class=\"has-fixed-layout\"><thead><tr><th>Nume instrument<\/th><th>Rezumat<\/th><th>Avantaje<\/th><th>Contra<\/th><th>Avantaje<\/th><th>Provoc\u0103ri<\/th><th>Recomand\u0103ri<\/th><\/tr><\/thead><tbody><tr><td><strong><a href=\"https:\/\/aiartfree.online\/ro\/optimizator-de-imagine-ai\/\" target=\"_blank\" data-type=\"link\" data-id=\"https:\/\/aiartfree.online\/ai-image-enhancer\" rel=\"noreferrer noopener\">\u00cembun\u0103t\u0103\u021bitor de imagine AI<\/a><\/strong><\/td><td>\u00cembun\u0103t\u0103\u021be\u0219te rapid \u0219i u\u0219or calitatea imaginii<\/td><td>U\u0219or de utilizat, Gratuit<\/td><td>Caracteristici limitate<\/td><td>Excelent pentru \u00eencep\u0103tori<\/td><td>Op\u021biuni avansate limitate<\/td><td>Ideal pentru repara\u021bii rapide<\/td><\/tr><tr><td><strong>S\u0103 \u00eembun\u0103t\u0103\u021bim<\/strong><\/td><td>M\u0103re\u0219te imaginile p\u00e2n\u0103 la 16x<\/td><td>Rezultate de \u00eenalt\u0103 calitate<\/td><td>Pe baz\u0103 de abonament<\/td><td>Calitate profesional\u0103<\/td><td>Necesit\u0103 plat\u0103<\/td><td>Cel mai bun pentru utilizare profesional\u0103<\/td><\/tr><tr><td><strong>Vance AI<\/strong><\/td><td>\u00cembun\u0103t\u0103\u021bitor de imagine bazat pe inteligen\u021b\u0103 artificial\u0103<\/td><td>Op\u021biuni multiple de \u00eembun\u0103t\u0103\u021bire<\/td><td>Unele caracteristici sunt pl\u0103tite<\/td><td>Set versatil de instrumente<\/td><td>Necesit\u0103 abonament premium<\/td><td>Bun pentru utilizare versatil\u0103<\/td><\/tr><tr><td><strong>Imagine profund\u0103<\/strong><\/td><td>Capacitatea de procesare pe loturi<\/td><td>Gestioneaz\u0103 mai multe imagini simultan<\/td><td>Necesit\u0103 configurarea contului<\/td><td>Timp eficient<\/td><td>Configurarea ini\u021bial\u0103 necesar\u0103<\/td><td>Cel mai bun pentru \u00eembun\u0103t\u0103\u021biri \u00een vrac<\/td><\/tr><tr><td><strong>Waifu2x<\/strong><\/td><td>\u00cembun\u0103t\u0103\u021bitor de imagine focalizat pe anima\u021bie<\/td><td>Specializat pentru lucr\u0103ri de art\u0103<\/td><td>Limitat la stilul anime<\/td><td>Excelent pentru imagini anime<\/td><td>Aplica\u021bie limitat\u0103<\/td><td>Cel mai bun pentru arti\u0219tii anime<\/td><\/tr><tr><td><strong><a href=\"https:\/\/www.fotor.com\/\" data-type=\"link\" data-id=\"https:\/\/www.fotor.com\/\" rel=\"nofollow noopener\" target=\"_blank\">Fotor<\/a><\/strong><\/td><td>Editor foto online cu func\u021bii de \u00eembun\u0103t\u0103\u021bire<\/td><td>Instrumente de editare cuprinz\u0103toare<\/td><td>Anun\u021buri \u00een versiunea gratuit\u0103<\/td><td>Solu\u021bie all-in-one<\/td><td>Versiune gratuit\u0103 sus\u021binut\u0103 de publicitate<\/td><td>Bun pentru utilizare ocazional\u0103<\/td><\/tr><tr><td><strong>ImgLarger<\/strong><\/td><td>Instrument de upscaling AI<\/td><td>Rezultate bune de upscaling<\/td><td>Necesit\u0103 conexiune la internet<\/td><td>Up-scaling de \u00eenalt\u0103 calitate<\/td><td>\u00cen func\u021bie de viteza internetului<\/td><td>Cel mai bun pentru utilizarea online<\/td><\/tr><tr><td><strong>Fotografii Upscale<\/strong><\/td><td>\u00cembun\u0103t\u0103\u021bitor de imagine online<\/td><td>Interfa\u021b\u0103 u\u0219or de utilizat<\/td><td>Utilizare gratuit\u0103 limitat\u0103<\/td><td>U\u0219or de utilizat<\/td><td>Limitat la utilizarea online<\/td><td>Cel mai bun pentru utilizare ocazional\u0103<\/td><\/tr><tr><td><strong>Upscaler de imagine<\/strong><\/td><td>\u00cembun\u0103t\u0103\u021birea bazat\u0103 pe inteligen\u021ba artificial\u0103<\/td><td>Procesare eficient\u0103<\/td><td>Func\u021bii pl\u0103tite<\/td><td>Rapid \u0219i eficient<\/td><td>Pe baz\u0103 de abonament<\/td><td>Cel mai bun pentru utilizare regulat\u0103<\/td><\/tr><tr><td><strong>Amplificator de imagine AI<\/strong><\/td><td>Specializat \u00een m\u0103rirea imaginii<\/td><td>Extindere de \u00eenalt\u0103 calitate<\/td><td>Limit\u0103rile versiunii gratuite<\/td><td>Calitate ridicat\u0103 a extinderii<\/td><td>Op\u021biuni gratuite limitate<\/td><td>Cel mai bun pentru extinderea de \u00eenalt\u0103 calitate<\/td><\/tr><\/tbody><\/table><\/figure>\n\n\n\n<h3 class=\"wp-block-heading\">Cel mai bun instrument de \u00eembun\u0103t\u0103\u021bire a imaginii AI<\/h3>\n\n\n\n<p class=\"\">Dintre diferitele instrumente disponibile, cel mai bun amplificator de imagine AI este <a href=\"https:\/\/aiartfree.online\/ro\/optimizator-de-imagine-ai\/\">\u00cembun\u0103t\u0103\u021bitor de imagine AI<\/a>. Acesta ofer\u0103 o combina\u021bie perfect\u0103 de caracteristici avansate, u\u0219urin\u021b\u0103 \u00een utilizare \u0219i rezultate de \u00eenalt\u0103 calitate, fiind ideal at\u00e2t pentru profesioni\u0219ti, c\u00e2t \u0219i pentru utilizatorii ocazionali.<\/p>\n\n\n\n<h3 class=\"wp-block-heading\">\u00ceNTREB\u0102RI FRECVENTE<\/h3>\n\n\n\n<ol class=\"wp-block-list\">\n<li class=\"\"><strong>Ce este un optimizator de imagine AI?<\/strong> Un AI Image Enhancer este un instrument care utilizeaz\u0103 inteligen\u021ba artificial\u0103 pentru a \u00eembun\u0103t\u0103\u021bi calitatea \u0219i rezolu\u021bia imaginilor.<\/li>\n\n\n\n<li class=\"\"><strong>Cum \u00eembun\u0103t\u0103\u021be\u0219te AI calitatea imaginii?<\/strong> Algoritmii AI analizeaz\u0103 \u0219i \u00eembun\u0103t\u0103\u021besc detaliile imaginii, corect\u00e2nd imperfec\u021biunile \u0219i cresc\u00e2nd rezolu\u021bia.<\/li>\n\n\n\n<li class=\"\"><strong>Merit\u0103 s\u0103 investe\u0219ti \u00eentr-un ameliorator de imagine AI?<\/strong> Da, economise\u0219te timp \u0219i produce rezultate de \u00eenalt\u0103 calitate, ceea ce \u00eel face un instrument valoros pentru mul\u021bi utilizatori.<\/li>\n\n\n\n<li class=\"\"><strong>\u00cembun\u0103t\u0103\u021bitoarele de imagine AI pot gestiona procesarea pe loturi?<\/strong> Unele instrumente precum Deep Image ofer\u0103 capabilit\u0103\u021bi de procesare pe loturi.<\/li>\n\n\n\n<li class=\"\"><strong>Exist\u0103 instrumente gratuite de \u00eembun\u0103t\u0103\u021bire a imaginii AI disponibile?<\/strong> Da, instrumente precum Enhance.Pho.to ofer\u0103 gratuit func\u021bii de \u00eembun\u0103t\u0103\u021bire de baz\u0103.<\/li>\n\n\n\n<li class=\"\"><strong>Care este cel mai bun amplificator de imagine AI pentru uz profesional?<\/strong> AI Image Enhancer este recomandat pentru func\u021biile sale avansate \u0219i rezultatele de \u00eenalt\u0103 calitate.<\/li>\n\n\n\n<li class=\"\"><strong>Pot fi utilizate amelioratoarele de imagine AI pentru imaginile din social media?<\/strong> Da, acestea sunt ideale pentru crearea de imagini de \u00eenalt\u0103 calitate pentru post\u0103rile din social media.<\/li>\n\n\n\n<li class=\"\"><strong>\u00cembun\u0103t\u0103\u021bitoarele de imagine AI suport\u0103 upscaling?<\/strong> Da, multe dispozitive de \u00eembun\u0103t\u0103\u021bire a imaginilor cu inteligen\u021b\u0103 artificial\u0103 pot m\u0103ri rezolu\u021bia imaginilor la rezolu\u021bii mai mari.<\/li>\n\n\n\n<li class=\"\"><strong>\u00cembun\u0103t\u0103\u021bitoarele de imagine AI sunt u\u0219or de utilizat?<\/strong> Majoritatea amplificatoarelor de imagine AI sunt u\u0219or de utilizat \u0219i concepute pentru a fi u\u0219or de folosit.<\/li>\n\n\n\n<li class=\"\"><strong>Ce industrii beneficiaz\u0103 de amelioratorii de imagine AI?<\/strong> Industrii precum cea imobiliar\u0103, comer\u021bul electronic, designul grafic \u0219i social media pot beneficia foarte mult de pe urma utiliz\u0103rii \u00eembun\u0103t\u0103\u021bitorilor de imagine AI.<\/li>\n<\/ol>","protected":false},"excerpt":{"rendered":"<p>How to use AI Image Enhancer *&nbsp;Depending on your internet speed, loading the model may take a few seconds.* There will be caching during continuous generation, and the new image will appear after about 3 seconds. Introduction of AI Image Enhancer Enhancing image quality is crucial for various industries, from real estate to social media &#8230; <a title=\"\u00cembun\u0103t\u0103\u021bitor de imagine AI\" class=\"read-more\" href=\"https:\/\/aiartfree.online\/ro\/optimizator-de-imagine-ai\/\" aria-label=\"Cite\u0219te mai multe despre AI Image Enhancer\">Cite\u0219te mai mult<\/a><\/p>","protected":false},"author":1,"featured_media":0,"parent":0,"menu_order":0,"comment_status":"open","ping_status":"closed","template":"","meta":{"nf_dc_page":"","footnotes":""},"class_list":["post-2880","page","type-page","status-publish"],"jetpack_sharing_enabled":true,"_links":{"self":[{"href":"https:\/\/aiartfree.online\/ro\/wp-json\/wp\/v2\/pages\/2880","targetHints":{"allow":["GET"]}}],"collection":[{"href":"https:\/\/aiartfree.online\/ro\/wp-json\/wp\/v2\/pages"}],"about":[{"href":"https:\/\/aiartfree.online\/ro\/wp-json\/wp\/v2\/types\/page"}],"author":[{"embeddable":true,"href":"https:\/\/aiartfree.online\/ro\/wp-json\/wp\/v2\/users\/1"}],"replies":[{"embeddable":true,"href":"https:\/\/aiartfree.online\/ro\/wp-json\/wp\/v2\/comments?post=2880"}],"version-history":[{"count":0,"href":"https:\/\/aiartfree.online\/ro\/wp-json\/wp\/v2\/pages\/2880\/revisions"}],"wp:attachment":[{"href":"https:\/\/aiartfree.online\/ro\/wp-json\/wp\/v2\/media?parent=2880"}],"curies":[{"name":"wp","href":"https:\/\/api.w.org\/{rel}","templated":true}]}}