{"id":2876,"date":"2024-07-17T14:02:17","date_gmt":"2024-07-17T14:02:17","guid":{"rendered":"https:\/\/aiartfree.online\/?page_id=2876"},"modified":"2025-03-07T08:07:03","modified_gmt":"2025-03-07T08:07:03","slug":"anime-ai-generator","status":"publish","type":"page","link":"https:\/\/aiartfree.online\/ro\/anime-ai-generator\/","title":{"rendered":"Anime AI Generator"},"content":{"rendered":"<h2 class=\"wp-block-heading has-text-align-center\">\u00cenainte vs. Dup\u0103<\/h2>\n\n\n\n<figure class=\"gb-block-image gb-block-image-1822da1f\"><img data-recalc-dims=\"1\" decoding=\"async\" loading=\"lazy\" width=\"300\" height=\"179\" class=\"gb-image gb-image-1822da1f\" src=\"https:\/\/i0.wp.com\/aiartfree.online\/wp-content\/uploads\/2024\/07\/WX20240719-123748%402x.jpg?resize=300%2C179&#038;ssl=1\" alt=\"anime-ai-generator\/\" title=\"WX20240719-123748@2x\" srcset=\"https:\/\/i0.wp.com\/aiartfree.online\/wp-content\/uploads\/2024\/07\/WX20240719-123748%402x.jpg?resize=300%2C179&amp;ssl=1 300w, https:\/\/i0.wp.com\/aiartfree.online\/wp-content\/uploads\/2024\/07\/WX20240719-123748%402x.jpg?resize=1024%2C613&amp;ssl=1 1024w, https:\/\/i0.wp.com\/aiartfree.online\/wp-content\/uploads\/2024\/07\/WX20240719-123748%402x.jpg?resize=768%2C459&amp;ssl=1 768w, https:\/\/i0.wp.com\/aiartfree.online\/wp-content\/uploads\/2024\/07\/WX20240719-123748%402x.jpg?resize=18%2C12&amp;ssl=1 18w, https:\/\/i0.wp.com\/aiartfree.online\/wp-content\/uploads\/2024\/07\/WX20240719-123748%402x.jpg?resize=600%2C359&amp;ssl=1 600w, https:\/\/i0.wp.com\/aiartfree.online\/wp-content\/uploads\/2024\/07\/WX20240719-123748%402x.jpg?w=1314&amp;ssl=1 1314w\" sizes=\"auto, (max-width: 300px) 100vw, 300px\" \/><\/figure>\n\n\n\n<h2 class=\"wp-block-heading\">Cum s\u0103 utiliza\u021bi Anime AI Generator<\/h2>\n\n\n\n<ol class=\"wp-block-list\">\n<li class=\"\">Introduce\u021bi solicitarea dvs. sau alege\u021bi unul dintre exemplele de solicit\u0103ri<\/li>\n\n\n\n<li class=\"\">Face\u021bi clic pe \"Generare\"<\/li>\n\n\n\n<li class=\"\">Stai, asta este!<\/li>\n<\/ol>\n\n\n\n<h3 class=\"wp-block-heading\">Exemple de prompturi<\/h3>\n\n\n\n<ul class=\"wp-block-list has-small-font-size\">\n<li class=\"\">femeie frumoas\u0103, noapte, cu stele, complicat, elegant, foarte detaliat, pictur\u0103 digital\u0103, sta\u021bie de art\u0103, concept art, neted, focalizare ascu\u021bit\u0103, ilustra\u021bie, art\u0103 de ( ( ( artgerm ) ) ) \u0219i greg rutkowski! \u0219i ( ( alphonse mucha ) ), puternic influen\u021bat de frank frazetta \u0219i boris vallejo, sword and<\/li>\n\n\n\n<li class=\"\">femeie frumoas\u0103, noapte, sci - fi, fantezie, complicat, elegant, takato yamamoto, rochie albastr\u0103, magic, foarte detaliat, pictur\u0103 digital\u0103, sta\u021bie de art\u0103, concept art, neted, b focalizare ascu\u021bit\u0103, ilustra\u021bie, art\u0103 de artgerm \u0219i greg rutkowski \u0219i alphonse mucha<\/li>\n\n\n\n<li class=\"\">femeie frumoas\u0103, s\u00e2ni mari la plaj\u0103, relaxant, eteric, vis\u0103tor, iluminat din spate, foarte detaliat, iluminare realist\u0103, focalizare ascu\u021bit\u0103, regula celor trei treimi, artgerm, wlop, arney freytag, rossdraws, frank frazetta, andrei riabovitchev, hd, octan, 4 k,<\/li>\n\n\n\n<li class=\"\">femeie frumoas\u0103\uff0c s\u00e2ni mari, st\u0103p\u00e2n\u0103 domme, steampunk, z\u00e2mbitoare timid\u0103, 4k, uimitoare randare 3d inspirat\u0103 de arta lui Prenz Cushart \u0219i WLOP\uff0c pictur\u0103 mat\u0103, capodoper\u0103 | Alphonse Mucha\uff0ctrending pe artstation \u0219i pixiv\uff0c Mic detaliu<\/li>\n\n\n\n<li class=\"\">femeie frumoas\u0103, noapte, cu stele, complicat, elegant, foarte detaliat, pictur\u0103 digital\u0103, sta\u021bie de art\u0103, art\u0103 conceptual\u0103, neted, focalizare ascu\u021bit\u0103, ilustra\u021bie, art\u0103 de ( ( ( artgerm ) ) ) \u0219i greg rutkowski! \u0219i ( ( alphonse mucha ) ), puternic influen\u021bat de frank frazetta \u0219i boris vallejo, sabie<\/li>\n<\/ul>\n\n\n\n<figure class=\"gb-block-image gb-block-image-032aac41\"><a href=\"https:\/\/fas.st\/t\/9U4PYbm7\" target=\"_blank\" rel=\"noopener noreferrer\"><img data-recalc-dims=\"1\" decoding=\"async\" loading=\"lazy\" width=\"1200\" height=\"365\" class=\"gb-image gb-image-032aac41\" src=\"https:\/\/i0.wp.com\/aiartfree.online\/wp-content\/uploads\/2025\/03\/WX20250307-115412%402x.webp?resize=1200%2C365&#038;ssl=1\" alt=\"\" title=\"WX20250307-115412@2x\" srcset=\"https:\/\/i0.wp.com\/aiartfree.online\/wp-content\/uploads\/2025\/03\/WX20250307-115412%402x.webp?w=1942&amp;ssl=1 1942w, https:\/\/i0.wp.com\/aiartfree.online\/wp-content\/uploads\/2025\/03\/WX20250307-115412%402x.webp?resize=300%2C91&amp;ssl=1 300w, https:\/\/i0.wp.com\/aiartfree.online\/wp-content\/uploads\/2025\/03\/WX20250307-115412%402x.webp?resize=1024%2C312&amp;ssl=1 1024w, https:\/\/i0.wp.com\/aiartfree.online\/wp-content\/uploads\/2025\/03\/WX20250307-115412%402x.webp?resize=768%2C234&amp;ssl=1 768w, https:\/\/i0.wp.com\/aiartfree.online\/wp-content\/uploads\/2025\/03\/WX20250307-115412%402x.webp?resize=1536%2C467&amp;ssl=1 1536w, https:\/\/i0.wp.com\/aiartfree.online\/wp-content\/uploads\/2025\/03\/WX20250307-115412%402x.webp?resize=18%2C5&amp;ssl=1 18w, https:\/\/i0.wp.com\/aiartfree.online\/wp-content\/uploads\/2025\/03\/WX20250307-115412%402x.webp?resize=600%2C183&amp;ssl=1 600w\" sizes=\"auto, (max-width: 1200px) 100vw, 1200px\" \/><\/a><\/figure>\n\n\n\n<p class=\"\"><em>* \u00cen func\u021bie de viteza internetului, \u00eenc\u0103rcarea modelului poate dura c\u00e2teva secunde.<br>* \u00cen timpul gener\u0103rii continue va exista un proces de cache, iar noua imagine va ap\u0103rea dup\u0103 aproximativ 3 secunde.<\/em><\/p>\n\n\n\n<div class=\"iframe-wrapper\" style=\"position: relative; width: 100%; height: 1600px;\">\n  <div class=\"loading\" style=\"position: absolute; top: 50px; left: 50%; transform: translate(-50%, -50%); width: 40px; height: 40px; border: 3px solid #f0f0f0; border-top: 3px solid #db7093; border-radius: 50%; animation: spin 1s linear infinite;\"><\/div>\n  <iframe loading=\"lazy\" src=\"https:\/\/cagliostrolab-animagine-xl-3-1.hf.space\" frameborder=\"0\" width=\"100%\" height=\"100%\" style=\"position: absolute; top: 0; left: 0; opacity: 0; transition: opacity 0.3s;\" onload=\"this.style.opacity=1;this.previousElementSibling.style.display='none';\"><\/iframe>\n<\/div>\n\n<style>\n@keyframes spin {\n  0% { transform: translate(-50%, -50%) rotate(0deg); }\n  100% { transform: translate(-50%, -50%) rotate(360deg); }\n}\n<\/style>\n\n\n\n<div style=\"height:50px\" aria-hidden=\"true\" class=\"wp-block-spacer\"><\/div>\n\n\n\n<h2 class=\"wp-block-heading\">Introducerea Anime AI Generator<\/h2>\n\n\n\n<p class=\"\">Generatoarele Anime AI revolu\u021bioneaz\u0103 modul \u00een care cre\u0103m art\u0103 \u00een stil anime prin utilizarea algoritmilor sofistica\u021bi de inteligen\u021b\u0103 artificial\u0103. Aceste instrumente pot transforma fotografii \u00een imagini anime, pot genera personaje anime unice \u0219i multe altele. Acest articol va detalia ce sunt generatoarele Anime AI, beneficiile lor \u0219i cum s\u0103 le utiliza\u021bi \u00een mod eficient.<\/p>\n\n\n\n<figure class=\"wp-block-image size-large is-resized\"><img data-recalc-dims=\"1\" decoding=\"async\" width=\"1024\" height=\"829\"   loading=\"lazy\" src=\"https:\/\/i0.wp.com\/aiartfree.online\/wp-content\/uploads\/2024\/07\/WX120240719-122659%402x-1-1-1.jpg?resize=1024%2C829&#038;ssl=1\" alt=\"Anime AI Generator\" class=\"wp-image-2952\" style=\"width:630px;height:auto\" srcset=\"https:\/\/i0.wp.com\/aiartfree.online\/wp-content\/uploads\/2024\/07\/WX120240719-122659%402x-1-1-1.jpg?resize=1024%2C829&amp;ssl=1 1024w, https:\/\/i0.wp.com\/aiartfree.online\/wp-content\/uploads\/2024\/07\/WX120240719-122659%402x-1-1-1.jpg?resize=300%2C243&amp;ssl=1 300w, https:\/\/i0.wp.com\/aiartfree.online\/wp-content\/uploads\/2024\/07\/WX120240719-122659%402x-1-1-1.jpg?resize=768%2C622&amp;ssl=1 768w, https:\/\/i0.wp.com\/aiartfree.online\/wp-content\/uploads\/2024\/07\/WX120240719-122659%402x-1-1-1.jpg?resize=1536%2C1244&amp;ssl=1 1536w, https:\/\/i0.wp.com\/aiartfree.online\/wp-content\/uploads\/2024\/07\/WX120240719-122659%402x-1-1-1.jpg?resize=2048%2C1659&amp;ssl=1 2048w, https:\/\/i0.wp.com\/aiartfree.online\/wp-content\/uploads\/2024\/07\/WX120240719-122659%402x-1-1-1.jpg?resize=15%2C12&amp;ssl=1 15w, https:\/\/i0.wp.com\/aiartfree.online\/wp-content\/uploads\/2024\/07\/WX120240719-122659%402x-1-1-1.jpg?resize=600%2C486&amp;ssl=1 600w\" sizes=\"auto, (max-width: 1024px) 100vw, 1024px\" \/><\/figure>\n\n\n\n<h3 class=\"wp-block-heading\">Tabla de con\u021binut<\/h3>\n\n\n\n<ol class=\"wp-block-list\">\n<li class=\"\"><a href=\"#what-is-an-anime-ai-generator\">Ce este un generator Anime AI?<\/a><\/li>\n\n\n\n<li class=\"\"><a href=\"#why-use-an-anime-ai-generator\">De ce s\u0103 folosi\u021bi un generator Anime AI?<\/a><\/li>\n\n\n\n<li class=\"\"><a href=\"#benefits-of-using-an-anime-ai-generator\">Beneficiile utiliz\u0103rii unui generator AI Anime<\/a><\/li>\n\n\n\n<li class=\"\"><a href=\"#when-to-use-an-anime-ai-generator\">C\u00e2nd s\u0103 folosi\u021bi un generator Anime AI<\/a><\/li>\n\n\n\n<li class=\"\"><a href=\"#who-should-use-an-anime-ai-generator\">Cine ar trebui s\u0103 foloseasc\u0103 un generator AI Anime?<\/a><\/li>\n\n\n\n<li class=\"\"><a href=\"#anime-ai-generator-tools-and-information\">Instrumente \u0219i informa\u021bii Anime AI Generator<\/a><\/li>\n\n\n\n<li class=\"\"><a href=\"#frequently-asked-questions\">\u00centreb\u0103ri frecvente<\/a><\/li>\n\n\n\n<li class=\"\"><a href=\"#conclusion\">Concluzie<\/a><\/li>\n<\/ol>\n\n\n\n<h3 class=\"wp-block-heading\">Ce este un generator Anime AI?<\/h3>\n\n\n\n<p class=\"\">Un generator AI Anime este un instrument care utilizeaz\u0103 algoritmi AI avansa\u021bi pentru a crea imagini \u00een stil anime din diferite intr\u0103ri, cum ar fi fotografii sau mesaje text. Prin utilizarea tehnicilor de \u00eenv\u0103\u021bare automat\u0103, aceste generatoare pot produce rapid \u0219i eficient art\u0103 anime stilizat\u0103 de \u00eenalt\u0103 calitate.<\/p>\n\n\n\n<h3 class=\"wp-block-heading\">De ce s\u0103 folosi\u021bi un generator Anime AI?<\/h3>\n\n\n\n<p class=\"\">Generatoarele Anime AI sunt esen\u021biale pentru oricine dore\u0219te s\u0103 creeze opere de art\u0103 \u00een stil anime f\u0103r\u0103 a avea nevoie de abilit\u0103\u021bi artistice avansate. Aceste instrumente pot fi utilizate pentru proiecte AI personale, generarea de art\u0103 AI pentru social media sau chiar \u00een scopuri profesionale \u00een designul jocurilor \u0219i anima\u021bie.<\/p>\n\n\n\n<h3 class=\"wp-block-heading\">Beneficiile utiliz\u0103rii unui generator AI Anime<\/h3>\n\n\n\n<ul class=\"wp-block-list\">\n<li class=\"\"><strong>Eficien\u021b\u0103<\/strong>: Genereaz\u0103 rapid imagini anime de \u00eenalt\u0103 calitate.<\/li>\n\n\n\n<li class=\"\"><strong>Creativitate<\/strong>: Permite realizarea de art\u0103 anime unic\u0103 \u0219i personalizat\u0103.<\/li>\n\n\n\n<li class=\"\"><strong>Accesibilitate<\/strong>: Face crea\u021bia de art\u0103 anime accesibil\u0103 non-arti\u0219tilor.<\/li>\n\n\n\n<li class=\"\"><strong>Cost-eficiente<\/strong>: Reduce nevoia de software artistic costisitor sau de a angaja arti\u0219ti.<\/li>\n\n\n\n<li class=\"\"><strong>Versatilitate<\/strong>: Poate fi utilizat \u00een diverse scopuri, de la proiecte personale la uz profesional.<\/li>\n<\/ul>\n\n\n\n<h3 class=\"wp-block-heading\">C\u00e2nd s\u0103 folosi\u021bi un generator Anime AI<\/h3>\n\n\n\n<p class=\"\">Generatoarele Anime AI sunt ideale \u00een mai multe scenarii:<\/p>\n\n\n\n<ul class=\"wp-block-list\">\n<li class=\"\"><strong>Crearea de art\u0103 personal\u0103<\/strong>: Pentru distrac\u021bie sau ca hobby.<\/li>\n\n\n\n<li class=\"\"><strong>Con\u021binut social media<\/strong>: Generarea de con\u021binut unic pentru platformele social media.<\/li>\n\n\n\n<li class=\"\"><strong>Design de jocuri<\/strong>: Crearea de personaje \u0219i scene pentru jocuri video.<\/li>\n\n\n\n<li class=\"\"><strong>Proiecte de anima\u021bie<\/strong>: Producerea de elemente pentru proiecte de anima\u021bie.<\/li>\n\n\n\n<li class=\"\"><strong>Marketing<\/strong>: Crearea de materiale promo\u021bionale \u0219i materiale vizuale atractive.<\/li>\n<\/ul>\n\n\n\n<h3 class=\"wp-block-heading\">Cine ar trebui s\u0103 \u00eel utilizeze?<\/h3>\n\n\n\n<p class=\"\">Potrivit pentru:<\/p>\n\n\n\n<ul class=\"wp-block-list\">\n<li class=\"\"><strong>Arti\u0219ti<\/strong>: Caut\u0103 s\u0103 \u00ee\u0219i extind\u0103 setul de instrumente.<\/li>\n\n\n\n<li class=\"\"><strong>Non-arti\u0219ti<\/strong>: Dorin\u021ba de a crea art\u0103 anime f\u0103r\u0103 o preg\u0103tire aprofundat\u0103.<\/li>\n\n\n\n<li class=\"\"><strong>Dezvoltatori de jocuri<\/strong>: Am nevoie de active pentru jocuri.<\/li>\n\n\n\n<li class=\"\"><strong>Creatori de con\u021binut<\/strong>: C\u0103uta\u021bi imagini atractive pentru platformele lor.<\/li>\n\n\n\n<li class=\"\"><strong>Profesioni\u0219ti \u00een marketing<\/strong>: Crearea de con\u021binut promo\u021bional atractiv.<\/li>\n<\/ul>\n\n\n\n<h3 class=\"wp-block-heading\">Instrumente \u0219i informa\u021bii Anime AI Generator<\/h3>\n\n\n\n<p class=\"\">Mai jos este un tabel care rezum\u0103 cele mai bune instrumente Anime AI Generator, avantajele, dezavantajele \u0219i multe altele:<\/p>\n\n\n\n<figure class=\"wp-block-table\"><table class=\"has-fixed-layout\"><thead><tr><th>Instrument\/Site web<\/th><th>Avantaje<\/th><th>Contra<\/th><th>Avantaje<\/th><th>Provoc\u0103ri<\/th><th>Recomand\u0103ri<\/th><\/tr><\/thead><tbody><tr><td><a href=\"https:\/\/aiartfree.online\/ro\/anime-ai-generator\/\" target=\"_blank\" rel=\"noreferrer noopener\">AIArtFree<\/a><\/td><td>Gratuit, u\u0219or de utilizat<\/td><td>Caracteristici limitate<\/td><td>Excelent pentru \u00eencep\u0103tori<\/td><td>Necesit\u0103 internet<\/td><td>Cel mai bun pentru proiecte rapide<\/td><\/tr><tr><td><a href=\"https:\/\/deepart.io\" rel=\"nofollow noopener\" target=\"_blank\">DeepArt<\/a><\/td><td>Produc\u021bie de \u00eenalt\u0103 calitate<\/td><td>Necesit\u0103 abonament<\/td><td>Rezultate profesionale<\/td><td>Scumpe<\/td><td>Cel mai bun pentru proiecte serioase<\/td><\/tr><tr><td><a href=\"https:\/\/artbreeder.com\" rel=\"nofollow noopener\" target=\"_blank\">Artbreeder<\/a><\/td><td>Colaborativ, versatil<\/td><td>Curba de \u00eenv\u0103\u021bare<\/td><td>Flexibilitate creativ\u0103<\/td><td>Interfa\u021b\u0103 complex\u0103<\/td><td>Cel mai bun pentru arta colaborativ\u0103<\/td><\/tr><tr><td><a href=\"https:\/\/toonme.com\" rel=\"nofollow noopener\" target=\"_blank\">ToonMe<\/a><\/td><td>Simplu, distractiv<\/td><td>Anun\u021buri \u00een versiunea gratuit\u0103<\/td><td>Excelent pentru social media<\/td><td>Stiluri limitate<\/td><td>Cel mai bun pentru utilizare ocazional\u0103<\/td><\/tr><tr><td><a href=\"https:\/\/nudeai.beauty\/en\/nude-anime\/\" data-type=\"link\" data-id=\"https:\/\/nudeai.beauty\/en\/nude-anime\/\" target=\"_blank\" rel=\"noreferrer noopener\">Laboratoare Anime<\/a><\/td><td>Personaje personalizabile<\/td><td>Limitat la fete anime<\/td><td>Foarte detaliat<\/td><td>Concentrarea pe ni\u0219\u0103<\/td><td>Cel mai bun pentru crearea personajelor<\/td><\/tr><tr><td><a>PaintsChainer<\/a><\/td><td>Gratuit, versatil<\/td><td>Interfa\u021b\u0103 japonez\u0103<\/td><td>Auto-colorare<\/td><td>Bariera lingvistic\u0103<\/td><td>Cel mai bun pentru autocolorare<\/td><\/tr><tr><td><a href=\"https:\/\/crypko.ai\" rel=\"nofollow noopener\" target=\"_blank\">Crypko<\/a><\/td><td>Fe\u021be anime profesionale<\/td><td>Necesit\u0103 jetoane<\/td><td>Rezultate detaliate<\/td><td>Sistem de jetoane<\/td><td>Cel mai bun pentru tr\u0103s\u0103turile fe\u021bei<\/td><\/tr><tr><td><a href=\"https:\/\/pixiv.net\" rel=\"nofollow noopener\" target=\"_blank\">Pixiv<\/a><\/td><td>Comunitate mare<\/td><td>Necesit\u0103 calitatea de membru<\/td><td>Resurse extinse<\/td><td>cople\u0219itor<\/td><td>Cel mai bun pentru arta comunitar\u0103<\/td><\/tr><tr><td><a href=\"https:\/\/www.thiswaifudoesnotexist.net\" rel=\"nofollow noopener\" target=\"_blank\">Acest Waifu nu exist\u0103<\/a><\/td><td>Waifus unice<\/td><td>Personalizare limitat\u0103<\/td><td>Varietate nesf\u00e2r\u0219it\u0103<\/td><td>Accent specific<\/td><td>Cel mai bun pentru fe\u021be unice<\/td><\/tr><tr><td><a href=\"https:\/\/gansketch.com\" rel=\"nofollow noopener\" target=\"_blank\">GanSketch<\/a><\/td><td>Generarea \u00een timp real<\/td><td>Versiune beta<\/td><td>Rezultate rapide<\/td><td>Etapa de dezvoltare<\/td><td>Cel mai bun pentru experimentare<\/td><\/tr><\/tbody><\/table><\/figure>\n\n\n\n<p class=\"\"><strong>Cel mai bun instrument: <a href=\"https:\/\/aiartfree.online\/ro\/anime-ai-generator\/\">AIArtFree<\/a><\/strong><\/p>\n\n\n\n<h3 class=\"wp-block-heading\">\u00centreb\u0103ri frecvente<\/h3>\n\n\n\n<p class=\"\"><strong>\u00ce: Care este cel mai bun Anime AI Generator pentru \u00eencep\u0103tori?<\/strong> R: AIArtFree este recomandat \u00eencep\u0103torilor datorit\u0103 u\u0219urin\u021bei sale de utilizare \u0219i accesului gratuit.<\/p>\n\n\n\n<p class=\"\"><strong>\u00ce: Pot folosi un generator Anime AI \u00een scopuri comerciale?<\/strong> R: Da, multe generatoare Anime AI pot fi utilizate pentru proiecte comerciale, dar este esen\u021bial s\u0103 verifica\u021bi termenii de serviciu specifici pentru fiecare instrument.<\/p>\n\n\n\n<p class=\"\"><strong>\u00ce: Cum func\u021bioneaz\u0103 generatoarele Anime AI?<\/strong> R: Folosesc algoritmi de \u00eenv\u0103\u021bare automat\u0103 forma\u021bi pe seturi mari de date de art\u0103 anime pentru a genera imagini noi pe baza datelor introduse de utilizatori.<\/p>\n\n\n\n<p class=\"\"><strong>\u00ce: Utilizarea Anime AI Generators este gratuit\u0103?<\/strong> R: Unele instrumente sunt gratuite, cum ar fi AIArtFree, \u00een timp ce altele pot necesita un abonament sau o achizi\u021bie.<\/p>\n\n\n\n<p class=\"\"><strong>\u00ce: Ce tipuri de intr\u0103ri pot folosi cu un generator Anime AI?<\/strong> R: Intr\u0103rile obi\u0219nuite includ fotografii, schi\u021be \u0219i indica\u021bii text.<\/p>\n\n\n\n<p class=\"\"><strong>\u00ce: Pot personaliza imaginile anime generate?<\/strong> R: Da, majoritatea generatoarelor ofer\u0103 op\u021biuni de personalizare pentru a ajusta stilul \u0219i caracteristicile artei generate.<\/p>\n\n\n\n<p class=\"\"><strong>\u00ce: Care este diferen\u021ba dintre un generator de imagini AI \u0219i un generator Anime AI?<\/strong> R: Un generator Anime AI este conceput special pentru a crea imagini \u00een stil anime, \u00een timp ce un generator general de imagini AI poate produce diverse stiluri.<\/p>\n\n\n\n<p class=\"\"><strong>\u00ce: Am nevoie de aptitudini speciale pentru a utiliza un generator Anime AI?<\/strong> R: Nu, aceste instrumente sunt concepute pentru a fi u\u0219or de utilizat \u0219i accesibile tuturor.<\/p>\n\n\n\n<p class=\"\"><strong>\u00ce: C\u00e2t timp dureaz\u0103 generarea unei imagini anime?<\/strong> R: Timpul de generare variaz\u0103 \u00een func\u021bie de instrument, dar \u00een general variaz\u0103 de la c\u00e2teva secunde la c\u00e2teva minute.<\/p>\n\n\n\n<p class=\"\"><strong>\u00ce: Pot genera personaje anime pentru jocul meu folosind un generator Anime AI?<\/strong> R: Da, aceste instrumente sunt excelente pentru crearea de personaje \u0219i alte resurse pentru jocuri video.<\/p>\n\n\n\n<h3 class=\"wp-block-heading\">Concluzie<\/h3>\n\n\n\n<p class=\"\">Generatoarele Anime AI sunt instrumente puternice pentru a crea art\u0103 \u00een stil anime f\u0103r\u0103 efort. Fie c\u0103 sunte\u021bi un artist profesionist sau un pasionat, aceste generatoare v\u0103 pot ajuta s\u0103 da\u021bi via\u021b\u0103 viziunilor dvs. creative. Pentru cea mai bun\u0103 experien\u021b\u0103, \u00eencerca\u021bi s\u0103 utiliza\u021bi <a href=\"https:\/\/aiartfree.online\/ro\/anime-ai-generator\/\">AIArtFree<\/a> pentru a explora lumea artei anime generate de AI.<\/p>","protected":false},"excerpt":{"rendered":"<p>Before vs After How to use Anime AI Generator Prompt Examples *&nbsp;Depending on your internet speed, loading the model may take a few seconds.* There will be caching during continuous generation, and the new image will appear after about 3 seconds. Introduction of Anime AI Generator Anime AI Generators are revolutionizing the way we create &#8230; <a title=\"Anime AI Generator\" class=\"read-more\" href=\"https:\/\/aiartfree.online\/ro\/anime-ai-generator\/\" aria-label=\"Cite\u0219te mai multe despre Anime AI Generator\">Cite\u0219te mai mult<\/a><\/p>","protected":false},"author":1,"featured_media":0,"parent":0,"menu_order":0,"comment_status":"open","ping_status":"closed","template":"","meta":{"nf_dc_page":"","footnotes":""},"class_list":["post-2876","page","type-page","status-publish"],"jetpack_sharing_enabled":true,"_links":{"self":[{"href":"https:\/\/aiartfree.online\/ro\/wp-json\/wp\/v2\/pages\/2876","targetHints":{"allow":["GET"]}}],"collection":[{"href":"https:\/\/aiartfree.online\/ro\/wp-json\/wp\/v2\/pages"}],"about":[{"href":"https:\/\/aiartfree.online\/ro\/wp-json\/wp\/v2\/types\/page"}],"author":[{"embeddable":true,"href":"https:\/\/aiartfree.online\/ro\/wp-json\/wp\/v2\/users\/1"}],"replies":[{"embeddable":true,"href":"https:\/\/aiartfree.online\/ro\/wp-json\/wp\/v2\/comments?post=2876"}],"version-history":[{"count":1,"href":"https:\/\/aiartfree.online\/ro\/wp-json\/wp\/v2\/pages\/2876\/revisions"}],"predecessor-version":[{"id":3595,"href":"https:\/\/aiartfree.online\/ro\/wp-json\/wp\/v2\/pages\/2876\/revisions\/3595"}],"wp:attachment":[{"href":"https:\/\/aiartfree.online\/ro\/wp-json\/wp\/v2\/media?parent=2876"}],"curies":[{"name":"wp","href":"https:\/\/api.w.org\/{rel}","templated":true}]}}