{"id":2853,"date":"2024-07-17T13:47:43","date_gmt":"2024-07-17T13:47:43","guid":{"rendered":"https:\/\/aiartfree.online\/?page_id=2853"},"modified":"2024-07-20T09:39:23","modified_gmt":"2024-07-20T09:39:23","slug":"free-pixar-ai-generator","status":"publish","type":"page","link":"https:\/\/aiartfree.online\/ro\/generator-pixar-ai-gratuit\/","title":{"rendered":"Generator AI Pixar gratuit"},"content":{"rendered":"<h2 class=\"wp-block-heading\">Cum se utilizeaz\u0103 generatorul AI Pixar gratuit<\/h2>\n\n\n\n<ol class=\"wp-block-list\">\n<li class=\"\">Introduce\u021bi instruc\u021biunile dvs.<\/li>\n\n\n\n<li class=\"\">Face\u021bi clic pe \"Executare\"<\/li>\n\n\n\n<li class=\"\">Stai, asta este!<\/li>\n<\/ol>\n\n\n\n<p class=\"\"><em>* \u00cen func\u021bie de viteza internetului, \u00eenc\u0103rcarea modelului poate dura c\u00e2teva secunde.<br>* \u00cen timpul gener\u0103rii continue va exista un proces de cache, iar noua imagine va ap\u0103rea dup\u0103 aproximativ 3 secunde.<\/em><\/p>\n\n\n\n<h3 class=\"wp-block-heading\">Exemplu de intrare<\/h3>\n\n\n\n<ul class=\"wp-block-list\">\n<li class=\"\">Un t\u00e2n\u0103r cu p\u0103r ondulat maro deschis \u0219i ochi maro deschis st\u0103 \u00eentr-un fotoliu \u0219i se uit\u0103 direct la camer\u0103, stil pixar, disney pixar, fundal de birou, ultra detaliat, 1 om<\/li>\n\n\n\n<li class=\"\">Desen animat 3D \u00eensorit imagine luminoas\u0103 \u00een stil Pixar : super erou : costum complet : cinematic -ar 68:128 -stylize 750 -v 5.2<\/li>\n\n\n\n<li class=\"\">Imagine 3d, fat\u0103 dr\u0103gu\u021b\u0103, \u00een stilul Pixar, -ar 1:2 ,-stylize 750.<\/li>\n<\/ul>\n\n\n\n<div style=\"text-align: center; border: 2px solid; border-image-source: linear-gradient(to right, #16b86c, #912899); border-image-slice: 1; box-shadow: 0 0 10px rgba(0, 0, 0, 0.1); border-radius: 15px;\">\n  <iframe loading=\"lazy\"\n    src=\"https:\/\/ucanbaklava-stablediffusionapi-disney-pixar-cartoon.hf.space\"\n    frameborder=\"0\"\n    width=\"800\"\n    height=\"500\"\n    style=\"display: inline-block; margin: 0 auto;\"\n  ><\/iframe>\n<\/div>\n\n\n\n<div style=\"height:50px\" aria-hidden=\"true\" class=\"wp-block-spacer\"><\/div>\n\n\n\n<h2 class=\"wp-block-heading\" id=\"introduction-of-free-online-pixar-ai-generator\"><strong>Introducerea Generator AI Pixar gratuit<\/strong><\/h2>\n\n\n\n<figure class=\"wp-block-image size-full is-resized\"><img data-recalc-dims=\"1\" decoding=\"async\" width=\"938\" height=\"626\"   loading=\"lazy\" src=\"https:\/\/i0.wp.com\/aiartfree.online\/wp-content\/uploads\/2024\/07\/WX20240717-174206%402x.jpg?resize=938%2C626&#038;ssl=1\" alt=\"Generator online gratuit Pixar AI\" class=\"wp-image-2852\" style=\"width:530px;height:auto\" srcset=\"https:\/\/i0.wp.com\/aiartfree.online\/wp-content\/uploads\/2024\/07\/WX20240717-174206%402x.jpg?w=938&amp;ssl=1 938w, https:\/\/i0.wp.com\/aiartfree.online\/wp-content\/uploads\/2024\/07\/WX20240717-174206%402x.jpg?resize=300%2C200&amp;ssl=1 300w, https:\/\/i0.wp.com\/aiartfree.online\/wp-content\/uploads\/2024\/07\/WX20240717-174206%402x.jpg?resize=768%2C513&amp;ssl=1 768w, https:\/\/i0.wp.com\/aiartfree.online\/wp-content\/uploads\/2024\/07\/WX20240717-174206%402x.jpg?resize=18%2C12&amp;ssl=1 18w, https:\/\/i0.wp.com\/aiartfree.online\/wp-content\/uploads\/2024\/07\/WX20240717-174206%402x.jpg?resize=600%2C400&amp;ssl=1 600w\" sizes=\"auto, (max-width: 938px) 100vw, 938px\" \/><\/figure>\n\n\n\n<h3 class=\"wp-block-heading\" id=\"what-is-a-free-online-pixar-ai-generator\"><a href=\"https:\/\/dromerosm-groq-llama3.hf.space\/#what-is-a-free-online-pixar-ai-generator\" target=\"_blank\" rel=\"noopener\"><\/a><strong>Ce este un Generator AI Pixar gratuit?<\/strong><\/h3>\n\n\n\n<p class=\"\">A Free Online Pixar AI Generator este un instrument care permite utilizatorilor s\u0103 genereze opere de art\u0103 \u00een stil Pixar folosind inteligen\u021ba artificial\u0103 (AI) f\u0103r\u0103 costuri financiare. Aceast\u0103 tehnologie inovatoare utilizeaz\u0103 algoritmi de \u00eenv\u0103\u021bare automat\u0103 pentru a crea anima\u021bii \u0219i imagini uimitoare care amintesc de filmele \u00eendr\u0103gite ale Pixar.<\/p>\n\n\n\n<p class=\"\"><strong>Tabla de con\u021binut<\/strong><\/p>\n\n\n\n<ol class=\"wp-block-list\">\n<li class=\"\"><a href=\"https:\/\/dromerosm-groq-llama3.hf.space\/#what-is-a-free-online-pixar-ai-generator\" target=\"_blank\" rel=\"noopener\">Ce este un generator online gratuit Pixar AI?<\/a><\/li>\n\n\n\n<li class=\"\"><a href=\"https:\/\/dromerosm-groq-llama3.hf.space\/#why-use-a-free-online-pixar-ai-generator\" target=\"_blank\" rel=\"noopener\">De ce s\u0103 folosi\u021bi un generator online gratuit de AI Pixar?<\/a><\/li>\n\n\n\n<li class=\"\"><a href=\"https:\/\/dromerosm-groq-llama3.hf.space\/#benefits-of-using-a-free-online-pixar-ai-generator\" target=\"_blank\" rel=\"noopener\">Beneficiile utiliz\u0103rii unui generator online gratuit de AI Pixar<\/a><\/li>\n\n\n\n<li class=\"\"><a href=\"https:\/\/dromerosm-groq-llama3.hf.space\/#when-to-use-a-free-online-pixar-ai-generator\" target=\"_blank\" rel=\"noopener\">C\u00e2nd s\u0103 utiliza\u021bi un generator online gratuit de AI Pixar<\/a><\/li>\n\n\n\n<li class=\"\"><a href=\"https:\/\/dromerosm-groq-llama3.hf.space\/#who-can-benefit-from-a-free-online-pixar-ai-generator\" target=\"_blank\" rel=\"noopener\">Cine poate beneficia de un generator online gratuit de AI Pixar?<\/a><\/li>\n\n\n\n<li class=\"\"><a href=\"https:\/\/dromerosm-groq-llama3.hf.space\/#related-information-and-tools\" target=\"_blank\" rel=\"noopener\">Informa\u021bii \u0219i instrumente conexe<\/a><\/li>\n\n\n\n<li class=\"\"><a href=\"https:\/\/dromerosm-groq-llama3.hf.space\/#faqs\" target=\"_blank\" rel=\"noopener\">\u00centreb\u0103ri frecvente<\/a><\/li>\n<\/ol>\n\n\n\n<h3 class=\"wp-block-heading\" id=\"why-use-a-free-online-pixar-ai-generator\"><a href=\"https:\/\/dromerosm-groq-llama3.hf.space\/#why-use-a-free-online-pixar-ai-generator\" target=\"_blank\" rel=\"noopener\"><\/a><strong>De ce s\u0103 folosi\u021bi un generator AI Pixar gratuit?<\/strong><\/h3>\n\n\n\n<p class=\"\">Av\u00e2nd \u00een vedere cererea tot mai mare de elemente vizuale de \u00eenalt\u0103 calitate \u00een diverse industrii, un generator Pixar AI online gratuit poate fi o schimbare radical\u0103. Acest instrument permite persoanelor fizice s\u0103 creeze anima\u021bii \u0219i imagini uimitoare f\u0103r\u0103 a necesita o experien\u021b\u0103 vast\u0103 \u00een design grafic. \u00cen plus, economise\u0219te timp \u0219i resurse, ceea ce \u00eel face o op\u021biune atractiv\u0103 pentru profesioni\u0219tii \u0219i antreprenorii ocupa\u021bi.<\/p>\n\n\n\n<h3 class=\"wp-block-heading\" id=\"benefits-of-using-a-free-online-pixar-ai-generator\"><a href=\"https:\/\/dromerosm-groq-llama3.hf.space\/#benefits-of-using-a-free-online-pixar-ai-generator\" target=\"_blank\" rel=\"noopener\"><\/a><strong>Beneficiile utiliz\u0103rii unui generator AI Pixar gratuit<\/strong><\/h3>\n\n\n\n<p class=\"\">Unele dintre beneficiile utiliz\u0103rii unui generator online gratuit Pixar AI includ:<\/p>\n\n\n\n<ul class=\"wp-block-list\">\n<li class=\"\"><strong>Rentabil<\/strong>: Nu este nevoie s\u0103 cheltui\u021bi bani pe programe scumpe de design grafic sau s\u0103 angaja\u021bi un designer profesionist.<\/li>\n\n\n\n<li class=\"\"><strong>Economie de timp<\/strong>: Genera\u021bi rapid imagini de \u00eenalt\u0103 calitate cu un efort minim.<\/li>\n\n\n\n<li class=\"\"><strong>Accesibilitate<\/strong>: Nu este necesar\u0103 experien\u021b\u0103 anterioar\u0103 \u00een design grafic pentru a utiliza instrumentul.<\/li>\n\n\n\n<li class=\"\"><strong>Flexibilitate<\/strong>: Poate fi utilizat \u00een diverse scopuri, cum ar fi social media, publicitate \u0219i educa\u021bie.<\/li>\n<\/ul>\n\n\n\n<h3 class=\"wp-block-heading\" id=\"when-to-use-a-free-online-pixar-ai-generator\"><a href=\"https:\/\/dromerosm-groq-llama3.hf.space\/#when-to-use-a-free-online-pixar-ai-generator\" target=\"_blank\" rel=\"noopener\"><\/a><strong>C\u00e2nd s\u0103 utiliza\u021bi un generator AI Pixar gratuit<\/strong><\/h3>\n\n\n\n<p class=\"\">Un generator online gratuit Pixar AI poate fi utilizat \u00een diverse scenarii, inclusiv:<\/p>\n\n\n\n<ul class=\"wp-block-list\">\n<li class=\"\"><strong>Social media marketing<\/strong>: Crea\u021bi imagini atractive pentru campaniile de social media.<\/li>\n\n\n\n<li class=\"\"><strong>Publicitate<\/strong>: Dezvolta\u021bi anun\u021buri atr\u0103g\u0103toare pentru promo\u021bii online \u0219i offline.<\/li>\n\n\n\n<li class=\"\"><strong>Educa\u021bie<\/strong>: Utiliza\u021bi instrumentul pentru a crea materiale educa\u021bionale, cum ar fi videoclipuri \u0219i infografice.<\/li>\n\n\n\n<li class=\"\"><strong>Crearea de con\u021binut<\/strong>: Genera\u021bi elemente vizuale pentru articole de blog, videoclipuri \u0219i alt con\u021binut online.<\/li>\n<\/ul>\n\n\n\n<h3 class=\"wp-block-heading\" id=\"who-can-benefit-from-a-free-online-pixar-ai-generator\"><a href=\"https:\/\/dromerosm-groq-llama3.hf.space\/#who-can-benefit-from-a-free-online-pixar-ai-generator\" target=\"_blank\" rel=\"noopener\"><\/a><strong>Cine poate beneficia de un Generator AI Pixar gratuit?<\/strong><\/h3>\n\n\n\n<p class=\"\">Persoanele din diverse industrii \u0219i profesii pot beneficia de pe urma utiliz\u0103rii unui generator online gratuit de AI Pixar, inclusiv:<\/p>\n\n\n\n<ul class=\"wp-block-list\">\n<li class=\"\"><strong>Marketeri<\/strong>: Crea\u021bi imagini atractive pentru social media \u0219i campanii publicitare.<\/li>\n\n\n\n<li class=\"\"><strong>Educatori<\/strong>: Dezvoltarea de materiale educa\u021bionale interactive \u0219i atractive.<\/li>\n\n\n\n<li class=\"\"><strong>Creatori de con\u021binut<\/strong>: Genera\u021bi imagini de \u00eenalt\u0103 calitate pentru post\u0103ri pe blog, videoclipuri \u0219i alt con\u021binut online.<\/li>\n\n\n\n<li class=\"\"><strong>Antreprenori<\/strong>: Utiliza\u021bi instrumentul pentru a crea imagini uimitoare pentru promovarea \u0219i publicitatea afacerilor.<\/li>\n<\/ul>\n\n\n\n<h3 class=\"wp-block-heading\" id=\"related-information-and-tools\"><a href=\"https:\/\/dromerosm-groq-llama3.hf.space\/#related-information-and-tools\" target=\"_blank\" rel=\"noopener\"><\/a><strong>Informa\u021bii \u0219i instrumente conexe<\/strong><\/h3>\n\n\n\n<p class=\"\">Aici sunt 10 site-uri care ofer\u0103 informa\u021bii \u0219i instrumente legate de Generatoare online gratuite de AI Pixar:<\/p>\n\n\n\n<figure class=\"wp-block-table\"><table class=\"has-fixed-layout\"><thead><tr><th>Site web<\/th><th>Descriere<\/th><\/tr><\/thead><tbody><tr><td><a href=\"https:\/\/aiartfree.online\/ro\/free-online-pixar-ai-generator\/\" target=\"_blank\" rel=\"noreferrer noopener\">aiartfree.online<\/a><\/td><td>Ofer\u0103 un generator online gratuit de Pixar AI cu diverse \u0219abloane \u0219i modele.<\/td><\/tr><tr><td><a href=\"https:\/\/pix2pix.io\/\" target=\"_blank\" rel=\"noreferrer noopener nofollow\">pix2pix.io<\/a><\/td><td>O platform\u0103 care utilizeaz\u0103 inteligen\u021ba artificial\u0103 pentru a genera imagini din schi\u021be.<\/td><\/tr><tr><td><a href=\"https:\/\/deepdreamgenerator.com\/\" target=\"_blank\" rel=\"noreferrer noopener nofollow\">deepdreamgenerator.com<\/a><\/td><td>Un instrument bazat pe web care utilizeaz\u0103 inteligen\u021ba artificial\u0103 pentru a genera imagini suprarealiste.<\/td><\/tr><tr><td><a href=\"https:\/\/www.artbreeder.com\/\" target=\"_blank\" rel=\"noreferrer noopener nofollow\">artbreeder.com<\/a><\/td><td>O platform\u0103 care permite utilizatorilor s\u0103 creeze \u0219i s\u0103 dezvolte opere de art\u0103 originale cu ajutorul inteligen\u021bei artificiale.<\/td><\/tr><tr><td><a href=\"https:\/\/ganbreeder.app\/\" target=\"_blank\" rel=\"noreferrer noopener nofollow\">ganbreeder.app<\/a><\/td><td>Un instrument bazat pe web care utilizeaz\u0103 inteligen\u021ba artificial\u0103 pentru a genera lucr\u0103ri de art\u0103.<\/td><\/tr><tr><td><a href=\"https:\/\/prism.app\/\" target=\"_blank\" rel=\"noreferrer noopener nofollow\">prism.app<\/a><\/td><td>O platform\u0103 care ofer\u0103 instrumente de proiectare bazate pe inteligen\u021b\u0103 artificial\u0103, inclusiv un generator \u00een stil Pixar.<\/td><\/tr><tr><td><a href=\"https:\/\/adicraft.org\/\" target=\"_blank\" rel=\"noreferrer noopener nofollow\">adicraft.org<\/a><\/td><td>O organiza\u021bie non-profit care ofer\u0103 instrumente de proiectare bazate pe inteligen\u021b\u0103 artificial\u0103, inclusiv un generator \u00een stil Pixar.<\/td><\/tr><tr><td><a href=\"https:\/\/aiartist.io\/\" target=\"_blank\" rel=\"noreferrer noopener nofollow\">aiartist.io<\/a><\/td><td>O platform\u0103 care ofer\u0103 instrumente de proiectare bazate pe inteligen\u021b\u0103 artificial\u0103, inclusiv un generator \u00een stil Pixar.<\/td><\/tr><tr><td><a href=\"https:\/\/ai-generated-art.org\/\" target=\"_blank\" rel=\"noreferrer noopener nofollow\">_AI-generated-art.org<\/a><\/td><td>Un site care ofer\u0103 informa\u021bii \u0219i resurse privind arta generat\u0103 de inteligen\u021ba artificial\u0103.<\/td><\/tr><tr><td><a href=\"https:\/\/generative-art.org\/\" target=\"_blank\" rel=\"noreferrer noopener nofollow\">generative-art.org<\/a><\/td><td>Un site care ofer\u0103 informa\u021bii \u0219i resurse despre arta generativ\u0103.<\/td><\/tr><\/tbody><\/table><\/figure>\n\n\n\n<p class=\"\"><strong>Avantaje, dezavantaje, puncte forte, puncte slabe \u0219i recomand\u0103ri<\/strong><\/p>\n\n\n\n<ul class=\"wp-block-list\">\n<li class=\"\"><strong>Avantaje<\/strong>: Rentabil, cu economie de timp, accesibil \u0219i flexibil.<\/li>\n\n\n\n<li class=\"\"><strong>Dezavantaje<\/strong>: Op\u021biuni limitate de personalizare, dependen\u021b\u0103 de algoritmii AI \u0219i poten\u021biale probleme de calitate.<\/li>\n\n\n\n<li class=\"\"><strong>Puncte forte<\/strong>: Poate genera imagini de \u00eenalt\u0103 calitate, ideale pentru profesioni\u0219tii \u0219i antreprenorii ocupa\u021bi.<\/li>\n\n\n\n<li class=\"\"><strong>Sl\u0103biciuni<\/strong>: Poate necesita unele cuno\u0219tin\u021be de design grafic, control limitat asupra rezultatelor.<\/li>\n\n\n\n<li class=\"\"><strong>Recomandare<\/strong>: Utiliza\u021bi o platform\u0103 online de renume precum aiartfree.online pentru imagini de \u00eenalt\u0103 calitate \u00een stilul Pixar.<\/li>\n<\/ul>\n\n\n\n<h3 class=\"wp-block-heading\" id=\"faqs\"><a href=\"https:\/\/dromerosm-groq-llama3.hf.space\/#faqs\" target=\"_blank\" rel=\"noopener\"><\/a><strong>\u00centreb\u0103ri frecvente<\/strong><\/h3>\n\n\n\n<ol class=\"wp-block-list\">\n<li class=\"\"><strong>\u00ce: Este un Generator AI Pixar gratuit u\u0219or de utilizat?<\/strong>&nbsp;R: Da, majoritatea platformelor online ofer\u0103 interfe\u021be u\u0219or de utilizat care necesit\u0103 o experien\u021b\u0103 minim\u0103 \u00een materie de design grafic.<\/li>\n\n\n\n<li class=\"\"><strong>\u00ce: Pot personaliza rezultatul unui Generator AI Pixar gratuit?<\/strong>&nbsp;R: Da, majoritatea platformelor ofer\u0103 op\u021biuni de personalizare, cum ar fi scheme de culori \u0219i modele.<\/li>\n\n\n\n<li class=\"\"><strong>\u00ce: Generatoarele AI Pixar gratuite sunt doar pentru profesioni\u0219ti?<\/strong>&nbsp;R: Nu, oricine poate utiliza aceste instrumente, inclusiv persoanele fizice, antreprenorii \u0219i educatorii.<\/li>\n\n\n\n<li class=\"\"><strong>\u00ce: Pot folosi un Generator AI Pixar gratuit \u00een scopuri comerciale?<\/strong>&nbsp;R: Da, majoritatea platformelor permit utilizarea comercial\u0103, dar asigura\u021bi-v\u0103 c\u0103 verifica\u021bi termenii \u0219i condi\u021biile.<\/li>\n\n\n\n<li class=\"\"><strong>\u00ce: C\u00e2t timp dureaz\u0103 generarea unei imagini folosind un Generator AI Pixar gratuit?<\/strong>&nbsp;R: Timpul de procesare variaz\u0103 \u00een func\u021bie de platform\u0103 \u0219i de complexitatea proiectului.<\/li>\n\n\n\n<li class=\"\"><strong>\u00ce: Pot \u00eenc\u0103rca propriile mele imagini \u00eentr-un Generator AI Pixar gratuit?<\/strong>&nbsp;R: Da, unele platforme permit utilizatorilor s\u0103 \u00ee\u0219i \u00eencarce propriile imagini pentru editare \u0219i \u00eembun\u0103t\u0103\u021bire.<\/li>\n\n\n\n<li class=\"\"><strong>\u00ce: Sunt scumpe generatoarele online gratuite Pixar AI?<\/strong>&nbsp;R: Nu, majoritatea platformelor ofer\u0103 servicii gratuite sau low-cost, iar unele ofer\u0103 func\u021bii premium contra cost.<\/li>\n\n\n\n<li class=\"\"><strong>\u00ce: Pot folosi un generator online gratuit de AI Pixar \u00een scopuri educa\u021bionale?<\/strong>&nbsp;R: Da, multe platforme ofer\u0103 resurse \u0219i instrumente educa\u021bionale pentru elevi \u0219i profesori.<\/li>\n\n\n\n<li class=\"\"><strong>\u00ce: Cum func\u021bioneaz\u0103 un generator online gratuit de AI Pixar?<\/strong>&nbsp;R: Aceste instrumente utilizeaz\u0103 algoritmi de \u00eenv\u0103\u021bare automat\u0103 pentru a genera imagini pe baza datelor introduse de utilizator \u0219i a modelelor de design.<\/li>\n\n\n\n<li class=\"\"><strong>\u00ce: Este Pixar AI Generator online gratuit potrivit pentru marketingul social media?<\/strong>&nbsp;R: Da, aceste instrumente pot fi utilizate pentru a crea imagini atractive pentru campaniile de social media.<\/li>\n<\/ol>","protected":false},"excerpt":{"rendered":"<p>How to use the Free Pixar AI Generator *&nbsp;Depending on your internet speed, loading the model may take a few seconds.* There will be caching during continuous generation, and the new image will appear after about 3 seconds. Example Input Introduction of Free Pixar AI Generator What is a Free Pixar AI Generator? A Free &#8230; <a title=\"Generator AI Pixar gratuit\" class=\"read-more\" href=\"https:\/\/aiartfree.online\/ro\/generator-pixar-ai-gratuit\/\" aria-label=\"Cite\u0219te mai multe despre Free Pixar AI Generator\">Cite\u0219te mai mult<\/a><\/p>","protected":false},"author":1,"featured_media":0,"parent":0,"menu_order":0,"comment_status":"open","ping_status":"closed","template":"","meta":{"nf_dc_page":"","footnotes":""},"class_list":["post-2853","page","type-page","status-publish"],"jetpack_sharing_enabled":true,"_links":{"self":[{"href":"https:\/\/aiartfree.online\/ro\/wp-json\/wp\/v2\/pages\/2853","targetHints":{"allow":["GET"]}}],"collection":[{"href":"https:\/\/aiartfree.online\/ro\/wp-json\/wp\/v2\/pages"}],"about":[{"href":"https:\/\/aiartfree.online\/ro\/wp-json\/wp\/v2\/types\/page"}],"author":[{"embeddable":true,"href":"https:\/\/aiartfree.online\/ro\/wp-json\/wp\/v2\/users\/1"}],"replies":[{"embeddable":true,"href":"https:\/\/aiartfree.online\/ro\/wp-json\/wp\/v2\/comments?post=2853"}],"version-history":[{"count":0,"href":"https:\/\/aiartfree.online\/ro\/wp-json\/wp\/v2\/pages\/2853\/revisions"}],"wp:attachment":[{"href":"https:\/\/aiartfree.online\/ro\/wp-json\/wp\/v2\/media?parent=2853"}],"curies":[{"name":"wp","href":"https:\/\/api.w.org\/{rel}","templated":true}]}}