{"id":2807,"date":"2022-05-10T20:36:42","date_gmt":"2022-05-10T19:36:42","guid":{"rendered":"https:\/\/gp-inbound.wordifysites.com\/?page_id=82"},"modified":"2024-07-18T10:49:06","modified_gmt":"2024-07-18T10:49:06","slug":"contact-free-ai-art-generator","status":"publish","type":"page","link":"https:\/\/aiartfree.online\/ro\/contact-free-ai-art-generator\/","title":{"rendered":"Contacta\u021bi-ne"},"content":{"rendered":"<figure class=\"gb-block-image gb-block-image-6abc9adb\"><img data-recalc-dims=\"1\" decoding=\"async\" loading=\"lazy\" width=\"1200\" height=\"675\" class=\"gb-image gb-image-6abc9adb\" src=\"https:\/\/i0.wp.com\/aiartfree.online\/wp-content\/uploads\/2023\/03\/map.jpg?resize=1200%2C675&#038;ssl=1\" alt=\"\" title=\"hart\u0103\" srcset=\"https:\/\/i0.wp.com\/aiartfree.online\/wp-content\/uploads\/2023\/03\/map.jpg?w=1980&amp;ssl=1 1980w, https:\/\/i0.wp.com\/aiartfree.online\/wp-content\/uploads\/2023\/03\/map.jpg?resize=600%2C338&amp;ssl=1 600w, https:\/\/i0.wp.com\/aiartfree.online\/wp-content\/uploads\/2023\/03\/map.jpg?resize=300%2C169&amp;ssl=1 300w, https:\/\/i0.wp.com\/aiartfree.online\/wp-content\/uploads\/2023\/03\/map.jpg?resize=1024%2C576&amp;ssl=1 1024w, https:\/\/i0.wp.com\/aiartfree.online\/wp-content\/uploads\/2023\/03\/map.jpg?resize=768%2C432&amp;ssl=1 768w, https:\/\/i0.wp.com\/aiartfree.online\/wp-content\/uploads\/2023\/03\/map.jpg?resize=1536%2C864&amp;ssl=1 1536w, https:\/\/i0.wp.com\/aiartfree.online\/wp-content\/uploads\/2023\/03\/map.jpg?resize=18%2C10&amp;ssl=1 18w\" sizes=\"auto, (max-width: 1200px) 100vw, 1200px\" \/><\/figure>\n\n\n<section class=\"gb-container gb-container-efcc007f\">\n\n<h2 class=\"gb-headline gb-headline-887ae2d8 gb-headline-text\">Intra\u021bi \u00een contact<\/h2>\n\n\n\n<p class=\"gb-headline gb-headline-c307d429 gb-headline-text\">Bine a\u021bi venit la Free AI Art Generator, unde limitele creativit\u0103\u021bii \u00eent\u00e2lnesc puterea inteligen\u021bei artificiale! \ud83e\udd16<br>Suntem pasiona\u021bi de a face algoritmii \u0219i instrumentele avansate de inteligen\u021b\u0103 artificial\u0103 accesibile tuturor, permi\u021b\u00e2nd arti\u0219tilor \u0219i creativilor s\u0103 genereze gratuit imagini \u0219i lucr\u0103ri de art\u0103 uimitoare generate de inteligen\u021b\u0103 artificial\u0103. Cu ajutorul tehnologiei noastre de ultim\u0103 or\u0103, pute\u021bi explora lumea inteligen\u021bei artificiale generative, a difuziei stabile \u0219i multe altele, \u0219i v\u0103 pute\u021bi da fr\u00e2u liber imagina\u021biei ca niciodat\u0103 \u00eenainte.<\/p>\n\n\n<div class=\"gb-container gb-container-93e859dc\">\n<div class=\"gb-container gb-container-16e44cdc\">\n\n<h2 class=\"gb-headline gb-headline-387184d6 gb-headline-text\">Contacta\u021bi-ne pentru<\/h2>\n\n\n\n<ul class=\"wp-block-list\">\n<li class=\"\">\u00centreb\u0103ri generale sau feedback privind instrumentele \u0219i generatoarele noastre de art\u0103 bazate pe inteligen\u021b\u0103 artificial\u0103<\/li>\n\n\n\n<li class=\"\">Oportunit\u0103\u021bi de parteneriat sau colabor\u0103ri<\/li>\n\n\n\n<li class=\"\">Suport tehnic sau asisten\u021b\u0103 pentru crearea de art\u0103 generat\u0103 de AI<\/li>\n\n\n\n<li class=\"\">Sugestii pentru noi caracteristici sau algoritmi AI de integrat<\/li>\n\n\n\n<li class=\"\">Orice alte \u00eentreb\u0103ri sau comentarii pe care le pute\u021bi avea<\/li>\n<\/ul>\n\n\n\n<p class=\"gb-headline gb-headline-5b255efd\"><span class=\"gb-icon\"><svg viewbox=\"0 0 368.666 368.666\" xmlns=\"http:\/\/www.w3.org\/2000\/svg\"><path d=\"M184.333 0C102.011 0 35.037 66.974 35.037 149.297c0 33.968 11.132 65.959 32.193 92.515C94.5 276.195 173.8 357.833 177.164 361.291l7.169 7.375 7.17-7.374c3.363-3.459 82.688-85.116 109.963-119.51 21.042-26.534 32.164-58.515 32.164-92.485C333.63 66.974 266.656 0 184.333 0zm101.464 229.355c-21.957 27.687-80.921 89.278-101.463 110.581-20.54-21.302-79.482-82.875-101.434-110.552-18.23-22.984-27.863-50.677-27.863-80.087C55.037 78.002 113.039 20 184.333 20S313.63 78.002 313.63 149.297c0 29.411-9.625 57.095-27.833 80.058z\"><\/path><path d=\"M184.333 59.265c-48.729 0-88.374 39.645-88.374 88.374s39.644 88.374 88.374 88.374 88.374-39.644 88.374-88.374c.001-48.73-39.644-88.374-88.374-88.374zm0 156.748c-37.701 0-68.374-30.672-68.374-68.374s30.672-68.374 68.374-68.374 68.374 30.672 68.374 68.374c.001 37.701-30.673 68.374-68.374 68.374z\"><\/path><path d=\"m180.672 154.314-25.112-19.98-12.453 15.652 40.69 32.371 43.333-53.934-15.593-12.526z\"><\/path><\/svg><\/span><span class=\"gb-headline-text\">12 Princes Street, Edinburgh, EH6 1AL, UK<\/span><\/p>\n\n<\/div>\n\n<div class=\"gb-container gb-container-d4701180\">\n\n<h3 class=\"gb-headline gb-headline-8c73a68a gb-headline-text\">Trimite\u021bi-ne un e-mail<\/h3>\n\n\n\n<p class=\"gb-headline gb-headline-b1839c0f gb-headline-text\">Ne-ar pl\u0103cea s\u0103 primim ve\u0219ti de la tine! Fie c\u0103 sunte\u021bi un artist \u00een c\u0103utare de inspira\u021bie, o companie \u00een c\u0103utare de solu\u021bii inovatoare sau pur \u0219i simplu o persoan\u0103 fascinat\u0103 de intersec\u021bia dintre art\u0103 \u0219i tehnologie, suntem aici pentru a v\u0103 asculta \u0219i ajuta.<\/p>\n\n\n<div class=\"wpforms-container wpforms-container-full wpforms-block wpforms-block-f9bd5ff9-c080-4a61-b9d1-8c53773b3bdc wpforms-render-modern\" id=\"wpforms-2489\"><form id=\"wpforms-form-2489\" class=\"wpforms-validate wpforms-form\" data-formid=\"2489\" method=\"post\" enctype=\"multipart\/form-data\" action=\"\/ro\/wp-json\/wp\/v2\/pages\/2807\" data-token=\"5297f783885c807ff9921114f96bfa8a\" data-token-time=\"1776973201\" data-trp-original-action=\"\/ro\/wp-json\/wp\/v2\/pages\/2807\"><noscript class=\"wpforms-error-noscript\">Please enable JavaScript in your browser to complete this form.<\/noscript><div id=\"wpforms-error-noscript\" style=\"display: none;\">Please enable JavaScript in your browser to complete this form.<\/div><div class=\"wpforms-field-container\"><div id=\"wpforms-2489-field_0-container\" class=\"wpforms-field wpforms-field-name\" data-field-id=\"0\"><label class=\"wpforms-field-label\" for=\"wpforms-2489-field_0\">Nume \u0219i prenume <span class=\"wpforms-required-label\" aria-hidden=\"true\">*<\/span><\/label><input type=\"text\" id=\"wpforms-2489-field_0\" class=\"wpforms-field-medium wpforms-field-required\" name=\"wpforms[fields][0]\" aria-errormessage=\"wpforms-2489-field_0-error\" required><\/div><div id=\"wpforms-2489-field_1-container\" class=\"wpforms-field wpforms-field-email\" data-field-id=\"1\"><label class=\"wpforms-field-label\" for=\"wpforms-2489-field_1\">E-mail <span class=\"wpforms-required-label\" aria-hidden=\"true\">*<\/span><\/label><input type=\"email\" id=\"wpforms-2489-field_1\" class=\"wpforms-field-medium wpforms-field-required\" name=\"wpforms[fields][1]\" spellcheck=\"false\" aria-errormessage=\"wpforms-2489-field_1-error\" required><\/div><div id=\"wpforms-2489-field_2-container\" class=\"wpforms-field wpforms-field-textarea\" data-field-id=\"2\"><label class=\"wpforms-field-label\" for=\"wpforms-2489-field_2\">Comentariu sau mesaj <span class=\"wpforms-required-label\" aria-hidden=\"true\">*<\/span><\/label><textarea id=\"wpforms-2489-field_2\" class=\"wpforms-field-medium wpforms-field-required\" name=\"wpforms[fields][2]\" aria-errormessage=\"wpforms-2489-field_2-error\" required><\/textarea><\/div><\/div><!-- .wpforms-field-container --><div class=\"wpforms-submit-container\" ><input type=\"hidden\" name=\"wpforms[id]\" value=\"2489\"><input type=\"hidden\" name=\"page_title\" value=\"\"><input type=\"hidden\" name=\"page_url\" value=\"https:\/\/aiartfree.online\/ro\/wp-json\/wp\/v2\/pages\/2807\"><input type=\"hidden\" name=\"url_referer\" value=\"\"><button type=\"submit\" name=\"wpforms[submit]\" id=\"wpforms-submit-2489\" class=\"wpforms-submit\" data-alt-text=\"Sending...\" data-submit-text=\"Submit\" aria-live=\"assertive\" value=\"wpforms-submit\">Trimite<\/button><\/div><input type=\"hidden\" name=\"trp-form-language\" value=\"ro\"\/><\/form><\/div>  <!-- .wpforms-container -->\n<\/div>\n<\/div>\n\n\n<div style=\"height:40px\" aria-hidden=\"true\" class=\"wp-block-spacer\"><\/div>\n\n\n\n<h2 class=\"gb-headline gb-headline-f952b484 gb-headline-text\"><strong>De ce s\u0103 alege\u021bi Free AI Art Generator?<\/strong><\/h2>\n\n\n\n<p class=\"has-text-align-center\">Angajamentul nostru de a oferi gratuit instrumente \u0219i generatoare de art\u0103 AI, combinat cu pasiunea noastr\u0103 pentru inovare \u0219i experien\u021ba utilizatorului, ne diferen\u021biaz\u0103. Cu algoritmii no\u0219tri AI de ultim\u0103 genera\u021bie \u0219i interfa\u021ba intuitiv\u0103, pute\u021bi crea cu u\u0219urin\u021b\u0103 lucr\u0103ri de art\u0103 uimitoare generate cu AI, explor\u00e2nd \u00eentregul poten\u021bial al prompterelor text, al m\u0103ririi imaginii \u0219i multe altele.<br><\/p>\n\n\n\n<div style=\"height:40px\" aria-hidden=\"true\" class=\"wp-block-spacer\"><\/div>\n\n\n\n<h2 class=\"gb-headline gb-headline-04a855f0 gb-headline-text\"><strong>\u00cencepe\u021bi s\u0103 crea\u021bi ast\u0103zi cu AI Art Generator gratuit!<\/strong><\/h2>\n\n\n\n<p class=\"has-text-align-center\">Vizita\u021bi site-ul nostru <a href=\"https:\/\/aiartfree.online\/ro\/\" target=\"_blank\" data-type=\"page\" data-id=\"2853\" rel=\"noreferrer noopener\">pagina de pornire<\/a> pentru a explora lumea gener\u0103rii de art\u0103 AI gratuit\u0103 \u0219i a descoperi posibilit\u0103\u021bile nelimitate ale imaginilor generate de AI, culorile vibrante \u0219i expresia artistic\u0103!<\/p>\n\n\n\n<p class=\"has-text-align-center\">Nu uita\u021bi, la Free AI Art Generator, suntem dedica\u021bi stimul\u0103rii creativit\u0103\u021bii \u0219i dep\u0103\u0219irii limitelor a ceea ce este posibil cu instrumentele artistice bazate pe AI. Lua\u021bi leg\u0103tura \u0219i haide\u021bi s\u0103 cre\u0103m ceva uimitor \u00eempreun\u0103! \ud83c\udfa8<\/p>\n\n\n\n<p class=\"has-text-align-center\">Acest proiect \u00eencorporeaz\u0103 cuvintele-cheie necesare, men\u021bin\u00e2nd \u00een acela\u0219i timp un flux \u0219i un ton natural. Nu ezita\u021bi s\u0103 o modifica\u021bi dup\u0103 cum este necesar pentru a se potrivi cu vocea \u0219i stilul brandului dvs. Succes cu site-ul t\u0103u! \ud83d\ude0a<\/p>\n\n<\/section>\n\n\n<p class=\"\"><\/p>","protected":false},"excerpt":{"rendered":"<p>Get in touch Welcome to Free AI Art Generator, where the boundaries of creativity meet the power of artificial intelligence! \ud83e\udd16We&#8217;re passionate about making advanced AI algorithms and tools accessible to everyone, empowering artists and creatives to generate stunning AI-generated images and artwork for free. With our cutting-edge technology, you can explore the world of &#8230; <a title=\"Contacta\u021bi-ne\" class=\"read-more\" href=\"https:\/\/aiartfree.online\/ro\/contact-free-ai-art-generator\/\" aria-label=\"Cite\u0219te mai multe despre Contact Us\">Cite\u0219te mai mult<\/a><\/p>","protected":false},"author":1,"featured_media":0,"parent":0,"menu_order":0,"comment_status":"closed","ping_status":"closed","template":"","meta":{"nf_dc_page":"","footnotes":""},"class_list":["post-2807","page","type-page","status-publish"],"jetpack_sharing_enabled":true,"_links":{"self":[{"href":"https:\/\/aiartfree.online\/ro\/wp-json\/wp\/v2\/pages\/2807","targetHints":{"allow":["GET"]}}],"collection":[{"href":"https:\/\/aiartfree.online\/ro\/wp-json\/wp\/v2\/pages"}],"about":[{"href":"https:\/\/aiartfree.online\/ro\/wp-json\/wp\/v2\/types\/page"}],"author":[{"embeddable":true,"href":"https:\/\/aiartfree.online\/ro\/wp-json\/wp\/v2\/users\/1"}],"replies":[{"embeddable":true,"href":"https:\/\/aiartfree.online\/ro\/wp-json\/wp\/v2\/comments?post=2807"}],"version-history":[{"count":0,"href":"https:\/\/aiartfree.online\/ro\/wp-json\/wp\/v2\/pages\/2807\/revisions"}],"wp:attachment":[{"href":"https:\/\/aiartfree.online\/ro\/wp-json\/wp\/v2\/media?parent=2807"}],"curies":[{"name":"wp","href":"https:\/\/api.w.org\/{rel}","templated":true}]}}