{"id":3445,"date":"2024-08-01T18:39:36","date_gmt":"2024-08-01T18:39:36","guid":{"rendered":"https:\/\/aiartfree.online\/?page_id=3445"},"modified":"2025-03-07T08:17:45","modified_gmt":"2025-03-07T08:17:45","slug":"unblur-image","status":"publish","type":"page","link":"https:\/\/aiartfree.online\/pt_br\/desfocar-a-imagem\/","title":{"rendered":"Desfocar imagem"},"content":{"rendered":"<h2 class=\"wp-block-heading has-text-align-center\" id=\"before-vs-after\">Antes e depois<\/h2>\n\n\n\n<figure class=\"gb-block-image gb-block-image-1822da1f\"><img data-recalc-dims=\"1\" decoding=\"async\" loading=\"lazy\" width=\"1200\" height=\"704\" class=\"gb-image gb-image-1822da1f\" src=\"https:\/\/i0.wp.com\/aiartfree.online\/wp-content\/uploads\/2024\/08\/WX20240801-215741%402x-scaled.webp?resize=1200%2C704&#038;ssl=1\" alt=\"Desfoque imagens on-line com nossa ferramenta de IA. 100% gr\u00e1tis, sem necessidade de registro e com uso ilimitado. Melhore a qualidade da imagem, remova o desfoque e corrija fotos borradas para o amor.\" title=\"WX20240801-215741@2x\" srcset=\"https:\/\/i0.wp.com\/aiartfree.online\/wp-content\/uploads\/2024\/08\/WX20240801-215741%402x-scaled.webp?w=2560&amp;ssl=1 2560w, https:\/\/i0.wp.com\/aiartfree.online\/wp-content\/uploads\/2024\/08\/WX20240801-215741%402x-scaled.webp?resize=300%2C176&amp;ssl=1 300w, https:\/\/i0.wp.com\/aiartfree.online\/wp-content\/uploads\/2024\/08\/WX20240801-215741%402x-scaled.webp?resize=1024%2C601&amp;ssl=1 1024w, https:\/\/i0.wp.com\/aiartfree.online\/wp-content\/uploads\/2024\/08\/WX20240801-215741%402x-scaled.webp?resize=768%2C451&amp;ssl=1 768w, https:\/\/i0.wp.com\/aiartfree.online\/wp-content\/uploads\/2024\/08\/WX20240801-215741%402x-scaled.webp?resize=1536%2C901&amp;ssl=1 1536w, https:\/\/i0.wp.com\/aiartfree.online\/wp-content\/uploads\/2024\/08\/WX20240801-215741%402x-scaled.webp?resize=2048%2C1202&amp;ssl=1 2048w, https:\/\/i0.wp.com\/aiartfree.online\/wp-content\/uploads\/2024\/08\/WX20240801-215741%402x-scaled.webp?resize=18%2C12&amp;ssl=1 18w, https:\/\/i0.wp.com\/aiartfree.online\/wp-content\/uploads\/2024\/08\/WX20240801-215741%402x-scaled.webp?resize=600%2C352&amp;ssl=1 600w, https:\/\/i0.wp.com\/aiartfree.online\/wp-content\/uploads\/2024\/08\/WX20240801-215741%402x-scaled.webp?w=2400&amp;ssl=1 2400w\" sizes=\"auto, (max-width: 1200px) 100vw, 1200px\" \/><\/figure>\n\n\n\n<h2 class=\"wp-block-heading\" id=\"how-to-use-the-unblur-image\">Como usar o Unblur Image (Desfocar imagem)<\/h2>\n\n\n\n<ol class=\"wp-block-list\">\n<li class=\"\">Fa\u00e7a upload de sua imagem<\/li>\n\n\n\n<li class=\"\">Clique em \"Submit\" (Enviar)<\/li>\n\n\n\n<li class=\"\">Espere, \u00e9 isso mesmo!<\/li>\n<\/ol>\n\n\n\n<a class=\"gb-button gb-button-113f8659 gb-button-text\" href=\"https:\/\/www.basedlabs.ai\/apps\/ai-image-upscaler?via=rocnubi\" target=\"_blank\" rel=\"noopener noreferrer\">Try Latest Upscaler AI Now <\/a>\n\n\n\n<p class=\"\"><em>* Dependendo da velocidade de sua internet, o carregamento do modelo pode demorar <\/em>at\u00e9 10 segundos \u2193<\/p>\n\n\n\n<div class=\"iframe-wrapper\" style=\"position: relative; width: 100%; height: 1700px;\">\n  <div class=\"loading\" style=\"position: absolute; top: 50px; left: 50%; transform: translate(-50%, -50%); width: 40px; height: 40px; border: 3px solid #f0f0f0; border-top: 3px solid #db7093; border-radius: 50%; animation: spin 1s linear infinite;\"><\/div>\n  <iframe loading=\"lazy\" src=\"https:\/\/algoworks-image-face-upscale-restoration-gfpgan-pub.hf.space\" frameborder=\"0\" width=\"100%\" height=\"100%\" style=\"position: absolute; top: 0; left: 0; opacity: 0; transition: opacity 0.3s;\" onload=\"this.style.opacity=1;this.previousElementSibling.style.display='none';\"><\/iframe>\n<\/div>\n\n<style>\n@keyframes spin {\n  0% { transform: translate(-50%, -50%) rotate(0deg); }\n  100% { transform: translate(-50%, -50%) rotate(360deg); }\n}\n<\/style>\n\n\n\n<div style=\"height:60px\" aria-hidden=\"true\" class=\"wp-block-spacer\"><\/div>\n\n\n\n<h2 class=\"wp-block-heading\" id=\"unblur-image-the-ultimate-guide-to-ai-powered-photo-blur-removal\">Desfocar imagens: O guia definitivo para a remo\u00e7\u00e3o de desfoque de fotos com tecnologia de IA<\/h2>\n\n\n\n<div class=\"wp-block-rank-math-toc-block\" id=\"rank-math-toc\"><h3>\u00cdndice<\/h3><nav><ul><li><a href=\"#outline\">Esbo\u00e7o<\/a><\/li><li><a href=\"#what-is-unblur-image\">O que \u00e9 Unblur Image?<\/a><\/li><li><a href=\"#why-use-unblur-image\">Por que usar o Unblur Image?<\/a><\/li><li><a href=\"#main-features-of-unblur-image\">Principais recursos do Unblur Image<\/a><ul><li><a href=\"#ai-powered-unblur-tool\">Ferramenta de desfoque com tecnologia de IA<\/a><\/li><li><a href=\"#photo-sharpener\">Afiador de fotos<\/a><\/li><li><a href=\"#remove-motion-blur\">Remover desfoque de movimento<\/a><\/li><li><a href=\"#unblur-text\">Desfocar texto<\/a><\/li><li><a href=\"#online-accessibility\">Acessibilidade on-line<\/a><\/li><\/ul><\/li><li><a href=\"#target-audience-and-uses\">P\u00fablico-alvo e usos<\/a><\/li><li><a href=\"#industry-applications-and-uses\">Aplica\u00e7\u00f5es e usos no setor<\/a><\/li><li><a href=\"#how-to-use-unblur-image\">Como usar o Unblur Image<\/a><\/li><li><a href=\"#unblur-image-usage-cases\">Casos de uso do Unblur Image<\/a><ul><li><a href=\"#enhance-portraits\">Aprimorar retratos<\/a><\/li><li><a href=\"#restore-old-photos\">Restaurar fotos antigas<\/a><\/li><li><a href=\"#improve-product-photos\">Melhorar as fotos dos produtos<\/a><\/li><li><a href=\"#fix-blurry-text\">Corrigir texto emba\u00e7ado<\/a><\/li><li><a href=\"#correct-camera-shake\">Corre\u00e7\u00e3o da vibra\u00e7\u00e3o da c\u00e2mera<\/a><\/li><\/ul><\/li><li><a href=\"#comparison-table-of-unblur-image-tools\">Tabela de compara\u00e7\u00e3o de ferramentas para desfocar imagens<\/a><\/li><li><a href=\"#advantages-disadvantages-and-challenges-of-the-industry\">Vantagens, desvantagens e desafios do setor<\/a><ul><li><a href=\"#advantages\">Vantagens<\/a><\/li><li><a href=\"#disadvantages\">Desvantagens<\/a><\/li><li><a href=\"#challenges\">Desafios<\/a><\/li><\/ul><\/li><li><a href=\"#frequently-asked-questions\">Perguntas frequentes<\/a><\/li><li><a href=\"#summary\">Resumo<\/a><\/li><\/ul><\/nav><\/div>\n\n\n\n<h3 class=\"wp-block-heading\" id=\"outline\">Esbo\u00e7o<\/h3>\n\n\n\n<p class=\"\">Neste guia abrangente, exploraremos o mundo do desfocamento de imagens, suas vantagens, fun\u00e7\u00f5es, p\u00fablico-alvo e usos pr\u00e1ticos. Tamb\u00e9m forneceremos instru\u00e7\u00f5es passo a passo, casos de uso e uma tabela comparativa das melhores ferramentas dispon\u00edveis. Por fim, abordaremos as perguntas frequentes e ofereceremos um resumo com as principais vantagens e uma chamada para a\u00e7\u00e3o.<\/p>\n\n\n\n<h3 class=\"wp-block-heading\" id=\"what-is-unblur-image\">O que \u00e9 Unblur Image?<\/h3>\n\n\n\n<p class=\"\">Unblur Image refere-se ao processo de usar ferramentas com tecnologia de IA para remover o desfoque e melhorar a nitidez das imagens. Sejam elas causadas por trepida\u00e7\u00e3o da c\u00e2mera, desfoque de movimento ou foco ruim, essas ferramentas podem restaurar a qualidade da imagem, tornando as fotos borradas n\u00edtidas novamente.<\/p>\n\n\n\n<h3 class=\"wp-block-heading\" id=\"why-use-unblur-image\">Por que usar o Unblur Image?<\/h3>\n\n\n\n<p class=\"\">O uso de uma ferramenta para desfocar imagens oferece v\u00e1rias vantagens:<\/p>\n\n\n\n<ul class=\"wp-block-list\">\n<li class=\"\"><strong>Melhorar a qualidade da imagem:<\/strong> Melhore a nitidez e os detalhes de suas fotos.<\/li>\n\n\n\n<li class=\"\"><strong>Restaurar fotos antigas:<\/strong> D\u00ea nova vida a imagens antigas e borradas.<\/li>\n\n\n\n<li class=\"\"><strong>Resultados profissionais:<\/strong> Obtenha resultados de alta qualidade sem precisar de habilidades avan\u00e7adas de edi\u00e7\u00e3o de fotos.<\/li>\n\n\n\n<li class=\"\"><strong>Conveni\u00eancia:<\/strong> Desfoque facilmente as imagens on-line sem precisar fazer download de software.<\/li>\n\n\n\n<li class=\"\"><strong>Efici\u00eancia:<\/strong> Corrija rapidamente fotos desfocadas com apenas alguns cliques.<\/li>\n<\/ul>\n\n\n\n<p class=\"\">As pessoas costumam procurar solu\u00e7\u00f5es para tornar n\u00edtida uma imagem emba\u00e7ada, corrigir fotos emba\u00e7adas e remover o desfoque de imagens. Essas ferramentas fornecem respostas para esses problemas comuns.<\/p>\n\n\n\n<h3 class=\"wp-block-heading\" id=\"main-features-of-unblur-image\">Principais recursos do Unblur Image<\/h3>\n\n\n\n<h4 class=\"wp-block-heading\" id=\"ai-powered-unblur-tool\">Ferramenta de desfoque com tecnologia de IA<\/h4>\n\n\n\n<p class=\"\">Aproveite o poder da IA para remover com precis\u00e3o o desfoque e aprimorar os detalhes da imagem.<\/p>\n\n\n\n<h4 class=\"wp-block-heading\" id=\"photo-sharpener\">Afiador de fotos<\/h4>\n\n\n\n<p class=\"\">Afie as imagens para recuperar detalhes finos perdidos devido \u00e0 falta de nitidez.<\/p>\n\n\n\n<h4 class=\"wp-block-heading\" id=\"remove-motion-blur\">Remover desfoque de movimento<\/h4>\n\n\n\n<p class=\"\">Visam e reduzem especificamente o desfoque de movimento causado pela trepida\u00e7\u00e3o ou movimento da c\u00e2mera.<\/p>\n\n\n\n<h4 class=\"wp-block-heading\" id=\"unblur-text\">Desfocar texto<\/h4>\n\n\n\n<p class=\"\">Melhore a legibilidade de textos borrados em imagens.<\/p>\n\n\n\n<h4 class=\"wp-block-heading\" id=\"online-accessibility\">Acessibilidade on-line<\/h4>\n\n\n\n<p class=\"\">Desfoque imagens diretamente do seu navegador, sem necessidade de registro, oferecendo acesso gratuito e ilimitado.<\/p>\n\n\n\n<h3 class=\"wp-block-heading\" id=\"target-audience-and-uses\">P\u00fablico-alvo e usos<\/h3>\n\n\n\n<p class=\"\">O p\u00fablico-alvo das ferramentas de desfoque de imagem inclui:<\/p>\n\n\n\n<ul class=\"wp-block-list\">\n<li class=\"\"><strong>Fot\u00f3grafos:<\/strong> Melhore a qualidade das fotos tiradas em condi\u00e7\u00f5es abaixo do ideal.<\/li>\n\n\n\n<li class=\"\"><strong>Designers gr\u00e1ficos:<\/strong> Aprimorar imagens para uso em v\u00e1rios projetos de design.<\/li>\n\n\n\n<li class=\"\"><strong>Usu\u00e1rios de m\u00eddias sociais:<\/strong> Certifique-se de que as fotos compartilhadas on-line sejam n\u00edtidas e de alta qualidade.<\/li>\n\n\n\n<li class=\"\"><strong>Fam\u00edlias:<\/strong> Restaure fotos antigas de fam\u00edlia que ficaram emba\u00e7adas com o tempo.<\/li>\n\n\n\n<li class=\"\"><strong>Estudantes e profissionais:<\/strong> Desfocagem de texto em imagens para melhor legibilidade em apresenta\u00e7\u00f5es e documentos.<\/li>\n<\/ul>\n\n\n\n<h3 class=\"wp-block-heading\" id=\"industry-applications-and-uses\">Aplica\u00e7\u00f5es e usos no setor<\/h3>\n\n\n\n<p class=\"\">As ferramentas de desfoque de imagem s\u00e3o amplamente utilizadas em v\u00e1rios setores, inclusive:<\/p>\n\n\n\n<ul class=\"wp-block-list\">\n<li class=\"\"><strong>Fotografia:<\/strong> Melhore a nitidez das fotos profissionais.<\/li>\n\n\n\n<li class=\"\"><strong>Com\u00e9rcio eletr\u00f4nico:<\/strong> Melhore as fotos dos produtos para atrair clientes.<\/li>\n\n\n\n<li class=\"\"><strong>M\u00eddia e publicidade:<\/strong> Garanta imagens de alta qualidade nos materiais de marketing.<\/li>\n\n\n\n<li class=\"\"><strong>Assist\u00eancia m\u00e9dica:<\/strong> Melhore a legibilidade de documentos digitalizados e imagens m\u00e9dicas.<\/li>\n\n\n\n<li class=\"\"><strong>Educa\u00e7\u00e3o:<\/strong> Melhorar a qualidade dos materiais e apresenta\u00e7\u00f5es educacionais.<\/li>\n<\/ul>\n\n\n\n<h3 class=\"wp-block-heading\" id=\"how-to-use-unblur-image\">Como usar o Unblur Image<\/h3>\n\n\n\n<p class=\"\">Siga estas etapas para desfocar uma imagem usando a ferramenta recomendada:<\/p>\n\n\n\n<ol class=\"wp-block-list\">\n<li class=\"\"><strong>Abra a ferramenta:<\/strong> Ir para <a href=\"https:\/\/aiartfree.online\/pt_br\/desfocar-a-imagem\/\">Ferramenta para desfocar imagens<\/a>.<\/li>\n\n\n\n<li class=\"\"><strong>Carregue sua imagem:<\/strong> Clique no bot\u00e3o de upload e selecione a imagem desfocada que deseja corrigir.<\/li>\n\n\n\n<li class=\"\"><strong>Ajustar configura\u00e7\u00f5es:<\/strong> Use as configura\u00e7\u00f5es dispon\u00edveis para ajustar o processo de desfocagem.<\/li>\n\n\n\n<li class=\"\"><strong>Aplicar altera\u00e7\u00f5es:<\/strong> Clique no bot\u00e3o desfocar para processar a imagem.<\/li>\n\n\n\n<li class=\"\"><strong>Fa\u00e7a o download do resultado:<\/strong> Quando o processo estiver conclu\u00eddo, fa\u00e7a o download da imagem aprimorada.<\/li>\n<\/ol>\n\n\n\n<h3 class=\"wp-block-heading\" id=\"unblur-image-usage-cases\">Casos de uso do Unblur Image<\/h3>\n\n\n\n<h4 class=\"wp-block-heading\" id=\"enhance-portraits\">Aprimorar retratos<\/h4>\n\n\n\n<p class=\"\">Tire o desfoque de fotos de retratos para destacar as caracter\u00edsticas faciais e melhorar a qualidade geral da imagem.<\/p>\n\n\n\n<h4 class=\"wp-block-heading\" id=\"restore-old-photos\">Restaurar fotos antigas<\/h4>\n\n\n\n<p class=\"\">Use as ferramentas de remo\u00e7\u00e3o de desfoque para dar clareza a fotos de fam\u00edlia antigas e desfocadas, preservando as lembran\u00e7as.<\/p>\n\n\n\n<h4 class=\"wp-block-heading\" id=\"improve-product-photos\">Melhorar as fotos dos produtos<\/h4>\n\n\n\n<p class=\"\">Melhore a qualidade das imagens de produtos para sites de com\u00e9rcio eletr\u00f4nico, tornando-as mais atraentes para os clientes.<\/p>\n\n\n\n<h4 class=\"wp-block-heading\" id=\"fix-blurry-text\">Corrigir texto emba\u00e7ado<\/h4>\n\n\n\n<p class=\"\">Desfoque o texto em documentos ou imagens digitalizadas para melhorar a legibilidade.<\/p>\n\n\n\n<h4 class=\"wp-block-heading\" id=\"correct-camera-shake\">Corre\u00e7\u00e3o da vibra\u00e7\u00e3o da c\u00e2mera<\/h4>\n\n\n\n<p class=\"\">Remova o desfoque de movimento causado pela trepida\u00e7\u00e3o da c\u00e2mera em fotos tiradas em movimento.<\/p>\n\n\n\n<h3 class=\"wp-block-heading\" id=\"comparison-table-of-unblur-image-tools\">Tabela de compara\u00e7\u00e3o de ferramentas para desfocar imagens<\/h3>\n\n\n\n<figure class=\"wp-block-table\"><table class=\"has-fixed-layout\"><thead><tr><th>Nome da ferramenta<\/th><th>URL do site<\/th><th>Vantagens<\/th><th>Desvantagens<\/th><\/tr><\/thead><tbody><tr><td>AI Art Ferramenta de desfoque de imagem gratuita<\/td><td><a href=\"https:\/\/aiartfree.online\/pt_br\/desfocar-a-imagem\/\">https:\/\/aiartfree.online\/Unblur-Image<\/a><\/td><td>100% Gr\u00e1tis, sem registro, ilimitado<\/td><td>Recursos avan\u00e7ados limitados<\/td><\/tr><tr><td>Fotor<\/td><td>https:\/\/www.fotor.com<\/td><td>F\u00e1cil de usar, v\u00e1rias ferramentas de edi\u00e7\u00e3o<\/td><td>Requer conta para acesso total<\/td><\/tr><tr><td>Aprimorar.Pho.to<\/td><td>https:\/\/enhance.pho.to<\/td><td>Gratuito, interface simples<\/td><td>Recursos limitados<\/td><\/tr><tr><td>LunaPic<\/td><td>https:\/\/www.lunapic.com<\/td><td>Gratuito, ferramenta on-line<\/td><td>An\u00fancios no site<\/td><\/tr><tr><td>PineTools<\/td><td>https:\/\/www.pinetools.com<\/td><td>Gratuito, variedade de ferramentas<\/td><td>Interface b\u00e1sica<\/td><\/tr><tr><td>Fotopeia<\/td><td>https:\/\/www.photopea.com<\/td><td>Poderoso, gratuito<\/td><td>Pode ser complexo para iniciantes<\/td><\/tr><tr><td>Adobe Photoshop Express<\/td><td>https:\/\/www.photoshop.com\/tools<\/td><td>Marca confi\u00e1vel, resultados de alta qualidade<\/td><td>Vers\u00e3o gratuita limitada<\/td><\/tr><tr><td>Snapseed<\/td><td>https:\/\/snapseed.online<\/td><td>Compat\u00edvel com dispositivos m\u00f3veis, f\u00e1cil de usar<\/td><td>Requer download<\/td><\/tr><tr><td>GIMP<\/td><td>https:\/\/www.gimp.org<\/td><td>Gratuito, de c\u00f3digo aberto<\/td><td>Curva de aprendizado acentuada<\/td><\/tr><tr><td>VanceAI<\/td><td><a href=\"https:\/\/vanceai.com\" target=\"_blank\" rel=\"noopener\">https:\/\/vanceai.com<\/a><\/td><td>Resultados de alta qualidade com tecnologia de IA<\/td><td>\u00c9 necess\u00e1ria uma assinatura paga<\/td><\/tr><\/tbody><\/table><\/figure>\n\n\n\n<h3 class=\"wp-block-heading\" id=\"advantages-disadvantages-and-challenges-of-the-industry\">Vantagens, desvantagens e desafios do setor<\/h3>\n\n\n\n<h4 class=\"wp-block-heading\" id=\"advantages\">Vantagens<\/h4>\n\n\n\n<ul class=\"wp-block-list\">\n<li class=\"\"><strong>Acessibilidade:<\/strong> A maioria das ferramentas est\u00e1 dispon\u00edvel on-line, proporcionando f\u00e1cil acesso.<\/li>\n\n\n\n<li class=\"\"><strong>Custo-benef\u00edcio:<\/strong> Muitas ferramentas oferecem vers\u00f5es gratuitas com recursos avan\u00e7ados.<\/li>\n\n\n\n<li class=\"\"><strong>F\u00e1cil de usar:<\/strong> Projetado para usu\u00e1rios com diferentes n\u00edveis de conhecimento.<\/li>\n<\/ul>\n\n\n\n<h4 class=\"wp-block-heading\" id=\"disadvantages\">Desvantagens<\/h4>\n\n\n\n<ul class=\"wp-block-list\">\n<li class=\"\"><strong>Varia\u00e7\u00e3o de qualidade:<\/strong> Os resultados podem variar dependendo da ferramenta utilizada.<\/li>\n\n\n\n<li class=\"\"><strong>Curva de aprendizado:<\/strong> Algumas ferramentas podem exigir tempo para serem aprendidas e dominadas.<\/li>\n\n\n\n<li class=\"\"><strong>Taxas de assinatura:<\/strong> Os recursos avan\u00e7ados podem exigir assinaturas pagas.<\/li>\n<\/ul>\n\n\n\n<h4 class=\"wp-block-heading\" id=\"challenges\">Desafios<\/h4>\n\n\n\n<ul class=\"wp-block-list\">\n<li class=\"\"><strong>Manuten\u00e7\u00e3o da qualidade:<\/strong> Garantir resultados consistentes de alta qualidade em diferentes imagens.<\/li>\n\n\n\n<li class=\"\"><strong>Limita\u00e7\u00f5es tecnol\u00f3gicas:<\/strong> A tecnologia de IA pode n\u00e3o lidar perfeitamente com todos os tipos de desfoque.<\/li>\n\n\n\n<li class=\"\"><strong>Expectativas do usu\u00e1rio:<\/strong> Atender \u00e0s diversas expectativas dos usu\u00e1rios para diferentes casos de uso.<\/li>\n<\/ul>\n\n\n\n<h3 class=\"wp-block-heading\" id=\"frequently-asked-questions\">Perguntas frequentes<\/h3>\n\n\n\n<ol class=\"wp-block-list\">\n<li class=\"\"><strong>Como desfocar uma imagem?<\/strong>\n<ul class=\"wp-block-list\">\n<li class=\"\">Use uma ferramenta on-line como <a href=\"https:\/\/aiartfree.online\/pt_br\/desfocar-a-imagem\/\">AI Art Ferramenta de desfoque de imagem gratuita<\/a> para carregar e processar sua imagem.<\/li>\n<\/ul>\n<\/li>\n\n\n\n<li class=\"\"><strong>Como desfocar imagens?<\/strong>\n<ul class=\"wp-block-list\">\n<li class=\"\">Selecione uma ferramenta confi\u00e1vel, carregue sua imagem, ajuste as configura\u00e7\u00f5es e aplique o efeito de desfoque.<\/li>\n<\/ul>\n<\/li>\n\n\n\n<li class=\"\"><strong>Como desfocar uma imagem?<\/strong>\n<ul class=\"wp-block-list\">\n<li class=\"\">Siga o guia passo a passo fornecido acima usando uma ferramenta com tecnologia de IA.<\/li>\n<\/ul>\n<\/li>\n\n\n\n<li class=\"\"><strong>Como desfocar uma imagem no iPhone?<\/strong>\n<ul class=\"wp-block-list\">\n<li class=\"\">Abra seu navegador e acesse <a href=\"https:\/\/aiartfree.online\/pt_br\/desfocar-a-imagem\/\">AI Art Ferramenta de desfoque de imagem gratuita<\/a> para desfocar sua imagem.<\/li>\n<\/ul>\n<\/li>\n\n\n\n<li class=\"\"><strong>Como desfocar uma imagem no Photoshop?<\/strong>\n<ul class=\"wp-block-list\">\n<li class=\"\">Abra seu navegador e acesse <a href=\"https:\/\/aiartfree.online\/pt_br\/desfocar-a-imagem\/\">AI Art Ferramenta de desfoque de imagem gratuita<\/a> para usar uma alternativa mais f\u00e1cil.<\/li>\n<\/ul>\n<\/li>\n\n\n\n<li class=\"\"><strong>Como tornar n\u00edtida uma imagem emba\u00e7ada?<\/strong>\n<ul class=\"wp-block-list\">\n<li class=\"\">Use uma ferramenta de nitidez de fotos para aumentar a nitidez de sua imagem.<\/li>\n<\/ul>\n<\/li>\n\n\n\n<li class=\"\"><strong>Como desfocar uma foto?<\/strong>\n<ul class=\"wp-block-list\">\n<li class=\"\">Siga as etapas da se\u00e7\u00e3o \"Como usar o Unblur Image\" para remover o desfoque da sua foto.<\/li>\n<\/ul>\n<\/li>\n\n\n\n<li class=\"\"><strong>Como corrigir fotos emba\u00e7adas?<\/strong>\n<ul class=\"wp-block-list\">\n<li class=\"\">Utilize uma ferramenta de remo\u00e7\u00e3o de borr\u00f5es on-line para restaurar a nitidez de suas fotos borradas.<\/li>\n<\/ul>\n<\/li>\n\n\n\n<li class=\"\"><strong>Qual \u00e9 a melhor ferramenta de remo\u00e7\u00e3o de borr\u00f5es?<\/strong>\n<ul class=\"wp-block-list\">\n<li class=\"\">O <a href=\"https:\/\/aiartfree.online\/pt_br\/desfocar-a-imagem\/\">AI Art Ferramenta de desfoque de imagem gratuita<\/a> \u00e9 altamente recomendado por sua facilidade de uso e recursos avan\u00e7ados.<\/li>\n<\/ul>\n<\/li>\n\n\n\n<li class=\"\"><strong>Como desfocar o texto em uma imagem?<\/strong>\n<ul class=\"wp-block-list\">\n<li class=\"\">Use uma ferramenta de desfocagem de texto para melhorar a legibilidade do texto desfocado em suas imagens.<\/li>\n<\/ul>\n<\/li>\n<\/ol>\n\n\n\n<h3 class=\"wp-block-heading\" id=\"summary\">Resumo<\/h3>\n\n\n\n<p class=\"\">Tirar o desfoque de imagens nunca foi t\u00e3o f\u00e1cil com a disponibilidade de ferramentas avan\u00e7adas com tecnologia de IA. Se voc\u00ea deseja aprimorar fotos de retratos, restaurar imagens antigas ou corrigir textos borrados, essas ferramentas oferecem uma solu\u00e7\u00e3o conveniente e eficaz. Visite o site <a href=\"https:\/\/aiartfree.online\/pt_br\/desfocar-a-imagem\/\">AI Art Ferramenta de desfoque de imagem gratuita<\/a> para experimentar a melhor ferramenta de remo\u00e7\u00e3o de desfoque dispon\u00edvel, 100% gratuita e ilimitada, sem necessidade de registro. Transforme suas imagens desfocadas em fotos n\u00edtidas e de alta qualidade hoje mesmo!<\/p>","protected":false},"excerpt":{"rendered":"<p>Before vs After How to use the Unblur Image *&nbsp;Depending on your internet speed, loading the model may take up to 10 seconds \u2193 Unblur Image: The Ultimate Guide to AI-Powered Photo Blur Removal Outline In this comprehensive guide, we will explore the world of image unblurring, its advantages, functions, target audience, and practical uses. &#8230; <a title=\"Desfocar imagem\" class=\"read-more\" href=\"https:\/\/aiartfree.online\/pt_br\/desfocar-a-imagem\/\" aria-label=\"Read more about Unblur Image\">Ler mais<\/a><\/p>","protected":false},"author":1,"featured_media":3450,"parent":0,"menu_order":0,"comment_status":"open","ping_status":"closed","template":"","meta":{"nf_dc_page":"","footnotes":""},"class_list":["post-3445","page","type-page","status-publish","has-post-thumbnail"],"jetpack_sharing_enabled":true,"_links":{"self":[{"href":"https:\/\/aiartfree.online\/pt_br\/wp-json\/wp\/v2\/pages\/3445","targetHints":{"allow":["GET"]}}],"collection":[{"href":"https:\/\/aiartfree.online\/pt_br\/wp-json\/wp\/v2\/pages"}],"about":[{"href":"https:\/\/aiartfree.online\/pt_br\/wp-json\/wp\/v2\/types\/page"}],"author":[{"embeddable":true,"href":"https:\/\/aiartfree.online\/pt_br\/wp-json\/wp\/v2\/users\/1"}],"replies":[{"embeddable":true,"href":"https:\/\/aiartfree.online\/pt_br\/wp-json\/wp\/v2\/comments?post=3445"}],"version-history":[{"count":1,"href":"https:\/\/aiartfree.online\/pt_br\/wp-json\/wp\/v2\/pages\/3445\/revisions"}],"predecessor-version":[{"id":3597,"href":"https:\/\/aiartfree.online\/pt_br\/wp-json\/wp\/v2\/pages\/3445\/revisions\/3597"}],"wp:featuredmedia":[{"embeddable":true,"href":"https:\/\/aiartfree.online\/pt_br\/wp-json\/wp\/v2\/media\/3450"}],"wp:attachment":[{"href":"https:\/\/aiartfree.online\/pt_br\/wp-json\/wp\/v2\/media?parent=3445"}],"curies":[{"name":"wp","href":"https:\/\/api.w.org\/{rel}","templated":true}]}}