{"id":3319,"date":"2024-07-30T11:47:20","date_gmt":"2024-07-30T11:47:20","guid":{"rendered":"https:\/\/aiartfree.online\/?page_id=3319"},"modified":"2025-03-07T08:27:06","modified_gmt":"2025-03-07T08:27:06","slug":"youtube-transcript","status":"publish","type":"page","link":"https:\/\/aiartfree.online\/pt_br\/transcricao-do-youtube\/","title":{"rendered":"Transcri\u00e7\u00e3o do YouTube"},"content":{"rendered":"<h2 class=\"wp-block-heading\" style=\"font-size:23px\">Como usar a transcri\u00e7\u00e3o do YouTube<\/h2>\n\n\n\n<ol class=\"wp-block-list\">\n<li class=\"\">Selecione <strong>YouTube<\/strong> na guia superior<\/li>\n\n\n\n<li class=\"\">Cole seu URL do YouTube<\/li>\n\n\n\n<li class=\"\">Selecione \"Return Timestamps\" (Retornar registros de data e hora)<\/li>\n\n\n\n<li class=\"\">Clique em \"Submit\" (Enviar)<\/li>\n\n\n\n<li class=\"\">Espere, \u00e9 isso mesmo!<\/li>\n<\/ol>\n\n\n\n<figure class=\"gb-block-image gb-block-image-4dfafe81\"><a href=\"https:\/\/fas.st\/t\/XmtmoHSk\" target=\"_blank\" rel=\"noopener noreferrer\"><img data-recalc-dims=\"1\" decoding=\"async\" loading=\"lazy\" width=\"1200\" height=\"368\" class=\"gb-image gb-image-4dfafe81\" src=\"https:\/\/i0.wp.com\/aiartfree.online\/wp-content\/uploads\/2025\/03\/WX20250307-114300%402x.webp?resize=1200%2C368&#038;ssl=1\" alt=\"\" title=\"WX20250307-114300@2x\" srcset=\"https:\/\/i0.wp.com\/aiartfree.online\/wp-content\/uploads\/2025\/03\/WX20250307-114300%402x.webp?w=1900&amp;ssl=1 1900w, https:\/\/i0.wp.com\/aiartfree.online\/wp-content\/uploads\/2025\/03\/WX20250307-114300%402x.webp?resize=300%2C92&amp;ssl=1 300w, https:\/\/i0.wp.com\/aiartfree.online\/wp-content\/uploads\/2025\/03\/WX20250307-114300%402x.webp?resize=1024%2C314&amp;ssl=1 1024w, https:\/\/i0.wp.com\/aiartfree.online\/wp-content\/uploads\/2025\/03\/WX20250307-114300%402x.webp?resize=768%2C235&amp;ssl=1 768w, https:\/\/i0.wp.com\/aiartfree.online\/wp-content\/uploads\/2025\/03\/WX20250307-114300%402x.webp?resize=1536%2C471&amp;ssl=1 1536w, https:\/\/i0.wp.com\/aiartfree.online\/wp-content\/uploads\/2025\/03\/WX20250307-114300%402x.webp?resize=18%2C6&amp;ssl=1 18w, https:\/\/i0.wp.com\/aiartfree.online\/wp-content\/uploads\/2025\/03\/WX20250307-114300%402x.webp?resize=600%2C184&amp;ssl=1 600w\" sizes=\"auto, (max-width: 1200px) 100vw, 1200px\" \/><\/a><\/figure>\n\n\n\n<p class=\"\">* <em>Dependendo da velocidade de sua internet, o carregamento do modelo pode levar alguns segundos.<\/em> \u2193<\/p>\n\n\n\n<style>\n  .iframe-container {\n    text-align: center;\n    border: 2px solid;\n    border-image-source: linear-gradient(to right, #16b86c, #912899);\n    border-image-slice: 1;\n    box-shadow: 0 0 10px rgba(0, 0, 0, 0.1);\n    border-radius: 15px;\n    position: relative; \/* \u4f7f loader \u7edd\u5bf9\u5b9a\u4f4d\u6709\u6548 *\/\n  }\n  .loader {\n    position: absolute;\n    top: 100px;\n    left: 50%;\n    transform: translate(-50%, -50%);\n    width: 40px;\n    height: 40px;\n    border: 4px solid #f3f3f3;\n    border-top: 4px solid #9834db;\n    border-radius: 50%;\n    animation: spin 1s linear infinite;\n  }\n  @keyframes spin {\n    0% { transform: translate(-50%, -50%) rotate(0deg); }\n    100% { transform: translate(-50%, -50%) rotate(360deg); }\n  }\n  iframe {\n    width: 100%;\n    height: 1550px;\n    border: none;\n    display: inline-block;\n    margin: 0 auto;\n    opacity: 0;\n    transition: opacity 0.3s ease;\n  }\n<\/style>\n\n<div class=\"iframe-container\">\n  <div id=\"loader\" class=\"loader\"><\/div>\n  <iframe\n    src=\"https:\/\/sanchit-gandhi-whisper-jax.hf.space\"\n    frameborder=\"0\"\n    onload=\"this.style.opacity=1;document.getElementById('loader').style.display='none';\"\n  ><\/iframe>\n<\/div>\n\n\n\n<div style=\"height:60px\" aria-hidden=\"true\" class=\"wp-block-spacer\"><\/div>\n\n\n\n<h2 class=\"wp-block-heading\">O guia definitivo para a transcri\u00e7\u00e3o do YouTube<\/h2>\n\n\n\n<h3 class=\"wp-block-heading\">\u00cdndice<\/h3>\n\n\n\n<ol class=\"wp-block-list\">\n<li class=\"\"><a href=\"#introduction\">Introdu\u00e7\u00e3o<\/a><\/li>\n\n\n\n<li class=\"\"><a href=\"#what-is-a-youtube-transcript\">O que \u00e9 uma transcri\u00e7\u00e3o do YouTube?<\/a><\/li>\n\n\n\n<li class=\"\"><a href=\"#why-use-youtube-transcripts\">Por que usar as transcri\u00e7\u00f5es do YouTube?<\/a><\/li>\n\n\n\n<li class=\"\"><a href=\"#main-features-of-youtube-transcripts\">Principais recursos das transcri\u00e7\u00f5es do YouTube<\/a>\n<ul class=\"wp-block-list\">\n<li class=\"\"><a href=\"#transcription-accuracy\">Precis\u00e3o da transcri\u00e7\u00e3o<\/a><\/li>\n\n\n\n<li class=\"\"><a href=\"#time-stamped-transcripts\">Transcri\u00e7\u00f5es com carimbo de data e hora<\/a><\/li>\n\n\n\n<li class=\"\"><a href=\"#download-options\">Op\u00e7\u00f5es de download<\/a><\/li>\n\n\n\n<li class=\"\"><a href=\"#editing-and-customization\">Edi\u00e7\u00e3o e personaliza\u00e7\u00e3o<\/a><\/li>\n<\/ul>\n<\/li>\n\n\n\n<li class=\"\"><a href=\"#who-should-use-youtube-transcripts\">Quem deve usar as transcri\u00e7\u00f5es do YouTube?<\/a><\/li>\n\n\n\n<li class=\"\"><a href=\"#industries-benefiting-from-youtube-transcripts\">Setores que se beneficiam das transcri\u00e7\u00f5es do YouTube<\/a><\/li>\n\n\n\n<li class=\"\"><a href=\"#how-to-use-youtube-transcripts\">Como usar as transcri\u00e7\u00f5es do YouTube<\/a><\/li>\n\n\n\n<li class=\"\"><a href=\"#use-cases-of-youtube-transcripts\">Casos de uso de transcri\u00e7\u00f5es do YouTube<\/a>\n<ul class=\"wp-block-list\">\n<li class=\"\"><a href=\"#content-creators\">Criadores de conte\u00fado<\/a><\/li>\n\n\n\n<li class=\"\"><a href=\"#educators\">Educadores<\/a><\/li>\n\n\n\n<li class=\"\"><a href=\"#marketers\">Profissionais de marketing<\/a><\/li>\n<\/ul>\n<\/li>\n\n\n\n<li class=\"\"><a href=\"#top-10-youtube-transcript-tools-and-information\">As 10 principais ferramentas e informa\u00e7\u00f5es de transcri\u00e7\u00e3o do YouTube<\/a><\/li>\n\n\n\n<li class=\"\"><a href=\"#advantages-disadvantages-and-challenges-in-the-industry\">Vantagens, desvantagens e desafios do setor<\/a><\/li>\n\n\n\n<li class=\"\"><a href=\"#faq\">PERGUNTAS FREQUENTES<\/a><\/li>\n\n\n\n<li class=\"\"><a href=\"#conclusion\">Conclus\u00e3o<\/a><\/li>\n<\/ol>\n\n\n\n<h3 class=\"wp-block-heading\">Introdu\u00e7\u00e3o<\/h3>\n\n\n\n<p class=\"\">Na era digital, a acessibilidade do conte\u00fado \u00e9 fundamental. Uma das ferramentas mais \u00fateis para melhorar a acessibilidade e o envolvimento \u00e9 a transcri\u00e7\u00e3o do YouTube. Este guia abordar\u00e1 o que \u00e9 uma transcri\u00e7\u00e3o do YouTube, por que ela \u00e9 essencial e como utiliz\u00e1-la de forma eficaz. Tamb\u00e9m exploraremos as melhores ferramentas dispon\u00edveis, incluindo nossa principal recomenda\u00e7\u00e3o, <a href=\"https:\/\/aiartfree.online\/pt_br\/transcricao-do-youtube\/\">https:\/\/aiartfree.online\/youtube-transcript\/<\/a>e fornecer uma se\u00e7\u00e3o abrangente de perguntas frequentes para responder a perguntas comuns.<\/p>\n\n\n\n<figure class=\"wp-block-image size-full is-resized\"><img data-recalc-dims=\"1\" data-dominant-color=\"987d7b\" data-has-transparency=\"false\" decoding=\"async\" width=\"1024\" height=\"710\"   loading=\"lazy\" src=\"https:\/\/i0.wp.com\/aiartfree.online\/wp-content\/uploads\/2024\/07\/image-28-jpg.webp?resize=1024%2C710&#038;ssl=1\" alt=\"Transcri\u00e7\u00e3o do YouTube\" class=\"wp-image-3337 not-transparent\" style=\"--dominant-color: #987d7b; width:561px;height:auto\" srcset=\"https:\/\/i0.wp.com\/aiartfree.online\/wp-content\/uploads\/2024\/07\/image-28-jpg.webp?w=1024&amp;ssl=1 1024w, https:\/\/i0.wp.com\/aiartfree.online\/wp-content\/uploads\/2024\/07\/image-28-jpg.webp?resize=300%2C208&amp;ssl=1 300w, https:\/\/i0.wp.com\/aiartfree.online\/wp-content\/uploads\/2024\/07\/image-28-jpg.webp?resize=768%2C533&amp;ssl=1 768w, https:\/\/i0.wp.com\/aiartfree.online\/wp-content\/uploads\/2024\/07\/image-28-jpg.webp?resize=18%2C12&amp;ssl=1 18w, https:\/\/i0.wp.com\/aiartfree.online\/wp-content\/uploads\/2024\/07\/image-28-jpg.webp?resize=600%2C416&amp;ssl=1 600w\" sizes=\"auto, (max-width: 1024px) 100vw, 1024px\" \/><\/figure>\n\n\n\n<h3 class=\"wp-block-heading\">O que \u00e9 uma transcri\u00e7\u00e3o do YouTube?<\/h3>\n\n\n\n<p class=\"\">Uma transcri\u00e7\u00e3o do YouTube \u00e9 uma representa\u00e7\u00e3o textual do conte\u00fado falado em um v\u00eddeo do YouTube. Ela captura cada palavra falada, geralmente com registros de data e hora, facilitando o acompanhamento pelos espectadores, a pesquisa de conte\u00fado espec\u00edfico e o uso das informa\u00e7\u00f5es de v\u00e1rias maneiras.<\/p>\n\n\n\n<h3 class=\"wp-block-heading\">Por que usar as transcri\u00e7\u00f5es do YouTube?<\/h3>\n\n\n\n<p class=\"\">O uso de transcri\u00e7\u00f5es do YouTube oferece v\u00e1rios benef\u00edcios:<\/p>\n\n\n\n<ol class=\"wp-block-list\">\n<li class=\"\"><strong>Acessibilidade<\/strong>: As transcri\u00e7\u00f5es tornam o conte\u00fado acess\u00edvel a pessoas com defici\u00eancias auditivas.<\/li>\n\n\n\n<li class=\"\"><strong>Capacidade de pesquisa<\/strong>: As transcri\u00e7\u00f5es de texto melhoram a otimiza\u00e7\u00e3o de mecanismos de pesquisa (SEO), tornando o conte\u00fado do v\u00eddeo pesquis\u00e1vel por palavras-chave.<\/li>\n\n\n\n<li class=\"\"><strong>Reaproveitamento de conte\u00fado<\/strong>: As transcri\u00e7\u00f5es podem ser reaproveitadas em postagens de blog, artigos ou conte\u00fado de m\u00eddia social.<\/li>\n\n\n\n<li class=\"\"><strong>Compreens\u00e3o<\/strong>: Os falantes n\u00e3o nativos podem entender melhor o conte\u00fado do v\u00eddeo lendo junto.<\/li>\n\n\n\n<li class=\"\"><strong>Compromisso<\/strong>: As transcri\u00e7\u00f5es mant\u00eam os espectadores envolvidos, permitindo que eles acompanhem o v\u00eddeo em forma de texto.<\/li>\n<\/ol>\n\n\n\n<h3 class=\"wp-block-heading\">Principais recursos das transcri\u00e7\u00f5es do YouTube<\/h3>\n\n\n\n<h4 class=\"wp-block-heading\">Precis\u00e3o da transcri\u00e7\u00e3o<\/h4>\n\n\n\n<p class=\"\">A transcri\u00e7\u00e3o precisa \u00e9 fundamental para a utilidade de uma transcri\u00e7\u00e3o. As melhores ferramentas oferecem altos \u00edndices de precis\u00e3o, reduzindo a necessidade de corre\u00e7\u00f5es manuais extensas.<\/p>\n\n\n\n<h4 class=\"wp-block-heading\">Transcri\u00e7\u00f5es com carimbo de data e hora<\/h4>\n\n\n\n<p class=\"\">Os carimbos de tempo permitem que os usu\u00e1rios naveguem facilmente pelo v\u00eddeo, saltando para partes espec\u00edficas do conte\u00fado conforme necess\u00e1rio.<\/p>\n\n\n\n<h4 class=\"wp-block-heading\">Op\u00e7\u00f5es de download<\/h4>\n\n\n\n<p class=\"\">As principais ferramentas oferecem v\u00e1rios formatos de download (por exemplo, SRT, TXT) para garantir a compatibilidade com diferentes plataformas e softwares.<\/p>\n\n\n\n<h4 class=\"wp-block-heading\">Edi\u00e7\u00e3o e personaliza\u00e7\u00e3o<\/h4>\n\n\n\n<p class=\"\">A capacidade de editar e personalizar transcri\u00e7\u00f5es garante que elas atendam \u00e0s necessidades espec\u00edficas do usu\u00e1rio, como adicionar notas ou corrigir imprecis\u00f5es.<\/p>\n\n\n\n<h3 class=\"wp-block-heading\">Quem deve usar as transcri\u00e7\u00f5es do YouTube?<\/h3>\n\n\n\n<ul class=\"wp-block-list\">\n<li class=\"\"><strong>Criadores de conte\u00fado<\/strong>: Para aprimorar o SEO e o engajamento.<\/li>\n\n\n\n<li class=\"\"><strong>Educadores<\/strong>: Fornecer materiais did\u00e1ticos acess\u00edveis.<\/li>\n\n\n\n<li class=\"\"><strong>Profissionais de marketing<\/strong>: Para extrair conte\u00fado para campanhas e an\u00e1lises.<\/li>\n\n\n\n<li class=\"\"><strong>Pesquisadores<\/strong>: Transcrever entrevistas e apresenta\u00e7\u00f5es para an\u00e1lise de dados.<\/li>\n\n\n\n<li class=\"\"><strong>Telespectadores<\/strong>: Para acompanhar os v\u00eddeos e melhorar a compreens\u00e3o.<\/li>\n<\/ul>\n\n\n\n<h3 class=\"wp-block-heading\">Setores que se beneficiam das transcri\u00e7\u00f5es do YouTube<\/h3>\n\n\n\n<ul class=\"wp-block-list\">\n<li class=\"\"><strong>Educa\u00e7\u00e3o<\/strong>: Aprimoramento dos recursos de aprendizagem.<\/li>\n\n\n\n<li class=\"\"><strong>Marketing<\/strong>: Melhorar o alcance e o envolvimento do conte\u00fado.<\/li>\n\n\n\n<li class=\"\"><strong>Entretenimento<\/strong>: Tornar o conte\u00fado acess\u00edvel a um p\u00fablico mais amplo.<\/li>\n\n\n\n<li class=\"\"><strong>Pesquisa<\/strong>: Facilitar a an\u00e1lise e a documenta\u00e7\u00e3o de dados.<\/li>\n\n\n\n<li class=\"\"><strong>Assist\u00eancia m\u00e9dica<\/strong>: Transcri\u00e7\u00e3o de palestras e semin\u00e1rios m\u00e9dicos para desenvolvimento profissional.<\/li>\n<\/ul>\n\n\n\n<h3 class=\"wp-block-heading\">Como usar as transcri\u00e7\u00f5es do YouTube<\/h3>\n\n\n\n<ol class=\"wp-block-list\">\n<li class=\"\"><strong>Localizar uma ferramenta de transcri\u00e7\u00e3o<\/strong>: Use uma ferramenta confi\u00e1vel como <a href=\"https:\/\/aiartfree.online\/pt_br\/transcricao-do-youtube\/\">https:\/\/aiartfree.online\/youtube-transcript\/<\/a>.<\/li>\n\n\n\n<li class=\"\"><strong>Fazer upload ou vincular o v\u00eddeo<\/strong>: Forne\u00e7a o link do v\u00eddeo do YouTube.<\/li>\n\n\n\n<li class=\"\"><strong>Gerar transcri\u00e7\u00e3o<\/strong>: Permita que a ferramenta processe o v\u00eddeo e gere a transcri\u00e7\u00e3o.<\/li>\n\n\n\n<li class=\"\"><strong>Editar e personalizar<\/strong>: Fa\u00e7a as edi\u00e7\u00f5es necess\u00e1rias na transcri\u00e7\u00e3o.<\/li>\n\n\n\n<li class=\"\"><strong>Baixar<\/strong>: Salve a transcri\u00e7\u00e3o em seu formato preferido.<\/li>\n<\/ol>\n\n\n\n<h3 class=\"wp-block-heading\">Casos de uso de transcri\u00e7\u00f5es do YouTube<\/h3>\n\n\n\n<h4 class=\"wp-block-heading\">Criadores de conte\u00fado<\/h4>\n\n\n\n<p class=\"\">Os criadores de conte\u00fado podem usar as transcri\u00e7\u00f5es para aprimorar o SEO, tornando seus v\u00eddeos mais f\u00e1ceis de serem descobertos. As transcri\u00e7\u00f5es tamb\u00e9m podem ser reaproveitadas em publica\u00e7\u00f5es de blog ou conte\u00fado de m\u00eddia social.<\/p>\n\n\n\n<h4 class=\"wp-block-heading\">Educadores<\/h4>\n\n\n\n<p class=\"\">Os educadores podem fornecer transcri\u00e7\u00f5es aos alunos para melhorar o aprendizado e a acessibilidade. As transcri\u00e7\u00f5es tamb\u00e9m s\u00e3o \u00fateis para criar materiais de estudo e documentos de refer\u00eancia.<\/p>\n\n\n\n<h4 class=\"wp-block-heading\">Profissionais de marketing<\/h4>\n\n\n\n<p class=\"\">Os profissionais de marketing podem usar as transcri\u00e7\u00f5es para extrair informa\u00e7\u00f5es importantes para campanhas, criar postagens em blogs e analisar o comportamento e as prefer\u00eancias dos consumidores.<\/p>\n\n\n\n<h3 class=\"wp-block-heading\">As 10 principais ferramentas e informa\u00e7\u00f5es de transcri\u00e7\u00e3o do YouTube<\/h3>\n\n\n\n<figure class=\"wp-block-table\"><table class=\"has-fixed-layout\"><thead><tr><th>Site<\/th><th>Vantagens<\/th><th>Desvantagens<\/th><th>Desafios<\/th><th>Sugest\u00f5es<\/th><\/tr><\/thead><tbody><tr><td><a href=\"https:\/\/aiartfree.online\/pt_br\/transcricao-do-youtube\/\">Transcri\u00e7\u00e3o do YouTube<\/a><\/td><td>100% Gratuito, ilimitado, sem registro, alta precis\u00e3o<\/td><td>Suporte limitado ao idioma<\/td><td>Garantia de alta precis\u00e3o em todos os v\u00eddeos<\/td><td>Expandir o suporte a idiomas<\/td><\/tr><tr><td>lontra.ai<\/td><td>Recursos precisos e colaborativos<\/td><td>Assinatura obrigat\u00f3ria<\/td><td>Gerenciamento de custos para equipes grandes<\/td><td>Oferecer planos mais acess\u00edveis<\/td><\/tr><tr><td>rev.com<\/td><td>Precis\u00e3o profissional, rapidez na entrega<\/td><td>Custo elevado para v\u00eddeos longos<\/td><td>Manuten\u00e7\u00e3o da acessibilidade econ\u00f4mica<\/td><td>Introduzir pre\u00e7os diferenciados<\/td><\/tr><tr><td>temi.com<\/td><td>Acess\u00edvel, f\u00e1cil de usar<\/td><td>A precis\u00e3o pode variar<\/td><td>Equil\u00edbrio entre custo e qualidade<\/td><td>Melhorar a precis\u00e3o<\/td><\/tr><tr><td>transcribeme.com<\/td><td>Alta precis\u00e3o, transcri\u00e7\u00e3o humana dispon\u00edvel<\/td><td>Caro<\/td><td>Gerenciamento dos custos de transcri\u00e7\u00e3o<\/td><td>Oferecer descontos para pedidos em grandes quantidades<\/td><\/tr><tr><td>sonix.ai<\/td><td>R\u00e1pido, integra-se ao software de edi\u00e7\u00e3o<\/td><td>Assinatura obrigat\u00f3ria<\/td><td>Justificando os custos de assinatura<\/td><td>Fornecer mais op\u00e7\u00f5es de teste<\/td><\/tr><tr><td>scribie.com<\/td><td>Transcri\u00e7\u00e3o manual acess\u00edvel dispon\u00edvel<\/td><td>Recursos limitados<\/td><td>Aprimoramento do conjunto de recursos<\/td><td>Expandir recursos<\/td><\/tr><tr><td>happyscribe.com<\/td><td>Suporte multil\u00edngue, f\u00e1cil de usar<\/td><td>Assinatura obrigat\u00f3ria<\/td><td>Gerenciamento de custos<\/td><td>Introduzir pre\u00e7os mais flex\u00edveis<\/td><\/tr><tr><td>descript.com<\/td><td>Recursos de edi\u00e7\u00e3o, alta precis\u00e3o<\/td><td>Curva de aprendizado mais acentuada<\/td><td>Interface amig\u00e1vel ao usu\u00e1rio<\/td><td>Simplificar a interface<\/td><\/tr><tr><td><a href=\"https:\/\/trint.com\" target=\"_blank\" rel=\"noopener\">trint.com<\/a><\/td><td>R\u00e1pido, Ferramentas de colabora\u00e7\u00e3o<\/td><td>Pre\u00e7o elevado para usu\u00e1rios individuais<\/td><td>Efici\u00eancia de custos<\/td><td>Oferecer mais planos para usu\u00e1rios individuais<\/td><\/tr><\/tbody><\/table><\/figure>\n\n\n\n<h3 class=\"wp-block-heading\">Vantagens, desvantagens e desafios do setor<\/h3>\n\n\n\n<h4 class=\"wp-block-heading\">Vantagens<\/h4>\n\n\n\n<ul class=\"wp-block-list\">\n<li class=\"\">Melhoria da acessibilidade e do envolvimento.<\/li>\n\n\n\n<li class=\"\">SEO e capacidade de descoberta aprimorados.<\/li>\n\n\n\n<li class=\"\">Reaproveitamento vers\u00e1til de conte\u00fado.<\/li>\n<\/ul>\n\n\n\n<h4 class=\"wp-block-heading\">Desvantagens<\/h4>\n\n\n\n<ul class=\"wp-block-list\">\n<li class=\"\">Precis\u00e3o vari\u00e1vel em diferentes ferramentas.<\/li>\n\n\n\n<li class=\"\">Custos associados a servi\u00e7os de transcri\u00e7\u00e3o de alta qualidade.<\/li>\n<\/ul>\n\n\n\n<h4 class=\"wp-block-heading\">Desafios<\/h4>\n\n\n\n<ul class=\"wp-block-list\">\n<li class=\"\">Equil\u00edbrio entre custo e precis\u00e3o.<\/li>\n\n\n\n<li class=\"\">Garantia de suporte multil\u00edngue e op\u00e7\u00f5es de personaliza\u00e7\u00e3o.<\/li>\n<\/ul>\n\n\n\n<h4 class=\"wp-block-heading\">Sugest\u00f5es<\/h4>\n\n\n\n<ul class=\"wp-block-list\">\n<li class=\"\">Expandir o suporte a idiomas.<\/li>\n\n\n\n<li class=\"\">Oferecer planos de pre\u00e7os mais flex\u00edveis e acess\u00edveis.<\/li>\n\n\n\n<li class=\"\">Aprimore as interfaces de usu\u00e1rio para melhorar a usabilidade.<\/li>\n<\/ul>\n\n\n\n<h3 class=\"wp-block-heading\">PERGUNTAS FREQUENTES<\/h3>\n\n\n\n<ol class=\"wp-block-list\">\n<li class=\"\"><strong>Como obter a transcri\u00e7\u00e3o de um v\u00eddeo do YouTube?<\/strong>\n<ul class=\"wp-block-list\">\n<li class=\"\">Use uma ferramenta como <a href=\"https:\/\/aiartfree.online\/pt_br\/transcricao-do-youtube\/\">https:\/\/aiartfree.online\/youtube-transcript\/<\/a> para gerar transcri\u00e7\u00f5es facilmente.<\/li>\n<\/ul>\n<\/li>\n\n\n\n<li class=\"\"><strong>Como fazer download da transcri\u00e7\u00e3o no YouTube?<\/strong>\n<ul class=\"wp-block-list\">\n<li class=\"\">Use o recurso de transcri\u00e7\u00e3o incorporado do YouTube ou uma ferramenta de terceiros para fazer o download da transcri\u00e7\u00e3o.<\/li>\n<\/ul>\n<\/li>\n\n\n\n<li class=\"\"><strong>Como obter uma transcri\u00e7\u00e3o de um v\u00eddeo do YouTube?<\/strong>\n<ul class=\"wp-block-list\">\n<li class=\"\">Copie o link do v\u00eddeo e use uma ferramenta de transcri\u00e7\u00e3o para gerar e baixar a transcri\u00e7\u00e3o.<\/li>\n<\/ul>\n<\/li>\n\n\n\n<li class=\"\"><strong>Como obter a transcri\u00e7\u00e3o de um v\u00eddeo do YouTube?<\/strong>\n<ul class=\"wp-block-list\">\n<li class=\"\">Utilize ferramentas on-line como <a href=\"https:\/\/aiartfree.online\/pt_br\/\">aiartfree.online<\/a> para facilitar a gera\u00e7\u00e3o de transcri\u00e7\u00f5es.<\/li>\n<\/ul>\n<\/li>\n\n\n\n<li class=\"\"><strong>Como obter a transcri\u00e7\u00e3o de um v\u00eddeo do YouTube?<\/strong>\n<ul class=\"wp-block-list\">\n<li class=\"\">Cole o link do v\u00eddeo em uma ferramenta de gera\u00e7\u00e3o de transcri\u00e7\u00e3o e fa\u00e7a o download do resultado.<\/li>\n<\/ul>\n<\/li>\n\n\n\n<li class=\"\"><strong>Como fazer o download da transcri\u00e7\u00e3o do YouTube?<\/strong>\n<ul class=\"wp-block-list\">\n<li class=\"\">Use servi\u00e7os de terceiros para fazer o download da transcri\u00e7\u00e3o em v\u00e1rios formatos.<\/li>\n<\/ul>\n<\/li>\n\n\n\n<li class=\"\"><strong>Como obter a transcri\u00e7\u00e3o do YouTube?<\/strong>\n<ul class=\"wp-block-list\">\n<li class=\"\">Acesse a transcri\u00e7\u00e3o do v\u00eddeo pelo YouTube ou use ferramentas externas para obter recursos aprimorados.<\/li>\n<\/ul>\n<\/li>\n\n\n\n<li class=\"\"><strong>Como gerar transcri\u00e7\u00f5es para v\u00eddeos do YouTube?<\/strong>\n<ul class=\"wp-block-list\">\n<li class=\"\">Use servi\u00e7os de transcri\u00e7\u00e3o automatizados para obter resultados r\u00e1pidos e precisos.<\/li>\n<\/ul>\n<\/li>\n\n\n\n<li class=\"\"><strong>Como editar a transcri\u00e7\u00e3o do YouTube?<\/strong>\n<ul class=\"wp-block-list\">\n<li class=\"\">Fa\u00e7a o download da transcri\u00e7\u00e3o e use o software de edi\u00e7\u00e3o de texto para fazer altera\u00e7\u00f5es.<\/li>\n<\/ul>\n<\/li>\n\n\n\n<li class=\"\"><strong>Como usar a transcri\u00e7\u00e3o do YouTube?<\/strong>\n<ul class=\"wp-block-list\">\n<li class=\"\">Acompanhe o v\u00eddeo, pesquise termos espec\u00edficos ou adapte o conte\u00fado para outros usos.<\/li>\n<\/ul>\n<\/li>\n<\/ol>\n\n\n\n<figure class=\"wp-block-image size-large is-resized\"><img data-recalc-dims=\"1\" data-dominant-color=\"888685\" data-has-transparency=\"false\" decoding=\"async\" width=\"1024\" height=\"490\"   loading=\"lazy\" src=\"https:\/\/i0.wp.com\/aiartfree.online\/wp-content\/uploads\/2024\/07\/WX20240730-201649%402x-1024x490.webp?resize=1024%2C490&#038;ssl=1\" alt=\"\" class=\"wp-image-3349 not-transparent\" style=\"--dominant-color: #888685; width:700px;height:auto\" srcset=\"https:\/\/i0.wp.com\/aiartfree.online\/wp-content\/uploads\/2024\/07\/WX20240730-201649%402x.jpg?resize=1024%2C490&amp;ssl=1 1024w, https:\/\/i0.wp.com\/aiartfree.online\/wp-content\/uploads\/2024\/07\/WX20240730-201649%402x.jpg?resize=300%2C144&amp;ssl=1 300w, https:\/\/i0.wp.com\/aiartfree.online\/wp-content\/uploads\/2024\/07\/WX20240730-201649%402x.jpg?resize=768%2C367&amp;ssl=1 768w, https:\/\/i0.wp.com\/aiartfree.online\/wp-content\/uploads\/2024\/07\/WX20240730-201649%402x.jpg?resize=1536%2C735&amp;ssl=1 1536w, https:\/\/i0.wp.com\/aiartfree.online\/wp-content\/uploads\/2024\/07\/WX20240730-201649%402x.jpg?resize=18%2C9&amp;ssl=1 18w, https:\/\/i0.wp.com\/aiartfree.online\/wp-content\/uploads\/2024\/07\/WX20240730-201649%402x.jpg?resize=600%2C287&amp;ssl=1 600w, https:\/\/i0.wp.com\/aiartfree.online\/wp-content\/uploads\/2024\/07\/WX20240730-201649%402x.jpg?w=1944&amp;ssl=1 1944w\" sizes=\"auto, (max-width: 1024px) 100vw, 1024px\" \/><\/figure>\n\n\n\n<h3 class=\"wp-block-heading\">Conclus\u00e3o<\/h3>\n\n\n\n<p class=\"\">As transcri\u00e7\u00f5es do YouTube s\u00e3o valiosas para melhorar a acessibilidade, o SEO e o reaproveitamento de conte\u00fado. Ao usar ferramentas confi\u00e1veis como <a href=\"https:\/\/aiartfree.online\/pt_br\/transcricao-do-youtube\/\">https:\/\/aiartfree.online\/youtube-transcript\/<\/a>Com o aplicativo de transcri\u00e7\u00e3o, voc\u00ea pode facilmente gerar, editar e baixar transcri\u00e7\u00f5es. Aproveite o poder das transcri\u00e7\u00f5es para aprimorar seu conte\u00fado de v\u00eddeo e alcan\u00e7ar um p\u00fablico mais amplo.<\/p>\n\n\n\n<p class=\"\"><\/p>","protected":false},"excerpt":{"rendered":"<p>How to use YouTube Transcript * Depending on your internet speed, loading the model may take a few seconds. \u2193 The Ultimate Guide For YouTube Transcript Table of Contents Introduction In the digital age, content accessibility is paramount. One of the most useful tools for enhancing accessibility and engagement is the YouTube transcript. This guide &#8230; <a title=\"Transcri\u00e7\u00e3o do YouTube\" class=\"read-more\" href=\"https:\/\/aiartfree.online\/pt_br\/transcricao-do-youtube\/\" aria-label=\"Read more about YouTube Transcript\">Ler mais<\/a><\/p>","protected":false},"author":1,"featured_media":3349,"parent":0,"menu_order":0,"comment_status":"open","ping_status":"closed","template":"","meta":{"nf_dc_page":"","footnotes":""},"class_list":["post-3319","page","type-page","status-publish","has-post-thumbnail"],"jetpack_sharing_enabled":true,"_links":{"self":[{"href":"https:\/\/aiartfree.online\/pt_br\/wp-json\/wp\/v2\/pages\/3319","targetHints":{"allow":["GET"]}}],"collection":[{"href":"https:\/\/aiartfree.online\/pt_br\/wp-json\/wp\/v2\/pages"}],"about":[{"href":"https:\/\/aiartfree.online\/pt_br\/wp-json\/wp\/v2\/types\/page"}],"author":[{"embeddable":true,"href":"https:\/\/aiartfree.online\/pt_br\/wp-json\/wp\/v2\/users\/1"}],"replies":[{"embeddable":true,"href":"https:\/\/aiartfree.online\/pt_br\/wp-json\/wp\/v2\/comments?post=3319"}],"version-history":[{"count":1,"href":"https:\/\/aiartfree.online\/pt_br\/wp-json\/wp\/v2\/pages\/3319\/revisions"}],"predecessor-version":[{"id":3604,"href":"https:\/\/aiartfree.online\/pt_br\/wp-json\/wp\/v2\/pages\/3319\/revisions\/3604"}],"wp:featuredmedia":[{"embeddable":true,"href":"https:\/\/aiartfree.online\/pt_br\/wp-json\/wp\/v2\/media\/3349"}],"wp:attachment":[{"href":"https:\/\/aiartfree.online\/pt_br\/wp-json\/wp\/v2\/media?parent=3319"}],"curies":[{"name":"wp","href":"https:\/\/api.w.org\/{rel}","templated":true}]}}