{"id":3118,"date":"2024-07-21T07:42:17","date_gmt":"2024-07-21T07:42:17","guid":{"rendered":"https:\/\/aiartfree.online\/?page_id=3118"},"modified":"2024-08-02T10:50:16","modified_gmt":"2024-08-02T10:50:16","slug":"ai-powered-free-generative-ai-tools","status":"publish","type":"page","link":"https:\/\/aiartfree.online\/pt_br\/ai-powered-free-generative-ai-tools\/","title":{"rendered":"AI-Powered Free Generative AI Tools"},"content":{"rendered":"<p class=\"has-text-align-center\">Explore AI-powered tools for creating and fine-tuning AI-generated art with generative AI and stable diffusion.<\/p>\n\n\n<div class=\"gb-grid-wrapper gb-grid-wrapper-7a2ecaba\">\n<div class=\"gb-grid-column gb-grid-column-d877546f\"><div class=\"gb-container gb-container-d877546f\">\n\n<figure class=\"gb-block-image gb-block-image-f4366c85\"><a href=\"https:\/\/aiartfree.online\/pt_br\/background-remover\/\" target=\"_blank\" rel=\"noopener noreferrer\"><img data-recalc-dims=\"1\" decoding=\"async\" loading=\"lazy\" width=\"1200\" height=\"788\" class=\"gb-image gb-image-f4366c85\" src=\"https:\/\/i0.wp.com\/aiartfree.online\/wp-content\/uploads\/2024\/07\/WX20240719-170229%402x.jpg?resize=1200%2C788&#038;ssl=1\" alt=\"Removedor de plano de fundo on-line gratuito\" title=\"WX20240719-170229@2x\" srcset=\"https:\/\/i0.wp.com\/aiartfree.online\/wp-content\/uploads\/2024\/07\/WX20240719-170229%402x.jpg?w=1766&amp;ssl=1 1766w, https:\/\/i0.wp.com\/aiartfree.online\/wp-content\/uploads\/2024\/07\/WX20240719-170229%402x.jpg?resize=300%2C197&amp;ssl=1 300w, https:\/\/i0.wp.com\/aiartfree.online\/wp-content\/uploads\/2024\/07\/WX20240719-170229%402x.jpg?resize=1024%2C673&amp;ssl=1 1024w, https:\/\/i0.wp.com\/aiartfree.online\/wp-content\/uploads\/2024\/07\/WX20240719-170229%402x.jpg?resize=768%2C504&amp;ssl=1 768w, https:\/\/i0.wp.com\/aiartfree.online\/wp-content\/uploads\/2024\/07\/WX20240719-170229%402x.jpg?resize=1536%2C1009&amp;ssl=1 1536w, https:\/\/i0.wp.com\/aiartfree.online\/wp-content\/uploads\/2024\/07\/WX20240719-170229%402x.jpg?resize=18%2C12&amp;ssl=1 18w, https:\/\/i0.wp.com\/aiartfree.online\/wp-content\/uploads\/2024\/07\/WX20240719-170229%402x.jpg?resize=600%2C394&amp;ssl=1 600w\" sizes=\"auto, (max-width: 1200px) 100vw, 1200px\" \/><\/a><\/figure>\n\n\n\n<h3 class=\"gb-headline gb-headline-bde34292 gb-headline-text\">Removedor de plano de fundo<\/h3>\n\n\n\n<p class=\"gb-headline gb-headline-ac554fef gb-headline-text\">Remova fundos de imagens sem esfor\u00e7o com a tecnologia de IA, perfeita para criar imagens limpas e profissionais geradas por IA.<\/p>\n\n<\/div><\/div>\n\n<div class=\"gb-grid-column gb-grid-column-53823307\"><div class=\"gb-container gb-container-53823307\">\n\n<figure class=\"gb-block-image gb-block-image-8df749b0\"><a href=\"https:\/\/aiartfree.online\/pt_br\/aprimorador-de-imagem-ai\/\" target=\"_blank\" rel=\"noopener noreferrer\"><img data-recalc-dims=\"1\" decoding=\"async\" loading=\"lazy\" width=\"1200\" height=\"665\" class=\"gb-image gb-image-8df749b0\" src=\"https:\/\/i0.wp.com\/aiartfree.online\/wp-content\/uploads\/2024\/07\/WX20240717-181127%402x-1-1-1-1-1-1.jpg?resize=1200%2C665&#038;ssl=1\" alt=\"\" title=\"WX20240717-181127@2x (1) (1) (1) (1) (1) (1) (1)\" srcset=\"https:\/\/i0.wp.com\/aiartfree.online\/wp-content\/uploads\/2024\/07\/WX20240717-181127%402x-1-1-1-1-1-1.jpg?w=2276&amp;ssl=1 2276w, https:\/\/i0.wp.com\/aiartfree.online\/wp-content\/uploads\/2024\/07\/WX20240717-181127%402x-1-1-1-1-1-1.jpg?resize=300%2C166&amp;ssl=1 300w, https:\/\/i0.wp.com\/aiartfree.online\/wp-content\/uploads\/2024\/07\/WX20240717-181127%402x-1-1-1-1-1-1.jpg?resize=1024%2C568&amp;ssl=1 1024w, https:\/\/i0.wp.com\/aiartfree.online\/wp-content\/uploads\/2024\/07\/WX20240717-181127%402x-1-1-1-1-1-1.jpg?resize=768%2C426&amp;ssl=1 768w, https:\/\/i0.wp.com\/aiartfree.online\/wp-content\/uploads\/2024\/07\/WX20240717-181127%402x-1-1-1-1-1-1.jpg?resize=1536%2C852&amp;ssl=1 1536w, https:\/\/i0.wp.com\/aiartfree.online\/wp-content\/uploads\/2024\/07\/WX20240717-181127%402x-1-1-1-1-1-1.jpg?resize=2048%2C1136&amp;ssl=1 2048w, https:\/\/i0.wp.com\/aiartfree.online\/wp-content\/uploads\/2024\/07\/WX20240717-181127%402x-1-1-1-1-1-1.jpg?resize=18%2C10&amp;ssl=1 18w, https:\/\/i0.wp.com\/aiartfree.online\/wp-content\/uploads\/2024\/07\/WX20240717-181127%402x-1-1-1-1-1-1.jpg?resize=600%2C333&amp;ssl=1 600w\" sizes=\"auto, (max-width: 1200px) 100vw, 1200px\" \/><\/a><\/figure>\n\n\n\n<h3 class=\"gb-headline gb-headline-9edecf11 gb-headline-text\">Aprimorador de imagem AI<\/h3>\n\n\n\n<p class=\"gb-headline gb-headline-fc5046fc gb-headline-text\">Use algoritmos de IA para extrair prompts de texto de imagens e aprimorar seu processo de cria\u00e7\u00e3o de arte gerada por IA.<\/p>\n\n<\/div><\/div>\n\n<div class=\"gb-grid-column gb-grid-column-f8f6e1ce\"><div class=\"gb-container gb-container-f8f6e1ce\">\n\n<figure class=\"gb-block-image gb-block-image-7c8f9ac0\"><a href=\"https:\/\/aiartfree.online\/pt_br\/free-ai-logo-generator\/\" target=\"_blank\" rel=\"noopener noreferrer\"><img data-recalc-dims=\"1\" decoding=\"async\" loading=\"lazy\" width=\"1200\" height=\"658\" class=\"gb-image gb-image-7c8f9ac0\" src=\"https:\/\/i0.wp.com\/aiartfree.online\/wp-content\/uploads\/2024\/07\/1_mL5ZQFtjfXkQdHh6qz_13w.jpg?resize=1200%2C658&#038;ssl=1\" alt=\"Como usar o Free AI Logo GeneratorDerrube ou fa\u00e7a upload de sua imagemClique em &quot;Submit &quot;Espere, \u00e9 isso! * Dependendo da velocidade de sua Internet, o carregamento do modelo pode levar alguns segundos.* Haver\u00e1 armazenamento em cache durante a gera\u00e7\u00e3o cont\u00ednua, e a nova imagem aparecer\u00e1 ap\u00f3s cerca de 3 segundos.\" title=\"1_mL5ZQFtjfXkQdHh6qz_13w\" srcset=\"https:\/\/i0.wp.com\/aiartfree.online\/wp-content\/uploads\/2024\/07\/1_mL5ZQFtjfXkQdHh6qz_13w.jpg?w=1400&amp;ssl=1 1400w, https:\/\/i0.wp.com\/aiartfree.online\/wp-content\/uploads\/2024\/07\/1_mL5ZQFtjfXkQdHh6qz_13w.jpg?resize=300%2C165&amp;ssl=1 300w, https:\/\/i0.wp.com\/aiartfree.online\/wp-content\/uploads\/2024\/07\/1_mL5ZQFtjfXkQdHh6qz_13w.jpg?resize=1024%2C562&amp;ssl=1 1024w, https:\/\/i0.wp.com\/aiartfree.online\/wp-content\/uploads\/2024\/07\/1_mL5ZQFtjfXkQdHh6qz_13w.jpg?resize=768%2C421&amp;ssl=1 768w, https:\/\/i0.wp.com\/aiartfree.online\/wp-content\/uploads\/2024\/07\/1_mL5ZQFtjfXkQdHh6qz_13w.jpg?resize=18%2C10&amp;ssl=1 18w, https:\/\/i0.wp.com\/aiartfree.online\/wp-content\/uploads\/2024\/07\/1_mL5ZQFtjfXkQdHh6qz_13w.jpg?resize=600%2C329&amp;ssl=1 600w\" sizes=\"auto, (max-width: 1200px) 100vw, 1200px\" \/><\/a><\/figure>\n\n\n\n<h3 class=\"gb-headline gb-headline-ece537a3 gb-headline-text\">Gerador de logotipo de IA gratuito<\/h3>\n\n\n\n<p class=\"gb-headline gb-headline-d3e33f21 gb-headline-text\">Transforme imagens em esbo\u00e7os com ferramentas de IA para criar trabalhos art\u00edsticos de \u00faltima gera\u00e7\u00e3o gerados por IA.<\/p>\n\n<\/div><\/div>\n\n<div class=\"gb-grid-column gb-grid-column-cfe0b1c7\"><div class=\"gb-container gb-container-cfe0b1c7\">\n\n<figure class=\"gb-block-image gb-block-image-47b06bcc\"><a href=\"https:\/\/aiartfree.online\/pt_br\/video-to-gif\/\" target=\"_blank\" rel=\"noopener noreferrer\"><img data-recalc-dims=\"1\" decoding=\"async\" loading=\"lazy\" width=\"500\" height=\"226\" class=\"gb-image gb-image-47b06bcc\" src=\"https:\/\/i0.wp.com\/aiartfree.online\/wp-content\/uploads\/2024\/07\/1_AmI9wRbXrfIWGESx6eEiTw-1.gif?resize=500%2C226&#038;ssl=1\" alt=\"V\u00eddeo para GIF\" title=\"1_AmI9wRbXrfIWGESx6eEiTw (1)\"\/><\/a><\/figure>\n\n\n\n<h3 class=\"gb-headline gb-headline-13f09536 gb-headline-text\">V\u00eddeo para GIF<\/h3>\n\n\n<div class=\"gb-container gb-container-36ada783\">\n<div class=\"gb-container gb-container-67335c43\">\n<div class=\"gb-container gb-container-5f25fd6e\">\n\n<p class=\"gb-headline gb-headline-3a8e51c7 gb-headline-text\">Converta v\u00eddeos em GIFs sem esfor\u00e7o usando a ferramenta Video to GIF com tecnologia de IA para conte\u00fado envolvente de m\u00eddia social.<\/p>\n\n<\/div>\n<\/div>\n<\/div>\n<\/div><\/div>\n\n<div class=\"gb-grid-column gb-grid-column-a52d4921\"><div class=\"gb-container gb-container-a52d4921\">\n\n<figure class=\"gb-block-image gb-block-image-654cc877\"><a href=\"https:\/\/aiartfree.online\/pt_br\/ai-video-generator\/\" target=\"_blank\" rel=\"noopener noreferrer\"><img data-recalc-dims=\"1\" decoding=\"async\" loading=\"lazy\" width=\"1030\" height=\"582\" class=\"gb-image gb-image-654cc877\" src=\"https:\/\/i0.wp.com\/aiartfree.online\/wp-content\/uploads\/2024\/07\/WX20240720-101347%402x.jpg?resize=1030%2C582&#038;ssl=1\" alt=\"\" title=\"WX20240720-101347@2x\" srcset=\"https:\/\/i0.wp.com\/aiartfree.online\/wp-content\/uploads\/2024\/07\/WX20240720-101347%402x.jpg?w=1030&amp;ssl=1 1030w, https:\/\/i0.wp.com\/aiartfree.online\/wp-content\/uploads\/2024\/07\/WX20240720-101347%402x.jpg?resize=300%2C170&amp;ssl=1 300w, https:\/\/i0.wp.com\/aiartfree.online\/wp-content\/uploads\/2024\/07\/WX20240720-101347%402x.jpg?resize=1024%2C579&amp;ssl=1 1024w, https:\/\/i0.wp.com\/aiartfree.online\/wp-content\/uploads\/2024\/07\/WX20240720-101347%402x.jpg?resize=768%2C434&amp;ssl=1 768w, https:\/\/i0.wp.com\/aiartfree.online\/wp-content\/uploads\/2024\/07\/WX20240720-101347%402x.jpg?resize=18%2C10&amp;ssl=1 18w, https:\/\/i0.wp.com\/aiartfree.online\/wp-content\/uploads\/2024\/07\/WX20240720-101347%402x.jpg?resize=600%2C339&amp;ssl=1 600w\" sizes=\"auto, (max-width: 1030px) 100vw, 1030px\" \/><\/a><\/figure>\n\n\n\n<h3 class=\"gb-headline gb-headline-e8a802cb gb-headline-text\">Gerador de v\u00eddeo de IA<\/h3>\n\n\n\n<p class=\"gb-headline gb-headline-998aa584 gb-headline-text\">AI Video Generator enables you to create high-quality videos from text prompts using cutting-edge artificial intelligence.<\/p>\n\n<\/div><\/div>\n\n<div class=\"gb-grid-column gb-grid-column-4a667bfa\"><div class=\"gb-container gb-container-4a667bfa\">\n\n<figure class=\"gb-block-image gb-block-image-3cc39a91\"><a href=\"https:\/\/aiartfree.online\/pt_br\/prompt-generator\/\" target=\"_blank\" rel=\"noopener noreferrer\"><img data-recalc-dims=\"1\" decoding=\"async\" loading=\"lazy\" width=\"1200\" height=\"600\" class=\"gb-image gb-image-3cc39a91\" src=\"https:\/\/i0.wp.com\/aiartfree.online\/wp-content\/uploads\/2024\/07\/WX20240724-132929%402x-scaled.webp?resize=1200%2C600&#038;ssl=1\" alt=\"\" title=\"WX20240724-132929@2x\" srcset=\"https:\/\/i0.wp.com\/aiartfree.online\/wp-content\/uploads\/2024\/07\/WX20240724-132929%402x-scaled.webp?w=2560&amp;ssl=1 2560w, https:\/\/i0.wp.com\/aiartfree.online\/wp-content\/uploads\/2024\/07\/WX20240724-132929%402x-scaled.webp?resize=300%2C150&amp;ssl=1 300w, https:\/\/i0.wp.com\/aiartfree.online\/wp-content\/uploads\/2024\/07\/WX20240724-132929%402x-scaled.webp?resize=1024%2C512&amp;ssl=1 1024w, https:\/\/i0.wp.com\/aiartfree.online\/wp-content\/uploads\/2024\/07\/WX20240724-132929%402x-scaled.webp?resize=768%2C384&amp;ssl=1 768w, https:\/\/i0.wp.com\/aiartfree.online\/wp-content\/uploads\/2024\/07\/WX20240724-132929%402x-scaled.webp?resize=1536%2C768&amp;ssl=1 1536w, https:\/\/i0.wp.com\/aiartfree.online\/wp-content\/uploads\/2024\/07\/WX20240724-132929%402x-scaled.webp?resize=2048%2C1023&amp;ssl=1 2048w, https:\/\/i0.wp.com\/aiartfree.online\/wp-content\/uploads\/2024\/07\/WX20240724-132929%402x-scaled.webp?resize=18%2C9&amp;ssl=1 18w, https:\/\/i0.wp.com\/aiartfree.online\/wp-content\/uploads\/2024\/07\/WX20240724-132929%402x-scaled.webp?resize=600%2C300&amp;ssl=1 600w, https:\/\/i0.wp.com\/aiartfree.online\/wp-content\/uploads\/2024\/07\/WX20240724-132929%402x-scaled.webp?w=2400&amp;ssl=1 2400w\" sizes=\"auto, (max-width: 1200px) 100vw, 1200px\" \/><\/a><\/figure>\n\n\n\n<h3 class=\"gb-headline gb-headline-47d8eb78 gb-headline-text\">Gerador de prompts<\/h3>\n\n\n\n<p class=\"gb-headline gb-headline-82ce0801 gb-headline-text\">aproveita a IA para ajudar os usu\u00e1rios a superar bloqueios criativos e gerar ideias inovadoras.<\/p>\n\n<\/div><\/div>\n\n<div class=\"gb-grid-column gb-grid-column-e19b55b0\"><div class=\"gb-container gb-container-e19b55b0\">\n\n<figure class=\"gb-block-image gb-block-image-76aaaa5e\"><a href=\"https:\/\/aiartfree.online\/pt_br\/prompt-gallery\/\" target=\"_blank\" rel=\"noopener noreferrer\"><img data-recalc-dims=\"1\" decoding=\"async\" loading=\"lazy\" width=\"1162\" height=\"860\" class=\"gb-image gb-image-76aaaa5e\" src=\"https:\/\/i0.wp.com\/aiartfree.online\/wp-content\/uploads\/2024\/07\/WX20240725-170230%402x.jpg?resize=1162%2C860&#038;ssl=1\" alt=\"Galeria de prompts, Cole\u00e7\u00e3o de prompts\" title=\"WX20240725-170230@2x\" srcset=\"https:\/\/i0.wp.com\/aiartfree.online\/wp-content\/uploads\/2024\/07\/WX20240725-170230%402x.jpg?w=1162&amp;ssl=1 1162w, https:\/\/i0.wp.com\/aiartfree.online\/wp-content\/uploads\/2024\/07\/WX20240725-170230%402x.jpg?resize=300%2C222&amp;ssl=1 300w, https:\/\/i0.wp.com\/aiartfree.online\/wp-content\/uploads\/2024\/07\/WX20240725-170230%402x.jpg?resize=1024%2C758&amp;ssl=1 1024w, https:\/\/i0.wp.com\/aiartfree.online\/wp-content\/uploads\/2024\/07\/WX20240725-170230%402x.jpg?resize=768%2C568&amp;ssl=1 768w, https:\/\/i0.wp.com\/aiartfree.online\/wp-content\/uploads\/2024\/07\/WX20240725-170230%402x.jpg?resize=16%2C12&amp;ssl=1 16w, https:\/\/i0.wp.com\/aiartfree.online\/wp-content\/uploads\/2024\/07\/WX20240725-170230%402x.jpg?resize=600%2C444&amp;ssl=1 600w\" sizes=\"auto, (max-width: 1162px) 100vw, 1162px\" \/><\/a><\/figure>\n\n\n\n<h3 class=\"gb-headline gb-headline-ece68f62 gb-headline-text\">Prompt Gallery<\/h3>\n\n\n\n<p class=\"gb-headline gb-headline-9d2cab43 gb-headline-text\">Um tesouro de inspira\u00e7\u00e3o e criatividade.<\/p>\n\n<\/div><\/div>\n<\/div>\n\n\n<div style=\"height:100px\" aria-hidden=\"true\" class=\"wp-block-spacer\"><\/div>\n\n\n\n<h2 class=\"wp-block-heading\">Introduction to AI-Powered Free Generative AI Tools<\/h2>\n\n\n\n<p class=\"\">Generative AI tools are revolutionizing the creative industry, offering users the ability to generate high-quality images, artworks, and more with just a few clicks. These tools leverage advanced AI algorithms to produce unique and visually stunning creations, making them accessible to both amateurs and professionals. In this article, we will explore what AI-powered free generative AI tools are, their importance, benefits, suitable scenarios for use, who can use them, and a comparison of the top 10 related tools.<\/p>\n\n\n\n<figure class=\"wp-block-image size-large is-resized\"><img data-recalc-dims=\"1\" data-dominant-color=\"151412\" data-has-transparency=\"false\" decoding=\"async\" width=\"1024\" height=\"701\"   loading=\"lazy\" src=\"https:\/\/i0.wp.com\/aiartfree.online\/wp-content\/uploads\/2024\/08\/out-0-6.webp?resize=1024%2C701&#038;ssl=1\" alt=\"Explore AI-powered tools for creating and fine-tuning AI-generated art with generative AI and stable diffusion.\" class=\"wp-image-3499 not-transparent\" style=\"--dominant-color: #151412; width:639px;height:auto\" srcset=\"https:\/\/i0.wp.com\/aiartfree.online\/wp-content\/uploads\/2024\/08\/out-0-6.webp?resize=1024%2C701&amp;ssl=1 1024w, https:\/\/i0.wp.com\/aiartfree.online\/wp-content\/uploads\/2024\/08\/out-0-6.webp?resize=300%2C205&amp;ssl=1 300w, https:\/\/i0.wp.com\/aiartfree.online\/wp-content\/uploads\/2024\/08\/out-0-6.webp?resize=768%2C525&amp;ssl=1 768w, https:\/\/i0.wp.com\/aiartfree.online\/wp-content\/uploads\/2024\/08\/out-0-6.webp?resize=18%2C12&amp;ssl=1 18w, https:\/\/i0.wp.com\/aiartfree.online\/wp-content\/uploads\/2024\/08\/out-0-6.webp?resize=600%2C411&amp;ssl=1 600w, https:\/\/i0.wp.com\/aiartfree.online\/wp-content\/uploads\/2024\/08\/out-0-6.webp?w=1216&amp;ssl=1 1216w\" sizes=\"auto, (max-width: 1024px) 100vw, 1024px\" \/><\/figure>\n\n\n\n<h3 class=\"wp-block-heading\">\u00cdndice<\/h3>\n\n\n\n<ol class=\"wp-block-list\">\n<li class=\"\"><a href=\"#what-are-ai-powered-free-generative-ai-tools\">What are AI-Powered Free Generative AI Tools?<\/a><\/li>\n\n\n\n<li class=\"\"><a href=\"#importance-of-ai-powered-free-generative-ai-tools\">Importance of AI-Powered Free Generative AI Tools<\/a><\/li>\n\n\n\n<li class=\"\"><a href=\"#benefits-of-using-ai-powered-free-generative-ai-tools\">Benefits of Using AI-Powered Free Generative AI Tools<\/a><\/li>\n\n\n\n<li class=\"\"><a href=\"#suitable-scenarios-for-using-ai-powered-free-generative-ai-tools\">Suitable Scenarios for Using AI-Powered Free Generative AI Tools<\/a><\/li>\n\n\n\n<li class=\"\"><a href=\"#who-can-use-ai-powered-free-generative-ai-tools\">Who Can Use AI-Powered Free Generative AI Tools?<\/a><\/li>\n\n\n\n<li class=\"\"><a href=\"#top-10-related-tools-and-pros--cons\">Top 10 Related Tools and Pros &amp; Cons<\/a><\/li>\n\n\n\n<li class=\"\"><a href=\"#10-faqs\">10 Perguntas frequentes<\/a><\/li>\n<\/ol>\n\n\n\n<h3 class=\"wp-block-heading\">What are AI-Powered Free Generative AI Tools?<\/h3>\n\n\n\n<p class=\"\">AI-powered free generative AI tools are software applications that utilize artificial intelligence algorithms to create new content, such as images, music, and text, from scratch or by modifying existing content. These tools use techniques like machine learning and deep learning to analyze data and generate creative outputs that mimic human-like creations. Examples include tools like Midjourney, Stable Diffusion, and DALL\u00b7E, which are known for their ability to generate AI art.<\/p>\n\n\n\n<h3 class=\"wp-block-heading\">Importance of AI-Powered Free Generative AI Tools<\/h3>\n\n\n\n<p class=\"\">The importance of AI-powered free generative AI tools lies in their ability to democratize creativity. They enable users from diverse backgrounds to create high-quality, unique content without requiring advanced technical skills or expensive software. This has significant implications for industries like digital marketing, graphic design, entertainment, and education. These tools also foster innovation by allowing users to experiment with new ideas and concepts, pushing the boundaries of traditional creativity.<\/p>\n\n\n\n<h3 class=\"wp-block-heading\">Benefits of Using AI-Powered Free Generative AI Tools<\/h3>\n\n\n\n<ol class=\"wp-block-list\">\n<li class=\"\"><strong>Acessibilidade<\/strong>: These tools are available for free, making them accessible to anyone with an internet connection.<\/li>\n\n\n\n<li class=\"\"><strong>Efficiency<\/strong>: They significantly reduce the time and effort required to create high-quality content.<\/li>\n\n\n\n<li class=\"\"><strong>Creativity<\/strong>: Users can explore endless creative possibilities, generating unique and original works.<\/li>\n\n\n\n<li class=\"\"><strong>Custo-benef\u00edcio<\/strong>: Eliminates the need for expensive design software and professional designers.<\/li>\n\n\n\n<li class=\"\"><strong>Scalability<\/strong>: Can handle large volumes of content creation, making them ideal for businesses and marketers.<\/li>\n<\/ol>\n\n\n\n<h3 class=\"wp-block-heading\">Suitable Scenarios for Using AI-Powered Free Generative AI Tools<\/h3>\n\n\n\n<ol class=\"wp-block-list\">\n<li class=\"\"><strong>Digital Marketing<\/strong>: Creating engaging visuals for social media, ads, and content marketing.<\/li>\n\n\n\n<li class=\"\"><strong>Design gr\u00e1fico<\/strong>: Generating unique designs and artwork for various projects.<\/li>\n\n\n\n<li class=\"\"><strong>Entretenimento<\/strong>: Producing visuals for video games, movies, and animations.<\/li>\n\n\n\n<li class=\"\"><strong>Educa\u00e7\u00e3o<\/strong>: Assisting in creating educational materials and visual aids.<\/li>\n\n\n\n<li class=\"\"><strong>Projetos pessoais<\/strong>: Enhancing personal creativity and hobbies with unique art.<\/li>\n<\/ol>\n\n\n\n<h3 class=\"wp-block-heading\">Who Can Use AI-Powered Free Generative AI Tools?<\/h3>\n\n\n\n<ol class=\"wp-block-list\">\n<li class=\"\"><strong>Artistas<\/strong>: To explore new creative techniques and generate inspiration.<\/li>\n\n\n\n<li class=\"\"><strong>Designers<\/strong>: For quick and innovative design solutions.<\/li>\n\n\n\n<li class=\"\"><strong>Profissionais de marketing<\/strong>: To create compelling visual content for campaigns.<\/li>\n\n\n\n<li class=\"\"><strong>Educadores<\/strong>: To develop engaging and informative educational content.<\/li>\n\n\n\n<li class=\"\"><strong>Hobbyistas<\/strong>: To experiment with AI art and creative projects.<\/li>\n<\/ol>\n\n\n\n<h3 class=\"wp-block-heading\">Top 10 Related Tools and Pros &amp; Cons<\/h3>\n\n\n\n<figure class=\"wp-block-table\"><table class=\"has-fixed-layout\"><thead><tr><th>Nome da ferramenta<\/th><th>Pr\u00f3s<\/th><th>Contras<\/th><\/tr><\/thead><tbody><tr><td><strong><a href=\"https:\/\/aiartfree.online\/pt_br\/viagem-de-meio-de-semana-on-line-gratuita\/\" target=\"_blank\" data-type=\"page\" data-id=\"2887\" rel=\"noreferrer noopener\">Jornada intermedi\u00e1ria on-line gratuita<\/a><\/strong><\/td><td>Easy to use, high-quality outputs<\/td><td>Op\u00e7\u00f5es de personaliza\u00e7\u00e3o limitadas<\/td><\/tr><tr><td><strong><a href=\"https:\/\/aiartfree.online\/pt_br\/free-online-stable-diffusion-3\/\" target=\"_blank\" data-type=\"page\" data-id=\"2888\" rel=\"noreferrer noopener\">Difus\u00e3o est\u00e1vel on-line gratuita 3<\/a><\/strong><\/td><td>Generates realistic images, versatile<\/td><td>Requires a powerful GPU for best results<\/td><\/tr><tr><td><strong><a href=\"https:\/\/aiartfree.online\/pt_br\/free-dalle-3\/\" target=\"_blank\" data-type=\"page\" data-id=\"2889\" rel=\"noreferrer noopener\">DALL-E 3 - Online Gr\u00e1tis<\/a><\/strong><\/td><td>Excellent for artistic creations, user-friendly<\/td><td>Limited access to advanced features<\/td><\/tr><tr><td><strong>DeepArt.io<\/strong><\/td><td>Transforms photos into artwork, unique styles<\/td><td>Slow processing times<\/td><\/tr><tr><td><strong>Artbreeder<\/strong><\/td><td>Allows collaboration, diverse outputs<\/td><td>Requires registration for advanced features<\/td><\/tr><tr><td><strong>Runway ML<\/strong><\/td><td>Integrated with video tools, powerful AI models<\/td><td>Subscription required for full access<\/td><\/tr><tr><td><strong>NightCafe Creator<\/strong><\/td><td>High-resolution images, multiple AI models<\/td><td>Limited free credits<\/td><\/tr><tr><td><strong>Gerador de sonhos profundos<\/strong><\/td><td>Creative and surreal outputs, user community<\/td><td>Watermarked images in free version<\/td><\/tr><tr><td><strong>PaintsChainer<\/strong><\/td><td>AI coloring for line art, quick processing<\/td><td>Limited color options<\/td><\/tr><tr><td><strong><a href=\"http:\/\/www.aipaiter.com\" target=\"_blank\" data-type=\"link\" data-id=\"www.aipaiter.com\" rel=\"noreferrer noopener\">Pintor de IA<\/a><\/strong><\/td><td>Converts photos to paintings, easy interface<\/td><td>Quality varies depending on input image<\/td><\/tr><\/tbody><\/table><\/figure>\n\n\n\n<h3 class=\"wp-block-heading\">10 Perguntas frequentes<\/h3>\n\n\n\n<ol class=\"wp-block-list\">\n<li class=\"\"><strong>What is generative AI?<\/strong> Generative AI refers to algorithms that create new content, such as images or text, by learning from existing data.<\/li>\n\n\n\n<li class=\"\"><strong>How do AI-powered generative tools work?<\/strong> They use machine learning and deep learning models to analyze data and generate new, unique content based on learned patterns.<\/li>\n\n\n\n<li class=\"\"><strong>Are these tools free to use?<\/strong> Yes, many AI-powered generative tools offer free versions, though some may have premium features.<\/li>\n\n\n\n<li class=\"\"><strong>Can I use these tools for commercial purposes?<\/strong> It depends on the tool&#8217;s licensing agreement; some may allow commercial use while others may not.<\/li>\n\n\n\n<li class=\"\"><strong>What are the best tools for generating AI art?<\/strong> Tools like Midjourney, Stable Diffusion, and DALL\u00b7E are highly regarded for their AI art capabilities.<\/li>\n\n\n\n<li class=\"\"><strong>Do I need technical skills to use these tools?<\/strong> No, most of these tools are designed to be user-friendly and do not require advanced technical skills.<\/li>\n\n\n\n<li class=\"\"><strong>Can these tools generate content other than images?<\/strong> Yes, some generative AI tools can create music, text, and even videos.<\/li>\n\n\n\n<li class=\"\"><strong>What are the limitations of AI-generated content?<\/strong> AI-generated content can sometimes lack the nuance and creativity of human-created content.<\/li>\n\n\n\n<li class=\"\"><strong>How can I improve the quality of AI-generated images?<\/strong> Providing clear and detailed text prompts can help improve the quality of the generated images.<\/li>\n\n\n\n<li class=\"\"><strong>What is the best tool for AI-generated images?<\/strong> The best tool for AI-generated images is <a href=\"https:\/\/aiartfree.online\/pt_br\/ai-powered-free-generative-ai-tools\/\">https:\/\/aiartfree.online\/ai-powered-free-generative-ai-tools\/<\/a>.<\/li>\n<\/ol>\n\n\n\n<p class=\"\">These tools offer an exciting way to enhance creativity and productivity across various fields, making high-quality content creation accessible to everyone.<\/p>\n\n\n\n<p class=\"\"><\/p>","protected":false},"excerpt":{"rendered":"<p>Explore AI-powered tools for creating and fine-tuning AI-generated art with generative AI and stable diffusion. Introduction to AI-Powered Free Generative AI Tools Generative AI tools are revolutionizing the creative industry, offering users the ability to generate high-quality images, artworks, and more with just a few clicks. These tools leverage advanced AI algorithms to produce unique &#8230; <a title=\"AI-Powered Free Generative AI Tools\" class=\"read-more\" href=\"https:\/\/aiartfree.online\/pt_br\/ai-powered-free-generative-ai-tools\/\" aria-label=\"Read more about AI-Powered Free Generative AI Tools\">Ler mais<\/a><\/p>","protected":false},"author":1,"featured_media":3499,"parent":0,"menu_order":0,"comment_status":"open","ping_status":"closed","template":"","meta":{"nf_dc_page":"","footnotes":""},"class_list":["post-3118","page","type-page","status-publish","has-post-thumbnail"],"jetpack_sharing_enabled":true,"_links":{"self":[{"href":"https:\/\/aiartfree.online\/pt_br\/wp-json\/wp\/v2\/pages\/3118","targetHints":{"allow":["GET"]}}],"collection":[{"href":"https:\/\/aiartfree.online\/pt_br\/wp-json\/wp\/v2\/pages"}],"about":[{"href":"https:\/\/aiartfree.online\/pt_br\/wp-json\/wp\/v2\/types\/page"}],"author":[{"embeddable":true,"href":"https:\/\/aiartfree.online\/pt_br\/wp-json\/wp\/v2\/users\/1"}],"replies":[{"embeddable":true,"href":"https:\/\/aiartfree.online\/pt_br\/wp-json\/wp\/v2\/comments?post=3118"}],"version-history":[{"count":0,"href":"https:\/\/aiartfree.online\/pt_br\/wp-json\/wp\/v2\/pages\/3118\/revisions"}],"wp:featuredmedia":[{"embeddable":true,"href":"https:\/\/aiartfree.online\/pt_br\/wp-json\/wp\/v2\/media\/3499"}],"wp:attachment":[{"href":"https:\/\/aiartfree.online\/pt_br\/wp-json\/wp\/v2\/media?parent=3118"}],"curies":[{"name":"wp","href":"https:\/\/api.w.org\/{rel}","templated":true}]}}