{"id":3117,"date":"2024-07-21T07:42:10","date_gmt":"2024-07-21T07:42:10","guid":{"rendered":"https:\/\/aiartfree.online\/?page_id=3117"},"modified":"2024-07-21T07:47:21","modified_gmt":"2024-07-21T07:47:21","slug":"free-ai-art-generator","status":"publish","type":"page","link":"https:\/\/aiartfree.online\/pt_br\/free-ai-art-generator\/","title":{"rendered":"Gerador gratuito de arte em IA"},"content":{"rendered":"<p class=\"has-text-align-center\">Generate stunning AI-generated artwork with state-of-the-art, free AI art tools.<\/p>\n\n\n<div class=\"gb-grid-wrapper gb-grid-wrapper-cd9cd360\">\n<div class=\"gb-grid-column gb-grid-column-11112ac1\"><div class=\"gb-container gb-container-11112ac1\">\n\n<figure class=\"gb-block-image gb-block-image-3cedc626\"><a href=\"https:\/\/aiartfree.online\/pt_br\/ai-character-generator\/\" target=\"_blank\" rel=\"noopener noreferrer\"><img data-recalc-dims=\"1\" decoding=\"async\" loading=\"lazy\" width=\"1200\" height=\"1190\" class=\"gb-image gb-image-3cedc626\" src=\"https:\/\/i0.wp.com\/aiartfree.online\/wp-content\/uploads\/2024\/07\/WX20240719-144752%402x.jpg?resize=1200%2C1190&#038;ssl=1\" alt=\"Gerador de caracteres de IA\" title=\"WX20240719-144752@2x\" srcset=\"https:\/\/i0.wp.com\/aiartfree.online\/wp-content\/uploads\/2024\/07\/WX20240719-144752%402x.jpg?w=1632&amp;ssl=1 1632w, https:\/\/i0.wp.com\/aiartfree.online\/wp-content\/uploads\/2024\/07\/WX20240719-144752%402x.jpg?resize=300%2C297&amp;ssl=1 300w, https:\/\/i0.wp.com\/aiartfree.online\/wp-content\/uploads\/2024\/07\/WX20240719-144752%402x.jpg?resize=1024%2C1015&amp;ssl=1 1024w, https:\/\/i0.wp.com\/aiartfree.online\/wp-content\/uploads\/2024\/07\/WX20240719-144752%402x.jpg?resize=150%2C150&amp;ssl=1 150w, https:\/\/i0.wp.com\/aiartfree.online\/wp-content\/uploads\/2024\/07\/WX20240719-144752%402x.jpg?resize=768%2C761&amp;ssl=1 768w, https:\/\/i0.wp.com\/aiartfree.online\/wp-content\/uploads\/2024\/07\/WX20240719-144752%402x.jpg?resize=1536%2C1523&amp;ssl=1 1536w, https:\/\/i0.wp.com\/aiartfree.online\/wp-content\/uploads\/2024\/07\/WX20240719-144752%402x.jpg?resize=12%2C12&amp;ssl=1 12w, https:\/\/i0.wp.com\/aiartfree.online\/wp-content\/uploads\/2024\/07\/WX20240719-144752%402x.jpg?resize=600%2C595&amp;ssl=1 600w, https:\/\/i0.wp.com\/aiartfree.online\/wp-content\/uploads\/2024\/07\/WX20240719-144752%402x.jpg?resize=100%2C100&amp;ssl=1 100w\" sizes=\"auto, (max-width: 1200px) 100vw, 1200px\" \/><\/a><\/figure>\n\n\n\n<h3 class=\"gb-headline gb-headline-efcb9b85 gb-headline-text\">Gerador de caracteres de IA<\/h3>\n\n\n\n<p class=\"gb-headline gb-headline-f3afe0a5 gb-headline-text\">O AI Character Generator permite que voc\u00ea crie personagens exclusivos com algoritmos de IA e tecnologia de IA generativa.<\/p>\n\n<\/div><\/div>\n\n<div class=\"gb-grid-column gb-grid-column-d5a6cb82\"><div class=\"gb-container gb-container-d5a6cb82\">\n\n<figure class=\"gb-block-image gb-block-image-b9b8fce6\"><a href=\"https:\/\/aiartfree.online\/pt_br\/free-pixar-ai-generator\/\" target=\"_blank\" rel=\"noopener noreferrer\"><img data-recalc-dims=\"1\" decoding=\"async\" loading=\"lazy\" width=\"938\" height=\"626\" class=\"gb-image gb-image-b9b8fce6\" src=\"https:\/\/i0.wp.com\/aiartfree.online\/wp-content\/uploads\/2024\/07\/WX20240717-174206%402x.jpg?resize=938%2C626&#038;ssl=1\" alt=\"gerador pixar ai\" title=\"WX20240717-174206@2x\" srcset=\"https:\/\/i0.wp.com\/aiartfree.online\/wp-content\/uploads\/2024\/07\/WX20240717-174206%402x.jpg?w=938&amp;ssl=1 938w, https:\/\/i0.wp.com\/aiartfree.online\/wp-content\/uploads\/2024\/07\/WX20240717-174206%402x.jpg?resize=300%2C200&amp;ssl=1 300w, https:\/\/i0.wp.com\/aiartfree.online\/wp-content\/uploads\/2024\/07\/WX20240717-174206%402x.jpg?resize=768%2C513&amp;ssl=1 768w, https:\/\/i0.wp.com\/aiartfree.online\/wp-content\/uploads\/2024\/07\/WX20240717-174206%402x.jpg?resize=18%2C12&amp;ssl=1 18w, https:\/\/i0.wp.com\/aiartfree.online\/wp-content\/uploads\/2024\/07\/WX20240717-174206%402x.jpg?resize=600%2C400&amp;ssl=1 600w\" sizes=\"auto, (max-width: 938px) 100vw, 938px\" \/><\/a><\/figure>\n\n\n\n<h3 class=\"gb-headline gb-headline-0c51996c gb-headline-text\">Gerador de IA da Pixar<\/h3>\n\n\n\n<p class=\"gb-headline gb-headline-83bb38c0 gb-headline-text\">Transforme suas ideias em arte gerada por IA no estilo Pixar com a IA geradora de ponta on-line e gratuita.<\/p>\n\n<\/div><\/div>\n\n<div class=\"gb-grid-column gb-grid-column-bdb1b3f6\"><div class=\"gb-container gb-container-bdb1b3f6\">\n\n<figure class=\"gb-block-image gb-block-image-129ad6ad\"><a href=\"https:\/\/aiartfree.online\/pt_br\/anime-ai-generator\/\" target=\"_blank\" rel=\"noopener noreferrer\"><img data-recalc-dims=\"1\" decoding=\"async\" loading=\"lazy\" width=\"1200\" height=\"718\" class=\"gb-image gb-image-129ad6ad\" src=\"https:\/\/i0.wp.com\/aiartfree.online\/wp-content\/uploads\/2024\/07\/WX20240719-123748%402x.jpg?resize=1200%2C718&#038;ssl=1\" alt=\"anime-ai-generator\/\" title=\"WX20240719-123748@2x\" srcset=\"https:\/\/i0.wp.com\/aiartfree.online\/wp-content\/uploads\/2024\/07\/WX20240719-123748%402x.jpg?w=1314&amp;ssl=1 1314w, https:\/\/i0.wp.com\/aiartfree.online\/wp-content\/uploads\/2024\/07\/WX20240719-123748%402x.jpg?resize=300%2C179&amp;ssl=1 300w, https:\/\/i0.wp.com\/aiartfree.online\/wp-content\/uploads\/2024\/07\/WX20240719-123748%402x.jpg?resize=1024%2C613&amp;ssl=1 1024w, https:\/\/i0.wp.com\/aiartfree.online\/wp-content\/uploads\/2024\/07\/WX20240719-123748%402x.jpg?resize=768%2C459&amp;ssl=1 768w, https:\/\/i0.wp.com\/aiartfree.online\/wp-content\/uploads\/2024\/07\/WX20240719-123748%402x.jpg?resize=18%2C12&amp;ssl=1 18w, https:\/\/i0.wp.com\/aiartfree.online\/wp-content\/uploads\/2024\/07\/WX20240719-123748%402x.jpg?resize=600%2C359&amp;ssl=1 600w\" sizes=\"auto, (max-width: 1200px) 100vw, 1200px\" \/><\/a><\/figure>\n\n\n\n<h3 class=\"gb-headline gb-headline-3dd3b4a8 gb-headline-text\">Gerador de IA de anime<\/h3>\n\n\n\n<p class=\"gb-headline gb-headline-9bb27b5a gb-headline-text\">Gere arte de anime vibrante usando o Anime AI Generator, que \u00e9 alimentado por algoritmos avan\u00e7ados de IA.<\/p>\n\n<\/div><\/div>\n\n<div class=\"gb-grid-column gb-grid-column-cd81c4c8\"><div class=\"gb-container gb-container-cd81c4c8\">\n\n<figure class=\"gb-block-image gb-block-image-420788f4\"><a href=\"https:\/\/aiartfree.online\/pt_br\/ai-cartoon-generator\/\" target=\"_blank\" rel=\"noopener noreferrer\"><img data-recalc-dims=\"1\" decoding=\"async\" loading=\"lazy\" width=\"1200\" height=\"596\" class=\"gb-image gb-image-420788f4\" src=\"https:\/\/i0.wp.com\/aiartfree.online\/wp-content\/uploads\/2024\/07\/WX20240717-175407%402x-1-1-1-scaled.jpg?resize=1200%2C596&#038;ssl=1\" alt=\"Gerador de desenhos animados de IA\" title=\"WX20240717-175407@2x (1) (1) (1) (1)\" srcset=\"https:\/\/i0.wp.com\/aiartfree.online\/wp-content\/uploads\/2024\/07\/WX20240717-175407%402x-1-1-1-scaled.jpg?w=2560&amp;ssl=1 2560w, https:\/\/i0.wp.com\/aiartfree.online\/wp-content\/uploads\/2024\/07\/WX20240717-175407%402x-1-1-1-scaled.jpg?resize=300%2C149&amp;ssl=1 300w, https:\/\/i0.wp.com\/aiartfree.online\/wp-content\/uploads\/2024\/07\/WX20240717-175407%402x-1-1-1-scaled.jpg?resize=1024%2C508&amp;ssl=1 1024w, https:\/\/i0.wp.com\/aiartfree.online\/wp-content\/uploads\/2024\/07\/WX20240717-175407%402x-1-1-1-scaled.jpg?resize=768%2C381&amp;ssl=1 768w, https:\/\/i0.wp.com\/aiartfree.online\/wp-content\/uploads\/2024\/07\/WX20240717-175407%402x-1-1-1-scaled.jpg?resize=1536%2C763&amp;ssl=1 1536w, https:\/\/i0.wp.com\/aiartfree.online\/wp-content\/uploads\/2024\/07\/WX20240717-175407%402x-1-1-1-scaled.jpg?resize=2048%2C1017&amp;ssl=1 2048w, https:\/\/i0.wp.com\/aiartfree.online\/wp-content\/uploads\/2024\/07\/WX20240717-175407%402x-1-1-1-scaled.jpg?resize=18%2C9&amp;ssl=1 18w, https:\/\/i0.wp.com\/aiartfree.online\/wp-content\/uploads\/2024\/07\/WX20240717-175407%402x-1-1-1-scaled.jpg?resize=600%2C298&amp;ssl=1 600w, https:\/\/i0.wp.com\/aiartfree.online\/wp-content\/uploads\/2024\/07\/WX20240717-175407%402x-1-1-1-scaled.jpg?w=2400&amp;ssl=1 2400w\" sizes=\"auto, (max-width: 1200px) 100vw, 1200px\" \/><\/a><\/figure>\n\n\n\n<h3 class=\"gb-headline gb-headline-3b87d18c gb-headline-text\">Gerador de desenhos animados de IA<\/h3>\n\n\n\n<p class=\"gb-headline gb-headline-51b4b755 gb-headline-text\">Converta fotos em imagens no estilo anime usando algoritmos avan\u00e7ados com tecnologia de IA e divirta-se criando arte exclusiva gerada por IA.<\/p>\n\n<\/div><\/div>\n\n<div class=\"gb-grid-column gb-grid-column-b86d2319\"><div class=\"gb-container gb-container-b86d2319\">\n\n<figure class=\"gb-block-image gb-block-image-5898855b\"><a href=\"https:\/\/aiartfree.online\/pt_br\/ai-3d-model-generator\/\" target=\"_blank\" rel=\"noopener noreferrer\"><img data-recalc-dims=\"1\" decoding=\"async\" loading=\"lazy\" width=\"1200\" height=\"787\" class=\"gb-image gb-image-5898855b\" src=\"https:\/\/i0.wp.com\/aiartfree.online\/wp-content\/uploads\/2024\/07\/WX20240719-153337%402x-1-1.jpg?resize=1200%2C787&#038;ssl=1\" alt=\"Gerador de modelos 2D para 3D\" title=\"WX20240719-153337@2x (1) (1)\" srcset=\"https:\/\/i0.wp.com\/aiartfree.online\/wp-content\/uploads\/2024\/07\/WX20240719-153337%402x-1-1.jpg?w=1768&amp;ssl=1 1768w, https:\/\/i0.wp.com\/aiartfree.online\/wp-content\/uploads\/2024\/07\/WX20240719-153337%402x-1-1.jpg?resize=300%2C197&amp;ssl=1 300w, https:\/\/i0.wp.com\/aiartfree.online\/wp-content\/uploads\/2024\/07\/WX20240719-153337%402x-1-1.jpg?resize=1024%2C672&amp;ssl=1 1024w, https:\/\/i0.wp.com\/aiartfree.online\/wp-content\/uploads\/2024\/07\/WX20240719-153337%402x-1-1.jpg?resize=768%2C504&amp;ssl=1 768w, https:\/\/i0.wp.com\/aiartfree.online\/wp-content\/uploads\/2024\/07\/WX20240719-153337%402x-1-1.jpg?resize=1536%2C1008&amp;ssl=1 1536w, https:\/\/i0.wp.com\/aiartfree.online\/wp-content\/uploads\/2024\/07\/WX20240719-153337%402x-1-1.jpg?resize=18%2C12&amp;ssl=1 18w, https:\/\/i0.wp.com\/aiartfree.online\/wp-content\/uploads\/2024\/07\/WX20240719-153337%402x-1-1.jpg?resize=600%2C394&amp;ssl=1 600w\" sizes=\"auto, (max-width: 1200px) 100vw, 1200px\" \/><\/a><\/figure>\n\n\n\n<h3 class=\"gb-headline gb-headline-d9fff2b4 gb-headline-text\">Gerador de modelo AI 3d<\/h3>\n\n\n\n<p class=\"gb-headline gb-headline-0faba709 gb-headline-text\">O AI 3D Model Generator ajuda voc\u00ea a criar modelos 3D de \u00faltima gera\u00e7\u00e3o com ajuste fino alimentado por IA.<\/p>\n\n<\/div><\/div>\n\n<div class=\"gb-grid-column gb-grid-column-bb7fbb28\"><div class=\"gb-container gb-container-bb7fbb28\">\n\n<figure class=\"gb-block-image gb-block-image-b44f128d\"><a href=\"https:\/\/aiartfree.online\/pt_br\/gerador-de-desenhos-ai\/\" target=\"_blank\" rel=\"noopener noreferrer\"><img data-recalc-dims=\"1\" decoding=\"async\" loading=\"lazy\" width=\"1200\" height=\"1200\" class=\"gb-image gb-image-b44f128d\" src=\"https:\/\/i0.wp.com\/aiartfree.online\/wp-content\/uploads\/2024\/07\/WX20240719-141958%402x.jpg?resize=1200%2C1200&#038;ssl=1\" alt=\"gerador de desenhos\" title=\"WX20240719-141958@2x\" srcset=\"https:\/\/i0.wp.com\/aiartfree.online\/wp-content\/uploads\/2024\/07\/WX20240719-141958%402x.jpg?w=1414&amp;ssl=1 1414w, https:\/\/i0.wp.com\/aiartfree.online\/wp-content\/uploads\/2024\/07\/WX20240719-141958%402x.jpg?resize=300%2C300&amp;ssl=1 300w, https:\/\/i0.wp.com\/aiartfree.online\/wp-content\/uploads\/2024\/07\/WX20240719-141958%402x.jpg?resize=1024%2C1024&amp;ssl=1 1024w, https:\/\/i0.wp.com\/aiartfree.online\/wp-content\/uploads\/2024\/07\/WX20240719-141958%402x.jpg?resize=150%2C150&amp;ssl=1 150w, https:\/\/i0.wp.com\/aiartfree.online\/wp-content\/uploads\/2024\/07\/WX20240719-141958%402x.jpg?resize=768%2C768&amp;ssl=1 768w, https:\/\/i0.wp.com\/aiartfree.online\/wp-content\/uploads\/2024\/07\/WX20240719-141958%402x.jpg?resize=12%2C12&amp;ssl=1 12w, https:\/\/i0.wp.com\/aiartfree.online\/wp-content\/uploads\/2024\/07\/WX20240719-141958%402x.jpg?resize=600%2C600&amp;ssl=1 600w, https:\/\/i0.wp.com\/aiartfree.online\/wp-content\/uploads\/2024\/07\/WX20240719-141958%402x.jpg?resize=100%2C100&amp;ssl=1 100w\" sizes=\"auto, (max-width: 1200px) 100vw, 1200px\" \/><\/a><\/figure>\n\n\n\n<h3 class=\"gb-headline gb-headline-fc2626d2 gb-headline-text\">Gerador de desenhos de IA<\/h3>\n\n\n\n<p class=\"gb-headline gb-headline-83918771 gb-headline-text\">AI Drawing Generator transforms text prompts into AI-generated artwork with machine learning.<\/p>\n\n<\/div><\/div>\n<\/div>\n\n\n<div style=\"height:100px\" aria-hidden=\"true\" class=\"wp-block-spacer\"><\/div>\n\n\n\n<h2 class=\"wp-block-heading\" id=\"free-ai-art-generator-unlocking-the-power-of-artificial-intelligence-in-art\"><strong>Free AI Art Generator: Unlocking the Power of Artificial Intelligence in Art<\/strong><\/h2>\n\n\n\n<h3 class=\"wp-block-heading\" id=\"outline\"><a href=\"https:\/\/dromerosm-groq-llama3.hf.space\/#outline\" target=\"_blank\" rel=\"noopener\"><\/a>Esbo\u00e7o:<\/h3>\n\n\n\n<ul class=\"wp-block-list\">\n<li class=\"\">What is a Free AI Art Generator?<\/li>\n\n\n\n<li class=\"\">Importance of Free AI Art Generators<\/li>\n\n\n\n<li class=\"\">Benefits of Using a Free AI Art Generator<\/li>\n\n\n\n<li class=\"\">Suitable Scenarios for Using a Free AI Art Generator<\/li>\n\n\n\n<li class=\"\">Who Can Use a Free AI Art Generator?<\/li>\n\n\n\n<li class=\"\">As 10 principais ferramentas relacionadas e pr\u00f3s e contras<\/li>\n\n\n\n<li class=\"\">10 Perguntas frequentes<\/li>\n<\/ul>\n\n\n\n<h3 class=\"wp-block-heading\" id=\"what-is-a-free-ai-art-generator\"><a href=\"https:\/\/dromerosm-groq-llama3.hf.space\/#what-is-a-free-ai-art-generator\" target=\"_blank\" rel=\"noopener\"><\/a><strong>What is a Free AI Art Generator?<\/strong><\/h3>\n\n\n\n<p class=\"\">A free AI art generator is an online tool that uses artificial intelligence (AI) to generate artwork based on user input, such as text prompts or images. These tools utilize machine learning algorithms and generative AI techniques, like stable diffusion, to create unique and vibrant artwork.<\/p>\n\n\n\n<p class=\"\">The rise of free AI art generators has democratized the art world, making it possible for anyone to create stunning artwork without requiring extensive artistic skills or experience.<\/p>\n\n\n\n<h3 class=\"wp-block-heading\" id=\"importance-of-free-ai-art-generators\"><a href=\"https:\/\/dromerosm-groq-llama3.hf.space\/#importance-of-free-ai-art-generators\" target=\"_blank\" rel=\"noopener\"><\/a><strong>Importance of Free AI Art Generators<\/strong><\/h3>\n\n\n\n<p class=\"\">Free AI art generators have become essential for various industries, including social media, advertising, and design. They offer a range of benefits, including:<\/p>\n\n\n\n<ul class=\"wp-block-list\">\n<li class=\"\"><strong>Economia de tempo<\/strong>: Free AI art generators can produce high-quality artwork in a matter of minutes, saving users hours of manual labor.<\/li>\n\n\n\n<li class=\"\"><strong>Custo-benef\u00edcio<\/strong>: These tools eliminate the need for hiring human artists or purchasing expensive design software.<\/li>\n\n\n\n<li class=\"\"><strong>Liberdade criativa<\/strong>: Free AI art generators provide users with the ability to experiment with different styles, themes, and ideas, fostering creativity and innovation.<\/li>\n<\/ul>\n\n\n\n<h3 class=\"wp-block-heading\" id=\"benefits-of-using-a-free-ai-art-generator\"><a href=\"https:\/\/dromerosm-groq-llama3.hf.space\/#benefits-of-using-a-free-ai-art-generator\" target=\"_blank\" rel=\"noopener\"><\/a><strong>Benefits of Using a Free AI Art Generator<\/strong><\/h3>\n\n\n\n<p class=\"\">Using a free AI art generator can bring numerous benefits, including:<\/p>\n\n\n\n<ul class=\"wp-block-list\">\n<li class=\"\"><strong>Professional-grade artwork<\/strong>: Free AI art generators can produce artwork that rivals that of human artists, giving users a professional-grade output without the hefty price tag.<\/li>\n\n\n\n<li class=\"\"><strong>Aumento da produtividade<\/strong>: With the ability to generate artwork quickly and efficiently, users can focus on other aspects of their projects, improving overall productivity.<\/li>\n\n\n\n<li class=\"\"><strong>Criatividade ilimitada<\/strong>: Free AI art generators offer a vast range of creative possibilities, allowing users to experiment with different styles, themes, and ideas.<\/li>\n<\/ul>\n\n\n\n<h3 class=\"wp-block-heading\" id=\"suitable-scenarios-for-using-a-free-ai-art-generator\"><a href=\"https:\/\/dromerosm-groq-llama3.hf.space\/#suitable-scenarios-for-using-a-free-ai-art-generator\" target=\"_blank\" rel=\"noopener\"><\/a><strong>Suitable Scenarios for Using a Free AI Art Generator<\/strong><\/h3>\n\n\n\n<p class=\"\">Free AI art generators are suitable for various scenarios, including:<\/p>\n\n\n\n<ul class=\"wp-block-list\">\n<li class=\"\"><strong>Cria\u00e7\u00e3o de conte\u00fado de m\u00eddia social<\/strong>: Crie postagens de m\u00eddia social, banners e an\u00fancios atraentes com facilidade.<\/li>\n\n\n\n<li class=\"\"><strong>Publicidade e marketing<\/strong>: Use free AI art generators to create stunning advertisements, flyers, and promotional materials.<\/li>\n\n\n\n<li class=\"\"><strong>Projetos de design e arte<\/strong>: Fa\u00e7a experi\u00eancias com diferentes estilos e temas para criar trabalhos art\u00edsticos, ilustra\u00e7\u00f5es e designs exclusivos.<\/li>\n<\/ul>\n\n\n\n<h3 class=\"wp-block-heading\" id=\"who-can-use-a-free-ai-art-generator\"><a href=\"https:\/\/dromerosm-groq-llama3.hf.space\/#who-can-use-a-free-ai-art-generator\" target=\"_blank\" rel=\"noopener\"><\/a><strong>Who Can Use a Free AI Art Generator?<\/strong><\/h3>\n\n\n\n<p class=\"\">Anyone can use a free AI art generator, regardless of their artistic skills or experience. These tools are perfect for:<\/p>\n\n\n\n<ul class=\"wp-block-list\">\n<li class=\"\"><strong>Profissionais de marketing<\/strong>: Crie conte\u00fado de m\u00eddia social e an\u00fancios envolventes com facilidade.<\/li>\n\n\n\n<li class=\"\"><strong>Designers e artistas<\/strong>: Experiment with new styles and themes, or use free AI art generators as a starting point for their projects.<\/li>\n\n\n\n<li class=\"\"><strong>Propriet\u00e1rios de pequenas empresas<\/strong>: Produce professional-grade artwork without breaking the bank.<\/li>\n<\/ul>\n\n\n\n<h3 class=\"wp-block-heading\" id=\"top-10-related-tools-and-pros-cons\"><a href=\"https:\/\/dromerosm-groq-llama3.hf.space\/#top-10-related-tools-and-pros-cons\" target=\"_blank\" rel=\"noopener\"><\/a><strong>As 10 principais ferramentas relacionadas e pr\u00f3s e contras<\/strong><\/h3>\n\n\n\n<p class=\"\">Here are the top 10 related tools to free AI art generators, along with their pros and cons:<\/p>\n\n\n\n<figure class=\"wp-block-table\"><table class=\"has-fixed-layout\"><thead><tr><th>Ferramenta<\/th><th>Pr\u00f3s<\/th><th>Contras<\/th><\/tr><\/thead><tbody><tr><td><a href=\"https:\/\/aiartfree.online\/pt_br\/free-ai-art-generator\/\" target=\"_blank\" rel=\"noreferrer noopener\">Arte em IA gr\u00e1tis on-line<\/a><\/td><td>Interface f\u00e1cil de usar, sa\u00edda de alta qualidade<\/td><td>Op\u00e7\u00f5es de personaliza\u00e7\u00e3o limitadas<\/td><\/tr><tr><td>Gerador de sonhos profundos<\/td><td>Unique, dreamlike artwork<\/td><td>Controle limitado sobre a sa\u00edda<\/td><\/tr><tr><td>Prisma<\/td><td>Converte fotos em obras de arte em v\u00e1rios estilos<\/td><td>Op\u00e7\u00f5es de personaliza\u00e7\u00e3o limitadas<\/td><\/tr><tr><td>Artbreeder<\/td><td>Interactive, user-driven artwork creation<\/td><td>Curva de aprendizado acentuada<\/td><\/tr><tr><td>Dreamscope<\/td><td>AI-powered artwork generator with various styles<\/td><td>Controle limitado sobre a sa\u00edda<\/td><\/tr><tr><td>Pintor de IA<\/td><td>Creates realistic oil painting-style artwork<\/td><td>Op\u00e7\u00f5es de personaliza\u00e7\u00e3o limitadas<\/td><\/tr><tr><td>Retratos de IA<\/td><td>Converte fotos em retratos gerados por IA<\/td><td>Controle limitado sobre a sa\u00edda<\/td><\/tr><tr><td>MyDeepArt<\/td><td>Interface f\u00e1cil de usar, sa\u00edda de alta qualidade<\/td><td>Op\u00e7\u00f5es de personaliza\u00e7\u00e3o limitadas<\/td><\/tr><tr><td>Criador de arte com IA<\/td><td>Creates unique, abstract artwork<\/td><td>Controle limitado sobre a sa\u00edda<\/td><\/tr><tr><td>PaintsChainer<\/td><td>Gerador de pinturas com tecnologia de IA com v\u00e1rios estilos<\/td><td>Curva de aprendizado acentuada<\/td><\/tr><\/tbody><\/table><\/figure>\n\n\n\n<h3 class=\"wp-block-heading\" id=\"10-faqs\"><a href=\"https:\/\/dromerosm-groq-llama3.hf.space\/#10-faqs\" target=\"_blank\" rel=\"noopener\"><\/a><strong>10 Perguntas frequentes<\/strong><\/h3>\n\n\n\n<p class=\"\">Here are the top 10 frequently asked questions about free AI art generators:<\/p>\n\n\n\n<ol class=\"wp-block-list\">\n<li class=\"\"><strong>What is a free AI art generator?<\/strong>\u00a0A free AI art generator is an online tool that uses artificial intelligence to generate artwork based on user input.<\/li>\n\n\n\n<li class=\"\"><strong>How do free AI art generators work?<\/strong>\u00a0Free AI art generators use machine learning algorithms and generative AI techniques to create unique artwork based on user input.<\/li>\n\n\n\n<li class=\"\"><strong>What are the benefits of using a free AI art generator?<\/strong>\u00a0Free AI art generators offer time-saving, cost-effective, and creative freedom benefits.<\/li>\n\n\n\n<li class=\"\"><strong>Can anyone use a free AI art generator?<\/strong>\u00a0Yes, anyone can use a free AI art generator, regardless of their artistic skills or experience.<\/li>\n\n\n\n<li class=\"\"><strong>What are the suitable scenarios for using a free AI art generator?<\/strong>\u00a0Free AI art generators are suitable for social media content creation, advertising, design, and art projects.<\/li>\n\n\n\n<li class=\"\"><strong>How do I use a free AI art generator?<\/strong>\u00a0Simply input your text prompt or image, and the tool will generate a unique piece of artwork.<\/li>\n\n\n\n<li class=\"\"><strong>What is the quality of artwork generated by free AI art generators?<\/strong>\u00a0Free AI art generators can produce professional-grade artwork that rivals that of human artists.<\/li>\n\n\n\n<li class=\"\"><strong>Can I customize the output of a free AI art generator?<\/strong>\u00a0Some free AI art generators offer limited customization options, while others provide more advanced controls.<\/li>\n\n\n\n<li class=\"\"><strong>Are free AI art generators easy to use?<\/strong>\u00a0Yes, most free AI art generators have user-friendly interfaces that make it easy to generate artwork.<\/li>\n\n\n\n<li class=\"\"><strong>Are free AI art generators free to use?<\/strong>\u00a0Yes, most free AI art generators are free to use, with some offering premium features or subscriptions.<\/li>\n<\/ol>","protected":false},"excerpt":{"rendered":"<p>Generate stunning AI-generated artwork with state-of-the-art, free AI art tools. Free AI Art Generator: Unlocking the Power of Artificial Intelligence in Art Outline: What is a Free AI Art Generator? A free AI art generator is an online tool that uses artificial intelligence (AI) to generate artwork based on user input, such as text prompts &#8230; <a title=\"Gerador gratuito de arte em IA\" class=\"read-more\" href=\"https:\/\/aiartfree.online\/pt_br\/free-ai-art-generator\/\" aria-label=\"Read more about Free AI Art Generator\">Ler mais<\/a><\/p>","protected":false},"author":1,"featured_media":0,"parent":0,"menu_order":0,"comment_status":"closed","ping_status":"closed","template":"","meta":{"nf_dc_page":"","footnotes":""},"class_list":["post-3117","page","type-page","status-publish"],"jetpack_sharing_enabled":true,"_links":{"self":[{"href":"https:\/\/aiartfree.online\/pt_br\/wp-json\/wp\/v2\/pages\/3117","targetHints":{"allow":["GET"]}}],"collection":[{"href":"https:\/\/aiartfree.online\/pt_br\/wp-json\/wp\/v2\/pages"}],"about":[{"href":"https:\/\/aiartfree.online\/pt_br\/wp-json\/wp\/v2\/types\/page"}],"author":[{"embeddable":true,"href":"https:\/\/aiartfree.online\/pt_br\/wp-json\/wp\/v2\/users\/1"}],"replies":[{"embeddable":true,"href":"https:\/\/aiartfree.online\/pt_br\/wp-json\/wp\/v2\/comments?post=3117"}],"version-history":[{"count":0,"href":"https:\/\/aiartfree.online\/pt_br\/wp-json\/wp\/v2\/pages\/3117\/revisions"}],"wp:attachment":[{"href":"https:\/\/aiartfree.online\/pt_br\/wp-json\/wp\/v2\/media?parent=3117"}],"curies":[{"name":"wp","href":"https:\/\/api.w.org\/{rel}","templated":true}]}}