{"id":3116,"date":"2024-07-21T07:42:22","date_gmt":"2024-07-21T07:42:22","guid":{"rendered":"https:\/\/aiartfree.online\/?page_id=3116"},"modified":"2024-07-21T07:51:46","modified_gmt":"2024-07-21T07:51:46","slug":"free-ai-image-generator","status":"publish","type":"page","link":"https:\/\/aiartfree.online\/pt_br\/gerador-de-imagens-ai-gratuito\/","title":{"rendered":"Gerador de imagens AI gratuito"},"content":{"rendered":"<p class=\"has-text-align-center\">Crie imagens vibrantes geradas por IA usando algoritmos avan\u00e7ados de IA e prompts de texto.<\/p>\n\n\n<div class=\"gb-grid-wrapper gb-grid-wrapper-060dec2f\">\n<div class=\"gb-grid-column gb-grid-column-04dcb2bb\"><div class=\"gb-container gb-container-04dcb2bb\">\n\n<figure class=\"gb-block-image gb-block-image-2373db5f\"><a href=\"https:\/\/aiartfree.online\/pt_br\/viagem-de-meio-de-semana-on-line-gratuita\/\" target=\"_blank\" rel=\"noopener noreferrer\"><img data-recalc-dims=\"1\" decoding=\"async\" loading=\"lazy\" width=\"1024\" height=\"768\" class=\"gb-image gb-image-2373db5f\" src=\"https:\/\/i0.wp.com\/aiartfree.online\/wp-content\/uploads\/2024\/07\/What-Is-Midjourney-AI-and-How-Does-It-Work-1.jpg?resize=1024%2C768&#038;ssl=1\" alt=\"Jornada intermedi\u00e1ria on-line gratuita\" title=\"O que \u00e9 a IA no meio da jornada e como ela funciona-1\" srcset=\"https:\/\/i0.wp.com\/aiartfree.online\/wp-content\/uploads\/2024\/07\/What-Is-Midjourney-AI-and-How-Does-It-Work-1.jpg?w=1024&amp;ssl=1 1024w, https:\/\/i0.wp.com\/aiartfree.online\/wp-content\/uploads\/2024\/07\/What-Is-Midjourney-AI-and-How-Does-It-Work-1.jpg?resize=600%2C450&amp;ssl=1 600w, https:\/\/i0.wp.com\/aiartfree.online\/wp-content\/uploads\/2024\/07\/What-Is-Midjourney-AI-and-How-Does-It-Work-1.jpg?resize=300%2C225&amp;ssl=1 300w, https:\/\/i0.wp.com\/aiartfree.online\/wp-content\/uploads\/2024\/07\/What-Is-Midjourney-AI-and-How-Does-It-Work-1.jpg?resize=768%2C576&amp;ssl=1 768w, https:\/\/i0.wp.com\/aiartfree.online\/wp-content\/uploads\/2024\/07\/What-Is-Midjourney-AI-and-How-Does-It-Work-1.jpg?resize=16%2C12&amp;ssl=1 16w\" sizes=\"auto, (max-width: 1024px) 100vw, 1024px\" \/><\/a><\/figure>\n\n\n\n<h3 class=\"gb-headline gb-headline-b94667ce gb-headline-text\">Jornada intermedi\u00e1ria on-line gratuita<\/h3>\n\n\n\n<p class=\"gb-headline gb-headline-a433ec01 gb-headline-text\">Crie obras de arte impressionantes geradas por IA sem esfor\u00e7o com o Midjourney.<\/p>\n\n<\/div><\/div>\n\n<div class=\"gb-grid-column gb-grid-column-d389befc\"><div class=\"gb-container gb-container-d389befc\">\n\n<figure class=\"gb-block-image gb-block-image-e89bda53\"><a href=\"https:\/\/aiartfree.online\/pt_br\/free-online-stable-diffusion-3\/\" target=\"_blank\" rel=\"noopener noreferrer\"><img data-recalc-dims=\"1\" decoding=\"async\" loading=\"lazy\" width=\"1200\" height=\"686\" class=\"gb-image gb-image-e89bda53\" src=\"https:\/\/i0.wp.com\/aiartfree.online\/wp-content\/uploads\/2024\/07\/image-90.jpg?resize=1200%2C686&#038;ssl=1\" alt=\"Difus\u00e3o est\u00e1vel on-line gratuita 3\" title=\"imagem-90\" srcset=\"https:\/\/i0.wp.com\/aiartfree.online\/wp-content\/uploads\/2024\/07\/image-90.jpg?w=1344&amp;ssl=1 1344w, https:\/\/i0.wp.com\/aiartfree.online\/wp-content\/uploads\/2024\/07\/image-90.jpg?resize=600%2C343&amp;ssl=1 600w, https:\/\/i0.wp.com\/aiartfree.online\/wp-content\/uploads\/2024\/07\/image-90.jpg?resize=300%2C171&amp;ssl=1 300w, https:\/\/i0.wp.com\/aiartfree.online\/wp-content\/uploads\/2024\/07\/image-90.jpg?resize=1024%2C585&amp;ssl=1 1024w, https:\/\/i0.wp.com\/aiartfree.online\/wp-content\/uploads\/2024\/07\/image-90.jpg?resize=768%2C439&amp;ssl=1 768w, https:\/\/i0.wp.com\/aiartfree.online\/wp-content\/uploads\/2024\/07\/image-90.jpg?resize=18%2C10&amp;ssl=1 18w\" sizes=\"auto, (max-width: 1200px) 100vw, 1200px\" \/><\/a><\/figure>\n\n\n\n<h3 class=\"gb-headline gb-headline-adce07b4 gb-headline-text\">Difus\u00e3o est\u00e1vel 3<\/h3>\n\n\n\n<p class=\"gb-headline gb-headline-499da18c gb-headline-text\">Use o Stable Diffusion 3 para criar imagens com algoritmos de IA de \u00faltima gera\u00e7\u00e3o.<\/p>\n\n<\/div><\/div>\n\n<div class=\"gb-grid-column gb-grid-column-5c592b98\"><div class=\"gb-container gb-container-5c592b98\">\n\n<figure class=\".wp-block-image {  position: relative; overflow: hidden; } img max-width: 100%; transition: transform 0.3s; .wp-block-image:hover transform: scale(1.2); gb-block-image gb-block-image-357d3677\"><a href=\"https:\/\/aiartfree.online\/pt_br\/free-dalle-3\/\" target=\"_blank\" rel=\"noopener noreferrer\"><img data-recalc-dims=\"1\" decoding=\"async\" loading=\"lazy\" width=\"1200\" height=\"1200\" class=\"gb-image gb-image-357d3677 .wp-block-image {     position: relative;     overflow: hidden; } .wp-block-image img {     max-width: 100%;     transition: transform 0.3s; } .wp-block-image:hover img {     transform: scale(1.2); }\" src=\"https:\/\/i0.wp.com\/aiartfree.online\/wp-content\/uploads\/2024\/07\/avocado-square-1-1-1-1-1-1-1-1-1-1-1-1-1.jpg?resize=1200%2C1200&#038;ssl=1\" alt=\"DALL-E 3 - Online Gr\u00e1tis\" title=\"avocado-square (1) (1) (1) (1) (1) (1) (1) (1) (1) (1) (1) (1) (1) (1)\" srcset=\"https:\/\/i0.wp.com\/aiartfree.online\/wp-content\/uploads\/2024\/07\/avocado-square-1-1-1-1-1-1-1-1-1-1-1-1-1.jpg?w=1792&amp;ssl=1 1792w, https:\/\/i0.wp.com\/aiartfree.online\/wp-content\/uploads\/2024\/07\/avocado-square-1-1-1-1-1-1-1-1-1-1-1-1-1.jpg?resize=300%2C300&amp;ssl=1 300w, https:\/\/i0.wp.com\/aiartfree.online\/wp-content\/uploads\/2024\/07\/avocado-square-1-1-1-1-1-1-1-1-1-1-1-1-1.jpg?resize=100%2C100&amp;ssl=1 100w, https:\/\/i0.wp.com\/aiartfree.online\/wp-content\/uploads\/2024\/07\/avocado-square-1-1-1-1-1-1-1-1-1-1-1-1-1.jpg?resize=600%2C600&amp;ssl=1 600w, https:\/\/i0.wp.com\/aiartfree.online\/wp-content\/uploads\/2024\/07\/avocado-square-1-1-1-1-1-1-1-1-1-1-1-1-1.jpg?resize=1024%2C1024&amp;ssl=1 1024w, https:\/\/i0.wp.com\/aiartfree.online\/wp-content\/uploads\/2024\/07\/avocado-square-1-1-1-1-1-1-1-1-1-1-1-1-1.jpg?resize=150%2C150&amp;ssl=1 150w, https:\/\/i0.wp.com\/aiartfree.online\/wp-content\/uploads\/2024\/07\/avocado-square-1-1-1-1-1-1-1-1-1-1-1-1-1.jpg?resize=768%2C768&amp;ssl=1 768w, https:\/\/i0.wp.com\/aiartfree.online\/wp-content\/uploads\/2024\/07\/avocado-square-1-1-1-1-1-1-1-1-1-1-1-1-1.jpg?resize=1536%2C1536&amp;ssl=1 1536w, https:\/\/i0.wp.com\/aiartfree.online\/wp-content\/uploads\/2024\/07\/avocado-square-1-1-1-1-1-1-1-1-1-1-1-1-1.jpg?resize=12%2C12&amp;ssl=1 12w\" sizes=\"auto, (max-width: 1200px) 100vw, 1200px\" \/><\/a><\/figure>\n\n\n\n<h3 class=\"gb-headline gb-headline-757b1ea4 gb-headline-text\">DALL-E 3<\/h3>\n\n\n\n<p class=\"gb-headline gb-headline-fe2eab63 gb-headline-text\">Explore possibilidades criativas com o DALL-E 3 on-line gratuito.<\/p>\n\n<\/div><\/div>\n\n<div class=\"gb-grid-column gb-grid-column-f814b0e2\"><div class=\"gb-container gb-container-f814b0e2\">\n\n<figure class=\".wp-block-image {  position: relative; overflow: hidden; } img max-width: 100%; transition: transform 0.3s; .wp-block-image:hover transform: scale(1.2); gb-block-image gb-block-image-c52efc8e\"><a href=\"https:\/\/aiartfree.online\/pt_br\/bing-ai-image-generator\/\" target=\"_blank\" rel=\"noopener noreferrer\"><img data-recalc-dims=\"1\" decoding=\"async\" loading=\"lazy\" width=\"1024\" height=\"1024\" class=\"gb-image gb-image-c52efc8e .wp-block-image {     position: relative;     overflow: hidden; } .wp-block-image img {     max-width: 100%;     transition: transform 0.3s; } .wp-block-image:hover img {     transform: scale(1.2); }\" src=\"https:\/\/i0.wp.com\/aiartfree.online\/wp-content\/uploads\/2024\/07\/b9cb406d-bffd-446e-9f65-c20776dc6cda.jpg?resize=1024%2C1024&#038;ssl=1\" alt=\"\" title=\"b9cb406d-bffd-446e-9f65-c20776dc6cda\" srcset=\"https:\/\/i0.wp.com\/aiartfree.online\/wp-content\/uploads\/2024\/07\/b9cb406d-bffd-446e-9f65-c20776dc6cda.jpg?w=1024&amp;ssl=1 1024w, https:\/\/i0.wp.com\/aiartfree.online\/wp-content\/uploads\/2024\/07\/b9cb406d-bffd-446e-9f65-c20776dc6cda.jpg?resize=300%2C300&amp;ssl=1 300w, https:\/\/i0.wp.com\/aiartfree.online\/wp-content\/uploads\/2024\/07\/b9cb406d-bffd-446e-9f65-c20776dc6cda.jpg?resize=150%2C150&amp;ssl=1 150w, https:\/\/i0.wp.com\/aiartfree.online\/wp-content\/uploads\/2024\/07\/b9cb406d-bffd-446e-9f65-c20776dc6cda.jpg?resize=768%2C768&amp;ssl=1 768w, https:\/\/i0.wp.com\/aiartfree.online\/wp-content\/uploads\/2024\/07\/b9cb406d-bffd-446e-9f65-c20776dc6cda.jpg?resize=12%2C12&amp;ssl=1 12w, https:\/\/i0.wp.com\/aiartfree.online\/wp-content\/uploads\/2024\/07\/b9cb406d-bffd-446e-9f65-c20776dc6cda.jpg?resize=600%2C600&amp;ssl=1 600w, https:\/\/i0.wp.com\/aiartfree.online\/wp-content\/uploads\/2024\/07\/b9cb406d-bffd-446e-9f65-c20776dc6cda.jpg?resize=100%2C100&amp;ssl=1 100w\" sizes=\"auto, (max-width: 1024px) 100vw, 1024px\" \/><\/a><\/figure>\n\n\n\n<h3 class=\"gb-headline gb-headline-44aa6af8 gb-headline-text\">Gerador de imagens de IA do Bing<\/h3>\n\n\n\n<p class=\"gb-headline gb-headline-27d06265 gb-headline-text\">Use o Bing AI Image Generator para criar imagens incr\u00edveis geradas por IA com um simples comando de texto.<\/p>\n\n<\/div><\/div>\n<\/div>\n\n\n<div style=\"height:100px\" aria-hidden=\"true\" class=\"wp-block-spacer\"><\/div>\n\n\n\n<h2 class=\"wp-block-heading has-text-align-center\" id=\"what-is-a-free-ai-image-generator\"><strong>Gerador de imagens AI gratuito: Revolucionando a cria\u00e7\u00e3o de conte\u00fado visual<\/strong><a href=\"https:\/\/dromerosm-groq-llama3.hf.space\/#what-is-a-free-ai-image-generator\" target=\"_blank\" rel=\"noopener\"><\/a><\/h2>\n\n\n\n<h3 class=\"wp-block-heading\" id=\"outline\"><a href=\"https:\/\/dromerosm-groq-llama3.hf.space\/#outline\" target=\"_blank\" rel=\"noopener\"><\/a>Esbo\u00e7o:<\/h3>\n\n\n\n<ul class=\"wp-block-list\">\n<li class=\"\">O que \u00e9 um gerador de imagens de IA gratuito?<\/li>\n\n\n\n<li class=\"\">Import\u00e2ncia dos geradores de imagens de IA gratuitos<\/li>\n\n\n\n<li class=\"\">Benef\u00edcios de usar um gerador de imagens de IA gratuito<\/li>\n\n\n\n<li class=\"\">Cen\u00e1rios adequados para usar um gerador de imagens de IA gratuito<\/li>\n\n\n\n<li class=\"\">Quem pode usar um gerador de imagens de IA gratuito?<\/li>\n\n\n\n<li class=\"\">As 10 principais ferramentas relacionadas e pr\u00f3s e contras<\/li>\n\n\n\n<li class=\"\">10 Perguntas frequentes<\/li>\n<\/ul>\n\n\n\n<h3 class=\"wp-block-heading\" id=\"what-is-a-free-ai-image-generator\"><a href=\"https:\/\/dromerosm-groq-llama3.hf.space\/#what-is-a-free-ai-image-generator\" target=\"_blank\" rel=\"noopener\"><\/a><strong>O que \u00e9 um gerador de imagens de IA gratuito?<\/strong><\/h3>\n\n\n\n<p class=\"\">Um gerador de imagens de IA gratuito \u00e9 uma ferramenta on-line que usa intelig\u00eancia artificial (IA) para gerar imagens de alta qualidade com base na entrada do usu\u00e1rio, como prompts de texto ou esbo\u00e7os simples. Essas ferramentas utilizam algoritmos de aprendizado de m\u00e1quina e t\u00e9cnicas de IA generativa, como difus\u00e3o est\u00e1vel, para criar imagens exclusivas e realistas.<\/p>\n\n\n\n<p class=\"\">O surgimento de geradores de imagens de IA gratuitos democratizou o campo da cria\u00e7\u00e3o de conte\u00fado visual, possibilitando que qualquer pessoa produza imagens de n\u00edvel profissional sem a necessidade de grandes habilidades ou experi\u00eancia art\u00edstica.<\/p>\n\n\n\n<h3 class=\"wp-block-heading\" id=\"importance-of-free-ai-image-generators\"><a href=\"https:\/\/dromerosm-groq-llama3.hf.space\/#importance-of-free-ai-image-generators\" target=\"_blank\" rel=\"noopener\"><\/a><strong>Import\u00e2ncia dos geradores de imagens de IA gratuitos<\/strong><\/h3>\n\n\n\n<p class=\"\">Os geradores de imagens de IA gratuitos se tornaram essenciais para v\u00e1rios setores, incluindo m\u00eddia social, publicidade e design. Eles oferecem uma s\u00e9rie de benef\u00edcios, incluindo:<\/p>\n\n\n\n<ul class=\"wp-block-list\">\n<li class=\"\"><strong>Economia de tempo<\/strong>: Os geradores de imagens AI gratuitos podem produzir imagens de alta qualidade em quest\u00e3o de minutos, poupando aos usu\u00e1rios horas de trabalho manual.<\/li>\n\n\n\n<li class=\"\"><strong>Custo-benef\u00edcio<\/strong>: Essas ferramentas eliminam a necessidade de contratar designers humanos ou comprar softwares caros.<\/li>\n\n\n\n<li class=\"\"><strong>Liberdade criativa<\/strong>: Os geradores de imagens de IA gratuitos oferecem aos usu\u00e1rios a possibilidade de experimentar diferentes estilos, temas e ideias, estimulando a criatividade e a inova\u00e7\u00e3o.<\/li>\n<\/ul>\n\n\n\n<h3 class=\"wp-block-heading\" id=\"benefits-of-using-a-free-ai-image-generator\"><a href=\"https:\/\/dromerosm-groq-llama3.hf.space\/#benefits-of-using-a-free-ai-image-generator\" target=\"_blank\" rel=\"noopener\"><\/a><strong>Benef\u00edcios de usar um gerador de imagens de IA gratuito<\/strong><\/h3>\n\n\n\n<p class=\"\">O uso de um gerador de imagens AI gratuito pode trazer v\u00e1rios benef\u00edcios, inclusive:<\/p>\n\n\n\n<ul class=\"wp-block-list\">\n<li class=\"\"><strong>Imagens de n\u00edvel profissional<\/strong>: Os geradores de imagens de IA gratuitos podem produzir imagens que rivalizam com as de designers humanos, oferecendo aos usu\u00e1rios um resultado de n\u00edvel profissional sem o alto pre\u00e7o.<\/li>\n\n\n\n<li class=\"\"><strong>Aumento da produtividade<\/strong>: Com a capacidade de gerar imagens de forma r\u00e1pida e eficiente, os usu\u00e1rios podem se concentrar em outros aspectos de seus projetos, melhorando a produtividade geral.<\/li>\n\n\n\n<li class=\"\"><strong>Criatividade ilimitada<\/strong>: Os geradores de imagens de IA gratuitos oferecem uma vasta gama de possibilidades criativas, permitindo que os usu\u00e1rios experimentem diferentes estilos, temas e ideias.<\/li>\n<\/ul>\n\n\n\n<h3 class=\"wp-block-heading\" id=\"suitable-scenarios-for-using-a-free-ai-image-generator\"><a href=\"https:\/\/dromerosm-groq-llama3.hf.space\/#suitable-scenarios-for-using-a-free-ai-image-generator\" target=\"_blank\" rel=\"noopener\"><\/a><strong>Cen\u00e1rios adequados para usar um gerador de imagens de IA gratuito<\/strong><\/h3>\n\n\n\n<p class=\"\">Os geradores de imagens AI gratuitos s\u00e3o adequados para v\u00e1rios cen\u00e1rios, inclusive:<\/p>\n\n\n\n<ul class=\"wp-block-list\">\n<li class=\"\"><strong>Cria\u00e7\u00e3o de conte\u00fado de m\u00eddia social<\/strong>: Crie postagens de m\u00eddia social, banners e an\u00fancios atraentes com facilidade.<\/li>\n\n\n\n<li class=\"\"><strong>Publicidade e marketing<\/strong>: Use geradores de imagens AI gratuitos para criar an\u00fancios, folhetos e materiais promocionais impressionantes.<\/li>\n\n\n\n<li class=\"\"><strong>Projetos de design e arte<\/strong>: Fa\u00e7a experi\u00eancias com diferentes estilos e temas para criar trabalhos art\u00edsticos, ilustra\u00e7\u00f5es e designs exclusivos.<\/li>\n<\/ul>\n\n\n\n<h3 class=\"wp-block-heading\" id=\"who-can-use-a-free-ai-image-generator\"><a href=\"https:\/\/dromerosm-groq-llama3.hf.space\/#who-can-use-a-free-ai-image-generator\" target=\"_blank\" rel=\"noopener\"><\/a><strong>Quem pode usar um gerador de imagens de IA gratuito?<\/strong><\/h3>\n\n\n\n<p class=\"\">Qualquer pessoa pode usar um gerador de imagens AI gratuito, independentemente de suas habilidades art\u00edsticas ou experi\u00eancia. Essas ferramentas s\u00e3o perfeitas para:<\/p>\n\n\n\n<ul class=\"wp-block-list\">\n<li class=\"\"><strong>Profissionais de marketing<\/strong>: Crie conte\u00fado de m\u00eddia social e an\u00fancios envolventes com facilidade.<\/li>\n\n\n\n<li class=\"\"><strong>Designers e artistas<\/strong>: Fa\u00e7a experi\u00eancias com novos estilos e temas ou use geradores de imagens de IA gratuitos como ponto de partida para seus projetos.<\/li>\n\n\n\n<li class=\"\"><strong>Propriet\u00e1rios de pequenas empresas<\/strong>: Produza imagens de n\u00edvel profissional sem gastar muito.<\/li>\n<\/ul>\n\n\n\n<h3 class=\"wp-block-heading\" id=\"top-10-related-tools-and-pros-cons\"><a href=\"https:\/\/dromerosm-groq-llama3.hf.space\/#top-10-related-tools-and-pros-cons\" target=\"_blank\" rel=\"noopener\"><\/a><strong>As 10 principais ferramentas relacionadas e pr\u00f3s e contras<\/strong><\/h3>\n\n\n\n<p class=\"\">Aqui est\u00e3o as 10 principais ferramentas relacionadas a geradores de imagens de IA gratuitos, juntamente com seus pr\u00f3s e contras:<\/p>\n\n\n\n<figure class=\"wp-block-table\"><table class=\"has-fixed-layout\"><thead><tr><th>Ferramenta<\/th><th>Pr\u00f3s<\/th><th>Contras<\/th><\/tr><\/thead><tbody><tr><td><a href=\"https:\/\/aiartfree.online\/pt_br\/gerador-de-imagens-ai-gratuito\/\" target=\"_blank\" rel=\"noreferrer noopener\">Arte em IA gr\u00e1tis on-line<\/a><\/td><td>Interface f\u00e1cil de usar, sa\u00edda de alta qualidade<\/td><td>Op\u00e7\u00f5es de personaliza\u00e7\u00e3o limitadas<\/td><\/tr><tr><td>Gerador de sonhos profundos<\/td><td>Imagens \u00fanicas e on\u00edricas<\/td><td>Controle limitado sobre a sa\u00edda<\/td><\/tr><tr><td>Prisma<\/td><td>Converte fotos em obras de arte em v\u00e1rios estilos<\/td><td>Op\u00e7\u00f5es de personaliza\u00e7\u00e3o limitadas<\/td><\/tr><tr><td>Artbreeder<\/td><td>Cria\u00e7\u00e3o de imagens interativas e orientadas pelo usu\u00e1rio<\/td><td>Curva de aprendizado acentuada<\/td><\/tr><tr><td>Dreamscope<\/td><td>Gerador de imagens com tecnologia de IA com v\u00e1rios estilos<\/td><td>Controle limitado sobre a sa\u00edda<\/td><\/tr><tr><td>Pintor de IA<\/td><td>Cria imagens realistas no estilo de pintura a \u00f3leo<\/td><td>Op\u00e7\u00f5es de personaliza\u00e7\u00e3o limitadas<\/td><\/tr><tr><td>Retratos de IA<\/td><td>Converte fotos em retratos gerados por IA<\/td><td>Controle limitado sobre a sa\u00edda<\/td><\/tr><tr><td>MyDeepArt<\/td><td>Interface f\u00e1cil de usar, sa\u00edda de alta qualidade<\/td><td>Op\u00e7\u00f5es de personaliza\u00e7\u00e3o limitadas<\/td><\/tr><tr><td>Criador de arte com IA<\/td><td>Cria imagens \u00fanicas e abstratas<\/td><td>Controle limitado sobre a sa\u00edda<\/td><\/tr><tr><td>PaintsChainer<\/td><td>Gerador de pinturas com tecnologia de IA com v\u00e1rios estilos<\/td><td>Curva de aprendizado acentuada<\/td><\/tr><\/tbody><\/table><\/figure>\n\n\n\n<h3 class=\"wp-block-heading\" id=\"10-faqs\"><a href=\"https:\/\/dromerosm-groq-llama3.hf.space\/#10-faqs\" target=\"_blank\" rel=\"noopener\"><\/a><strong>10 Perguntas frequentes<\/strong><\/h3>\n\n\n\n<p class=\"\">Aqui est\u00e3o as 10 perguntas mais frequentes sobre geradores de imagens de IA gratuitos:<\/p>\n\n\n\n<ol class=\"wp-block-list\">\n<li class=\"\"><strong>O que \u00e9 um gerador de imagens de IA gratuito?<\/strong>\u00a0Um gerador de imagens com IA gratuito \u00e9 uma ferramenta on-line que usa intelig\u00eancia artificial para gerar imagens de alta qualidade com base na entrada do usu\u00e1rio.<\/li>\n\n\n\n<li class=\"\"><strong>Como funcionam os geradores de imagens de IA gratuitos?<\/strong>\u00a0Os geradores de imagens de IA gratuitos usam algoritmos de aprendizado de m\u00e1quina e t\u00e9cnicas de IA generativas para criar imagens exclusivas e realistas.<\/li>\n\n\n\n<li class=\"\"><strong>Quais s\u00e3o os benef\u00edcios de usar um gerador de imagens de IA gratuito?<\/strong>\u00a0Os geradores de imagens AI gratuitos oferecem benef\u00edcios de economia de tempo, economia de custos e liberdade criativa.<\/li>\n\n\n\n<li class=\"\"><strong>Algu\u00e9m pode usar um gerador de imagens de IA gratuito?<\/strong>\u00a0Sim, qualquer pessoa pode usar um gerador de imagens AI gratuito, independentemente de suas habilidades art\u00edsticas ou experi\u00eancia.<\/li>\n\n\n\n<li class=\"\"><strong>Quais s\u00e3o os cen\u00e1rios adequados para usar um gerador de imagens de IA gratuito?<\/strong>\u00a0Os geradores de imagens AI gratuitos s\u00e3o adequados para a cria\u00e7\u00e3o de conte\u00fado de m\u00eddia social, publicidade, design e projetos de arte.<\/li>\n\n\n\n<li class=\"\"><strong>Como posso usar um gerador de imagens de IA gratuito?<\/strong>\u00a0Basta inserir seu prompt de texto ou um esbo\u00e7o simples, e a ferramenta gerar\u00e1 uma imagem exclusiva.<\/li>\n\n\n\n<li class=\"\"><strong>Qual \u00e9 a qualidade das imagens geradas por geradores de imagens de IA gratuitos?<\/strong>\u00a0Os geradores de imagens de IA gratuitos podem produzir imagens de n\u00edvel profissional que rivalizam com as de designers humanos.<\/li>\n\n\n\n<li class=\"\"><strong>Posso personalizar o resultado de um gerador de imagens AI gratuito?<\/strong>\u00a0Alguns geradores de imagens AI gratuitos oferecem op\u00e7\u00f5es de personaliza\u00e7\u00e3o limitadas, enquanto outros oferecem controles mais avan\u00e7ados.<\/li>\n\n\n\n<li class=\"\"><strong>Os geradores de imagens de IA gratuitos s\u00e3o f\u00e1ceis de usar?<\/strong>\u00a0Sim, a maioria dos geradores de imagens AI gratuitos tem interfaces amig\u00e1veis que facilitam a gera\u00e7\u00e3o de imagens.<\/li>\n\n\n\n<li class=\"\"><strong>Os geradores de imagens de IA gratuitos s\u00e3o de uso livre?<\/strong>\u00a0Sim, a maioria dos geradores de imagens de IA gratuitos \u00e9 de uso livre, sendo que alguns oferecem recursos premium ou assinaturas.<\/li>\n<\/ol>","protected":false},"excerpt":{"rendered":"<p>Create vibrant AI-generated images using advanced AI algorithms and text prompts. Free AI Image Generator: Revolutionizing Visual Content Creation Outline: What is a Free AI Image Generator? A free AI image generator is an online tool that uses artificial intelligence (AI) to generate high-quality images based on user input, such as text prompts or simple &#8230; <a title=\"Gerador de imagens AI gratuito\" class=\"read-more\" href=\"https:\/\/aiartfree.online\/pt_br\/gerador-de-imagens-ai-gratuito\/\" aria-label=\"Read more about Free AI Image Generator\">Ler mais<\/a><\/p>","protected":false},"author":1,"featured_media":0,"parent":0,"menu_order":0,"comment_status":"closed","ping_status":"closed","template":"","meta":{"nf_dc_page":"","footnotes":""},"class_list":["post-3116","page","type-page","status-publish"],"jetpack_sharing_enabled":true,"_links":{"self":[{"href":"https:\/\/aiartfree.online\/pt_br\/wp-json\/wp\/v2\/pages\/3116","targetHints":{"allow":["GET"]}}],"collection":[{"href":"https:\/\/aiartfree.online\/pt_br\/wp-json\/wp\/v2\/pages"}],"about":[{"href":"https:\/\/aiartfree.online\/pt_br\/wp-json\/wp\/v2\/types\/page"}],"author":[{"embeddable":true,"href":"https:\/\/aiartfree.online\/pt_br\/wp-json\/wp\/v2\/users\/1"}],"replies":[{"embeddable":true,"href":"https:\/\/aiartfree.online\/pt_br\/wp-json\/wp\/v2\/comments?post=3116"}],"version-history":[{"count":0,"href":"https:\/\/aiartfree.online\/pt_br\/wp-json\/wp\/v2\/pages\/3116\/revisions"}],"wp:attachment":[{"href":"https:\/\/aiartfree.online\/pt_br\/wp-json\/wp\/v2\/media?parent=3116"}],"curies":[{"name":"wp","href":"https:\/\/api.w.org\/{rel}","templated":true}]}}