{"id":2887,"date":"2024-07-18T11:05:14","date_gmt":"2024-07-18T11:05:14","guid":{"rendered":"https:\/\/aiartfree.online\/?page_id=2887"},"modified":"2025-03-07T08:20:04","modified_gmt":"2025-03-07T08:20:04","slug":"free-online-midjourney","status":"publish","type":"page","link":"https:\/\/aiartfree.online\/pt_br\/viagem-de-meio-de-semana-on-line-gratuita\/","title":{"rendered":"Jornada intermedi\u00e1ria on-line gratuita"},"content":{"rendered":"<h2 class=\"wp-block-heading has-text-align-center\" id=\"what-our-users-made\">O que nossos usu\u00e1rios fizeram<\/h2>\n\n\n\n<figure class=\"gb-block-image gb-block-image-1822da1f\"><img data-recalc-dims=\"1\" decoding=\"async\" loading=\"lazy\" width=\"1200\" height=\"763\" class=\"gb-image gb-image-1822da1f\" src=\"https:\/\/i0.wp.com\/aiartfree.online\/wp-content\/uploads\/2024\/08\/WX20240802-170918%402x.jpg?resize=1200%2C763&#038;ssl=1\" alt=\"O Midjourney \u00e9 uma ferramenta alimentada por IA que permite aos usu\u00e1rios gerar imagens a partir de instru\u00e7\u00f5es de texto. \u00c9 aqui que entra o Midjourney on-line gratuito. Sem limite, sem registro\" title=\"WX20240802-170918@2x\" srcset=\"https:\/\/i0.wp.com\/aiartfree.online\/wp-content\/uploads\/2024\/08\/WX20240802-170918%402x.jpg?w=1918&amp;ssl=1 1918w, https:\/\/i0.wp.com\/aiartfree.online\/wp-content\/uploads\/2024\/08\/WX20240802-170918%402x.jpg?resize=300%2C191&amp;ssl=1 300w, https:\/\/i0.wp.com\/aiartfree.online\/wp-content\/uploads\/2024\/08\/WX20240802-170918%402x.jpg?resize=1024%2C651&amp;ssl=1 1024w, https:\/\/i0.wp.com\/aiartfree.online\/wp-content\/uploads\/2024\/08\/WX20240802-170918%402x.jpg?resize=768%2C489&amp;ssl=1 768w, https:\/\/i0.wp.com\/aiartfree.online\/wp-content\/uploads\/2024\/08\/WX20240802-170918%402x.jpg?resize=1536%2C977&amp;ssl=1 1536w, https:\/\/i0.wp.com\/aiartfree.online\/wp-content\/uploads\/2024\/08\/WX20240802-170918%402x.jpg?resize=18%2C12&amp;ssl=1 18w, https:\/\/i0.wp.com\/aiartfree.online\/wp-content\/uploads\/2024\/08\/WX20240802-170918%402x.jpg?resize=600%2C382&amp;ssl=1 600w\" sizes=\"auto, (max-width: 1200px) 100vw, 1200px\" \/><\/figure>\n\n\n\n<h2 class=\"wp-block-heading\" id=\"how-to-use-the-free-online-midjourney\">Como usar a jornada intermedi\u00e1ria on-line gratuita<\/h2>\n\n\n\n<ol class=\"wp-block-list\">\n<li class=\"\">Insira seus prompts<\/li>\n\n\n\n<li class=\"\">Clique em \"Generate\" (Gerar)<\/li>\n\n\n\n<li class=\"\">Espere, \u00e9 isso mesmo!<\/li>\n<\/ol>\n\n\n\n<p class=\"\">* Sinta-se \u00e0 vontade para experimentar nossos exemplos abaixo se n\u00e3o tiver nenhuma ideia em sua mente<\/p>\n\n\n\n<h3 class=\"wp-block-heading\" id=\"prompt-examples\">Exemplos de prompts<\/h3>\n\n\n\n<ol style=\"font-size:16px\" class=\"wp-block-list\">\n<li class=\"\">ilustra\u00e7\u00e3o de novela gr\u00e1fica altamente detalhada de tirar o f\u00f4lego de morgan freeman pilotando uma motocicleta harley davidson, sombria e corajosa<\/li>\n\n\n\n<li class=\"\">Ilustra\u00e7\u00e3o de romance gr\u00e1fico de tirar o f\u00f4lego Em meio \u00e0 vasta extens\u00e3o de uma nebulosa, um astronauta solit\u00e1rio flutua, amarrado a uma nave estelar luminosa. Os gases radiantes da nebulosa dan\u00e7am ao redor, refletindo cores vibrantes no traje, criando um bal\u00e9 de luz e movimento.<\/li>\n\n\n\n<li class=\"\">Ilustra\u00e7\u00e3o de graphic novel de tirar o f\u00f4lego Em uma encruzilhada em um deserto p\u00f3s-apocal\u00edptico, um andarilho com um viol\u00e3o feito de sucata canta hist\u00f3rias do velho mundo. Criaturas mutantes se re\u00fanem ao redor da fogueira, com os olhos cheios de saudade.<\/li>\n\n\n\n<li class=\"\">Ilustra\u00e7\u00e3o de graphic novel de tirar o f\u00f4lego de uma crian\u00e7a perseguindo borboletas coloridas em um prado vibrante.<\/li>\n\n\n\n<li class=\"\">Ilustra\u00e7\u00e3o de graphic novel de tirar o f\u00f4lego Em uma praia onde as ondas s\u00e3o tecidas com hist\u00f3rias, um contador de hist\u00f3rias com um tear \u00e0 luz da lua cria contos a partir das mar\u00e9s. As conchas sussurram lendas, e o horizonte \u00e9 uma tape\u00e7aria de aventuras ainda a serem contadas.<\/li>\n\n\n\n<li class=\"\">Ilustra\u00e7\u00e3o de romance gr\u00e1fico de tirar o f\u00f4lego de um falc\u00e3o sobrevoando um deserto em busca de uma presa.<\/li>\n\n\n\n<li class=\"\">Ilustra\u00e7\u00e3o de romance gr\u00e1fico de tirar o f\u00f4lego Nas profundezas do c\u00edrculo \u00e1rtico, uma aurora pinta o c\u00e9u com tons vibrantes de verde, rosa e roxo. A neve abaixo reflete essa dan\u00e7a de luzes, e o mundo \u00e9 envolvido em uma sinfonia de cores hipnotizante.<\/li>\n\n\n\n<li class=\"\">Ilustra\u00e7\u00e3o de novela gr\u00e1fica de tirar o f\u00f4lego de um tatuador detalhando um desenho complexo nas costas de um cliente.<\/li>\n\n\n\n<li class=\"\">Ilustra\u00e7\u00e3o de romance gr\u00e1fico de tirar o f\u00f4lego de uma mulher, envolta em sedas coloridas, lendo cartas de tar\u00f4 em uma tenda iluminada por velas.<\/li>\n\n\n\n<li class=\"\">Ilustra\u00e7\u00e3o de novela gr\u00e1fica de tirar o f\u00f4lego de dois espele\u00f3logos mapeando uma caverna profunda, com tochas iluminando o caminho.<\/li>\n<\/ol>\n\n\n\n<figure class=\"gb-block-image gb-block-image-032aac41\"><a href=\"https:\/\/fas.st\/t\/9U4PYbm7\" target=\"_blank\" rel=\"noopener noreferrer\"><img data-recalc-dims=\"1\" decoding=\"async\" loading=\"lazy\" width=\"1200\" height=\"365\" class=\"gb-image gb-image-032aac41\" src=\"https:\/\/i0.wp.com\/aiartfree.online\/wp-content\/uploads\/2025\/03\/WX20250307-115412%402x.webp?resize=1200%2C365&#038;ssl=1\" alt=\"\" title=\"WX20250307-115412@2x\" srcset=\"https:\/\/i0.wp.com\/aiartfree.online\/wp-content\/uploads\/2025\/03\/WX20250307-115412%402x.webp?w=1942&amp;ssl=1 1942w, https:\/\/i0.wp.com\/aiartfree.online\/wp-content\/uploads\/2025\/03\/WX20250307-115412%402x.webp?resize=300%2C91&amp;ssl=1 300w, https:\/\/i0.wp.com\/aiartfree.online\/wp-content\/uploads\/2025\/03\/WX20250307-115412%402x.webp?resize=1024%2C312&amp;ssl=1 1024w, https:\/\/i0.wp.com\/aiartfree.online\/wp-content\/uploads\/2025\/03\/WX20250307-115412%402x.webp?resize=768%2C234&amp;ssl=1 768w, https:\/\/i0.wp.com\/aiartfree.online\/wp-content\/uploads\/2025\/03\/WX20250307-115412%402x.webp?resize=1536%2C467&amp;ssl=1 1536w, https:\/\/i0.wp.com\/aiartfree.online\/wp-content\/uploads\/2025\/03\/WX20250307-115412%402x.webp?resize=18%2C5&amp;ssl=1 18w, https:\/\/i0.wp.com\/aiartfree.online\/wp-content\/uploads\/2025\/03\/WX20250307-115412%402x.webp?resize=600%2C183&amp;ssl=1 600w\" sizes=\"auto, (max-width: 1200px) 100vw, 1200px\" \/><\/a><\/figure>\n\n\n\n<p class=\"\"><em>* Dependendo da velocidade de sua internet, o carregamento do modelo pode demorar alguns segundos.<br>* Haver\u00e1 armazenamento em cache durante a gera\u00e7\u00e3o cont\u00ednua, e a nova imagem aparecer\u00e1 ap\u00f3s cerca de 3 segundos.<\/em><\/p>\n\n\n\n<div class=\"iframe-wrapper\" style=\"position: relative; width: 100%; height: 1230px;\">\n  <div class=\"loading\" style=\"position: absolute; top: 50px; left: 50%; transform: translate(-50%, -50%); width: 40px; height: 40px; border: 3px solid #f0f0f0; border-top: 3px solid #db7093; border-radius: 50%; animation: spin 1s linear infinite;\"><\/div>\n  <iframe loading=\"lazy\" src=\"https:\/\/predatortoabuse-realistic-image-generator-model.static.hf.space\" frameborder=\"0\" width=\"100%\" height=\"100%\" style=\"position: absolute; top: 0; left: 0; opacity: 0; transition: opacity 0.3s;\" onload=\"this.style.opacity=1;this.previousElementSibling.style.display='none';\"><\/iframe>\n<\/div>\n\n<style>\n@keyframes spin {\n  0% { transform: translate(-50%, -50%) rotate(0deg); }\n  100% { transform: translate(-50%, -50%) rotate(360deg); }\n}\n<\/style>\n\n\n\n<div style=\"height:100px\" aria-hidden=\"true\" class=\"wp-block-spacer\"><\/div>\n\n\n\n<h2 class=\"wp-block-heading\" id=\"introduction-of-free-online-midjourney\"><strong>Introdu\u00e7\u00e3o da jornada intermedi\u00e1ria on-line gratuita<\/strong><\/h2>\n\n\n\n<p class=\"\">O Midjourney \u00e9 uma ferramenta com tecnologia de IA que permite aos usu\u00e1rios gerar imagens a partir de instru\u00e7\u00f5es de texto. Com o aumento da arte gerada por IA, o Midjourney se tornou uma ferramenta popular entre os criativos e entusiastas da arte. No entanto, nem todos podem pagar pelo servi\u00e7o. \u00c9 a\u00ed que entra o Midjourney on-line gratuito. Neste artigo, exploraremos o que \u00e9 o Midjourney on-line gratuito, por que voc\u00ea deve us\u00e1-lo, seus benef\u00edcios, quando us\u00e1-lo e quem pode se beneficiar dele. Tamb\u00e9m analisaremos algumas das melhores ferramentas e sites de Midjourney on-line gratuito, seus pr\u00f3s e contras, e responderemos a algumas perguntas frequentes.<\/p>\n\n\n\n<div class=\"wp-block-rank-math-toc-block\" id=\"rank-math-toc\"><h3>\u00cdndice<\/h3><nav><ul><li><a href=\"#prompt-examples\">Exemplos de prompts<\/a><\/li><li><a href=\"#\ufffc-what-is-free-online-midjourney\">O que \u00e9 o Free Online Midjourney?<\/a><\/li><li><a href=\"#\ufffc-why-use-free-online-midjourney\">Por que usar o Free Online Midjourney?<\/a><\/li><li><a href=\"#\ufffc-benefits-of-using-free-online-midjourney\">\ufffcBenef\u00edcios de usar a jornada intermedi\u00e1ria on-line gratuita<\/a><ul><li><a href=\"#\ufffc-1-cost-effective\">\ufffc1. Custo-benef\u00edcio<\/a><\/li><li><a href=\"#\ufffc-2-experimentation\">\ufffc2. Experimenta\u00e7\u00e3o<\/a><\/li><li><a href=\"#\ufffc-3-accessibility\">\ufffc3. Acessibilidade<\/a><\/li><\/ul><\/li><li><a href=\"#\ufffc-when-to-use-free-online-midjourney\">\ufffcQuando usar a jornada intermedi\u00e1ria on-line gratuita<\/a><\/li><li><a href=\"#\ufffc-who-can-benefit-from-free-online-midjourney\">Quem pode se beneficiar da jornada intermedi\u00e1ria on-line gratuita<\/a><ul><li><a href=\"#\ufffc-1-creatives\">\ufffc1. Criativos<\/a><\/li><li><a href=\"#\ufffc-2-students\">\ufffc2. Estudantes<\/a><\/li><li><a href=\"#\ufffc-3-hobbyists\">\ufffc3. Hobbyistas<\/a><\/li><\/ul><\/li><li><a href=\"#\ufffc-free-online-midjourney-tools-and-websites\">Ferramentas e sites on-line gratuitos para a jornada intermedi\u00e1ria<\/a><\/li><li><a href=\"#\ufffc-pros-and-cons-of-free-online-midjourney-tools-and-websites\">Pr\u00f3s e contras das ferramentas e sites gratuitos de meia-entrada on-line<\/a><\/li><li><a href=\"#\ufffc-top-recommendation\">Recomenda\u00e7\u00e3o principal<\/a><\/li><li><a href=\"#\ufffcfaq\">\ufffcFAQ<\/a><ul><li><a href=\"#\ufffc-1-is-free-online-midjourney-safe-to-use\">\ufffc1. \u00c9 seguro usar o Midjourney on-line gratuito?<\/a><\/li><li><a href=\"#\ufffc-2-can-i-use-free-online-midjourney-for-commercial-purposes\">\ufffc2. Posso usar o Midjourney on-line gratuito para fins comerciais?<\/a><\/li><\/ul><\/li><li><a href=\"#\ufffc-3-how-do-i-use-free-online-midjourney\">\ufffc3. Como fa\u00e7o para usar o Midjourney on-line gratuito?<\/a><\/li><\/ul><\/nav><\/div>\n\n\n\n<h3 class=\"wp-block-heading\" id=\"\ufffc-what-is-free-online-midjourney\"><a href=\"https:\/\/dromerosm-groq-llama3.hf.space\/#what-is-free-online-midjourney\" target=\"_blank\" rel=\"noopener\"><\/a><strong>O que \u00e9 o Free Online Midjourney?<\/strong><\/h3>\n\n\n\n<p class=\"\">O Midjourney on-line gratuito \u00e9 uma plataforma baseada na Web que permite que os usu\u00e1rios acessem gratuitamente os recursos de gera\u00e7\u00e3o de imagens com tecnologia de IA do Midjourney. Essas plataformas n\u00e3o exigem que os usu\u00e1rios paguem uma taxa de assinatura ou qualquer outra forma de pagamento para usar o servi\u00e7o.<\/p>\n\n\n\n<h3 class=\"wp-block-heading\" id=\"\ufffc-why-use-free-online-midjourney\"><a href=\"https:\/\/dromerosm-groq-llama3.hf.space\/#why-use-free-online-midjourney\" target=\"_blank\" rel=\"noopener\"><\/a><strong>Por que usar o Free Online Midjourney?<\/strong><\/h3>\n\n\n\n<p class=\"\">O Midjourney on-line gratuito \u00e9 uma \u00f3tima op\u00e7\u00e3o para quem deseja experimentar a arte gerada por IA sem gastar muito. Ele permite que os usu\u00e1rios experimentem diferentes prompts de texto, experimentem estilos diferentes e criem imagens exclusivas sem incorrer em nenhum custo.<\/p>\n\n\n\n<h3 class=\"wp-block-heading\" id=\"\ufffc-benefits-of-using-free-online-midjourney\"><a href=\"https:\/\/dromerosm-groq-llama3.hf.space\/#benefits-of-using-free-online-midjourney\" target=\"_blank\" rel=\"noopener\"><\/a><strong>Benef\u00edcios de usar a jornada intermedi\u00e1ria on-line gratuita<\/strong><\/h3>\n\n\n\n<h4 class=\"wp-block-heading\" id=\"\ufffc-1-cost-effective\"><a href=\"https:\/\/dromerosm-groq-llama3.hf.space\/#1-cost-effective\" target=\"_blank\" rel=\"noopener\"><\/a>1. Custo-benef\u00edcio<\/h4>\n\n\n\n<p class=\"\">O Midjourney on-line gratuito \u00e9 uma op\u00e7\u00e3o econ\u00f4mica para aqueles que desejam acessar os recursos de gera\u00e7\u00e3o de imagens com tecnologia de IA do Midjourney sem pagar uma taxa de assinatura.<\/p>\n\n\n\n<h4 class=\"wp-block-heading\" id=\"\ufffc-2-experimentation\"><a href=\"https:\/\/dromerosm-groq-llama3.hf.space\/#c8062562\" target=\"_blank\" rel=\"noopener\"><\/a>2. Experimenta\u00e7\u00e3o<\/h4>\n\n\n\n<p class=\"\">O Midjourney on-line gratuito permite que os usu\u00e1rios experimentem diferentes prompts de texto, estilos e imagens sem incorrer em nenhum custo.<\/p>\n\n\n\n<h4 class=\"wp-block-heading\" id=\"\ufffc-3-accessibility\"><a href=\"https:\/\/dromerosm-groq-llama3.hf.space\/#3-accessibility\" target=\"_blank\" rel=\"noopener\"><\/a>3. Acessibilidade<\/h4>\n\n\n\n<p class=\"\">O Midjourney on-line gratuito torna a arte gerada por IA acess\u00edvel a todos, independentemente de seu n\u00edvel de renda ou localiza\u00e7\u00e3o.<\/p>\n\n\n\n<h3 class=\"wp-block-heading\" id=\"\ufffc-when-to-use-free-online-midjourney\"><a href=\"https:\/\/dromerosm-groq-llama3.hf.space\/#when-to-use-free-online-midjourney\" target=\"_blank\" rel=\"noopener\"><\/a><strong>Quando usar a meia-entrada on-line gratuita<\/strong><\/h3>\n\n\n\n<p class=\"\">O Midjourney on-line gratuito \u00e9 adequado para qualquer pessoa que queira fazer experi\u00eancias com arte gerada por IA, criativos que queiram experimentar novas ideias e estudantes que queiram aprender sobre a gera\u00e7\u00e3o de imagens com IA.<\/p>\n\n\n\n<h3 class=\"wp-block-heading\" id=\"\ufffc-who-can-benefit-from-free-online-midjourney\"><a href=\"https:\/\/dromerosm-groq-llama3.hf.space\/#who-can-benefit-from-free-online-midjourney\" target=\"_blank\" rel=\"noopener\"><\/a><strong>Quem pode se beneficiar da jornada intermedi\u00e1ria on-line gratuita<\/strong><\/h3>\n\n\n\n<p class=\"\">O Midjourney on-line gratuito \u00e9 adequado para:<\/p>\n\n\n\n<h4 class=\"wp-block-heading\" id=\"\ufffc-1-creatives\"><a href=\"https:\/\/dromerosm-groq-llama3.hf.space\/#765b3dbc\" target=\"_blank\" rel=\"noopener\"><\/a>1. Criativos<\/h4>\n\n\n\n<p class=\"\">O Midjourney on-line gratuito \u00e9 uma \u00f3tima op\u00e7\u00e3o para criativos que desejam experimentar novas ideias e criar imagens exclusivas.<\/p>\n\n\n\n<h4 class=\"wp-block-heading\" id=\"\ufffc-2-students\"><a href=\"https:\/\/dromerosm-groq-llama3.hf.space\/#c65bfb05\" target=\"_blank\" rel=\"noopener\"><\/a>2. Estudantes<\/h4>\n\n\n\n<p class=\"\">Os alunos que desejam aprender sobre a gera\u00e7\u00e3o de imagens com tecnologia de IA podem se beneficiar do uso do Midjourney on-line gratuito.<\/p>\n\n\n\n<h4 class=\"wp-block-heading\" id=\"\ufffc-3-hobbyists\"><a href=\"https:\/\/dromerosm-groq-llama3.hf.space\/#147c273b\" target=\"_blank\" rel=\"noopener\"><\/a>3. Hobbyistas<\/h4>\n\n\n\n<p class=\"\">Os amadores que desejam experimentar a arte gerada por IA sem incorrer em nenhum custo podem se beneficiar do uso do Midjourney on-line gratuito.<\/p>\n\n\n\n<h3 class=\"wp-block-heading\" id=\"\ufffc-free-online-midjourney-tools-and-websites\"><a href=\"https:\/\/dromerosm-groq-llama3.hf.space\/#free-online-midjourney-tools-and-websites\" target=\"_blank\" rel=\"noopener\"><\/a><strong>Ferramentas e sites de meia-entrada on-line gratuitos<\/strong><\/h3>\n\n\n\n<p class=\"\">Aqui est\u00e3o algumas das melhores ferramentas e sites gratuitos de Midjourney on-line:<\/p>\n\n\n\n<figure class=\"wp-block-table\"><table class=\"has-fixed-layout\"><thead><tr><th>Site<\/th><th>Descri\u00e7\u00e3o<\/th><\/tr><\/thead><tbody><tr><td><a href=\"https:\/\/aiartfree.online\/pt_br\/viagem-de-meio-de-semana-on-line-gratuita\/\" target=\"_blank\" rel=\"noreferrer noopener\">Arte em IA gr\u00e1tis on-line<\/a><\/td><td>O AI Art Free Online \u00e9 uma ferramenta Midjourney on-line gratuita que permite aos usu\u00e1rios gerar imagens a partir de instru\u00e7\u00f5es de texto.<\/td><\/tr><tr><td><a href=\"https:\/\/deepdreamgenerator.com\/\" target=\"_blank\" rel=\"noreferrer noopener\">Gerador de sonhos profundos<\/a><\/td><td>O Deep Dream Generator \u00e9 uma ferramenta de jornada intermedi\u00e1ria on-line gratuita que usa uma rede neural para gerar imagens a partir de solicita\u00e7\u00f5es de texto.<\/td><\/tr><tr><td><a href=\"https:\/\/www.artbreeder.com\/\" target=\"_blank\" rel=\"noreferrer noopener\">Artbreeder<\/a><\/td><td>Artbreeder \u00e9 uma plataforma on-line gratuita que permite que os usu\u00e1rios gerem obras de arte originais usando uma combina\u00e7\u00e3o de IA e informa\u00e7\u00f5es do usu\u00e1rio.<\/td><\/tr><tr><td><a href=\"https:\/\/prism.app\/\" target=\"_blank\" rel=\"noreferrer noopener\">Prisma<\/a><\/td><td>O Prism \u00e9 uma ferramenta on-line e gratuita de Midjourney que usa IA para gerar imagens a partir de prompts de texto.<\/td><\/tr><tr><td><a href=\"https:\/\/mydeepart.com\/\" target=\"_blank\" rel=\"noreferrer noopener\">MyDeepArt<\/a><\/td><td>O MyDeepArt \u00e9 uma ferramenta on-line gratuita do Midjourney que permite aos usu\u00e1rios gerar imagens a partir de instru\u00e7\u00f5es de texto.<\/td><\/tr><\/tbody><\/table><\/figure>\n\n\n\n<h3 class=\"wp-block-heading\" id=\"\ufffc-pros-and-cons-of-free-online-midjourney-tools-and-websites\"><a href=\"https:\/\/dromerosm-groq-llama3.hf.space\/#pros-and-cons-of-free-online-midjourney-tools-and-websites\" target=\"_blank\" rel=\"noopener\"><\/a><strong>Pr\u00f3s e contras de ferramentas e sites gratuitos de jornada intermedi\u00e1ria on-line<\/strong><\/h3>\n\n\n\n<figure class=\"wp-block-table\"><table class=\"has-fixed-layout\"><thead><tr><th>Site<\/th><th>Pr\u00f3s<\/th><th>Contras<\/th><\/tr><\/thead><tbody><tr><td>Arte em IA gr\u00e1tis on-line<\/td><td>Econ\u00f4mico e f\u00e1cil de usar<\/td><td>Recursos limitados<\/td><\/tr><tr><td>Gerador de sonhos profundos<\/td><td>Gera imagens de alta qualidade e \u00e9 f\u00e1cil de usar<\/td><td>Op\u00e7\u00f5es de personaliza\u00e7\u00e3o limitadas<\/td><\/tr><tr><td>Artbreeder<\/td><td>Permite um alto n\u00edvel de personaliza\u00e7\u00e3o e gera imagens exclusivas<\/td><td>Curva de aprendizado acentuada<\/td><\/tr><tr><td>Prisma<\/td><td>Tempo de processamento r\u00e1pido, imagens de alta qualidade<\/td><td>Recursos limitados<\/td><\/tr><tr><td>MyDeepArt<\/td><td>Gera imagens de alta qualidade e \u00e9 f\u00e1cil de usar<\/td><td>Op\u00e7\u00f5es de personaliza\u00e7\u00e3o limitadas<\/td><\/tr><\/tbody><\/table><\/figure>\n\n\n\n<h3 class=\"wp-block-heading\" id=\"\ufffc-top-recommendation\"><a href=\"https:\/\/dromerosm-groq-llama3.hf.space\/#top-recommendation\" target=\"_blank\" rel=\"noopener\"><\/a><strong>Recomenda\u00e7\u00e3o principal<\/strong><\/h3>\n\n\n\n<p class=\"\">Com base em nossa pesquisa, recomendamos fortemente&nbsp;<a href=\"https:\/\/aiartfree.online\/pt_br\/viagem-de-meio-de-semana-on-line-gratuita\/\" target=\"_blank\" rel=\"noreferrer noopener\">Arte em IA gr\u00e1tis on-line<\/a>&nbsp;por sua facilidade de uso, custo-benef\u00edcio e imagens de alta qualidade.<\/p>\n\n\n\n<h3 class=\"wp-block-heading\" id=\"\ufffcfaq\"><a href=\"https:\/\/dromerosm-groq-llama3.hf.space\/#faq\" target=\"_blank\" rel=\"noopener\"><\/a><strong>PERGUNTAS FREQUENTES<\/strong><\/h3>\n\n\n\n<p class=\"\">Aqui est\u00e3o algumas perguntas frequentes sobre o Midjourney on-line gratuito:<\/p>\n\n\n\n<h4 class=\"wp-block-heading\" id=\"\ufffc-1-is-free-online-midjourney-safe-to-use\"><a href=\"https:\/\/dromerosm-groq-llama3.hf.space\/#f3b6b435\" target=\"_blank\" rel=\"noopener\"><\/a>1. O Midjourney online gratuito \u00e9 seguro?<\/h4>\n\n\n\n<p class=\"\">Sim, \u00e9 seguro usar o Midjourney on-line gratuito. No entanto, \u00e9 sempre uma boa ideia ler os termos e condi\u00e7\u00f5es de cada site antes de usar seus servi\u00e7os.<\/p>\n\n\n\n<h4 class=\"wp-block-heading\" id=\"\ufffc-2-can-i-use-free-online-midjourney-for-commercial-purposes\"><a href=\"https:\/\/dromerosm-groq-llama3.hf.space\/#a6471d09\" target=\"_blank\" rel=\"noopener\"><\/a>2. Posso usar o Midjourney on-line gratuito para fins comerciais?<\/h4>\n\n\n\n<p class=\"\">Algumas ferramentas e sites de Midjourney on-line gratuitos permitem o uso comercial, enquanto outros n\u00e3o. Certifique-se de verificar os termos e condi\u00e7\u00f5es de cada site antes de usar seus servi\u00e7os para fins comerciais.<\/p>\n\n\n\n<h3 class=\"wp-block-heading\" id=\"\ufffc-3-how-do-i-use-free-online-midjourney\"><a href=\"https:\/\/dromerosm-groq-llama3.hf.space\/#e4d0e51e\" target=\"_blank\" rel=\"noopener\"><\/a>3. Como fa\u00e7o para usar o Midjourney on-line gratuito?<\/h3>\n\n\n\n<p class=\"\">Usar o Midjourney on-line gratuito \u00e9 simples. Basta acessar o site, digitar seu texto e clicar em gerar. Em seguida, voc\u00ea pode fazer o download da imagem gerada ou us\u00e1-la para a finalidade desejada.<\/p>\n\n\n\n<p class=\"\">Aqui est\u00e3o 10 sites que fornecem as informa\u00e7\u00f5es mais recentes sobre o Midjourney on-line gratuito:<\/p>\n\n\n\n<ol class=\"wp-block-list\">\n<li class=\"\"><a href=\"https:\/\/aiartfree.online\/pt_br\/viagem-de-meio-de-semana-on-line-gratuita\/\" target=\"_blank\" rel=\"noreferrer noopener\">Arte em IA gr\u00e1tis on-line<\/a>&nbsp;- O AI Art Free Online oferece uma ferramenta Midjourney on-line gratuita que gera imagens a partir de prompts de texto.<\/li>\n\n\n\n<li class=\"\"><a href=\"https:\/\/deepdreamgenerator.com\/\" target=\"_blank\" rel=\"noreferrer noopener\">Gerador de sonhos profundos<\/a>&nbsp;- O Deep Dream Generator usa uma rede neural para gerar imagens a partir de solicita\u00e7\u00f5es de texto.<\/li>\n\n\n\n<li class=\"\"><a href=\"https:\/\/www.artbreeder.com\/\" target=\"_blank\" rel=\"noreferrer noopener\">Artbreeder<\/a>&nbsp;- Artbreeder \u00e9 uma plataforma on-line gratuita que permite que os usu\u00e1rios gerem obras de arte originais usando uma combina\u00e7\u00e3o de IA e informa\u00e7\u00f5es do usu\u00e1rio.<\/li>\n\n\n\n<li class=\"\"><a href=\"https:\/\/prism.app\/\" target=\"_blank\" rel=\"noreferrer noopener\">Prisma<\/a>&nbsp;- O Prism \u00e9 uma ferramenta on-line e gratuita de Midjourney que usa IA para gerar imagens a partir de prompts de texto.<\/li>\n\n\n\n<li class=\"\"><a href=\"https:\/\/mydeepart.com\/\" target=\"_blank\" rel=\"noreferrer noopener\">MyDeepArt<\/a>&nbsp;- O MyDeepArt \u00e9 uma ferramenta on-line gratuita do Midjourney que permite aos usu\u00e1rios gerar imagens a partir de instru\u00e7\u00f5es de texto.<\/li>\n\n\n\n<li class=\"\"><a href=\"https:\/\/midjourney.com\/\" target=\"_blank\" rel=\"noreferrer noopener\">Meio da jornada<\/a>&nbsp;- A Midjourney \u00e9 uma plataforma de gera\u00e7\u00e3o de imagens com tecnologia de IA que oferece uma avalia\u00e7\u00e3o gratuita.<\/li>\n\n\n\n<li class=\"\"><a href=\"https:\/\/techcrunch.com\/\" target=\"_blank\" rel=\"noreferrer noopener\">TechCrunch<\/a>&nbsp;- O TechCrunch fornece as \u00faltimas not\u00edcias e atualiza\u00e7\u00f5es sobre arte gerada por IA e ferramentas on-line gratuitas de Midjourney.<\/li>\n\n\n\n<li class=\"\"><a href=\"https:\/\/www.theverge.com\/\" target=\"_blank\" rel=\"noreferrer noopener\">The Verge<\/a>&nbsp;- O The Verge fornece as \u00faltimas not\u00edcias e atualiza\u00e7\u00f5es sobre arte gerada por IA e ferramentas on-line gratuitas de Midjourney.<\/li>\n\n\n\n<li class=\"\"><a href=\"https:\/\/news.artnet.com\/\" target=\"_blank\" rel=\"noreferrer noopener\">Artnet<\/a>&nbsp;- A Artnet fornece as \u00faltimas not\u00edcias e atualiza\u00e7\u00f5es sobre arte gerada por IA e ferramentas on-line gratuitas de Midjourney.<\/li>\n\n\n\n<li class=\"\"><a href=\"https:\/\/aitimejournal.com\/\" target=\"_blank\" rel=\"noreferrer noopener\">Di\u00e1rio do tempo de IA<\/a>&nbsp;- O AI Time Journal fornece as \u00faltimas not\u00edcias e atualiza\u00e7\u00f5es sobre arte gerada por IA e ferramentas on-line gratuitas de Midjourney.<\/li>\n<\/ol>","protected":false},"excerpt":{"rendered":"<p>What our users made How to use the Free Online Midjourney * Feel free to try our examples below if you don&#8217;t have any thoughts in your mind Prompt Examples *&nbsp;Depending on your internet speed, loading the model may take a few seconds.* There will be caching during continuous generation, and the new image will &#8230; <a title=\"Jornada intermedi\u00e1ria on-line gratuita\" class=\"read-more\" href=\"https:\/\/aiartfree.online\/pt_br\/viagem-de-meio-de-semana-on-line-gratuita\/\" aria-label=\"Read more about Free Online Midjourney\">Ler mais<\/a><\/p>","protected":false},"author":1,"featured_media":3528,"parent":0,"menu_order":0,"comment_status":"open","ping_status":"closed","template":"","meta":{"nf_dc_page":"","footnotes":""},"class_list":["post-2887","page","type-page","status-publish","has-post-thumbnail"],"jetpack_sharing_enabled":true,"_links":{"self":[{"href":"https:\/\/aiartfree.online\/pt_br\/wp-json\/wp\/v2\/pages\/2887","targetHints":{"allow":["GET"]}}],"collection":[{"href":"https:\/\/aiartfree.online\/pt_br\/wp-json\/wp\/v2\/pages"}],"about":[{"href":"https:\/\/aiartfree.online\/pt_br\/wp-json\/wp\/v2\/types\/page"}],"author":[{"embeddable":true,"href":"https:\/\/aiartfree.online\/pt_br\/wp-json\/wp\/v2\/users\/1"}],"replies":[{"embeddable":true,"href":"https:\/\/aiartfree.online\/pt_br\/wp-json\/wp\/v2\/comments?post=2887"}],"version-history":[{"count":2,"href":"https:\/\/aiartfree.online\/pt_br\/wp-json\/wp\/v2\/pages\/2887\/revisions"}],"predecessor-version":[{"id":3599,"href":"https:\/\/aiartfree.online\/pt_br\/wp-json\/wp\/v2\/pages\/2887\/revisions\/3599"}],"wp:featuredmedia":[{"embeddable":true,"href":"https:\/\/aiartfree.online\/pt_br\/wp-json\/wp\/v2\/media\/3528"}],"wp:attachment":[{"href":"https:\/\/aiartfree.online\/pt_br\/wp-json\/wp\/v2\/media?parent=2887"}],"curies":[{"name":"wp","href":"https:\/\/api.w.org\/{rel}","templated":true}]}}