{"id":78,"date":"2022-05-10T20:33:06","date_gmt":"2022-05-10T19:33:06","guid":{"rendered":"https:\/\/gp-inbound.wordifysites.com\/?page_id=78"},"modified":"2024-07-20T16:28:52","modified_gmt":"2024-07-20T16:28:52","slug":"about-us","status":"publish","type":"page","link":"https:\/\/aiartfree.online\/pt\/sobre-nos\/","title":{"rendered":"Sobre n\u00f3s"},"content":{"rendered":"<section class=\"gb-container gb-container-8cf8b04f\">\n<div class=\"gb-container gb-container-dfac1555\">\n\n<h2 class=\"gb-headline gb-headline-608020c5 gb-headline-text\">Libertar a criatividade com ferramentas art\u00edsticas de IA de vanguarda<\/h2>\n\n\n\n<p class=\"gb-headline gb-headline-7330c428 gb-headline-text\">Bem-vindo ao Free AI Art Generator, onde a criatividade se encontra com a tecnologia de ponta. A nossa plataforma aproveita o poder dos algoritmos de IA de \u00faltima gera\u00e7\u00e3o e da IA generativa para transformar os seus pedidos de texto em obras de arte impressionantes e vibrantes. <\/p>\n\n\n\n<p class=\"\">A nossa miss\u00e3o \u00e9 democratizar a cria\u00e7\u00e3o art\u00edstica atrav\u00e9s da oferta de um conjunto de ferramentas gratuitas, alimentadas por IA, que permitem aos utilizadores criar sem esfor\u00e7o imagens geradas por IA e explorar o potencial da intelig\u00eancia artificial na arte. Quer seja um artista experiente ou um principiante curioso, as nossas ferramentas foram concebidas para melhorar o seu processo criativo, fornecendo resultados de alta qualidade com uma experi\u00eancia de utilizador perfeita. <\/p>\n\n\n\n<p class=\"\">Junte-se \u00e0 nossa comunidade e descubra o futuro da arte com o Free AI Art Generator - onde a imagina\u00e7\u00e3o e a tecnologia se juntam.<\/p>\n\n<\/div>\n\n<div class=\"gb-container gb-container-49e56edb\">\n\n<figure class=\"gb-block-image gb-block-image-ad6d2ba8\"><img data-recalc-dims=\"1\" decoding=\"async\" loading=\"lazy\" width=\"600\" height=\"430\" class=\"gb-image gb-image-ad6d2ba8\" src=\"https:\/\/i0.wp.com\/aiartfree.online\/wp-content\/uploads\/2024\/07\/work-stay-at-home-illustration-man-with-computer-6VFUTBK-1.png?resize=600%2C430&#038;ssl=1\" alt=\"Gerador de arte AI gratuito\" title=\"trabalho-ficar-em-casa-ilustra\u00e7\u00e3o-homem-com-computador-6VFUTBK-1.png\" srcset=\"https:\/\/i0.wp.com\/aiartfree.online\/wp-content\/uploads\/2024\/07\/work-stay-at-home-illustration-man-with-computer-6VFUTBK-1.png?w=600&amp;ssl=1 600w, https:\/\/i0.wp.com\/aiartfree.online\/wp-content\/uploads\/2024\/07\/work-stay-at-home-illustration-man-with-computer-6VFUTBK-1.png?resize=300%2C215&amp;ssl=1 300w, https:\/\/i0.wp.com\/aiartfree.online\/wp-content\/uploads\/2024\/07\/work-stay-at-home-illustration-man-with-computer-6VFUTBK-1.png?resize=18%2C12&amp;ssl=1 18w\" sizes=\"auto, (max-width: 600px) 100vw, 600px\" \/><\/figure>\n\n<\/div>\n<\/section>\n\n<section class=\"gb-container gb-container-e4cc5e2c\">\n<div class=\"gb-container gb-container-3ceba49d\">\n<div class=\"gb-container gb-container-c05d1bd2\">\n\n<p class=\"\"> <\/p>\n\n<\/div>\n\n<div class=\"gb-container gb-container-e687e67e\">\n\n<h2 class=\"gb-headline gb-headline-c10d1bd9 gb-headline-text\">Porqu\u00ea escolher-nos<\/h2>\n\n\n\n<p class=\"gb-headline gb-headline-3ace5b05 gb-headline-text\">No Free AI Art Generator, fornecemos uma plataforma criativa excecional para gerar obras de arte em IA de alta qualidade. Eis porque \u00e9 que o nosso servi\u00e7o se destaca:<\/p>\n\n\n<div class=\"gb-container gb-container-2d10fbab\">\n<div class=\"gb-container gb-container-e7e2767f\">\n\n<div class=\"gb-headline gb-headline-4a6740d2\"><span class=\"gb-icon\"><svg xmlns=\"http:\/\/www.w3.org\/2000\/svg\" viewbox=\"0 0 512 512\" width=\"1em\" height=\"1em\" aria-hidden=\"true\"><path d=\"M173.898 439.404l-166.4-166.4c-9.997-9.997-9.997-26.206 0-36.204l36.203-36.204c9.997-9.998 26.207-9.998 36.204 0L192 312.69 432.095 72.596c9.997-9.997 26.207-9.997 36.204 0l36.203 36.204c9.997 9.997 9.997 26.206 0 36.204l-294.4 294.401c-9.998 9.997-26.207 9.997-36.204-.001z\" fill=\"currentColor\"><\/path><\/svg><\/span><\/div>\n\n<\/div>\n\n<div class=\"gb-container gb-container-0304ef5f\">\n\n<p class=\"gb-headline gb-headline-624d17cc gb-headline-text\">Tecnologia avan\u00e7ada de IA<\/p>\n\n\n\n<p class=\"gb-headline gb-headline-6875360d gb-headline-text\">As nossas ferramentas utilizam algoritmos de IA de \u00faltima gera\u00e7\u00e3o e IA generativa para transformar mensagens de texto em imagens vibrantes geradas por IA. Com funcionalidades como o ajuste fino e a difus\u00e3o est\u00e1vel, pode criar facilmente trabalhos art\u00edsticos pormenorizados e deslumbrantes.<\/p>\n\n<\/div>\n<\/div>\n\n<div class=\"gb-container gb-container-42092c04\">\n<div class=\"gb-container gb-container-71ee177a\">\n\n<div class=\"gb-headline gb-headline-36fc3e3e\"><span class=\"gb-icon\"><svg xmlns=\"http:\/\/www.w3.org\/2000\/svg\" viewbox=\"0 0 512 512\" width=\"1em\" height=\"1em\" aria-hidden=\"true\"><path d=\"M173.898 439.404l-166.4-166.4c-9.997-9.997-9.997-26.206 0-36.204l36.203-36.204c9.997-9.998 26.207-9.998 36.204 0L192 312.69 432.095 72.596c9.997-9.997 26.207-9.997 36.204 0l36.203 36.204c9.997 9.997 9.997 26.206 0 36.204l-294.4 294.401c-9.998 9.997-26.207 9.997-36.204-.001z\" fill=\"currentColor\"><\/path><\/svg><\/span><\/div>\n\n<\/div>\n\n<div class=\"gb-container gb-container-bb23dd8a\">\n\n<p class=\"gb-headline gb-headline-11e332ea gb-headline-text\">Experi\u00eancia de f\u00e1cil utiliza\u00e7\u00e3o<\/p>\n\n\n\n<p class=\"gb-headline gb-headline-1433451e gb-headline-text\">Concebida tendo em mente a experi\u00eancia do utilizador, a nossa plataforma assegura um processo sem falhas, desde a entrada at\u00e9 \u00e0 imagem final. Quer seja um artista profissional ou um principiante, as nossas ferramentas de arte baseadas em IA s\u00e3o intuitivas e acess\u00edveis.<\/p>\n\n<\/div>\n<\/div>\n\n<div class=\"gb-container gb-container-6a2056be\">\n<div class=\"gb-container gb-container-aade45e2\">\n\n<div class=\"gb-headline gb-headline-87d36e38\"><span class=\"gb-icon\"><svg xmlns=\"http:\/\/www.w3.org\/2000\/svg\" viewbox=\"0 0 512 512\" width=\"1em\" height=\"1em\" aria-hidden=\"true\"><path d=\"M173.898 439.404l-166.4-166.4c-9.997-9.997-9.997-26.206 0-36.204l36.203-36.204c9.997-9.998 26.207-9.998 36.204 0L192 312.69 432.095 72.596c9.997-9.997 26.207-9.997 36.204 0l36.203 36.204c9.997 9.997 9.997 26.206 0 36.204l-294.4 294.401c-9.998 9.997-26.207 9.997-36.204-.001z\" fill=\"currentColor\"><\/path><\/svg><\/span><\/div>\n\n<\/div>\n\n<div class=\"gb-container gb-container-07d4fbf6\">\n\n<p class=\"gb-headline gb-headline-d1c00e48 gb-headline-text\">Gratuito e acess\u00edvel<\/p>\n\n\n\n<p class=\"gb-headline gb-headline-3a9ff30b gb-headline-text\">Oferecemos as nossas ferramentas art\u00edsticas de ponta gratuitamente, permitindo-lhe explorar o potencial da intelig\u00eancia artificial na arte sem qualquer custo. Partilhe as suas cria\u00e7\u00f5es geradas por IA nas redes sociais e desfrute dos benef\u00edcios da arte de IA gratuita e de alta qualidade.<\/p>\n\n<\/div>\n<\/div>\n<\/div>\n<\/div>\n<\/section>","protected":false},"excerpt":{"rendered":"<p>Unleashing Creativity with Cutting-Edge AI Art Tools Welcome to Free AI Art Generator, where creativity meets cutting-edge technology. Our platform harnesses the power of state-of-the-art AI algorithms and generative AI to transform your text prompts into stunning, vibrant artworks. Our mission is to democratize art creation by offering a suite of free, AI-powered tools that &#8230; <a title=\"Sobre n\u00f3s\" class=\"read-more\" href=\"https:\/\/aiartfree.online\/pt\/sobre-nos\/\" aria-label=\"Leia mais sobre About Us\">Ler mais<\/a><\/p>","protected":false},"author":1,"featured_media":0,"parent":0,"menu_order":0,"comment_status":"open","ping_status":"closed","template":"","meta":{"nf_dc_page":"","footnotes":""},"class_list":["post-78","page","type-page","status-publish"],"jetpack_sharing_enabled":true,"_links":{"self":[{"href":"https:\/\/aiartfree.online\/pt\/wp-json\/wp\/v2\/pages\/78","targetHints":{"allow":["GET"]}}],"collection":[{"href":"https:\/\/aiartfree.online\/pt\/wp-json\/wp\/v2\/pages"}],"about":[{"href":"https:\/\/aiartfree.online\/pt\/wp-json\/wp\/v2\/types\/page"}],"author":[{"embeddable":true,"href":"https:\/\/aiartfree.online\/pt\/wp-json\/wp\/v2\/users\/1"}],"replies":[{"embeddable":true,"href":"https:\/\/aiartfree.online\/pt\/wp-json\/wp\/v2\/comments?post=78"}],"version-history":[{"count":0,"href":"https:\/\/aiartfree.online\/pt\/wp-json\/wp\/v2\/pages\/78\/revisions"}],"wp:attachment":[{"href":"https:\/\/aiartfree.online\/pt\/wp-json\/wp\/v2\/media?parent=78"}],"curies":[{"name":"wp","href":"https:\/\/api.w.org\/{rel}","templated":true}]}}