{"id":3445,"date":"2024-08-01T18:39:36","date_gmt":"2024-08-01T18:39:36","guid":{"rendered":"https:\/\/aiartfree.online\/?page_id=3445"},"modified":"2025-03-07T08:17:45","modified_gmt":"2025-03-07T08:17:45","slug":"unblur-image","status":"publish","type":"page","link":"https:\/\/aiartfree.online\/pt\/desfocar-a-imagem\/","title":{"rendered":"Desfocar imagem"},"content":{"rendered":"<h2 class=\"wp-block-heading has-text-align-center\" id=\"before-vs-after\">Antes e depois<\/h2>\n\n\n\n<figure class=\"gb-block-image gb-block-image-1822da1f\"><img data-recalc-dims=\"1\" decoding=\"async\" loading=\"lazy\" width=\"1200\" height=\"704\" class=\"gb-image gb-image-1822da1f\" src=\"https:\/\/i0.wp.com\/aiartfree.online\/wp-content\/uploads\/2024\/08\/WX20240801-215741%402x-scaled.webp?resize=1200%2C704&#038;ssl=1\" alt=\"Desfocar uma imagem online com a nossa ferramenta de IA. 100% gr\u00e1tis, sem necessidade de registo e com utiliza\u00e7\u00e3o ilimitada. Melhore a qualidade da imagem, remova o desfoque e corrija fotos desfocadas para o amor.\" title=\"WX20240801-215741@2x\" srcset=\"https:\/\/i0.wp.com\/aiartfree.online\/wp-content\/uploads\/2024\/08\/WX20240801-215741%402x-scaled.webp?w=2560&amp;ssl=1 2560w, https:\/\/i0.wp.com\/aiartfree.online\/wp-content\/uploads\/2024\/08\/WX20240801-215741%402x-scaled.webp?resize=300%2C176&amp;ssl=1 300w, https:\/\/i0.wp.com\/aiartfree.online\/wp-content\/uploads\/2024\/08\/WX20240801-215741%402x-scaled.webp?resize=1024%2C601&amp;ssl=1 1024w, https:\/\/i0.wp.com\/aiartfree.online\/wp-content\/uploads\/2024\/08\/WX20240801-215741%402x-scaled.webp?resize=768%2C451&amp;ssl=1 768w, https:\/\/i0.wp.com\/aiartfree.online\/wp-content\/uploads\/2024\/08\/WX20240801-215741%402x-scaled.webp?resize=1536%2C901&amp;ssl=1 1536w, https:\/\/i0.wp.com\/aiartfree.online\/wp-content\/uploads\/2024\/08\/WX20240801-215741%402x-scaled.webp?resize=2048%2C1202&amp;ssl=1 2048w, https:\/\/i0.wp.com\/aiartfree.online\/wp-content\/uploads\/2024\/08\/WX20240801-215741%402x-scaled.webp?resize=18%2C12&amp;ssl=1 18w, https:\/\/i0.wp.com\/aiartfree.online\/wp-content\/uploads\/2024\/08\/WX20240801-215741%402x-scaled.webp?resize=600%2C352&amp;ssl=1 600w, https:\/\/i0.wp.com\/aiartfree.online\/wp-content\/uploads\/2024\/08\/WX20240801-215741%402x-scaled.webp?w=2400&amp;ssl=1 2400w\" sizes=\"auto, (max-width: 1200px) 100vw, 1200px\" \/><\/figure>\n\n\n\n<h2 class=\"wp-block-heading\" id=\"how-to-use-the-unblur-image\">Como utilizar a op\u00e7\u00e3o Desfocar imagem<\/h2>\n\n\n\n<ol class=\"wp-block-list\">\n<li class=\"\">Carregar a sua imagem<\/li>\n\n\n\n<li class=\"\">Clique em \"Submeter\"<\/li>\n\n\n\n<li class=\"\">Espera, \u00e9 isso mesmo!<\/li>\n<\/ol>\n\n\n\n<a class=\"gb-button gb-button-113f8659 gb-button-text\" href=\"https:\/\/www.basedlabs.ai\/apps\/ai-image-upscaler?via=rocnubi\" target=\"_blank\" rel=\"noopener noreferrer\">Try Latest Upscaler AI Now <\/a>\n\n\n\n<p class=\"\"><em>* Dependendo da velocidade da sua Internet, o carregamento do modelo pode demorar <\/em>at\u00e9 10 segundos \u2193<\/p>\n\n\n\n<div class=\"iframe-wrapper\" style=\"position: relative; width: 100%; height: 1700px;\">\n  <div class=\"loading\" style=\"position: absolute; top: 50px; left: 50%; transform: translate(-50%, -50%); width: 40px; height: 40px; border: 3px solid #f0f0f0; border-top: 3px solid #db7093; border-radius: 50%; animation: spin 1s linear infinite;\"><\/div>\n  <iframe loading=\"lazy\" src=\"https:\/\/algoworks-image-face-upscale-restoration-gfpgan-pub.hf.space\" frameborder=\"0\" width=\"100%\" height=\"100%\" style=\"position: absolute; top: 0; left: 0; opacity: 0; transition: opacity 0.3s;\" onload=\"this.style.opacity=1;this.previousElementSibling.style.display='none';\"><\/iframe>\n<\/div>\n\n<style>\n@keyframes spin {\n  0% { transform: translate(-50%, -50%) rotate(0deg); }\n  100% { transform: translate(-50%, -50%) rotate(360deg); }\n}\n<\/style>\n\n\n\n<div style=\"height:60px\" aria-hidden=\"true\" class=\"wp-block-spacer\"><\/div>\n\n\n\n<h2 class=\"wp-block-heading\" id=\"unblur-image-the-ultimate-guide-to-ai-powered-photo-blur-removal\">Desfocar imagem: O guia definitivo para a remo\u00e7\u00e3o de desfoque de fotos com tecnologia de IA<\/h2>\n\n\n\n<div class=\"wp-block-rank-math-toc-block\" id=\"rank-math-toc\"><h3>\u00cdndice<\/h3><nav><ul><li><a href=\"#outline\">Esbo\u00e7o<\/a><\/li><li><a href=\"#what-is-unblur-image\">O que \u00e9 o Unblur Image?<\/a><\/li><li><a href=\"#why-use-unblur-image\">Porqu\u00ea utilizar o Unblur Image?<\/a><\/li><li><a href=\"#main-features-of-unblur-image\">Principais carater\u00edsticas do Unblur Image<\/a><ul><li><a href=\"#ai-powered-unblur-tool\">Ferramenta de desfocagem com IA<\/a><\/li><li><a href=\"#photo-sharpener\">Afiador de fotografias<\/a><\/li><li><a href=\"#remove-motion-blur\">Remover o desfoque de movimento<\/a><\/li><li><a href=\"#unblur-text\">Desfocar texto<\/a><\/li><li><a href=\"#online-accessibility\">Acessibilidade em linha<\/a><\/li><\/ul><\/li><li><a href=\"#target-audience-and-uses\">P\u00fablico-alvo e utiliza\u00e7\u00f5es<\/a><\/li><li><a href=\"#industry-applications-and-uses\">Aplica\u00e7\u00f5es e utiliza\u00e7\u00f5es na ind\u00fastria<\/a><\/li><li><a href=\"#how-to-use-unblur-image\">Como utilizar o Unblur Image<\/a><\/li><li><a href=\"#unblur-image-usage-cases\">Casos de utiliza\u00e7\u00e3o de imagens sem desfocagem<\/a><ul><li><a href=\"#enhance-portraits\">Melhorar os retratos<\/a><\/li><li><a href=\"#restore-old-photos\">Restaurar fotografias antigas<\/a><\/li><li><a href=\"#improve-product-photos\">Melhorar as fotografias de produtos<\/a><\/li><li><a href=\"#fix-blurry-text\">Corrigir texto desfocado<\/a><\/li><li><a href=\"#correct-camera-shake\">Corrigir a vibra\u00e7\u00e3o da c\u00e2mara<\/a><\/li><\/ul><\/li><li><a href=\"#comparison-table-of-unblur-image-tools\">Tabela de compara\u00e7\u00e3o de ferramentas para desfocar imagens<\/a><\/li><li><a href=\"#advantages-disadvantages-and-challenges-of-the-industry\">Vantagens, desvantagens e desafios do sector<\/a><ul><li><a href=\"#advantages\">Vantagens<\/a><\/li><li><a href=\"#disadvantages\">Desvantagens<\/a><\/li><li><a href=\"#challenges\">Desafios<\/a><\/li><\/ul><\/li><li><a href=\"#frequently-asked-questions\">Perguntas frequentes<\/a><\/li><li><a href=\"#summary\">Resumo<\/a><\/li><\/ul><\/nav><\/div>\n\n\n\n<h3 class=\"wp-block-heading\" id=\"outline\">Esbo\u00e7o<\/h3>\n\n\n\n<p class=\"\">Neste guia completo, iremos explorar o mundo da desfocagem de imagens, as suas vantagens, fun\u00e7\u00f5es, p\u00fablico-alvo e utiliza\u00e7\u00f5es pr\u00e1ticas. Tamb\u00e9m forneceremos instru\u00e7\u00f5es passo-a-passo, casos de utiliza\u00e7\u00e3o e uma tabela de compara\u00e7\u00e3o das melhores ferramentas dispon\u00edveis. Por fim, abordaremos as perguntas mais frequentes e apresentaremos um resumo com as principais vantagens e um apelo \u00e0 a\u00e7\u00e3o.<\/p>\n\n\n\n<h3 class=\"wp-block-heading\" id=\"what-is-unblur-image\">O que \u00e9 o Unblur Image?<\/h3>\n\n\n\n<p class=\"\">Unblur Image refere-se ao processo de utiliza\u00e7\u00e3o de ferramentas com tecnologia de IA para remover a desfocagem e melhorar a nitidez das imagens. Quer sejam causadas por vibra\u00e7\u00e3o da c\u00e2mara, desfocagem por movimento ou m\u00e1 focagem, estas ferramentas podem restaurar a qualidade da imagem, tornando as fotografias desfocadas novamente n\u00edtidas.<\/p>\n\n\n\n<h3 class=\"wp-block-heading\" id=\"why-use-unblur-image\">Porqu\u00ea utilizar o Unblur Image?<\/h3>\n\n\n\n<p class=\"\">A utiliza\u00e7\u00e3o de uma ferramenta de desfoque de imagem oferece v\u00e1rias vantagens:<\/p>\n\n\n\n<ul class=\"wp-block-list\">\n<li class=\"\"><strong>Melhorar a qualidade da imagem:<\/strong> Melhore a nitidez e o detalhe das suas fotografias.<\/li>\n\n\n\n<li class=\"\"><strong>Restaurar fotografias antigas:<\/strong> D\u00ea uma nova vida a imagens antigas e desfocadas.<\/li>\n\n\n\n<li class=\"\"><strong>Resultados profissionais:<\/strong> Obtenha resultados de alta qualidade sem necessitar de conhecimentos avan\u00e7ados de edi\u00e7\u00e3o de fotografias.<\/li>\n\n\n\n<li class=\"\"><strong>Conveni\u00eancia:<\/strong> Desfocagem f\u00e1cil de imagens online sem necessidade de descarregar software.<\/li>\n\n\n\n<li class=\"\"><strong>Efici\u00eancia:<\/strong> Corrija rapidamente fotografias desfocadas com apenas alguns cliques.<\/li>\n<\/ul>\n\n\n\n<p class=\"\">As pessoas procuram frequentemente solu\u00e7\u00f5es para tornar n\u00edtida uma imagem desfocada, corrigir fotografias desfocadas e remover a desfocagem de imagens. Estas ferramentas fornecem respostas a esses problemas comuns.<\/p>\n\n\n\n<h3 class=\"wp-block-heading\" id=\"main-features-of-unblur-image\">Principais carater\u00edsticas do Unblur Image<\/h3>\n\n\n\n<h4 class=\"wp-block-heading\" id=\"ai-powered-unblur-tool\">Ferramenta de desfocagem com IA<\/h4>\n\n\n\n<p class=\"\">Tire partido do poder da IA para remover com precis\u00e3o a desfocagem e melhorar os detalhes da imagem.<\/p>\n\n\n\n<h4 class=\"wp-block-heading\" id=\"photo-sharpener\">Afiador de fotografias<\/h4>\n\n\n\n<p class=\"\">Afie as imagens para recuperar os detalhes finos perdidos devido \u00e0 desfocagem.<\/p>\n\n\n\n<h4 class=\"wp-block-heading\" id=\"remove-motion-blur\">Remover o desfoque de movimento<\/h4>\n\n\n\n<p class=\"\">Visam e reduzem especificamente a desfocagem de movimento causada pela vibra\u00e7\u00e3o ou movimento da c\u00e2mara.<\/p>\n\n\n\n<h4 class=\"wp-block-heading\" id=\"unblur-text\">Desfocar texto<\/h4>\n\n\n\n<p class=\"\">Melhorar a legibilidade do texto esbatido nas imagens.<\/p>\n\n\n\n<h4 class=\"wp-block-heading\" id=\"online-accessibility\">Acessibilidade em linha<\/h4>\n\n\n\n<p class=\"\">Desfocar imagens diretamente do seu browser sem necessidade de registo, oferecendo 100% acesso gratuito e ilimitado.<\/p>\n\n\n\n<h3 class=\"wp-block-heading\" id=\"target-audience-and-uses\">P\u00fablico-alvo e utiliza\u00e7\u00f5es<\/h3>\n\n\n\n<p class=\"\">O p\u00fablico-alvo das ferramentas de desfocagem de imagens inclui:<\/p>\n\n\n\n<ul class=\"wp-block-list\">\n<li class=\"\"><strong>Fot\u00f3grafos:<\/strong> Melhore a qualidade das fotografias tiradas em condi\u00e7\u00f5es menos que ideais.<\/li>\n\n\n\n<li class=\"\"><strong>Designers gr\u00e1ficos:<\/strong> Melhorar imagens para utiliza\u00e7\u00e3o em v\u00e1rios projectos de design.<\/li>\n\n\n\n<li class=\"\"><strong>Utilizadores de redes sociais:<\/strong> Certifique-se de que as fotografias partilhadas em linha s\u00e3o n\u00edtidas e de alta qualidade.<\/li>\n\n\n\n<li class=\"\"><strong>As fam\u00edlias:<\/strong> Restaurar fotografias de fam\u00edlia antigas que se tornaram desfocadas com o tempo.<\/li>\n\n\n\n<li class=\"\"><strong>Estudantes e profissionais:<\/strong> Desfocagem de texto em imagens para melhor legibilidade em apresenta\u00e7\u00f5es e documentos.<\/li>\n<\/ul>\n\n\n\n<h3 class=\"wp-block-heading\" id=\"industry-applications-and-uses\">Aplica\u00e7\u00f5es e utiliza\u00e7\u00f5es na ind\u00fastria<\/h3>\n\n\n\n<p class=\"\">As ferramentas de desfocagem de imagens s\u00e3o amplamente utilizadas em v\u00e1rios sectores, incluindo:<\/p>\n\n\n\n<ul class=\"wp-block-list\">\n<li class=\"\"><strong>Fotografia:<\/strong> Melhore a nitidez das fotografias profissionais.<\/li>\n\n\n\n<li class=\"\"><strong>Com\u00e9rcio eletr\u00f3nico:<\/strong> Melhorar as fotografias dos produtos para atrair clientes.<\/li>\n\n\n\n<li class=\"\"><strong>Meios de comunica\u00e7\u00e3o e publicidade:<\/strong> Garantir imagens de alta qualidade nos materiais de marketing.<\/li>\n\n\n\n<li class=\"\"><strong>Cuidados de sa\u00fade:<\/strong> Melhorar a legibilidade de documentos digitalizados e imagens m\u00e9dicas.<\/li>\n\n\n\n<li class=\"\"><strong>Forma\u00e7\u00e3o acad\u00e9mica:<\/strong> Melhorar a qualidade dos materiais did\u00e1cticos e das apresenta\u00e7\u00f5es.<\/li>\n<\/ul>\n\n\n\n<h3 class=\"wp-block-heading\" id=\"how-to-use-unblur-image\">Como utilizar o Unblur Image<\/h3>\n\n\n\n<p class=\"\">Siga estes passos para desfocar uma imagem utilizando a ferramenta recomendada:<\/p>\n\n\n\n<ol class=\"wp-block-list\">\n<li class=\"\"><strong>Abrir a ferramenta:<\/strong> Ir para <a href=\"https:\/\/aiartfree.online\/pt\/desfocar-a-imagem\/\">Ferramenta para desfocar imagens<\/a>.<\/li>\n\n\n\n<li class=\"\"><strong>Carregue a sua imagem:<\/strong> Clique no bot\u00e3o de carregamento e selecione a imagem desfocada que pretende corrigir.<\/li>\n\n\n\n<li class=\"\"><strong>Ajustar defini\u00e7\u00f5es:<\/strong> Utilize as defini\u00e7\u00f5es dispon\u00edveis para afinar o processo de desfocagem.<\/li>\n\n\n\n<li class=\"\"><strong>Aplicar altera\u00e7\u00f5es:<\/strong> Clique no bot\u00e3o \"unblur\" para processar a imagem.<\/li>\n\n\n\n<li class=\"\"><strong>Descarregar o resultado:<\/strong> Quando o processo estiver conclu\u00eddo, descarregue a imagem melhorada.<\/li>\n<\/ol>\n\n\n\n<h3 class=\"wp-block-heading\" id=\"unblur-image-usage-cases\">Casos de utiliza\u00e7\u00e3o de imagens sem desfocagem<\/h3>\n\n\n\n<h4 class=\"wp-block-heading\" id=\"enhance-portraits\">Melhorar os retratos<\/h4>\n\n\n\n<p class=\"\">Desfocar fotografias de retrato para real\u00e7ar as carater\u00edsticas faciais e melhorar a qualidade geral da imagem.<\/p>\n\n\n\n<h4 class=\"wp-block-heading\" id=\"restore-old-photos\">Restaurar fotografias antigas<\/h4>\n\n\n\n<p class=\"\">Utilize as ferramentas de desfoque para dar clareza a fotografias de fam\u00edlia antigas e desfocadas, preservando as mem\u00f3rias.<\/p>\n\n\n\n<h4 class=\"wp-block-heading\" id=\"improve-product-photos\">Melhorar as fotografias de produtos<\/h4>\n\n\n\n<p class=\"\">Melhore a qualidade das imagens de produtos para s\u00edtios Web de com\u00e9rcio eletr\u00f3nico, tornando-as mais apelativas para os clientes.<\/p>\n\n\n\n<h4 class=\"wp-block-heading\" id=\"fix-blurry-text\">Corrigir texto desfocado<\/h4>\n\n\n\n<p class=\"\">Desfocar texto em documentos ou imagens digitalizadas para melhorar a legibilidade.<\/p>\n\n\n\n<h4 class=\"wp-block-heading\" id=\"correct-camera-shake\">Corrigir a vibra\u00e7\u00e3o da c\u00e2mara<\/h4>\n\n\n\n<p class=\"\">Remova a desfocagem causada pela vibra\u00e7\u00e3o da c\u00e2mara em fotografias tiradas em movimento.<\/p>\n\n\n\n<h3 class=\"wp-block-heading\" id=\"comparison-table-of-unblur-image-tools\">Tabela de compara\u00e7\u00e3o de ferramentas para desfocar imagens<\/h3>\n\n\n\n<figure class=\"wp-block-table\"><table class=\"has-fixed-layout\"><thead><tr><th>Nome da ferramenta<\/th><th>URL do s\u00edtio Web<\/th><th>Vantagens<\/th><th>Desvantagens<\/th><\/tr><\/thead><tbody><tr><td>AI Art Ferramenta de desfoque de imagem gratuita<\/td><td><a href=\"https:\/\/aiartfree.online\/pt\/desfocar-a-imagem\/\">https:\/\/aiartfree.online\/Unblur-Image<\/a><\/td><td>100% Gratuito, sem registo, Ilimitado<\/td><td>Caracter\u00edsticas avan\u00e7adas limitadas<\/td><\/tr><tr><td>Fotor<\/td><td>https:\/\/www.fotor.com<\/td><td>F\u00e1cil de utilizar, v\u00e1rias ferramentas de edi\u00e7\u00e3o<\/td><td>Requer conta para acesso total<\/td><\/tr><tr><td>Melhorar.Pho.to<\/td><td>https:\/\/enhance.pho.to<\/td><td>Gratuito, interface simples<\/td><td>Caracter\u00edsticas limitadas<\/td><\/tr><tr><td>LunaPic<\/td><td>https:\/\/www.lunapic.com<\/td><td>Gratuito, Ferramenta online<\/td><td>An\u00fancios no s\u00edtio<\/td><\/tr><tr><td>PineTools<\/td><td>https:\/\/www.pinetools.com<\/td><td>Gratuito, Variedade de ferramentas<\/td><td>Interface b\u00e1sica<\/td><\/tr><tr><td>Fotopeia<\/td><td>https:\/\/www.photopea.com<\/td><td>Poderoso, gratuito<\/td><td>Pode ser complexo para principiantes<\/td><\/tr><tr><td>Adobe Photoshop Express<\/td><td>https:\/\/www.photoshop.com\/tools<\/td><td>Marca de confian\u00e7a, resultados de alta qualidade<\/td><td>Vers\u00e3o gratuita limitada<\/td><\/tr><tr><td>Snapseed<\/td><td>https:\/\/snapseed.online<\/td><td>Compat\u00edvel com dispositivos m\u00f3veis, f\u00e1cil de utilizar<\/td><td>Necessita de ser descarregado<\/td><\/tr><tr><td>GIMP<\/td><td>https:\/\/www.gimp.org<\/td><td>Gratuito, c\u00f3digo aberto<\/td><td>Curva de aprendizagem acentuada<\/td><\/tr><tr><td>VanceAI<\/td><td><a href=\"https:\/\/vanceai.com\" target=\"_blank\" rel=\"noopener\">https:\/\/vanceai.com<\/a><\/td><td>Resultados de alta qualidade com tecnologia de IA<\/td><td>\u00c9 necess\u00e1ria uma subscri\u00e7\u00e3o paga<\/td><\/tr><\/tbody><\/table><\/figure>\n\n\n\n<h3 class=\"wp-block-heading\" id=\"advantages-disadvantages-and-challenges-of-the-industry\">Vantagens, desvantagens e desafios do sector<\/h3>\n\n\n\n<h4 class=\"wp-block-heading\" id=\"advantages\">Vantagens<\/h4>\n\n\n\n<ul class=\"wp-block-list\">\n<li class=\"\"><strong>Acessibilidade:<\/strong> A maioria das ferramentas est\u00e1 dispon\u00edvel em linha, o que permite um acesso f\u00e1cil.<\/li>\n\n\n\n<li class=\"\"><strong>Rent\u00e1vel:<\/strong> Muitas ferramentas oferecem vers\u00f5es gratuitas com funcionalidades poderosas.<\/li>\n\n\n\n<li class=\"\"><strong>F\u00e1cil de utilizar:<\/strong> Concebido para utilizadores com diferentes n\u00edveis de experi\u00eancia.<\/li>\n<\/ul>\n\n\n\n<h4 class=\"wp-block-heading\" id=\"disadvantages\">Desvantagens<\/h4>\n\n\n\n<ul class=\"wp-block-list\">\n<li class=\"\"><strong>Desvio de qualidade:<\/strong> Os resultados podem variar consoante a ferramenta utilizada.<\/li>\n\n\n\n<li class=\"\"><strong>Curva de aprendizagem:<\/strong> Algumas ferramentas podem exigir tempo para serem aprendidas e dominadas.<\/li>\n\n\n\n<li class=\"\"><strong>Taxas de subscri\u00e7\u00e3o:<\/strong> As funcionalidades avan\u00e7adas podem exigir subscri\u00e7\u00f5es pagas.<\/li>\n<\/ul>\n\n\n\n<h4 class=\"wp-block-heading\" id=\"challenges\">Desafios<\/h4>\n\n\n\n<ul class=\"wp-block-list\">\n<li class=\"\"><strong>Manuten\u00e7\u00e3o da qualidade:<\/strong> Garantir resultados de alta qualidade consistentes em diferentes imagens.<\/li>\n\n\n\n<li class=\"\"><strong>Limita\u00e7\u00f5es tecnol\u00f3gicas:<\/strong> A tecnologia de IA pode n\u00e3o tratar perfeitamente todos os tipos de desfocagem.<\/li>\n\n\n\n<li class=\"\"><strong>Expectativas do utilizador:<\/strong> Satisfazer as diversas expectativas dos utilizadores para diferentes casos de utiliza\u00e7\u00e3o.<\/li>\n<\/ul>\n\n\n\n<h3 class=\"wp-block-heading\" id=\"frequently-asked-questions\">Perguntas frequentes<\/h3>\n\n\n\n<ol class=\"wp-block-list\">\n<li class=\"\"><strong>Como desfocar uma imagem?<\/strong>\n<ul class=\"wp-block-list\">\n<li class=\"\">Utilizar uma ferramenta em linha como <a href=\"https:\/\/aiartfree.online\/pt\/desfocar-a-imagem\/\">AI Art Ferramenta de desfoque de imagem gratuita<\/a> para carregar e processar a sua imagem.<\/li>\n<\/ul>\n<\/li>\n\n\n\n<li class=\"\"><strong>Como desfocar imagens?<\/strong>\n<ul class=\"wp-block-list\">\n<li class=\"\">Selecione uma ferramenta fi\u00e1vel, carregue a sua imagem, ajuste as defini\u00e7\u00f5es e aplique o efeito de desfoque.<\/li>\n<\/ul>\n<\/li>\n\n\n\n<li class=\"\"><strong>Como desfocar uma imagem?<\/strong>\n<ul class=\"wp-block-list\">\n<li class=\"\">Siga o guia passo-a-passo fornecido acima utilizando uma ferramenta alimentada por IA.<\/li>\n<\/ul>\n<\/li>\n\n\n\n<li class=\"\"><strong>Como desfocar uma imagem no iPhone?<\/strong>\n<ul class=\"wp-block-list\">\n<li class=\"\">Abra o seu browser e visite <a href=\"https:\/\/aiartfree.online\/pt\/desfocar-a-imagem\/\">AI Art Ferramenta de desfoque de imagem gratuita<\/a> para desfocar a sua imagem.<\/li>\n<\/ul>\n<\/li>\n\n\n\n<li class=\"\"><strong>Como desfocar uma imagem no Photoshop?<\/strong>\n<ul class=\"wp-block-list\">\n<li class=\"\">Abra o seu browser e visite <a href=\"https:\/\/aiartfree.online\/pt\/desfocar-a-imagem\/\">AI Art Ferramenta de desfoque de imagem gratuita<\/a> para utilizar uma alternativa mais f\u00e1cil.<\/li>\n<\/ul>\n<\/li>\n\n\n\n<li class=\"\"><strong>Como tornar n\u00edtida uma imagem desfocada?<\/strong>\n<ul class=\"wp-block-list\">\n<li class=\"\">Utilize uma ferramenta de nitidez de fotografias para melhorar a nitidez da sua imagem.<\/li>\n<\/ul>\n<\/li>\n\n\n\n<li class=\"\"><strong>Como desfocar uma fotografia?<\/strong>\n<ul class=\"wp-block-list\">\n<li class=\"\">Siga os passos da sec\u00e7\u00e3o \"Como utilizar o Desfocar Imagem\" para remover o desfoque da sua fotografia.<\/li>\n<\/ul>\n<\/li>\n\n\n\n<li class=\"\"><strong>Como corrigir fotografias desfocadas?<\/strong>\n<ul class=\"wp-block-list\">\n<li class=\"\">Utilize uma ferramenta de desfocagem online para restaurar a nitidez das suas fotografias desfocadas.<\/li>\n<\/ul>\n<\/li>\n\n\n\n<li class=\"\"><strong>Qual \u00e9 a melhor ferramenta de desfocagem?<\/strong>\n<ul class=\"wp-block-list\">\n<li class=\"\">O <a href=\"https:\/\/aiartfree.online\/pt\/desfocar-a-imagem\/\">AI Art Ferramenta de desfoque de imagem gratuita<\/a> \u00e9 altamente recomendado devido \u00e0 sua facilidade de utiliza\u00e7\u00e3o e \u00e0s suas poderosas funcionalidades.<\/li>\n<\/ul>\n<\/li>\n\n\n\n<li class=\"\"><strong>Como desfocar o texto numa imagem?<\/strong>\n<ul class=\"wp-block-list\">\n<li class=\"\">Utilize uma ferramenta de desfoque de texto para melhorar a legibilidade do texto desfocado nas suas imagens.<\/li>\n<\/ul>\n<\/li>\n<\/ol>\n\n\n\n<h3 class=\"wp-block-heading\" id=\"summary\">Resumo<\/h3>\n\n\n\n<p class=\"\">Desfocar imagens nunca foi t\u00e3o f\u00e1cil com a disponibilidade de poderosas ferramentas com tecnologia de IA. Quer pretenda melhorar fotografias de retratos, restaurar imagens antigas ou corrigir texto desfocado, estas ferramentas oferecem uma solu\u00e7\u00e3o pr\u00e1tica e eficaz. Visitar <a href=\"https:\/\/aiartfree.online\/pt\/desfocar-a-imagem\/\">AI Art Ferramenta de desfoque de imagem gratuita<\/a> para experimentar a melhor ferramenta de desfocagem dispon\u00edvel, 100% gratuita e ilimitada, sem necessidade de registo. Transforme as suas imagens desfocadas em fotografias n\u00edtidas e de alta qualidade hoje mesmo!<\/p>","protected":false},"excerpt":{"rendered":"<p>Before vs After How to use the Unblur Image *&nbsp;Depending on your internet speed, loading the model may take up to 10 seconds \u2193 Unblur Image: The Ultimate Guide to AI-Powered Photo Blur Removal Outline In this comprehensive guide, we will explore the world of image unblurring, its advantages, functions, target audience, and practical uses. &#8230; <a title=\"Desfocar imagem\" class=\"read-more\" href=\"https:\/\/aiartfree.online\/pt\/desfocar-a-imagem\/\" aria-label=\"Leia mais sobre Unblur Image\">Ler mais<\/a><\/p>","protected":false},"author":1,"featured_media":3450,"parent":0,"menu_order":0,"comment_status":"open","ping_status":"closed","template":"","meta":{"nf_dc_page":"","footnotes":""},"class_list":["post-3445","page","type-page","status-publish","has-post-thumbnail"],"jetpack_sharing_enabled":true,"_links":{"self":[{"href":"https:\/\/aiartfree.online\/pt\/wp-json\/wp\/v2\/pages\/3445","targetHints":{"allow":["GET"]}}],"collection":[{"href":"https:\/\/aiartfree.online\/pt\/wp-json\/wp\/v2\/pages"}],"about":[{"href":"https:\/\/aiartfree.online\/pt\/wp-json\/wp\/v2\/types\/page"}],"author":[{"embeddable":true,"href":"https:\/\/aiartfree.online\/pt\/wp-json\/wp\/v2\/users\/1"}],"replies":[{"embeddable":true,"href":"https:\/\/aiartfree.online\/pt\/wp-json\/wp\/v2\/comments?post=3445"}],"version-history":[{"count":1,"href":"https:\/\/aiartfree.online\/pt\/wp-json\/wp\/v2\/pages\/3445\/revisions"}],"predecessor-version":[{"id":3597,"href":"https:\/\/aiartfree.online\/pt\/wp-json\/wp\/v2\/pages\/3445\/revisions\/3597"}],"wp:featuredmedia":[{"embeddable":true,"href":"https:\/\/aiartfree.online\/pt\/wp-json\/wp\/v2\/media\/3450"}],"wp:attachment":[{"href":"https:\/\/aiartfree.online\/pt\/wp-json\/wp\/v2\/media?parent=3445"}],"curies":[{"name":"wp","href":"https:\/\/api.w.org\/{rel}","templated":true}]}}