{"id":3444,"date":"2024-08-02T05:54:16","date_gmt":"2024-08-02T05:54:16","guid":{"rendered":"https:\/\/aiartfree.online\/?page_id=3444"},"modified":"2025-03-07T08:03:21","modified_gmt":"2025-03-07T08:03:21","slug":"ai-picture-generator","status":"publish","type":"page","link":"https:\/\/aiartfree.online\/pt\/gerador-de-imagens-ai\/","title":{"rendered":"Gerador de imagens AI"},"content":{"rendered":"<h2 class=\"wp-block-heading has-text-align-center\">O que os nossos utilizadores fizeram<\/h2>\n\n\n\n<figure class=\"gb-block-image gb-block-image-1822da1f\"><img data-recalc-dims=\"1\" decoding=\"async\" loading=\"lazy\" width=\"1112\" height=\"576\" class=\"gb-image gb-image-1822da1f\" src=\"https:\/\/i0.wp.com\/aiartfree.online\/wp-content\/uploads\/2024\/08\/WX20240802-111707%402x.jpg?resize=1112%2C576&#038;ssl=1\" alt=\"Crie imagens impressionantes e \u00fanicas sem esfor\u00e7o com o AI Art Free. O nosso gerador de imagens AI 100% gratuito oferece acesso ilimitado e resultados de alta qualidade, perfeitos para redes sociais, marketing e uso pessoal. N\u00e3o \u00e9 necess\u00e1rio registar-se - basta introduzir um texto e deixar que a nossa IA transforme as suas ideias em belos visuais. Explore infinitas possibilidades com a nossa ferramenta poderosa e f\u00e1cil de usar hoje mesmo!\" title=\"WX20240802-111707@2x\" srcset=\"https:\/\/i0.wp.com\/aiartfree.online\/wp-content\/uploads\/2024\/08\/WX20240802-111707%402x.jpg?w=1112&amp;ssl=1 1112w, https:\/\/i0.wp.com\/aiartfree.online\/wp-content\/uploads\/2024\/08\/WX20240802-111707%402x.jpg?resize=300%2C155&amp;ssl=1 300w, https:\/\/i0.wp.com\/aiartfree.online\/wp-content\/uploads\/2024\/08\/WX20240802-111707%402x.jpg?resize=1024%2C530&amp;ssl=1 1024w, https:\/\/i0.wp.com\/aiartfree.online\/wp-content\/uploads\/2024\/08\/WX20240802-111707%402x.jpg?resize=768%2C398&amp;ssl=1 768w, https:\/\/i0.wp.com\/aiartfree.online\/wp-content\/uploads\/2024\/08\/WX20240802-111707%402x.jpg?resize=18%2C9&amp;ssl=1 18w, https:\/\/i0.wp.com\/aiartfree.online\/wp-content\/uploads\/2024\/08\/WX20240802-111707%402x.jpg?resize=600%2C311&amp;ssl=1 600w\" sizes=\"auto, (max-width: 1112px) 100vw, 1112px\" \/><\/figure>\n\n\n\n<h2 class=\"wp-block-heading\">Como utilizar o Gerador de imagens de IA<\/h2>\n\n\n\n<ol class=\"wp-block-list\">\n<li class=\"\">Carregue o seu ficheiro \u00e1udio<\/li>\n\n\n\n<li class=\"\">Clique em \"Traduzir\"<\/li>\n\n\n\n<li class=\"\">Espera, \u00e9 isso mesmo!<\/li>\n<\/ol>\n\n\n\n<p class=\"\">* Se n\u00e3o tiver nenhuma ideia, n\u00e3o hesite em experimentar os nossos exemplos abaixo<\/p>\n\n\n\n<h2 class=\"wp-block-heading\">Exemplos de avisos<\/h2>\n\n\n\n<ol style=\"font-size:16px\" class=\"wp-block-list\">\n<li class=\"\">ilustra\u00e7\u00e3o de banda desenhada de cortar a respira\u00e7\u00e3o, altamente detalhada, de morgan freeman a conduzir uma mota harley davidson, sombria e corajosa<\/li>\n\n\n\n<li class=\"\">ilustra\u00e7\u00e3o de novela gr\u00e1fica de cortar a respira\u00e7\u00e3o No meio da vasta extens\u00e3o de uma nebulosa, um astronauta solit\u00e1rio flutua, amarrado a uma nave estelar luminosa. Os gases radiantes da nebulosa dan\u00e7am \u00e0 sua volta, reflectindo cores vibrantes no fato, criando um ballet de luz e movimento.<\/li>\n\n\n\n<li class=\"\">Ilustra\u00e7\u00e3o de uma novela gr\u00e1fica de cortar a respira\u00e7\u00e3o Numa encruzilhada de um deserto p\u00f3s-apocal\u00edtico, um vagabundo com uma guitarra feita de sucata canta contos do velho mundo. Criaturas mutantes re\u00fanem-se \u00e0 volta da fogueira, com os olhos cheios de saudade.<\/li>\n\n\n\n<li class=\"\">Ilustra\u00e7\u00e3o de uma novela gr\u00e1fica de cortar a respira\u00e7\u00e3o de uma crian\u00e7a que persegue borboletas coloridas num prado vibrante.<\/li>\n\n\n\n<li class=\"\">ilustra\u00e7\u00e3o de novela gr\u00e1fica de tirar o f\u00f4lego Numa praia onde as ondas s\u00e3o tecidas com hist\u00f3rias, um contador de hist\u00f3rias com um tear de luar cria contos a partir das mar\u00e9s. As conchas sussurram lendas, e o horizonte \u00e9 uma tape\u00e7aria de aventuras ainda por contar.<\/li>\n\n\n\n<li class=\"\">Ilustra\u00e7\u00e3o de banda desenhada de cortar a respira\u00e7\u00e3o de um falc\u00e3o a voar sobre um deserto, \u00e0 procura de uma presa.<\/li>\n\n\n\n<li class=\"\">ilustra\u00e7\u00e3o de novela gr\u00e1fica de tirar o f\u00f4lego Nas profundezas do c\u00edrculo \u00e1rtico, uma aurora pinta o c\u00e9u com tons vibrantes de verde, rosa e roxo. A neve reflecte esta dan\u00e7a de luzes e o mundo \u00e9 envolvido por uma hipnotizante sinfonia de cores.<\/li>\n\n\n\n<li class=\"\">Ilustra\u00e7\u00e3o de uma novela gr\u00e1fica de cortar a respira\u00e7\u00e3o de um tatuador a fazer um desenho intrincado nas costas de um cliente.<\/li>\n\n\n\n<li class=\"\">Ilustra\u00e7\u00e3o de uma novela gr\u00e1fica de cortar a respira\u00e7\u00e3o de uma mulher, envolta em sedas coloridas, a ler cartas de tarot numa tenda iluminada por velas.<\/li>\n\n\n\n<li class=\"\">Ilustra\u00e7\u00e3o de banda desenhada de cortar a respira\u00e7\u00e3o de dois espele\u00f3logos que mapeiam uma caverna profunda, com tochas a iluminar o caminho.<\/li>\n<\/ol>\n\n\n\n<figure class=\"gb-block-image gb-block-image-032aac41\"><a href=\"https:\/\/fas.st\/t\/9U4PYbm7\" target=\"_blank\" rel=\"noopener noreferrer\"><img data-recalc-dims=\"1\" decoding=\"async\" loading=\"lazy\" width=\"1200\" height=\"365\" class=\"gb-image gb-image-032aac41\" src=\"https:\/\/i0.wp.com\/aiartfree.online\/wp-content\/uploads\/2025\/03\/WX20250307-115412%402x.webp?resize=1200%2C365&#038;ssl=1\" alt=\"\" title=\"WX20250307-115412@2x\" srcset=\"https:\/\/i0.wp.com\/aiartfree.online\/wp-content\/uploads\/2025\/03\/WX20250307-115412%402x.webp?w=1942&amp;ssl=1 1942w, https:\/\/i0.wp.com\/aiartfree.online\/wp-content\/uploads\/2025\/03\/WX20250307-115412%402x.webp?resize=300%2C91&amp;ssl=1 300w, https:\/\/i0.wp.com\/aiartfree.online\/wp-content\/uploads\/2025\/03\/WX20250307-115412%402x.webp?resize=1024%2C312&amp;ssl=1 1024w, https:\/\/i0.wp.com\/aiartfree.online\/wp-content\/uploads\/2025\/03\/WX20250307-115412%402x.webp?resize=768%2C234&amp;ssl=1 768w, https:\/\/i0.wp.com\/aiartfree.online\/wp-content\/uploads\/2025\/03\/WX20250307-115412%402x.webp?resize=1536%2C467&amp;ssl=1 1536w, https:\/\/i0.wp.com\/aiartfree.online\/wp-content\/uploads\/2025\/03\/WX20250307-115412%402x.webp?resize=18%2C5&amp;ssl=1 18w, https:\/\/i0.wp.com\/aiartfree.online\/wp-content\/uploads\/2025\/03\/WX20250307-115412%402x.webp?resize=600%2C183&amp;ssl=1 600w\" sizes=\"auto, (max-width: 1200px) 100vw, 1200px\" \/><\/a><\/figure>\n\n\n\n<p class=\"\"><em>* Dependendo da velocidade da sua Internet, o carregamento do modelo pode demorar <\/em>at\u00e9 10 segundos \u2193<\/p>\n\n\n\n<div class=\"iframe-wrapper\" style=\"position: relative; width: 100%; height: 1000px;\">\n  <div class=\"loading\" style=\"position: absolute; top: 50px; left: 50%; transform: translate(-50%, -50%); width: 40px; height: 40px; border: 3px solid #f0f0f0; border-top: 3px solid #db7093; border-radius: 50%; animation: spin 1s linear infinite;\"><\/div>\n  <iframe loading=\"lazy\" src=\"https:\/\/ap123-sdxl-lightning.hf.space\" frameborder=\"0\" width=\"100%\" height=\"100%\" style=\"position: absolute; top: 0; left: 0; opacity: 0; transition: opacity 0.3s;\" onload=\"this.style.opacity=1;this.previousElementSibling.style.display='none';\"><\/iframe>\n<\/div>\n\n<style>\n@keyframes spin {\n  0% { transform: translate(-50%, -50%) rotate(0deg); }\n  100% { transform: translate(-50%, -50%) rotate(360deg); }\n}\n<\/style>\n\n\n\n<div style=\"height:80px\" aria-hidden=\"true\" class=\"wp-block-spacer\"><\/div>\n\n\n\n<h2 class=\"wp-block-heading\">Gerador de imagens de IA: O guia definitivo<\/h2>\n\n\n\n<h3 class=\"wp-block-heading\">Esbo\u00e7o<\/h3>\n\n\n\n<p class=\"\">Os geradores de imagens de IA est\u00e3o a revolucionar a forma como criamos imagens, oferecendo 100% imagens gratuitas, ilimitadas, de alta qualidade e \u00fanicas. Este guia explora a defini\u00e7\u00e3o, as vantagens, as fun\u00e7\u00f5es, o p\u00fablico-alvo, os casos de utiliza\u00e7\u00e3o, os benef\u00edcios do sector e os desafios. Tamb\u00e9m analisaremos as principais ferramentas e forneceremos uma sec\u00e7\u00e3o de perguntas frequentes para responder a quest\u00f5es comuns.<\/p>\n\n\n\n<h3 class=\"wp-block-heading\">\u00cdndice<\/h3>\n\n\n\n<ul class=\"wp-block-list\">\n<li class=\"\"><a href=\"#what-is-an-ai-picture-generator\">O que \u00e9 um gerador de imagens de IA<\/a><\/li>\n\n\n\n<li class=\"\"><a href=\"#why-use-an-ai-picture-generator\">Porqu\u00ea utilizar um gerador de imagens com IA<\/a><\/li>\n\n\n\n<li class=\"\"><a href=\"#main-features-of-ai-picture-generators\">Principais carater\u00edsticas dos geradores de imagens de IA<\/a>\n<ul class=\"wp-block-list\">\n<li class=\"\"><a href=\"#100-free\">100% Livre<\/a><\/li>\n\n\n\n<li class=\"\"><a href=\"#unlimited-usage\">Utiliza\u00e7\u00e3o ilimitada<\/a><\/li>\n\n\n\n<li class=\"\"><a href=\"#high-quality-outputs\">Sa\u00eddas de alta qualidade<\/a><\/li>\n<\/ul>\n<\/li>\n\n\n\n<li class=\"\"><a href=\"#who-should-use-ai-picture-generators\">Quem deve utilizar os geradores de imagens com IA<\/a><\/li>\n\n\n\n<li class=\"\"><a href=\"#industry-applications-of-ai-picture-generators\">Aplica\u00e7\u00f5es industriais dos geradores de imagens de IA<\/a><\/li>\n\n\n\n<li class=\"\"><a href=\"#how-to-use-an-ai-picture-generator\">Como utilizar um gerador de imagens de IA<\/a><\/li>\n\n\n\n<li class=\"\"><a href=\"#ai-picture-generator-use-cases\">Casos de utiliza\u00e7\u00e3o do gerador de imagens de IA<\/a>\n<ul class=\"wp-block-list\">\n<li class=\"\"><a href=\"#social-media-content-creation\">Cria\u00e7\u00e3o de conte\u00fados para redes sociais<\/a><\/li>\n\n\n\n<li class=\"\"><a href=\"#marketing-and-advertising\">Marketing e publicidade<\/a><\/li>\n\n\n\n<li class=\"\"><a href=\"#website-design\">Design do s\u00edtio Web<\/a><\/li>\n<\/ul>\n<\/li>\n\n\n\n<li class=\"\"><a href=\"#top-10-ai-picture-generators-and-their-pros-and-cons\">Os 10 principais geradores de imagens de IA e os seus pr\u00f3s e contras<\/a><\/li>\n\n\n\n<li class=\"\"><a href=\"#pros-cons-and-challenges-in-the-ai-picture-generator-industry\">Pr\u00f3s, contras e desafios no sector dos geradores de imagens com IA<\/a><\/li>\n\n\n\n<li class=\"\"><a href=\"#faq\">FAQ<\/a><\/li>\n\n\n\n<li class=\"\"><a href=\"#summary-and-call-to-action\">Resumo e apelo \u00e0 a\u00e7\u00e3o<\/a><\/li>\n<\/ul>\n\n\n\n<h3 class=\"wp-block-heading\">O que \u00e9 um gerador de imagens de IA<\/h3>\n\n\n\n<p class=\"\">Um gerador de imagens com IA \u00e9 uma ferramenta que utiliza a intelig\u00eancia artificial para criar imagens a partir de instru\u00e7\u00f5es de texto. Estas ferramentas podem gerar imagens \u00fanicas e de alta qualidade com base em descri\u00e7\u00f5es fornecidas pelo utilizador, permitindo criatividade e efici\u00eancia na cria\u00e7\u00e3o de imagens.<\/p>\n\n\n\n<h3 class=\"wp-block-heading\">Porqu\u00ea utilizar um gerador de imagens com IA<\/h3>\n\n\n\n<p class=\"\">Os geradores de imagens de IA oferecem in\u00fameras vantagens:<\/p>\n\n\n\n<ul class=\"wp-block-list\">\n<li class=\"\"><strong>100% Gratuito:<\/strong> Muitas ferramentas, tais como <a href=\"https:\/\/aiartfree.online\/pt\/gerador-de-imagens-ai\/\">Arte AI Gr\u00e1tis<\/a>, fornecem acesso gratuito.<\/li>\n\n\n\n<li class=\"\"><strong>Utiliza\u00e7\u00e3o ilimitada:<\/strong> N\u00e3o h\u00e1 restri\u00e7\u00f5es quanto ao n\u00famero de imagens geradas.<\/li>\n\n\n\n<li class=\"\"><strong>Sa\u00eddas de alta qualidade:<\/strong> Produz imagens de qualidade profissional.<\/li>\n\n\n\n<li class=\"\"><strong>N\u00e3o \u00e9 necess\u00e1rio registar-se:<\/strong> Acesso f\u00e1cil e r\u00e1pido.<\/li>\n\n\n\n<li class=\"\"><strong>Imagens geradas por IA:<\/strong> Assegura a originalidade e a criatividade.<\/li>\n<\/ul>\n\n\n\n<h3 class=\"wp-block-heading\">Principais carater\u00edsticas dos geradores de imagens de IA<\/h3>\n\n\n\n<h4 class=\"wp-block-heading\">100% Livre<\/h4>\n\n\n\n<p class=\"\">Geradores de imagens de IA como <a href=\"https:\/\/aiartfree.online\/pt\/gerador-de-imagens-ai\/\">Arte AI Gr\u00e1tis<\/a> oferecem servi\u00e7os totalmente gratuitos, tornando-os acess\u00edveis a todos.<\/p>\n\n\n\n<h4 class=\"wp-block-heading\">Utiliza\u00e7\u00e3o ilimitada<\/h4>\n\n\n\n<p class=\"\">Estas ferramentas permitem aos utilizadores gerar um n\u00famero ilimitado de imagens, apoiando a criatividade extensiva sem limita\u00e7\u00f5es.<\/p>\n\n\n\n<h4 class=\"wp-block-heading\">Sa\u00eddas de alta qualidade<\/h4>\n\n\n\n<p class=\"\">Os geradores de imagens de IA produzem imagens de alta resolu\u00e7\u00e3o e qualidade profissional adequadas para v\u00e1rias aplica\u00e7\u00f5es.<\/p>\n\n\n\n<h3 class=\"wp-block-heading\">Quem deve utilizar os geradores de imagens com IA<\/h3>\n\n\n\n<ul class=\"wp-block-list\">\n<li class=\"\"><strong>Criadores de conte\u00fados:<\/strong> Bloggers, vloggers e influenciadores de redes sociais.<\/li>\n\n\n\n<li class=\"\"><strong>Profissionais de marketing:<\/strong> Profissionais de publicidade que necessitam de imagens \u00fanicas.<\/li>\n\n\n\n<li class=\"\"><strong>Web Designers:<\/strong> Programadores que procuram imagens personalizadas para s\u00edtios Web.<\/li>\n\n\n\n<li class=\"\"><strong>Artistas:<\/strong> Indiv\u00edduos que procuram explorar a arte gerada por IA.<\/li>\n<\/ul>\n\n\n\n<h3 class=\"wp-block-heading\">Aplica\u00e7\u00f5es industriais dos geradores de imagens de IA<\/h3>\n\n\n\n<ul class=\"wp-block-list\">\n<li class=\"\"><strong>Publicidade:<\/strong> Cria\u00e7\u00e3o de imagens apelativas para campanhas de marketing.<\/li>\n\n\n\n<li class=\"\"><strong>Com\u00e9rcio eletr\u00f3nico:<\/strong> Conceber imagens de produtos e melhorar as listagens em linha.<\/li>\n\n\n\n<li class=\"\"><strong>Media e entretenimento:<\/strong> Cria\u00e7\u00e3o de imagens para publica\u00e7\u00f5es e projectos multim\u00e9dia.<\/li>\n\n\n\n<li class=\"\"><strong>Forma\u00e7\u00e3o acad\u00e9mica:<\/strong> Produzir materiais did\u00e1cticos e recursos visuais.<\/li>\n<\/ul>\n\n\n\n<h3 class=\"wp-block-heading\">Como utilizar um gerador de imagens de IA<\/h3>\n\n\n\n<ol class=\"wp-block-list\">\n<li class=\"\"><strong>Introduzir um prompt de texto:<\/strong> Descreva a imagem que pretende criar.<\/li>\n\n\n\n<li class=\"\"><strong>Selecione Prefer\u00eancias:<\/strong> Escolha o estilo, a resolu\u00e7\u00e3o e outras defini\u00e7\u00f5es.<\/li>\n\n\n\n<li class=\"\"><strong>Gerar imagem:<\/strong> Clique para criar a imagem.<\/li>\n\n\n\n<li class=\"\"><strong>Descarregar e utilizar:<\/strong> Guarde e utilize a imagem gerada.<\/li>\n<\/ol>\n\n\n\n<h3 class=\"wp-block-heading\">Casos de utiliza\u00e7\u00e3o do gerador de imagens de IA<\/h3>\n\n\n\n<h4 class=\"wp-block-heading\">Cria\u00e7\u00e3o de conte\u00fados para redes sociais<\/h4>\n\n\n\n<p class=\"\">As imagens geradas por IA podem melhorar as publica\u00e7\u00f5es nas redes sociais, as hist\u00f3rias e os an\u00fancios com visuais \u00fanicos.<\/p>\n\n\n\n<h4 class=\"wp-block-heading\">Marketing e publicidade<\/h4>\n\n\n\n<p class=\"\">As empresas podem utilizar imagens geradas por IA para materiais promocionais, an\u00fancios e faixas.<\/p>\n\n\n\n<h4 class=\"wp-block-heading\">Design do s\u00edtio Web<\/h4>\n\n\n\n<p class=\"\">Os programadores Web podem criar gr\u00e1ficos personalizados para s\u00edtios Web, garantindo um aspeto \u00fanico e profissional.<\/p>\n\n\n\n<h3 class=\"wp-block-heading\">Os 10 principais geradores de imagens de IA e os seus pr\u00f3s e contras<\/h3>\n\n\n\n<figure class=\"wp-block-table\"><table class=\"has-fixed-layout\"><thead><tr><th>Ferramenta<\/th><th>S\u00edtio Web<\/th><th>Pr\u00f3s<\/th><th>Contras<\/th><\/tr><\/thead><tbody><tr><td>Arte AI Gr\u00e1tis<\/td><td><a href=\"https:\/\/aiartfree.online\/pt\/gerador-de-imagens-ai\/\">aiartfree.online<\/a><\/td><td>100% Gr\u00e1tis, ilimitado, de alta qualidade<\/td><td>Nenhum<\/td><\/tr><tr><td>DALL-E 2<\/td><td><a href=\"https:\/\/www.openai.com\/dall-e-2\" target=\"_blank\" rel=\"noopener\">openai.com<\/a><\/td><td>Alta qualidade, criativo<\/td><td>Utiliza\u00e7\u00e3o gratuita limitada<\/td><\/tr><tr><td>DeepArt<\/td><td><a href=\"https:\/\/deepart.io\" target=\"_blank\" rel=\"noopener\">deepart.io<\/a><\/td><td>Estilos art\u00edsticos, imagens \u00fanicas<\/td><td>Planos pagos<\/td><\/tr><tr><td>Artbreeder<\/td><td><a href=\"https:\/\/artbreeder.com\" target=\"_blank\" rel=\"noopener\">artbreeder.com<\/a><\/td><td>Colaborativo, personaliz\u00e1vel<\/td><td>Curva de aprendizagem<\/td><\/tr><tr><td>NightCafe<\/td><td><a>nightcafe.studio<\/a><\/td><td>F\u00e1cil de utilizar, v\u00e1rios estilos<\/td><td>Algumas carater\u00edsticas pagas<\/td><\/tr><tr><td>Pista ML<\/td><td><a href=\"https:\/\/runwayml.com\" target=\"_blank\" rel=\"noopener\">runwayml.com<\/a><\/td><td>Ferramentas profissionais, vers\u00e1teis<\/td><td>Assinatura obrigat\u00f3ria<\/td><\/tr><tr><td>Sono profundo<\/td><td><a href=\"https:\/\/bigsleep.dev\" target=\"_blank\" rel=\"noopener\">bigsleep.dev<\/a><\/td><td>Imagens realistas, c\u00f3digo aberto<\/td><td>Requer conhecimentos t\u00e9cnicos<\/td><\/tr><tr><td>PaintsChainer<\/td><td><a>pintor-ca\u00e7ador.preferido.t\u00e9cnico<\/a><\/td><td>AI Coloring, de f\u00e1cil utiliza\u00e7\u00e3o<\/td><td>Caracter\u00edsticas limitadas<\/td><\/tr><tr><td>Picas<\/td><td><a href=\"https:\/\/picas.tech\" target=\"_blank\" rel=\"noopener\">picas.tech<\/a><\/td><td>Filtros r\u00e1pidos e criativos<\/td><td>Imagens com marca de \u00e1gua<\/td><\/tr><tr><td>GauGAN<\/td><td><a href=\"https:\/\/nvidia.com\/research\/ai\/augan\" target=\"_blank\" rel=\"noopener\">nvidia.com<\/a><\/td><td>Paisagens realistas, alta qualidade<\/td><td>Requer GPU<\/td><\/tr><\/tbody><\/table><\/figure>\n\n\n\n<h3 class=\"wp-block-heading\">Pr\u00f3s, contras e desafios no sector dos geradores de imagens com IA<\/h3>\n\n\n\n<h4 class=\"wp-block-heading\">Pr\u00f3s<\/h4>\n\n\n\n<ul class=\"wp-block-list\">\n<li class=\"\"><strong>Acessibilidade:<\/strong> Ferramentas como o AI Art Free oferecem acesso gratuito e ilimitado.<\/li>\n\n\n\n<li class=\"\"><strong>Criatividade:<\/strong> A IA pode produzir imagens \u00fanicas e criativas.<\/li>\n\n\n\n<li class=\"\"><strong>Efici\u00eancia:<\/strong> Poupa tempo na cria\u00e7\u00e3o de imagens.<\/li>\n<\/ul>\n\n\n\n<h4 class=\"wp-block-heading\">Contras<\/h4>\n\n\n\n<ul class=\"wp-block-list\">\n<li class=\"\"><strong>Variabilidade da qualidade:<\/strong> Algumas ferramentas podem produzir resultados inconsistentes.<\/li>\n\n\n\n<li class=\"\"><strong>Curva de aprendizagem:<\/strong> Requer alguma compreens\u00e3o para uma utiliza\u00e7\u00e3o eficaz.<\/li>\n\n\n\n<li class=\"\"><strong>Depend\u00eancia de mensagens de texto:<\/strong> A qualidade das imagens depende da qualidade das descri\u00e7\u00f5es.<\/li>\n<\/ul>\n\n\n\n<h4 class=\"wp-block-heading\">Desafios<\/h4>\n\n\n\n<ul class=\"wp-block-list\">\n<li class=\"\"><strong>Preocupa\u00e7\u00f5es \u00e9ticas:<\/strong> Quest\u00f5es relacionadas com os direitos de autor e a originalidade.<\/li>\n\n\n\n<li class=\"\"><strong>Limita\u00e7\u00f5es t\u00e9cnicas:<\/strong> Algumas ferramentas requerem hardware avan\u00e7ado.<\/li>\n\n\n\n<li class=\"\"><strong>Satura\u00e7\u00e3o do mercado:<\/strong> Existem muitas ferramentas dispon\u00edveis, pelo que \u00e9 dif\u00edcil escolher a melhor.<\/li>\n<\/ul>\n\n\n\n<h3 class=\"wp-block-heading\">FAQ<\/h3>\n\n\n\n<ol class=\"wp-block-list\">\n<li class=\"\"><strong>Esta imagem \u00e9 gerada por IA?<\/strong>\n<ul class=\"wp-block-list\">\n<li class=\"\">As imagens geradas por IA s\u00e3o criadas atrav\u00e9s de algoritmos baseados em instru\u00e7\u00f5es de texto.<\/li>\n<\/ul>\n<\/li>\n\n\n\n<li class=\"\"><strong>Como saber se uma imagem \u00e9 gerada por IA?<\/strong>\n<ul class=\"wp-block-list\">\n<li class=\"\">Procure elementos \u00fanicos, muitas vezes surreais, e a aus\u00eancia de imperfei\u00e7\u00f5es que se encontram na arte feita pelo homem.<\/li>\n<\/ul>\n<\/li>\n\n\n\n<li class=\"\"><strong>Como gerar imagens de IA?<\/strong>\n<ul class=\"wp-block-list\">\n<li class=\"\">Utilizar ferramentas como <a href=\"https:\/\/aiartfree.online\/pt\/gerador-de-imagens-ai\/\">Arte AI Gr\u00e1tis<\/a> atrav\u00e9s da introdu\u00e7\u00e3o de instru\u00e7\u00f5es de texto.<\/li>\n<\/ul>\n<\/li>\n\n\n\n<li class=\"\"><strong>Como gerar imagens com IA?<\/strong>\n<ul class=\"wp-block-list\">\n<li class=\"\">Introduza uma descri\u00e7\u00e3o de texto e deixe a IA processar e criar a imagem.<\/li>\n<\/ul>\n<\/li>\n\n\n\n<li class=\"\"><strong>Como criar imagens geradas por IA?<\/strong>\n<ul class=\"wp-block-list\">\n<li class=\"\">Utilize geradores de imagens de IA para converter descri\u00e7\u00f5es de texto em imagens.<\/li>\n<\/ul>\n<\/li>\n\n\n\n<li class=\"\"><strong>Qual \u00e9 o melhor gerador de imagens de IA?<\/strong>\n<ul class=\"wp-block-list\">\n<li class=\"\"><a href=\"https:\/\/aiartfree.online\/pt\/gerador-de-imagens-ai\/\">Arte AI Gr\u00e1tis<\/a> \u00e9 altamente recomendado pelas suas funcionalidades gratuitas e ilimitadas.<\/li>\n<\/ul>\n<\/li>\n\n\n\n<li class=\"\"><strong>As imagens geradas por IA podem ser utilizadas comercialmente?<\/strong>\n<ul class=\"wp-block-list\">\n<li class=\"\">Sim, muitos geradores de imagens de IA permitem a utiliza\u00e7\u00e3o comercial, mas verifique as condi\u00e7\u00f5es da ferramenta espec\u00edfica.<\/li>\n<\/ul>\n<\/li>\n\n\n\n<li class=\"\"><strong>As imagens geradas por IA est\u00e3o isentas de direitos de autor?<\/strong>\n<ul class=\"wp-block-list\">\n<li class=\"\">Muitas vezes, sim, mas verifique com a ferramenta espec\u00edfica.<\/li>\n<\/ul>\n<\/li>\n\n\n\n<li class=\"\"><strong>Que estilos podem ter as imagens geradas pela IA?<\/strong>\n<ul class=\"wp-block-list\">\n<li class=\"\">A IA pode gerar v\u00e1rios estilos, desde a arte realista \u00e0 arte abstrata.<\/li>\n<\/ul>\n<\/li>\n\n\n\n<li class=\"\"><strong>Como \u00e9 que melhoramos as imagens geradas pela IA?<\/strong>\n<ul class=\"wp-block-list\">\n<li class=\"\">Utilize ferramentas de edi\u00e7\u00e3o de fotografias para aperfei\u00e7oar e melhorar as imagens.<\/li>\n<\/ul>\n<\/li>\n<\/ol>\n\n\n\n<h3 class=\"wp-block-heading\">Resumo<\/h3>\n\n\n\n<p class=\"\">Geradores de imagens de IA como <a href=\"https:\/\/aiartfree.online\/pt\/gerador-de-imagens-ai\/\">Arte AI Gr\u00e1tis<\/a> oferecem 100% solu\u00e7\u00f5es de cria\u00e7\u00e3o de imagens gratuitas, ilimitadas, de alta qualidade e \u00fanicas. Estas ferramentas destinam-se a uma vasta gama de utilizadores, desde criadores de conte\u00fados a profissionais de marketing, proporcionando uma forma eficiente e criativa de gerar imagens. Abrace o futuro da cria\u00e7\u00e3o de imagens com IA e transforme o seu conte\u00fado visual sem esfor\u00e7o.<\/p>\n\n\n\n<p class=\"\">Pronto para criar imagens espectaculares? Visite <a href=\"https:\/\/aiartfree.online\/pt\/gerador-de-imagens-ai\/\">Arte AI Gr\u00e1tis<\/a> e comece a gerar hoje mesmo!<\/p>\n\n\n\n<p class=\"\"><\/p>","protected":false},"excerpt":{"rendered":"<p>What our users made How to use the AI Picture Generator * Feel free to try our examples below if you don&#8217;t have any thoughts in your mind Prompt Examples *&nbsp;Depending on your internet speed, loading the model may take up to 10 seconds \u2193 AI Picture Generator: The Ultimate Guide Outline AI picture generators &#8230; <a title=\"Gerador de imagens AI\" class=\"read-more\" href=\"https:\/\/aiartfree.online\/pt\/gerador-de-imagens-ai\/\" aria-label=\"Leia mais sobre AI Picture Generator\">Ler mais<\/a><\/p>","protected":false},"author":1,"featured_media":3468,"parent":0,"menu_order":0,"comment_status":"open","ping_status":"closed","template":"","meta":{"nf_dc_page":"","footnotes":""},"class_list":["post-3444","page","type-page","status-publish","has-post-thumbnail"],"jetpack_sharing_enabled":true,"_links":{"self":[{"href":"https:\/\/aiartfree.online\/pt\/wp-json\/wp\/v2\/pages\/3444","targetHints":{"allow":["GET"]}}],"collection":[{"href":"https:\/\/aiartfree.online\/pt\/wp-json\/wp\/v2\/pages"}],"about":[{"href":"https:\/\/aiartfree.online\/pt\/wp-json\/wp\/v2\/types\/page"}],"author":[{"embeddable":true,"href":"https:\/\/aiartfree.online\/pt\/wp-json\/wp\/v2\/users\/1"}],"replies":[{"embeddable":true,"href":"https:\/\/aiartfree.online\/pt\/wp-json\/wp\/v2\/comments?post=3444"}],"version-history":[{"count":1,"href":"https:\/\/aiartfree.online\/pt\/wp-json\/wp\/v2\/pages\/3444\/revisions"}],"predecessor-version":[{"id":3594,"href":"https:\/\/aiartfree.online\/pt\/wp-json\/wp\/v2\/pages\/3444\/revisions\/3594"}],"wp:featuredmedia":[{"embeddable":true,"href":"https:\/\/aiartfree.online\/pt\/wp-json\/wp\/v2\/media\/3468"}],"wp:attachment":[{"href":"https:\/\/aiartfree.online\/pt\/wp-json\/wp\/v2\/media?parent=3444"}],"curies":[{"name":"wp","href":"https:\/\/api.w.org\/{rel}","templated":true}]}}