{"id":3438,"date":"2024-08-01T13:59:18","date_gmt":"2024-08-01T13:59:18","guid":{"rendered":"https:\/\/aiartfree.online\/?page_id=3438"},"modified":"2025-03-07T08:24:31","modified_gmt":"2025-03-07T08:24:31","slug":"3d-modeling","status":"publish","type":"page","link":"https:\/\/aiartfree.online\/pt\/modelacao-3d\/","title":{"rendered":"Modela\u00e7\u00e3o 3D"},"content":{"rendered":"<h2 class=\"wp-block-heading has-text-align-center\">Exemplos 3D<\/h2>\n\n\n\n<figure class=\"gb-block-image gb-block-image-1822da1f\"><img data-recalc-dims=\"1\" decoding=\"async\" loading=\"lazy\" width=\"526\" height=\"348\" class=\"gb-image gb-image-1822da1f\" src=\"https:\/\/i0.wp.com\/aiartfree.online\/wp-content\/uploads\/2024\/08\/WX20240801-174714%402x-jpg.webp?resize=526%2C348&#038;ssl=1\" alt=\"Explore o guia definitivo para a modela\u00e7\u00e3o 3D com a nossa ferramenta online gratuita. Aprenda t\u00e9cnicas, dicas e comece a trabalhar sem ter de se registar! Criador de modelos 3D online.\" title=\"WX20240801-174714@2x\" srcset=\"https:\/\/i0.wp.com\/aiartfree.online\/wp-content\/uploads\/2024\/08\/WX20240801-174714%402x-jpg.webp?w=526&amp;ssl=1 526w, https:\/\/i0.wp.com\/aiartfree.online\/wp-content\/uploads\/2024\/08\/WX20240801-174714%402x-jpg.webp?resize=300%2C198&amp;ssl=1 300w, https:\/\/i0.wp.com\/aiartfree.online\/wp-content\/uploads\/2024\/08\/WX20240801-174714%402x-jpg.webp?resize=18%2C12&amp;ssl=1 18w\" sizes=\"auto, (max-width: 526px) 100vw, 526px\" \/><\/figure>\n\n\n\n<h2 class=\"wp-block-heading\">Como utilizar a modela\u00e7\u00e3o 3D<\/h2>\n\n\n\n<ol class=\"wp-block-list\">\n<li class=\"\">Carregar a sua imagem<\/li>\n\n\n\n<li class=\"\">Clique em \"Gerar\"<\/li>\n\n\n\n<li class=\"\">Espera, \u00e9 isso mesmo!<\/li>\n<\/ol>\n\n\n\n<figure class=\"gb-block-image gb-block-image-4dfafe81\"><a href=\"https:\/\/fas.st\/t\/XmtmoHSk\" target=\"_blank\" rel=\"noopener noreferrer\"><img data-recalc-dims=\"1\" decoding=\"async\" loading=\"lazy\" width=\"1200\" height=\"368\" class=\"gb-image gb-image-4dfafe81\" src=\"https:\/\/i0.wp.com\/aiartfree.online\/wp-content\/uploads\/2025\/03\/WX20250307-114300%402x.webp?resize=1200%2C368&#038;ssl=1\" alt=\"\" title=\"WX20250307-114300@2x\" srcset=\"https:\/\/i0.wp.com\/aiartfree.online\/wp-content\/uploads\/2025\/03\/WX20250307-114300%402x.webp?w=1900&amp;ssl=1 1900w, https:\/\/i0.wp.com\/aiartfree.online\/wp-content\/uploads\/2025\/03\/WX20250307-114300%402x.webp?resize=300%2C92&amp;ssl=1 300w, https:\/\/i0.wp.com\/aiartfree.online\/wp-content\/uploads\/2025\/03\/WX20250307-114300%402x.webp?resize=1024%2C314&amp;ssl=1 1024w, https:\/\/i0.wp.com\/aiartfree.online\/wp-content\/uploads\/2025\/03\/WX20250307-114300%402x.webp?resize=768%2C235&amp;ssl=1 768w, https:\/\/i0.wp.com\/aiartfree.online\/wp-content\/uploads\/2025\/03\/WX20250307-114300%402x.webp?resize=1536%2C471&amp;ssl=1 1536w, https:\/\/i0.wp.com\/aiartfree.online\/wp-content\/uploads\/2025\/03\/WX20250307-114300%402x.webp?resize=18%2C6&amp;ssl=1 18w, https:\/\/i0.wp.com\/aiartfree.online\/wp-content\/uploads\/2025\/03\/WX20250307-114300%402x.webp?resize=600%2C184&amp;ssl=1 600w\" sizes=\"auto, (max-width: 1200px) 100vw, 1200px\" \/><\/a><\/figure>\n\n\n\n<p class=\"\"><em>* Dependendo da velocidade da sua Internet, o carregamento do modelo pode demorar <\/em>at\u00e9 10 segundos \u2193<\/p>\n\n\n\n<div class=\"iframe-wrapper\" style=\"position: relative; width: 100%; height: 1250px;\">\n  <div class=\"loading\" style=\"position: absolute; top: 50px; left: 50%; transform: translate(-50%, -50%); width: 40px; height: 40px; border: 3px solid #f0f0f0; border-top: 3px solid #db7093; border-radius: 50%; animation: spin 1s linear infinite;\"><\/div>\n  <iframe loading=\"lazy\" src=\"https:\/\/stabilityai-triposr.hf.space\" frameborder=\"0\" width=\"100%\" height=\"100%\" style=\"position: absolute; top: 0; left: 0; opacity: 0; transition: opacity 0.3s;\" onload=\"this.style.opacity=1;this.previousElementSibling.style.display='none';\"><\/iframe>\n<\/div>\n\n<style>\n@keyframes spin {\n  0% { transform: translate(-50%, -50%) rotate(0deg); }\n  100% { transform: translate(-50%, -50%) rotate(360deg); }\n}\n<\/style>\n\n\n\n<div style=\"height:60px\" aria-hidden=\"true\" class=\"wp-block-spacer\"><\/div>\n\n\n\n<h2 class=\"wp-block-heading\">Compreender a modela\u00e7\u00e3o 3D: Um guia completo<\/h2>\n\n\n\n<figure class=\"wp-block-image size-large is-resized\"><img data-recalc-dims=\"1\" data-dominant-color=\"a2a2a3\" data-has-transparency=\"false\" decoding=\"async\" width=\"1024\" height=\"795\"   loading=\"lazy\" src=\"https:\/\/i0.wp.com\/aiartfree.online\/wp-content\/uploads\/2024\/08\/WX20240801-174207%402x-1024x795.webp?resize=1024%2C795&#038;ssl=1\" alt=\"Explore o guia definitivo para a modela\u00e7\u00e3o 3D com a nossa ferramenta online gratuita. Aprenda t\u00e9cnicas, dicas e comece a trabalhar sem ter de se registar! Criador de modelos 3D online.\" class=\"wp-image-3446 not-transparent\" style=\"--dominant-color: #a2a2a3; width:480px;height:auto\" srcset=\"https:\/\/i0.wp.com\/aiartfree.online\/wp-content\/uploads\/2024\/08\/WX20240801-174207%402x-jpg.webp?resize=1024%2C795&amp;ssl=1 1024w, https:\/\/i0.wp.com\/aiartfree.online\/wp-content\/uploads\/2024\/08\/WX20240801-174207%402x-jpg.webp?resize=300%2C233&amp;ssl=1 300w, https:\/\/i0.wp.com\/aiartfree.online\/wp-content\/uploads\/2024\/08\/WX20240801-174207%402x-jpg.webp?resize=768%2C596&amp;ssl=1 768w, https:\/\/i0.wp.com\/aiartfree.online\/wp-content\/uploads\/2024\/08\/WX20240801-174207%402x-jpg.webp?resize=1536%2C1192&amp;ssl=1 1536w, https:\/\/i0.wp.com\/aiartfree.online\/wp-content\/uploads\/2024\/08\/WX20240801-174207%402x-jpg.webp?resize=15%2C12&amp;ssl=1 15w, https:\/\/i0.wp.com\/aiartfree.online\/wp-content\/uploads\/2024\/08\/WX20240801-174207%402x-jpg.webp?resize=600%2C466&amp;ssl=1 600w, https:\/\/i0.wp.com\/aiartfree.online\/wp-content\/uploads\/2024\/08\/WX20240801-174207%402x-jpg.webp?w=1680&amp;ssl=1 1680w\" sizes=\"auto, (max-width: 1024px) 100vw, 1024px\" \/><\/figure>\n\n\n\n<h3 class=\"wp-block-heading\">\u00cdndice<\/h3>\n\n\n\n<ul class=\"wp-block-list\">\n<li class=\"\"><a href=\"#what-is-3d-modeling\">O que \u00e9 a modela\u00e7\u00e3o 3D?<\/a><\/li>\n\n\n\n<li class=\"\"><a href=\"#why-use-3d-modeling\">Porqu\u00ea utilizar a modela\u00e7\u00e3o 3D?<\/a><\/li>\n\n\n\n<li class=\"\"><a href=\"#main-features-of-3d-modeling\">Principais carater\u00edsticas da modela\u00e7\u00e3o 3D<\/a><\/li>\n\n\n\n<li class=\"\"><a href=\"#target-audience-and-uses\">P\u00fablico-alvo e utiliza\u00e7\u00f5es<\/a><\/li>\n\n\n\n<li class=\"\"><a href=\"#industries-and-applications\">Ind\u00fastrias e aplica\u00e7\u00f5es<\/a><\/li>\n\n\n\n<li class=\"\"><a href=\"#how-to-use-3d-modeling\">Como utilizar a modela\u00e7\u00e3o 3D<\/a><\/li>\n\n\n\n<li class=\"\"><a href=\"#use-cases-of-3d-modeling\">Casos de utiliza\u00e7\u00e3o da modela\u00e7\u00e3o 3D<\/a><\/li>\n\n\n\n<li class=\"\"><a href=\"#comparison-of-3d-modeling-tools\">Compara\u00e7\u00e3o de ferramentas de modela\u00e7\u00e3o 3D<\/a><\/li>\n\n\n\n<li class=\"\"><a href=\"#pros-and-cons-of-3d-modeling\">Pr\u00f3s e contras da modela\u00e7\u00e3o 3D<\/a><\/li>\n\n\n\n<li class=\"\"><a href=\"#frequently-asked-questions-faq\">Perguntas frequentes (FAQ)<\/a><\/li>\n\n\n\n<li class=\"\"><a href=\"#summary\">Resumo<\/a><\/li>\n<\/ul>\n\n\n\n<h3 class=\"wp-block-heading\">O que \u00e9 a modela\u00e7\u00e3o 3D?<\/h3>\n\n\n\n<p class=\"\">A modela\u00e7\u00e3o 3D \u00e9 o processo de cria\u00e7\u00e3o de uma representa\u00e7\u00e3o tridimensional de qualquer objeto ou superf\u00edcie. Utilizando software especializado, os designers manipulam pontos no espa\u00e7o virtual (v\u00e9rtices) para formar uma malha, um conjunto de v\u00e9rtices que formam um objeto.<\/p>\n\n\n\n<h3 class=\"wp-block-heading\">Porqu\u00ea utilizar a modela\u00e7\u00e3o 3D?<\/h3>\n\n\n\n<p class=\"\">A modela\u00e7\u00e3o 3D oferece v\u00e1rias vantagens significativas:<\/p>\n\n\n\n<ol class=\"wp-block-list\">\n<li class=\"\"><strong>Realismo e visualiza\u00e7\u00e3o<\/strong>: Proporciona uma visualiza\u00e7\u00e3o realista dos objectos, o que \u00e9 crucial para ind\u00fastrias como a arquitetura, os jogos e o cinema.<\/li>\n\n\n\n<li class=\"\"><strong>Precis\u00e3o de conce\u00e7\u00e3o<\/strong>: Permite a realiza\u00e7\u00e3o de desenhos pormenorizados e precisos, essenciais para a engenharia e o fabrico.<\/li>\n\n\n\n<li class=\"\"><strong>Flexibilidade<\/strong>: Os modelos podem ser facilmente modificados, poupando tempo e recursos.<\/li>\n\n\n\n<li class=\"\"><strong>Criatividade refor\u00e7ada<\/strong>: Oferece infinitas possibilidades de express\u00e3o criativa em arte e design.<\/li>\n<\/ol>\n\n\n\n<h3 class=\"wp-block-heading\">Principais carater\u00edsticas da modela\u00e7\u00e3o 3D<\/h3>\n\n\n\n<h4 class=\"wp-block-heading\">Criador de modelos 3D<\/h4>\n\n\n\n<p class=\"\">Uma ferramenta que permite aos utilizadores criar modelos 3D a partir do zero ou modificando modelos existentes.<\/p>\n\n\n\n<h4 class=\"wp-block-heading\">Modelo 3D gratuito<\/h4>\n\n\n\n<p class=\"\">Acesso a uma variedade de modelos 3D gratuitos para aprender, praticar ou incorporar em projectos.<\/p>\n\n\n\n<h4 class=\"wp-block-heading\">CAD online gratuito<\/h4>\n\n\n\n<p class=\"\">Ferramentas de desenho assistido por computador dispon\u00edveis online gratuitamente, tornando a modela\u00e7\u00e3o 3D acess\u00edvel a todos.<\/p>\n\n\n\n<h4 class=\"wp-block-heading\">Criador 3D<\/h4>\n\n\n\n<p class=\"\">Software ou ferramentas que simplificam o processo de cria\u00e7\u00e3o de modelos 3D detalhados e complexos.<\/p>\n\n\n\n<h4 class=\"wp-block-heading\">Software de desenho 3D gratuito<\/h4>\n\n\n\n<p class=\"\">Est\u00e3o dispon\u00edveis v\u00e1rias op\u00e7\u00f5es de software gratuito para modela\u00e7\u00e3o 3D, para diferentes n\u00edveis de especializa\u00e7\u00e3o.<\/p>\n\n\n\n<h4 class=\"wp-block-heading\">Modela\u00e7\u00e3o poligonal<\/h4>\n\n\n\n<p class=\"\">Um m\u00e9todo comum de modela\u00e7\u00e3o 3D em que os modelos s\u00e3o criados atrav\u00e9s da liga\u00e7\u00e3o de v\u00e9rtices para formar pol\u00edgonos, normalmente tri\u00e2ngulos ou qu\u00e1druplos.<\/p>\n\n\n\n<h4 class=\"wp-block-heading\">Aplica\u00e7\u00f5es no mundo real<\/h4>\n\n\n\n<p class=\"\">Utilizado em v\u00e1rios dom\u00ednios, como a arquitetura, a engenharia, o cinema e os jogos, para representa\u00e7\u00f5es e simula\u00e7\u00f5es realistas.<\/p>\n\n\n\n<h4 class=\"wp-block-heading\">Renderiza\u00e7\u00e3o 3D<\/h4>\n\n\n\n<p class=\"\">O processo de convers\u00e3o de modelos 3D em imagens 2D com ilumina\u00e7\u00e3o, texturas e sombras realistas.<\/p>\n\n\n\n<h4 class=\"wp-block-heading\">Efeitos Visuais<\/h4>\n\n\n\n<p class=\"\">Incorpora modelos 3D em filmes, programas de TV e jogos para criar efeitos visuais impressionantes.<\/p>\n\n\n\n<h4 class=\"wp-block-heading\">Artista 3D<\/h4>\n\n\n\n<p class=\"\">Profissionais especializados na cria\u00e7\u00e3o de modelos 3D detalhados e de alta qualidade para v\u00e1rios sectores.<\/p>\n\n\n\n<h4 class=\"wp-block-heading\">Ferramentas poderosas<\/h4>\n\n\n\n<p class=\"\">Ferramentas de software avan\u00e7adas que oferecem uma gama de funcionalidades para criar, modificar e renderizar modelos 3D.<\/p>\n\n\n\n<h4 class=\"wp-block-heading\">Alta qualidade<\/h4>\n\n\n\n<p class=\"\">Produ\u00e7\u00e3o de modelos 3D pormenorizados e precisos, adequados para utiliza\u00e7\u00e3o profissional.<\/p>\n\n\n\n<h4 class=\"wp-block-heading\">Impress\u00e3o 3D<\/h4>\n\n\n\n<p class=\"\">Traduzir modelos 3D em objectos f\u00edsicos utilizando impressoras 3D.<\/p>\n\n\n\n<h4 class=\"wp-block-heading\">Tempo real<\/h4>\n\n\n\n<p class=\"\">Software que permite a renderiza\u00e7\u00e3o e a manipula\u00e7\u00e3o em tempo real de modelos 3D, facilitando os processos de conce\u00e7\u00e3o din\u00e2micos.<\/p>\n\n\n\n<h4 class=\"wp-block-heading\">Modelos pormenorizados<\/h4>\n\n\n\n<p class=\"\">Cria\u00e7\u00e3o de modelos 3D complexos e precisos com elevados n\u00edveis de pormenor.<\/p>\n\n\n\n<h4 class=\"wp-block-heading\">Cria\u00e7\u00e3o de modelos 3D<\/h4>\n\n\n\n<p class=\"\">Todo o processo de concetualiza\u00e7\u00e3o, conce\u00e7\u00e3o e finaliza\u00e7\u00e3o de modelos 3D.<\/p>\n\n\n\n<h3 class=\"wp-block-heading\">P\u00fablico-alvo e utiliza\u00e7\u00f5es<\/h3>\n\n\n\n<p class=\"\">A modela\u00e7\u00e3o 3D \u00e9 ben\u00e9fica para:<\/p>\n\n\n\n<ul class=\"wp-block-list\">\n<li class=\"\"><strong>Designers e artistas<\/strong>: Para criar arte visual, anima\u00e7\u00f5es e efeitos especiais.<\/li>\n\n\n\n<li class=\"\"><strong>Engenheiros e arquitectos<\/strong>: Para a conce\u00e7\u00e3o e visualiza\u00e7\u00e3o de estruturas e m\u00e1quinas.<\/li>\n\n\n\n<li class=\"\"><strong>Programadores de jogos<\/strong>: Para criar personagens, ambientes e activos.<\/li>\n\n\n\n<li class=\"\"><strong>Educadores e estudantes<\/strong>: Para ensinar e aprender sobre modela\u00e7\u00e3o 3D e as suas aplica\u00e7\u00f5es.<\/li>\n<\/ul>\n\n\n\n<h3 class=\"wp-block-heading\">Ind\u00fastrias e aplica\u00e7\u00f5es<\/h3>\n\n\n\n<p class=\"\">A modela\u00e7\u00e3o 3D \u00e9 amplamente utilizada em:<\/p>\n\n\n\n<ul class=\"wp-block-list\">\n<li class=\"\"><strong>Arquitetura<\/strong>: Conce\u00e7\u00e3o e visualiza\u00e7\u00e3o de edif\u00edcios e interiores.<\/li>\n\n\n\n<li class=\"\"><strong>Cinema e anima\u00e7\u00e3o<\/strong>: Cria\u00e7\u00e3o de efeitos visuais e de personagens animados.<\/li>\n\n\n\n<li class=\"\"><strong>Jogos<\/strong>: Desenvolvimento de personagens, ambientes e activos.<\/li>\n\n\n\n<li class=\"\"><strong>Fabrico<\/strong>: Conce\u00e7\u00e3o e elabora\u00e7\u00e3o de prot\u00f3tipos de produtos.<\/li>\n\n\n\n<li class=\"\"><strong>M\u00e9dico<\/strong>: Cria\u00e7\u00e3o de modelos anat\u00f3micos e simula\u00e7\u00f5es.<\/li>\n\n\n\n<li class=\"\"><strong>Educa\u00e7\u00e3o<\/strong>: Ensino de conceitos atrav\u00e9s de modelos 3D interactivos.<\/li>\n<\/ul>\n\n\n\n<h3 class=\"wp-block-heading\">Como utilizar a modela\u00e7\u00e3o 3D<\/h3>\n\n\n\n<h4 class=\"wp-block-heading\">Instru\u00e7\u00f5es passo a passo<\/h4>\n\n\n\n<ol class=\"wp-block-list\">\n<li class=\"\"><strong>Selecionar software<\/strong>: Selecione um software de modela\u00e7\u00e3o 3D adequado \u00e0s suas necessidades (por exemplo, Blender, Tinkercad).<\/li>\n\n\n\n<li class=\"\"><strong>Aprender no\u00e7\u00f5es b\u00e1sicas<\/strong>: Compreender as fun\u00e7\u00f5es e ferramentas b\u00e1sicas do software.<\/li>\n\n\n\n<li class=\"\"><strong>Come\u00e7ar com um conceito<\/strong>: Esboce a sua ideia num papel ou crie um desenho 2D simples.<\/li>\n\n\n\n<li class=\"\"><strong>Criar uma malha<\/strong>: Utilize v\u00e9rtices, arestas e faces para construir a estrutura do seu modelo.<\/li>\n\n\n\n<li class=\"\"><strong>Refinar detalhes<\/strong>: Adicione detalhes e texturas mais finos ao seu modelo.<\/li>\n\n\n\n<li class=\"\"><strong>Aplicar materiais e ilumina\u00e7\u00e3o<\/strong>: Aumentar o realismo adicionando materiais e efeitos de ilumina\u00e7\u00e3o.<\/li>\n\n\n\n<li class=\"\"><strong>Renderizar o modelo<\/strong>: Converta o seu modelo 3D numa imagem ou v\u00eddeo 2D.<\/li>\n\n\n\n<li class=\"\"><strong>Exportar\/Imprimir<\/strong>: Exporte o seu modelo no formato pretendido ou imprima-o numa impressora 3D.<\/li>\n<\/ol>\n\n\n\n<h3 class=\"wp-block-heading\">Casos de utiliza\u00e7\u00e3o da modela\u00e7\u00e3o 3D<\/h3>\n\n\n\n<h4 class=\"wp-block-heading\">Visualiza\u00e7\u00e3o arquitet\u00f3nica<\/h4>\n\n\n\n<p class=\"\">Criar representa\u00e7\u00f5es realistas de edif\u00edcios e interiores.<\/p>\n\n\n\n<h4 class=\"wp-block-heading\">Desenho de personagens<\/h4>\n\n\n\n<p class=\"\">Desenvolvimento de personagens para jogos e anima\u00e7\u00f5es.<\/p>\n\n\n\n<h4 class=\"wp-block-heading\">Prototipagem de produtos<\/h4>\n\n\n\n<p class=\"\">Conceber e testar novos produtos antes do fabrico.<\/p>\n\n\n\n<h4 class=\"wp-block-heading\">Simula\u00e7\u00f5es m\u00e9dicas<\/h4>\n\n\n\n<p class=\"\">Cria\u00e7\u00e3o de modelos anat\u00f3micos detalhados para fins pedag\u00f3gicos.<\/p>\n\n\n\n<h4 class=\"wp-block-heading\">Efeitos Visuais<\/h4>\n\n\n\n<p class=\"\">Integra\u00e7\u00e3o de modelos 3D em filmes e programas de televis\u00e3o para criar efeitos espectaculares.<\/p>\n\n\n\n<h3 class=\"wp-block-heading\">Compara\u00e7\u00e3o de ferramentas de modela\u00e7\u00e3o 3D<\/h3>\n\n\n\n<figure class=\"wp-block-table\"><table class=\"has-fixed-layout\"><thead><tr><th>Ferramenta\/Website<\/th><th>Vantagens<\/th><th>Desvantagens<\/th><th>S\u00edtio Web<\/th><\/tr><\/thead><tbody><tr><td>Liquidificador<\/td><td>100% Gratuito, ferramentas poderosas, amplo apoio da comunidade<\/td><td>Curva de aprendizagem acentuada para principiantes<\/td><td><a href=\"https:\/\/www.blender.org\" target=\"_blank\" rel=\"noopener\">Liquidificador<\/a><\/td><\/tr><tr><td>Tinkercad<\/td><td>F\u00e1cil de utilizar, CAD em linha gratuito, \u00f3timo para principiantes<\/td><td>Caracter\u00edsticas avan\u00e7adas limitadas<\/td><td><a href=\"https:\/\/www.tinkercad.com\" target=\"_blank\" rel=\"noopener\">Tinkercad<\/a><\/td><\/tr><tr><td>SketchUp<\/td><td>Vers\u00e3o gratuita dispon\u00edvel, interface intuitiva<\/td><td>Funcionalidades limitadas na vers\u00e3o gratuita<\/td><td><a href=\"https:\/\/www.sketchup.com\" target=\"_blank\" rel=\"noopener\">SketchUp<\/a><\/td><\/tr><tr><td>Fus\u00e3o 360<\/td><td>Ferramentas abrangentes, gratuitas para estudantes e educadores<\/td><td>Necessita de um computador potente<\/td><td><a href=\"https:\/\/www.autodesk.com\/products\/fusion-360\/overview\" target=\"_blank\" rel=\"noopener\">Fus\u00e3o 360<\/a><\/td><\/tr><tr><td>ZBrush<\/td><td>Norma da ind\u00fastria para modela\u00e7\u00e3o detalhada, ferramentas poderosas<\/td><td>Caro<\/td><td><a href=\"https:\/\/pixologic.com\/zbrush\/\" target=\"_blank\" rel=\"noopener\">ZBrush<\/a><\/td><\/tr><tr><td>FreeCAD<\/td><td>CAD em linha gratuito e de fonte aberta<\/td><td>Menos f\u00e1cil de utilizar do que outras ferramentas<\/td><td><a href=\"https:\/\/www.freecadweb.org\" target=\"_blank\" rel=\"noopener\">FreeCAD<\/a><\/td><\/tr><tr><td>Sculptris<\/td><td>Gratuito, \u00f3timo para esculpir<\/td><td>Funcionalidades limitadas em compara\u00e7\u00e3o com o ZBrush<\/td><td><a href=\"https:\/\/pixologic.com\/sculptris\/\" target=\"_blank\" rel=\"noopener\">Sculptris<\/a><\/td><\/tr><tr><td>Autodesk Maya<\/td><td>Padr\u00e3o da ind\u00fastria para anima\u00e7\u00e3o, ferramentas poderosas<\/td><td>Caro, curva de aprendizagem acentuada<\/td><td><a href=\"https:\/\/www.autodesk.com\/products\/maya\/overview\" target=\"_blank\" rel=\"noopener\">Autodesk Maya<\/a><\/td><\/tr><tr><td>Cinema 4D<\/td><td>Excelente para gr\u00e1ficos em movimento, f\u00e1cil de utilizar<\/td><td>Caro<\/td><td><a href=\"https:\/\/www.maxon.net\/en\/cinema-4d\" target=\"_blank\" rel=\"noopener\">Cinema 4D<\/a><\/td><\/tr><tr><td>Onshape<\/td><td>Conce\u00e7\u00e3o colaborativa e baseada na nuvem<\/td><td>Vers\u00e3o gratuita limitada<\/td><td><a href=\"https:\/\/www.onshape.com\" target=\"_blank\" rel=\"noopener\">Onshape<\/a><\/td><\/tr><\/tbody><\/table><\/figure>\n\n\n\n<h3 class=\"wp-block-heading\">Pr\u00f3s e contras da modela\u00e7\u00e3o 3D<\/h3>\n\n\n\n<h4 class=\"wp-block-heading\">Pr\u00f3s<\/h4>\n\n\n\n<ul class=\"wp-block-list\">\n<li class=\"\"><strong>Criatividade refor\u00e7ada<\/strong>: Permite uma express\u00e3o criativa sem limites.<\/li>\n\n\n\n<li class=\"\"><strong>Precis\u00e3o e exatid\u00e3o<\/strong>: Essencial para projectos de engenharia e arquitetura.<\/li>\n\n\n\n<li class=\"\"><strong>Versatilidade<\/strong>: Aplic\u00e1vel em v\u00e1rios sectores e dom\u00ednios.<\/li>\n\n\n\n<li class=\"\"><strong>Realismo<\/strong>: Produz visualiza\u00e7\u00f5es altamente realistas.<\/li>\n<\/ul>\n\n\n\n<h4 class=\"wp-block-heading\">Contras<\/h4>\n\n\n\n<ul class=\"wp-block-list\">\n<li class=\"\"><strong>Curva de aprendizagem acentuada<\/strong>: Pode ser dif\u00edcil de dominar para os principiantes.<\/li>\n\n\n\n<li class=\"\"><strong>Recursos intensivos<\/strong>: Requer hardware e software potentes.<\/li>\n\n\n\n<li class=\"\"><strong>Demasiado tempo<\/strong>: A cria\u00e7\u00e3o de modelos pormenorizados pode exigir muito tempo.<\/li>\n\n\n\n<li class=\"\"><strong>Custo<\/strong>: Um software de alta qualidade pode ser dispendioso.<\/li>\n<\/ul>\n\n\n\n<h3 class=\"wp-block-heading\">Perguntas frequentes (FAQ)<\/h3>\n\n\n\n<ol class=\"wp-block-list\">\n<li class=\"\"><strong>Como criar um modelo 3D personalizado da pista do mk7?<\/strong><\/li>\n<\/ol>\n\n\n\n<ul class=\"wp-block-list\">\n<li class=\"\">Utilize software como o Blender ou o Tinkercad para desenhar a pista. Comece com um esquema b\u00e1sico e adicione detalhes gradualmente.<\/li>\n<\/ul>\n\n\n\n<ol class=\"wp-block-list\">\n<li class=\"\"><strong>O Adobe Animate pode criar modelos 3D?<\/strong><\/li>\n<\/ol>\n\n\n\n<ul class=\"wp-block-list\">\n<li class=\"\">O Adobe Animate \u00e9 principalmente uma ferramenta de anima\u00e7\u00e3o 2D. Para a modela\u00e7\u00e3o 3D, ferramentas como o Blender ou o Maya s\u00e3o mais adequadas.<\/li>\n<\/ul>\n\n\n\n<ol class=\"wp-block-list\">\n<li class=\"\"><strong>Os modelos 3D s\u00e3o fornecidos com equipamentos faciais?<\/strong><\/li>\n<\/ol>\n\n\n\n<ul class=\"wp-block-list\">\n<li class=\"\">Alguns modelos 3D, especialmente os utilizados na conce\u00e7\u00e3o de personagens, incluem equipamentos faciais. Verifique as especifica\u00e7\u00f5es do modelo antes de o comprar ou descarregar.<\/li>\n<\/ul>\n\n\n\n<ol class=\"wp-block-list\">\n<li class=\"\"><strong>Como fixar impress\u00f5es 3D de modelos divididos com cola?<\/strong><\/li>\n<\/ol>\n\n\n\n<ul class=\"wp-block-list\">\n<li class=\"\">Utilize grampos para manter as pe\u00e7as juntas com firmeza. Aplique cola nas superf\u00edcies divididas e prenda com grampos at\u00e9 a cola secar completamente.<\/li>\n<\/ul>\n\n\n\n<ol class=\"wp-block-list\">\n<li class=\"\"><strong>Como criar um modelo 3D de mim pr\u00f3prio?<\/strong><\/li>\n<\/ol>\n\n\n\n<ul class=\"wp-block-list\">\n<li class=\"\">Utilize um software de fotogrametria para captar a sua imagem. Tire v\u00e1rias fotografias de diferentes \u00e2ngulos e utilize o software para gerar um modelo 3D.<\/li>\n<\/ul>\n\n\n\n<ol class=\"wp-block-list\">\n<li class=\"\"><strong>Qual \u00e9 o melhor software para principiantes em modela\u00e7\u00e3o 3D?<\/strong><\/li>\n<\/ol>\n\n\n\n<ul class=\"wp-block-list\">\n<li class=\"\">O Tinkercad e o SketchUp s\u00e3o altamente recomendados para principiantes devido \u00e0s suas interfaces f\u00e1ceis de utilizar.<\/li>\n<\/ul>\n\n\n\n<ol class=\"wp-block-list\">\n<li class=\"\"><strong>Posso imprimir os meus modelos em 3D?<\/strong><\/li>\n<\/ol>\n\n\n\n<ul class=\"wp-block-list\">\n<li class=\"\">Sim, quando o modelo estiver completo, exporte-o para um formato de impress\u00e3o 3D como STL e utilize uma impressora 3D.<\/li>\n<\/ul>\n\n\n\n<ol class=\"wp-block-list\">\n<li class=\"\"><strong>Como \u00e9 que adiciono texturas aos meus modelos 3D?<\/strong><\/li>\n<\/ol>\n\n\n\n<ul class=\"wp-block-list\">\n<li class=\"\">Utilize as ferramentas de pintura de texturas dispon\u00edveis no seu software de modela\u00e7\u00e3o 3D para aplicar texturas aos seus modelos.<\/li>\n<\/ul>\n\n\n\n<ol class=\"wp-block-list\">\n<li class=\"\">**Que formatos de ficheiro s\u00e3o utilizados para modelos 3D?<\/li>\n<\/ol>\n\n\n\n<ul class=\"wp-block-list\">\n<li class=\"\">Os formatos de ficheiro mais comuns incluem STL, OBJ e FBX.<\/li>\n<\/ul>\n\n\n\n<ol class=\"wp-block-list\">\n<li class=\"\"><strong>Como \u00e9 que animo os meus modelos 3D?<\/strong>\n<ul class=\"wp-block-list\">\n<li class=\"\">Utilize software como o Blender ou o Maya, que fornecem ferramentas completas para a cria\u00e7\u00e3o e anima\u00e7\u00e3o de modelos 3D.<\/li>\n<\/ul>\n<\/li>\n<\/ol>\n\n\n\n<h3 class=\"wp-block-heading\">Resumo<\/h3>\n\n\n\n<p class=\"\">A modela\u00e7\u00e3o 3D \u00e9 uma ferramenta vers\u00e1til e poderosa utilizada em v\u00e1rias ind\u00fastrias para criar representa\u00e7\u00f5es detalhadas e realistas de objectos e ambientes. Quer seja para arte, engenharia, jogos ou educa\u00e7\u00e3o, a modela\u00e7\u00e3o 3D aumenta a criatividade, a precis\u00e3o e a efici\u00eancia. Para come\u00e7ar, explore ferramentas como <a href=\"https:\/\/aiartfree.online\/pt\/modelacao-3d\/\">https:\/\/aiartfree.online\/3d-modeling<\/a>que oferece uma plataforma de modela\u00e7\u00e3o 3D abrangente.<\/p>\n\n\n\n<p class=\"\">Mergulhe no mundo da modela\u00e7\u00e3o 3D hoje mesmo com as nossas ferramentas e recursos recomendados. Crie, inove e d\u00ea vida \u00e0s suas ideias!<\/p>\n\n\n\n<p class=\"\"><\/p>","protected":false},"excerpt":{"rendered":"<p>3D Examples How to use the 3D Modeling *&nbsp;Depending on your internet speed, loading the model may take up to 10 seconds \u2193 Understanding 3D Modeling: A Comprehensive Guide Table of Contents What is 3D Modeling? 3D modeling is the process of creating a three-dimensional representation of any object or surface. Using specialized software, designers &#8230; <a title=\"Modela\u00e7\u00e3o 3D\" class=\"read-more\" href=\"https:\/\/aiartfree.online\/pt\/modelacao-3d\/\" aria-label=\"Leia mais sobre 3D Modeling\">Ler mais<\/a><\/p>","protected":false},"author":1,"featured_media":3447,"parent":0,"menu_order":0,"comment_status":"open","ping_status":"closed","template":"","meta":{"nf_dc_page":"","footnotes":""},"class_list":["post-3438","page","type-page","status-publish","has-post-thumbnail"],"jetpack_sharing_enabled":true,"_links":{"self":[{"href":"https:\/\/aiartfree.online\/pt\/wp-json\/wp\/v2\/pages\/3438","targetHints":{"allow":["GET"]}}],"collection":[{"href":"https:\/\/aiartfree.online\/pt\/wp-json\/wp\/v2\/pages"}],"about":[{"href":"https:\/\/aiartfree.online\/pt\/wp-json\/wp\/v2\/types\/page"}],"author":[{"embeddable":true,"href":"https:\/\/aiartfree.online\/pt\/wp-json\/wp\/v2\/users\/1"}],"replies":[{"embeddable":true,"href":"https:\/\/aiartfree.online\/pt\/wp-json\/wp\/v2\/comments?post=3438"}],"version-history":[{"count":1,"href":"https:\/\/aiartfree.online\/pt\/wp-json\/wp\/v2\/pages\/3438\/revisions"}],"predecessor-version":[{"id":3603,"href":"https:\/\/aiartfree.online\/pt\/wp-json\/wp\/v2\/pages\/3438\/revisions\/3603"}],"wp:featuredmedia":[{"embeddable":true,"href":"https:\/\/aiartfree.online\/pt\/wp-json\/wp\/v2\/media\/3447"}],"wp:attachment":[{"href":"https:\/\/aiartfree.online\/pt\/wp-json\/wp\/v2\/media?parent=3438"}],"curies":[{"name":"wp","href":"https:\/\/api.w.org\/{rel}","templated":true}]}}