{"id":3435,"date":"2024-08-01T13:24:54","date_gmt":"2024-08-01T13:24:54","guid":{"rendered":"https:\/\/aiartfree.online\/?page_id=3435"},"modified":"2025-03-07T08:24:14","modified_gmt":"2025-03-07T08:24:14","slug":"audio-translator","status":"publish","type":"page","link":"https:\/\/aiartfree.online\/pt\/tradutor-audio\/","title":{"rendered":"Tradutor de \u00e1udio"},"content":{"rendered":"<h2 class=\"wp-block-heading\" id=\"how-to-use-the-audio-translator\">Como utilizar o Tradutor \u00c1udio<\/h2>\n\n\n\n<ol class=\"wp-block-list\">\n<li class=\"\">Selecione a sua l\u00edngua de chegada<\/li>\n\n\n\n<li class=\"\">Carregue o seu ficheiro \u00e1udio<\/li>\n\n\n\n<li class=\"\">Clique em \"Traduzir\"<\/li>\n\n\n\n<li class=\"\">Espera, \u00e9 isso mesmo!<\/li>\n<\/ol>\n\n\n\n<figure class=\"gb-block-image gb-block-image-4dfafe81\"><a href=\"https:\/\/fas.st\/t\/XmtmoHSk\" target=\"_blank\" rel=\"noopener noreferrer\"><img data-recalc-dims=\"1\" decoding=\"async\" loading=\"lazy\" width=\"1200\" height=\"368\" class=\"gb-image gb-image-4dfafe81\" src=\"https:\/\/i0.wp.com\/aiartfree.online\/wp-content\/uploads\/2025\/03\/WX20250307-114300%402x.webp?resize=1200%2C368&#038;ssl=1\" alt=\"\" title=\"WX20250307-114300@2x\" srcset=\"https:\/\/i0.wp.com\/aiartfree.online\/wp-content\/uploads\/2025\/03\/WX20250307-114300%402x.webp?w=1900&amp;ssl=1 1900w, https:\/\/i0.wp.com\/aiartfree.online\/wp-content\/uploads\/2025\/03\/WX20250307-114300%402x.webp?resize=300%2C92&amp;ssl=1 300w, https:\/\/i0.wp.com\/aiartfree.online\/wp-content\/uploads\/2025\/03\/WX20250307-114300%402x.webp?resize=1024%2C314&amp;ssl=1 1024w, https:\/\/i0.wp.com\/aiartfree.online\/wp-content\/uploads\/2025\/03\/WX20250307-114300%402x.webp?resize=768%2C235&amp;ssl=1 768w, https:\/\/i0.wp.com\/aiartfree.online\/wp-content\/uploads\/2025\/03\/WX20250307-114300%402x.webp?resize=1536%2C471&amp;ssl=1 1536w, https:\/\/i0.wp.com\/aiartfree.online\/wp-content\/uploads\/2025\/03\/WX20250307-114300%402x.webp?resize=18%2C6&amp;ssl=1 18w, https:\/\/i0.wp.com\/aiartfree.online\/wp-content\/uploads\/2025\/03\/WX20250307-114300%402x.webp?resize=600%2C184&amp;ssl=1 600w\" sizes=\"auto, (max-width: 1200px) 100vw, 1200px\" \/><\/a><\/figure>\n\n\n\n<p class=\"\"><em>* Dependendo da velocidade da sua Internet, o carregamento do modelo pode demorar <\/em>at\u00e9 10 segundos \u2193<\/p>\n\n\n\n<div class=\"iframe-wrapper\" style=\"position: relative; width: 100%; height: 1250px;\">\n  <div class=\"loading\" style=\"position: absolute; top: 50px; left: 50%; transform: translate(-50%, -50%); width: 40px; height: 40px; border: 3px solid #f0f0f0; border-top: 3px solid #db7093; border-radius: 50%; animation: spin 1s linear infinite;\"><\/div>\n  <iframe loading=\"lazy\" src=\"https:\/\/facebook-seamless-m4t.hf.space\" frameborder=\"0\" width=\"100%\" height=\"100%\" style=\"position: absolute; top: 0; left: 0; opacity: 0; transition: opacity 0.3s;\" onload=\"this.style.opacity=1;this.previousElementSibling.style.display='none';\"><\/iframe>\n<\/div>\n\n<style>\n@keyframes spin {\n  0% { transform: translate(-50%, -50%) rotate(0deg); }\n  100% { transform: translate(-50%, -50%) rotate(360deg); }\n}\n<\/style>\n\n\n\n<div style=\"height:80px\" aria-hidden=\"true\" class=\"wp-block-spacer\"><\/div>\n\n\n\n<h2 class=\"wp-block-heading\" id=\"audio-translator-the-ultimate-guide\">Tradutor de \u00e1udio: O guia definitivo<\/h2>\n\n\n\n<div class=\"wp-block-rank-math-toc-block\" id=\"rank-math-toc\"><h3>\u00cdndice<\/h3><nav><ul><li><a href=\"#introduction\">Introdu\u00e7\u00e3o<\/a><\/li><li><a href=\"#what-is-an-audio-translator\">O que \u00e9 um tradutor \u00e1udio?<\/a><\/li><li><a href=\"#why-use-an-audio-translator\">Porqu\u00ea utilizar um tradutor \u00e1udio?<\/a><ul><li><a href=\"#advantages\">Vantagens<\/a><\/li><\/ul><\/li><li><a href=\"#main-features-of-audio-translators\">Principais carater\u00edsticas dos tradutores \u00e1udio<\/a><ul><li><a href=\"#1-speech-recognition\">1. Reconhecimento de fala<\/a><\/li><li><a href=\"#2-multi-language-support\">2. Suporte multilingue<\/a><\/li><li><a href=\"#3-real-time-translation\">3. Tradu\u00e7\u00e3o em tempo real<\/a><\/li><li><a href=\"#4-text-to-speech\">4. Convers\u00e3o de texto em fala<\/a><\/li><li><a href=\"#5-file-upload-and-conversion\">5. Carregamento e convers\u00e3o de ficheiros<\/a><\/li><\/ul><\/li><li><a href=\"#who-should-use-audio-translators\">Quem deve utilizar tradutores \u00e1udio?<\/a><ul><li><a href=\"#target-audience\">P\u00fablico-alvo<\/a><\/li><\/ul><\/li><li><a href=\"#how-to-use-an-audio-translator\">Como utilizar um tradutor \u00e1udio<\/a><ul><li><a href=\"#step-by-step-instructions\">Instru\u00e7\u00f5es passo a passo<\/a><\/li><\/ul><\/li><li><a href=\"#usage-cases-of-audio-translators\">Casos de utiliza\u00e7\u00e3o de tradutores \u00e1udio<\/a><ul><li><a href=\"#business-meetings\">Reuni\u00f5es de neg\u00f3cios<\/a><\/li><li><a href=\"#educational-content\">Conte\u00fado educativo<\/a><\/li><li><a href=\"#customer-support\">Apoio ao cliente<\/a><\/li><\/ul><\/li><li><a href=\"#top-10-tools-and-information\">As 10 principais ferramentas e informa\u00e7\u00f5es<\/a><\/li><li><a href=\"#industry-pros-and-cons\">Pr\u00f3s e contras do sector<\/a><ul><li><a href=\"#pros\">Pr\u00f3s<\/a><\/li><li><a href=\"#cons\">Contras<\/a><\/li><\/ul><\/li><li><a href=\"#faq\">FAQ<\/a><\/li><li><a href=\"#summary\">Resumo<\/a><\/li><\/ul><\/nav><\/div>\n\n\n\n<h3 class=\"wp-block-heading\" id=\"introduction\">Introdu\u00e7\u00e3o<\/h3>\n\n\n\n<p class=\"\">No mundo globalizado de hoje, ultrapassar as barreiras lingu\u00edsticas \u00e9 essencial para uma comunica\u00e7\u00e3o eficaz. Os tradutores de \u00e1udio surgiram como ferramentas poderosas para ajudar a colmatar essas lacunas, permitindo a tradu\u00e7\u00e3o em tempo real de palavras faladas em diferentes idiomas. Este artigo ir\u00e1 aprofundar os meandros dos tradutores de \u00e1udio, destacando seus benef\u00edcios, recursos e usos, com foco nas melhores ferramentas dispon\u00edveis, incluindo o altamente recomendado <a href=\"https:\/\/aiartfree.online\/pt\/tradutor-audio\/\">AI Art Tradutor de \u00e1udio gratuito<\/a>.<\/p>\n\n\n<div class=\"wp-block-image\">\n<figure class=\"aligncenter size-large is-resized\"><img data-recalc-dims=\"1\" data-dominant-color=\"f5f5f6\" data-has-transparency=\"false\" decoding=\"async\" width=\"1024\" height=\"546\"    loading=\"lazy\" src=\"https:\/\/i0.wp.com\/aiartfree.online\/wp-content\/uploads\/2024\/08\/WX20240801-160930%402x-1-1024x546.webp?resize=1024%2C546&#038;ssl=1\" alt=\"Um tradutor de \u00e1udio \u00e9 uma ferramenta ou software que converte a linguagem falada em texto ou noutra linguagem falada. Estas ferramentas utilizam algoritmos avan\u00e7ados e tecnologia de reconhecimento de voz para fornecer tradu\u00e7\u00f5es exactas e em tempo real, o que as torna inestim\u00e1veis em v\u00e1rios dom\u00ednios, como os neg\u00f3cios, a educa\u00e7\u00e3o, as viagens e muito mais.\" class=\"wp-image-3437 not-transparent\" style=\"--dominant-color: #f5f5f6; width:724px;height:auto\" srcset=\"https:\/\/i0.wp.com\/aiartfree.online\/wp-content\/uploads\/2024\/08\/WX20240801-160930%402x-1-jpg.webp?resize=1024%2C546&amp;ssl=1 1024w, https:\/\/i0.wp.com\/aiartfree.online\/wp-content\/uploads\/2024\/08\/WX20240801-160930%402x-1-jpg.webp?resize=300%2C160&amp;ssl=1 300w, https:\/\/i0.wp.com\/aiartfree.online\/wp-content\/uploads\/2024\/08\/WX20240801-160930%402x-1-jpg.webp?resize=768%2C409&amp;ssl=1 768w, https:\/\/i0.wp.com\/aiartfree.online\/wp-content\/uploads\/2024\/08\/WX20240801-160930%402x-1-jpg.webp?resize=18%2C10&amp;ssl=1 18w, https:\/\/i0.wp.com\/aiartfree.online\/wp-content\/uploads\/2024\/08\/WX20240801-160930%402x-1-jpg.webp?resize=600%2C320&amp;ssl=1 600w, https:\/\/i0.wp.com\/aiartfree.online\/wp-content\/uploads\/2024\/08\/WX20240801-160930%402x-1-jpg.webp?w=1460&amp;ssl=1 1460w\" sizes=\"(max-width: 724px) 100vw, 724px\" \/><\/figure>\n<\/div>\n\n\n<h3 class=\"wp-block-heading\" id=\"what-is-an-audio-translator\">O que \u00e9 um tradutor \u00e1udio?<\/h3>\n\n\n\n<p class=\"\">Um tradutor de \u00e1udio \u00e9 uma ferramenta ou software que converte a linguagem falada em texto ou noutra linguagem falada. Estas ferramentas utilizam algoritmos avan\u00e7ados e tecnologia de reconhecimento de voz para fornecer tradu\u00e7\u00f5es exactas e em tempo real, o que as torna inestim\u00e1veis em v\u00e1rios dom\u00ednios, como os neg\u00f3cios, a educa\u00e7\u00e3o, as viagens e muito mais.<\/p>\n\n\n\n<h3 class=\"wp-block-heading\" id=\"why-use-an-audio-translator\">Porqu\u00ea utilizar um tradutor \u00e1udio?<\/h3>\n\n\n\n<h4 class=\"wp-block-heading\" id=\"advantages\">Vantagens<\/h4>\n\n\n\n<ul class=\"wp-block-list\">\n<li class=\"\"><strong>Quebrar as barreiras lingu\u00edsticas:<\/strong> Comunicar facilmente com pessoas que falam l\u00ednguas diferentes.<\/li>\n\n\n\n<li class=\"\"><strong>Tradu\u00e7\u00e3o em tempo real:<\/strong> Obtenha tradu\u00e7\u00f5es instant\u00e2neas, facilitando as conversas.<\/li>\n\n\n\n<li class=\"\"><strong>Acessibilidade:<\/strong> Tornar os conte\u00fados acess\u00edveis a um p\u00fablico mais vasto, incluindo as pessoas com defici\u00eancias auditivas.<\/li>\n\n\n\n<li class=\"\"><strong>Efici\u00eancia:<\/strong> Poupa tempo em compara\u00e7\u00e3o com os m\u00e9todos tradicionais de tradu\u00e7\u00e3o.<\/li>\n<\/ul>\n\n\n\n<h3 class=\"wp-block-heading\" id=\"main-features-of-audio-translators\">Principais carater\u00edsticas dos tradutores \u00e1udio<\/h3>\n\n\n\n<h4 class=\"wp-block-heading\" id=\"1-speech-recognition\">1. <strong>Reconhecimento de fala<\/strong><\/h4>\n\n\n\n<ul class=\"wp-block-list\">\n<li class=\"\">Traduz palavras faladas em texto.<\/li>\n\n\n\n<li class=\"\">Elevada precis\u00e3o mesmo em ambientes ruidosos.<\/li>\n<\/ul>\n\n\n\n<h4 class=\"wp-block-heading\" id=\"2-multi-language-support\">2. <strong>Suporte a v\u00e1rios idiomas<\/strong><\/h4>\n\n\n\n<ul class=\"wp-block-list\">\n<li class=\"\">Suporta v\u00e1rios idiomas para tradu\u00e7\u00e3o.<\/li>\n\n\n\n<li class=\"\">Exemplo: Espanhol para ingl\u00eas, franc\u00eas para alem\u00e3o.<\/li>\n<\/ul>\n\n\n\n<h4 class=\"wp-block-heading\" id=\"3-real-time-translation\">3. <strong>Tradu\u00e7\u00e3o em tempo real<\/strong><\/h4>\n\n\n\n<ul class=\"wp-block-list\">\n<li class=\"\">Tradu\u00e7\u00e3o instant\u00e2nea para conversas sem problemas.<\/li>\n<\/ul>\n\n\n\n<h4 class=\"wp-block-heading\" id=\"4-text-to-speech\">4. <strong>Texto para voz<\/strong><\/h4>\n\n\n\n<ul class=\"wp-block-list\">\n<li class=\"\">Converte o texto traduzido em palavras faladas.<\/li>\n<\/ul>\n\n\n\n<h4 class=\"wp-block-heading\" id=\"5-file-upload-and-conversion\">5. <strong>Carregamento e convers\u00e3o de ficheiros<\/strong><\/h4>\n\n\n\n<ul class=\"wp-block-list\">\n<li class=\"\">Suporta o carregamento de ficheiros \u00e1udio para transcri\u00e7\u00e3o e tradu\u00e7\u00e3o.<\/li>\n<\/ul>\n\n\n\n<h3 class=\"wp-block-heading\" id=\"who-should-use-audio-translators\">Quem deve utilizar tradutores \u00e1udio?<\/h3>\n\n\n\n<h4 class=\"wp-block-heading\" id=\"target-audience\">P\u00fablico-alvo<\/h4>\n\n\n\n<ul class=\"wp-block-list\">\n<li class=\"\"><strong>Viajantes:<\/strong> Ultrapassar as barreiras lingu\u00edsticas durante a viagem.<\/li>\n\n\n\n<li class=\"\"><strong>Profissionais de neg\u00f3cios:<\/strong> Comunicar com clientes e parceiros internacionais.<\/li>\n\n\n\n<li class=\"\"><strong>Educadores e estudantes:<\/strong> Melhorar a aprendizagem e a compreens\u00e3o da l\u00edngua.<\/li>\n\n\n\n<li class=\"\"><strong>Criadores de conte\u00fados:<\/strong> Tornar os conte\u00fados \u00e1udio e v\u00eddeo acess\u00edveis em v\u00e1rias l\u00ednguas.<\/li>\n<\/ul>\n\n\n\n<h3 class=\"wp-block-heading\" id=\"how-to-use-an-audio-translator\">Como utilizar um tradutor \u00e1udio<\/h3>\n\n\n\n<h4 class=\"wp-block-heading\" id=\"step-by-step-instructions\">Instru\u00e7\u00f5es passo a passo<\/h4>\n\n\n\n<ol class=\"wp-block-list\">\n<li class=\"\"><strong>Abrir a ferramenta:<\/strong> Aceder \u00e0 ferramenta de tradu\u00e7\u00e3o \u00e1udio, como <a href=\"https:\/\/aiartfree.online\/pt\/tradutor-audio\/\">AI Art Tradutor de \u00e1udio gratuito<\/a>.<\/li>\n\n\n\n<li class=\"\"><strong>Carregue o seu \u00e1udio:<\/strong> Selecione e carregue o ficheiro de \u00e1udio que pretende traduzir.<\/li>\n\n\n\n<li class=\"\"><strong>Selecionar l\u00ednguas:<\/strong> Escolha as l\u00ednguas de origem e de destino para a tradu\u00e7\u00e3o.<\/li>\n\n\n\n<li class=\"\"><strong>Iniciar a tradu\u00e7\u00e3o:<\/strong> Clique no bot\u00e3o de tradu\u00e7\u00e3o para iniciar o processo.<\/li>\n\n\n\n<li class=\"\"><strong>Descarregar texto\/\u00e1udio traduzido:<\/strong> Guarde o texto traduzido ou o ficheiro de \u00e1udio para utiliza\u00e7\u00e3o posterior.<\/li>\n<\/ol>\n\n\n\n<h3 class=\"wp-block-heading\" id=\"usage-cases-of-audio-translators\">Casos de utiliza\u00e7\u00e3o de tradutores \u00e1udio<\/h3>\n\n\n\n<h4 class=\"wp-block-heading\" id=\"business-meetings\">Reuni\u00f5es de neg\u00f3cios<\/h4>\n\n\n\n<ul class=\"wp-block-list\">\n<li class=\"\">Traduzir conversas em direto para reuni\u00f5es internacionais.<\/li>\n<\/ul>\n\n\n\n<h4 class=\"wp-block-heading\" id=\"educational-content\">Conte\u00fado educativo<\/h4>\n\n\n\n<ul class=\"wp-block-list\">\n<li class=\"\">Proporcionar palestras traduzidas para estudantes de diferentes origens lingu\u00edsticas.<\/li>\n<\/ul>\n\n\n\n<h4 class=\"wp-block-heading\" id=\"customer-support\">Apoio ao cliente<\/h4>\n\n\n\n<ul class=\"wp-block-list\">\n<li class=\"\">Ajudar os clientes na sua l\u00edngua materna atrav\u00e9s da tradu\u00e7\u00e3o de voz.<\/li>\n<\/ul>\n\n\n\n<h3 class=\"wp-block-heading\" id=\"top-10-tools-and-information\">As 10 principais ferramentas e informa\u00e7\u00f5es<\/h3>\n\n\n\n<figure class=\"wp-block-table\"><table class=\"has-fixed-layout\"><thead><tr><th>Nome da ferramenta<\/th><th>URL<\/th><th>Caracter\u00edsticas principais<\/th><th>Pr\u00f3s<\/th><th>Contras<\/th><\/tr><\/thead><tbody><tr><td>AI Art Tradutor de \u00e1udio gratuito<\/td><td><a href=\"https:\/\/aiartfree.online\/pt\/tradutor-audio\/\">https:\/\/aiartfree.online\/audio-translator<\/a><\/td><td>Tradu\u00e7\u00e3o em tempo real, multi-idioma<\/td><td>100% gr\u00e1tis, utiliza\u00e7\u00e3o ilimitada<\/td><td>Apoio lingu\u00edstico limitado<\/td><\/tr><tr><td>Google Tradutor<\/td><td><a href=\"https:\/\/translate.google.com\" target=\"_blank\" rel=\"noreferrer noopener\">https:\/\/translate.google.com<\/a><\/td><td>Tradu\u00e7\u00e3o de texto, voz e imagem<\/td><td>Suporte lingu\u00edstico alargado<\/td><td>Necessita de Internet<\/td><\/tr><tr><td>iTranslate<\/td><td>https:\/\/www.itranslate.com\/<\/td><td>Tradu\u00e7\u00e3o por voz, modo offline<\/td><td>Capacidades offline<\/td><td>Assinatura obrigat\u00f3ria<\/td><\/tr><tr><td>Microsoft Translator<\/td><td>https:\/\/translator.microsoft.com\/<\/td><td>Reconhecimento de voz, sincroniza\u00e7\u00e3o com v\u00e1rios dispositivos<\/td><td>Integra\u00e7\u00e3o com aplica\u00e7\u00f5es MS<\/td><td>Vers\u00e3o gratuita limitada<\/td><\/tr><tr><td>Falar e traduzir<\/td><td>https:\/\/speakandtranslate.app\/<\/td><td>Tradu\u00e7\u00e3o de voz em tempo real<\/td><td>Interface de f\u00e1cil utiliza\u00e7\u00e3o<\/td><td>Compras na aplica\u00e7\u00e3o<\/td><\/tr><tr><td>SayHi Traduzir<\/td><td>https:\/\/www.sayhi.com\/<\/td><td>Tradu\u00e7\u00e3o de voz, alta precis\u00e3o<\/td><td>Simples de utilizar<\/td><td>Limitado apenas \u00e0 voz<\/td><\/tr><tr><td>Reverso<\/td><td>https:\/\/www.reverso.net\/<\/td><td>Tradu\u00e7\u00e3o de texto e voz<\/td><td>Tradu\u00e7\u00f5es contextuais<\/td><td>Vers\u00e3o gratuita limitada<\/td><\/tr><tr><td>Papago<\/td><td>https:\/\/papago.naver.com\/<\/td><td>Tradu\u00e7\u00e3o de voz e texto<\/td><td>Elevada precis\u00e3o para l\u00ednguas asi\u00e1ticas<\/td><td>L\u00ednguas menos conhecidas<\/td><\/tr><tr><td>VoiceTra<\/td><td>http:\/\/voicetra.nict.go.jp\/en\/<\/td><td>Tradu\u00e7\u00e3o de voz, modo offline<\/td><td>Elevada precis\u00e3o<\/td><td>A interface pode ser confusa<\/td><\/tr><tr><td>Linguee<\/td><td>https:\/\/www.linguee.com\/<\/td><td>Tradu\u00e7\u00e3o de texto, dicion\u00e1rio<\/td><td>Tradu\u00e7\u00f5es pormenorizadas<\/td><td>Sem tradu\u00e7\u00e3o de voz<\/td><\/tr><\/tbody><\/table><\/figure>\n\n\n\n<h3 class=\"wp-block-heading\" id=\"industry-pros-and-cons\">Pr\u00f3s e contras do sector<\/h3>\n\n\n\n<h4 class=\"wp-block-heading\" id=\"pros\">Pr\u00f3s<\/h4>\n\n\n\n<ul class=\"wp-block-list\">\n<li class=\"\"><strong>Efici\u00eancia:<\/strong> Tradu\u00e7\u00f5es r\u00e1pidas e f\u00e1ceis.<\/li>\n\n\n\n<li class=\"\"><strong>Rent\u00e1vel:<\/strong> Reduz a necessidade de tradutores profissionais.<\/li>\n\n\n\n<li class=\"\"><strong>Acessibilidade:<\/strong> Disponibiliza conte\u00fados a falantes n\u00e3o nativos.<\/li>\n<\/ul>\n\n\n\n<h4 class=\"wp-block-heading\" id=\"cons\">Contras<\/h4>\n\n\n\n<ul class=\"wp-block-list\">\n<li class=\"\"><strong>Problemas de exatid\u00e3o:<\/strong> Nem sempre \u00e9 100% exato, especialmente no caso de l\u00ednguas complexas.<\/li>\n\n\n\n<li class=\"\"><strong>Depend\u00eancia da tecnologia:<\/strong> Requer Internet e dispositivos fi\u00e1veis.<\/li>\n\n\n\n<li class=\"\"><strong>Compreens\u00e3o limitada do contexto:<\/strong> Pode n\u00e3o compreender as nuances ou o contexto cultural.<\/li>\n<\/ul>\n\n\n\n<h3 class=\"wp-block-heading\" id=\"faq\">FAQ<\/h3>\n\n\n\n<ol class=\"wp-block-list\">\n<li class=\"\"><strong>Como traduzir \u00e1udio para texto?<\/strong>\n<ul class=\"wp-block-list\">\n<li class=\"\">Utilizar ferramentas como <a href=\"https:\/\/aiartfree.online\/pt\/tradutor-audio\/\">AI Art Tradutor de \u00e1udio gratuito<\/a> para uma convers\u00e3o exacta de \u00e1udio para texto.<\/li>\n<\/ul>\n<\/li>\n\n\n\n<li class=\"\"><strong>Como traduzir o \u00e1udio de um v\u00eddeo?<\/strong>\n<ul class=\"wp-block-list\">\n<li class=\"\">Extraia o \u00e1udio do v\u00eddeo e carregue-o para uma ferramenta de tradu\u00e7\u00e3o de \u00e1udio.<\/li>\n<\/ul>\n<\/li>\n\n\n\n<li class=\"\"><strong>Como traduzir \u00e1udio em texto?<\/strong>\n<ul class=\"wp-block-list\">\n<li class=\"\">Utilizar software de reconhecimento de voz para converter palavras faladas em texto.<\/li>\n<\/ul>\n<\/li>\n\n\n\n<li class=\"\"><strong>O Google Tradutor pode traduzir \u00e1udio?<\/strong>\n<ul class=\"wp-block-list\">\n<li class=\"\">Sim, o Google Tradutor pode traduzir palavras faladas em tempo real.<\/li>\n<\/ul>\n<\/li>\n\n\n\n<li class=\"\"><strong>Como traduzir \u00e1udio?<\/strong>\n<ul class=\"wp-block-list\">\n<li class=\"\">Carregue o ficheiro \u00e1udio para uma ferramenta de tradu\u00e7\u00e3o e selecione a l\u00edngua de destino.<\/li>\n<\/ul>\n<\/li>\n<\/ol>\n\n\n\n<h3 class=\"wp-block-heading\" id=\"summary\">Resumo<\/h3>\n\n\n\n<p class=\"\">Os tradutores \u00e1udio s\u00e3o ferramentas indispens\u00e1veis para quebrar as barreiras lingu\u00edsticas e fornecer tradu\u00e7\u00f5es exactas e em tempo real das palavras faladas. Oferecem in\u00fameras vantagens, incluindo acessibilidade, efici\u00eancia e economia. Para experimentar os benef\u00edcios de um tradutor de \u00e1udio em primeira m\u00e3o, experimente <a href=\"https:\/\/aiartfree.online\/pt\/tradutor-audio\/\">AI Art Tradutor de \u00e1udio gratuito<\/a> hoje. Abrace o futuro da comunica\u00e7\u00e3o e melhore a sua capacidade de se ligar a pessoas de todo o mundo.<\/p>","protected":false},"excerpt":{"rendered":"<p>How to use the Audio Translator *&nbsp;Depending on your internet speed, loading the model may take up to 10 seconds \u2193 Audio Translator: The Ultimate Guide Introduction In today&#8217;s globalized world, overcoming language barriers is essential for effective communication. Audio translators have emerged as powerful tools to help bridge these gaps, enabling real-time translation of &#8230; <a title=\"Tradutor de \u00e1udio\" class=\"read-more\" href=\"https:\/\/aiartfree.online\/pt\/tradutor-audio\/\" aria-label=\"Leia mais sobre Audio Translator\">Ler mais<\/a><\/p>","protected":false},"author":1,"featured_media":3437,"parent":0,"menu_order":0,"comment_status":"open","ping_status":"closed","template":"","meta":{"nf_dc_page":"","footnotes":""},"class_list":["post-3435","page","type-page","status-publish","has-post-thumbnail"],"jetpack_sharing_enabled":true,"_links":{"self":[{"href":"https:\/\/aiartfree.online\/pt\/wp-json\/wp\/v2\/pages\/3435","targetHints":{"allow":["GET"]}}],"collection":[{"href":"https:\/\/aiartfree.online\/pt\/wp-json\/wp\/v2\/pages"}],"about":[{"href":"https:\/\/aiartfree.online\/pt\/wp-json\/wp\/v2\/types\/page"}],"author":[{"embeddable":true,"href":"https:\/\/aiartfree.online\/pt\/wp-json\/wp\/v2\/users\/1"}],"replies":[{"embeddable":true,"href":"https:\/\/aiartfree.online\/pt\/wp-json\/wp\/v2\/comments?post=3435"}],"version-history":[{"count":1,"href":"https:\/\/aiartfree.online\/pt\/wp-json\/wp\/v2\/pages\/3435\/revisions"}],"predecessor-version":[{"id":3602,"href":"https:\/\/aiartfree.online\/pt\/wp-json\/wp\/v2\/pages\/3435\/revisions\/3602"}],"wp:featuredmedia":[{"embeddable":true,"href":"https:\/\/aiartfree.online\/pt\/wp-json\/wp\/v2\/media\/3437"}],"wp:attachment":[{"href":"https:\/\/aiartfree.online\/pt\/wp-json\/wp\/v2\/media?parent=3435"}],"curies":[{"name":"wp","href":"https:\/\/api.w.org\/{rel}","templated":true}]}}