{"id":3416,"date":"2024-08-01T09:41:23","date_gmt":"2024-08-01T09:41:23","guid":{"rendered":"https:\/\/aiartfree.online\/?page_id=3416"},"modified":"2024-08-02T11:15:00","modified_gmt":"2024-08-02T11:15:00","slug":"html-code-generator","status":"publish","type":"page","link":"https:\/\/aiartfree.online\/pt\/gerador-de-codigo-html\/","title":{"rendered":"Gerador de c\u00f3digo HTML"},"content":{"rendered":"<h2 class=\"wp-block-heading has-text-align-center\">Antes e depois<\/h2>\n\n\n\n<figure class=\"gb-block-image gb-block-image-1822da1f\"><img data-recalc-dims=\"1\" decoding=\"async\" loading=\"lazy\" width=\"1200\" height=\"707\" class=\"gb-image gb-image-1822da1f\" src=\"https:\/\/i0.wp.com\/aiartfree.online\/wp-content\/uploads\/2024\/08\/WX20240801-145150%402x-jpg.webp?resize=1200%2C707&#038;ssl=1\" alt=\"Gerador de c\u00f3digo HTML - Capturas de ecr\u00e3 online gratuitas para c\u00f3digos HTML\" title=\"WX20240801-145150@2x\" srcset=\"https:\/\/i0.wp.com\/aiartfree.online\/wp-content\/uploads\/2024\/08\/WX20240801-145150%402x-jpg.webp?w=1904&amp;ssl=1 1904w, https:\/\/i0.wp.com\/aiartfree.online\/wp-content\/uploads\/2024\/08\/WX20240801-145150%402x-jpg.webp?resize=300%2C177&amp;ssl=1 300w, https:\/\/i0.wp.com\/aiartfree.online\/wp-content\/uploads\/2024\/08\/WX20240801-145150%402x-jpg.webp?resize=1024%2C603&amp;ssl=1 1024w, https:\/\/i0.wp.com\/aiartfree.online\/wp-content\/uploads\/2024\/08\/WX20240801-145150%402x-jpg.webp?resize=768%2C453&amp;ssl=1 768w, https:\/\/i0.wp.com\/aiartfree.online\/wp-content\/uploads\/2024\/08\/WX20240801-145150%402x-jpg.webp?resize=1536%2C905&amp;ssl=1 1536w, https:\/\/i0.wp.com\/aiartfree.online\/wp-content\/uploads\/2024\/08\/WX20240801-145150%402x-jpg.webp?resize=18%2C12&amp;ssl=1 18w, https:\/\/i0.wp.com\/aiartfree.online\/wp-content\/uploads\/2024\/08\/WX20240801-145150%402x-jpg.webp?resize=600%2C354&amp;ssl=1 600w\" sizes=\"auto, (max-width: 1200px) 100vw, 1200px\" \/><\/figure>\n\n\n\n<h2 class=\"wp-block-heading\">Como utilizar o gerador de c\u00f3digo HTML<\/h2>\n\n\n\n<ol class=\"wp-block-list\">\n<li class=\"\">Carregue a captura de ecr\u00e3 do seu site favorito<\/li>\n\n\n\n<li class=\"\">Clique em \"Submeter\"<\/li>\n\n\n\n<li class=\"\">Espera, \u00e9 isso mesmo!<\/li>\n<\/ol>\n\n\n\n<p class=\"\">* Se n\u00e3o tiver nenhuma ideia, n\u00e3o hesite em experimentar os nossos exemplos abaixo<\/p>\n\n\n\n<p class=\"\"><em>* Dependendo da velocidade da sua Internet, o carregamento do modelo pode demorar <\/em>at\u00e9 10 segundos \u2193<\/p>\n\n\n\n<div class=\"iframe-wrapper\" style=\"position: relative; width: 100%; height: 1800px;\">\n  <div class=\"loading\" style=\"position: absolute; top: 50px; left: 50%; transform: translate(-50%, -50%); width: 40px; height: 40px; border: 3px solid #f0f0f0; border-top: 3px solid #db7093; border-radius: 50%; animation: spin 1s linear infinite;\"><\/div>\n  <iframe loading=\"lazy\" src=\"https:\/\/huggingfacem4-screenshot2html.hf.space\" frameborder=\"0\" width=\"100%\" height=\"100%\" style=\"position: absolute; top: 0; left: 0; opacity: 0; transition: opacity 0.3s;\" onload=\"this.style.opacity=1;this.previousElementSibling.style.display='none';\"><\/iframe>\n<\/div>\n\n<style>\n@keyframes spin {\n  0% { transform: translate(-50%, -50%) rotate(0deg); }\n  100% { transform: translate(-50%, -50%) rotate(360deg); }\n}\n<\/style>\n\n\n\n<div style=\"height:80px\" aria-hidden=\"true\" class=\"wp-block-spacer\"><\/div>\n\n\n\n<h2 class=\"wp-block-heading\">Geradores de c\u00f3digo HTML eficientes e de f\u00e1cil utiliza\u00e7\u00e3o: A melhor ferramenta para o desenvolvimento Web<\/h2>\n\n\n\n<h3 class=\"wp-block-heading\">O que \u00e9 o Gerador de c\u00f3digo HTML?<\/h3>\n\n\n\n<p class=\"\">Um gerador de c\u00f3digo HTML \u00e9 uma ferramenta concebida para simplificar o processo de cria\u00e7\u00e3o de c\u00f3digo HTML. Permite aos utilizadores gerar c\u00f3digo HTML de forma r\u00e1pida e eficiente, sem necessidade de escrever o c\u00f3digo manualmente. Estas ferramentas s\u00e3o especialmente \u00fateis para pessoas que podem n\u00e3o ter uma vasta experi\u00eancia de codifica\u00e7\u00e3o, mas que precisam de criar c\u00f3digo HTML para v\u00e1rios fins, como desenvolvimento Web, modelos de correio eletr\u00f3nico ou incorpora\u00e7\u00e3o de conte\u00fados multim\u00e9dia.<\/p>\n\n\n\n<h3 class=\"wp-block-heading\">Porqu\u00ea utilizar um gerador de c\u00f3digo HTML?<\/h3>\n\n\n\n<h4 class=\"wp-block-heading\">Principais vantagens<\/h4>\n\n\n\n<ul class=\"wp-block-list\">\n<li class=\"\"><strong>Efici\u00eancia<\/strong>: Acelera significativamente o processo de codifica\u00e7\u00e3o.<\/li>\n\n\n\n<li class=\"\"><strong>F\u00e1cil de utilizar<\/strong>: N\u00e3o requer conhecimentos pr\u00e9vios de codifica\u00e7\u00e3o.<\/li>\n\n\n\n<li class=\"\"><strong>Redu\u00e7\u00e3o de erros<\/strong>: Minimiza os erros de codifica\u00e7\u00e3o e garante um c\u00f3digo mais limpo.<\/li>\n\n\n\n<li class=\"\"><strong>Versatilidade<\/strong>: Pode gerar uma variedade de elementos HTML.<\/li>\n\n\n\n<li class=\"\"><strong>Personaliza\u00e7\u00e3o<\/strong>: Permite que os utilizadores personalizem o c\u00f3digo gerado conforme necess\u00e1rio.<\/li>\n<\/ul>\n\n\n\n<h4 class=\"wp-block-heading\">Perguntas mais frequentes dos utilizadores<\/h4>\n\n\n\n<ol class=\"wp-block-list\">\n<li class=\"\"><strong>Como gerar c\u00f3digo HTML a partir de capturas de ecr\u00e3?<\/strong>\n<ul class=\"wp-block-list\">\n<li class=\"\">Utilizando a nossa ferramenta recomendada: <a href=\"https:\/\/aiartfree.online\/pt\/gerador-de-codigo-html\/\">Gerador de c\u00f3digo HTML<\/a><\/li>\n<\/ul>\n<\/li>\n\n\n\n<li class=\"\"><strong>O Adobe XD pode gerar c\u00f3digo HTML?<\/strong>\n<ul class=\"wp-block-list\">\n<li class=\"\">O Adobe XD \u00e9 principalmente uma ferramenta de design e n\u00e3o gera diretamente c\u00f3digo HTML.<\/li>\n<\/ul>\n<\/li>\n\n\n\n<li class=\"\"><strong>Como gerar automaticamente c\u00f3digo HTML no VSCode?<\/strong>\n<ul class=\"wp-block-list\">\n<li class=\"\">Utilize extens\u00f5es como o Emmet para gerar automaticamente c\u00f3digo HTML em VSCode.<\/li>\n<\/ul>\n<\/li>\n<\/ol>\n\n\n\n<h3 class=\"wp-block-heading\">Principais caracter\u00edsticas dos geradores de c\u00f3digo HTML<\/h3>\n\n\n\n<h4 class=\"wp-block-heading\">Gerador de texto HTML<\/h4>\n\n\n\n<p class=\"\">Permite aos utilizadores introduzir texto e receber o c\u00f3digo HTML correspondente.<\/p>\n\n\n\n<h4 class=\"wp-block-heading\">Criador de tabelas HTML<\/h4>\n\n\n\n<p class=\"\">Gera c\u00f3digo HTML para tabelas, facilitando a cria\u00e7\u00e3o de estruturas de tabelas complexas.<\/p>\n\n\n\n<h4 class=\"wp-block-heading\">Gerador de AI HTML<\/h4>\n\n\n\n<p class=\"\">Utiliza intelig\u00eancia artificial para gerar c\u00f3digo HTML, tornando o processo mais r\u00e1pido e intuitivo.<\/p>\n\n\n\n<h4 class=\"wp-block-heading\">Criador de tabelas HTML<\/h4>\n\n\n\n<p class=\"\">Simplifica a cria\u00e7\u00e3o de tabelas HTML, fornecendo uma interface f\u00e1cil de utilizar.<\/p>\n\n\n\n<h4 class=\"wp-block-heading\">Gerar c\u00f3digo HTML a partir de texto<\/h4>\n\n\n\n<p class=\"\">Transforma texto simples em c\u00f3digo HTML formatado.<\/p>\n\n\n\n<h4 class=\"wp-block-heading\">Gerar c\u00f3digo HTML a partir da imagem<\/h4>\n\n\n\n<p class=\"\">Converte imagens em c\u00f3digo HTML, \u00fatil para incorporar multim\u00e9dia em p\u00e1ginas Web.<\/p>\n\n\n\n<h4 class=\"wp-block-heading\">N\u00e3o \u00e9 necess\u00e1rio inscrever-se<\/h4>\n\n\n\n<p class=\"\">Os utilizadores podem gerar c\u00f3digo HTML sem necessitarem de criar uma conta.<\/p>\n\n\n\n<h4 class=\"wp-block-heading\">100% Utiliza\u00e7\u00e3o gratuita e ilimitada<\/h4>\n\n\n\n<p class=\"\">A utiliza\u00e7\u00e3o da ferramenta \u00e9 totalmente gratuita e n\u00e3o h\u00e1 limites para o n\u00famero de c\u00f3digos que podem ser gerados.<\/p>\n\n\n\n<h3 class=\"wp-block-heading\">P\u00fablico-alvo e utiliza\u00e7\u00f5es<\/h3>\n\n\n\n<h4 class=\"wp-block-heading\">Adequado para:<\/h4>\n\n\n\n<ul class=\"wp-block-list\">\n<li class=\"\"><strong>Programadores Web<\/strong>: Para criar rapidamente e criar prot\u00f3tipos de p\u00e1ginas Web.<\/li>\n\n\n\n<li class=\"\"><strong>Designers<\/strong>: Para incorporar elementos de design em HTML.<\/li>\n\n\n\n<li class=\"\"><strong>Criadores de conte\u00fados<\/strong>: Para formatar conte\u00fados para blogues, e-mails e s\u00edtios Web.<\/li>\n\n\n\n<li class=\"\"><strong>Estudantes e educadores<\/strong>: Para aprender e ensinar HTML.<\/li>\n<\/ul>\n\n\n\n<h4 class=\"wp-block-heading\">Aplica\u00e7\u00f5es do sector:<\/h4>\n\n\n\n<ul class=\"wp-block-list\">\n<li class=\"\"><strong>Com\u00e9rcio eletr\u00f3nico<\/strong>: Criar listagens e descri\u00e7\u00f5es de produtos.<\/li>\n\n\n\n<li class=\"\"><strong>Marketing digital<\/strong>: Conce\u00e7\u00e3o de modelos de correio eletr\u00f3nico e p\u00e1ginas de destino.<\/li>\n\n\n\n<li class=\"\"><strong>Educa\u00e7\u00e3o<\/strong>: Ensino de HTML e desenvolvimento web.<\/li>\n\n\n\n<li class=\"\"><strong>Media e entretenimento<\/strong>: Incorpora\u00e7\u00e3o de conte\u00fados multim\u00e9dia em s\u00edtios Web.<\/li>\n<\/ul>\n\n\n\n<h3 class=\"wp-block-heading\">Como utilizar um gerador de c\u00f3digo HTML<\/h3>\n\n\n\n<ol class=\"wp-block-list\">\n<li class=\"\"><strong>Aceder \u00e0 ferramenta<\/strong>\n<ul class=\"wp-block-list\">\n<li class=\"\">Visitar <a href=\"https:\/\/aiartfree.online\/pt\/gerador-de-codigo-html\/\">Gerador de c\u00f3digo HTML<\/a>.<\/li>\n<\/ul>\n<\/li>\n\n\n\n<li class=\"\"><strong>Selecionar o tipo de c\u00f3digo<\/strong>\n<ul class=\"wp-block-list\">\n<li class=\"\">Escolha entre op\u00e7\u00f5es como texto, tabela ou imagem para c\u00f3digo.<\/li>\n<\/ul>\n<\/li>\n\n\n\n<li class=\"\"><strong>Introduza o seu conte\u00fado<\/strong>\n<ul class=\"wp-block-list\">\n<li class=\"\">Introduza o texto ou carregue a imagem que pretende converter.<\/li>\n<\/ul>\n<\/li>\n\n\n\n<li class=\"\"><strong>Gerar o c\u00f3digo<\/strong>\n<ul class=\"wp-block-list\">\n<li class=\"\">Clique no bot\u00e3o gerar para receber o seu c\u00f3digo HTML.<\/li>\n<\/ul>\n<\/li>\n\n\n\n<li class=\"\"><strong>Copiar e utilizar<\/strong>\n<ul class=\"wp-block-list\">\n<li class=\"\">Copie o c\u00f3digo gerado e cole-o no seu projeto.<\/li>\n<\/ul>\n<\/li>\n<\/ol>\n\n\n\n<h3 class=\"wp-block-heading\">Casos de utiliza\u00e7\u00e3o de geradores de c\u00f3digo HTML<\/h3>\n\n\n\n<h4 class=\"wp-block-heading\">Desenvolvimento Web<\/h4>\n\n\n\n<p class=\"\">Cria\u00e7\u00e3o de p\u00e1ginas Web estruturadas com um esfor\u00e7o m\u00ednimo.<\/p>\n\n\n\n<h4 class=\"wp-block-heading\">Marketing por correio eletr\u00f3nico<\/h4>\n\n\n\n<p class=\"\">Conceber modelos de correio eletr\u00f3nico com capacidade de resposta.<\/p>\n\n\n\n<h4 class=\"wp-block-heading\">Blogues<\/h4>\n\n\n\n<p class=\"\">Formata\u00e7\u00e3o de publica\u00e7\u00f5es de blogue com HTML para uma melhor apresenta\u00e7\u00e3o.<\/p>\n\n\n\n<h4 class=\"wp-block-heading\">Educa\u00e7\u00e3o em linha<\/h4>\n\n\n\n<p class=\"\">Ajudar os alunos a praticar e a compreender a codifica\u00e7\u00e3o HTML.<\/p>\n\n\n\n<h4 class=\"wp-block-heading\">Publicidade digital<\/h4>\n\n\n\n<p class=\"\">Cria\u00e7\u00e3o de banners de an\u00fancios e p\u00e1ginas de destino.<\/p>\n\n\n\n<h3 class=\"wp-block-heading\">Informa\u00e7\u00f5es de 10 s\u00edtios Web relacionados<\/h3>\n\n\n\n<figure class=\"wp-block-table\"><table class=\"has-fixed-layout\"><thead><tr><th>S\u00edtio Web<\/th><th>Caracter\u00edsticas<\/th><th>Vantagens<\/th><th>Desafios<\/th><th>URL<\/th><\/tr><\/thead><tbody><tr><td><strong><a href=\"https:\/\/aiartfree.online\/pt\/gerador-de-codigo-html\/\" data-type=\"link\" data-id=\"https:\/\/aiartfree.online\/html-code-generator\">Gerador de c\u00f3digo HTML a partir de capturas de ecr\u00e3<\/a><\/strong><\/td><td>Exemplos de c\u00f3digo HTML, Tutoriais<\/td><td>Abrangente, gratuito<\/td><td>Caracter\u00edsticas b\u00e1sicas<\/td><td><a href=\"https:\/\/aiartfree.online\/pt\/gerador-de-codigo-html\/\">https:\/\/aiartfree.online\/html-code-generator<\/a><\/td><\/tr><tr><td>C\u00f3digo Beautify<\/td><td>Visualizador de HTML, Minificador<\/td><td>F\u00e1cil de utilizar, r\u00e1pido<\/td><td>An\u00fancios presentes<\/td><td>codebeautify.org<\/td><\/tr><tr><td>HTML Online<\/td><td>Editor HTML, Limpador<\/td><td>F\u00e1cil de utilizar, gratuito<\/td><td>Personaliza\u00e7\u00e3o limitada<\/td><td>html-cleaner.com<\/td><\/tr><tr><td>Gerador de c\u00f3digo HTML<\/td><td>Texto para HTML, Gerador de tabelas<\/td><td>Eficiente, sem registo<\/td><td>Desenho b\u00e1sico<\/td><td>html-code-generator.com<\/td><\/tr><tr><td>Pinegrow<\/td><td>Editor Visual HTML<\/td><td>Caracter\u00edsticas profissionais<\/td><td>Caro<\/td><td>pinegrow.com<\/td><\/tr><tr><td>Editor HTML5<\/td><td>Editor HTML online<\/td><td>Gratuito, sem inscri\u00e7\u00e3o<\/td><td>An\u00fancios presentes<\/td><td>html5-editor.net<\/td><\/tr><tr><td>Quackit<\/td><td>Tutoriais de c\u00f3digo HTML, exemplos<\/td><td>Educativo, Gratuito<\/td><td>Caracter\u00edsticas b\u00e1sicas<\/td><td>quackit.com<\/td><\/tr><tr><td>FreeFormatter<\/td><td>Formatador e embelezador de HTML<\/td><td>R\u00e1pido, gratuito<\/td><td>An\u00fancios presentes<\/td><td>freeformatter.com<\/td><\/tr><tr><td>JSFiddle<\/td><td>Editor online, HTML, CSS, JS<\/td><td>Colaborativo, vers\u00e1til<\/td><td>Requer login<\/td><td>jsfiddle.net<\/td><\/tr><tr><td>Gerador de tabelas HTML<\/td><td>Criador de tabelas, personaliza\u00e7\u00e3o<\/td><td>F\u00e1cil de utilizar, gratuito<\/td><td>Caracter\u00edsticas limitadas<\/td><td>rapidtables.com<\/td><\/tr><\/tbody><\/table><\/figure>\n\n\n\n<h3 class=\"wp-block-heading\">Pr\u00f3s e contras da ind\u00fastria de gera\u00e7\u00e3o de c\u00f3digo HTML<\/h3>\n\n\n\n<h4 class=\"wp-block-heading\">Pr\u00f3s:<\/h4>\n\n\n\n<ul class=\"wp-block-list\">\n<li class=\"\"><strong>Acessibilidade<\/strong>: As ferramentas est\u00e3o dispon\u00edveis em linha gratuitamente.<\/li>\n\n\n\n<li class=\"\"><strong>Poupan\u00e7a de tempo<\/strong>: Acelera o processo de codifica\u00e7\u00e3o.<\/li>\n\n\n\n<li class=\"\"><strong>F\u00e1cil de utilizar<\/strong>: Adequado para principiantes e profissionais.<\/li>\n<\/ul>\n\n\n\n<h4 class=\"wp-block-heading\">Contras:<\/h4>\n\n\n\n<ul class=\"wp-block-list\">\n<li class=\"\"><strong>Limites de personaliza\u00e7\u00e3o<\/strong>: Algumas ferramentas oferecem uma personaliza\u00e7\u00e3o limitada.<\/li>\n\n\n\n<li class=\"\"><strong>Depend\u00eancia da Internet<\/strong>: Requer uma liga\u00e7\u00e3o \u00e0 Internet.<\/li>\n\n\n\n<li class=\"\"><strong>Curva de aprendizagem<\/strong>: Algumas funcionalidades avan\u00e7adas podem exigir aprendizagem.<\/li>\n<\/ul>\n\n\n\n<h4 class=\"wp-block-heading\">Vantagens e desafios:<\/h4>\n\n\n\n<ul class=\"wp-block-list\">\n<li class=\"\"><strong>Vantagens<\/strong>: Efici\u00eancia, exatid\u00e3o, versatilidade.<\/li>\n\n\n\n<li class=\"\"><strong>Desafios<\/strong>: Personaliza\u00e7\u00e3o, depend\u00eancia da Internet, requisitos de aprendizagem.<\/li>\n<\/ul>\n\n\n\n<h4 class=\"wp-block-heading\">Recomenda\u00e7\u00f5es:<\/h4>\n\n\n\n<ul class=\"wp-block-list\">\n<li class=\"\">Utilizar ferramentas reputadas com um forte apoio.<\/li>\n\n\n\n<li class=\"\">Combinar com a codifica\u00e7\u00e3o manual para tarefas mais complexas.<\/li>\n\n\n\n<li class=\"\">Atualizar regularmente os seus conhecimentos sobre novas ferramentas e funcionalidades.<\/li>\n<\/ul>\n\n\n\n<h3 class=\"wp-block-heading\">FAQ<\/h3>\n\n\n\n<ol class=\"wp-block-list\">\n<li class=\"\"><strong>Como gerar c\u00f3digo HTML a partir de capturas de ecr\u00e3?<\/strong>\n<ul class=\"wp-block-list\">\n<li class=\"\">Utilize a nossa ferramenta recomendada: <a href=\"https:\/\/aiartfree.online\/pt\/gerador-de-codigo-html\/\">Gerador de c\u00f3digo HTML<\/a><\/li>\n<\/ul>\n<\/li>\n\n\n\n<li class=\"\"><strong>O Adobe XD pode gerar c\u00f3digo HTML?<\/strong>\n<ul class=\"wp-block-list\">\n<li class=\"\">O Adobe XD n\u00e3o gera diretamente c\u00f3digo HTML.<\/li>\n<\/ul>\n<\/li>\n\n\n\n<li class=\"\"><strong>Como gerar automaticamente c\u00f3digo HTML no VSCode?<\/strong>\n<ul class=\"wp-block-list\">\n<li class=\"\">Utilizar extens\u00f5es como Emmet.<\/li>\n<\/ul>\n<\/li>\n\n\n\n<li class=\"\"><strong>Como gerar c\u00f3digo HTML?<\/strong>\n<ul class=\"wp-block-list\">\n<li class=\"\">Utilize a nossa ferramenta recomendada: <a href=\"https:\/\/aiartfree.online\/pt\/gerador-de-codigo-html\/\">Gerador de c\u00f3digo HTML<\/a><\/li>\n<\/ul>\n<\/li>\n\n\n\n<li class=\"\"><strong>Como gerar c\u00f3digo HTML a partir de uma imagem?<\/strong>\n<ul class=\"wp-block-list\">\n<li class=\"\">Utilize a nossa ferramenta recomendada: <a href=\"https:\/\/aiartfree.online\/pt\/gerador-de-codigo-html\/\">Gerador de c\u00f3digo HTML<\/a><\/li>\n<\/ul>\n<\/li>\n\n\n\n<li class=\"\"><strong>Existe um gerador de c\u00f3digo HTML gratuito?<\/strong>\n<ul class=\"wp-block-list\">\n<li class=\"\">Sim, muitas ferramentas s\u00e3o 100% gratuitas e ilimitadas.<\/li>\n<\/ul>\n<\/li>\n\n\n\n<li class=\"\"><strong>Posso gerar c\u00f3digo HTML sem me registar?<\/strong>\n<ul class=\"wp-block-list\">\n<li class=\"\">Sim, a nossa ferramenta n\u00e3o requer inscri\u00e7\u00e3o.<\/li>\n<\/ul>\n<\/li>\n\n\n\n<li class=\"\"><strong>Qual \u00e9 o melhor gerador de c\u00f3digo HTML?<\/strong>\n<ul class=\"wp-block-list\">\n<li class=\"\">A nossa ferramenta \u00e9 altamente recomendada pelas suas caracter\u00edsticas e facilidade de utiliza\u00e7\u00e3o.<\/li>\n<\/ul>\n<\/li>\n\n\n\n<li class=\"\"><strong>Como criar facilmente uma tabela em HTML?<\/strong>\n<ul class=\"wp-block-list\">\n<li class=\"\">Utilize uma ferramenta de cria\u00e7\u00e3o de tabelas HTML.<\/li>\n<\/ul>\n<\/li>\n\n\n\n<li class=\"\"><strong>Posso gerar c\u00f3digo HTML para texto?<\/strong><\/li>\n<\/ol>\n\n\n\n<ul class=\"wp-block-list\">\n<li class=\"\">Sim, utilize o nosso gerador de texto HTML.<\/li>\n<\/ul>\n\n\n\n<h3 class=\"wp-block-heading\">Resumo<\/h3>\n\n\n\n<h4 class=\"wp-block-heading\">Principais vantagens:<\/h4>\n\n\n\n<ul class=\"wp-block-list\">\n<li class=\"\"><strong>Efici\u00eancia<\/strong>: Acelera o processo de codifica\u00e7\u00e3o.<\/li>\n\n\n\n<li class=\"\"><strong>F\u00e1cil de utilizar<\/strong>: Adequado para todos os n\u00edveis de compet\u00eancias.<\/li>\n\n\n\n<li class=\"\"><strong>Versatilidade<\/strong>: Gera v\u00e1rios elementos HTML.<\/li>\n<\/ul>\n\n\n\n<p class=\"\">Comece a utilizar o nosso <a href=\"https:\/\/aiartfree.online\/pt\/gerador-de-codigo-html\/\">Gerador de c\u00f3digo HTML<\/a> hoje para criar c\u00f3digo HTML sem esfor\u00e7o e melhorar os seus projectos de desenvolvimento Web.<\/p>\n\n\n\n<p class=\"\">Se tiveres mais perguntas, podes fazer o seguinte <a href=\"https:\/\/chatgpt4o.space\/\" target=\"_blank\" data-type=\"link\" data-id=\"https:\/\/chatgpt4o.space\/\" rel=\"noreferrer noopener\">Chat online gratuito GPT 4o<\/a>.<br><\/p>","protected":false},"excerpt":{"rendered":"<p>Before vs After How to use the HTML Code Generator * Feel free to try our examples below if you don&#8217;t have any thoughts in your mind *&nbsp;Depending on your internet speed, loading the model may take up to 10 seconds \u2193 Efficient and User-Friendly HTML Code Generators: The Ultimate Tool for Web Development What &#8230; <a title=\"Gerador de c\u00f3digo HTML\" class=\"read-more\" href=\"https:\/\/aiartfree.online\/pt\/gerador-de-codigo-html\/\" aria-label=\"Leia mais sobre HTML Code Generator\">Ler mais<\/a><\/p>","protected":false},"author":1,"featured_media":3427,"parent":0,"menu_order":0,"comment_status":"open","ping_status":"closed","template":"","meta":{"nf_dc_page":"","footnotes":""},"class_list":["post-3416","page","type-page","status-publish","has-post-thumbnail"],"jetpack_sharing_enabled":true,"_links":{"self":[{"href":"https:\/\/aiartfree.online\/pt\/wp-json\/wp\/v2\/pages\/3416","targetHints":{"allow":["GET"]}}],"collection":[{"href":"https:\/\/aiartfree.online\/pt\/wp-json\/wp\/v2\/pages"}],"about":[{"href":"https:\/\/aiartfree.online\/pt\/wp-json\/wp\/v2\/types\/page"}],"author":[{"embeddable":true,"href":"https:\/\/aiartfree.online\/pt\/wp-json\/wp\/v2\/users\/1"}],"replies":[{"embeddable":true,"href":"https:\/\/aiartfree.online\/pt\/wp-json\/wp\/v2\/comments?post=3416"}],"version-history":[{"count":0,"href":"https:\/\/aiartfree.online\/pt\/wp-json\/wp\/v2\/pages\/3416\/revisions"}],"wp:featuredmedia":[{"embeddable":true,"href":"https:\/\/aiartfree.online\/pt\/wp-json\/wp\/v2\/media\/3427"}],"wp:attachment":[{"href":"https:\/\/aiartfree.online\/pt\/wp-json\/wp\/v2\/media?parent=3416"}],"curies":[{"name":"wp","href":"https:\/\/api.w.org\/{rel}","templated":true}]}}