{"id":3411,"date":"2024-08-01T09:21:04","date_gmt":"2024-08-01T09:21:04","guid":{"rendered":"https:\/\/aiartfree.online\/?page_id=3411"},"modified":"2024-08-02T11:14:38","modified_gmt":"2024-08-02T11:14:38","slug":"photo-enhancer","status":"publish","type":"page","link":"https:\/\/aiartfree.online\/pt\/melhorador-de-fotos\/","title":{"rendered":"Melhorador de fotografias"},"content":{"rendered":"<h2 class=\"wp-block-heading has-text-align-center\" id=\"before-vs-after\">Antes e depois<\/h2>\n\n\n\n<figure class=\"gb-block-image gb-block-image-1822da1f\"><img data-recalc-dims=\"1\" decoding=\"async\" loading=\"lazy\" width=\"1200\" height=\"429\" class=\"gb-image gb-image-1822da1f\" src=\"https:\/\/i0.wp.com\/aiartfree.online\/wp-content\/uploads\/2024\/08\/WX20240801-131344%402x-jpg.webp?resize=1200%2C429&#038;ssl=1\" alt=\"O melhorador de fotos AI melhora a qualidade das imagens atrav\u00e9s de v\u00e1rios ajustes e melhorias. Oferecendo as melhores ferramentas de melhoramento de imagens AI online gratuitas, sem limites.\" title=\"WX20240801-131344@2x\" srcset=\"https:\/\/i0.wp.com\/aiartfree.online\/wp-content\/uploads\/2024\/08\/WX20240801-131344%402x-jpg.webp?w=1500&amp;ssl=1 1500w, https:\/\/i0.wp.com\/aiartfree.online\/wp-content\/uploads\/2024\/08\/WX20240801-131344%402x-jpg.webp?resize=300%2C107&amp;ssl=1 300w, https:\/\/i0.wp.com\/aiartfree.online\/wp-content\/uploads\/2024\/08\/WX20240801-131344%402x-jpg.webp?resize=1024%2C366&amp;ssl=1 1024w, https:\/\/i0.wp.com\/aiartfree.online\/wp-content\/uploads\/2024\/08\/WX20240801-131344%402x-jpg.webp?resize=768%2C274&amp;ssl=1 768w, https:\/\/i0.wp.com\/aiartfree.online\/wp-content\/uploads\/2024\/08\/WX20240801-131344%402x-jpg.webp?resize=18%2C6&amp;ssl=1 18w, https:\/\/i0.wp.com\/aiartfree.online\/wp-content\/uploads\/2024\/08\/WX20240801-131344%402x-jpg.webp?resize=600%2C214&amp;ssl=1 600w\" sizes=\"auto, (max-width: 1200px) 100vw, 1200px\" \/><\/figure>\n\n\n\n<h2 class=\"wp-block-heading\" id=\"how-to-use-the-photo-enhancer\">Como utilizar o Photo Enhancer<\/h2>\n\n\n\n<ol class=\"wp-block-list\">\n<li class=\"\">Largue ou carregue a sua imagem<\/li>\n\n\n\n<li class=\"\">Clique em \"Submeter\"<\/li>\n\n\n\n<li class=\"\">Espera, \u00e9 isso mesmo!<\/li>\n<\/ol>\n\n\n\n<p class=\"\">* Se n\u00e3o tiver nenhuma ideia, n\u00e3o hesite em experimentar os nossos exemplos abaixo<\/p>\n\n\n\n<p class=\"\"><em>* Dependendo da velocidade da sua Internet, o carregamento do modelo pode demorar <\/em>at\u00e9 10 segundos \u2193<\/p>\n\n\n\n<div class=\"iframe-wrapper\" style=\"position: relative; width: 100%; height: 1580px;\">\n  <div class=\"loading\" style=\"position: absolute; top: 50px; left: 50%; transform: translate(-50%, -50%); width: 40px; height: 40px; border: 3px solid #f0f0f0; border-top: 3px solid #db7093; border-radius: 50%; animation: spin 1s linear infinite;\"><\/div>\n  <iframe loading=\"lazy\" src=\"https:\/\/xintao-gfpgan.hf.space\" frameborder=\"0\" width=\"100%\" height=\"100%\" style=\"position: absolute; top: 0; left: 0; opacity: 0; transition: opacity 0.3s;\" onload=\"this.style.opacity=1;this.previousElementSibling.style.display='none';\"><\/iframe>\n<\/div>\n\n<style>\n@keyframes spin {\n  0% { transform: translate(-50%, -50%) rotate(0deg); }\n  100% { transform: translate(-50%, -50%) rotate(360deg); }\n}\n<\/style>\n\n\n\n<div style=\"height:80px\" aria-hidden=\"true\" class=\"wp-block-spacer\"><\/div>\n\n\n\n<h2 class=\"wp-block-heading\" id=\"enhance-your-photos-with-ai-the-ultimate-guide\">Melhore as suas fotografias com IA: o guia definitivo<\/h2>\n\n\n\n<div class=\"wp-block-rank-math-toc-block\" id=\"rank-math-toc\"><h3>\u00cdndice<\/h3><nav><ul><li><a href=\"#outline\">Esbo\u00e7o<\/a><\/li><li><a href=\"#table-of-contents\">\u00cdndice<\/a><\/li><li><a href=\"#what-is-a-photo-enhancer\">O que \u00e9 um intensificador de fotografia?<\/a><\/li><li><a href=\"#why-use-a-photo-enhancer\">Porqu\u00ea utilizar um melhorador de fotografias?<\/a><\/li><li><a href=\"#main-features-of-photo-enhancers\">Principais carater\u00edsticas do Photo Enhancers<\/a><ul><li><a href=\"#ai-powered-enhancements\">Melhorias com IA<\/a><\/li><li><a href=\"#increase-photo-resolution\">Aumentar a resolu\u00e7\u00e3o da fotografia<\/a><\/li><li><a href=\"#improve-photo-quality\">Melhorar a qualidade da fotografia<\/a><\/li><li><a href=\"#reduce-noise-and-sharpen-details\">Reduzir o ru\u00eddo e tornar os detalhes mais n\u00edtidos<\/a><\/li><\/ul><\/li><li><a href=\"#target-audience-and-uses\">P\u00fablico-alvo e utiliza\u00e7\u00f5es<\/a><\/li><li><a href=\"#industry-applications\">Aplica\u00e7\u00f5es do sector<\/a><ul><li><a href=\"#e-commerce\">Com\u00e9rcio eletr\u00f3nico<\/a><\/li><li><a href=\"#photography\">Fotografia<\/a><\/li><li><a href=\"#social-media\">Redes sociais<\/a><\/li><li><a href=\"#graphic-design\">Design gr\u00e1fico<\/a><\/li><\/ul><\/li><li><a href=\"#how-to-use-a-photo-enhancer\">Como utilizar um melhorador de fotografias<\/a><\/li><li><a href=\"#real-world-usage-cases\">Casos de utiliza\u00e7\u00e3o no mundo real<\/a><ul><li><a href=\"#product-photography\">Fotografia de produtos<\/a><\/li><li><a href=\"#family-photos\">Fotografias de fam\u00edlia<\/a><\/li><li><a href=\"#social-media-posts\">Publica\u00e7\u00f5es nas redes sociais<\/a><\/li><\/ul><\/li><li><a href=\"#comparison-of-top-10-photo-enhancer-tools\">Compara\u00e7\u00e3o das 10 principais ferramentas de otimiza\u00e7\u00e3o de fotografias<\/a><\/li><li><a href=\"#industry-pros-and-cons\">Pr\u00f3s e contras do sector<\/a><ul><li><a href=\"#pros\">Pr\u00f3s<\/a><\/li><li><a href=\"#cons\">Contras<\/a><\/li><\/ul><\/li><li><a href=\"#faq\">FAQ<\/a><\/li><li><a href=\"#summary\">Resumo<\/a><\/li><\/ul><\/nav><\/div>\n\n\n\n<h3 class=\"wp-block-heading\" id=\"outline\">Esbo\u00e7o<\/h3>\n\n\n\n<p class=\"\">Neste guia completo, vamos explorar o mundo do melhoramento de fotografias utilizando a tecnologia de IA. Abordaremos a defini\u00e7\u00e3o, as vantagens, as carater\u00edsticas, o p\u00fablico-alvo, as aplica\u00e7\u00f5es do sector, as instru\u00e7\u00f5es de utiliza\u00e7\u00e3o, os exemplos do mundo real e forneceremos uma compara\u00e7\u00e3o detalhada de 10 ferramentas populares. Tamb\u00e9m abordaremos as perguntas frequentes e resumiremos as principais vantagens da utiliza\u00e7\u00e3o de melhoradores de fotografias com IA, juntamente com um apelo \u00e0 a\u00e7\u00e3o.<\/p>\n\n\n\n<h3 class=\"wp-block-heading\" id=\"table-of-contents\">\u00cdndice<\/h3>\n\n\n\n<ol class=\"wp-block-list\">\n<li class=\"\"><a href=\"#what-is-a-photo-enhancer\">O que \u00e9 um intensificador de fotografia?<\/a><\/li>\n\n\n\n<li class=\"\"><a href=\"#why-use-a-photo-enhancer\">Porqu\u00ea utilizar um melhorador de fotografias?<\/a><\/li>\n\n\n\n<li class=\"\"><a href=\"#main-features-of-photo-enhancers\">Principais carater\u00edsticas do Photo Enhancers<\/a><\/li>\n\n\n\n<li class=\"\"><a href=\"#target-audience-and-uses\">P\u00fablico-alvo e utiliza\u00e7\u00f5es<\/a><\/li>\n\n\n\n<li class=\"\"><a href=\"#industry-applications\">Aplica\u00e7\u00f5es do sector<\/a><\/li>\n\n\n\n<li class=\"\"><a href=\"#how-to-use-a-photo-enhancer\">Como utilizar um melhorador de fotografias<\/a><\/li>\n\n\n\n<li class=\"\"><a href=\"#real-world-usage-cases\">Casos de utiliza\u00e7\u00e3o no mundo real<\/a><\/li>\n\n\n\n<li class=\"\"><a href=\"#comparison-of-top-10-photo-enhancer-tools\">Compara\u00e7\u00e3o das 10 principais ferramentas de otimiza\u00e7\u00e3o de fotografias<\/a><\/li>\n\n\n\n<li class=\"\"><a href=\"#industry-pros-and-cons\">Pr\u00f3s e contras do sector<\/a><\/li>\n\n\n\n<li class=\"\"><a href=\"#faq\">FAQ<\/a><\/li>\n\n\n\n<li class=\"\"><a href=\"#summary-and-call-to-action\">Resumo e apelo \u00e0 a\u00e7\u00e3o<\/a><\/li>\n<\/ol>\n\n\n\n<h3 class=\"wp-block-heading\" id=\"what-is-a-photo-enhancer\">O que \u00e9 um intensificador de fotografia?<\/h3>\n\n\n\n<p class=\"\">Um melhorador de fotografias \u00e9 uma ferramenta ou software que melhora a qualidade das imagens atrav\u00e9s de v\u00e1rios ajustes e optimiza\u00e7\u00f5es. Isto pode incluir o aumento da resolu\u00e7\u00e3o, a redu\u00e7\u00e3o do ru\u00eddo, a nitidez dos detalhes e a melhoria da precis\u00e3o das cores. Os melhoradores de fotografias com IA utilizam algoritmos avan\u00e7ados e t\u00e9cnicas de aprendizagem autom\u00e1tica para analisar e melhorar as imagens automaticamente.<\/p>\n\n\n\n<h3 class=\"wp-block-heading\" id=\"why-use-a-photo-enhancer\">Porqu\u00ea utilizar um melhorador de fotografias?<\/h3>\n\n\n\n<p class=\"\">A utiliza\u00e7\u00e3o de um melhorador de fotografias oferece v\u00e1rias vantagens importantes:<\/p>\n\n\n\n<ol class=\"wp-block-list\">\n<li class=\"\"><strong>Qualidade fotogr\u00e1fica melhorada<\/strong>: Melhore a clareza, a nitidez e a qualidade geral das suas imagens.<\/li>\n\n\n\n<li class=\"\"><strong>Melhorador de imagem AI<\/strong>: Tire partido do poder da intelig\u00eancia artificial para obter resultados superiores com o m\u00ednimo de esfor\u00e7o.<\/li>\n\n\n\n<li class=\"\"><strong>Ferramenta de valoriza\u00e7\u00e3o para profissionais<\/strong>: Perfeito para designers gr\u00e1ficos, fot\u00f3grafos e influenciadores de redes sociais que precisam de imagens de alta qualidade.<\/li>\n\n\n\n<li class=\"\"><strong>N\u00e3o \u00e9 necess\u00e1rio inscrever-se<\/strong>: Muitas ferramentas, como <a href=\"https:\/\/aiartfree.online\/pt\/melhorador-de-fotos\/\">AI Art Free Photo Enhancer<\/a>oferecem acesso gratuito e ilimitado sem necessidade de registo.<\/li>\n\n\n\n<li class=\"\"><strong>Versatilidade<\/strong>: Ideal para melhorar imagens de produtos, fotografias de fam\u00edlia e publica\u00e7\u00f5es nas redes sociais.<\/li>\n\n\n\n<li class=\"\"><strong>F\u00e1cil de utilizar<\/strong>: As interfaces simples facilitam a sua utiliza\u00e7\u00e3o por qualquer pessoa, independentemente do seu n\u00edvel de conhecimentos t\u00e9cnicos.<\/li>\n<\/ol>\n\n\n\n<h3 class=\"wp-block-heading\" id=\"main-features-of-photo-enhancers\">Principais carater\u00edsticas do Photo Enhancers<\/h3>\n\n\n\n<h4 class=\"wp-block-heading\" id=\"ai-powered-enhancements\">Melhorias com IA<\/h4>\n\n\n\n<p class=\"\">Os algoritmos de IA analisam e melhoram automaticamente as imagens, garantindo uma qualidade \u00f3ptima com o m\u00ednimo de ajustes manuais.<\/p>\n\n\n\n<h4 class=\"wp-block-heading\" id=\"increase-photo-resolution\">Aumentar a resolu\u00e7\u00e3o da fotografia<\/h4>\n\n\n\n<p class=\"\">Melhore a resolu\u00e7\u00e3o de imagens de baixa qualidade para as tornar adequadas para impress\u00e3o ou utiliza\u00e7\u00e3o profissional.<\/p>\n\n\n\n<h4 class=\"wp-block-heading\" id=\"improve-photo-quality\">Melhorar a qualidade da fotografia<\/h4>\n\n\n\n<p class=\"\">Ajuste o brilho, o contraste e o equil\u00edbrio de cores para real\u00e7ar o melhor das suas fotografias.<\/p>\n\n\n\n<h4 class=\"wp-block-heading\" id=\"reduce-noise-and-sharpen-details\">Reduzir o ru\u00eddo e tornar os detalhes mais n\u00edtidos<\/h4>\n\n\n\n<p class=\"\">Remova o ru\u00eddo e a desfocagem indesejados das imagens para as tornar mais n\u00edtidas e detalhadas.<\/p>\n\n\n\n<h3 class=\"wp-block-heading\" id=\"target-audience-and-uses\">P\u00fablico-alvo e utiliza\u00e7\u00f5es<\/h3>\n\n\n\n<p class=\"\">Os melhoradores de fotografia s\u00e3o \u00fateis para:<\/p>\n\n\n\n<ul class=\"wp-block-list\">\n<li class=\"\"><strong>Designers gr\u00e1ficos<\/strong>: Melhorar imagens para projectos de design.<\/li>\n\n\n\n<li class=\"\"><strong>Fot\u00f3grafos<\/strong>: Melhorar a qualidade das fotografias para os clientes.<\/li>\n\n\n\n<li class=\"\"><strong>Influenciadores dos meios de comunica\u00e7\u00e3o social<\/strong>: Criar conte\u00fados de alta qualidade para plataformas de redes sociais.<\/li>\n\n\n\n<li class=\"\"><strong>Vendedores de com\u00e9rcio eletr\u00f3nico<\/strong>: Torne as fotografias dos produtos mais apelativas para os potenciais compradores.<\/li>\n\n\n\n<li class=\"\"><strong>Fam\u00edlias<\/strong>: Preserve e melhore as fotografias de fam\u00edlia mais queridas.<\/li>\n<\/ul>\n\n\n\n<h3 class=\"wp-block-heading\" id=\"industry-applications\">Aplica\u00e7\u00f5es do sector<\/h3>\n\n\n\n<h4 class=\"wp-block-heading\" id=\"e-commerce\">Com\u00e9rcio eletr\u00f3nico<\/h4>\n\n\n\n<p class=\"\">Melhorar as imagens dos produtos para os tornar mais apelativos, conduzindo a um aumento das vendas.<\/p>\n\n\n\n<h4 class=\"wp-block-heading\" id=\"photography\">Fotografia<\/h4>\n\n\n\n<p class=\"\">Os fot\u00f3grafos profissionais podem utilizar os melhoradores de fotografia para melhorar a qualidade do seu trabalho e satisfazer os clientes.<\/p>\n\n\n\n<h4 class=\"wp-block-heading\" id=\"social-media\">Redes sociais<\/h4>\n\n\n\n<p class=\"\">Os influenciadores e os profissionais de marketing podem criar publica\u00e7\u00f5es apelativas que se destacam no cen\u00e1rio saturado das redes sociais.<\/p>\n\n\n\n<h4 class=\"wp-block-heading\" id=\"graphic-design\">Design gr\u00e1fico<\/h4>\n\n\n\n<p class=\"\">Os designers podem melhorar a qualidade das imagens utilizadas nos seus projectos, resultando num trabalho mais polido e profissional.<\/p>\n\n\n\n<p class=\"\"><\/p>\n\n\n\n<h3 class=\"wp-block-heading\" id=\"how-to-use-a-photo-enhancer\">Como utilizar um melhorador de fotografias<\/h3>\n\n\n\n<ol class=\"wp-block-list\">\n<li class=\"\"><strong>Carregar a sua fotografia<\/strong>: Selecione a imagem que pretende melhorar.<\/li>\n\n\n\n<li class=\"\"><strong>Selecionar op\u00e7\u00f5es de melhoramento<\/strong>: Selecionar os ajustes desejados (por exemplo, aumentar a resolu\u00e7\u00e3o, reduzir o ru\u00eddo).<\/li>\n\n\n\n<li class=\"\"><strong>Aplicar melhorias<\/strong>: Deixe que os algoritmos de IA fa\u00e7am a sua magia.<\/li>\n\n\n\n<li class=\"\"><strong>Descarregar a fotografia melhorada<\/strong>: Guardar a imagem melhorada no seu dispositivo.<\/li>\n<\/ol>\n\n\n\n<h3 class=\"wp-block-heading\" id=\"real-world-usage-cases\">Casos de utiliza\u00e7\u00e3o no mundo real<\/h3>\n\n\n\n<h4 class=\"wp-block-heading\" id=\"product-photography\">Fotografia de produtos<\/h4>\n\n\n\n<p class=\"\">Os vendedores de com\u00e9rcio eletr\u00f3nico utilizam melhoradores fotogr\u00e1ficos para tornar as imagens dos produtos mais atractivas, conduzindo a taxas de convers\u00e3o mais elevadas.<\/p>\n\n\n\n<h4 class=\"wp-block-heading\" id=\"family-photos\">Fotografias de fam\u00edlia<\/h4>\n\n\n\n<p class=\"\">As pessoas melhoram fotografias de fam\u00edlia antigas para preservar mem\u00f3rias com maior nitidez e detalhe.<\/p>\n\n\n\n<h4 class=\"wp-block-heading\" id=\"social-media-posts\">Publica\u00e7\u00f5es nas redes sociais<\/h4>\n\n\n\n<p class=\"\">Os influenciadores melhoram as fotografias para criar conte\u00fados impressionantes que atraem mais seguidores e envolvimento.<\/p>\n\n\n\n<h3 class=\"wp-block-heading\" id=\"comparison-of-top-10-photo-enhancer-tools\">Compara\u00e7\u00e3o das 10 principais ferramentas de otimiza\u00e7\u00e3o de fotografias<\/h3>\n\n\n\n<figure class=\"wp-block-table\"><table class=\"has-fixed-layout\"><thead><tr><th>Nome da ferramenta<\/th><th>Caracter\u00edsticas<\/th><th>Pr\u00f3s<\/th><th>Contras<\/th><th>S\u00edtio Web<\/th><\/tr><\/thead><tbody><tr><td><strong>AI Art Free Photo Enhancer<\/strong><\/td><td>Alimentado por IA, utiliza\u00e7\u00e3o ilimitada, sem registo<\/td><td>100% gratuito, f\u00e1cil de utilizar<\/td><td>Caracter\u00edsticas avan\u00e7adas limitadas<\/td><td><a href=\"https:\/\/aiartfree.online\/pt\/melhorador-de-fotos\/\">Arte AI Gr\u00e1tis<\/a><\/td><\/tr><tr><td><strong>Adobe Photoshop<\/strong><\/td><td>Ferramentas de edi\u00e7\u00e3o avan\u00e7adas, melhorias de IA<\/td><td>De n\u00edvel profissional, altamente personaliz\u00e1vel<\/td><td>Caro, curva de aprendizagem acentuada<\/td><td><a href=\"https:\/\/www.adobe.com\/products\/photoshop.html\" target=\"_blank\" rel=\"noopener\">Adobe Photoshop<\/a><\/td><\/tr><tr><td><strong>Luminar AI<\/strong><\/td><td>Edi\u00e7\u00e3o com tecnologia de IA, modelos<\/td><td>Processamento r\u00e1pido e de f\u00e1cil utiliza\u00e7\u00e3o<\/td><td>Requer compra<\/td><td><a>Luminar AI<\/a><\/td><\/tr><tr><td><strong>Fotor<\/strong><\/td><td>Editor online, melhorias na IA<\/td><td>Vers\u00e3o gratuita dispon\u00edvel, f\u00e1cil de utilizar<\/td><td>Funcionalidades limitadas na vers\u00e3o gratuita<\/td><td><a href=\"https:\/\/www.fotor.com\/\" target=\"_blank\" rel=\"noopener\">Fotor<\/a><\/td><\/tr><tr><td><strong>GIMP<\/strong><\/td><td>Ferramentas de c\u00f3digo aberto e personaliz\u00e1veis<\/td><td>Funcionalidades poderosas e gratuitas<\/td><td>Interface menos intuitiva<\/td><td><a href=\"https:\/\/www.gimp.org\/\" target=\"_blank\" rel=\"noopener\">GIMP<\/a><\/td><\/tr><tr><td><strong>Pixlr<\/strong><\/td><td>Baseado na Web, ferramentas de IA, edi\u00e7\u00f5es r\u00e1pidas<\/td><td>Vers\u00e3o b\u00e1sica gratuita, aplica\u00e7\u00e3o m\u00f3vel<\/td><td>An\u00fancios na vers\u00e3o gratuita, funcionalidades limitadas<\/td><td><a href=\"https:\/\/pixlr.com\/\" target=\"_blank\" rel=\"noopener\">Pixlr<\/a><\/td><\/tr><tr><td><strong>PhotoScape X<\/strong><\/td><td>Ferramentas de IA, edi\u00e7\u00e3o em lote e f\u00e1ceis de utilizar<\/td><td>Gratuito, f\u00e1cil de utilizar<\/td><td>Caracter\u00edsticas avan\u00e7adas limitadas<\/td><td><a>PhotoScape X<\/a><\/td><\/tr><tr><td><strong>Melhorar.Pho.to<\/strong><\/td><td>Intensificador online, ajustes autom\u00e1ticos<\/td><td>Gratuito, n\u00e3o \u00e9 necess\u00e1rio registo<\/td><td>Controlo manual limitado<\/td><td><a>Melhorar.Pho.to<\/a><\/td><\/tr><tr><td><strong>Vamos melhorar<\/strong><\/td><td>Aumento de escala e redu\u00e7\u00e3o de ru\u00eddo com tecnologia de IA<\/td><td>Resultados de alta qualidade, f\u00e1cil de utilizar<\/td><td>Vers\u00e3o gratuita limitada, s\u00e3o necess\u00e1rios cr\u00e9ditos para uma utiliza\u00e7\u00e3o completa<\/td><td><a href=\"https:\/\/letsenhance.io\/\" target=\"_blank\" rel=\"noopener\">Vamos melhorar<\/a><\/td><\/tr><tr><td><strong>BeFunky<\/strong><\/td><td>Editor de fotografias, efeitos de IA, modelos<\/td><td>Vers\u00e3o b\u00e1sica gratuita, interface simples<\/td><td>As funcionalidades premium requerem subscri\u00e7\u00e3o<\/td><td><a href=\"https:\/\/www.befunky.com\/\" target=\"_blank\" rel=\"noopener\">BeFunky<\/a><\/td><\/tr><\/tbody><\/table><\/figure>\n\n\n\n<h3 class=\"wp-block-heading\" id=\"industry-pros-and-cons\">Pr\u00f3s e contras do sector<\/h3>\n\n\n\n<h4 class=\"wp-block-heading\" id=\"pros\">Pr\u00f3s<\/h4>\n\n\n\n<ul class=\"wp-block-list\">\n<li class=\"\"><strong>Qualidade de imagem melhorada<\/strong>: As ferramentas de IA melhoram significativamente a qualidade da imagem.<\/li>\n\n\n\n<li class=\"\"><strong>F\u00e1cil de utilizar<\/strong>: F\u00e1cil de utilizar, tanto por profissionais como por amadores.<\/li>\n\n\n\n<li class=\"\"><strong>Rent\u00e1vel<\/strong>: Muitas ferramentas s\u00e3o gratuitas ou acess\u00edveis.<\/li>\n<\/ul>\n\n\n\n<h4 class=\"wp-block-heading\" id=\"cons\">Contras<\/h4>\n\n\n\n<ul class=\"wp-block-list\">\n<li class=\"\"><strong>Depend\u00eancia da IA<\/strong>: Os resultados podem variar consoante o algoritmo de IA.<\/li>\n\n\n\n<li class=\"\"><strong>Personaliza\u00e7\u00e3o limitada<\/strong>: Algumas ferramentas oferecem op\u00e7\u00f5es limitadas de ajuste manual.<\/li>\n\n\n\n<li class=\"\"><strong>Tempo de processamento<\/strong>: As imagens de alta resolu\u00e7\u00e3o podem demorar mais tempo a ser processadas.<\/li>\n<\/ul>\n\n\n\n<h3 class=\"wp-block-heading\" id=\"faq\">FAQ<\/h3>\n\n\n\n<ol class=\"wp-block-list\">\n<li class=\"\"><strong>Como melhorar uma fotografia?<\/strong>\n<ul class=\"wp-block-list\">\n<li class=\"\">Carregue a sua fotografia para um melhorador de fotografias com IA e aplique as melhorias pretendidas.<\/li>\n<\/ul>\n<\/li>\n\n\n\n<li class=\"\"><strong>Como melhorar a resolu\u00e7\u00e3o das fotografias?<\/strong>\n<ul class=\"wp-block-list\">\n<li class=\"\">Utilize ferramentas como o AI Art Free Photo Enhancer para aumentar a resolu\u00e7\u00e3o das suas imagens.<\/li>\n<\/ul>\n<\/li>\n\n\n\n<li class=\"\"><strong>Como melhorar a qualidade das fotografias?<\/strong>\n<ul class=\"wp-block-list\">\n<li class=\"\">Ajuste o brilho, o contraste e o equil\u00edbrio de cores utilizando um melhorador de fotografias com IA.<\/li>\n<\/ul>\n<\/li>\n\n\n\n<li class=\"\"><strong>Como melhorar uma fotografia desfocada?<\/strong>\n<ul class=\"wp-block-list\">\n<li class=\"\">Utilize a funcionalidade de nitidez de um melhorador de fotografias com IA para reduzir a desfocagem.<\/li>\n<\/ul>\n<\/li>\n\n\n\n<li class=\"\"><strong>Como melhorar a qualidade das fotografias no Photoshop?<\/strong>\n<ul class=\"wp-block-list\">\n<li class=\"\">Utilize as ferramentas integradas do Photoshop, como nitidez, redu\u00e7\u00e3o de ru\u00eddo e corre\u00e7\u00e3o de cor.<\/li>\n<\/ul>\n<\/li>\n\n\n\n<li class=\"\"><strong>Podem os melhoradores fotogr\u00e1ficos com IA corrigir fotografias antigas?<\/strong>\n<ul class=\"wp-block-list\">\n<li class=\"\">Sim, os optimizadores de fotografias com IA podem restaurar e melhorar a qualidade de fotografias antigas.<\/li>\n<\/ul>\n<\/li>\n\n\n\n<li class=\"\"><strong>Existem melhoradores de fotografias gratuitos?<\/strong>\n<ul class=\"wp-block-list\">\n<li class=\"\">Sim, ferramentas como o AI Art Free Photo Enhancer oferecem uma utiliza\u00e7\u00e3o gratuita e ilimitada.<\/li>\n<\/ul>\n<\/li>\n\n\n\n<li class=\"\"><strong>Preciso de me registar para utilizar um intensificador de fotos?<\/strong>\n<ul class=\"wp-block-list\">\n<li class=\"\">Muitas ferramentas n\u00e3o requerem registo, o que facilita a melhoria r\u00e1pida das fotografias.<\/li>\n<\/ul>\n<\/li>\n\n\n\n<li class=\"\"><strong>Quais s\u00e3o as melhores ferramentas para melhorar fotografias?<\/strong>\n<ul class=\"wp-block-list\">\n<li class=\"\">AI Art Free Photo Enhancer, juntamente com outras ferramentas populares listadas na tabela de compara\u00e7\u00e3o.<\/li>\n<\/ul>\n<\/li>\n\n\n\n<li class=\"\"><strong>Quanto tempo demora a melhorar uma fotografia?<\/strong>\n<ul class=\"wp-block-list\">\n<li class=\"\">O tempo de processamento varia consoante o tamanho da imagem e a ferramenta utilizada.<\/li>\n<\/ul>\n<\/li>\n<\/ol>\n\n\n\n<h3 class=\"wp-block-heading\" id=\"summary\">Resumo<\/h3>\n\n\n\n<p class=\"\">O melhoramento de fotografias com tecnologia de IA oferece in\u00fameras vantagens, incluindo melhor qualidade, facilidade de utiliza\u00e7\u00e3o e versatilidade. Quer seja um fot\u00f3grafo profissional, um designer gr\u00e1fico ou simplesmente algu\u00e9m que procura melhorar as suas fotografias pessoais, os melhoradores de fotografias com IA como <a href=\"https:\/\/aiartfree.online\/pt\/melhorador-de-fotos\/\">AI Art Free Photo Enhancer<\/a> fornecem uma solu\u00e7\u00e3o poderosa. Experimente-o hoje e sinta a diferen\u00e7a na qualidade das suas fotografias!<\/p>","protected":false},"excerpt":{"rendered":"<p>Before vs After How to use the Photo Enhancer * Feel free to try our examples below if you don&#8217;t have any thoughts in your mind *&nbsp;Depending on your internet speed, loading the model may take up to 10 seconds \u2193 Enhance Your Photos with AI: The Ultimate Guide Outline In this comprehensive guide, we&#8217;ll &#8230; <a title=\"Melhorador de fotografias\" class=\"read-more\" href=\"https:\/\/aiartfree.online\/pt\/melhorador-de-fotos\/\" aria-label=\"Leia mais sobre Photo Enhancer\">Ler mais<\/a><\/p>","protected":false},"author":1,"featured_media":3420,"parent":0,"menu_order":0,"comment_status":"open","ping_status":"closed","template":"","meta":{"nf_dc_page":"","footnotes":""},"class_list":["post-3411","page","type-page","status-publish","has-post-thumbnail"],"jetpack_sharing_enabled":true,"_links":{"self":[{"href":"https:\/\/aiartfree.online\/pt\/wp-json\/wp\/v2\/pages\/3411","targetHints":{"allow":["GET"]}}],"collection":[{"href":"https:\/\/aiartfree.online\/pt\/wp-json\/wp\/v2\/pages"}],"about":[{"href":"https:\/\/aiartfree.online\/pt\/wp-json\/wp\/v2\/types\/page"}],"author":[{"embeddable":true,"href":"https:\/\/aiartfree.online\/pt\/wp-json\/wp\/v2\/users\/1"}],"replies":[{"embeddable":true,"href":"https:\/\/aiartfree.online\/pt\/wp-json\/wp\/v2\/comments?post=3411"}],"version-history":[{"count":0,"href":"https:\/\/aiartfree.online\/pt\/wp-json\/wp\/v2\/pages\/3411\/revisions"}],"wp:featuredmedia":[{"embeddable":true,"href":"https:\/\/aiartfree.online\/pt\/wp-json\/wp\/v2\/media\/3420"}],"wp:attachment":[{"href":"https:\/\/aiartfree.online\/pt\/wp-json\/wp\/v2\/media?parent=3411"}],"curies":[{"name":"wp","href":"https:\/\/api.w.org\/{rel}","templated":true}]}}